{"id":4022,"date":"2025-04-17T12:00:17","date_gmt":"2025-04-17T10:00:17","guid":{"rendered":"https:\/\/complexspineinstitute.com\/terms-and-conditions\/"},"modified":"2025-04-22T19:38:56","modified_gmt":"2025-04-22T17:38:56","slug":"termes-et-conditions","status":"publish","type":"page","link":"https:\/\/complexspineinstitute.com\/fr\/termes-et-conditions\/","title":{"rendered":"Termes et conditions"},"content":{"rendered":"\t\t<div data-elementor-type=\"wp-page\" data-elementor-id=\"4022\" class=\"elementor elementor-4022 elementor-4007\" data-elementor-post-type=\"page\">\n\t\t\t\t<div class=\"elementor-element elementor-element-9ee28f6 e-flex e-con-boxed e-con e-parent\" data-id=\"9ee28f6\" data-element_type=\"container\" data-e-type=\"container\">\n\t\t\t\t\t<div class=\"e-con-inner\">\n\t\t\t\t<div class=\"elementor-element elementor-element-c1f7097 elementor-widget elementor-widget-heading\" data-id=\"c1f7097\" data-element_type=\"widget\" data-e-type=\"widget\" data-widget_type=\"heading.default\">\n\t\t\t\t<div class=\"elementor-widget-container\">\n\t\t\t\t\t<h2 class=\"elementor-heading-title elementor-size-default\">Termes et conditions<\/h2>\t\t\t\t<\/div>\n\t\t\t\t<\/div>\n\t\t\t\t\t<\/div>\n\t\t\t\t<\/div>\n\t\t<div class=\"elementor-element elementor-element-d9e2c84 e-flex e-con-boxed e-con e-parent\" data-id=\"d9e2c84\" data-element_type=\"container\" data-e-type=\"container\">\n\t\t\t\t\t<div class=\"e-con-inner\">\n\t\t\t\t<div class=\"elementor-element elementor-element-4bd2bd7 elementor-widget elementor-widget-text-editor\" data-id=\"4bd2bd7\" data-element_type=\"widget\" data-e-type=\"widget\" data-widget_type=\"text-editor.default\">\n\t\t\t\t<div class=\"elementor-widget-container\">\n\t\t\t\t\t\t\t\t\t<p>Bienvenue sur le site de Complex Spine Institut. En continuant \u00e0 naviguer et \u00e0 utiliser ce site, vous acceptez de vous conformer aux pr\u00e9sentes conditions g\u00e9n\u00e9rales d\u2019utilisation qui, conjointement \u00e0 notre politique de confidentialit\u00e9, r\u00e9gissent la relation entre vous et Complex Spine Institut concernant ce site.<\/p>\n<p>Les termes \u201cComplex Spine Institut\u201d, \u201cnous\u201d ou \u201cnotre\u201d d\u00e9signent Complex Spine Institut, propri\u00e9taire du site dont le si\u00e8ge social est situ\u00e9 Indepen\u00e8ncia&nbsp;384, of.&nbsp;1 (E-08041 Barcelone, Espagne). Le terme \u201cvous\u201d d\u00e9signe l\u2019utilisateur ou le visiteur de notre site.<\/p>\n<p>L&rsquo;utilisation de ce site est soumise aux conditions suivantes :<\/p>\n<ul>\n<li>Le contenu des pages de ce site est fourni \u00e0 titre d\u2019information g\u00e9n\u00e9rale et d\u2019usage public uniquement. Il peut \u00eatre modifi\u00e9 sans pr\u00e9avis.<\/li>\n<li>Ni nous ni des tiers ne garantissons l\u2019exactitude, l\u2019actualit\u00e9, la performance, l\u2019int\u00e9gralit\u00e9 ou l\u2019ad\u00e9quation des informations et mat\u00e9riaux propos\u00e9s sur ce site \u00e0 un usage particulier. Vous reconnaissez que ces informations peuvent contenir des inexactitudes ou erreurs et nous excluons express\u00e9ment toute responsabilit\u00e9 \u00e0 cet \u00e9gard dans la mesure permise par la loi.<\/li>\n<li>Votre utilisation des informations ou mat\u00e9riels de ce site se fait \u00e0 vos propres risques et nous d\u00e9clinons toute responsabilit\u00e9. Il vous appartient de v\u00e9rifier que les produits, services ou informations disponibles r\u00e9pondent \u00e0 vos besoins sp\u00e9cifiques.<\/li>\n<li>Les informations g\u00e9n\u00e9rales fournies sur ce site sont destin\u00e9es \u00e0 la connaissance m\u00e9dicale g\u00e9n\u00e9rale et peuvent \u00eatre modifi\u00e9es sans pr\u00e9avis. Complex Spine Institut ne garantit pas leur exactitude ou exhaustivit\u00e9 et d\u00e9cline toute responsabilit\u00e9 quant aux actions r\u00e9sultant de leur usage ; tout conseil m\u00e9dical sera donn\u00e9 exclusivement par des professionnels qualifi\u00e9s, sauf indication contraire explicite.<\/li>\n<li>Ces informations g\u00e9n\u00e9rales ne doivent pas \u00eatre consid\u00e9r\u00e9es comme un avis m\u00e9dical sp\u00e9cifique et ne remplacent pas une consultation ou un examen physique. Seul un m\u00e9decin qualifi\u00e9 d\u00e9terminera le traitement le plus adapt\u00e9.<\/li>\n<li>Vous acceptez d\u2019indemniser et de tenir indemne Complex Spine Institut, ses administrateurs, employ\u00e9s, filiales, affili\u00e9s, agents et partenaires contre toute r\u00e9clamation. Cet accord est r\u00e9gi par le droit espagnol.<\/li>\n<li>Ce site contient des \u00e9l\u00e9ments qui nous appartiennent ou sont sous licence, notamment le design, la mise en page, l\u2019apparence et les graphismes. Toute reproduction est interdite sauf autorisation conforme \u00e0 l\u2019avis de droit d\u2019auteur.<\/li>\n<li>Toutes les marques reproduites sur ce site qui ne sont pas la propri\u00e9t\u00e9 de l\u2019op\u00e9rateur sont reconnues.<\/li>\n<li>L\u2019utilisation non autoris\u00e9e de ce site peut entra\u00eener des demandes de dommages et int\u00e9r\u00eats et\/ou constituer une infraction p\u00e9nale.<\/li>\n<li>Ce site peut de temps \u00e0 autre contenir des liens vers d\u2019autres sites fournis pour votre commodit\u00e9 ; ils n\u2019impliquent pas notre approbation et nous ne sommes pas responsables de leur contenu.<\/li>\n<li>Votre utilisation de ce site et tout litige en d\u00e9coulant sont soumis aux <a href=\"http:\/\/www.boe.es\/boe\/dias\/1999\/12\/14\/pdfs\/A43088-43099.pdf\" target=\"_blank\" rel=\"noopener\">lois espagnoles<\/a>.<\/li>\n<li>Le site de Complex Spine Institut n\u2019accepte ni n\u2019h\u00e9berge aucune publicit\u00e9.<\/li>\n<li>Nous utilisons Google Analytics pour analyser le trafic et am\u00e9liorer notre contenu. Aucune donn\u00e9e personnelle n\u2019est collect\u00e9e. Pour en savoir plus : <a href=\"https:\/\/support.google.com\/analytics\/answer\/6004245?hl=en\" target=\"_blank\" rel=\"noopener\">https:\/\/support.google.com\/analytics\/answer\/6004245?hl=en<\/a><\/li>\n<li>Le domaine .com appartient enti\u00e8rement \u00e0 Complex Spine Institut et est financ\u00e9 par lui. Complex Spine Institut n\u2019a aucun conflit d\u2019int\u00e9r\u00eat \u00e0 d\u00e9clarer.<\/li>\n<\/ul><div><br><\/div>\n<h3>Protection des donn\u00e9es<\/h3>\n<p>Complex Spine Institut garantit le respect de la directive&nbsp;95\/46\/CE de l\u2019UE et de la loi espagnole&nbsp;15\/1999 sur la protection des donn\u00e9es. L\u2019utilisateur consent \u00e0 l\u2019inclusion de ses donn\u00e9es dans les fichiers automatis\u00e9s de Complex Spine Institut. La confidentialit\u00e9 est assur\u00e9e selon la l\u00e9gislation applicable.<\/p>\n<p>Complex Spine Institut traitera toutes les communications contenant des donn\u00e9es personnelles re\u00e7ues directement de mani\u00e8re confidentielle. Ces donn\u00e9es seront trait\u00e9es par son service technique et, si vous transmettez des rapports ou images m\u00e9dicales, vous autorisez leur examen par un m\u00e9decin. Vous pouvez exercer vos droits d\u2019acc\u00e8s, rectification, suppression et opposition en envoyant un e\u2011mail \u00e0 info@complexspineinstitute.com ou un courrier \u00e0 Indepen\u00e8ncia&nbsp;384, Entlo&nbsp;D1, 08041&nbsp;Barcelone, Espagne.<\/p>\n<p>L\u2019utilisateur accepte que Complex Spine Institut ou les soci\u00e9t\u00e9s r\u00e9f\u00e9renc\u00e9es lui envoient des informations sur les biens et services. Ce consentement est r\u00e9vocable sans effet r\u00e9troactif conform\u00e9ment aux articles&nbsp;6 et&nbsp;11 de la loi&nbsp;15\/1999.<\/p>\t\t\t\t\t\t\t\t<\/div>\n\t\t\t\t<\/div>\n\t\t\t\t\t<\/div>\n\t\t\t\t<\/div>\n\t\t\t\t<\/div>\n\t\t","protected":false},"excerpt":{"rendered":"<p>Termes et conditions Bienvenue sur le site de Complex Spine Institut. En continuant \u00e0 naviguer et \u00e0 utiliser ce site, vous acceptez de vous conformer aux pr\u00e9sentes conditions g\u00e9n\u00e9rales d\u2019utilisation qui, conjointement \u00e0 notre politique de confidentialit\u00e9, r\u00e9gissent la relation entre vous et Complex Spine Institut concernant ce site. Les termes \u201cComplex Spine Institut\u201d, \u201cnous\u201d [&hellip;]<\/p>\n","protected":false},"author":1,"featured_media":0,"parent":0,"menu_order":0,"comment_status":"closed","ping_status":"closed","template":"","meta":{"footnotes":""},"class_list":["post-4022","page","type-page","status-publish","hentry"],"_links":{"self":[{"href":"https:\/\/complexspineinstitute.com\/fr\/wp-json\/wp\/v2\/pages\/4022","targetHints":{"allow":["GET"]}}],"collection":[{"href":"https:\/\/complexspineinstitute.com\/fr\/wp-json\/wp\/v2\/pages"}],"about":[{"href":"https:\/\/complexspineinstitute.com\/fr\/wp-json\/wp\/v2\/types\/page"}],"author":[{"embeddable":true,"href":"https:\/\/complexspineinstitute.com\/fr\/wp-json\/wp\/v2\/users\/1"}],"replies":[{"embeddable":true,"href":"https:\/\/complexspineinstitute.com\/fr\/wp-json\/wp\/v2\/comments?post=4022"}],"version-history":[{"count":0,"href":"https:\/\/complexspineinstitute.com\/fr\/wp-json\/wp\/v2\/pages\/4022\/revisions"}],"wp:attachment":[{"href":"https:\/\/complexspineinstitute.com\/fr\/wp-json\/wp\/v2\/media?parent=4022"}],"curies":[{"name":"wp","href":"https:\/\/api.w.org\/{rel}","templated":true}]}}