{"id":2378,"date":"2025-04-17T12:00:10","date_gmt":"2025-04-17T10:00:10","guid":{"rendered":"https:\/\/complexspineinstitute.com\/correccion-de-deformidad-toracolumbar\/"},"modified":"2025-04-21T16:54:15","modified_gmt":"2025-04-21T14:54:15","slug":"correction-de-la-deformation-thoraco-lombaires","status":"publish","type":"page","link":"https:\/\/complexspineinstitute.com\/fr\/traitements\/correction-de-la-deformation-thoraco-lombaires\/","title":{"rendered":"Correction de la d\u00e9formation thoraco-lombaires"},"content":{"rendered":"\t\t<div data-elementor-type=\"wp-page\" data-elementor-id=\"2378\" class=\"elementor elementor-2378 elementor-1308\" data-elementor-post-type=\"page\">\n\t\t\t\t<div class=\"elementor-element elementor-element-232de56 e-flex e-con-boxed e-con e-parent\" data-id=\"232de56\" data-element_type=\"container\" data-e-type=\"container\">\n\t\t\t\t\t<div class=\"e-con-inner\">\n\t\t\t\t<div class=\"elementor-element elementor-element-d77e2fd elementor-widget elementor-widget-heading\" data-id=\"d77e2fd\" data-element_type=\"widget\" data-e-type=\"widget\" data-widget_type=\"heading.default\">\n\t\t\t\t<div class=\"elementor-widget-container\">\n\t\t\t\t\t<h1 class=\"elementor-heading-title elementor-size-default\">Correction des d\u00e9formations thoraco-lombaires : chirurgie, technologie et expertise<\/h1>\t\t\t\t<\/div>\n\t\t\t\t<\/div>\n\t\t\t\t\t<\/div>\n\t\t\t\t<\/div>\n\t\t<div class=\"elementor-element elementor-element-4b39ac2 e-flex e-con-boxed e-con e-parent\" data-id=\"4b39ac2\" data-element_type=\"container\" data-e-type=\"container\">\n\t\t\t\t\t<div class=\"e-con-inner\">\n\t\t<div class=\"elementor-element elementor-element-ac5c5ad e-con-full e-flex e-con e-child\" data-id=\"ac5c5ad\" data-element_type=\"container\" data-e-type=\"container\">\n\t\t\t\t<div class=\"elementor-element elementor-element-125a027 elementor-widget elementor-widget-text-editor\" data-id=\"125a027\" data-element_type=\"widget\" data-e-type=\"widget\" data-widget_type=\"text-editor.default\">\n\t\t\t\t<div class=\"elementor-widget-container\">\n\t\t\t\t\t\t\t\t\t<p>La d\u00e9formation thoraco-lombaire est une pathologie qui peut alt\u00e9rer consid\u00e9rablement la qualit\u00e9 de vie, en affectant la posture, l&rsquo;\u00e9quilibre, la mobilit\u00e9 et en provoquant des douleurs chroniques. Ces derni\u00e8res ann\u00e9es, les progr\u00e8s en chirurgie du rachis ont permis d&rsquo;am\u00e9liorer les r\u00e9sultats cliniques tout en r\u00e9duisant les temps de r\u00e9cup\u00e9ration, les traumatismes chirurgicaux et les risques associ\u00e9s.<\/p>\t\t\t\t\t\t\t\t<\/div>\n\t\t\t\t<\/div>\n\t\t\t\t<\/div>\n\t\t<div class=\"elementor-element elementor-element-8469aec e-con-full e-flex e-con e-child\" data-id=\"8469aec\" data-element_type=\"container\" data-e-type=\"container\">\n\t\t\t\t<div class=\"elementor-element elementor-element-658a1ab elementor-widget elementor-widget-image\" data-id=\"658a1ab\" data-element_type=\"widget\" data-e-type=\"widget\" data-widget_type=\"image.default\">\n\t\t\t\t<div class=\"elementor-widget-container\">\n\t\t\t\t\t\t\t\t\t\t\t\t\t\t\t<img fetchpriority=\"high\" decoding=\"async\" width=\"800\" height=\"748\" src=\"https:\/\/complexspineinstitute.com\/wp-content\/uploads\/2025\/04\/rx_columna_total_post_artrodesis_multinivel_largo_plazo_1-1024x957.webp\" class=\"attachment-large size-large wp-image-1020\" alt=\"Radiograf\u00eda lateral de columna vertebral con artrodesis multinivel en seguimiento a largo plazo\" srcset=\"https:\/\/complexspineinstitute.com\/wp-content\/uploads\/2025\/04\/rx_columna_total_post_artrodesis_multinivel_largo_plazo_1-1024x957.webp 1024w, https:\/\/complexspineinstitute.com\/wp-content\/uploads\/2025\/04\/rx_columna_total_post_artrodesis_multinivel_largo_plazo_1-300x280.webp 300w, https:\/\/complexspineinstitute.com\/wp-content\/uploads\/2025\/04\/rx_columna_total_post_artrodesis_multinivel_largo_plazo_1-768x717.webp 768w, https:\/\/complexspineinstitute.com\/wp-content\/uploads\/2025\/04\/rx_columna_total_post_artrodesis_multinivel_largo_plazo_1.webp 1032w\" sizes=\"(max-width: 800px) 100vw, 800px\" \/>\t\t\t\t\t\t\t\t\t\t\t\t\t\t\t<\/div>\n\t\t\t\t<\/div>\n\t\t\t\t<\/div>\n\t\t\t\t\t<\/div>\n\t\t\t\t<\/div>\n\t\t<div class=\"elementor-element elementor-element-e5c65d0 e-flex e-con-boxed e-con e-parent\" data-id=\"e5c65d0\" data-element_type=\"container\" data-e-type=\"container\">\n\t\t\t\t\t<div class=\"e-con-inner\">\n\t\t\t\t<div class=\"elementor-element elementor-element-b66f11c elementor-widget elementor-widget-heading\" data-id=\"b66f11c\" data-element_type=\"widget\" data-e-type=\"widget\" data-widget_type=\"heading.default\">\n\t\t\t\t<div class=\"elementor-widget-container\">\n\t\t\t\t\t<h2 class=\"elementor-heading-title elementor-size-default\">Qu'est-ce qu'une d\u00e9formation thoraco-lombaire et quand faut-il intervenir ?<\/h2>\t\t\t\t<\/div>\n\t\t\t\t<\/div>\n\t\t\t\t<div class=\"elementor-element elementor-element-6f80510 elementor-widget elementor-widget-text-editor\" data-id=\"6f80510\" data-element_type=\"widget\" data-e-type=\"widget\" data-widget_type=\"text-editor.default\">\n\t\t\t\t<div class=\"elementor-widget-container\">\n\t\t\t\t\t\t\t\t\t<p>Les d\u00e9formations thoraco-lombaires englobent des alt\u00e9rations structurales de la colonne vert\u00e9brale touchant les r\u00e9gions thoracique et lombaire. Elles se manifestent sous forme de scoliose, de cyphose ou de combinaisons complexes provoquant un d\u00e9s\u00e9quilibre sagittal et\/ou coronal. Une intervention chirurgicale est recommand\u00e9e lorsque la d\u00e9formation affecte la fonction neurologique, entra\u00eene des douleurs r\u00e9fractaires aux traitements conservateurs ou g\u00eanent gravement la posture et la mobilit\u00e9.<\/p><p>Selon le Dr. Vicen\u00e7 Gilete, neurochirurgien avec plus de 25 ans d&rsquo;exp\u00e9rience : \u00ab\u00a0La chirurgie devient n\u00e9cessaire lorsque la fonctionnalit\u00e9 ou la qualit\u00e9 de vie du patient est alt\u00e9r\u00e9e.\u00a0\u00bb<\/p>\t\t\t\t\t\t\t\t<\/div>\n\t\t\t\t<\/div>\n\t\t\t\t\t<\/div>\n\t\t\t\t<\/div>\n\t\t<div class=\"elementor-element elementor-element-d2e54b6 e-flex e-con-boxed e-con e-parent\" data-id=\"d2e54b6\" data-element_type=\"container\" data-e-type=\"container\">\n\t\t\t\t\t<div class=\"e-con-inner\">\n\t\t\t\t<div class=\"elementor-element elementor-element-a554fab elementor-widget elementor-widget-heading\" data-id=\"a554fab\" data-element_type=\"widget\" data-e-type=\"widget\" data-widget_type=\"heading.default\">\n\t\t\t\t<div class=\"elementor-widget-container\">\n\t\t\t\t\t<h2 class=\"elementor-heading-title elementor-size-default\">Diagnostic complet et planification chirurgicale personnalis\u00e9e<\/h2>\t\t\t\t<\/div>\n\t\t\t\t<\/div>\n\t\t\t\t<div class=\"elementor-element elementor-element-df2a015 elementor-widget elementor-widget-text-editor\" data-id=\"df2a015\" data-element_type=\"widget\" data-e-type=\"widget\" data-widget_type=\"text-editor.default\">\n\t\t\t\t<div class=\"elementor-widget-container\">\n\t\t\t\t\t\t\t\t\t<p>Un diagnostic pr\u00e9cis repose sur des examens approfondis : radiographies en position debout, IRM, scanner (TDM) et analyse de l&rsquo;\u00e9quilibre sagittal. Au Complex Spine Institute, nous utilisons une technologie de planification 3D avanc\u00e9e pour pr\u00e9voir pr\u00e9cis\u00e9ment les corrections n\u00e9cessaires et \u00e9valuer les risques.<\/p><p>Le Dr. Augusto Covaro, sp\u00e9cialiste des approches complexes et mini-invasives, affirme : \u00ab\u00a0Un bon plan chirurgical vise non seulement \u00e0 corriger une courbure, mais \u00e0 restaurer l&rsquo;harmonie fonctionnelle de la colonne.\u00a0\u00bb<\/p>\t\t\t\t\t\t\t\t<\/div>\n\t\t\t\t<\/div>\n\t\t\t\t\t<\/div>\n\t\t\t\t<\/div>\n\t\t<div class=\"elementor-element elementor-element-39b4c43 e-flex e-con-boxed e-con e-parent\" data-id=\"39b4c43\" data-element_type=\"container\" data-e-type=\"container\">\n\t\t\t\t\t<div class=\"e-con-inner\">\n\t\t<div class=\"elementor-element elementor-element-91cc4c5 e-con-full e-flex e-con e-child\" data-id=\"91cc4c5\" data-element_type=\"container\" data-e-type=\"container\">\n\t\t\t\t<div class=\"elementor-element elementor-element-54dd7d1 elementor-widget elementor-widget-heading\" data-id=\"54dd7d1\" data-element_type=\"widget\" data-e-type=\"widget\" data-widget_type=\"heading.default\">\n\t\t\t\t<div class=\"elementor-widget-container\">\n\t\t\t\t\t<h2 class=\"elementor-heading-title elementor-size-default\">Options chirurgicales pour corriger les d\u00e9formations thoraco-lombaires<\/h2>\t\t\t\t<\/div>\n\t\t\t\t<\/div>\n\t\t\t\t<div class=\"elementor-element elementor-element-4d0fa91 elementor-widget elementor-widget-text-editor\" data-id=\"4d0fa91\" data-element_type=\"widget\" data-e-type=\"widget\" data-widget_type=\"text-editor.default\">\n\t\t\t\t<div class=\"elementor-widget-container\">\n\t\t\t\t\t\t\t\t\t<p>Selon le type et la gravit\u00e9 de la d\u00e9formation, diff\u00e9rentes techniques peuvent \u00eatre appliqu\u00e9es :<\/p><ul><li><strong>Fusions instrument\u00e9es<\/strong> : fixation par vis p\u00e9diculaires et barres pour stabiliser la colonne.<\/li><li><strong>Ost\u00e9otomies<\/strong> : incisions contr\u00f4l\u00e9es des vert\u00e8bres pour corriger les angulations s\u00e9v\u00e8res.<\/li><li><strong>Approches ant\u00e9rieures, post\u00e9rieures ou combin\u00e9es<\/strong> : pour un acc\u00e8s optimal \u00e0 la reconstruction tridimensionnelle.<\/li><li><strong>Navigation et robotique<\/strong> : technologies augmentant la pr\u00e9cision dans la pose d&rsquo;implants.<br \/><br \/><\/li><\/ul><p>Au Complex Spine Institute, nous privil\u00e9gions les techniques mini-invasives chaque fois que possible afin de r\u00e9duire les pertes sanguines, les complications et la dur\u00e9e d&rsquo;hospitalisation.<\/p>\t\t\t\t\t\t\t\t<\/div>\n\t\t\t\t<\/div>\n\t\t\t\t<\/div>\n\t\t<div class=\"elementor-element elementor-element-142489a e-con-full e-flex e-con e-child\" data-id=\"142489a\" data-element_type=\"container\" data-e-type=\"container\">\n\t\t\t\t<div class=\"elementor-element elementor-element-5f49f26 elementor-widget elementor-widget-image\" data-id=\"5f49f26\" data-element_type=\"widget\" data-e-type=\"widget\" data-widget_type=\"image.default\">\n\t\t\t\t<div class=\"elementor-widget-container\">\n\t\t\t\t\t\t\t\t\t\t\t\t\t\t\t<img decoding=\"async\" width=\"602\" height=\"254\" src=\"https:\/\/complexspineinstitute.com\/wp-content\/uploads\/2025\/04\/evolucion_artrodesis_lumbar_rx_pre_y_postoperatoria.webp\" class=\"attachment-large size-large wp-image-964\" alt=\"Im\u00e1genes preoperatorias y postoperatorias de artrodesis lumbar con colocaci\u00f3n de implantes\" srcset=\"https:\/\/complexspineinstitute.com\/wp-content\/uploads\/2025\/04\/evolucion_artrodesis_lumbar_rx_pre_y_postoperatoria.webp 602w, https:\/\/complexspineinstitute.com\/wp-content\/uploads\/2025\/04\/evolucion_artrodesis_lumbar_rx_pre_y_postoperatoria-300x127.webp 300w\" sizes=\"(max-width: 602px) 100vw, 602px\" \/>\t\t\t\t\t\t\t\t\t\t\t\t\t\t\t<\/div>\n\t\t\t\t<\/div>\n\t\t\t\t<\/div>\n\t\t\t\t\t<\/div>\n\t\t\t\t<\/div>\n\t\t<div class=\"elementor-element elementor-element-ea3f0c6 e-flex e-con-boxed e-con e-parent\" data-id=\"ea3f0c6\" data-element_type=\"container\" data-e-type=\"container\">\n\t\t\t\t\t<div class=\"e-con-inner\">\n\t\t\t\t<div class=\"elementor-element elementor-element-6d5f830 elementor-widget elementor-widget-heading\" data-id=\"6d5f830\" data-element_type=\"widget\" data-e-type=\"widget\" data-widget_type=\"heading.default\">\n\t\t\t\t<div class=\"elementor-widget-container\">\n\t\t\t\t\t<h2 class=\"elementor-heading-title elementor-size-default\">R\u00e9sultats fonctionnels et pronostic post-op\u00e9ratoire<\/h2>\t\t\t\t<\/div>\n\t\t\t\t<\/div>\n\t\t\t\t<div class=\"elementor-element elementor-element-5de217b elementor-widget elementor-widget-text-editor\" data-id=\"5de217b\" data-element_type=\"widget\" data-e-type=\"widget\" data-widget_type=\"text-editor.default\">\n\t\t\t\t<div class=\"elementor-widget-container\">\n\t\t\t\t\t\t\t\t\t<p>Apr\u00e8s l&rsquo;op\u00e9ration, les patients retrouvent une posture plus naturelle, une r\u00e9duction des douleurs et une meilleure autonomie. La r\u00e9\u00e9ducation personnalis\u00e9e, con\u00e7ue par une \u00e9quipe pluridisciplinaire, est essentielle au succ\u00e8s du r\u00e9tablissement.<\/p><p>Notre exp\u00e9rience montre que les meilleurs r\u00e9sultats sont obtenus chez les patients b\u00e9n\u00e9ficiant d&rsquo;une prise en charge globale et d&rsquo;un suivi continu.<\/p>\t\t\t\t\t\t\t\t<\/div>\n\t\t\t\t<\/div>\n\t\t\t\t\t<\/div>\n\t\t\t\t<\/div>\n\t\t<div class=\"elementor-element elementor-element-1bed053 e-flex e-con-boxed e-con e-parent\" data-id=\"1bed053\" data-element_type=\"container\" data-e-type=\"container\">\n\t\t\t\t\t<div class=\"e-con-inner\">\n\t\t\t\t<div class=\"elementor-element elementor-element-e3b615c elementor-widget elementor-widget-heading\" data-id=\"e3b615c\" data-element_type=\"widget\" data-e-type=\"widget\" data-widget_type=\"heading.default\">\n\t\t\t\t<div class=\"elementor-widget-container\">\n\t\t\t\t\t<h2 class=\"elementor-heading-title elementor-size-default\">Cas complexes et r\u00e9visions chirurgicales<\/h2>\t\t\t\t<\/div>\n\t\t\t\t<\/div>\n\t\t\t\t<div class=\"elementor-element elementor-element-27b0e5b elementor-widget elementor-widget-text-editor\" data-id=\"27b0e5b\" data-element_type=\"widget\" data-e-type=\"widget\" data-widget_type=\"text-editor.default\">\n\t\t\t\t<div class=\"elementor-widget-container\">\n\t\t\t\t\t\t\t\t\t<p>Nous traitons r\u00e9guli\u00e8rement des patients ayant d\u00e9j\u00e0 subi une ou plusieurs interventions sans succ\u00e8s. Notre expertise et ma\u00eetrise des techniques avanc\u00e9es nous permettent de corriger les malpositions d&rsquo;implants, les d\u00e9formations r\u00e9siduelles ou les d\u00e9s\u00e9quilibres non trait\u00e9s.<\/p><p>Comme l&rsquo;explique le Dr. Gilete : \u00ab\u00a0Notre mission n&rsquo;est pas seulement technique, elle est aussi diagnostique : comprendre les causes de l&rsquo;\u00e9chec pr\u00e9c\u00e9dent est la cl\u00e9 pour r\u00e9ussir la nouvelle intervention.\u00a0\u00bb<\/p>\t\t\t\t\t\t\t\t<\/div>\n\t\t\t\t<\/div>\n\t\t\t\t\t<\/div>\n\t\t\t\t<\/div>\n\t\t<div class=\"elementor-element elementor-element-c4660a1 e-flex e-con-boxed e-con e-parent\" data-id=\"c4660a1\" data-element_type=\"container\" data-e-type=\"container\">\n\t\t\t\t\t<div class=\"e-con-inner\">\n\t\t\t\t<div class=\"elementor-element elementor-element-dbcb15e elementor-widget elementor-widget-heading\" data-id=\"dbcb15e\" data-element_type=\"widget\" data-e-type=\"widget\" data-widget_type=\"heading.default\">\n\t\t\t\t<div class=\"elementor-widget-container\">\n\t\t\t\t\t<h2 class=\"elementor-heading-title elementor-size-default\">Sp\u00e9cialisation de haut niveau et prise en charge internationale<\/h2>\t\t\t\t<\/div>\n\t\t\t\t<\/div>\n\t\t\t\t<div class=\"elementor-element elementor-element-83b7353 elementor-widget elementor-widget-text-editor\" data-id=\"83b7353\" data-element_type=\"widget\" data-e-type=\"widget\" data-widget_type=\"text-editor.default\">\n\t\t\t\t<div class=\"elementor-widget-container\">\n\t\t\t\t\t\t\t\t\t<p>Sous la direction des Drs. Covaro et Gilete, form\u00e9s \u00e0 l&rsquo;international et forts de centaines de cas r\u00e9ussis, le Complex Spine Institute est devenu une r\u00e9f\u00e9rence pour les pathologies rachidiennes complexes. Nous proposons des consultations pr\u00e9sentielles \u00e0 Barcelone ou \u00e0 distance, avec un accompagnement multilingue pour les patients \u00e9trangers.<\/p>\t\t\t\t\t\t\t\t<\/div>\n\t\t\t\t<\/div>\n\t\t\t\t\t<\/div>\n\t\t\t\t<\/div>\n\t\t<div class=\"elementor-element elementor-element-83d7d87 e-flex e-con-boxed e-con e-parent\" data-id=\"83d7d87\" data-element_type=\"container\" data-e-type=\"container\">\n\t\t\t\t\t<div class=\"e-con-inner\">\n\t\t\t\t<div class=\"elementor-element elementor-element-7f9cebb elementor-widget elementor-widget-heading\" data-id=\"7f9cebb\" data-element_type=\"widget\" data-e-type=\"widget\" data-widget_type=\"heading.default\">\n\t\t\t\t<div class=\"elementor-widget-container\">\n\t\t\t\t\t<h2 class=\"elementor-heading-title elementor-size-default\">Technologie m\u00e9dicale de pointe<\/h2>\t\t\t\t<\/div>\n\t\t\t\t<\/div>\n\t\t\t\t<div class=\"elementor-element elementor-element-f41cbe1 elementor-widget elementor-widget-text-editor\" data-id=\"f41cbe1\" data-element_type=\"widget\" data-e-type=\"widget\" data-widget_type=\"text-editor.default\">\n\t\t\t\t<div class=\"elementor-widget-container\">\n\t\t\t\t\t\t\t\t\t<p>Nous utilisons la navigation intra-op\u00e9ratoire, le scanner 3D, l&rsquo;endoscopie et la robotique pour garantir une pr\u00e9cision maximale. Cette technologie r\u00e9duit les risques et am\u00e9liore les r\u00e9sultats. Des protocoles rigoureux de suivi pr\u00e9- et post-op\u00e9ratoire assurent une continuit\u00e9 des soins.<\/p>\t\t\t\t\t\t\t\t<\/div>\n\t\t\t\t<\/div>\n\t\t\t\t\t<\/div>\n\t\t\t\t<\/div>\n\t\t<div class=\"elementor-element elementor-element-ffc6030 e-flex e-con-boxed e-con e-parent\" data-id=\"ffc6030\" data-element_type=\"container\" data-e-type=\"container\">\n\t\t\t\t\t<div class=\"e-con-inner\">\n\t\t\t\t<div class=\"elementor-element elementor-element-37a08af elementor-widget elementor-widget-heading\" data-id=\"37a08af\" data-element_type=\"widget\" data-e-type=\"widget\" data-widget_type=\"heading.default\">\n\t\t\t\t<div class=\"elementor-widget-container\">\n\t\t\t\t\t<h2 class=\"elementor-heading-title elementor-size-default\">Quand consulter?<\/h2>\t\t\t\t<\/div>\n\t\t\t\t<\/div>\n\t\t\t\t<div class=\"elementor-element elementor-element-ff1f3e6 elementor-widget elementor-widget-text-editor\" data-id=\"ff1f3e6\" data-element_type=\"widget\" data-e-type=\"widget\" data-widget_type=\"text-editor.default\">\n\t\t\t\t<div class=\"elementor-widget-container\">\n\t\t\t\t\t\t\t\t\t<p>En cas de douleurs chroniques, troubles de la posture, difficult\u00e9s \u00e0 marcher, fatigue excessive ou ant\u00e9c\u00e9dents de chirurgie rachidienne infructueuse, une \u00e9valuation sp\u00e9cialis\u00e9e s&rsquo;impose. Toutes les d\u00e9formations ne n\u00e9cessitent pas une chirurgie, mais un diagnostic pr\u00e9coce permet d&rsquo;adopter une strat\u00e9gie personnalis\u00e9e.<\/p><p><a href=\"https:\/\/complexspineinstitute.com\/fr\/complex-spine-institute\/fr\/complex-spine-institute\/fr\/complex-spine-institute\/fr\/complex-spine-institute\/fr\/complex-spine-institute\/fr\/complex-spine-institute\/fr\/complex-spine-institute\/fr\/demander-evaluation\/\">Contactez notre \u00e9quipe pour une premi\u00e8re consultation<\/a>, en ligne ou sur place \u00e0 Barcelone. Notre personnel m\u00e9dical sp\u00e9cialis\u00e9 assure un accompagnement complet et adapt\u00e9 \u00e0 chaque situation.<\/p>\t\t\t\t\t\t\t\t<\/div>\n\t\t\t\t<\/div>\n\t\t\t\t\t<\/div>\n\t\t\t\t<\/div>\n\t\t<div class=\"elementor-element elementor-element-6dbf6f11 e-flex e-con-boxed e-con e-parent\" data-id=\"6dbf6f11\" data-element_type=\"container\" data-e-type=\"container\">\n\t\t\t\t\t<div class=\"e-con-inner\">\n\t\t\t\t<div class=\"elementor-element elementor-element-5c45b658 elementor-widget elementor-widget-text-editor\" data-id=\"5c45b658\" data-element_type=\"widget\" data-e-type=\"widget\" data-widget_type=\"text-editor.default\">\n\t\t\t\t<div class=\"elementor-widget-container\">\n\t\t\t\t\t\t\t\t\t<aside class=\"author-signature\" role=\"doc-credits\"><address>Revu et approuv\u00e9 par <strong>Dr Vicen\u00e7 Gilete, MD<\/strong>, neurochirurgien, et <strong>Dr\u00a0Augusto Covaro, MD<\/strong>, chirurgien orthop\u00e9dique<\/address><address>Complex\u00a0Spine\u00a0Institute \u00b7 Barcelone | <time datetime=\"2025-04-17\">18\u00a0avril\u00a02025<\/time><\/address><address><a href=\"https:\/\/complexspineinstitute.com\/fr\/complex-spine-institute\/fr\/complex-spine-institute\/fr\/complex-spine-institute\/fr\/complex-spine-institute\/fr\/complex-spine-institute\/fr\/complex-spine-institute\/fr\/complex-spine-institute\/fr\/institut\/#equipe_medicale\" rel=\"author\">Voir biographies et publications<\/a><\/address><\/aside>\t\t\t\t\t\t\t\t<\/div>\n\t\t\t\t<\/div>\n\t\t\t\t\t<\/div>\n\t\t\t\t<\/div>\n\t\t\t\t<\/div>\n\t\t","protected":false},"excerpt":{"rendered":"<p>Correction des d\u00e9formations thoraco-lombaires : chirurgie, technologie et expertise La d\u00e9formation thoraco-lombaire est une pathologie qui peut alt\u00e9rer consid\u00e9rablement la qualit\u00e9 de vie, en affectant la posture, l&rsquo;\u00e9quilibre, la mobilit\u00e9 et en provoquant des douleurs chroniques. Ces derni\u00e8res ann\u00e9es, les progr\u00e8s en chirurgie du rachis ont permis d&rsquo;am\u00e9liorer les r\u00e9sultats cliniques tout en r\u00e9duisant les [&hellip;]<\/p>\n","protected":false},"author":1,"featured_media":976,"parent":1970,"menu_order":0,"comment_status":"closed","ping_status":"closed","template":"","meta":{"footnotes":""},"class_list":["post-2378","page","type-page","status-publish","has-post-thumbnail","hentry"],"_links":{"self":[{"href":"https:\/\/complexspineinstitute.com\/fr\/wp-json\/wp\/v2\/pages\/2378","targetHints":{"allow":["GET"]}}],"collection":[{"href":"https:\/\/complexspineinstitute.com\/fr\/wp-json\/wp\/v2\/pages"}],"about":[{"href":"https:\/\/complexspineinstitute.com\/fr\/wp-json\/wp\/v2\/types\/page"}],"author":[{"embeddable":true,"href":"https:\/\/complexspineinstitute.com\/fr\/wp-json\/wp\/v2\/users\/1"}],"replies":[{"embeddable":true,"href":"https:\/\/complexspineinstitute.com\/fr\/wp-json\/wp\/v2\/comments?post=2378"}],"version-history":[{"count":0,"href":"https:\/\/complexspineinstitute.com\/fr\/wp-json\/wp\/v2\/pages\/2378\/revisions"}],"up":[{"embeddable":true,"href":"https:\/\/complexspineinstitute.com\/fr\/wp-json\/wp\/v2\/pages\/1970"}],"wp:featuredmedia":[{"embeddable":true,"href":"https:\/\/complexspineinstitute.com\/fr\/wp-json\/wp\/v2\/media\/976"}],"wp:attachment":[{"href":"https:\/\/complexspineinstitute.com\/fr\/wp-json\/wp\/v2\/media?parent=2378"}],"curies":[{"name":"wp","href":"https:\/\/api.w.org\/{rel}","templated":true}]}}