{"id":2349,"date":"2025-04-17T12:00:13","date_gmt":"2025-04-17T10:00:13","guid":{"rendered":"https:\/\/complexspineinstitute.com\/fusion-toracolumbar\/"},"modified":"2025-04-21T16:55:59","modified_gmt":"2025-04-21T14:55:59","slug":"fusion-thoraco-lombaire","status":"publish","type":"page","link":"https:\/\/complexspineinstitute.com\/fr\/traitements\/fusion-thoraco-lombaire\/","title":{"rendered":"Fusion thoraco-lombaire"},"content":{"rendered":"\t\t<div data-elementor-type=\"wp-page\" data-elementor-id=\"2349\" class=\"elementor elementor-2349 elementor-1307\" data-elementor-post-type=\"page\">\n\t\t\t\t<div class=\"elementor-element elementor-element-232de56 e-flex e-con-boxed e-con e-parent\" data-id=\"232de56\" data-element_type=\"container\" data-e-type=\"container\">\n\t\t\t\t\t<div class=\"e-con-inner\">\n\t\t\t\t<div class=\"elementor-element elementor-element-d77e2fd elementor-widget elementor-widget-heading\" data-id=\"d77e2fd\" data-element_type=\"widget\" data-e-type=\"widget\" data-widget_type=\"heading.default\">\n\t\t\t\t<div class=\"elementor-widget-container\">\n\t\t\t\t\t<h1 class=\"elementor-heading-title elementor-size-default\">Fusion thoraco-lombaire : indications, techniques et r\u00e9cup\u00e9ration<\/h1>\t\t\t\t<\/div>\n\t\t\t\t<\/div>\n\t\t\t\t\t<\/div>\n\t\t\t\t<\/div>\n\t\t<div class=\"elementor-element elementor-element-4b39ac2 e-flex e-con-boxed e-con e-parent\" data-id=\"4b39ac2\" data-element_type=\"container\" data-e-type=\"container\">\n\t\t\t\t\t<div class=\"e-con-inner\">\n\t\t<div class=\"elementor-element elementor-element-ac5c5ad e-con-full e-flex e-con e-child\" data-id=\"ac5c5ad\" data-element_type=\"container\" data-e-type=\"container\">\n\t\t\t\t<div class=\"elementor-element elementor-element-125a027 elementor-widget elementor-widget-text-editor\" data-id=\"125a027\" data-element_type=\"widget\" data-e-type=\"widget\" data-widget_type=\"text-editor.default\">\n\t\t\t\t<div class=\"elementor-widget-container\">\n\t\t\t\t\t\t\t\t\t<p>La fusion thoraco-lombaire est une intervention chirurgicale hautement sp\u00e9cialis\u00e9e visant \u00e0 traiter diverses pathologies affectant la jonction entre les vert\u00e8bres thoraciques et lombaires. Lorsqu&rsquo;elle est correctement indiqu\u00e9e et r\u00e9alis\u00e9e, elle permet de stabiliser la colonne vert\u00e9brale, de r\u00e9duire la douleur et d&rsquo;am\u00e9liorer la qualit\u00e9 de vie des patients. Cet article vous propose une analyse approfondie de cette chirurgie, de ses indications et de ses modalit\u00e9s techniques, avec un regard m\u00e9dical rigoureux et une exp\u00e9rience clinique av\u00e9r\u00e9e.<\/p>\t\t\t\t\t\t\t\t<\/div>\n\t\t\t\t<\/div>\n\t\t\t\t<\/div>\n\t\t<div class=\"elementor-element elementor-element-8469aec e-con-full e-flex e-con e-child\" data-id=\"8469aec\" data-element_type=\"container\" data-e-type=\"container\">\n\t\t\t\t<div class=\"elementor-element elementor-element-658a1ab elementor-widget__width-initial elementor-widget elementor-widget-image\" data-id=\"658a1ab\" data-element_type=\"widget\" data-e-type=\"widget\" data-widget_type=\"image.default\">\n\t\t\t\t<div class=\"elementor-widget-container\">\n\t\t\t\t\t\t\t\t\t\t\t\t\t\t\t<img fetchpriority=\"high\" decoding=\"async\" width=\"205\" height=\"541\" src=\"https:\/\/complexspineinstitute.com\/wp-content\/uploads\/2025\/04\/rx_columna_total_post_artrodesis_multinivel_largo_plazo.webp\" class=\"attachment-large size-large wp-image-956\" alt=\"Radiograf\u00eda de columna completa tras artrodesis multinivel en evaluaci\u00f3n a largo plazo\" srcset=\"https:\/\/complexspineinstitute.com\/wp-content\/uploads\/2025\/04\/rx_columna_total_post_artrodesis_multinivel_largo_plazo.webp 205w, https:\/\/complexspineinstitute.com\/wp-content\/uploads\/2025\/04\/rx_columna_total_post_artrodesis_multinivel_largo_plazo-114x300.webp 114w\" sizes=\"(max-width: 205px) 100vw, 205px\" \/>\t\t\t\t\t\t\t\t\t\t\t\t\t\t\t<\/div>\n\t\t\t\t<\/div>\n\t\t\t\t<div class=\"elementor-element elementor-element-1efc252 elementor-widget elementor-widget-image\" data-id=\"1efc252\" data-element_type=\"widget\" data-e-type=\"widget\" data-widget_type=\"image.default\">\n\t\t\t\t<div class=\"elementor-widget-container\">\n\t\t\t\t\t\t\t\t\t\t\t\t\t\t\t<img decoding=\"async\" width=\"330\" height=\"489\" src=\"https:\/\/complexspineinstitute.com\/wp-content\/uploads\/2025\/04\/rx_lateral_artrodesis_toracolumbar_multinivel.webp\" class=\"attachment-large size-large wp-image-976\" alt=\"Radiograf\u00eda lateral de artrodesis toracolumbar con m\u00faltiples tornillos e implantes\" srcset=\"https:\/\/complexspineinstitute.com\/wp-content\/uploads\/2025\/04\/rx_lateral_artrodesis_toracolumbar_multinivel.webp 330w, https:\/\/complexspineinstitute.com\/wp-content\/uploads\/2025\/04\/rx_lateral_artrodesis_toracolumbar_multinivel-202x300.webp 202w\" sizes=\"(max-width: 330px) 100vw, 330px\" \/>\t\t\t\t\t\t\t\t\t\t\t\t\t\t\t<\/div>\n\t\t\t\t<\/div>\n\t\t\t\t<\/div>\n\t\t\t\t\t<\/div>\n\t\t\t\t<\/div>\n\t\t<div class=\"elementor-element elementor-element-e5c65d0 e-flex e-con-boxed e-con e-parent\" data-id=\"e5c65d0\" data-element_type=\"container\" data-e-type=\"container\">\n\t\t\t\t\t<div class=\"e-con-inner\">\n\t\t\t\t<div class=\"elementor-element elementor-element-b66f11c elementor-widget elementor-widget-heading\" data-id=\"b66f11c\" data-element_type=\"widget\" data-e-type=\"widget\" data-widget_type=\"heading.default\">\n\t\t\t\t<div class=\"elementor-widget-container\">\n\t\t\t\t\t<h2 class=\"elementor-heading-title elementor-size-default\">Qu'est-ce que la fusion thoraco-lombaire ?<\/h2>\t\t\t\t<\/div>\n\t\t\t\t<\/div>\n\t\t\t\t<div class=\"elementor-element elementor-element-6f80510 elementor-widget elementor-widget-text-editor\" data-id=\"6f80510\" data-element_type=\"widget\" data-e-type=\"widget\" data-widget_type=\"text-editor.default\">\n\t\t\t\t<div class=\"elementor-widget-container\">\n\t\t\t\t\t\t\t\t\t<p>La fusion thoraco-lombaire consiste \u00e0 unir de fa\u00e7on permanente deux ou plusieurs vert\u00e8bres thoraciques et lombaires afin d&#8217;emp\u00eacher leur mouvement relatif. Cela se fait \u00e0 l&rsquo;aide de greffes osseuses et de dispositifs de fixation tels que des vis p\u00e9diculaires, des barres ou des cages intersomatiques. Cette proc\u00e9dure est indiqu\u00e9e en cas de d\u00e9g\u00e9n\u00e9rescence avanc\u00e9e, de fractures, de d\u00e9formations ou d&rsquo;anomalies cong\u00e9nitales ou traumatiques.<\/p>\t\t\t\t\t\t\t\t<\/div>\n\t\t\t\t<\/div>\n\t\t\t\t\t<\/div>\n\t\t\t\t<\/div>\n\t\t<div class=\"elementor-element elementor-element-d2e54b6 e-flex e-con-boxed e-con e-parent\" data-id=\"d2e54b6\" data-element_type=\"container\" data-e-type=\"container\">\n\t\t\t\t\t<div class=\"e-con-inner\">\n\t\t\t\t<div class=\"elementor-element elementor-element-a554fab elementor-widget elementor-widget-heading\" data-id=\"a554fab\" data-element_type=\"widget\" data-e-type=\"widget\" data-widget_type=\"heading.default\">\n\t\t\t\t<div class=\"elementor-widget-container\">\n\t\t\t\t\t<h2 class=\"elementor-heading-title elementor-size-default\">Indications les plus courantes<\/h2>\t\t\t\t<\/div>\n\t\t\t\t<\/div>\n\t\t\t\t<div class=\"elementor-element elementor-element-df2a015 elementor-widget elementor-widget-text-editor\" data-id=\"df2a015\" data-element_type=\"widget\" data-e-type=\"widget\" data-widget_type=\"text-editor.default\">\n\t\t\t\t<div class=\"elementor-widget-container\">\n\t\t\t\t\t\t\t\t\t<p>Les indications les plus courantes pour une fusion thoracolombaire comprennent:<\/p><ul><li>Fractures vert\u00e9brales s\u00e9v\u00e8res \u00e0 la jonction T12-L1<\/li><li>Scoliose ou cyphose progressive<\/li><li>Spondylolisth\u00e9sis ou instabilit\u00e9 vert\u00e9brale<\/li><li>Pathologies discales d\u00e9g\u00e9n\u00e9ratives multiples<\/li><li>\u00c9chec de chirurgies pr\u00e9c\u00e9dentes (syndrome du dos op\u00e9r\u00e9)<\/li><li>Tumeurs ou infections compromettant l&rsquo;int\u00e9grit\u00e9 vert\u00e9brale<\/li><\/ul><div>\u00a0<\/div><p>Dans sa pratique clinique, le Dr Augusto Covaro combine des connaissances avanc\u00e9es avec des soins personnalis\u00e9s, offrant \u00e0 ses patients des solutions efficaces qui am\u00e9liorent consid\u00e9rablement leur qualit\u00e9 de vie. Son approche chirurgicale est adapt\u00e9e \u00e0 chaque cas, \u00e9valuant \u00e0 la fois les aspects anatomiques et fonctionnels du patient.<\/p>\t\t\t\t\t\t\t\t<\/div>\n\t\t\t\t<\/div>\n\t\t\t\t\t<\/div>\n\t\t\t\t<\/div>\n\t\t<div class=\"elementor-element elementor-element-9330f3f e-flex e-con-boxed e-con e-parent\" data-id=\"9330f3f\" data-element_type=\"container\" data-e-type=\"container\">\n\t\t\t\t\t<div class=\"e-con-inner\">\n\t\t\t\t<div class=\"elementor-element elementor-element-54dd7d1 elementor-widget elementor-widget-heading\" data-id=\"54dd7d1\" data-element_type=\"widget\" data-e-type=\"widget\" data-widget_type=\"heading.default\">\n\t\t\t\t<div class=\"elementor-widget-container\">\n\t\t\t\t\t<h2 class=\"elementor-heading-title elementor-size-default\">Approches chirurgicales<\/h2>\t\t\t\t<\/div>\n\t\t\t\t<\/div>\n\t\t\t\t<div class=\"elementor-element elementor-element-4d0fa91 elementor-widget elementor-widget-text-editor\" data-id=\"4d0fa91\" data-element_type=\"widget\" data-e-type=\"widget\" data-widget_type=\"text-editor.default\">\n\t\t\t\t<div class=\"elementor-widget-container\">\n\t\t\t\t\t\t\t\t\t<p>Le choix de l&rsquo;approche d\u00e9pend de l&rsquo;\u00e9tat du patient, de la cause sous-jacente et de l&rsquo;exp\u00e9rience de l&rsquo;\u00e9quipe chirurgicale :<\/p><ul><li><strong>Voie post\u00e9rieure :<\/strong> la plus courante, elle offre un acc\u00e8s direct aux vert\u00e8bres et une fixation robuste.<\/li><li><strong>Voie ant\u00e9rieure ou ant\u00e9rolat\u00e9rale :<\/strong> recommand\u00e9e pour certaines d\u00e9formations ou l&rsquo;ablation de tumeurs.<\/li><li><strong>Techniques mini-invasives (MISS) :<\/strong> r\u00e9duction des incisions, saignements et dur\u00e9es de r\u00e9cup\u00e9ration plus courtes.<\/li><\/ul><div>\u00a0<\/div><p>Le Dr Covaro est hautement sp\u00e9cialis\u00e9 dans les approches ant\u00e9rolat\u00e9rales et mini-invasives, des techniques avanc\u00e9es qui pr\u00e9servent la mobilit\u00e9 et la courbure naturelles de la colonne vert\u00e9brale, ce qui entra\u00eene moins de complications postop\u00e9ratoires.<\/p>\t\t\t\t\t\t\t\t<\/div>\n\t\t\t\t<\/div>\n\t\t\t\t\t<\/div>\n\t\t\t\t<\/div>\n\t\t<div class=\"elementor-element elementor-element-476c6c9 e-flex e-con-boxed e-con e-parent\" data-id=\"476c6c9\" data-element_type=\"container\" data-e-type=\"container\">\n\t\t\t\t\t<div class=\"e-con-inner\">\n\t\t\t\t<div class=\"elementor-element elementor-element-1c24a4c elementor-widget elementor-widget-heading\" data-id=\"1c24a4c\" data-element_type=\"widget\" data-e-type=\"widget\" data-widget_type=\"heading.default\">\n\t\t\t\t<div class=\"elementor-widget-container\">\n\t\t\t\t\t<h2 class=\"elementor-heading-title elementor-size-default\">Chirurgie mini-invasive thoraco-lombaire<\/h2>\t\t\t\t<\/div>\n\t\t\t\t<\/div>\n\t\t\t\t<div class=\"elementor-element elementor-element-f29c475 elementor-widget elementor-widget-text-editor\" data-id=\"f29c475\" data-element_type=\"widget\" data-e-type=\"widget\" data-widget_type=\"text-editor.default\">\n\t\t\t\t<div class=\"elementor-widget-container\">\n\t\t\t\t\t\t\t\t\t<p>De nos jours, une grande partie des fusions thoraco-lombaires peut \u00eatre r\u00e9alis\u00e9e par voie mini-invasive. Cette approche limite les l\u00e9sions musculaires, r\u00e9duit les risques d&rsquo;infection et favorise une r\u00e9habilitation plus rapide gr\u00e2ce \u00e0 l&rsquo;utilisation de technologies comme la navigation perop\u00e9ratoire, l&rsquo;endoscopie ou la surveillance neurologique continue.<\/p>\t\t\t\t\t\t\t\t<\/div>\n\t\t\t\t<\/div>\n\t\t\t\t\t<\/div>\n\t\t\t\t<\/div>\n\t\t<div class=\"elementor-element elementor-element-cdddd84 e-flex e-con-boxed e-con e-parent\" data-id=\"cdddd84\" data-element_type=\"container\" data-e-type=\"container\">\n\t\t\t\t\t<div class=\"e-con-inner\">\n\t\t\t\t<div class=\"elementor-element elementor-element-99f1ee9 elementor-widget elementor-widget-heading\" data-id=\"99f1ee9\" data-element_type=\"widget\" data-e-type=\"widget\" data-widget_type=\"heading.default\">\n\t\t\t\t<div class=\"elementor-widget-container\">\n\t\t\t\t\t<h2 class=\"elementor-heading-title elementor-size-default\">Risques et complications \u00e9ventuels<\/h2>\t\t\t\t<\/div>\n\t\t\t\t<\/div>\n\t\t\t\t<div class=\"elementor-element elementor-element-314c6ec elementor-widget elementor-widget-text-editor\" data-id=\"314c6ec\" data-element_type=\"widget\" data-e-type=\"widget\" data-widget_type=\"text-editor.default\">\n\t\t\t\t<div class=\"elementor-widget-container\">\n\t\t\t\t\t\t\t\t\t<p>Comme pour toute intervention chirurgicale, il existe des risques qui doivent \u00eatre connus et bien g\u00e9r\u00e9s:<\/p><ul><li>Infection ou h\u00e9morragie<\/li><li>L\u00e9sions neurologiques<\/li><li>D\u00e9faillance du mat\u00e9riel ou absence de consolidation (pseudarthrose)<\/li><li>Douleurs persistantes<\/li><li>Reprise chirurgicale<\/li><\/ul><div>\u00a0<\/div><p>Cependant, gr\u00e2ce \u00e0 une planification rigoureuse et \u00e0 une ex\u00e9cution exp\u00e9riment\u00e9e dans des centres de r\u00e9f\u00e9rence, ces complications sont de plus en plus rares.<\/p>\t\t\t\t\t\t\t\t<\/div>\n\t\t\t\t<\/div>\n\t\t\t\t\t<\/div>\n\t\t\t\t<\/div>\n\t\t<div class=\"elementor-element elementor-element-a50d4e6 e-flex e-con-boxed e-con e-parent\" data-id=\"a50d4e6\" data-element_type=\"container\" data-e-type=\"container\">\n\t\t\t\t\t<div class=\"e-con-inner\">\n\t\t\t\t<div class=\"elementor-element elementor-element-a4cd894 elementor-widget elementor-widget-heading\" data-id=\"a4cd894\" data-element_type=\"widget\" data-e-type=\"widget\" data-widget_type=\"heading.default\">\n\t\t\t\t<div class=\"elementor-widget-container\">\n\t\t\t\t\t<h2 class=\"elementor-heading-title elementor-size-default\">R\u00e9cup\u00e9ration et r\u00e9\u00e9ducation<\/h2>\t\t\t\t<\/div>\n\t\t\t\t<\/div>\n\t\t\t\t<div class=\"elementor-element elementor-element-ffec63f elementor-widget elementor-widget-text-editor\" data-id=\"ffec63f\" data-element_type=\"widget\" data-e-type=\"widget\" data-widget_type=\"text-editor.default\">\n\t\t\t\t<div class=\"elementor-widget-container\">\n\t\t\t\t\t\t\t\t\t<p>La dur\u00e9e de r\u00e9cup\u00e9ration d\u00e9pend du type de chirurgie, de son ampleur et de l&rsquo;\u00e9tat g\u00e9n\u00e9ral du patient. Avec les techniques mini-invasives, une sortie hospitali\u00e8re peut \u00eatre envisag\u00e9e en quelques jours, et un retour progressif \u00e0 la vie quotidienne en quelques semaines. Pour les interventions plus lourdes, un programme de r\u00e9\u00e9ducation structur\u00e9 incluant physioth\u00e9rapie et suivi m\u00e9dical est indispensable.<\/p>\t\t\t\t\t\t\t\t<\/div>\n\t\t\t\t<\/div>\n\t\t\t\t\t<\/div>\n\t\t\t\t<\/div>\n\t\t<div class=\"elementor-element elementor-element-992c9ea e-flex e-con-boxed e-con e-parent\" data-id=\"992c9ea\" data-element_type=\"container\" data-e-type=\"container\">\n\t\t\t\t\t<div class=\"e-con-inner\">\n\t\t\t\t<div class=\"elementor-element elementor-element-d18576f elementor-widget elementor-widget-heading\" data-id=\"d18576f\" data-element_type=\"widget\" data-e-type=\"widget\" data-widget_type=\"heading.default\">\n\t\t\t\t<div class=\"elementor-widget-container\">\n\t\t\t\t\t<h2 class=\"elementor-heading-title elementor-size-default\">Quand consulter un sp\u00e9cialiste ?<\/h2>\t\t\t\t<\/div>\n\t\t\t\t<\/div>\n\t\t\t\t<div class=\"elementor-element elementor-element-91e18bb elementor-widget elementor-widget-text-editor\" data-id=\"91e18bb\" data-element_type=\"widget\" data-e-type=\"widget\" data-widget_type=\"text-editor.default\">\n\t\t\t\t<div class=\"elementor-widget-container\">\n\t\t\t\t\t\t\t\t\t<p>Si vous ressentez des douleurs thoracolombaires chroniques, une perte de force ou de sensation, une instabilit\u00e9 ou si vous avez d\u00e9j\u00e0 subi une intervention chirurgicale et continuez \u00e0 ressentir de l\u2019inconfort, il est essentiel de consulter une \u00e9quipe sp\u00e9cialis\u00e9e. Une \u00e9valuation pr\u00e9coce peut pr\u00e9venir une d\u00e9t\u00e9rioration progressive et permettre des traitements moins agressifs.<\/p><p>Au Complex Spine Institute, nous travaillons avec une technologie de pointe, des protocoles personnalis\u00e9s et une \u00e9quipe multidisciplinaire dirig\u00e9e par les Drs. Gilete et Covaro pour vous offrir une solution compl\u00e8te, efficace et s\u00fbre.<\/p><p>Vous pouvez planifier une <strong><a href=\"https:\/\/complexspineinstitute.com\/fr\/complex-spine-institute\/fr\/complex-spine-institute\/fr\/complex-spine-institute\/fr\/complex-spine-institute\/fr\/complex-spine-institute\/fr\/complex-spine-institute\/fr\/complex-spine-institute\/fr\/complex-spine-institute\/fr\/complex-spine-institute\/fr\/complex-spine-institute\/fr\/demander-evaluation\/\">t\u00e9l\u00e9consultation ou une consultation en personne<\/a><\/strong> \u00e0 Barcelone pour \u00e9valuer votre cas en profondeur. Nous disposons d\u2019un personnel multilingue et d\u2019une exp\u00e9rience avec les patients internationaux. Prenez rendez-vous sans engagement.<\/p>\t\t\t\t\t\t\t\t<\/div>\n\t\t\t\t<\/div>\n\t\t\t\t\t<\/div>\n\t\t\t\t<\/div>\n\t\t<div class=\"elementor-element elementor-element-6dbf6f11 e-flex e-con-boxed e-con e-parent\" data-id=\"6dbf6f11\" data-element_type=\"container\" data-e-type=\"container\">\n\t\t\t\t\t<div class=\"e-con-inner\">\n\t\t\t\t<div class=\"elementor-element elementor-element-5c45b658 elementor-widget elementor-widget-text-editor\" data-id=\"5c45b658\" data-element_type=\"widget\" data-e-type=\"widget\" data-widget_type=\"text-editor.default\">\n\t\t\t\t<div class=\"elementor-widget-container\">\n\t\t\t\t\t\t\t\t\t<aside class=\"author-signature\" role=\"doc-credits\"><address>Revu et approuv\u00e9 par <strong>Dr Vicen\u00e7 Gilete, MD<\/strong>, neurochirurgien, et <strong>Dr\u00a0Augusto Covaro, MD<\/strong>, chirurgien orthop\u00e9dique<\/address><address>Complex\u00a0Spine\u00a0Institute \u00b7 Barcelone | <time datetime=\"2025-04-17\">18\u00a0avril\u00a02025<\/time><\/address><address><a href=\"https:\/\/complexspineinstitute.com\/fr\/complex-spine-institute\/fr\/complex-spine-institute\/fr\/complex-spine-institute\/fr\/complex-spine-institute\/fr\/complex-spine-institute\/fr\/complex-spine-institute\/fr\/complex-spine-institute\/fr\/complex-spine-institute\/fr\/complex-spine-institute\/fr\/complex-spine-institute\/fr\/institut\/#equipe_medicale\" rel=\"author\">Voir biographies et publications<\/a><\/address><\/aside>\t\t\t\t\t\t\t\t<\/div>\n\t\t\t\t<\/div>\n\t\t\t\t\t<\/div>\n\t\t\t\t<\/div>\n\t\t\t\t<\/div>\n\t\t","protected":false},"excerpt":{"rendered":"<p>Fusion thoraco-lombaire : indications, techniques et r\u00e9cup\u00e9ration La fusion thoraco-lombaire est une intervention chirurgicale hautement sp\u00e9cialis\u00e9e visant \u00e0 traiter diverses pathologies affectant la jonction entre les vert\u00e8bres thoraciques et lombaires. Lorsqu&rsquo;elle est correctement indiqu\u00e9e et r\u00e9alis\u00e9e, elle permet de stabiliser la colonne vert\u00e9brale, de r\u00e9duire la douleur et d&rsquo;am\u00e9liorer la qualit\u00e9 de vie des patients. [&hellip;]<\/p>\n","protected":false},"author":1,"featured_media":420,"parent":1970,"menu_order":0,"comment_status":"closed","ping_status":"closed","template":"","meta":{"footnotes":""},"class_list":["post-2349","page","type-page","status-publish","has-post-thumbnail","hentry"],"_links":{"self":[{"href":"https:\/\/complexspineinstitute.com\/fr\/wp-json\/wp\/v2\/pages\/2349","targetHints":{"allow":["GET"]}}],"collection":[{"href":"https:\/\/complexspineinstitute.com\/fr\/wp-json\/wp\/v2\/pages"}],"about":[{"href":"https:\/\/complexspineinstitute.com\/fr\/wp-json\/wp\/v2\/types\/page"}],"author":[{"embeddable":true,"href":"https:\/\/complexspineinstitute.com\/fr\/wp-json\/wp\/v2\/users\/1"}],"replies":[{"embeddable":true,"href":"https:\/\/complexspineinstitute.com\/fr\/wp-json\/wp\/v2\/comments?post=2349"}],"version-history":[{"count":0,"href":"https:\/\/complexspineinstitute.com\/fr\/wp-json\/wp\/v2\/pages\/2349\/revisions"}],"up":[{"embeddable":true,"href":"https:\/\/complexspineinstitute.com\/fr\/wp-json\/wp\/v2\/pages\/1970"}],"wp:featuredmedia":[{"embeddable":true,"href":"https:\/\/complexspineinstitute.com\/fr\/wp-json\/wp\/v2\/media\/420"}],"wp:attachment":[{"href":"https:\/\/complexspineinstitute.com\/fr\/wp-json\/wp\/v2\/media?parent=2349"}],"curies":[{"name":"wp","href":"https:\/\/api.w.org\/{rel}","templated":true}]}}