{"id":2273,"date":"2025-04-17T12:00:05","date_gmt":"2025-04-17T10:00:05","guid":{"rendered":"https:\/\/complexspineinstitute.com\/tratamientos-de-la-articulacion-sacroiliaca\/"},"modified":"2025-04-21T16:53:12","modified_gmt":"2025-04-21T14:53:12","slug":"traitements-des-articulations-sacro-iliaque","status":"publish","type":"page","link":"https:\/\/complexspineinstitute.com\/fr\/traitements\/traitements-des-articulations-sacro-iliaque\/","title":{"rendered":"Traitements des articulations sacro-iliaque"},"content":{"rendered":"\t\t<div data-elementor-type=\"wp-page\" data-elementor-id=\"2273\" class=\"elementor elementor-2273 elementor-1305\" data-elementor-post-type=\"page\">\n\t\t\t\t<div class=\"elementor-element elementor-element-232de56 e-flex e-con-boxed e-con e-parent\" data-id=\"232de56\" data-element_type=\"container\" data-e-type=\"container\">\n\t\t\t\t\t<div class=\"e-con-inner\">\n\t\t\t\t<div class=\"elementor-element elementor-element-d77e2fd elementor-widget elementor-widget-heading\" data-id=\"d77e2fd\" data-element_type=\"widget\" data-e-type=\"widget\" data-widget_type=\"heading.default\">\n\t\t\t\t<div class=\"elementor-widget-container\">\n\t\t\t\t\t<h1 class=\"elementor-heading-title elementor-size-default\">Traitement de l'articulation sacro-iliaque : options conservatrices et chirurgicales<\/h1>\t\t\t\t<\/div>\n\t\t\t\t<\/div>\n\t\t\t\t\t<\/div>\n\t\t\t\t<\/div>\n\t\t<div class=\"elementor-element elementor-element-4b39ac2 e-flex e-con-boxed e-con e-parent\" data-id=\"4b39ac2\" data-element_type=\"container\" data-e-type=\"container\">\n\t\t\t\t\t<div class=\"e-con-inner\">\n\t\t\t\t<div class=\"elementor-element elementor-element-125a027 elementor-widget__width-initial elementor-widget elementor-widget-text-editor\" data-id=\"125a027\" data-element_type=\"widget\" data-e-type=\"widget\" data-widget_type=\"text-editor.default\">\n\t\t\t\t<div class=\"elementor-widget-container\">\n\t\t\t\t\t\t\t\t\t<p>La douleur de l&rsquo;articulation sacro-iliaque est une cause fr\u00e9quente d&rsquo;inconfort au bas du dos et dans la r\u00e9gion pelvienne. Lorsqu&rsquo;elle n&rsquo;est pas trait\u00e9e, elle peut affecter consid\u00e9rablement la qualit\u00e9 de vie et limiter la mobilit\u00e9. Au Complex Spine Institute, nous proposons une approche globale et personnalis\u00e9e, reposant sur un diagnostic avanc\u00e9 et une expertise chirurgicale de haut niveau.<\/p>\t\t\t\t\t\t\t\t<\/div>\n\t\t\t\t<\/div>\n\t\t\t\t\t<\/div>\n\t\t\t\t<\/div>\n\t\t<div class=\"elementor-element elementor-element-e5c65d0 e-flex e-con-boxed e-con e-parent\" data-id=\"e5c65d0\" data-element_type=\"container\" data-e-type=\"container\">\n\t\t\t\t\t<div class=\"e-con-inner\">\n\t\t\t\t<div class=\"elementor-element elementor-element-b66f11c elementor-widget elementor-widget-heading\" data-id=\"b66f11c\" data-element_type=\"widget\" data-e-type=\"widget\" data-widget_type=\"heading.default\">\n\t\t\t\t<div class=\"elementor-widget-container\">\n\t\t\t\t\t<h2 class=\"elementor-heading-title elementor-size-default\">Qu'est-ce que l'articulation sacro-iliaque ?<\/h2>\t\t\t\t<\/div>\n\t\t\t\t<\/div>\n\t\t\t\t<div class=\"elementor-element elementor-element-6f80510 elementor-widget elementor-widget-text-editor\" data-id=\"6f80510\" data-element_type=\"widget\" data-e-type=\"widget\" data-widget_type=\"text-editor.default\">\n\t\t\t\t<div class=\"elementor-widget-container\">\n\t\t\t\t\t\t\t\t\t<p>L&rsquo;articulation sacro-iliaque relie le sacrum (la base de la colonne vert\u00e9brale) aux os iliaques du bassin. Elle est essentielle \u00e0 la stabilit\u00e9 du tronc et au transfert des charges lors de la marche ou de la station debout.<\/p><p>En cas d&rsquo;inflammation ou de dysfonctionnement \u2014 appel\u00e9s <strong>sacro-iliite ou dysfonction sacro-iliaque<\/strong> \u2014 elle peut provoquer des douleurs lombaires basses, pelviennes, voire irradiant dans les jambes, simulant une sciatique.<\/p>\t\t\t\t\t\t\t\t<\/div>\n\t\t\t\t<\/div>\n\t\t\t\t\t<\/div>\n\t\t\t\t<\/div>\n\t\t<div class=\"elementor-element elementor-element-d2e54b6 e-flex e-con-boxed e-con e-parent\" data-id=\"d2e54b6\" data-element_type=\"container\" data-e-type=\"container\">\n\t\t\t\t\t<div class=\"e-con-inner\">\n\t\t\t\t<div class=\"elementor-element elementor-element-a554fab elementor-widget elementor-widget-heading\" data-id=\"a554fab\" data-element_type=\"widget\" data-e-type=\"widget\" data-widget_type=\"heading.default\">\n\t\t\t\t<div class=\"elementor-widget-container\">\n\t\t\t\t\t<h2 class=\"elementor-heading-title elementor-size-default\">Sympt\u00f4mes fr\u00e9quents<\/h2>\t\t\t\t<\/div>\n\t\t\t\t<\/div>\n\t\t\t\t<div class=\"elementor-element elementor-element-df2a015 elementor-widget elementor-widget-text-editor\" data-id=\"df2a015\" data-element_type=\"widget\" data-e-type=\"widget\" data-widget_type=\"text-editor.default\">\n\t\t\t\t<div class=\"elementor-widget-container\">\n\t\t\t\t\t\t\t\t\t<ul><li>Douleur localis\u00e9e d&rsquo;un seul c\u00f4t\u00e9, au bas du dos ou dans la fesse<\/li><li>Douleur accentu\u00e9e en position debout prolong\u00e9e ou \u00e0 la marche<\/li><li>Raideur ou sensation de blocage dans le bassin<\/li><li>Douleur en montant les escaliers ou en tournant le tronc<\/li><\/ul>\t\t\t\t\t\t\t\t<\/div>\n\t\t\t\t<\/div>\n\t\t\t\t\t<\/div>\n\t\t\t\t<\/div>\n\t\t<div class=\"elementor-element elementor-element-9330f3f e-flex e-con-boxed e-con e-parent\" data-id=\"9330f3f\" data-element_type=\"container\" data-e-type=\"container\">\n\t\t\t\t\t<div class=\"e-con-inner\">\n\t\t\t\t<div class=\"elementor-element elementor-element-54dd7d1 elementor-widget elementor-widget-heading\" data-id=\"54dd7d1\" data-element_type=\"widget\" data-e-type=\"widget\" data-widget_type=\"heading.default\">\n\t\t\t\t<div class=\"elementor-widget-container\">\n\t\t\t\t\t<h2 class=\"elementor-heading-title elementor-size-default\">Un diagnostic pr\u00e9cis : la cl\u00e9 du succ\u00e8s<\/h2>\t\t\t\t<\/div>\n\t\t\t\t<\/div>\n\t\t\t\t<div class=\"elementor-element elementor-element-4d0fa91 elementor-widget elementor-widget-text-editor\" data-id=\"4d0fa91\" data-element_type=\"widget\" data-e-type=\"widget\" data-widget_type=\"text-editor.default\">\n\t\t\t\t<div class=\"elementor-widget-container\">\n\t\t\t\t\t\t\t\t\t<p>Un diagnostic pr\u00e9cis permet d&rsquo;\u00e9viter les traitements inefficaces. Au Complex Spine Institute, nous combinons un examen clinique minutieux avec des techniques d&rsquo;imagerie avanc\u00e9es comme l<strong>&lsquo;IRM, le scanner et les infiltrations guid\u00e9es<\/strong> pour confirmer l&rsquo;origine de la douleur.<\/p><p>Le Dr Vicen\u00e7 Gilete utilise \u00e9galement des images dynamiques (flexion, extension, rotation) pour d\u00e9tecter des anomalies fonctionnelles invisibles sur les IRM conventionnelles, assurant ainsi un traitement parfaitement adapt\u00e9.<\/p>\t\t\t\t\t\t\t\t<\/div>\n\t\t\t\t<\/div>\n\t\t\t\t\t<\/div>\n\t\t\t\t<\/div>\n\t\t<div class=\"elementor-element elementor-element-d23d790 e-flex e-con-boxed e-con e-parent\" data-id=\"d23d790\" data-element_type=\"container\" data-e-type=\"container\">\n\t\t\t\t\t<div class=\"e-con-inner\">\n\t\t\t\t<div class=\"elementor-element elementor-element-b32fd59 elementor-widget elementor-widget-heading\" data-id=\"b32fd59\" data-element_type=\"widget\" data-e-type=\"widget\" data-widget_type=\"heading.default\">\n\t\t\t\t<div class=\"elementor-widget-container\">\n\t\t\t\t\t<h2 class=\"elementor-heading-title elementor-size-default\">Traitements conservateurs disponibles<\/h2>\t\t\t\t<\/div>\n\t\t\t\t<\/div>\n\t\t\t\t<div class=\"elementor-element elementor-element-6dd5821 elementor-widget elementor-widget-text-editor\" data-id=\"6dd5821\" data-element_type=\"widget\" data-e-type=\"widget\" data-widget_type=\"text-editor.default\">\n\t\t\t\t<div class=\"elementor-widget-container\">\n\t\t\t\t\t\t\t\t\t<p>La majorit\u00e9 des patients b\u00e9n\u00e9ficie d&rsquo;abord de traitements non chirurgicaux, tels que :<\/p><ul><li><strong>Kin\u00e9sith\u00e9rapie sp\u00e9cialis\u00e9e<\/strong> pour stabiliser la zone pelvienne<\/li><li><strong>M\u00e9dicaments anti-inflammatoires<\/strong> ou relaxants musculaires<\/li><li><strong>Exercices de renforcement du tronc et du bassin<\/strong><\/li><li><strong>Infiltrations sacro-iliaques guid\u00e9es par imagerie<\/strong> avec anesth\u00e9siques et cortico\u00efdes<\/li><li><strong>Th\u00e9rapies r\u00e9g\u00e9n\u00e9ratives<\/strong> : PRP ou cellules souches<br \/><br \/><\/li><\/ul><p>Le Dr Augusto Covaro, sp\u00e9cialiste en th\u00e9rapies conservatrices et chirurgie mini-invasive, \u00e9value chaque cas individuellement pour un traitement sur mesure.<\/p>\t\t\t\t\t\t\t\t<\/div>\n\t\t\t\t<\/div>\n\t\t\t\t\t<\/div>\n\t\t\t\t<\/div>\n\t\t<div class=\"elementor-element elementor-element-d8acb73 e-flex e-con-boxed e-con e-parent\" data-id=\"d8acb73\" data-element_type=\"container\" data-e-type=\"container\">\n\t\t\t\t\t<div class=\"e-con-inner\">\n\t\t\t\t<div class=\"elementor-element elementor-element-fc24101 elementor-widget elementor-widget-heading\" data-id=\"fc24101\" data-element_type=\"widget\" data-e-type=\"widget\" data-widget_type=\"heading.default\">\n\t\t\t\t<div class=\"elementor-widget-container\">\n\t\t\t\t\t<h2 class=\"elementor-heading-title elementor-size-default\">Bloc sacro-iliaque : \u00e0 la fois diagnostic et traitement<\/h2>\t\t\t\t<\/div>\n\t\t\t\t<\/div>\n\t\t\t\t<div class=\"elementor-element elementor-element-d922e9f elementor-widget elementor-widget-text-editor\" data-id=\"d922e9f\" data-element_type=\"widget\" data-e-type=\"widget\" data-widget_type=\"text-editor.default\">\n\t\t\t\t<div class=\"elementor-widget-container\">\n\t\t\t\t\t\t\t\t\t<p>Cette proc\u00e9dure consiste \u00e0 injecter un anesth\u00e9sique local dans l&rsquo;articulation sous contr\u00f4le d&rsquo;imagerie. Si la douleur dispara\u00eet temporairement, cela confirme l&rsquo;origine. Elle peut \u00e9galement \u00eatre utilis\u00e9e pour soulager la douleur de mani\u00e8re r\u00e9p\u00e9t\u00e9e<\/p>\t\t\t\t\t\t\t\t<\/div>\n\t\t\t\t<\/div>\n\t\t\t\t\t<\/div>\n\t\t\t\t<\/div>\n\t\t<div class=\"elementor-element elementor-element-2930882 e-flex e-con-boxed e-con e-parent\" data-id=\"2930882\" data-element_type=\"container\" data-e-type=\"container\">\n\t\t\t\t\t<div class=\"e-con-inner\">\n\t\t<div class=\"elementor-element elementor-element-5ff022b e-con-full e-flex e-con e-child\" data-id=\"5ff022b\" data-element_type=\"container\" data-e-type=\"container\">\n\t\t\t\t<div class=\"elementor-element elementor-element-16ddc80 elementor-widget elementor-widget-heading\" data-id=\"16ddc80\" data-element_type=\"widget\" data-e-type=\"widget\" data-widget_type=\"heading.default\">\n\t\t\t\t<div class=\"elementor-widget-container\">\n\t\t\t\t\t<h2 class=\"elementor-heading-title elementor-size-default\">Quand envisager une chirurgie sacro-iliaque?<\/h2>\t\t\t\t<\/div>\n\t\t\t\t<\/div>\n\t\t\t\t<div class=\"elementor-element elementor-element-b1386e9 elementor-widget elementor-widget-text-editor\" data-id=\"b1386e9\" data-element_type=\"widget\" data-e-type=\"widget\" data-widget_type=\"text-editor.default\">\n\t\t\t\t<div class=\"elementor-widget-container\">\n\t\t\t\t\t\t\t\t\t<p>En cas de douleur chronique invalidante ne r\u00e9pondant pas aux traitements conservateurs, une <strong>fusion sacro-iliaque<\/strong> peut \u00eatre envisag\u00e9e. Cette intervention stabilise l&rsquo;articulation en la fusionnant chirurgicalement pour supprimer le mouvement douloureux.<\/p><p>Le Dr Covaro r\u00e9alise cette chirurgie de <strong>mani\u00e8re mini-invasive<\/strong>, \u00e0 l\u2019aide de petites incisions, r\u00e9duisant les saignements et favorisant une r\u00e9cup\u00e9ration rapide. Il forme \u00e9galement d&rsquo;autres chirurgiens \u00e0 cette technique \u00e0 l\u2019\u00e9chelle europ\u00e9enne.<\/p>\t\t\t\t\t\t\t\t<\/div>\n\t\t\t\t<\/div>\n\t\t\t\t<\/div>\n\t\t<div class=\"elementor-element elementor-element-0068b26 e-con-full e-flex e-con e-child\" data-id=\"0068b26\" data-element_type=\"container\" data-e-type=\"container\">\n\t\t\t\t<div class=\"elementor-element elementor-element-d4afb37 elementor-widget elementor-widget-image\" data-id=\"d4afb37\" data-element_type=\"widget\" data-e-type=\"widget\" data-widget_type=\"image.default\">\n\t\t\t\t<div class=\"elementor-widget-container\">\n\t\t\t\t\t\t\t\t\t\t\t\t\t\t\t<img fetchpriority=\"high\" decoding=\"async\" width=\"800\" height=\"800\" src=\"https:\/\/complexspineinstitute.com\/wp-content\/uploads\/2025\/04\/rx_implantes_pelvis.webp\" class=\"attachment-large size-large wp-image-900\" alt=\"Radiograf\u00eda de pelvis con implantes quir\u00fargicos en columna vertebral\" srcset=\"https:\/\/complexspineinstitute.com\/wp-content\/uploads\/2025\/04\/rx_implantes_pelvis.webp 1024w, https:\/\/complexspineinstitute.com\/wp-content\/uploads\/2025\/04\/rx_implantes_pelvis-300x300.webp 300w, https:\/\/complexspineinstitute.com\/wp-content\/uploads\/2025\/04\/rx_implantes_pelvis-150x150.webp 150w, https:\/\/complexspineinstitute.com\/wp-content\/uploads\/2025\/04\/rx_implantes_pelvis-768x768.webp 768w\" sizes=\"(max-width: 800px) 100vw, 800px\" \/>\t\t\t\t\t\t\t\t\t\t\t\t\t\t\t<\/div>\n\t\t\t\t<\/div>\n\t\t\t\t<\/div>\n\t\t\t\t\t<\/div>\n\t\t\t\t<\/div>\n\t\t<div class=\"elementor-element elementor-element-a5f8e4b e-flex e-con-boxed e-con e-parent\" data-id=\"a5f8e4b\" data-element_type=\"container\" data-e-type=\"container\">\n\t\t\t\t\t<div class=\"e-con-inner\">\n\t\t\t\t<div class=\"elementor-element elementor-element-af9e648 elementor-widget elementor-widget-heading\" data-id=\"af9e648\" data-element_type=\"widget\" data-e-type=\"widget\" data-widget_type=\"heading.default\">\n\t\t\t\t<div class=\"elementor-widget-container\">\n\t\t\t\t\t<h2 class=\"elementor-heading-title elementor-size-default\">Avantages de la chirurgie mini-invasive<\/h2>\t\t\t\t<\/div>\n\t\t\t\t<\/div>\n\t\t\t\t<div class=\"elementor-element elementor-element-4f5e008 elementor-widget elementor-widget-text-editor\" data-id=\"4f5e008\" data-element_type=\"widget\" data-e-type=\"widget\" data-widget_type=\"text-editor.default\">\n\t\t\t\t<div class=\"elementor-widget-container\">\n\t\t\t\t\t\t\t\t\t<ul><li>Moins de l\u00e9sions tissulaires<\/li><li>Douleur postop\u00e9ratoire r\u00e9duite<\/li><li>R\u00e9cup\u00e9ration fonctionnelle rapide<\/li><li>Sortie possible le jour m\u00eame<\/li><\/ul>\t\t\t\t\t\t\t\t<\/div>\n\t\t\t\t<\/div>\n\t\t\t\t\t<\/div>\n\t\t\t\t<\/div>\n\t\t<div class=\"elementor-element elementor-element-0486289 e-flex e-con-boxed e-con e-parent\" data-id=\"0486289\" data-element_type=\"container\" data-e-type=\"container\">\n\t\t\t\t\t<div class=\"e-con-inner\">\n\t\t\t\t<div class=\"elementor-element elementor-element-093fc2e elementor-widget elementor-widget-heading\" data-id=\"093fc2e\" data-element_type=\"widget\" data-e-type=\"widget\" data-widget_type=\"heading.default\">\n\t\t\t\t<div class=\"elementor-widget-container\">\n\t\t\t\t\t<h2 class=\"elementor-heading-title elementor-size-default\">Consultez des experts en colonne vert\u00e9brale<\/h2>\t\t\t\t<\/div>\n\t\t\t\t<\/div>\n\t\t\t\t<div class=\"elementor-element elementor-element-62550ad elementor-widget elementor-widget-text-editor\" data-id=\"62550ad\" data-element_type=\"widget\" data-e-type=\"widget\" data-widget_type=\"text-editor.default\">\n\t\t\t\t<div class=\"elementor-widget-container\">\n\t\t\t\t\t\t\t\t\t<p>Au Complex Spine Institute, les Drs Covaro et Gilete associent une technologie de pointe \u00e0 des d\u00e9cennies d\u2019exp\u00e9rience pour proposer un traitement personnalis\u00e9 \u00e0 chaque patient. Que ce soit en consultation \u00e0 Barcelone ou \u00e0 distance, nous vous aidons \u00e0 retrouver votre qualit\u00e9 de vie.<\/p><p><strong><a href=\"https:\/\/complexspineinstitute.com\/fr\/complex-spine-institute\/fr\/complex-spine-institute\/fr\/complex-spine-institute\/fr\/complex-spine-institute\/fr\/complex-spine-institute\/fr\/complex-spine-institute\/fr\/complex-spine-institute\/fr\/demander-evaluation\/\">Prenez rendez-vous<\/a><\/strong> d\u00e8s aujourd\u2019hui pour une \u00e9valuation compl\u00e8te.<\/p>\t\t\t\t\t\t\t\t<\/div>\n\t\t\t\t<\/div>\n\t\t\t\t\t<\/div>\n\t\t\t\t<\/div>\n\t\t<div class=\"elementor-element elementor-element-6dbf6f11 e-flex e-con-boxed e-con e-parent\" data-id=\"6dbf6f11\" data-element_type=\"container\" data-e-type=\"container\">\n\t\t\t\t\t<div class=\"e-con-inner\">\n\t\t\t\t<div class=\"elementor-element elementor-element-5c45b658 elementor-widget elementor-widget-text-editor\" data-id=\"5c45b658\" data-element_type=\"widget\" data-e-type=\"widget\" data-widget_type=\"text-editor.default\">\n\t\t\t\t<div class=\"elementor-widget-container\">\n\t\t\t\t\t\t\t\t\t<aside class=\"author-signature\" role=\"doc-credits\"><address>Revu et approuv\u00e9 par <strong>Dr Vicen\u00e7 Gilete, MD<\/strong>, neurochirurgien, et <strong>Dr\u00a0Augusto Covaro, MD<\/strong>, chirurgien orthop\u00e9dique<\/address><address>Complex\u00a0Spine\u00a0Institute \u00b7 Barcelone | <time datetime=\"2025-04-17\">18\u00a0avril\u00a02025<\/time><\/address><address><a href=\"https:\/\/complexspineinstitute.com\/fr\/complex-spine-institute\/fr\/complex-spine-institute\/fr\/complex-spine-institute\/fr\/complex-spine-institute\/fr\/complex-spine-institute\/fr\/complex-spine-institute\/fr\/complex-spine-institute\/fr\/institut\/#equipe_medicale\" rel=\"author\">Voir biographies et publications<\/a><\/address><\/aside>\t\t\t\t\t\t\t\t<\/div>\n\t\t\t\t<\/div>\n\t\t\t\t\t<\/div>\n\t\t\t\t<\/div>\n\t\t\t\t<\/div>\n\t\t","protected":false},"excerpt":{"rendered":"<p>Traitement de l&rsquo;articulation sacro-iliaque : options conservatrices et chirurgicales La douleur de l&rsquo;articulation sacro-iliaque est une cause fr\u00e9quente d&rsquo;inconfort au bas du dos et dans la r\u00e9gion pelvienne. Lorsqu&rsquo;elle n&rsquo;est pas trait\u00e9e, elle peut affecter consid\u00e9rablement la qualit\u00e9 de vie et limiter la mobilit\u00e9. Au Complex Spine Institute, nous proposons une approche globale et personnalis\u00e9e, [&hellip;]<\/p>\n","protected":false},"author":1,"featured_media":900,"parent":1970,"menu_order":0,"comment_status":"closed","ping_status":"closed","template":"","meta":{"footnotes":""},"class_list":["post-2273","page","type-page","status-publish","has-post-thumbnail","hentry"],"_links":{"self":[{"href":"https:\/\/complexspineinstitute.com\/fr\/wp-json\/wp\/v2\/pages\/2273","targetHints":{"allow":["GET"]}}],"collection":[{"href":"https:\/\/complexspineinstitute.com\/fr\/wp-json\/wp\/v2\/pages"}],"about":[{"href":"https:\/\/complexspineinstitute.com\/fr\/wp-json\/wp\/v2\/types\/page"}],"author":[{"embeddable":true,"href":"https:\/\/complexspineinstitute.com\/fr\/wp-json\/wp\/v2\/users\/1"}],"replies":[{"embeddable":true,"href":"https:\/\/complexspineinstitute.com\/fr\/wp-json\/wp\/v2\/comments?post=2273"}],"version-history":[{"count":0,"href":"https:\/\/complexspineinstitute.com\/fr\/wp-json\/wp\/v2\/pages\/2273\/revisions"}],"up":[{"embeddable":true,"href":"https:\/\/complexspineinstitute.com\/fr\/wp-json\/wp\/v2\/pages\/1970"}],"wp:featuredmedia":[{"embeddable":true,"href":"https:\/\/complexspineinstitute.com\/fr\/wp-json\/wp\/v2\/media\/900"}],"wp:attachment":[{"href":"https:\/\/complexspineinstitute.com\/fr\/wp-json\/wp\/v2\/media?parent=2273"}],"curies":[{"name":"wp","href":"https:\/\/api.w.org\/{rel}","templated":true}]}}