{"id":2245,"date":"2025-04-17T12:00:00","date_gmt":"2025-04-17T10:00:00","guid":{"rendered":"https:\/\/complexspineinstitute.com\/reemplazo-de-disco-cervical\/"},"modified":"2025-04-21T11:45:26","modified_gmt":"2025-04-21T09:45:26","slug":"remplacement-du-disque-cervical","status":"publish","type":"page","link":"https:\/\/complexspineinstitute.com\/fr\/traitements\/remplacement-du-disque-cervical\/","title":{"rendered":"Remplacement du disque cervical"},"content":{"rendered":"\t\t<div data-elementor-type=\"wp-page\" data-elementor-id=\"2245\" class=\"elementor elementor-2245 elementor-1304\" data-elementor-post-type=\"page\">\n\t\t\t\t<div class=\"elementor-element elementor-element-232de56 e-flex e-con-boxed e-con e-parent\" data-id=\"232de56\" data-element_type=\"container\" data-e-type=\"container\">\n\t\t\t\t\t<div class=\"e-con-inner\">\n\t\t\t\t<div class=\"elementor-element elementor-element-d77e2fd elementor-widget elementor-widget-heading\" data-id=\"d77e2fd\" data-element_type=\"widget\" data-e-type=\"widget\" data-widget_type=\"heading.default\">\n\t\t\t\t<div class=\"elementor-widget-container\">\n\t\t\t\t\t<h1 class=\"elementor-heading-title elementor-size-default\">Proth\u00e8se discale cervicale : d\u00e9finition, avantages et indications<\/h1>\t\t\t\t<\/div>\n\t\t\t\t<\/div>\n\t\t\t\t\t<\/div>\n\t\t\t\t<\/div>\n\t\t<div class=\"elementor-element elementor-element-4b39ac2 e-flex e-con-boxed e-con e-parent\" data-id=\"4b39ac2\" data-element_type=\"container\" data-e-type=\"container\">\n\t\t\t\t\t<div class=\"e-con-inner\">\n\t\t<div class=\"elementor-element elementor-element-ac5c5ad e-con-full e-flex e-con e-child\" data-id=\"ac5c5ad\" data-element_type=\"container\" data-e-type=\"container\">\n\t\t\t\t<div class=\"elementor-element elementor-element-125a027 elementor-widget elementor-widget-text-editor\" data-id=\"125a027\" data-element_type=\"widget\" data-e-type=\"widget\" data-widget_type=\"text-editor.default\">\n\t\t\t\t<div class=\"elementor-widget-container\">\n\t\t\t\t\t\t\t\t\t<p>La proth\u00e8se discale cervicale, \u00e9galement appel\u00e9e <strong>remplacement de disque<\/strong> ou <strong>disque artificiel<\/strong>, est une technique chirurgicale avanc\u00e9e utilis\u00e9e pour traiter des pathologies d\u00e9g\u00e9n\u00e9ratives du cou, telles que la <strong>hernie discale<\/strong> cervicale ou la <strong>discopathie<\/strong>. Elle vise \u00e0 soulager la douleur, pr\u00e9server la mobilit\u00e9 du cou et \u00e9viter les complications li\u00e9es aux m\u00e9thodes traditionnelles comme l\u2019<strong>arthrod\u00e8se cervicale.<\/strong><\/p>\t\t\t\t\t\t\t\t<\/div>\n\t\t\t\t<\/div>\n\t\t\t\t<\/div>\n\t\t<div class=\"elementor-element elementor-element-8469aec e-con-full e-flex e-con e-child\" data-id=\"8469aec\" data-element_type=\"container\" data-e-type=\"container\">\n\t\t\t\t<div class=\"elementor-element elementor-element-658a1ab elementor-widget elementor-widget-image\" data-id=\"658a1ab\" data-element_type=\"widget\" data-e-type=\"widget\" data-widget_type=\"image.default\">\n\t\t\t\t<div class=\"elementor-widget-container\">\n\t\t\t\t\t\t\t\t\t\t\t\t\t\t\t<img fetchpriority=\"high\" decoding=\"async\" width=\"567\" height=\"422\" src=\"https:\/\/complexspineinstitute.com\/wp-content\/uploads\/2025\/04\/rx_cervical_protesis_disco_movilidad.webp\" class=\"attachment-large size-large wp-image-960\" alt=\"Radiograf\u00eda cervical con pr\u00f3tesis de disco mostrando movilidad a 10 a\u00f1os de la cirug\u00eda\" srcset=\"https:\/\/complexspineinstitute.com\/wp-content\/uploads\/2025\/04\/rx_cervical_protesis_disco_movilidad.webp 567w, https:\/\/complexspineinstitute.com\/wp-content\/uploads\/2025\/04\/rx_cervical_protesis_disco_movilidad-300x223.webp 300w\" sizes=\"(max-width: 567px) 100vw, 567px\" \/>\t\t\t\t\t\t\t\t\t\t\t\t\t\t\t<\/div>\n\t\t\t\t<\/div>\n\t\t\t\t<\/div>\n\t\t\t\t\t<\/div>\n\t\t\t\t<\/div>\n\t\t<div class=\"elementor-element elementor-element-39b4c43 e-flex e-con-boxed e-con e-parent\" data-id=\"39b4c43\" data-element_type=\"container\" data-e-type=\"container\">\n\t\t\t\t\t<div class=\"e-con-inner\">\n\t\t<div class=\"elementor-element elementor-element-142489a e-con-full e-flex e-con e-child\" data-id=\"142489a\" data-element_type=\"container\" data-e-type=\"container\">\n\t\t\t\t<div class=\"elementor-element elementor-element-ea15c2c elementor-widget elementor-widget-image\" data-id=\"ea15c2c\" data-element_type=\"widget\" data-e-type=\"widget\" data-widget_type=\"image.default\">\n\t\t\t\t<div class=\"elementor-widget-container\">\n\t\t\t\t\t\t\t\t\t\t\t\t\t\t\t<img decoding=\"async\" width=\"440\" height=\"264\" src=\"https:\/\/complexspineinstitute.com\/wp-content\/uploads\/2025\/04\/protesis_disco_intervertebral_artificial.webp\" class=\"attachment-large size-large wp-image-996\" alt=\"Pr\u00f3tesis de disco intervertebral artificial para sustituci\u00f3n y movilidad en columna lumbar\" srcset=\"https:\/\/complexspineinstitute.com\/wp-content\/uploads\/2025\/04\/protesis_disco_intervertebral_artificial.webp 440w, https:\/\/complexspineinstitute.com\/wp-content\/uploads\/2025\/04\/protesis_disco_intervertebral_artificial-300x180.webp 300w\" sizes=\"(max-width: 440px) 100vw, 440px\" \/>\t\t\t\t\t\t\t\t\t\t\t\t\t\t\t<\/div>\n\t\t\t\t<\/div>\n\t\t\t\t<\/div>\n\t\t<div class=\"elementor-element elementor-element-91cc4c5 e-con-full e-flex e-con e-child\" data-id=\"91cc4c5\" data-element_type=\"container\" data-e-type=\"container\">\n\t\t\t\t<div class=\"elementor-element elementor-element-5b1f90c elementor-widget elementor-widget-heading\" data-id=\"5b1f90c\" data-element_type=\"widget\" data-e-type=\"widget\" data-widget_type=\"heading.default\">\n\t\t\t\t<div class=\"elementor-widget-container\">\n\t\t\t\t\t<h2 class=\"elementor-heading-title elementor-size-default\">Qu\u2019est-ce que la proth\u00e8se discale cervicale ?<\/h2>\t\t\t\t<\/div>\n\t\t\t\t<\/div>\n\t\t\t\t<div class=\"elementor-element elementor-element-58d3091 elementor-widget elementor-widget-text-editor\" data-id=\"58d3091\" data-element_type=\"widget\" data-e-type=\"widget\" data-widget_type=\"text-editor.default\">\n\t\t\t\t<div class=\"elementor-widget-container\">\n\t\t\t\t\t\t\t\t\t<p>Elle consiste \u00e0 remplacer un disque intervert\u00e9bral endommag\u00e9 par un <strong>implant artificiel<\/strong> qui conserve la hauteur et la mobilit\u00e9 naturelles de la colonne vert\u00e9brale. C\u2019est une alternative efficace et moins invasive \u00e0 la fusion vert\u00e9brale.<\/p><p>Selon le Dr Augusto Covaro, sp\u00e9cialiste en chirurgie complexe et mini-invasive : \u00ab Notre priorit\u00e9 est de pr\u00e9server la mobilit\u00e9 et de r\u00e9duire au maximum le traumatisme chirurgical. La proth\u00e8se discale permet justement cela chez les patients bien s\u00e9lectionn\u00e9s. \u00bb<\/p>\t\t\t\t\t\t\t\t<\/div>\n\t\t\t\t<\/div>\n\t\t\t\t<\/div>\n\t\t\t\t\t<\/div>\n\t\t\t\t<\/div>\n\t\t<div class=\"elementor-element elementor-element-3a55728 e-flex e-con-boxed e-con e-parent\" data-id=\"3a55728\" data-element_type=\"container\" data-e-type=\"container\">\n\t\t\t\t\t<div class=\"e-con-inner\">\n\t\t\t\t<div class=\"elementor-element elementor-element-f15a35b elementor-widget elementor-widget-heading\" data-id=\"f15a35b\" data-element_type=\"widget\" data-e-type=\"widget\" data-widget_type=\"heading.default\">\n\t\t\t\t<div class=\"elementor-widget-container\">\n\t\t\t\t\t<h2 class=\"elementor-heading-title elementor-size-default\">Dans quels cas cette chirurgie est-elle indiqu\u00e9e ?<\/h2>\t\t\t\t<\/div>\n\t\t\t\t<\/div>\n\t\t\t\t<div class=\"elementor-element elementor-element-1404bdb elementor-widget elementor-widget-text-editor\" data-id=\"1404bdb\" data-element_type=\"widget\" data-e-type=\"widget\" data-widget_type=\"text-editor.default\">\n\t\t\t\t<div class=\"elementor-widget-container\">\n\t\t\t\t\t\t\t\t\t<ul><li>Hernie discale cervicale r\u00e9sistante aux traitements conservateurs<\/li><li>D\u00e9g\u00e9n\u00e9rescence s\u00e9v\u00e8re du disque avec compression nerveuse<\/li><li>Douleurs cervicales chroniques et invalidantes<\/li><li>Patients jeunes ou actifs souhaitant pr\u00e9server leur mobilit\u00e9<br \/><br \/><\/li><\/ul><p>Le Dr Vicen\u00e7 Gilete, neurochirurgien sp\u00e9cialis\u00e9 dans les pathologies cranio-cervicales, explique : \u00ab En cas de d\u00e9g\u00e9n\u00e9rescence ou de hernie discale o\u00f9 le disque ne remplit plus sa fonction, la proth\u00e8se permet de retrouver une qualit\u00e9 de vie sans sacrifier la mobilit\u00e9 du cou. \u00bb<\/p>\t\t\t\t\t\t\t\t<\/div>\n\t\t\t\t<\/div>\n\t\t\t\t\t<\/div>\n\t\t\t\t<\/div>\n\t\t<div class=\"elementor-element elementor-element-d2e54b6 e-flex e-con-boxed e-con e-parent\" data-id=\"d2e54b6\" data-element_type=\"container\" data-e-type=\"container\">\n\t\t\t\t\t<div class=\"e-con-inner\">\n\t\t\t\t<div class=\"elementor-element elementor-element-a554fab elementor-widget elementor-widget-heading\" data-id=\"a554fab\" data-element_type=\"widget\" data-e-type=\"widget\" data-widget_type=\"heading.default\">\n\t\t\t\t<div class=\"elementor-widget-container\">\n\t\t\t\t\t<h2 class=\"elementor-heading-title elementor-size-default\">Comment se d\u00e9roule l\u2019intervention ?<\/h2>\t\t\t\t<\/div>\n\t\t\t\t<\/div>\n\t\t\t\t<div class=\"elementor-element elementor-element-df2a015 elementor-widget elementor-widget-text-editor\" data-id=\"df2a015\" data-element_type=\"widget\" data-e-type=\"widget\" data-widget_type=\"text-editor.default\">\n\t\t\t\t<div class=\"elementor-widget-container\">\n\t\t\t\t\t\t\t\t\t<p>La chirurgie est r\u00e9alis\u00e9e par voie ant\u00e9rieure, en acc\u00e9dant \u00e0 la colonne cervicale par l\u2019avant du cou. Nous utilisons des <strong>techniques mini-invasives<\/strong> et des technologies de pointe comme la<strong> navigation 3D<\/strong> et le scanner perop\u00e9ratoire.<\/p><p>Au Complex Spine Institute, l\u2019intervention est pratiqu\u00e9e par des sp\u00e9cialistes hautement qualifi\u00e9s comme les Drs Covaro et Gilete, dot\u00e9s d\u2019une vaste exp\u00e9rience internationale. Ils \u00e9valuent, planifient et r\u00e9alisent eux-m\u00eames l\u2019op\u00e9ration pour garantir <strong>s\u00e9curit\u00e9 et pr\u00e9cision<\/strong>.<\/p>\t\t\t\t\t\t\t\t<\/div>\n\t\t\t\t<\/div>\n\t\t\t\t\t<\/div>\n\t\t\t\t<\/div>\n\t\t<div class=\"elementor-element elementor-element-9330f3f e-flex e-con-boxed e-con e-parent\" data-id=\"9330f3f\" data-element_type=\"container\" data-e-type=\"container\">\n\t\t\t\t\t<div class=\"e-con-inner\">\n\t\t\t\t<div class=\"elementor-element elementor-element-54dd7d1 elementor-widget elementor-widget-heading\" data-id=\"54dd7d1\" data-element_type=\"widget\" data-e-type=\"widget\" data-widget_type=\"heading.default\">\n\t\t\t\t<div class=\"elementor-widget-container\">\n\t\t\t\t\t<h2 class=\"elementor-heading-title elementor-size-default\">Avantages par rapport \u00e0 l\u2019arthrod\u00e8se cervicale<\/h2>\t\t\t\t<\/div>\n\t\t\t\t<\/div>\n\t\t\t\t<div class=\"elementor-element elementor-element-4d0fa91 elementor-widget elementor-widget-text-editor\" data-id=\"4d0fa91\" data-element_type=\"widget\" data-e-type=\"widget\" data-widget_type=\"text-editor.default\">\n\t\t\t\t<div class=\"elementor-widget-container\">\n\t\t\t\t\t\t\t\t\t<ul><li>Pr\u00e9serve la mobilit\u00e9 du cou<\/li><li>R\u00e9duit le risque de d\u00e9g\u00e9n\u00e9rescence des disques adjacents<\/li><li>Temps de r\u00e9cup\u00e9ration plus court<\/li><li>Moins de raideur et meilleure qualit\u00e9 de vie postop\u00e9ratoire<br \/><br \/><\/li><\/ul><p>\u00ab Dans ma pratique, la proth\u00e8se discale a d\u00e9montr\u00e9 d\u2019excellents r\u00e9sultats chez des patients actifs souhaitant reprendre leur quotidien sans limitations inutiles \u00bb, pr\u00e9cise le Dr Covaro.<\/p>\t\t\t\t\t\t\t\t<\/div>\n\t\t\t\t<\/div>\n\t\t\t\t\t<\/div>\n\t\t\t\t<\/div>\n\t\t<div class=\"elementor-element elementor-element-ea3f0c6 e-flex e-con-boxed e-con e-parent\" data-id=\"ea3f0c6\" data-element_type=\"container\" data-e-type=\"container\">\n\t\t\t\t\t<div class=\"e-con-inner\">\n\t\t\t\t<div class=\"elementor-element elementor-element-6d5f830 elementor-widget elementor-widget-heading\" data-id=\"6d5f830\" data-element_type=\"widget\" data-e-type=\"widget\" data-widget_type=\"heading.default\">\n\t\t\t\t<div class=\"elementor-widget-container\">\n\t\t\t\t\t<h2 class=\"elementor-heading-title elementor-size-default\">Comment se passe la r\u00e9cup\u00e9ration ?<\/h2>\t\t\t\t<\/div>\n\t\t\t\t<\/div>\n\t\t\t\t<div class=\"elementor-element elementor-element-5de217b elementor-widget elementor-widget-text-editor\" data-id=\"5de217b\" data-element_type=\"widget\" data-e-type=\"widget\" data-widget_type=\"text-editor.default\">\n\t\t\t\t<div class=\"elementor-widget-container\">\n\t\t\t\t\t\t\t\t\t<p>Dans la majorit\u00e9 des cas, le patient peut quitter l\u2019h\u00f4pital sous 24 \u00e0 48 heures. Il est conseill\u00e9 d\u2019\u00e9viter les efforts pendant quelques semaines, mais beaucoup reprennent leurs activit\u00e9s quotidiennes en moins d\u2019un mois.<\/p><p>Le suivi postop\u00e9ratoire au Complex Spine Institute est personnalis\u00e9. Notre \u00e9quipe pluridisciplinaire (kin\u00e9sith\u00e9rapeutes, neurochirurgiens, orthop\u00e9distes) accompagne chaque \u00e9tape de la r\u00e9cup\u00e9ration pour optimiser les r\u00e9sultats cliniques.<\/p>\t\t\t\t\t\t\t\t<\/div>\n\t\t\t\t<\/div>\n\t\t\t\t\t<\/div>\n\t\t\t\t<\/div>\n\t\t<div class=\"elementor-element elementor-element-7cfc51db e-flex e-con-boxed e-con e-parent\" data-id=\"7cfc51db\" data-element_type=\"container\" data-e-type=\"container\">\n\t\t\t\t\t<div class=\"e-con-inner\">\n\t\t<div class=\"elementor-element elementor-element-78289e11 e-con-full e-flex e-con e-child\" data-id=\"78289e11\" data-element_type=\"container\" data-e-type=\"container\">\n\t\t\t\t<div class=\"elementor-element elementor-element-5d697c27 elementor-widget elementor-widget-heading\" data-id=\"5d697c27\" data-element_type=\"widget\" data-e-type=\"widget\" data-widget_type=\"heading.default\">\n\t\t\t\t<div class=\"elementor-widget-container\">\n\t\t\t\t\t<h2 class=\"elementor-heading-title elementor-size-default\">Questions fr\u00e9quentes sur la proth\u00e8se discale cervicale<\/h2>\t\t\t\t<\/div>\n\t\t\t\t<\/div>\n\t\t\t\t<\/div>\n\t\t<div class=\"elementor-element elementor-element-3950f575 e-con-full e-flex e-con e-child\" data-id=\"3950f575\" data-element_type=\"container\" data-e-type=\"container\">\n\t\t\t\t<div class=\"elementor-element elementor-element-6ae9bdd5 elementor-widget elementor-widget-heading\" data-id=\"6ae9bdd5\" data-element_type=\"widget\" data-e-type=\"widget\" data-widget_type=\"heading.default\">\n\t\t\t\t<div class=\"elementor-widget-container\">\n\t\t\t\t\t<h3 class=\"elementor-heading-title elementor-size-default\">La chirurgie est-elle douloureuse ?<\/h3>\t\t\t\t<\/div>\n\t\t\t\t<\/div>\n\t\t\t\t<div class=\"elementor-element elementor-element-574da2af elementor-widget elementor-widget-text-editor\" data-id=\"574da2af\" data-element_type=\"widget\" data-e-type=\"widget\" data-widget_type=\"text-editor.default\">\n\t\t\t\t<div class=\"elementor-widget-container\">\n\t\t\t\t\t\t\t\t\t<p>L\u2019intervention est bien tol\u00e9r\u00e9e. Gr\u00e2ce \u00e0 l\u2019anesth\u00e9sie et aux protocoles postop\u00e9ratoires modernes, la douleur est bien contr\u00f4l\u00e9e.<\/p>\t\t\t\t\t\t\t\t<\/div>\n\t\t\t\t<\/div>\n\t\t\t\t<\/div>\n\t\t<div class=\"elementor-element elementor-element-44b246f0 e-con-full e-flex e-con e-child\" data-id=\"44b246f0\" data-element_type=\"container\" data-e-type=\"container\">\n\t\t\t\t<div class=\"elementor-element elementor-element-21413a2b elementor-widget elementor-widget-heading\" data-id=\"21413a2b\" data-element_type=\"widget\" data-e-type=\"widget\" data-widget_type=\"heading.default\">\n\t\t\t\t<div class=\"elementor-widget-container\">\n\t\t\t\t\t<h3 class=\"elementor-heading-title elementor-size-default\">Quelle est la dur\u00e9e de vie d\u2019une proth\u00e8se cervicale ?<\/h3>\t\t\t\t<\/div>\n\t\t\t\t<\/div>\n\t\t\t\t<div class=\"elementor-element elementor-element-305eff54 elementor-widget elementor-widget-text-editor\" data-id=\"305eff54\" data-element_type=\"widget\" data-e-type=\"widget\" data-widget_type=\"text-editor.default\">\n\t\t\t\t<div class=\"elementor-widget-container\">\n\t\t\t\t\t\t\t\t\t<p>La plupart des proth\u00e8ses sont con\u00e7ues pour durer entre 15 et 20 ans, voire plus, selon le niveau d\u2019activit\u00e9 du patient.<\/p>\t\t\t\t\t\t\t\t<\/div>\n\t\t\t\t<\/div>\n\t\t\t\t<\/div>\n\t\t<div class=\"elementor-element elementor-element-6e48493e e-con-full e-flex e-con e-child\" data-id=\"6e48493e\" data-element_type=\"container\" data-e-type=\"container\">\n\t\t\t\t<div class=\"elementor-element elementor-element-5a96fce5 elementor-widget elementor-widget-heading\" data-id=\"5a96fce5\" data-element_type=\"widget\" data-e-type=\"widget\" data-widget_type=\"heading.default\">\n\t\t\t\t<div class=\"elementor-widget-container\">\n\t\t\t\t\t<h3 class=\"elementor-heading-title elementor-size-default\">Puis-je reprendre le sport ?<\/h3>\t\t\t\t<\/div>\n\t\t\t\t<\/div>\n\t\t\t\t<div class=\"elementor-element elementor-element-5ca9fb19 elementor-widget elementor-widget-text-editor\" data-id=\"5ca9fb19\" data-element_type=\"widget\" data-e-type=\"widget\" data-widget_type=\"text-editor.default\">\n\t\t\t\t<div class=\"elementor-widget-container\">\n\t\t\t\t\t\t\t\t\t<p>Oui, de nombreux patients reprennent leurs activit\u00e9s sportives apr\u00e8s l\u2019accord m\u00e9dical. Cela d\u00e9pend de l\u2019\u00e9volution clinique de chacun.<\/p>\t\t\t\t\t\t\t\t<\/div>\n\t\t\t\t<\/div>\n\t\t\t\t<\/div>\n\t\t<div class=\"elementor-element elementor-element-145d3ad e-con-full e-flex e-con e-child\" data-id=\"145d3ad\" data-element_type=\"container\" data-e-type=\"container\">\n\t\t\t\t<div class=\"elementor-element elementor-element-8af7e30 elementor-widget elementor-widget-heading\" data-id=\"8af7e30\" data-element_type=\"widget\" data-e-type=\"widget\" data-widget_type=\"heading.default\">\n\t\t\t\t<div class=\"elementor-widget-container\">\n\t\t\t\t\t<h3 class=\"elementor-heading-title elementor-size-default\">Quel est le co\u00fbt de cette chirurgie ?<\/h3>\t\t\t\t<\/div>\n\t\t\t\t<\/div>\n\t\t\t\t<div class=\"elementor-element elementor-element-b96c164 elementor-widget elementor-widget-text-editor\" data-id=\"b96c164\" data-element_type=\"widget\" data-e-type=\"widget\" data-widget_type=\"text-editor.default\">\n\t\t\t\t<div class=\"elementor-widget-container\">\n\t\t\t\t\t\t\t\t\t<p>Le prix varie selon le cas. Le Complex Spine Institute propose des devis d\u00e9taill\u00e9s et des consultations en ligne sans engagement.<\/p>\t\t\t\t\t\t\t\t<\/div>\n\t\t\t\t<\/div>\n\t\t\t\t<\/div>\n\t\t\t\t\t<\/div>\n\t\t\t\t<\/div>\n\t\t<div class=\"elementor-element elementor-element-b278f56 e-flex e-con-boxed e-con e-parent\" data-id=\"b278f56\" data-element_type=\"container\" data-e-type=\"container\">\n\t\t\t\t\t<div class=\"e-con-inner\">\n\t\t\t\t<div class=\"elementor-element elementor-element-2449c85 elementor-widget elementor-widget-heading\" data-id=\"2449c85\" data-element_type=\"widget\" data-e-type=\"widget\" data-widget_type=\"heading.default\">\n\t\t\t\t<div class=\"elementor-widget-container\">\n\t\t\t\t\t<h2 class=\"elementor-heading-title elementor-size-default\">Comment pouvons-nous vous aider au Complex Spine Institute ?<\/h2>\t\t\t\t<\/div>\n\t\t\t\t<\/div>\n\t\t\t\t<div class=\"elementor-element elementor-element-b79a9e4 elementor-widget elementor-widget-text-editor\" data-id=\"b79a9e4\" data-element_type=\"widget\" data-e-type=\"widget\" data-widget_type=\"text-editor.default\">\n\t\t\t\t<div class=\"elementor-widget-container\">\n\t\t\t\t\t\t\t\t\t<p>Nous sommes un centre de r\u00e9f\u00e9rence en <strong>chirurgie de la colonne vert\u00e9brale complexe et mini-invasive<\/strong>. Chaque cas est \u00e9valu\u00e9 individuellement afin d\u2019offrir des solutions s\u00fbres et personnalis\u00e9es. Les Drs Covaro et Gilete dirigent une \u00e9quipe engag\u00e9e dans l\u2019<strong>excellence m\u00e9dicale et l\u2019accompagnement humain.<\/strong><\/p><p><a href=\"https:\/\/complexspineinstitute.com\/fr\/complex-spine-institute\/fr\/complex-spine-institute\/fr\/complex-spine-institute\/fr\/complex-spine-institute\/fr\/complex-spine-institute\/fr\/complex-spine-institute\/fr\/complex-spine-institute\/fr\/demander-evaluation\/\"><strong>Demandez d\u00e8s maintenant votre consultation en ligne ou en pr\u00e9sentiel <\/strong><\/a>\u00e0 Barcelone, et retrouvez une vie sans douleur cervicale. Contactez-nous sans engagement.<\/p>\t\t\t\t\t\t\t\t<\/div>\n\t\t\t\t<\/div>\n\t\t\t\t\t<\/div>\n\t\t\t\t<\/div>\n\t\t<div class=\"elementor-element elementor-element-6dbf6f11 e-flex e-con-boxed e-con e-parent\" data-id=\"6dbf6f11\" data-element_type=\"container\" data-e-type=\"container\">\n\t\t\t\t\t<div class=\"e-con-inner\">\n\t\t\t\t<div class=\"elementor-element elementor-element-5c45b658 elementor-widget elementor-widget-text-editor\" data-id=\"5c45b658\" data-element_type=\"widget\" data-e-type=\"widget\" data-widget_type=\"text-editor.default\">\n\t\t\t\t<div class=\"elementor-widget-container\">\n\t\t\t\t\t\t\t\t\t<aside class=\"author-signature\" role=\"doc-credits\"><address>Revu et approuv\u00e9 par <strong>Dr Vicen\u00e7 Gilete, MD<\/strong>, neurochirurgien, et <strong>Dr\u00a0Augusto Covaro, MD<\/strong>, chirurgien orthop\u00e9dique<\/address><address>Complex\u00a0Spine\u00a0Institute \u00b7 Barcelone | <time datetime=\"2025-04-17\">18\u00a0avril\u00a02025<\/time><\/address><address><a href=\"https:\/\/complexspineinstitute.com\/fr\/complex-spine-institute\/fr\/complex-spine-institute\/fr\/complex-spine-institute\/fr\/complex-spine-institute\/fr\/complex-spine-institute\/fr\/complex-spine-institute\/fr\/complex-spine-institute\/fr\/institut\/#equipe_medicale\" rel=\"author\">Voir biographies et publications<\/a><\/address><\/aside>\t\t\t\t\t\t\t\t<\/div>\n\t\t\t\t<\/div>\n\t\t\t\t\t<\/div>\n\t\t\t\t<\/div>\n\t\t\t\t<\/div>\n\t\t","protected":false},"excerpt":{"rendered":"<p>Proth\u00e8se discale cervicale : d\u00e9finition, avantages et indications La proth\u00e8se discale cervicale, \u00e9galement appel\u00e9e remplacement de disque ou disque artificiel, est une technique chirurgicale avanc\u00e9e utilis\u00e9e pour traiter des pathologies d\u00e9g\u00e9n\u00e9ratives du cou, telles que la hernie discale cervicale ou la discopathie. Elle vise \u00e0 soulager la douleur, pr\u00e9server la mobilit\u00e9 du cou et \u00e9viter [&hellip;]<\/p>\n","protected":false},"author":1,"featured_media":960,"parent":1970,"menu_order":0,"comment_status":"closed","ping_status":"closed","template":"","meta":{"footnotes":""},"class_list":["post-2245","page","type-page","status-publish","has-post-thumbnail","hentry"],"_links":{"self":[{"href":"https:\/\/complexspineinstitute.com\/fr\/wp-json\/wp\/v2\/pages\/2245","targetHints":{"allow":["GET"]}}],"collection":[{"href":"https:\/\/complexspineinstitute.com\/fr\/wp-json\/wp\/v2\/pages"}],"about":[{"href":"https:\/\/complexspineinstitute.com\/fr\/wp-json\/wp\/v2\/types\/page"}],"author":[{"embeddable":true,"href":"https:\/\/complexspineinstitute.com\/fr\/wp-json\/wp\/v2\/users\/1"}],"replies":[{"embeddable":true,"href":"https:\/\/complexspineinstitute.com\/fr\/wp-json\/wp\/v2\/comments?post=2245"}],"version-history":[{"count":0,"href":"https:\/\/complexspineinstitute.com\/fr\/wp-json\/wp\/v2\/pages\/2245\/revisions"}],"up":[{"embeddable":true,"href":"https:\/\/complexspineinstitute.com\/fr\/wp-json\/wp\/v2\/pages\/1970"}],"wp:featuredmedia":[{"embeddable":true,"href":"https:\/\/complexspineinstitute.com\/fr\/wp-json\/wp\/v2\/media\/960"}],"wp:attachment":[{"href":"https:\/\/complexspineinstitute.com\/fr\/wp-json\/wp\/v2\/media?parent=2245"}],"curies":[{"name":"wp","href":"https:\/\/api.w.org\/{rel}","templated":true}]}}