{"id":2234,"date":"2025-04-17T12:00:36","date_gmt":"2025-04-17T10:00:36","guid":{"rendered":"https:\/\/complexspineinstitute.com\/contacto\/"},"modified":"2025-06-10T08:44:42","modified_gmt":"2025-06-10T06:44:42","slug":"contact","status":"publish","type":"page","link":"https:\/\/complexspineinstitute.com\/fr\/contact\/","title":{"rendered":"Contact"},"content":{"rendered":"\t\t<div data-elementor-type=\"wp-page\" data-elementor-id=\"2234\" class=\"elementor elementor-2234 elementor-1102\" data-elementor-post-type=\"page\">\n\t\t\t\t<div class=\"elementor-element elementor-element-232de56 e-flex e-con-boxed e-con e-parent\" data-id=\"232de56\" data-element_type=\"container\" data-e-type=\"container\">\n\t\t\t\t\t<div class=\"e-con-inner\">\n\t\t\t\t<div class=\"elementor-element elementor-element-d77e2fd elementor-widget elementor-widget-heading\" data-id=\"d77e2fd\" data-element_type=\"widget\" data-e-type=\"widget\" data-widget_type=\"heading.default\">\n\t\t\t\t<div class=\"elementor-widget-container\">\n\t\t\t\t\t<h1 class=\"elementor-heading-title elementor-size-default\">Contactez le Complex Spine Institute<\/h1>\t\t\t\t<\/div>\n\t\t\t\t<\/div>\n\t\t\t\t<div class=\"elementor-element elementor-element-2b9cc55 elementor-widget elementor-widget-text-editor\" data-id=\"2b9cc55\" data-element_type=\"widget\" data-e-type=\"widget\" data-widget_type=\"text-editor.default\">\n\t\t\t\t<div class=\"elementor-widget-container\">\n\t\t\t\t\t\t\t\t\tNous sommes l\u00e0 pour vous orienter et r\u00e9pondre \u00e0 toutes vos questions concernant votre colonne vert\u00e9brale.\t\t\t\t\t\t\t\t<\/div>\n\t\t\t\t<\/div>\n\t\t\t\t\t<\/div>\n\t\t\t\t<\/div>\n\t\t<div class=\"elementor-element elementor-element-19cf2c7 e-flex e-con-boxed e-con e-parent\" data-id=\"19cf2c7\" data-element_type=\"container\" data-e-type=\"container\">\n\t\t\t\t\t<div class=\"e-con-inner\">\n\t\t<div class=\"elementor-element elementor-element-c13f81a e-con-full e-flex e-con e-child\" data-id=\"c13f81a\" data-element_type=\"container\" data-e-type=\"container\">\n\t\t\t\t<div class=\"elementor-element elementor-element-c42b61b elementor-widget elementor-widget-heading\" data-id=\"c42b61b\" data-element_type=\"widget\" data-e-type=\"widget\" data-widget_type=\"heading.default\">\n\t\t\t\t<div class=\"elementor-widget-container\">\n\t\t\t\t\t<h2 class=\"elementor-heading-title elementor-size-default\">Informations de contact<\/h2>\t\t\t\t<\/div>\n\t\t\t\t<\/div>\n\t\t\t\t<div class=\"elementor-element elementor-element-16c5b4e elementor-widget elementor-widget-text-editor\" data-id=\"16c5b4e\" data-element_type=\"widget\" data-e-type=\"widget\" data-widget_type=\"text-editor.default\">\n\t\t\t\t<div class=\"elementor-widget-container\">\n\t\t\t\t\t\t\t\t\t<section><table><tbody><tr><th>T\u00e9l\u00e9phone<\/th><td>+34 93 198 34 77<\/td><\/tr><tr><th>E\u2011mail<\/th><td>info@complexspineinstitute.com<\/td><\/tr><tr><th>Langues<\/th><td>Espagnol et anglais natifs<\/td><\/tr><tr><th>Assistance internationale<\/th><td>Coordinateur patient pour visas, h\u00e9bergement et traduction<\/td><\/tr><tr><th>Horaires<\/th><td>Lundi &#8211; Vendredi : 9 h\u201318 h (CET)<\/td><\/tr><\/tbody><\/table><p class=\"note\">Pour les cas post\u2011chirurgicaux complexes ou les demandes sp\u00e9cifiques, veuillez l\u2019indiquer dans l\u2019objet de l\u2019e\u2011mail et nous vous mettrons en relation avec le sp\u00e9cialiste appropri\u00e9.<\/p><\/section>\t\t\t\t\t\t\t\t<\/div>\n\t\t\t\t<\/div>\n\t\t\t\t<\/div>\n\t\t<div class=\"elementor-element elementor-element-986d268 e-con-full e-flex e-con e-child\" data-id=\"986d268\" data-element_type=\"container\" data-e-type=\"container\">\n\t\t\t\t<div class=\"elementor-element elementor-element-7b0217c elementor-widget elementor-widget-heading\" data-id=\"7b0217c\" data-element_type=\"widget\" data-e-type=\"widget\" data-widget_type=\"heading.default\">\n\t\t\t\t<div class=\"elementor-widget-container\">\n\t\t\t\t\t<h2 class=\"elementor-heading-title elementor-size-default\">Formulaire de contact<\/h2>\t\t\t\t<\/div>\n\t\t\t\t<\/div>\n\t\t\t\t<div class=\"elementor-element elementor-element-a2730de elementor-button-align-stretch elementor-widget elementor-widget-form\" data-id=\"a2730de\" data-element_type=\"widget\" data-e-type=\"widget\" data-settings=\"{&quot;step_next_label&quot;:&quot;Siguiente&quot;,&quot;step_previous_label&quot;:&quot;Anterior&quot;,&quot;button_width&quot;:&quot;100&quot;,&quot;step_type&quot;:&quot;number_text&quot;,&quot;step_icon_shape&quot;:&quot;circle&quot;}\" data-widget_type=\"form.default\">\n\t\t\t\t<div class=\"elementor-widget-container\">\n\t\t\t\t\t\t\t<form class=\"elementor-form\" method=\"post\" name=\"Nuevo formulario\" aria-label=\"Nuevo formulario\">\n\t\t\t<input type=\"hidden\" name=\"post_id\" value=\"2234\"\/>\n\t\t\t<input type=\"hidden\" name=\"form_id\" value=\"a2730de\"\/>\n\t\t\t<input type=\"hidden\" name=\"referer_title\" value=\"Contact Complex Spine Institute for Patient Support\" \/>\n\n\t\t\t\t\t\t\t<input type=\"hidden\" name=\"queried_id\" value=\"2234\"\/>\n\t\t\t\n\t\t\t<div class=\"elementor-form-fields-wrapper elementor-labels-above\">\n\t\t\t\t\t\t\t\t<div class=\"elementor-field-type-text elementor-field-group elementor-column elementor-field-group-name elementor-col-100 elementor-field-required\">\n\t\t\t\t\t\t\t\t\t\t\t\t\t<input size=\"1\" type=\"text\" name=\"form_fields[name]\" id=\"form-field-name\" class=\"elementor-field elementor-size-sm  elementor-field-textual\" placeholder=\"Nom\" required=\"required\">\n\t\t\t\t\t\t\t\t\t\t\t<\/div>\n\t\t\t\t\t\t\t\t<div class=\"elementor-field-type-email elementor-field-group elementor-column elementor-field-group-email elementor-col-100 elementor-field-required\">\n\t\t\t\t\t\t\t\t\t\t\t\t\t<input size=\"1\" type=\"email\" name=\"form_fields[email]\" id=\"form-field-email\" class=\"elementor-field elementor-size-sm  elementor-field-textual\" placeholder=\"E\u2011mail\" required=\"required\">\n\t\t\t\t\t\t\t\t\t\t\t<\/div>\n\t\t\t\t\t\t\t\t<div class=\"elementor-field-type-textarea elementor-field-group elementor-column elementor-field-group-message elementor-col-100 elementor-field-required\">\n\t\t\t\t\t<textarea class=\"elementor-field-textual elementor-field  elementor-size-sm\" name=\"form_fields[message]\" id=\"form-field-message\" rows=\"4\" placeholder=\"Message\" required=\"required\"><\/textarea>\t\t\t\t<\/div>\n\t\t\t\t\t\t\t\t<div class=\"elementor-field-type-html elementor-field-group elementor-column elementor-field-group-field_1fc2756 elementor-col-100\">\n\t\t\t\t\t<p style=\"font-size:12px !important;\">\nResponsable du traitement\u00a0: Complex Spine Institute\n<b>Objectif\u00a0:<\/b> Vous contacter.<br>\n<b>L\u00e9gitimation\u00a0:<\/b> consentement de l'int\u00e9ress\u00e9.<br>\n<b>Destinataires\u00a0:<\/b> Les donn\u00e9es ne seront pas transmises \u00e0 des tiers, sauf obligation l\u00e9gale.<br>\n<b>Droits\u00a0:<\/b> Vous pouvez exercer les droits d\u2019acc\u00e8s, de rectification, de limitation du traitement, de suppression, de portabilit\u00e9 et d\u2019opposition au traitement de vos donn\u00e9es personnelles, ainsi que le droit de retirer le consentement donn\u00e9 pour le traitement de vos donn\u00e9es personnelles.<br>\n<b>Informations compl\u00e9mentaires\u00a0:<\/b> Vous pouvez consulter des informations d\u00e9taill\u00e9es sur la protection des donn\u00e9es sur ce site Web.\n<\/p>\t\t\t\t<\/div>\n\t\t\t\t\t\t\t\t<div class=\"elementor-field-type-acceptance elementor-field-group elementor-column elementor-field-group-field_4c2c2bb elementor-col-100 elementor-field-required\">\n\t\t\t\t\t\t\t<div class=\"elementor-field-subgroup\">\n\t\t\t<span class=\"elementor-field-option\">\n\t\t\t\t<input type=\"checkbox\" name=\"form_fields[field_4c2c2bb]\" id=\"form-field-field_4c2c2bb\" class=\"elementor-field elementor-size-sm  elementor-acceptance-field\" required=\"required\">\n\t\t\t\t<label for=\"form-field-field_4c2c2bb\">J\u2019ai pris connaissance et j\u2019accepte la <a href=\"https:\/\/complexspineinstitute.com\/fr\/complex-spine-institute\/fr\/complex-spine-institute\/fr\/complex-spine-institute\/fr\/complex-spine-institute\/fr\/complex-spine-institute\/fr\/complex-spine-institute\/fr\/complex-spine-institute\/fr\/politique-de-confidentialite\/\">politique de confidentialit\u00e9<\/a><\/label>\t\t\t<\/span>\n\t\t<\/div>\n\t\t\t\t\t\t<\/div>\n\t\t\t\t\t\t\t\t<div class=\"elementor-field-type-text\">\n\t\t\t\t\t<input size=\"1\" type=\"text\" name=\"form_fields[field_f412364]\" id=\"form-field-field_f412364\" class=\"elementor-field elementor-size-sm \" style=\"display:none !important;\">\t\t\t\t<\/div>\n\t\t\t\t\t\t\t\t<div class=\"elementor-field-type-hidden elementor-field-group elementor-column elementor-field-group-field_749447f elementor-col-100\">\n\t\t\t\t\t\t\t\t\t\t\t\t\t<input size=\"1\" type=\"hidden\" name=\"form_fields[field_749447f]\" id=\"form-field-field_749447f\" class=\"elementor-field elementor-size-sm  elementor-field-textual\">\n\t\t\t\t\t\t\t\t\t\t\t<\/div>\n\t\t\t\t\t\t\t\t<div class=\"elementor-field-type-recaptcha_v3 elementor-field-group elementor-column elementor-field-group-field_40b9887 elementor-col-100 recaptcha_v3-bottomright\">\n\t\t\t\t\t<div class=\"elementor-field\" id=\"form-field-field_40b9887\"><div class=\"elementor-g-recaptcha\" data-sitekey=\"6Ldl7z8rAAAAAAnUTvPOoY7GBu1wxdfFbsXN1Df1\" data-type=\"v3\" data-action=\"Form\" data-badge=\"bottomright\" data-size=\"invisible\"><\/div><\/div>\t\t\t\t<\/div>\n\t\t\t\t\t\t\t\t<div class=\"elementor-field-group elementor-column elementor-field-type-submit elementor-col-100 e-form__buttons\">\n\t\t\t\t\t<button class=\"elementor-button elementor-size-sm\" type=\"submit\">\n\t\t\t\t\t\t<span class=\"elementor-button-content-wrapper\">\n\t\t\t\t\t\t\t\t\t\t\t\t\t\t\t\t\t\t\t\t\t\t<span class=\"elementor-button-text\">Envoyer<\/span>\n\t\t\t\t\t\t\t\t\t\t\t\t\t<\/span>\n\t\t\t\t\t<\/button>\n\t\t\t\t<\/div>\n\t\t\t<\/div>\n\t\t<\/form>\n\t\t\t\t\t\t<\/div>\n\t\t\t\t<\/div>\n\t\t\t\t<\/div>\n\t\t\t\t\t<\/div>\n\t\t\t\t<\/div>\n\t\t<div class=\"elementor-element elementor-element-2b96604 e-flex e-con-boxed e-con e-parent\" data-id=\"2b96604\" data-element_type=\"container\" data-e-type=\"container\">\n\t\t\t\t\t<div class=\"e-con-inner\">\n\t\t\t\t<div class=\"elementor-element elementor-element-144a911 elementor-widget elementor-widget-heading\" data-id=\"144a911\" data-element_type=\"widget\" data-e-type=\"widget\" data-widget_type=\"heading.default\">\n\t\t\t\t<div class=\"elementor-widget-container\">\n\t\t\t\t\t<h2 class=\"elementor-heading-title elementor-size-default\">Localisation<\/h2>\t\t\t\t<\/div>\n\t\t\t\t<\/div>\n\t\t\t\t\t<\/div>\n\t\t\t\t<\/div>\n\t\t<div class=\"elementor-element elementor-element-f5ec69d e-flex e-con-boxed e-con e-parent\" data-id=\"f5ec69d\" data-element_type=\"container\" data-e-type=\"container\">\n\t\t\t\t\t<div class=\"e-con-inner\">\n\t\t<div class=\"elementor-element elementor-element-320856f e-con-full e-flex e-con e-child\" data-id=\"320856f\" data-element_type=\"container\" data-e-type=\"container\">\n\t\t\t\t<div class=\"elementor-element elementor-element-c7710c0 elementor-widget elementor-widget-text-editor\" data-id=\"c7710c0\" data-element_type=\"widget\" data-e-type=\"widget\" data-widget_type=\"text-editor.default\">\n\t\t\t\t<div class=\"elementor-widget-container\">\n\t\t\t\t\t\t\t\t\t<p><strong>Hospital Quir\u00f3n Barcelona \u2013 Complexe Teknon,\u00a0<\/strong><br \/>Salles de consultation\u00a0Marquesa, bureau\u00a024. Rue\u00a0Vilana\u00a012, 08022 Barcelone, Espagne<\/p><p><strong>Acc\u00e8s<\/strong><\/p><ul><li><strong>En taxi ou VTC\u00a0:<\/strong> 20\u201325\u00a0min depuis l\u2019a\u00e9roport El\u00a0Prat.<\/li><li><strong>En m\u00e9tro\u00a0:<\/strong> Ligne\u00a0L7 (station El\u00a0Putxet) +\u00a08\u00a0min \u00e0 pied.<\/li><li><strong>En bus\u00a0:<\/strong> Lignes\u00a0131 et\u00a0V13 (arr\u00eat \u00ab\u00a0Hospital Teknon\u00a0\u00bb).<\/li><li><strong>Parking\u00a0:<\/strong> Parking souterrain disponible.<\/li><\/ul>\t\t\t\t\t\t\t\t<\/div>\n\t\t\t\t<\/div>\n\t\t\t\t<\/div>\n\t\t<div class=\"elementor-element elementor-element-e317662 e-con-full e-flex e-con e-child\" data-id=\"e317662\" data-element_type=\"container\" data-e-type=\"container\">\n\t\t\t\t<div class=\"elementor-element elementor-element-d515cbe elementor-widget elementor-widget-image\" data-id=\"d515cbe\" data-element_type=\"widget\" data-e-type=\"widget\" data-widget_type=\"image.default\">\n\t\t\t\t<div class=\"elementor-widget-container\">\n\t\t\t\t\t\t\t\t\t\t\t\t\t\t\t<img fetchpriority=\"high\" decoding=\"async\" width=\"500\" height=\"375\" src=\"https:\/\/complexspineinstitute.com\/wp-content\/uploads\/2025\/04\/hospital_teknon.webp\" class=\"attachment-large size-large wp-image-944\" alt=\"Fachada principal del Hospital Quir\u00f3nsalud Teknon en Barcelona\" srcset=\"https:\/\/complexspineinstitute.com\/wp-content\/uploads\/2025\/04\/hospital_teknon.webp 500w, https:\/\/complexspineinstitute.com\/wp-content\/uploads\/2025\/04\/hospital_teknon-300x225.webp 300w\" sizes=\"(max-width: 500px) 100vw, 500px\" \/>\t\t\t\t\t\t\t\t\t\t\t\t\t\t\t<\/div>\n\t\t\t\t<\/div>\n\t\t\t\t<\/div>\n\t\t\t\t\t<\/div>\n\t\t\t\t<\/div>\n\t\t<div class=\"elementor-element elementor-element-39b4c43 e-flex e-con-boxed e-con e-parent\" data-id=\"39b4c43\" data-element_type=\"container\" data-e-type=\"container\">\n\t\t\t\t\t<div class=\"e-con-inner\">\n\t\t\t\t<div class=\"elementor-element elementor-element-761c13d elementor-widget elementor-widget-image\" data-id=\"761c13d\" data-element_type=\"widget\" data-e-type=\"widget\" data-widget_type=\"image.default\">\n\t\t\t\t<div class=\"elementor-widget-container\">\n\t\t\t\t\t\t\t\t\t\t\t\t\t\t\t\t<a href=\"https:\/\/maps.app.goo.gl\/g9kckdv5yaBbU3kw9\" target=\"_blank\" rel=\"nofollow noopener\">\n\t\t\t\t\t\t\t<img decoding=\"async\" width=\"1845\" height=\"611\" src=\"https:\/\/complexspineinstitute.com\/wp-content\/uploads\/2025\/04\/mapa-hospital-centro-medico-teknon_barcelona.webp\" class=\"attachment-full size-full wp-image-1882\" alt=\"Mapa direccion hosital Teknon Barcelona\" srcset=\"https:\/\/complexspineinstitute.com\/wp-content\/uploads\/2025\/04\/mapa-hospital-centro-medico-teknon_barcelona.webp 1845w, https:\/\/complexspineinstitute.com\/wp-content\/uploads\/2025\/04\/mapa-hospital-centro-medico-teknon_barcelona-300x99.webp 300w, https:\/\/complexspineinstitute.com\/wp-content\/uploads\/2025\/04\/mapa-hospital-centro-medico-teknon_barcelona-1024x339.webp 1024w, https:\/\/complexspineinstitute.com\/wp-content\/uploads\/2025\/04\/mapa-hospital-centro-medico-teknon_barcelona-768x254.webp 768w, https:\/\/complexspineinstitute.com\/wp-content\/uploads\/2025\/04\/mapa-hospital-centro-medico-teknon_barcelona-1536x509.webp 1536w\" sizes=\"(max-width: 1845px) 100vw, 1845px\" \/>\t\t\t\t\t\t\t\t<\/a>\n\t\t\t\t\t\t\t\t\t\t\t\t\t\t\t<\/div>\n\t\t\t\t<\/div>\n\t\t\t\t\t<\/div>\n\t\t\t\t<\/div>\n\t\t<div class=\"elementor-element elementor-element-a4a048e e-flex e-con-boxed e-con e-parent\" data-id=\"a4a048e\" data-element_type=\"container\" data-e-type=\"container\">\n\t\t\t\t\t<div class=\"e-con-inner\">\n\t\t\t\t<div class=\"elementor-element elementor-element-8bf369d elementor-widget elementor-widget-heading\" data-id=\"8bf369d\" data-element_type=\"widget\" data-e-type=\"widget\" data-widget_type=\"heading.default\">\n\t\t\t\t<div class=\"elementor-widget-container\">\n\t\t\t\t\t<h2 class=\"elementor-heading-title elementor-size-default\">Foire aux questions<\/h2>\t\t\t\t<\/div>\n\t\t\t\t<\/div>\n\t\t\t\t\t<\/div>\n\t\t\t\t<\/div>\n\t\t<div class=\"elementor-element elementor-element-30e9ea3 e-flex e-con-boxed e-con e-parent\" data-id=\"30e9ea3\" data-element_type=\"container\" data-e-type=\"container\">\n\t\t\t\t\t<div class=\"e-con-inner\">\n\t\t\t\t<div class=\"elementor-element elementor-element-886fb85 elementor-widget elementor-widget-heading\" data-id=\"886fb85\" data-element_type=\"widget\" data-e-type=\"widget\" data-widget_type=\"heading.default\">\n\t\t\t\t<div class=\"elementor-widget-container\">\n\t\t\t\t\t<h3 class=\"elementor-heading-title elementor-size-default\">Puis-je envoyer mes images m\u00e9dicales par e-mail\u00a0?<\/h3>\t\t\t\t<\/div>\n\t\t\t\t<\/div>\n\t\t\t\t<div class=\"elementor-element elementor-element-467707f elementor-widget elementor-widget-text-editor\" data-id=\"467707f\" data-element_type=\"widget\" data-e-type=\"widget\" data-widget_type=\"text-editor.default\">\n\t\t\t\t<div class=\"elementor-widget-container\">\n\t\t\t\t\t\t\t\t\t<p data-pm-slice=\"1 1 []\">Nous vous recommandons de suivre les consignes fournies par notre personnel pour partager vos IRM ou scanners et garantir la confidentialit\u00e9.<\/p>\t\t\t\t\t\t\t\t<\/div>\n\t\t\t\t<\/div>\n\t\t\t\t\t<\/div>\n\t\t\t\t<\/div>\n\t\t<div class=\"elementor-element elementor-element-46c7fc1 e-flex e-con-boxed e-con e-parent\" data-id=\"46c7fc1\" data-element_type=\"container\" data-e-type=\"container\">\n\t\t\t\t\t<div class=\"e-con-inner\">\n\t\t\t\t<div class=\"elementor-element elementor-element-3143254 elementor-widget elementor-widget-heading\" data-id=\"3143254\" data-element_type=\"widget\" data-e-type=\"widget\" data-widget_type=\"heading.default\">\n\t\t\t\t<div class=\"elementor-widget-container\">\n\t\t\t\t\t<h3 class=\"elementor-heading-title elementor-size-default\">L\u2019\u00e9tablissement est-il accessible aux personnes \u00e0 mobilit\u00e9 r\u00e9duite\u00a0?<\/h3>\t\t\t\t<\/div>\n\t\t\t\t<\/div>\n\t\t\t\t<div class=\"elementor-element elementor-element-c239a56 elementor-widget elementor-widget-text-editor\" data-id=\"c239a56\" data-element_type=\"widget\" data-e-type=\"widget\" data-widget_type=\"text-editor.default\">\n\t\t\t\t<div class=\"elementor-widget-container\">\n\t\t\t\t\t\t\t\t\t<p data-pm-slice=\"1 1 []\">L\u2019ensemble du complexe est \u00e9quip\u00e9 de rampes, d\u2019ascenseurs spacieux et de chambres accessibles.<\/p>\t\t\t\t\t\t\t\t<\/div>\n\t\t\t\t<\/div>\n\t\t\t\t\t<\/div>\n\t\t\t\t<\/div>\n\t\t<div class=\"elementor-element elementor-element-299bac5 e-flex e-con-boxed e-con e-parent\" data-id=\"299bac5\" data-element_type=\"container\" data-e-type=\"container\">\n\t\t\t\t\t<div class=\"e-con-inner\">\n\t\t\t\t<div class=\"elementor-element elementor-element-eb858cc elementor-widget elementor-widget-heading\" data-id=\"eb858cc\" data-element_type=\"widget\" data-e-type=\"widget\" data-widget_type=\"heading.default\">\n\t\t\t\t<div class=\"elementor-widget-container\">\n\t\t\t\t\t<h3 class=\"elementor-heading-title elementor-size-default\">Comment se d\u00e9roule la t\u00e9l\u00e9consultation\u00a0?<\/h3>\t\t\t\t<\/div>\n\t\t\t\t<\/div>\n\t\t\t\t<div class=\"elementor-element elementor-element-c6e3ba0 elementor-widget elementor-widget-text-editor\" data-id=\"c6e3ba0\" data-element_type=\"widget\" data-e-type=\"widget\" data-widget_type=\"text-editor.default\">\n\t\t\t\t<div class=\"elementor-widget-container\">\n\t\t\t\t\t\t\t\t\t<p>La t\u00e9l\u00e9consultation comprend un examen d\u00e9taill\u00e9 de votre cas et un rapport m\u00e9dical \u00e9crit. Vous pouvez la demander apr\u00e8s votre \u00e9valuation initiale pour poser vos questions directement au Dr\u00a0Gilete ou au Dr\u00a0Covaro.<\/p>\n\t\t\t\t\t\t\t\t<\/div>\n\t\t\t\t<\/div>\n\t\t\t\t\t<\/div>\n\t\t\t\t<\/div>\n\t\t<div class=\"elementor-element elementor-element-24c3515 e-flex e-con-boxed e-con e-parent\" data-id=\"24c3515\" data-element_type=\"container\" data-e-type=\"container\">\n\t\t\t\t\t<div class=\"e-con-inner\">\n\t\t\t\t<div class=\"elementor-element elementor-element-82ca5aa elementor-widget elementor-widget-heading\" data-id=\"82ca5aa\" data-element_type=\"widget\" data-e-type=\"widget\" data-widget_type=\"heading.default\">\n\t\t\t\t<div class=\"elementor-widget-container\">\n\t\t\t\t\t<h3 class=\"elementor-heading-title elementor-size-default\">Puis-je prendre rendez-vous pour une consultation de suivi apr\u00e8s ma chirurgie\u00a0?<\/h3>\t\t\t\t<\/div>\n\t\t\t\t<\/div>\n\t\t\t\t<div class=\"elementor-element elementor-element-7cb723b elementor-widget elementor-widget-text-editor\" data-id=\"7cb723b\" data-element_type=\"widget\" data-e-type=\"widget\" data-widget_type=\"text-editor.default\">\n\t\t\t\t<div class=\"elementor-widget-container\">\n\t\t\t\t\t\t\t\t\t<p>Oui. Nous proposons des consultations de suivi en pr\u00e9sentiel ou par visioconf\u00e9rence pour examiner votre \u00e9volution postop\u00e9ratoire et ajuster votre plan de r\u00e9\u00e9ducation.<\/p>\n\t\t\t\t\t\t\t\t<\/div>\n\t\t\t\t<\/div>\n\t\t\t\t\t<\/div>\n\t\t\t\t<\/div>\n\t\t<div class=\"elementor-element elementor-element-ccfeec0 e-flex e-con-boxed e-con e-parent\" data-id=\"ccfeec0\" data-element_type=\"container\" data-e-type=\"container\">\n\t\t\t\t\t<div class=\"e-con-inner\">\n\t\t\t\t<div class=\"elementor-element elementor-element-951bde0 elementor-widget elementor-widget-heading\" data-id=\"951bde0\" data-element_type=\"widget\" data-e-type=\"widget\" data-widget_type=\"heading.default\">\n\t\t\t\t<div class=\"elementor-widget-container\">\n\t\t\t\t\t<h3 class=\"elementor-heading-title elementor-size-default\">Quelles informations dois-je fournir pour une prise en charge internationale ?<\/h3>\t\t\t\t<\/div>\n\t\t\t\t<\/div>\n\t\t\t\t<div class=\"elementor-element elementor-element-f833674 elementor-widget elementor-widget-text-editor\" data-id=\"f833674\" data-element_type=\"widget\" data-e-type=\"widget\" data-widget_type=\"text-editor.default\">\n\t\t\t\t<div class=\"elementor-widget-container\">\n\t\t\t\t\t\t\t\t\t<p>Lorsque vous nous contactez, indiquez votre pays de r\u00e9sidence et vos besoins (visa, h\u00e9bergement). Notre coordinateur des patients vous accompagnera \u00e0 chaque \u00e9tape.<\/p>\n\t\t\t\t\t\t\t\t<\/div>\n\t\t\t\t<\/div>\n\t\t\t\t\t<\/div>\n\t\t\t\t<\/div>\n\t\t\t\t<\/div>\n\t\t","protected":false},"excerpt":{"rendered":"<p>Contactez le Complex Spine Institute Nous sommes l\u00e0 pour vous orienter et r\u00e9pondre \u00e0 toutes vos questions concernant votre colonne vert\u00e9brale. Informations de contact T\u00e9l\u00e9phone +34 93 198 34 77 E\u2011mail info@complexspineinstitute.com Langues Espagnol et anglais natifs Assistance internationale Coordinateur patient pour visas, h\u00e9bergement et traduction Horaires Lundi &#8211; Vendredi : 9 h\u201318 h (CET) [&hellip;]<\/p>\n","protected":false},"author":1,"featured_media":940,"parent":0,"menu_order":0,"comment_status":"closed","ping_status":"closed","template":"","meta":{"footnotes":""},"class_list":["post-2234","page","type-page","status-publish","has-post-thumbnail","hentry"],"_links":{"self":[{"href":"https:\/\/complexspineinstitute.com\/fr\/wp-json\/wp\/v2\/pages\/2234","targetHints":{"allow":["GET"]}}],"collection":[{"href":"https:\/\/complexspineinstitute.com\/fr\/wp-json\/wp\/v2\/pages"}],"about":[{"href":"https:\/\/complexspineinstitute.com\/fr\/wp-json\/wp\/v2\/types\/page"}],"author":[{"embeddable":true,"href":"https:\/\/complexspineinstitute.com\/fr\/wp-json\/wp\/v2\/users\/1"}],"replies":[{"embeddable":true,"href":"https:\/\/complexspineinstitute.com\/fr\/wp-json\/wp\/v2\/comments?post=2234"}],"version-history":[{"count":0,"href":"https:\/\/complexspineinstitute.com\/fr\/wp-json\/wp\/v2\/pages\/2234\/revisions"}],"wp:featuredmedia":[{"embeddable":true,"href":"https:\/\/complexspineinstitute.com\/fr\/wp-json\/wp\/v2\/media\/940"}],"wp:attachment":[{"href":"https:\/\/complexspineinstitute.com\/fr\/wp-json\/wp\/v2\/media?parent=2234"}],"curies":[{"name":"wp","href":"https:\/\/api.w.org\/{rel}","templated":true}]}}