{"id":2228,"date":"2025-04-17T12:00:33","date_gmt":"2025-04-17T10:00:33","guid":{"rendered":"https:\/\/complexspineinstitute.com\/solicitar-evaluacion\/"},"modified":"2025-06-10T08:45:25","modified_gmt":"2025-06-10T06:45:25","slug":"demander-evaluation","status":"publish","type":"page","link":"https:\/\/complexspineinstitute.com\/fr\/demander-evaluation\/","title":{"rendered":"Demander \u00e9valuation"},"content":{"rendered":"\t\t<div data-elementor-type=\"wp-page\" data-elementor-id=\"2228\" class=\"elementor elementor-2228 elementor-1072\" data-elementor-post-type=\"page\">\n\t\t\t\t<div class=\"elementor-element elementor-element-232de56 e-flex e-con-boxed e-con e-parent\" data-id=\"232de56\" data-element_type=\"container\" data-e-type=\"container\">\n\t\t\t\t\t<div class=\"e-con-inner\">\n\t\t\t\t<div class=\"elementor-element elementor-element-d77e2fd elementor-widget elementor-widget-heading\" data-id=\"d77e2fd\" data-element_type=\"widget\" data-e-type=\"widget\" data-widget_type=\"heading.default\">\n\t\t\t\t<div class=\"elementor-widget-container\">\n\t\t\t\t\t<h1 class=\"elementor-heading-title elementor-size-default\">Demander evaluation de la colonne vert\u00e9brale<\/h1>\t\t\t\t<\/div>\n\t\t\t\t<\/div>\n\t\t\t\t\t<\/div>\n\t\t\t\t<\/div>\n\t\t<div class=\"elementor-element elementor-element-4b39ac2 e-flex e-con-boxed e-con e-parent\" data-id=\"4b39ac2\" data-element_type=\"container\" data-e-type=\"container\">\n\t\t\t\t\t<div class=\"e-con-inner\">\n\t\t<div class=\"elementor-element elementor-element-ac5c5ad e-con-full e-flex e-con e-child\" data-id=\"ac5c5ad\" data-element_type=\"container\" data-e-type=\"container\">\n\t\t\t\t<div class=\"elementor-element elementor-element-d6213bf elementor-widget elementor-widget-heading\" data-id=\"d6213bf\" data-element_type=\"widget\" data-e-type=\"widget\" data-widget_type=\"heading.default\">\n\t\t\t\t<div class=\"elementor-widget-container\">\n\t\t\t\t\t<h3 class=\"elementor-heading-title elementor-size-default\">D\u00e9couvrez si nous sommes la meilleure option pour votre probl\u00e8me de colonne vert\u00e9brale sans avoir \u00e0 vous d\u00e9placer.<\/h3>\t\t\t\t<\/div>\n\t\t\t\t<\/div>\n\t\t\t\t<div class=\"elementor-element elementor-element-125a027 elementor-widget elementor-widget-text-editor\" data-id=\"125a027\" data-element_type=\"widget\" data-e-type=\"widget\" data-widget_type=\"text-editor.default\">\n\t\t\t\t<div class=\"elementor-widget-container\">\n\t\t\t\t\t\t\t\t\t<p>Nous savons combien il est frustrant de vivre avec une douleur chronique ou de se remettre d\u2019une chirurgie infructueuse. C\u2019est pourquoi nous avons mis au point un processus de pr\u00e9\u2011\u00e9valuation en ligne, confidentiel et rapide, con\u00e7u pour vous apporter de la clart\u00e9 \u00e0 chaque \u00e9tape.<\/p>\n\t\t\t\t\t\t\t\t<\/div>\n\t\t\t\t<\/div>\n\t\t\t\t<div class=\"elementor-element elementor-element-b497e35 elementor-button-align-stretch elementor-widget elementor-widget-form\" data-id=\"b497e35\" data-element_type=\"widget\" data-e-type=\"widget\" data-settings=\"{&quot;step_next_label&quot;:&quot;Siguiente&quot;,&quot;step_previous_label&quot;:&quot;Anterior&quot;,&quot;button_width&quot;:&quot;100&quot;,&quot;step_type&quot;:&quot;number_text&quot;,&quot;step_icon_shape&quot;:&quot;circle&quot;}\" data-widget_type=\"form.default\">\n\t\t\t\t<div class=\"elementor-widget-container\">\n\t\t\t\t\t\t\t<form class=\"elementor-form\" method=\"post\" name=\"Nuevo formulario\" aria-label=\"Nuevo formulario\">\n\t\t\t<input type=\"hidden\" name=\"post_id\" value=\"2228\"\/>\n\t\t\t<input type=\"hidden\" name=\"form_id\" value=\"b497e35\"\/>\n\t\t\t<input type=\"hidden\" name=\"referer_title\" value=\"Demander evaluation chirurgie colonne \u2013 Complex Spine Institute\" \/>\n\n\t\t\t\t\t\t\t<input type=\"hidden\" name=\"queried_id\" value=\"2228\"\/>\n\t\t\t\n\t\t\t<div class=\"elementor-form-fields-wrapper elementor-labels-above\">\n\t\t\t\t\t\t\t\t<div class=\"elementor-field-type-text elementor-field-group elementor-column elementor-field-group-name elementor-col-100 elementor-field-required\">\n\t\t\t\t\t\t\t\t\t\t\t\t\t<input size=\"1\" type=\"text\" name=\"form_fields[name]\" id=\"form-field-name\" class=\"elementor-field elementor-size-sm  elementor-field-textual\" placeholder=\"Nom\" required=\"required\">\n\t\t\t\t\t\t\t\t\t\t\t<\/div>\n\t\t\t\t\t\t\t\t<div class=\"elementor-field-type-email elementor-field-group elementor-column elementor-field-group-email elementor-col-100 elementor-field-required\">\n\t\t\t\t\t\t\t\t\t\t\t\t\t<input size=\"1\" type=\"email\" name=\"form_fields[email]\" id=\"form-field-email\" class=\"elementor-field elementor-size-sm  elementor-field-textual\" placeholder=\"Adresse e-mail\" required=\"required\">\n\t\t\t\t\t\t\t\t\t\t\t<\/div>\n\t\t\t\t\t\t\t\t<div class=\"elementor-field-type-textarea elementor-field-group elementor-column elementor-field-group-message elementor-col-100 elementor-field-required\">\n\t\t\t\t\t<textarea class=\"elementor-field-textual elementor-field  elementor-size-sm\" name=\"form_fields[message]\" id=\"form-field-message\" rows=\"4\" placeholder=\"Message\" required=\"required\"><\/textarea>\t\t\t\t<\/div>\n\t\t\t\t\t\t\t\t<div class=\"elementor-field-type-html elementor-field-group elementor-column elementor-field-group-field_7427be4 elementor-col-100\">\n\t\t\t\t\t<p style=\"font-size:12px !important;\">\nResponsable du traitement\u00a0: Complex Spine Institute\n<b>Objectif\u00a0:<\/b> Vous contacter.<br>\n<b>L\u00e9gitimation\u00a0:<\/b> consentement de l'int\u00e9ress\u00e9.<br>\n<b>Destinataires\u00a0:<\/b> Les donn\u00e9es ne seront pas transmises \u00e0 des tiers, sauf obligation l\u00e9gale.<br>\n<b>Droits\u00a0:<\/b> Vous pouvez exercer les droits d\u2019acc\u00e8s, de rectification, de limitation du traitement, de suppression, de portabilit\u00e9 et d\u2019opposition au traitement de vos donn\u00e9es personnelles, ainsi que le droit de retirer le consentement donn\u00e9 pour le traitement de vos donn\u00e9es personnelles.<br>\n<b>Informations compl\u00e9mentaires\u00a0:<\/b> Vous pouvez consulter des informations d\u00e9taill\u00e9es sur la protection des donn\u00e9es sur ce site Web.\n<\/p>\t\t\t\t<\/div>\n\t\t\t\t\t\t\t\t<div class=\"elementor-field-type-acceptance elementor-field-group elementor-column elementor-field-group-field_3ee3a98 elementor-col-100 elementor-field-required\">\n\t\t\t\t\t\t\t<div class=\"elementor-field-subgroup\">\n\t\t\t<span class=\"elementor-field-option\">\n\t\t\t\t<input type=\"checkbox\" name=\"form_fields[field_3ee3a98]\" id=\"form-field-field_3ee3a98\" class=\"elementor-field elementor-size-sm  elementor-acceptance-field\" required=\"required\">\n\t\t\t\t<label for=\"form-field-field_3ee3a98\"><p>J'ai lu et j'accepte la <a href=\"https:\/\/complexspineinstitute.com\/fr\/complex-spine-institute\/fr\/complex-spine-institute\/fr\/complex-spine-institute\/fr\/complex-spine-institute\/fr\/complex-spine-institute\/fr\/complex-spine-institute\/fr\/politique-de-confidentialite\/\">politique de confidentialit\u00e9<\/a>.<\/p>\n<\/label>\t\t\t<\/span>\n\t\t<\/div>\n\t\t\t\t\t\t<\/div>\n\t\t\t\t\t\t\t\t<div class=\"elementor-field-type-text\">\n\t\t\t\t\t<input size=\"1\" type=\"text\" name=\"form_fields[field_4d4c8ea]\" id=\"form-field-field_4d4c8ea\" class=\"elementor-field elementor-size-sm \" style=\"display:none !important;\">\t\t\t\t<\/div>\n\t\t\t\t\t\t\t\t<div class=\"elementor-field-type-hidden elementor-field-group elementor-column elementor-field-group-field_f45940b elementor-col-100\">\n\t\t\t\t\t\t\t\t\t\t\t\t\t<input size=\"1\" type=\"hidden\" name=\"form_fields[field_f45940b]\" id=\"form-field-field_f45940b\" class=\"elementor-field elementor-size-sm  elementor-field-textual\">\n\t\t\t\t\t\t\t\t\t\t\t<\/div>\n\t\t\t\t\t\t\t\t<div class=\"elementor-field-type-recaptcha_v3 elementor-field-group elementor-column elementor-field-group-field_264762a elementor-col-100 recaptcha_v3-bottomright\">\n\t\t\t\t\t<div class=\"elementor-field\" id=\"form-field-field_264762a\"><div class=\"elementor-g-recaptcha\" data-sitekey=\"6Ldl7z8rAAAAAAnUTvPOoY7GBu1wxdfFbsXN1Df1\" data-type=\"v3\" data-action=\"Form\" data-badge=\"bottomright\" data-size=\"invisible\"><\/div><\/div>\t\t\t\t<\/div>\n\t\t\t\t\t\t\t\t<div class=\"elementor-field-group elementor-column elementor-field-type-submit elementor-col-100 e-form__buttons\">\n\t\t\t\t\t<button class=\"elementor-button elementor-size-sm\" type=\"submit\">\n\t\t\t\t\t\t<span class=\"elementor-button-content-wrapper\">\n\t\t\t\t\t\t\t\t\t\t\t\t\t\t\t\t\t\t\t\t\t\t<span class=\"elementor-button-text\">Demander \u00e9valuation<\/span>\n\t\t\t\t\t\t\t\t\t\t\t\t\t<\/span>\n\t\t\t\t\t<\/button>\n\t\t\t\t<\/div>\n\t\t\t<\/div>\n\t\t<\/form>\n\t\t\t\t\t\t<\/div>\n\t\t\t\t<\/div>\n\t\t\t\t<\/div>\n\t\t<div class=\"elementor-element elementor-element-8469aec e-con-full e-flex e-con e-child\" data-id=\"8469aec\" data-element_type=\"container\" data-e-type=\"container\">\n\t\t\t\t<div class=\"elementor-element elementor-element-658a1ab elementor-widget elementor-widget-image\" data-id=\"658a1ab\" data-element_type=\"widget\" data-e-type=\"widget\" data-widget_type=\"image.default\">\n\t\t\t\t<div class=\"elementor-widget-container\">\n\t\t\t\t\t\t\t\t\t\t\t\t\t\t\t<img fetchpriority=\"high\" decoding=\"async\" width=\"683\" height=\"1024\" src=\"https:\/\/complexspineinstitute.com\/wp-content\/uploads\/2025\/04\/revision_de_radiografia_columna.webp\" class=\"attachment-large size-large wp-image-940\" alt=\"Dr. Gilete revisando radiograf\u00eda de columna completa frente a la luz\" srcset=\"https:\/\/complexspineinstitute.com\/wp-content\/uploads\/2025\/04\/revision_de_radiografia_columna.webp 683w, https:\/\/complexspineinstitute.com\/wp-content\/uploads\/2025\/04\/revision_de_radiografia_columna-200x300.webp 200w\" sizes=\"(max-width: 683px) 100vw, 683px\" \/>\t\t\t\t\t\t\t\t\t\t\t\t\t\t\t<\/div>\n\t\t\t\t<\/div>\n\t\t\t\t<\/div>\n\t\t\t\t\t<\/div>\n\t\t\t\t<\/div>\n\t\t<div class=\"elementor-element elementor-element-a4a048e e-flex e-con-boxed e-con e-parent\" data-id=\"a4a048e\" data-element_type=\"container\" data-e-type=\"container\">\n\t\t\t\t\t<div class=\"e-con-inner\">\n\t\t\t\t<div class=\"elementor-element elementor-element-8bf369d elementor-widget elementor-widget-heading\" data-id=\"8bf369d\" data-element_type=\"widget\" data-e-type=\"widget\" data-widget_type=\"heading.default\">\n\t\t\t\t<div class=\"elementor-widget-container\">\n\t\t\t\t\t<h2 class=\"elementor-heading-title elementor-size-default\">Comment \u00e7a marche\u00a0?<\/h2>\t\t\t\t<\/div>\n\t\t\t\t<\/div>\n\t\t\t\t<div class=\"elementor-element elementor-element-54e5aa7 elementor-widget elementor-widget-text-editor\" data-id=\"54e5aa7\" data-element_type=\"widget\" data-e-type=\"widget\" data-widget_type=\"text-editor.default\">\n\t\t\t\t<div class=\"elementor-widget-container\">\n\t\t\t\t\t\t\t\t\t<h3>Soumettez votre demande<\/h3>\n<p>Remplissez le formulaire pour que notre \u00e9quipe vous indique les prochaines \u00e9tapes du processus.<\/p>\n\n<h3>Joignez vos examens d\u2019imagerie<\/h3>\n<p>Transf\u00e9rez vos IRM, scanners ou radiographies via notre portail s\u00e9curis\u00e9.<\/p>\n\n<h3>Revue multidisciplinaire<\/h3>\n<p>Notre \u00e9quipe de neurochirurgiens et de chirurgiens orthop\u00e9distes examine votre dossier et d\u00e9finit la meilleure strat\u00e9gie.<\/p>\n\n<h3>Plan pr\u00e9liminaire et visioconf\u00e9rence<\/h3>\n<p>Vous recevrez un rapport initial et, si vous le souhaitez, pourrez en discuter en visioconf\u00e9rence avec le Dr\u00a0Covaro ou le Dr\u00a0Gilete.<\/p>\n\t\t\t\t\t\t\t\t<\/div>\n\t\t\t\t<\/div>\n\t\t\t\t\t<\/div>\n\t\t\t\t<\/div>\n\t\t<div class=\"elementor-element elementor-element-4f7446c e-flex e-con-boxed e-con e-parent\" data-id=\"4f7446c\" data-element_type=\"container\" data-e-type=\"container\">\n\t\t\t\t\t<div class=\"e-con-inner\">\n\t\t\t\t<div class=\"elementor-element elementor-element-1632493 elementor-widget elementor-widget-heading\" data-id=\"1632493\" data-element_type=\"widget\" data-e-type=\"widget\" data-widget_type=\"heading.default\">\n\t\t\t\t<div class=\"elementor-widget-container\">\n\t\t\t\t\t<h2 class=\"elementor-heading-title elementor-size-default\">Que comprend l\u2019\u00e9valuation initiale\u00a0?<\/h2>\t\t\t\t<\/div>\n\t\t\t\t<\/div>\n\t\t\t\t<div class=\"elementor-element elementor-element-25f98ef elementor-widget elementor-widget-text-editor\" data-id=\"25f98ef\" data-element_type=\"widget\" data-e-type=\"widget\" data-widget_type=\"text-editor.default\">\n\t\t\t\t<div class=\"elementor-widget-container\">\n\t\t\t\t\t\t\t\t\t<ul>\n  <li>Analyse approfondie de vos images m\u00e9dicales.<\/li>\n  <li>Rapport pr\u00e9liminaire avec diagnostic et options de traitement possibles.<\/li>\n  <li>T\u00e9l\u00e9consultation pour r\u00e9pondre \u00e0 vos questions et planifier les prochaines \u00e9tapes.<\/li>\n  <li>Coordinateur de patients pour g\u00e9rer votre planning et votre voyage.<\/li>\n<\/ul>\n\t\t\t\t\t\t\t\t<\/div>\n\t\t\t\t<\/div>\n\t\t\t\t\t<\/div>\n\t\t\t\t<\/div>\n\t\t<div class=\"elementor-element elementor-element-80b7d6e e-flex e-con-boxed e-con e-parent\" data-id=\"80b7d6e\" data-element_type=\"container\" data-e-type=\"container\">\n\t\t\t\t\t<div class=\"e-con-inner\">\n\t\t\t\t<div class=\"elementor-element elementor-element-c5a4e32 elementor-widget elementor-widget-heading\" data-id=\"c5a4e32\" data-element_type=\"widget\" data-e-type=\"widget\" data-widget_type=\"heading.default\">\n\t\t\t\t<div class=\"elementor-widget-container\">\n\t\t\t\t\t<h2 class=\"elementor-heading-title elementor-size-default\">Avantages pour vous<\/h2>\t\t\t\t<\/div>\n\t\t\t\t<\/div>\n\t\t\t\t<div class=\"elementor-element elementor-element-7495ea6 elementor-widget elementor-widget-text-editor\" data-id=\"7495ea6\" data-element_type=\"widget\" data-e-type=\"widget\" data-widget_type=\"text-editor.default\">\n\t\t\t\t<div class=\"elementor-widget-container\">\n\t\t\t\t\t\t\t\t\t<section>\n<table>\n  <thead>\n    <tr>\n      <th>Service<\/th>\n      <th>Avantage pour le patient<\/th>\n    <\/tr>\n  <\/thead>\n  <tbody>\n    <tr>\n      <td>\u00c9valuation \u00e0 distance<\/td>\n      <td>Pas besoin de vous d\u00e9placer pour un premier avis.<\/td>\n    <\/tr>\n    <tr>\n      <td>\u00c9quipe d\u2019experts<\/td>\n      <td>Grande exp\u00e9rience combin\u00e9e en neurochirurgie et chirurgie orthop\u00e9dique.<\/td>\n    <\/tr>\n    <tr>\n      <td>Approche personnalis\u00e9e<\/td>\n      <td>Plan adapt\u00e9 \u00e0 votre diagnostic et ant\u00e9c\u00e9dents m\u00e9dicaux.<\/td>\n    <\/tr>\n  <\/tbody>\n<\/table>\n<\/section>\n\t\t\t\t\t\t\t\t<\/div>\n\t\t\t\t<\/div>\n\t\t\t\t\t<\/div>\n\t\t\t\t<\/div>\n\t\t<div class=\"elementor-element elementor-element-80b03c4 e-flex e-con-boxed e-con e-parent\" data-id=\"80b03c4\" data-element_type=\"container\" data-e-type=\"container\">\n\t\t\t\t\t<div class=\"e-con-inner\">\n\t\t\t\t<div class=\"elementor-element elementor-element-af0b47f elementor-widget elementor-widget-heading\" data-id=\"af0b47f\" data-element_type=\"widget\" data-e-type=\"widget\" data-widget_type=\"heading.default\">\n\t\t\t\t<div class=\"elementor-widget-container\">\n\t\t\t\t\t<h2 class=\"elementor-heading-title elementor-size-default\">T\u00e9moignages de patients<\/h2>\t\t\t\t<\/div>\n\t\t\t\t<\/div>\n\t\t\t\t<div class=\"elementor-element elementor-element-92cf437 elementor-widget elementor-widget-text-editor\" data-id=\"92cf437\" data-element_type=\"widget\" data-e-type=\"widget\" data-widget_type=\"text-editor.default\">\n\t\t\t\t<div class=\"elementor-widget-container\">\n\t\t\t\t\t\t\t\t\t<blockquote data-pm-slice=\"2 2 []\"><p><em>\u00ab\u00a0J&rsquo;ai demand\u00e9 l&rsquo;\u00e9valuation, envoy\u00e9 mon IRM et obtenu rapidement un plan clair. Aujourd\u2019hui, je suis sans douleur.\u00a0\u00bb \u2014<\/em>\u00a0<strong>Mar\u00eda\u00a0G., Barcelone<\/strong><\/p><\/blockquote><blockquote><p><em>\u00ab\u00a0La t\u00e9l\u00e9consultation avec le Dr\u00a0Gilete a affin\u00e9 l&rsquo;approche de ma chirurgie complexe.\u00a0\u00bb \u2014\u00a0<\/em><strong>Laura\u00a0S., France<\/strong><\/p><\/blockquote>\t\t\t\t\t\t\t\t<\/div>\n\t\t\t\t<\/div>\n\t\t\t\t\t<\/div>\n\t\t\t\t<\/div>\n\t\t<div class=\"elementor-element elementor-element-621f709 e-flex e-con-boxed e-con e-parent\" data-id=\"621f709\" data-element_type=\"container\" data-e-type=\"container\">\n\t\t\t\t\t<div class=\"e-con-inner\">\n\t\t\t\t<div class=\"elementor-element elementor-element-63db4dc elementor-widget elementor-widget-heading\" data-id=\"63db4dc\" data-element_type=\"widget\" data-e-type=\"widget\" data-widget_type=\"heading.default\">\n\t\t\t\t<div class=\"elementor-widget-container\">\n\t\t\t\t\t<h2 class=\"elementor-heading-title elementor-size-default\">Foire aux questions<\/h2>\t\t\t\t<\/div>\n\t\t\t\t<\/div>\n\t\t\t\t\t<\/div>\n\t\t\t\t<\/div>\n\t\t<div class=\"elementor-element elementor-element-30e9ea3 e-flex e-con-boxed e-con e-parent\" data-id=\"30e9ea3\" data-element_type=\"container\" data-e-type=\"container\">\n\t\t\t\t\t<div class=\"e-con-inner\">\n\t\t\t\t<div class=\"elementor-element elementor-element-886fb85 elementor-widget elementor-widget-heading\" data-id=\"886fb85\" data-element_type=\"widget\" data-e-type=\"widget\" data-widget_type=\"heading.default\">\n\t\t\t\t<div class=\"elementor-widget-container\">\n\t\t\t\t\t<h3 class=\"elementor-heading-title elementor-size-default\">Comment puis-je demander l\u2019\u00e9valuation\u00a0?<\/h3>\t\t\t\t<\/div>\n\t\t\t\t<\/div>\n\t\t\t\t<div class=\"elementor-element elementor-element-467707f elementor-widget elementor-widget-text-editor\" data-id=\"467707f\" data-element_type=\"widget\" data-e-type=\"widget\" data-widget_type=\"text-editor.default\">\n\t\t\t\t<div class=\"elementor-widget-container\">\n\t\t\t\t\t\t\t\t\tDemandez une \u00e9valuation via le formulaire.\t\t\t\t\t\t\t\t<\/div>\n\t\t\t\t<\/div>\n\t\t\t\t\t<\/div>\n\t\t\t\t<\/div>\n\t\t<div class=\"elementor-element elementor-element-46c7fc1 e-flex e-con-boxed e-con e-parent\" data-id=\"46c7fc1\" data-element_type=\"container\" data-e-type=\"container\">\n\t\t\t\t\t<div class=\"e-con-inner\">\n\t\t\t\t<div class=\"elementor-element elementor-element-3143254 elementor-widget elementor-widget-heading\" data-id=\"3143254\" data-element_type=\"widget\" data-e-type=\"widget\" data-widget_type=\"heading.default\">\n\t\t\t\t<div class=\"elementor-widget-container\">\n\t\t\t\t\t<h3 class=\"elementor-heading-title elementor-size-default\">Quels types d\u2019examens d\u2019imagerie puis-je joindre\u00a0?<\/h3>\t\t\t\t<\/div>\n\t\t\t\t<\/div>\n\t\t\t\t<div class=\"elementor-element elementor-element-c239a56 elementor-widget elementor-widget-text-editor\" data-id=\"c239a56\" data-element_type=\"widget\" data-e-type=\"widget\" data-widget_type=\"text-editor.default\">\n\t\t\t\t<div class=\"elementor-widget-container\">\n\t\t\t\t\t\t\t\t\tUne fois que notre \u00e9quipe vous aura contact\u00e9, elle vous expliquera comment envoyer des IRM, des scanners et des radiographies au format num\u00e9rique.\n\t\t\t\t\t\t\t\t<\/div>\n\t\t\t\t<\/div>\n\t\t\t\t\t<\/div>\n\t\t\t\t<\/div>\n\t\t<div class=\"elementor-element elementor-element-299bac5 e-flex e-con-boxed e-con e-parent\" data-id=\"299bac5\" data-element_type=\"container\" data-e-type=\"container\">\n\t\t\t\t\t<div class=\"e-con-inner\">\n\t\t\t\t<div class=\"elementor-element elementor-element-eb858cc elementor-widget elementor-widget-heading\" data-id=\"eb858cc\" data-element_type=\"widget\" data-e-type=\"widget\" data-widget_type=\"heading.default\">\n\t\t\t\t<div class=\"elementor-widget-container\">\n\t\t\t\t\t<h3 class=\"elementor-heading-title elementor-size-default\">Puis-je accomplir l\u2019ensemble du processus \u00e0 distance\u00a0?<\/h3>\t\t\t\t<\/div>\n\t\t\t\t<\/div>\n\t\t\t\t<div class=\"elementor-element elementor-element-c6e3ba0 elementor-widget elementor-widget-text-editor\" data-id=\"c6e3ba0\" data-element_type=\"widget\" data-e-type=\"widget\" data-widget_type=\"text-editor.default\">\n\t\t\t\t<div class=\"elementor-widget-container\">\n\t\t\t\t\t\t\t\t\tOui. Vous pouvez nous envoyer vos images et effectuer la t\u00e9l\u00e9consultation de suivi sans vous d\u00e9placer.\n\t\t\t\t\t\t\t\t<\/div>\n\t\t\t\t<\/div>\n\t\t\t\t\t<\/div>\n\t\t\t\t<\/div>\n\t\t<div class=\"elementor-element elementor-element-24c3515 e-flex e-con-boxed e-con e-parent\" data-id=\"24c3515\" data-element_type=\"container\" data-e-type=\"container\">\n\t\t\t\t\t<div class=\"e-con-inner\">\n\t\t\t\t<div class=\"elementor-element elementor-element-82ca5aa elementor-widget elementor-widget-heading\" data-id=\"82ca5aa\" data-element_type=\"widget\" data-e-type=\"widget\" data-widget_type=\"heading.default\">\n\t\t\t\t<div class=\"elementor-widget-container\">\n\t\t\t\t\t<h3 class=\"elementor-heading-title elementor-size-default\">Dans quelles langues serez-vous pris en charge\u00a0?<\/h3>\t\t\t\t<\/div>\n\t\t\t\t<\/div>\n\t\t\t\t<div class=\"elementor-element elementor-element-7cb723b elementor-widget elementor-widget-text-editor\" data-id=\"7cb723b\" data-element_type=\"widget\" data-e-type=\"widget\" data-widget_type=\"text-editor.default\">\n\t\t\t\t<div class=\"elementor-widget-container\">\n\t\t\t\t\t\t\t\t\tNous vous accueillons en espagnol, anglais, fran\u00e7ais et allemand. L\u2019\u00e9quipe du Dr\u00a0Gilete dispose \u00e9galement d\u2019un accompagnement en catalan et en su\u00e9dois.  \n\t\t\t\t\t\t\t\t<\/div>\n\t\t\t\t<\/div>\n\t\t\t\t\t<\/div>\n\t\t\t\t<\/div>\n\t\t<div class=\"elementor-element elementor-element-74ba495 e-flex e-con-boxed e-con e-parent\" data-id=\"74ba495\" data-element_type=\"container\" data-e-type=\"container\">\n\t\t\t\t\t<div class=\"e-con-inner\">\n\t\t\t\t<div class=\"elementor-element elementor-element-1489acc elementor-widget elementor-widget-heading\" data-id=\"1489acc\" data-element_type=\"widget\" data-e-type=\"widget\" data-widget_type=\"heading.default\">\n\t\t\t\t<div class=\"elementor-widget-container\">\n\t\t\t\t\t<h3 class=\"elementor-heading-title elementor-size-default\">Que comprend la t\u00e9l\u00e9consultation\u00a0?<\/h3>\t\t\t\t<\/div>\n\t\t\t\t<\/div>\n\t\t\t\t<div class=\"elementor-element elementor-element-0ac44ad elementor-widget elementor-widget-text-editor\" data-id=\"0ac44ad\" data-element_type=\"widget\" data-e-type=\"widget\" data-widget_type=\"text-editor.default\">\n\t\t\t\t<div class=\"elementor-widget-container\">\n\t\t\t\t\t\t\t\t\t<p>Examen du cas, confirmation du diagnostic et explication d\u00e9taill\u00e9e des options de traitement, ainsi qu\u2019un rapport m\u00e9dical sur demande.<\/p>\n\t\t\t\t\t\t\t\t<\/div>\n\t\t\t\t<\/div>\n\t\t\t\t\t<\/div>\n\t\t\t\t<\/div>\n\t\t<div class=\"elementor-element elementor-element-08fda11 e-flex e-con-boxed e-con e-parent\" data-id=\"08fda11\" data-element_type=\"container\" data-e-type=\"container\">\n\t\t\t\t\t<div class=\"e-con-inner\">\n\t\t\t\t<div class=\"elementor-element elementor-element-b841a24 elementor-widget elementor-widget-heading\" data-id=\"b841a24\" data-element_type=\"widget\" data-e-type=\"widget\" data-widget_type=\"heading.default\">\n\t\t\t\t<div class=\"elementor-widget-container\">\n\t\t\t\t\t<h3 class=\"elementor-heading-title elementor-size-default\">Quelles pathologies \u00e9valuez-vous habituellement\u00a0?<\/h3>\t\t\t\t<\/div>\n\t\t\t\t<\/div>\n\t\t\t\t<div class=\"elementor-element elementor-element-1330314 elementor-widget elementor-widget-text-editor\" data-id=\"1330314\" data-element_type=\"widget\" data-e-type=\"widget\" data-widget_type=\"text-editor.default\">\n\t\t\t\t<div class=\"elementor-widget-container\">\n\t\t\t\t\t\t\t\t\t<p data-pm-slice=\"1 1 []\">Hernie discale lombaire et cervicale, st\u00e9nose du canal rachidien, scoliose et cyphose, instabilit\u00e9 cranio-cervicale, syndrome d\u2019\u00e9chec apr\u00e8s chirurgie rachidienne et autres pathologies complexes de la colonne vert\u00e9brale.<\/p>\n\t\t\t\t\t\t\t\t<\/div>\n\t\t\t\t<\/div>\n\t\t\t\t\t<\/div>\n\t\t\t\t<\/div>\n\t\t<div class=\"elementor-element elementor-element-5ab8779 e-flex e-con-boxed e-con e-parent\" data-id=\"5ab8779\" data-element_type=\"container\" data-e-type=\"container\">\n\t\t\t\t\t<div class=\"e-con-inner\">\n\t\t\t\t<div class=\"elementor-element elementor-element-a632eef elementor-widget elementor-widget-heading\" data-id=\"a632eef\" data-element_type=\"widget\" data-e-type=\"widget\" data-widget_type=\"heading.default\">\n\t\t\t\t<div class=\"elementor-widget-container\">\n\t\t\t\t\t<h2 class=\"elementor-heading-title elementor-size-default\">Pr\u00e9f\u00e9rez-vous parler d\u2019abord\u00a0?<\/h2>\t\t\t\t<\/div>\n\t\t\t\t<\/div>\n\t\t\t\t<div class=\"elementor-element elementor-element-e922002 elementor-widget elementor-widget-text-editor\" data-id=\"e922002\" data-element_type=\"widget\" data-e-type=\"widget\" data-widget_type=\"text-editor.default\">\n\t\t\t\t<div class=\"elementor-widget-container\">\n\t\t\t\t\t\t\t\t\t<p data-pm-slice=\"1 1 []\">Appelez-nous au <strong>+34\u00a093 198 34 77<\/strong>\u00a0ou \u00e9crivez \u00e0 <a><strong>info@complexspineinstitute.com<\/strong><\/a><\/p><p data-pm-slice=\"1 1 []\">Retrouvez tous les d\u00e9tails sur notre <strong><a href=\"https:\/\/complexspineinstitute.com\/fr\/complex-spine-institute\/fr\/complex-spine-institute\/fr\/complex-spine-institute\/fr\/complex-spine-institute\/fr\/complex-spine-institute\/fr\/complex-spine-institute\/fr\/contact\/\">page de contact<\/a><\/strong>.<\/p>\t\t\t\t\t\t\t\t<\/div>\n\t\t\t\t<\/div>\n\t\t\t\t\t<\/div>\n\t\t\t\t<\/div>\n\t\t\t\t<\/div>\n\t\t","protected":false},"excerpt":{"rendered":"<p>Demander evaluation de la colonne vert\u00e9brale D\u00e9couvrez si nous sommes la meilleure option pour votre probl\u00e8me de colonne vert\u00e9brale sans avoir \u00e0 vous d\u00e9placer. Nous savons combien il est frustrant de vivre avec une douleur chronique ou de se remettre d\u2019une chirurgie infructueuse. C\u2019est pourquoi nous avons mis au point un processus de pr\u00e9\u2011\u00e9valuation en [&hellip;]<\/p>\n","protected":false},"author":1,"featured_media":420,"parent":0,"menu_order":0,"comment_status":"closed","ping_status":"closed","template":"","meta":{"footnotes":""},"class_list":["post-2228","page","type-page","status-publish","has-post-thumbnail","hentry"],"_links":{"self":[{"href":"https:\/\/complexspineinstitute.com\/fr\/wp-json\/wp\/v2\/pages\/2228","targetHints":{"allow":["GET"]}}],"collection":[{"href":"https:\/\/complexspineinstitute.com\/fr\/wp-json\/wp\/v2\/pages"}],"about":[{"href":"https:\/\/complexspineinstitute.com\/fr\/wp-json\/wp\/v2\/types\/page"}],"author":[{"embeddable":true,"href":"https:\/\/complexspineinstitute.com\/fr\/wp-json\/wp\/v2\/users\/1"}],"replies":[{"embeddable":true,"href":"https:\/\/complexspineinstitute.com\/fr\/wp-json\/wp\/v2\/comments?post=2228"}],"version-history":[{"count":0,"href":"https:\/\/complexspineinstitute.com\/fr\/wp-json\/wp\/v2\/pages\/2228\/revisions"}],"wp:featuredmedia":[{"embeddable":true,"href":"https:\/\/complexspineinstitute.com\/fr\/wp-json\/wp\/v2\/media\/420"}],"wp:attachment":[{"href":"https:\/\/complexspineinstitute.com\/fr\/wp-json\/wp\/v2\/media?parent=2228"}],"curies":[{"name":"wp","href":"https:\/\/api.w.org\/{rel}","templated":true}]}}