{"id":2202,"date":"2025-04-17T12:00:56","date_gmt":"2025-04-17T10:00:56","guid":{"rendered":"https:\/\/complexspineinstitute.com\/reemplazo-de-disco-lumbar\/"},"modified":"2025-07-28T13:07:19","modified_gmt":"2025-07-28T11:07:19","slug":"remplacement-du-disque-lombaire","status":"publish","type":"page","link":"https:\/\/complexspineinstitute.com\/fr\/traitements\/remplacement-du-disque-lombaire\/","title":{"rendered":"Remplacement du disque lombaire"},"content":{"rendered":"\t\t<div data-elementor-type=\"wp-page\" data-elementor-id=\"2202\" class=\"elementor elementor-2202 elementor-1303\" data-elementor-post-type=\"page\">\n\t\t\t\t<div class=\"elementor-element elementor-element-232de56 e-flex e-con-boxed e-con e-parent\" data-id=\"232de56\" data-element_type=\"container\" data-e-type=\"container\">\n\t\t\t\t\t<div class=\"e-con-inner\">\n\t\t\t\t<div class=\"elementor-element elementor-element-d77e2fd elementor-widget elementor-widget-heading\" data-id=\"d77e2fd\" data-element_type=\"widget\" data-e-type=\"widget\" data-widget_type=\"heading.default\">\n\t\t\t\t<div class=\"elementor-widget-container\">\n\t\t\t\t\t<h1 class=\"elementor-heading-title elementor-size-default\">Remplacement de Disque Lombaire : Chirurgie, R\u00e9cup\u00e9ration et Alternatives Modernes<\/h1>\t\t\t\t<\/div>\n\t\t\t\t<\/div>\n\t\t\t\t\t<\/div>\n\t\t\t\t<\/div>\n\t\t<div class=\"elementor-element elementor-element-4b39ac2 e-flex e-con-boxed e-con e-parent\" data-id=\"4b39ac2\" data-element_type=\"container\" data-e-type=\"container\">\n\t\t\t\t\t<div class=\"e-con-inner\">\n\t\t<div class=\"elementor-element elementor-element-ac5c5ad e-con-full e-flex e-con e-child\" data-id=\"ac5c5ad\" data-element_type=\"container\" data-e-type=\"container\">\n\t\t\t\t<div class=\"elementor-element elementor-element-2fa35e2 elementor-widget elementor-widget-heading\" data-id=\"2fa35e2\" data-element_type=\"widget\" data-e-type=\"widget\" data-widget_type=\"heading.default\">\n\t\t\t\t<div class=\"elementor-widget-container\">\n\t\t\t\t\t<h2 class=\"elementor-heading-title elementor-size-default\">Qu'est-ce que le remplacement de disque lombaire et quand est-il recommand\u00e9 ?<\/h2>\t\t\t\t<\/div>\n\t\t\t\t<\/div>\n\t\t\t\t<div class=\"elementor-element elementor-element-125a027 elementor-widget elementor-widget-text-editor\" data-id=\"125a027\" data-element_type=\"widget\" data-e-type=\"widget\" data-widget_type=\"text-editor.default\">\n\t\t\t\t<div class=\"elementor-widget-container\">\n\t\t\t\t\t\t\t\t\t<p>Le remplacement de disque lombaire, \u00e9galement appel\u00e9 <strong>arthroplastie discale lombaire<\/strong>, est une technique chirurgicale avanc\u00e9e destin\u00e9e \u00e0 traiter les douleurs chroniques du bas du dos caus\u00e9es par une d\u00e9g\u00e9n\u00e9rescence discale. Contrairement \u00e0 la fusion vert\u00e9brale, cette intervention vise \u00e0 <strong>pr\u00e9server la mobilit\u00e9 naturelle<\/strong> de la colonne gr\u00e2ce \u00e0 la pose d&rsquo;une <strong>proth\u00e8se discale<\/strong>.<\/p><p>Au <strong>Complex Spine Institute<\/strong>, nous avons accompagn\u00e9 de nombreux patients qui, apr\u00e8s des ann\u00e9es de douleurs et d&rsquo;\u00e9checs des traitements conservateurs, ont retrouv\u00e9 une qualit\u00e9 de vie gr\u00e2ce \u00e0 cette chirurgie.<\/p><p>\u00ab Ces interventions vont des fusions craniocervicales aux chirurgies complexes pour my\u00e9lopathie cervicale, en passant par le remplacement de disque. Notre engagement envers la technologie de pointe et les pathologies rares est essentiel. \u00bb \u2014 Dr Vicen\u00e7 Gilete<\/p>\t\t\t\t\t\t\t\t<\/div>\n\t\t\t\t<\/div>\n\t\t\t\t<\/div>\n\t\t<div class=\"elementor-element elementor-element-8469aec e-con-full e-flex e-con e-child\" data-id=\"8469aec\" data-element_type=\"container\" data-e-type=\"container\">\n\t\t\t\t<div class=\"elementor-element elementor-element-658a1ab elementor-widget elementor-widget-image\" data-id=\"658a1ab\" data-element_type=\"widget\" data-e-type=\"widget\" data-widget_type=\"image.default\">\n\t\t\t\t<div class=\"elementor-widget-container\">\n\t\t\t\t\t\t\t\t\t\t\t\t\t\t\t<img fetchpriority=\"high\" decoding=\"async\" width=\"800\" height=\"447\" src=\"https:\/\/complexspineinstitute.com\/wp-content\/uploads\/2025\/04\/radiografias_artrodesis_lumbar_multinivel_vs_implantes_intersomaticos-1024x572.webp\" class=\"attachment-large size-large wp-image-948\" alt=\"Comparativa de radiograf\u00edas con artrodesis lumbar multinivel y pr\u00f3tesis intersom\u00e1ticas\" srcset=\"https:\/\/complexspineinstitute.com\/wp-content\/uploads\/2025\/04\/radiografias_artrodesis_lumbar_multinivel_vs_implantes_intersomaticos-1024x572.webp 1024w, https:\/\/complexspineinstitute.com\/wp-content\/uploads\/2025\/04\/radiografias_artrodesis_lumbar_multinivel_vs_implantes_intersomaticos-300x167.webp 300w, https:\/\/complexspineinstitute.com\/wp-content\/uploads\/2025\/04\/radiografias_artrodesis_lumbar_multinivel_vs_implantes_intersomaticos-768x429.webp 768w, https:\/\/complexspineinstitute.com\/wp-content\/uploads\/2025\/04\/radiografias_artrodesis_lumbar_multinivel_vs_implantes_intersomaticos.webp 1236w\" sizes=\"(max-width: 800px) 100vw, 800px\" \/>\t\t\t\t\t\t\t\t\t\t\t\t\t\t\t<\/div>\n\t\t\t\t<\/div>\n\t\t\t\t<div class=\"elementor-element elementor-element-1bae880 elementor-widget elementor-widget-image\" data-id=\"1bae880\" data-element_type=\"widget\" data-e-type=\"widget\" data-widget_type=\"image.default\">\n\t\t\t\t<div class=\"elementor-widget-container\">\n\t\t\t\t\t\t\t\t\t\t\t\t\t\t\t<img decoding=\"async\" width=\"800\" height=\"610\" src=\"https:\/\/complexspineinstitute.com\/wp-content\/uploads\/2025\/04\/rm_lumbar_preoperatoria_vs_rx_post_artrodesis_intersomatica-1024x781.webp\" class=\"attachment-large size-large wp-image-928\" alt=\"Comparaci\u00f3n entre resonancia lumbar preoperatoria y radiograf\u00eda postoperatoria tras artrodesis intersom\u00e1tica\" srcset=\"https:\/\/complexspineinstitute.com\/wp-content\/uploads\/2025\/04\/rm_lumbar_preoperatoria_vs_rx_post_artrodesis_intersomatica-1024x781.webp 1024w, https:\/\/complexspineinstitute.com\/wp-content\/uploads\/2025\/04\/rm_lumbar_preoperatoria_vs_rx_post_artrodesis_intersomatica-300x229.webp 300w, https:\/\/complexspineinstitute.com\/wp-content\/uploads\/2025\/04\/rm_lumbar_preoperatoria_vs_rx_post_artrodesis_intersomatica-768x585.webp 768w, https:\/\/complexspineinstitute.com\/wp-content\/uploads\/2025\/04\/rm_lumbar_preoperatoria_vs_rx_post_artrodesis_intersomatica.webp 1300w\" sizes=\"(max-width: 800px) 100vw, 800px\" \/>\t\t\t\t\t\t\t\t\t\t\t\t\t\t\t<\/div>\n\t\t\t\t<\/div>\n\t\t\t\t<\/div>\n\t\t\t\t\t<\/div>\n\t\t\t\t<\/div>\n\t\t<div class=\"elementor-element elementor-element-e5c65d0 e-flex e-con-boxed e-con e-parent\" data-id=\"e5c65d0\" data-element_type=\"container\" data-e-type=\"container\">\n\t\t\t\t\t<div class=\"e-con-inner\">\n\t\t\t\t<div class=\"elementor-element elementor-element-ce98b1a elementor-widget elementor-widget-video\" data-id=\"ce98b1a\" data-element_type=\"widget\" data-e-type=\"widget\" data-settings=\"{&quot;video_type&quot;:&quot;hosted&quot;,&quot;controls&quot;:&quot;yes&quot;}\" data-widget_type=\"video.default\">\n\t\t\t\t<div class=\"elementor-widget-container\">\n\t\t\t\t\t\t\t<div class=\"e-hosted-video elementor-wrapper elementor-open-inline\">\n\t\t\t\t\t<video class=\"elementor-video\" src=\"https:\/\/complexspineinstitute.com\/fr\/complex-spine-institute\/fr\/complex-spine-institute\/fr\/complex-spine-institute\/fr\/complex-spine-institute\/fr\/complex-spine-institute\/fr\/complex-spine-institute\/fr\/complex-spine-institute\/fr\/complex-spine-institute\/wp-content\/uploads\/2025\/07\/Protesis-disco-Lumbar-Complex.mp4\" controls=\"\" preload=\"metadata\" controlsList=\"nodownload\"><\/video>\n\t\t\t\t<\/div>\n\t\t\t\t\t\t<\/div>\n\t\t\t\t<\/div>\n\t\t\t\t\t<\/div>\n\t\t\t\t<\/div>\n\t\t<div class=\"elementor-element elementor-element-4238028 e-flex e-con-boxed e-con e-parent\" data-id=\"4238028\" data-element_type=\"container\" data-e-type=\"container\">\n\t\t\t\t\t<div class=\"e-con-inner\">\n\t\t\t\t<div class=\"elementor-element elementor-element-7777028 elementor-widget elementor-widget-heading\" data-id=\"7777028\" data-element_type=\"widget\" data-e-type=\"widget\" data-widget_type=\"heading.default\">\n\t\t\t\t<div class=\"elementor-widget-container\">\n\t\t\t\t\t<h2 class=\"elementor-heading-title elementor-size-default\">Indications pour le remplacement de disque lombaire<\/h2>\t\t\t\t<\/div>\n\t\t\t\t<\/div>\n\t\t\t\t<div class=\"elementor-element elementor-element-b03aa10 elementor-widget elementor-widget-text-editor\" data-id=\"b03aa10\" data-element_type=\"widget\" data-e-type=\"widget\" data-widget_type=\"text-editor.default\">\n\t\t\t\t<div class=\"elementor-widget-container\">\n\t\t\t\t\t\t\t\t\t<p>La chirurgie est indiqu\u00e9e dans les cas o\u00f9 il y a :<\/p><ul><li>Douleur chronique du bas du dos due \u00e0 une <strong>d\u00e9g\u00e9n\u00e9rescence discale<\/strong><\/li><li>\u00c9chec des traitements conservateurs (kin\u00e9sith\u00e9rapie, infiltrations, radiofr\u00e9quence)<\/li><li><strong>Hauteur discale conserv\u00e9e<\/strong> et absence de d\u00e9g\u00e2ts articulaires majeurs<\/li><li>Volont\u00e9 de maintenir la <strong>mobilit\u00e9 segmentaire lombaire<br \/><br \/><\/strong><\/li><\/ul><p>Cette chirurgie est couramment pratiqu\u00e9e aux niveaux L4-L5 ou L5-S1. Nous effectuons une \u00e9valuation compl\u00e8te par imagerie (scanner, IRM, examens dynamiques) pour v\u00e9rifier l\u2019ad\u00e9quation du patient.<\/p>\t\t\t\t\t\t\t\t<\/div>\n\t\t\t\t<\/div>\n\t\t\t\t\t<\/div>\n\t\t\t\t<\/div>\n\t\t<div class=\"elementor-element elementor-element-39b4c43 e-flex e-con-boxed e-con e-parent\" data-id=\"39b4c43\" data-element_type=\"container\" data-e-type=\"container\">\n\t\t\t\t\t<div class=\"e-con-inner\">\n\t\t<div class=\"elementor-element elementor-element-142489a e-con-full e-flex e-con e-child\" data-id=\"142489a\" data-element_type=\"container\" data-e-type=\"container\">\n\t\t\t\t<div class=\"elementor-element elementor-element-ea15c2c elementor-widget elementor-widget-image\" data-id=\"ea15c2c\" data-element_type=\"widget\" data-e-type=\"widget\" data-widget_type=\"image.default\">\n\t\t\t\t<div class=\"elementor-widget-container\">\n\t\t\t\t\t\t\t\t\t\t\t\t\t\t\t<img decoding=\"async\" width=\"567\" height=\"346\" src=\"https:\/\/complexspineinstitute.com\/wp-content\/uploads\/2025\/04\/protesis_de_disco_lumbar_movel_con_superficie_espinosa.webp\" class=\"attachment-large size-large wp-image-992\" alt=\"Pr\u00f3tesis de disco lumbar m\u00f3vil con superficie espinosa para fijaci\u00f3n vertebral\" srcset=\"https:\/\/complexspineinstitute.com\/wp-content\/uploads\/2025\/04\/protesis_de_disco_lumbar_movel_con_superficie_espinosa.webp 567w, https:\/\/complexspineinstitute.com\/wp-content\/uploads\/2025\/04\/protesis_de_disco_lumbar_movel_con_superficie_espinosa-300x183.webp 300w\" sizes=\"(max-width: 567px) 100vw, 567px\" \/>\t\t\t\t\t\t\t\t\t\t\t\t\t\t\t<\/div>\n\t\t\t\t<\/div>\n\t\t\t\t<\/div>\n\t\t<div class=\"elementor-element elementor-element-91cc4c5 e-con-full e-flex e-con e-child\" data-id=\"91cc4c5\" data-element_type=\"container\" data-e-type=\"container\">\n\t\t\t\t<div class=\"elementor-element elementor-element-5b1f90c elementor-widget elementor-widget-heading\" data-id=\"5b1f90c\" data-element_type=\"widget\" data-e-type=\"widget\" data-widget_type=\"heading.default\">\n\t\t\t\t<div class=\"elementor-widget-container\">\n\t\t\t\t\t<h2 class=\"elementor-heading-title elementor-size-default\">Comment se d\u00e9roule l\u2019intervention ?<\/h2>\t\t\t\t<\/div>\n\t\t\t\t<\/div>\n\t\t\t\t<div class=\"elementor-element elementor-element-58d3091 elementor-widget elementor-widget-text-editor\" data-id=\"58d3091\" data-element_type=\"widget\" data-e-type=\"widget\" data-widget_type=\"text-editor.default\">\n\t\t\t\t<div class=\"elementor-widget-container\">\n\t\t\t\t\t\t\t\t\t<p>La technique consiste \u00e0 retirer le disque ab\u00eem\u00e9 et \u00e0 implanter une <strong>proth\u00e8se en titane et polym\u00e8res biocompatibles<\/strong> qui reproduit le mouvement naturel de la colonne vert\u00e9brale.<\/p><p>\u00ab <em>Par des approches ant\u00e9rolat\u00e9rales et mini-invasives, nous pr\u00e9servons la courbure et la mobilit\u00e9 vert\u00e9brale tout en \u00e9vitant les complications de la fusion classique.<\/em> \u00bb \u2014 Dr Augusto Covaro<\/p><p>L\u2019acc\u00e8s au disque se fait via une incision abdominale de 5 \u00e0 8 cm. L\u2019intervention est r\u00e9alis\u00e9e avec <strong>navigation assist\u00e9e par ordinateur<\/strong> et scanner perop\u00e9ratoire pour une pr\u00e9cision optimale.<\/p>\t\t\t\t\t\t\t\t<\/div>\n\t\t\t\t<\/div>\n\t\t\t\t<\/div>\n\t\t\t\t\t<\/div>\n\t\t\t\t<\/div>\n\t\t<div class=\"elementor-element elementor-element-d2e54b6 e-flex e-con-boxed e-con e-parent\" data-id=\"d2e54b6\" data-element_type=\"container\" data-e-type=\"container\">\n\t\t\t\t\t<div class=\"e-con-inner\">\n\t\t\t\t<div class=\"elementor-element elementor-element-a554fab elementor-widget elementor-widget-heading\" data-id=\"a554fab\" data-element_type=\"widget\" data-e-type=\"widget\" data-widget_type=\"heading.default\">\n\t\t\t\t<div class=\"elementor-widget-container\">\n\t\t\t\t\t<h2 class=\"elementor-heading-title elementor-size-default\">Avantages par rapport \u00e0 la fusion vert\u00e9brale<\/h2>\t\t\t\t<\/div>\n\t\t\t\t<\/div>\n\t\t\t\t<div class=\"elementor-element elementor-element-df2a015 elementor-widget elementor-widget-text-editor\" data-id=\"df2a015\" data-element_type=\"widget\" data-e-type=\"widget\" data-widget_type=\"text-editor.default\">\n\t\t\t\t<div class=\"elementor-widget-container\">\n\t\t\t\t\t\t\t\t\t<p>Le remplacement du disque lombaire offre des avantages cliniques et fonctionnels sup\u00e9rieurs :<\/p><ul><li><strong>Conservation de la mobilit\u00e9 lombaire<\/strong><\/li><li>Moins de risque de d\u00e9g\u00e9n\u00e9rescence des niveaux adjacents<\/li><li>R\u00e9cup\u00e9ration plus rapide<\/li><li>Moins de saignement pendant l\u2019op\u00e9ration<\/li><li>R\u00e9duction importante de la douleur et am\u00e9lioration fonctionnelle<\/li><\/ul><div>\u00a0<\/div><p>Chez les patients jeunes ou actifs, cette option est souvent pr\u00e9f\u00e9rable \u00e0 une arthrod\u00e8se.<\/p>\t\t\t\t\t\t\t\t<\/div>\n\t\t\t\t<\/div>\n\t\t\t\t\t<\/div>\n\t\t\t\t<\/div>\n\t\t<div class=\"elementor-element elementor-element-9330f3f e-flex e-con-boxed e-con e-parent\" data-id=\"9330f3f\" data-element_type=\"container\" data-e-type=\"container\">\n\t\t\t\t\t<div class=\"e-con-inner\">\n\t\t\t\t<div class=\"elementor-element elementor-element-54dd7d1 elementor-widget elementor-widget-heading\" data-id=\"54dd7d1\" data-element_type=\"widget\" data-e-type=\"widget\" data-widget_type=\"heading.default\">\n\t\t\t\t<div class=\"elementor-widget-container\">\n\t\t\t\t\t<h2 class=\"elementor-heading-title elementor-size-default\">Expertise de notre \u00e9quipe<\/h2>\t\t\t\t<\/div>\n\t\t\t\t<\/div>\n\t\t\t\t<div class=\"elementor-element elementor-element-4d0fa91 elementor-widget elementor-widget-text-editor\" data-id=\"4d0fa91\" data-element_type=\"widget\" data-e-type=\"widget\" data-widget_type=\"text-editor.default\">\n\t\t\t\t<div class=\"elementor-widget-container\">\n\t\t\t\t\t\t\t\t\t<p>Au Complex Spine Institute, dirig\u00e9 par le<strong> Dr Augusto Covaro<\/strong> et le <strong>Dr Vicen\u00e7 Gilete<\/strong>, nous effectuons chaque ann\u00e9e de nombreuses arthroplasties discales. Gr\u00e2ce \u00e0 une planification personnalis\u00e9e et une technologie de pointe, nous obtenons d\u2019excellents r\u00e9sultats, m\u00eame chez des <strong>patients ayant d\u00e9j\u00e0 subi une chirurgie infructueuse<\/strong>.<\/p><p>\u00ab Nous proposons des solutions efficaces qui transforment la qualit\u00e9 de vie. Les cas complexes sont g\u00e9r\u00e9s avec technologies robotiques et visualisation 3D. \u00bb \u2014 Dr Augusto Covaro<\/p><p>Notre exp\u00e9rience avec des pathologies rares comme le <strong>syndrome d\u2019Ehlers-Danlos<\/strong> nous permet un accompagnement adapt\u00e9 et pr\u00e9cis.<\/p>\t\t\t\t\t\t\t\t<\/div>\n\t\t\t\t<\/div>\n\t\t\t\t\t<\/div>\n\t\t\t\t<\/div>\n\t\t<div class=\"elementor-element elementor-element-25211e3 e-flex e-con-boxed e-con e-parent\" data-id=\"25211e3\" data-element_type=\"container\" data-e-type=\"container\">\n\t\t\t\t\t<div class=\"e-con-inner\">\n\t\t\t\t<div class=\"elementor-element elementor-element-532b55a elementor-widget elementor-widget-heading\" data-id=\"532b55a\" data-element_type=\"widget\" data-e-type=\"widget\" data-widget_type=\"heading.default\">\n\t\t\t\t<div class=\"elementor-widget-container\">\n\t\t\t\t\t<h2 class=\"elementor-heading-title elementor-size-default\">R\u00e9cup\u00e9ration apr\u00e8s l\u2019op\u00e9ration<\/h2>\t\t\t\t<\/div>\n\t\t\t\t<\/div>\n\t\t\t\t<div class=\"elementor-element elementor-element-aa1eebb elementor-widget elementor-widget-text-editor\" data-id=\"aa1eebb\" data-element_type=\"widget\" data-e-type=\"widget\" data-widget_type=\"text-editor.default\">\n\t\t\t\t<div class=\"elementor-widget-container\">\n\t\t\t\t\t\t\t\t\t<p>Un des grands avantages de cette chirurgie est sa <strong>r\u00e9cup\u00e9ration rapide<\/strong> :<\/p><ul><li>Sortie de l\u2019h\u00f4pital en 24 \u00e0 48 heures<\/li><li>Reprise des activit\u00e9s l\u00e9g\u00e8res en 1 semaine<\/li><li>Retour au travail ou au sport en 4 \u00e0 6 semaines<br \/><br \/><\/li><\/ul><p>Nos kin\u00e9sith\u00e9rapeutes accompagnent chaque patient dans un parcours de r\u00e9habilitation personnalis\u00e9.<\/p>\t\t\t\t\t\t\t\t<\/div>\n\t\t\t\t<\/div>\n\t\t\t\t\t<\/div>\n\t\t\t\t<\/div>\n\t\t<div class=\"elementor-element elementor-element-1b14a88 e-flex e-con-boxed e-con e-parent\" data-id=\"1b14a88\" data-element_type=\"container\" data-e-type=\"container\">\n\t\t\t\t\t<div class=\"e-con-inner\">\n\t\t\t\t<div class=\"elementor-element elementor-element-d29bec7 elementor-widget elementor-widget-heading\" data-id=\"d29bec7\" data-element_type=\"widget\" data-e-type=\"widget\" data-widget_type=\"heading.default\">\n\t\t\t\t<div class=\"elementor-widget-container\">\n\t\t\t\t\t<h2 class=\"elementor-heading-title elementor-size-default\">Qui n\u2019est pas candidat id\u00e9al ?<\/h2>\t\t\t\t<\/div>\n\t\t\t\t<\/div>\n\t\t\t\t<div class=\"elementor-element elementor-element-f1a8c27 elementor-widget elementor-widget-text-editor\" data-id=\"f1a8c27\" data-element_type=\"widget\" data-e-type=\"widget\" data-widget_type=\"text-editor.default\">\n\t\t\t\t<div class=\"elementor-widget-container\">\n\t\t\t\t\t\t\t\t\t<p>Le remplacement discal n\u2019est pas indiqu\u00e9 pour tous. Contre-indications :<\/p><ul><li>Ost\u00e9oporose avanc\u00e9e<\/li><li>Instabilit\u00e9 vert\u00e9brale ou spondylolisth\u00e9sis<\/li><li>D\u00e9formations post-chirurgicales s\u00e9v\u00e8res<\/li><li>Infections ou tumeurs actives<br \/><br \/><\/li><\/ul><p>Chaque dossier est \u00e9tudi\u00e9 minutieusement par une \u00e9quipe multidisciplinaire.<\/p>\t\t\t\t\t\t\t\t<\/div>\n\t\t\t\t<\/div>\n\t\t\t\t\t<\/div>\n\t\t\t\t<\/div>\n\t\t<div class=\"elementor-element elementor-element-3add448 e-flex e-con-boxed e-con e-parent\" data-id=\"3add448\" data-element_type=\"container\" data-e-type=\"container\">\n\t\t\t\t\t<div class=\"e-con-inner\">\n\t\t\t\t<div class=\"elementor-element elementor-element-7e40179 elementor-widget elementor-widget-heading\" data-id=\"7e40179\" data-element_type=\"widget\" data-e-type=\"widget\" data-widget_type=\"heading.default\">\n\t\t\t\t<div class=\"elementor-widget-container\">\n\t\t\t\t\t<h2 class=\"elementor-heading-title elementor-size-default\">Alternatives modernes : une approche globale<\/h2>\t\t\t\t<\/div>\n\t\t\t\t<\/div>\n\t\t\t\t<div class=\"elementor-element elementor-element-7fe2507 elementor-widget elementor-widget-text-editor\" data-id=\"7fe2507\" data-element_type=\"widget\" data-e-type=\"widget\" data-widget_type=\"text-editor.default\">\n\t\t\t\t<div class=\"elementor-widget-container\">\n\t\t\t\t\t\t\t\t\t<p>Lorsque le remplacement n\u2019est pas possible, nous proposons d\u2019autres techniques mini-invasives :<\/p><ul><li>Fusion lombaire par voie XLIF \/ OLIF<\/li><li>Th\u00e9rapies r\u00e9g\u00e9n\u00e9ratives par cellules souches<\/li><li>Radiofr\u00e9quence puls\u00e9e<\/li><li>Endoscopie vert\u00e9brale<br \/><br \/><\/li><\/ul><p>Ces traitements visent \u00e0 soulager la douleur, restaurer la fonctionnalit\u00e9 et pr\u00e9venir les rechutes.<\/p>\t\t\t\t\t\t\t\t<\/div>\n\t\t\t\t<\/div>\n\t\t\t\t\t<\/div>\n\t\t\t\t<\/div>\n\t\t<div class=\"elementor-element elementor-element-93e946a e-flex e-con-boxed e-con e-parent\" data-id=\"93e946a\" data-element_type=\"container\" data-e-type=\"container\">\n\t\t\t\t\t<div class=\"e-con-inner\">\n\t\t\t\t<div class=\"elementor-element elementor-element-f583a5b elementor-widget elementor-widget-heading\" data-id=\"f583a5b\" data-element_type=\"widget\" data-e-type=\"widget\" data-widget_type=\"heading.default\">\n\t\t\t\t<div class=\"elementor-widget-container\">\n\t\t\t\t\t<h2 class=\"elementor-heading-title elementor-size-default\">Quand consulter ?<\/h2>\t\t\t\t<\/div>\n\t\t\t\t<\/div>\n\t\t\t\t<div class=\"elementor-element elementor-element-4d62e05 elementor-widget elementor-widget-text-editor\" data-id=\"4d62e05\" data-element_type=\"widget\" data-e-type=\"widget\" data-widget_type=\"text-editor.default\">\n\t\t\t\t<div class=\"elementor-widget-container\">\n\t\t\t\t\t\t\t\t\t<p>Si vous souffrez depuis longtemps de douleurs lombaires ou qu\u2019on vous a propos\u00e9 une arthrod\u00e8se, envisagez une<strong> nouvelle \u00e9valuation<\/strong>. Le remplacement discal lombaire peut \u00eatre la solution adapt\u00e9e.<\/p><p>Envoyez-nous vos examens ou r\u00e9servez une <strong><a href=\"https:\/\/complexspineinstitute.com\/fr\/complex-spine-institute\/fr\/complex-spine-institute\/fr\/complex-spine-institute\/fr\/complex-spine-institute\/fr\/complex-spine-institute\/fr\/complex-spine-institute\/fr\/complex-spine-institute\/fr\/complex-spine-institute\/fr\/demander-evaluation\/\">t\u00e9l\u00e9consultation sans engagement<\/a><\/strong>. Nous accueillons des patients du monde entier et les accompagnons tout au long de leur parcours.<\/p>\t\t\t\t\t\t\t\t<\/div>\n\t\t\t\t<\/div>\n\t\t\t\t\t<\/div>\n\t\t\t\t<\/div>\n\t\t<div class=\"elementor-element elementor-element-6dbf6f11 e-flex e-con-boxed e-con e-parent\" data-id=\"6dbf6f11\" data-element_type=\"container\" data-e-type=\"container\">\n\t\t\t\t\t<div class=\"e-con-inner\">\n\t\t\t\t<div class=\"elementor-element elementor-element-5c45b658 elementor-widget elementor-widget-text-editor\" data-id=\"5c45b658\" data-element_type=\"widget\" data-e-type=\"widget\" data-widget_type=\"text-editor.default\">\n\t\t\t\t<div class=\"elementor-widget-container\">\n\t\t\t\t\t\t\t\t\t<aside class=\"author-signature\" role=\"doc-credits\"><address>Revu et approuv\u00e9 par <strong>Dr Vicen\u00e7 Gilete, MD<\/strong>, neurochirurgien, et <strong>Dr\u00a0Augusto Covaro, MD<\/strong>, chirurgien orthop\u00e9dique<\/address><address>Complex\u00a0Spine\u00a0Institute \u00b7 Barcelone | <time datetime=\"2025-04-17\">18\u00a0avril\u00a02025<\/time><\/address><address><a href=\"https:\/\/complexspineinstitute.com\/fr\/complex-spine-institute\/fr\/complex-spine-institute\/fr\/complex-spine-institute\/fr\/complex-spine-institute\/fr\/complex-spine-institute\/fr\/complex-spine-institute\/fr\/complex-spine-institute\/fr\/complex-spine-institute\/fr\/institut\/#equipe_medicale\" rel=\"author\">Voir biographies et publications<\/a><\/address><\/aside>\t\t\t\t\t\t\t\t<\/div>\n\t\t\t\t<\/div>\n\t\t\t\t\t<\/div>\n\t\t\t\t<\/div>\n\t\t\t\t<\/div>\n\t\t","protected":false},"excerpt":{"rendered":"<p>Remplacement de Disque Lombaire : Chirurgie, R\u00e9cup\u00e9ration et Alternatives Modernes Qu&rsquo;est-ce que le remplacement de disque lombaire et quand est-il recommand\u00e9 ? Le remplacement de disque lombaire, \u00e9galement appel\u00e9 arthroplastie discale lombaire, est une technique chirurgicale avanc\u00e9e destin\u00e9e \u00e0 traiter les douleurs chroniques du bas du dos caus\u00e9es par une d\u00e9g\u00e9n\u00e9rescence discale. Contrairement \u00e0 la [&hellip;]<\/p>\n","protected":false},"author":1,"featured_media":992,"parent":1970,"menu_order":0,"comment_status":"closed","ping_status":"closed","template":"","meta":{"footnotes":""},"class_list":["post-2202","page","type-page","status-publish","has-post-thumbnail","hentry"],"_links":{"self":[{"href":"https:\/\/complexspineinstitute.com\/fr\/wp-json\/wp\/v2\/pages\/2202","targetHints":{"allow":["GET"]}}],"collection":[{"href":"https:\/\/complexspineinstitute.com\/fr\/wp-json\/wp\/v2\/pages"}],"about":[{"href":"https:\/\/complexspineinstitute.com\/fr\/wp-json\/wp\/v2\/types\/page"}],"author":[{"embeddable":true,"href":"https:\/\/complexspineinstitute.com\/fr\/wp-json\/wp\/v2\/users\/1"}],"replies":[{"embeddable":true,"href":"https:\/\/complexspineinstitute.com\/fr\/wp-json\/wp\/v2\/comments?post=2202"}],"version-history":[{"count":0,"href":"https:\/\/complexspineinstitute.com\/fr\/wp-json\/wp\/v2\/pages\/2202\/revisions"}],"up":[{"embeddable":true,"href":"https:\/\/complexspineinstitute.com\/fr\/wp-json\/wp\/v2\/pages\/1970"}],"wp:featuredmedia":[{"embeddable":true,"href":"https:\/\/complexspineinstitute.com\/fr\/wp-json\/wp\/v2\/media\/992"}],"wp:attachment":[{"href":"https:\/\/complexspineinstitute.com\/fr\/wp-json\/wp\/v2\/media?parent=2202"}],"curies":[{"name":"wp","href":"https:\/\/api.w.org\/{rel}","templated":true}]}}