{"id":2183,"date":"2025-04-17T12:00:07","date_gmt":"2025-04-17T10:00:07","guid":{"rendered":"https:\/\/complexspineinstitute.com\/fusion-oblicua-lateral-olif\/"},"modified":"2025-06-05T16:44:11","modified_gmt":"2025-06-05T14:44:11","slug":"fusion-laterale-oblique-olif","status":"publish","type":"page","link":"https:\/\/complexspineinstitute.com\/fr\/traitements\/fusion-laterale-oblique-olif\/","title":{"rendered":"Fusion lat\u00e9rale oblique \u2013 OLIF"},"content":{"rendered":"\t\t<div data-elementor-type=\"wp-page\" data-elementor-id=\"2183\" class=\"elementor elementor-2183 elementor-1302\" data-elementor-post-type=\"page\">\n\t\t\t\t<div class=\"elementor-element elementor-element-232de56 e-flex e-con-boxed e-con e-parent\" data-id=\"232de56\" data-element_type=\"container\" data-e-type=\"container\">\n\t\t\t\t\t<div class=\"e-con-inner\">\n\t\t\t\t<div class=\"elementor-element elementor-element-d77e2fd elementor-widget elementor-widget-heading\" data-id=\"d77e2fd\" data-element_type=\"widget\" data-e-type=\"widget\" data-widget_type=\"heading.default\">\n\t\t\t\t<div class=\"elementor-widget-container\">\n\t\t\t\t\t<h1 class=\"elementor-heading-title elementor-size-default\">Fusion Intersomatique Lombaire Oblique (OLIF) : Une R\u00e9volution Mini-Invasive en Chirurgie de la Colonne<\/h1>\t\t\t\t<\/div>\n\t\t\t\t<\/div>\n\t\t\t\t\t<\/div>\n\t\t\t\t<\/div>\n\t\t<div class=\"elementor-element elementor-element-4b39ac2 e-flex e-con-boxed e-con e-parent\" data-id=\"4b39ac2\" data-element_type=\"container\" data-e-type=\"container\">\n\t\t\t\t\t<div class=\"e-con-inner\">\n\t\t<div class=\"elementor-element elementor-element-ac5c5ad e-con-full e-flex e-con e-child\" data-id=\"ac5c5ad\" data-element_type=\"container\" data-e-type=\"container\">\n\t\t\t\t<div class=\"elementor-element elementor-element-125a027 elementor-widget elementor-widget-text-editor\" data-id=\"125a027\" data-element_type=\"widget\" data-e-type=\"widget\" data-widget_type=\"text-editor.default\">\n\t\t\t\t<div class=\"elementor-widget-container\">\n\t\t\t\t\t\t\t\t\t<p>La <strong>Fusion Intersomatique Lombaire Oblique (OLIF)<\/strong> s&rsquo;impose comme l&rsquo;une des avanc\u00e9es les plus marquantes de la chirurgie vert\u00e9brale de ces derni\u00e8res d\u00e9cennies. Cette technique mini-invasive permet de traiter des pathologies complexes de la colonne lombaire tout en assurant une r\u00e9cup\u00e9ration plus rapide et un traumatisme tissulaire r\u00e9duit.<\/p><p>\u00c0 <strong>Complex Spine Institute<\/strong>, nous r\u00e9alisons l&rsquo;OLIF \u00e0 travers une approche int\u00e9gr\u00e9e combinant technologie de pointe, \u00e9valuation multidisciplinaire et expertise chirurgicale reconnue au niveau international. Chaque intervention est personnalis\u00e9e pour minimiser la douleur, r\u00e9duire le temps de r\u00e9cup\u00e9ration et pr\u00e9server la mobilit\u00e9 du patient.<\/p>\t\t\t\t\t\t\t\t<\/div>\n\t\t\t\t<\/div>\n\t\t\t\t<\/div>\n\t\t<div class=\"elementor-element elementor-element-8469aec e-con-full e-flex e-con e-child\" data-id=\"8469aec\" data-element_type=\"container\" data-e-type=\"container\">\n\t\t\t\t<div class=\"elementor-element elementor-element-658a1ab elementor-widget elementor-widget-image\" data-id=\"658a1ab\" data-element_type=\"widget\" data-e-type=\"widget\" data-widget_type=\"image.default\">\n\t\t\t\t<div class=\"elementor-widget-container\">\n\t\t\t\t\t\t\t\t\t\t\t\t\t\t\t<img fetchpriority=\"high\" decoding=\"async\" width=\"768\" height=\"1024\" src=\"https:\/\/complexspineinstitute.com\/wp-content\/uploads\/2025\/05\/OLIF_Oblique-Lateral_Interbody-Fusion-768x1024.webp\" class=\"attachment-large size-large wp-image-4977\" alt=\"\" srcset=\"https:\/\/complexspineinstitute.com\/wp-content\/uploads\/2025\/05\/OLIF_Oblique-Lateral_Interbody-Fusion-768x1024.webp 768w, https:\/\/complexspineinstitute.com\/wp-content\/uploads\/2025\/05\/OLIF_Oblique-Lateral_Interbody-Fusion-225x300.webp 225w, https:\/\/complexspineinstitute.com\/wp-content\/uploads\/2025\/05\/OLIF_Oblique-Lateral_Interbody-Fusion.webp 900w\" sizes=\"(max-width: 768px) 100vw, 768px\" \/>\t\t\t\t\t\t\t\t\t\t\t\t\t\t\t<\/div>\n\t\t\t\t<\/div>\n\t\t\t\t<\/div>\n\t\t\t\t\t<\/div>\n\t\t\t\t<\/div>\n\t\t<div class=\"elementor-element elementor-element-e5c65d0 e-flex e-con-boxed e-con e-parent\" data-id=\"e5c65d0\" data-element_type=\"container\" data-e-type=\"container\">\n\t\t\t\t\t<div class=\"e-con-inner\">\n\t\t\t\t<div class=\"elementor-element elementor-element-b66f11c elementor-widget elementor-widget-heading\" data-id=\"b66f11c\" data-element_type=\"widget\" data-e-type=\"widget\" data-widget_type=\"heading.default\">\n\t\t\t\t<div class=\"elementor-widget-container\">\n\t\t\t\t\t<h2 class=\"elementor-heading-title elementor-size-default\">Qu'est-ce que l'OLIF ?<\/h2>\t\t\t\t<\/div>\n\t\t\t\t<\/div>\n\t\t\t\t<div class=\"elementor-element elementor-element-6f80510 elementor-widget elementor-widget-text-editor\" data-id=\"6f80510\" data-element_type=\"widget\" data-e-type=\"widget\" data-widget_type=\"text-editor.default\">\n\t\t\t\t<div class=\"elementor-widget-container\">\n\t\t\t\t\t\t\t\t\t<p>L\u2019OLIF est une proc\u00e9dure chirurgicale qui acc\u00e8de au disque intervert\u00e9bral via une voie <strong>oblique ant\u00e9rolat\u00e9rale,<\/strong> \u00e9vitant ainsi les muscles post\u00e9rieurs du dos. Le chirurgien utilise un corridor anatomique naturel entre le muscle psoas et les principaux vaisseaux sanguins, permettant l\u2019insertion d\u2019un implant qui restaure la hauteur discale et facilite la fusion vert\u00e9brale.<\/p><p>Gr\u00e2ce \u00e0 cet acc\u00e8s indirect, la perte de sang, le risque infectieux et les l\u00e9sions musculaires sont consid\u00e9rablement r\u00e9duits \u2014 d&rsquo;o\u00f9 une douleur postop\u00e9ratoire moindre et une r\u00e9cup\u00e9ration fonctionnelle beaucoup plus rapide.<\/p>\t\t\t\t\t\t\t\t<\/div>\n\t\t\t\t<\/div>\n\t\t\t\t\t<\/div>\n\t\t\t\t<\/div>\n\t\t<div class=\"elementor-element elementor-element-d2e54b6 e-flex e-con-boxed e-con e-parent\" data-id=\"d2e54b6\" data-element_type=\"container\" data-e-type=\"container\">\n\t\t\t\t\t<div class=\"e-con-inner\">\n\t\t\t\t<div class=\"elementor-element elementor-element-a554fab elementor-widget elementor-widget-heading\" data-id=\"a554fab\" data-element_type=\"widget\" data-e-type=\"widget\" data-widget_type=\"heading.default\">\n\t\t\t\t<div class=\"elementor-widget-container\">\n\t\t\t\t\t<h2 class=\"elementor-heading-title elementor-size-default\">Indications Fr\u00e9quentes<\/h2>\t\t\t\t<\/div>\n\t\t\t\t<\/div>\n\t\t\t\t<div class=\"elementor-element elementor-element-df2a015 elementor-widget elementor-widget-text-editor\" data-id=\"df2a015\" data-element_type=\"widget\" data-e-type=\"widget\" data-widget_type=\"text-editor.default\">\n\t\t\t\t<div class=\"elementor-widget-container\">\n\t\t\t\t\t\t\t\t\t<p>Cette technique est particuli\u00e8rement recommand\u00e9e chez les patients atteints de :<\/p><ul><li><strong>Spondylolisth\u00e9sis d\u00e9g\u00e9n\u00e9ratif<\/strong><\/li><li><strong>Scoliose lombaire ou d\u00e9formations de la colonne<\/strong><\/li><li><strong>Affaissement discal<\/strong> ou perte de hauteur intervert\u00e9brale<\/li><li><strong>St\u00e9nose foraminal<\/strong>e avec compression des racines nerveuses<\/li><li><strong>Syndrome du dos op\u00e9r\u00e9 sans succ\u00e8s<br \/><br \/><\/strong><\/li><\/ul><p>Selon notre exp\u00e9rience, l\u2019OLIF a permis de restaurer la fonction chez des patients ayant perdu espoir apr\u00e8s plusieurs interventions \u00e9chou\u00e9es.<\/p>\t\t\t\t\t\t\t\t<\/div>\n\t\t\t\t<\/div>\n\t\t\t\t\t<\/div>\n\t\t\t\t<\/div>\n\t\t<div class=\"elementor-element elementor-element-9330f3f e-flex e-con-boxed e-con e-parent\" data-id=\"9330f3f\" data-element_type=\"container\" data-e-type=\"container\">\n\t\t\t\t\t<div class=\"e-con-inner\">\n\t\t\t\t<div class=\"elementor-element elementor-element-54dd7d1 elementor-widget elementor-widget-heading\" data-id=\"54dd7d1\" data-element_type=\"widget\" data-e-type=\"widget\" data-widget_type=\"heading.default\">\n\t\t\t\t<div class=\"elementor-widget-container\">\n\t\t\t\t\t<h2 class=\"elementor-heading-title elementor-size-default\">Pourquoi Choisir l\u2019OLIF Plut\u00f4t qu\u2019une Fusion Classique ?<\/h2>\t\t\t\t<\/div>\n\t\t\t\t<\/div>\n\t\t\t\t<div class=\"elementor-element elementor-element-4d0fa91 elementor-widget elementor-widget-text-editor\" data-id=\"4d0fa91\" data-element_type=\"widget\" data-e-type=\"widget\" data-widget_type=\"text-editor.default\">\n\t\t\t\t<div class=\"elementor-widget-container\">\n\t\t\t\t\t\t\t\t\t<p>Compar\u00e9e aux approches post\u00e9rieures traditionnelles comme la PLIF, l\u2019OLIF pr\u00e9sente des avantages cliniques \u00e9vidents :<\/p><ul><li><strong>Voie d\u2019abord moins agressive<\/strong> sans atteinte des muscles dorsaux<\/li><li><strong>Moins de saignement et dur\u00e9e op\u00e9ratoire r\u00e9duite<\/strong><\/li><li><strong>R\u00e9cup\u00e9ration plus rapide<\/strong> avec mobilisation pr\u00e9coce<\/li><li><strong>Correction efficace des d\u00e9formations<\/strong> comme la scoliose<\/li><li><strong>Id\u00e9ale pour les chirurgies de r\u00e9vision<\/strong> apr\u00e8s \u00e9checs pr\u00e9c\u00e9dents<br \/><br \/><\/li><\/ul><p>Nous avons vu des patients reprendre une vie normale en quelques semaines apr\u00e8s une OLIF bien indiqu\u00e9e, malgr\u00e9 des ann\u00e9es de douleurs chroniques.<\/p>\t\t\t\t\t\t\t\t<\/div>\n\t\t\t\t<\/div>\n\t\t\t\t\t<\/div>\n\t\t\t\t<\/div>\n\t\t<div class=\"elementor-element elementor-element-0593462 e-flex e-con-boxed e-con e-parent\" data-id=\"0593462\" data-element_type=\"container\" data-e-type=\"container\">\n\t\t\t\t\t<div class=\"e-con-inner\">\n\t\t<div class=\"elementor-element elementor-element-75d81c0 e-con-full e-flex e-con e-child\" data-id=\"75d81c0\" data-element_type=\"container\" data-e-type=\"container\">\n\t\t\t\t<div class=\"elementor-element elementor-element-3d4001c elementor-widget elementor-widget-heading\" data-id=\"3d4001c\" data-element_type=\"widget\" data-e-type=\"widget\" data-widget_type=\"heading.default\">\n\t\t\t\t<div class=\"elementor-widget-container\">\n\t\t\t\t\t<h2 class=\"elementor-heading-title elementor-size-default\">Quelle Technologie Utilisons-Nous \u00e0 Complex Spine Institute ?<\/h2>\t\t\t\t<\/div>\n\t\t\t\t<\/div>\n\t\t\t\t<div class=\"elementor-element elementor-element-8fb92f6 elementor-widget elementor-widget-text-editor\" data-id=\"8fb92f6\" data-element_type=\"widget\" data-e-type=\"widget\" data-widget_type=\"text-editor.default\">\n\t\t\t\t<div class=\"elementor-widget-container\">\n\t\t\t\t\t\t\t\t\t<p>Nous r\u00e9alisons l\u2019OLIF \u00e0 l\u2019aide de :<\/p><ul><li><strong>Navigation chirurgicale en 3D<\/strong><\/li><li><strong>Scanner perop\u00e9ratoire (TDM)<\/strong><\/li><li><strong>Syst\u00e8mes robotiques de positionnement<\/strong><\/li><li><strong><strong>Visualisation en temps r\u00e9el<\/strong><\/strong><\/li><\/ul><p>Ce niveau de pr\u00e9cision est crucial \u00e0 proximit\u00e9 des structures vasculaires majeures. C\u2019est pourquoi chaque cas est rigoureusement analys\u00e9 par notre \u00e9quipe multidisciplinaire dirig\u00e9e par les Drs<strong> Vicen\u00e7 Gilete<\/strong> (neurochirurgien) et <strong>Augusto Covaro<\/strong> (chirurgien orthop\u00e9diste), forts de plus de 40 ans d\u2019exp\u00e9rience combin\u00e9e.<\/p>\t\t\t\t\t\t\t\t<\/div>\n\t\t\t\t<\/div>\n\t\t\t\t<\/div>\n\t\t<div class=\"elementor-element elementor-element-19f29b4 e-con-full e-flex e-con e-child\" data-id=\"19f29b4\" data-element_type=\"container\" data-e-type=\"container\">\n\t\t\t\t<div class=\"elementor-element elementor-element-93c74ce elementor-widget elementor-widget-image\" data-id=\"93c74ce\" data-element_type=\"widget\" data-e-type=\"widget\" data-widget_type=\"image.default\">\n\t\t\t\t<div class=\"elementor-widget-container\">\n\t\t\t\t\t\t\t\t\t\t\t\t\t\t\t<img fetchpriority=\"high\" decoding=\"async\" width=\"768\" height=\"1024\" src=\"https:\/\/complexspineinstitute.com\/wp-content\/uploads\/2025\/05\/OLIF_Oblique-Lateral_Interbody-Fusion-768x1024.webp\" class=\"attachment-large size-large wp-image-4977\" alt=\"\" srcset=\"https:\/\/complexspineinstitute.com\/wp-content\/uploads\/2025\/05\/OLIF_Oblique-Lateral_Interbody-Fusion-768x1024.webp 768w, https:\/\/complexspineinstitute.com\/wp-content\/uploads\/2025\/05\/OLIF_Oblique-Lateral_Interbody-Fusion-225x300.webp 225w, https:\/\/complexspineinstitute.com\/wp-content\/uploads\/2025\/05\/OLIF_Oblique-Lateral_Interbody-Fusion.webp 900w\" sizes=\"(max-width: 768px) 100vw, 768px\" \/>\t\t\t\t\t\t\t\t\t\t\t\t\t\t\t<\/div>\n\t\t\t\t<\/div>\n\t\t\t\t<\/div>\n\t\t\t\t\t<\/div>\n\t\t\t\t<\/div>\n\t\t<div class=\"elementor-element elementor-element-a5dcbd0 e-flex e-con-boxed e-con e-parent\" data-id=\"a5dcbd0\" data-element_type=\"container\" data-e-type=\"container\">\n\t\t\t\t\t<div class=\"e-con-inner\">\n\t\t\t\t<div class=\"elementor-element elementor-element-7e6c3ce elementor-widget elementor-widget-heading\" data-id=\"7e6c3ce\" data-element_type=\"widget\" data-e-type=\"widget\" data-widget_type=\"heading.default\">\n\t\t\t\t<div class=\"elementor-widget-container\">\n\t\t\t\t\t<h2 class=\"elementor-heading-title elementor-size-default\">R\u00e9cup\u00e9ration Apr\u00e8s une Chirurgie OLIF<\/h2>\t\t\t\t<\/div>\n\t\t\t\t<\/div>\n\t\t\t\t<div class=\"elementor-element elementor-element-d4ed641 elementor-widget elementor-widget-text-editor\" data-id=\"d4ed641\" data-element_type=\"widget\" data-e-type=\"widget\" data-widget_type=\"text-editor.default\">\n\t\t\t\t<div class=\"elementor-widget-container\">\n\t\t\t\t\t\t\t\t\t<p>Gr\u00e2ce au faible traumatisme tissulaire, la r\u00e9cup\u00e9ration postop\u00e9ratoire est nettement plus favorable :<\/p><ul><li><strong>Sortie d\u2019h\u00f4pital en 24\u201348 heures<\/strong><\/li><li>Marche d\u00e8s le jour m\u00eame ou le lendemain<\/li><li>Reprise professionnelle en moins de 4 semaines<\/li><li>Peu ou pas de besoin en analg\u00e9siques<\/li><li>Petites cicatrices avec excellent r\u00e9sultat esth\u00e9tique<br \/><br \/><\/li><\/ul><p>La combinaison de techniques mini-invasives et de technologies de pr\u00e9cision transforme le pronostic des pathologies lombaires complexes.<\/p>\t\t\t\t\t\t\t\t<\/div>\n\t\t\t\t<\/div>\n\t\t\t\t\t<\/div>\n\t\t\t\t<\/div>\n\t\t<div class=\"elementor-element elementor-element-52ce9f6 e-flex e-con-boxed e-con e-parent\" data-id=\"52ce9f6\" data-element_type=\"container\" data-e-type=\"container\">\n\t\t\t\t\t<div class=\"e-con-inner\">\n\t\t\t\t<div class=\"elementor-element elementor-element-fa1c553 elementor-widget elementor-widget-heading\" data-id=\"fa1c553\" data-element_type=\"widget\" data-e-type=\"widget\" data-widget_type=\"heading.default\">\n\t\t\t\t<div class=\"elementor-widget-container\">\n\t\t\t\t\t<h2 class=\"elementor-heading-title elementor-size-default\">Tout le Monde Peut-il B\u00e9n\u00e9ficier de l\u2019OLIF ?<\/h2>\t\t\t\t<\/div>\n\t\t\t\t<\/div>\n\t\t\t\t<div class=\"elementor-element elementor-element-acd5240 elementor-widget elementor-widget-text-editor\" data-id=\"acd5240\" data-element_type=\"widget\" data-e-type=\"widget\" data-widget_type=\"text-editor.default\">\n\t\t\t\t<div class=\"elementor-widget-container\">\n\t\t\t\t\t\t\t\t\t<p>Bien que l\u2019OLIF pr\u00e9sente de nombreux b\u00e9n\u00e9fices, elle n\u2019est pas adapt\u00e9e \u00e0 tous les patients. Parmi les contre-indications relatives :<\/p><ul><li>Anomalies de position des vaisseaux iliaques<\/li><li>Chirurgies abdominales majeures ant\u00e9rieures<\/li><li>Adh\u00e9rences \u00e9tendues dues \u00e0 des pathologies pass\u00e9es<br \/><br \/><\/li><\/ul><p>C\u2019est pourquoi nous r\u00e9alisons un bilan d\u2019<strong>imagerie approfondi<\/strong> (IRM, scanner, \u00e9tude vasculaire si n\u00e9cessaire) et pr\u00e9sentons chaque cas en r\u00e9union m\u00e9dicale pour d\u00e9finir la strat\u00e9gie op\u00e9ratoire la plus s\u00fbre.<\/p>\t\t\t\t\t\t\t\t<\/div>\n\t\t\t\t<\/div>\n\t\t\t\t\t<\/div>\n\t\t\t\t<\/div>\n\t\t<div class=\"elementor-element elementor-element-f9734d6 e-flex e-con-boxed e-con e-parent\" data-id=\"f9734d6\" data-element_type=\"container\" data-e-type=\"container\">\n\t\t\t\t\t<div class=\"e-con-inner\">\n\t\t\t\t<div class=\"elementor-element elementor-element-e42b27f elementor-widget elementor-widget-heading\" data-id=\"e42b27f\" data-element_type=\"widget\" data-e-type=\"widget\" data-widget_type=\"heading.default\">\n\t\t\t\t<div class=\"elementor-widget-container\">\n\t\t\t\t\t<h2 class=\"elementor-heading-title elementor-size-default\">Comment Savoir si l\u2019OLIF est Adapt\u00e9e \u00e0 Votre Cas ?<\/h2>\t\t\t\t<\/div>\n\t\t\t\t<\/div>\n\t\t\t\t<div class=\"elementor-element elementor-element-6c7de8e elementor-widget elementor-widget-text-editor\" data-id=\"6c7de8e\" data-element_type=\"widget\" data-e-type=\"widget\" data-widget_type=\"text-editor.default\">\n\t\t\t\t<div class=\"elementor-widget-container\">\n\t\t\t\t\t\t\t\t\t<p>Si vous souffrez de douleurs lombaires chroniques, de limitations fonctionnelles, de scoliose ou d\u2019\u00e9chec chirurgical ant\u00e9rieur, l\u2019OLIF pourrait \u00eatre la solution. Et pour commencer, c\u2019est simple :<\/p><ul><li><strong>Consultations disponibles en pr\u00e9sentiel ou en ligne<\/strong><\/li><li>Analyse de vos examens et dossiers m\u00e9dicaux existants<\/li><li>Accompagnement personnalis\u00e9 et multilingue <br \/><br \/><\/li><\/ul><p><strong><a href=\"https:\/\/complexspineinstitute.com\/fr\/complex-spine-institute\/fr\/complex-spine-institute\/fr\/complex-spine-institute\/fr\/complex-spine-institute\/fr\/complex-spine-institute\/fr\/complex-spine-institute\/fr\/complex-spine-institute\/fr\/demander-evaluation\/\">Prenez rendez-vous d\u00e8s maintenant,<\/a><\/strong> sans engagement, et b\u00e9n\u00e9ficiez d\u2019une \u00e9valuation rigoureuse et bienveillante.<\/p>\t\t\t\t\t\t\t\t<\/div>\n\t\t\t\t<\/div>\n\t\t\t\t\t<\/div>\n\t\t\t\t<\/div>\n\t\t<div class=\"elementor-element elementor-element-6dbf6f11 e-flex e-con-boxed e-con e-parent\" data-id=\"6dbf6f11\" data-element_type=\"container\" data-e-type=\"container\">\n\t\t\t\t\t<div class=\"e-con-inner\">\n\t\t\t\t<div class=\"elementor-element elementor-element-5c45b658 elementor-widget elementor-widget-text-editor\" data-id=\"5c45b658\" data-element_type=\"widget\" data-e-type=\"widget\" data-widget_type=\"text-editor.default\">\n\t\t\t\t<div class=\"elementor-widget-container\">\n\t\t\t\t\t\t\t\t\t<aside class=\"author-signature\" role=\"doc-credits\"><address>Revu et approuv\u00e9 par <strong>Dr Vicen\u00e7 Gilete, MD<\/strong>, neurochirurgien, et <strong>Dr\u00a0Augusto Covaro, MD<\/strong>, chirurgien orthop\u00e9dique<\/address><address>Complex\u00a0Spine\u00a0Institute \u00b7 Barcelone | <time datetime=\"2025-04-17\">18\u00a0avril\u00a02025<\/time><\/address><address><a href=\"https:\/\/complexspineinstitute.com\/fr\/complex-spine-institute\/fr\/complex-spine-institute\/fr\/complex-spine-institute\/fr\/complex-spine-institute\/fr\/complex-spine-institute\/fr\/complex-spine-institute\/fr\/complex-spine-institute\/fr\/institut\/#equipe_medicale\" rel=\"author\">Voir biographies et publications<\/a><\/address><\/aside>\t\t\t\t\t\t\t\t<\/div>\n\t\t\t\t<\/div>\n\t\t\t\t\t<\/div>\n\t\t\t\t<\/div>\n\t\t\t\t<\/div>\n\t\t","protected":false},"excerpt":{"rendered":"<p>Fusion Intersomatique Lombaire Oblique (OLIF) : Une R\u00e9volution Mini-Invasive en Chirurgie de la Colonne La Fusion Intersomatique Lombaire Oblique (OLIF) s&rsquo;impose comme l&rsquo;une des avanc\u00e9es les plus marquantes de la chirurgie vert\u00e9brale de ces derni\u00e8res d\u00e9cennies. Cette technique mini-invasive permet de traiter des pathologies complexes de la colonne lombaire tout en assurant une r\u00e9cup\u00e9ration plus [&hellip;]<\/p>\n","protected":false},"author":1,"featured_media":420,"parent":1970,"menu_order":0,"comment_status":"closed","ping_status":"closed","template":"","meta":{"footnotes":""},"class_list":["post-2183","page","type-page","status-publish","has-post-thumbnail","hentry"],"_links":{"self":[{"href":"https:\/\/complexspineinstitute.com\/fr\/wp-json\/wp\/v2\/pages\/2183","targetHints":{"allow":["GET"]}}],"collection":[{"href":"https:\/\/complexspineinstitute.com\/fr\/wp-json\/wp\/v2\/pages"}],"about":[{"href":"https:\/\/complexspineinstitute.com\/fr\/wp-json\/wp\/v2\/types\/page"}],"author":[{"embeddable":true,"href":"https:\/\/complexspineinstitute.com\/fr\/wp-json\/wp\/v2\/users\/1"}],"replies":[{"embeddable":true,"href":"https:\/\/complexspineinstitute.com\/fr\/wp-json\/wp\/v2\/comments?post=2183"}],"version-history":[{"count":0,"href":"https:\/\/complexspineinstitute.com\/fr\/wp-json\/wp\/v2\/pages\/2183\/revisions"}],"up":[{"embeddable":true,"href":"https:\/\/complexspineinstitute.com\/fr\/wp-json\/wp\/v2\/pages\/1970"}],"wp:featuredmedia":[{"embeddable":true,"href":"https:\/\/complexspineinstitute.com\/fr\/wp-json\/wp\/v2\/media\/420"}],"wp:attachment":[{"href":"https:\/\/complexspineinstitute.com\/fr\/wp-json\/wp\/v2\/media?parent=2183"}],"curies":[{"name":"wp","href":"https:\/\/api.w.org\/{rel}","templated":true}]}}