{"id":2138,"date":"2025-04-17T12:00:06","date_gmt":"2025-04-17T10:00:06","guid":{"rendered":"https:\/\/complexspineinstitute.com\/fusion-lateral-extrema-xlif\/"},"modified":"2025-06-05T16:35:22","modified_gmt":"2025-06-05T14:35:22","slug":"fusion-laterale-extreme-xlif","status":"publish","type":"page","link":"https:\/\/complexspineinstitute.com\/fr\/traitements\/fusion-laterale-extreme-xlif\/","title":{"rendered":"Fusion lat\u00e9rale extr\u00eame \u2013 XLIF"},"content":{"rendered":"\t\t<div data-elementor-type=\"wp-page\" data-elementor-id=\"2138\" class=\"elementor elementor-2138 elementor-1301\" data-elementor-post-type=\"page\">\n\t\t\t\t<div class=\"elementor-element elementor-element-232de56 e-flex e-con-boxed e-con e-parent\" data-id=\"232de56\" data-element_type=\"container\" data-e-type=\"container\">\n\t\t\t\t\t<div class=\"e-con-inner\">\n\t\t\t\t<div class=\"elementor-element elementor-element-d77e2fd elementor-widget elementor-widget-heading\" data-id=\"d77e2fd\" data-element_type=\"widget\" data-e-type=\"widget\" data-widget_type=\"heading.default\">\n\t\t\t\t<div class=\"elementor-widget-container\">\n\t\t\t\t\t<h1 class=\"elementor-heading-title elementor-size-default\">Fusion Lat\u00e9rale Extr\u00eame (XLIF) : la solution mini-invasive pour la colonne lombaire avec une r\u00e9cup\u00e9ration rapide et pr\u00e9cise<\/h1>\t\t\t\t<\/div>\n\t\t\t\t<\/div>\n\t\t\t\t\t<\/div>\n\t\t\t\t<\/div>\n\t\t<div class=\"elementor-element elementor-element-4b39ac2 e-flex e-con-boxed e-con e-parent\" data-id=\"4b39ac2\" data-element_type=\"container\" data-e-type=\"container\">\n\t\t\t\t\t<div class=\"e-con-inner\">\n\t\t<div class=\"elementor-element elementor-element-ac5c5ad e-con-full e-flex e-con e-child\" data-id=\"ac5c5ad\" data-element_type=\"container\" data-e-type=\"container\">\n\t\t\t\t<div class=\"elementor-element elementor-element-125a027 elementor-widget elementor-widget-text-editor\" data-id=\"125a027\" data-element_type=\"widget\" data-e-type=\"widget\" data-widget_type=\"text-editor.default\">\n\t\t\t\t<div class=\"elementor-widget-container\">\n\t\t\t\t\t\t\t\t\t<p>La <strong>fusion lat\u00e9rale extr\u00eame,<\/strong> connue sous le nom de <strong>XLIF (Extreme Lateral Interbody Fusion)<\/strong>, est une technique chirurgicale mini-invasive utilis\u00e9e pour stabiliser la colonne lombaire. Elle permet de traiter des pathologies d\u00e9g\u00e9n\u00e9ratives, des d\u00e9formations ou des instabilit\u00e9s vert\u00e9brales. L&rsquo;approche se fait par le <strong>flanc du patient<\/strong> <strong>(voie trans-psoas)<\/strong>, \u00e9vitant ainsi les incisions importantes et les l\u00e9sions musculaires fr\u00e9quentes dans la chirurgie traditionnelle.<\/p><p>Au Complex Spine Institute de Barcelone, le Dr Vicen\u00e7 Gilete, neurochirurgien avec plus de 25 ans d&rsquo;exp\u00e9rience, a perfectionn\u00e9 cette technique sur de nombreux patients, notamment ceux ayant<strong> d\u00e9j\u00e0 subi des interventions sans succ\u00e8s.<\/strong> Il insiste sur l&rsquo;importance de \u00ab personnaliser la technique \u00e0 l&rsquo;anatomie et \u00e0 la pathologie de chaque patient \u00bb.<\/p>\t\t\t\t\t\t\t\t<\/div>\n\t\t\t\t<\/div>\n\t\t\t\t<\/div>\n\t\t<div class=\"elementor-element elementor-element-8469aec e-con-full e-flex e-con e-child\" data-id=\"8469aec\" data-element_type=\"container\" data-e-type=\"container\">\n\t\t\t\t<div class=\"elementor-element elementor-element-658a1ab elementor-widget elementor-widget-image\" data-id=\"658a1ab\" data-element_type=\"widget\" data-e-type=\"widget\" data-widget_type=\"image.default\">\n\t\t\t\t<div class=\"elementor-widget-container\">\n\t\t\t\t\t\t\t\t\t\t\t\t\t\t\t<img fetchpriority=\"high\" decoding=\"async\" width=\"800\" height=\"800\" src=\"https:\/\/complexspineinstitute.com\/wp-content\/uploads\/2025\/06\/XLIF-2-niv-1024x1024.webp\" class=\"attachment-large size-large wp-image-5582\" alt=\"\" srcset=\"https:\/\/complexspineinstitute.com\/wp-content\/uploads\/2025\/06\/XLIF-2-niv-1024x1024.webp 1024w, https:\/\/complexspineinstitute.com\/wp-content\/uploads\/2025\/06\/XLIF-2-niv-300x300.webp 300w, https:\/\/complexspineinstitute.com\/wp-content\/uploads\/2025\/06\/XLIF-2-niv-150x150.webp 150w, https:\/\/complexspineinstitute.com\/wp-content\/uploads\/2025\/06\/XLIF-2-niv-768x768.webp 768w, https:\/\/complexspineinstitute.com\/wp-content\/uploads\/2025\/06\/XLIF-2-niv.webp 1440w\" sizes=\"(max-width: 800px) 100vw, 800px\" \/>\t\t\t\t\t\t\t\t\t\t\t\t\t\t\t<\/div>\n\t\t\t\t<\/div>\n\t\t\t\t<\/div>\n\t\t\t\t\t<\/div>\n\t\t\t\t<\/div>\n\t\t<div class=\"elementor-element elementor-element-e5c65d0 e-flex e-con-boxed e-con e-parent\" data-id=\"e5c65d0\" data-element_type=\"container\" data-e-type=\"container\">\n\t\t\t\t\t<div class=\"e-con-inner\">\n\t\t\t\t<div class=\"elementor-element elementor-element-b66f11c elementor-widget elementor-widget-heading\" data-id=\"b66f11c\" data-element_type=\"widget\" data-e-type=\"widget\" data-widget_type=\"heading.default\">\n\t\t\t\t<div class=\"elementor-widget-container\">\n\t\t\t\t\t<h2 class=\"elementor-heading-title elementor-size-default\">Indications principales de la XLIF<\/h2>\t\t\t\t<\/div>\n\t\t\t\t<\/div>\n\t\t\t\t<div class=\"elementor-element elementor-element-6f80510 elementor-widget elementor-widget-text-editor\" data-id=\"6f80510\" data-element_type=\"widget\" data-e-type=\"widget\" data-widget_type=\"text-editor.default\">\n\t\t\t\t<div class=\"elementor-widget-container\">\n\t\t\t\t\t\t\t\t\t<p>L&rsquo;approche lat\u00e9rale extr\u00eame est principalement indiqu\u00e9e chez les patients pr\u00e9sentant :<\/p><ul><li><strong>D\u00e9g\u00e9n\u00e9rescence discale lombaire<\/strong><\/li><li><strong>St\u00e9nose foraminale<\/strong> ou du canal rachidien avec compression nerveuse<\/li><li><strong>Spondylolisth\u00e9sis<\/strong> (glissement vert\u00e9bral)<\/li><li><strong>Scoliose lombaire<\/strong><\/li><li><strong>\u00c9checs chirurgicaux<\/strong> n\u00e9cessitant une reprise sans ab\u00eemer davantage les structures post\u00e9rieures<\/li><li><strong>Douleurs lombaires<\/strong> chroniques r\u00e9sistantes aux traitements<br \/><br \/><\/li><\/ul><p>Le Dr Augusto Covaro, expert en chirurgie mini-invasive et de reprise, affirme : \u00ab <em>La XLIF est particuli\u00e8rement utile lorsque l&rsquo;on souhaite \u00e9viter les structures post\u00e9rieures, limitant ainsi les saignements, les l\u00e9sions musculaires et favorisant une r\u00e9cup\u00e9ration rapide<\/em>. \u00bb<\/p><p>Chez les patients ayant des ant\u00e9c\u00e9dents chirurgicaux, comme ceux trait\u00e9s dans notre centre, cette technique offre une nouvelle opportunit\u00e9 th\u00e9rapeutique, r\u00e9duisant le risque de fibrose, d\u2019adh\u00e9rences ou de r\u00e9op\u00e9rations complexes \u00e0 un stade ult\u00e9rieur.<\/p>\t\t\t\t\t\t\t\t<\/div>\n\t\t\t\t<\/div>\n\t\t\t\t\t<\/div>\n\t\t\t\t<\/div>\n\t\t<div class=\"elementor-element elementor-element-d2e54b6 e-flex e-con-boxed e-con e-parent\" data-id=\"d2e54b6\" data-element_type=\"container\" data-e-type=\"container\">\n\t\t\t\t\t<div class=\"e-con-inner\">\n\t\t\t\t<div class=\"elementor-element elementor-element-a554fab elementor-widget elementor-widget-heading\" data-id=\"a554fab\" data-element_type=\"widget\" data-e-type=\"widget\" data-widget_type=\"heading.default\">\n\t\t\t\t<div class=\"elementor-widget-container\">\n\t\t\t\t\t<h2 class=\"elementor-heading-title elementor-size-default\">Comment se d\u00e9roule une intervention XLIF ?<\/h2>\t\t\t\t<\/div>\n\t\t\t\t<\/div>\n\t\t\t\t<div class=\"elementor-element elementor-element-df2a015 elementor-widget elementor-widget-text-editor\" data-id=\"df2a015\" data-element_type=\"widget\" data-e-type=\"widget\" data-widget_type=\"text-editor.default\">\n\t\t\t\t<div class=\"elementor-widget-container\">\n\t\t\t\t\t\t\t\t\t<p>Le patient est install\u00e9 en <strong>position lat\u00e9rale<\/strong>. Une petite incision de 3 \u00e0 5 cm est r\u00e9alis\u00e9e sur le flanc. L&rsquo;acc\u00e8s se fait par le muscle psoas, sous <strong>neuro-monitorage<\/strong>, ce qui permet d&rsquo;\u00e9viter les structures nerveuses sensibles.<\/p><p>Le disque intervert\u00e9bral est <strong>partiellement ou totalement retir\u00e9<\/strong>, puis un implant intersomatique est ins\u00e9r\u00e9 afin de restaurer la hauteur et l\u2019alignement vert\u00e9bral. L\u2019implant est rempli d\u2019un greffon osseux ou de substitut pour favoriser la fusion.<\/p><p>Gr\u00e2ce \u00e0 la <strong>navigation assist\u00e9e par imagerie 3D<\/strong>, utilis\u00e9e syst\u00e9matiquement au Complex Spine Institute, l\u2019implantation est pr\u00e9cise et s\u00fbre, r\u00e9duisant la dur\u00e9e op\u00e9ratoire et am\u00e9liorant les r\u00e9sultats.<\/p><p>\u00ab <em>L\u2019abord lat\u00e9ral a transform\u00e9 notre mani\u00e8re de traiter les d\u00e9formations complexes, notamment chez les patients fragiles ou op\u00e9r\u00e9s sur plusieurs niveaux.<\/em> \u00bb \u2014 Dr Gilete<\/p>\t\t\t\t\t\t\t\t<\/div>\n\t\t\t\t<\/div>\n\t\t\t\t\t<\/div>\n\t\t\t\t<\/div>\n\t\t<div class=\"elementor-element elementor-element-9330f3f e-flex e-con-boxed e-con e-parent\" data-id=\"9330f3f\" data-element_type=\"container\" data-e-type=\"container\">\n\t\t\t\t\t<div class=\"e-con-inner\">\n\t\t\t\t<div class=\"elementor-element elementor-element-54dd7d1 elementor-widget elementor-widget-heading\" data-id=\"54dd7d1\" data-element_type=\"widget\" data-e-type=\"widget\" data-widget_type=\"heading.default\">\n\t\t\t\t<div class=\"elementor-widget-container\">\n\t\t\t\t\t<h2 class=\"elementor-heading-title elementor-size-default\">Avantages de la technique XLIF<\/h2>\t\t\t\t<\/div>\n\t\t\t\t<\/div>\n\t\t\t\t<div class=\"elementor-element elementor-element-4d0fa91 elementor-widget elementor-widget-text-editor\" data-id=\"4d0fa91\" data-element_type=\"widget\" data-e-type=\"widget\" data-widget_type=\"text-editor.default\">\n\t\t\t\t<div class=\"elementor-widget-container\">\n\t\t\t\t\t\t\t\t\t<p>Par rapport \u00e0 la chirurgie traditionnelle par voie post\u00e9rieure, XLIF offre de multiples avantages :<\/p><ul><li>Petite incision, cicatrisation rapide et discr\u00e8te<\/li><li>Pr\u00e9servation des muscles et ligaments<\/li><li>R\u00e9duction significative des saignements<\/li><li>Dur\u00e9e op\u00e9ratoire et hospitalisation r\u00e9duites<\/li><li>Douleur post-op\u00e9ratoire diminu\u00e9e<\/li><li>R\u00e9tablissement rapide<\/li><li>Haute pr\u00e9cision gr\u00e2ce \u00e0 la navigation 3D et au monitoring neurophysiologique<br \/><br \/><\/li><\/ul><p>\u00ab <em>Nos patients appr\u00e9cient particuli\u00e8rement de pouvoir remarcher sans douleur apr\u00e8s seulement quelques jours.<\/em> \u00bb \u2014 Dr Covaro<\/p>\t\t\t\t\t\t\t\t<\/div>\n\t\t\t\t<\/div>\n\t\t\t\t\t<\/div>\n\t\t\t\t<\/div>\n\t\t<div class=\"elementor-element elementor-element-254bb96 e-flex e-con-boxed e-con e-parent\" data-id=\"254bb96\" data-element_type=\"container\" data-e-type=\"container\">\n\t\t\t\t\t<div class=\"e-con-inner\">\n\t\t\t\t<div class=\"elementor-element elementor-element-0c6f600 elementor-widget elementor-widget-heading\" data-id=\"0c6f600\" data-element_type=\"widget\" data-e-type=\"widget\" data-widget_type=\"heading.default\">\n\t\t\t\t<div class=\"elementor-widget-container\">\n\t\t\t\t\t<h2 class=\"elementor-heading-title elementor-size-default\">R\u00e9cup\u00e9ration apr\u00e8s une XLIF<\/h2>\t\t\t\t<\/div>\n\t\t\t\t<\/div>\n\t\t\t\t<div class=\"elementor-element elementor-element-cf02f1c elementor-widget elementor-widget-text-editor\" data-id=\"cf02f1c\" data-element_type=\"widget\" data-e-type=\"widget\" data-widget_type=\"text-editor.default\">\n\t\t\t\t<div class=\"elementor-widget-container\">\n\t\t\t\t\t\t\t\t\t<p>Un des grands avantages de la XLIF est la<strong> rapidit\u00e9 de r\u00e9cup\u00e9ration.<\/strong> Dans la majorit\u00e9 des cas, le patient peut marcher le jour m\u00eame ou le lendemain. La sortie de l\u2019h\u00f4pital s\u2019effectue en 24 \u00e0 48 heures, et la reprise des activit\u00e9s peut d\u00e9buter sous 2 \u00e0 3 semaines.<\/p><p>Chez les patients op\u00e9r\u00e9s sur plusieurs niveaux, la r\u00e9cup\u00e9ration reste plus favorable qu\u2019avec les techniques classiques, tout en maintenant la mobilit\u00e9 et la courbure naturelle de la colonne.<\/p><p>Notre \u00e9quipe de r\u00e9\u00e9ducation propose un accompagnement personnalis\u00e9 selon l\u2019\u00e2ge, la condition physique et le mode de vie du patient.<\/p><p>Cela fait partie de la vision globale du Complex Spine Institute : <strong>technologie, personnalisation et humanit\u00e9 \u00e0 chaque \u00e9tape<\/strong>.<\/p>\t\t\t\t\t\t\t\t<\/div>\n\t\t\t\t<\/div>\n\t\t\t\t\t<\/div>\n\t\t\t\t<\/div>\n\t\t<div class=\"elementor-element elementor-element-96bad6b e-flex e-con-boxed e-con e-parent\" data-id=\"96bad6b\" data-element_type=\"container\" data-e-type=\"container\">\n\t\t\t\t\t<div class=\"e-con-inner\">\n\t\t\t\t<div class=\"elementor-element elementor-element-b9a0b25 elementor-widget elementor-widget-heading\" data-id=\"b9a0b25\" data-element_type=\"widget\" data-e-type=\"widget\" data-widget_type=\"heading.default\">\n\t\t\t\t<div class=\"elementor-widget-container\">\n\t\t\t\t\t<h2 class=\"elementor-heading-title elementor-size-default\">Risques et complications possibles<\/h2>\t\t\t\t<\/div>\n\t\t\t\t<\/div>\n\t\t\t\t<div class=\"elementor-element elementor-element-dc4999e elementor-widget elementor-widget-text-editor\" data-id=\"dc4999e\" data-element_type=\"widget\" data-e-type=\"widget\" data-widget_type=\"text-editor.default\">\n\t\t\t\t<div class=\"elementor-widget-container\">\n\t\t\t\t\t\t\t\t\t<p>Comme toute chirurgie, la XLIF comporte certains risques, bien que limit\u00e9s gr\u00e2ce \u00e0 sa nature mini-invasive et \u00e0 l\u2019exp\u00e9rience de notre \u00e9quipe. Les complications rares peuvent inclure :<\/p><ul><li>L\u00e9sion du nerf f\u00e9moral ou plexus lombaire (\u00e9vit\u00e9e gr\u00e2ce au monitoring)<\/li><li>H\u00e9matome r\u00e9tro-p\u00e9riton\u00e9al<\/li><li>Infection (tr\u00e8s rare avec les protocoles st\u00e9riles modernes)<\/li><li>Douleur temporaire au niveau du psoas<\/li><li>Pseudarthrose si la fusion n\u2019est pas compl\u00e8te<br \/><br \/><\/li><\/ul><p>Nous appliquons des protocoles stricts de pr\u00e9vention et de suivi, et utilisons des <strong>implants de derni\u00e8re g\u00e9n\u00e9ration<\/strong> pour <strong>garantir la s\u00e9curit\u00e9<\/strong> de chaque patient.<\/p>\t\t\t\t\t\t\t\t<\/div>\n\t\t\t\t<\/div>\n\t\t\t\t\t<\/div>\n\t\t\t\t<\/div>\n\t\t<div class=\"elementor-element elementor-element-5b65f7f e-flex e-con-boxed e-con e-parent\" data-id=\"5b65f7f\" data-element_type=\"container\" data-e-type=\"container\">\n\t\t\t\t\t<div class=\"e-con-inner\">\n\t\t\t\t<div class=\"elementor-element elementor-element-6db0149 elementor-widget elementor-widget-heading\" data-id=\"6db0149\" data-element_type=\"widget\" data-e-type=\"widget\" data-widget_type=\"heading.default\">\n\t\t\t\t<div class=\"elementor-widget-container\">\n\t\t\t\t\t<h2 class=\"elementor-heading-title elementor-size-default\">Cas particuliers : patients complexes ou pathologies rares<\/h2>\t\t\t\t<\/div>\n\t\t\t\t<\/div>\n\t\t\t\t<div class=\"elementor-element elementor-element-4ae4b0f elementor-widget elementor-widget-text-editor\" data-id=\"4ae4b0f\" data-element_type=\"widget\" data-e-type=\"widget\" data-widget_type=\"text-editor.default\">\n\t\t\t\t<div class=\"elementor-widget-container\">\n\t\t\t\t\t\t\t\t\t<p>Nous traitons r\u00e9guli\u00e8rement des <strong>patients complexes<\/strong>, souvent en \u00e9chec ailleurs, atteints de <strong>syndromes d\u2019hyperlaxit\u00e9<\/strong> (Ehlers-Danlos, Marfan), de d\u00e9formations vert\u00e9brales s\u00e9v\u00e8res ou ayant subi plusieurs chirurgies.<\/p><p>La XLIF permet d\u2019\u00e9viter les approches post\u00e9rieures \u00e0 haut risque, et de proposer une solution adapt\u00e9e et efficace.<\/p><p>\u00ab <em>Ici, nous ne cherchons pas de solutions standards, mais des r\u00e9ponses sp\u00e9cifiques pour chaque colonne. La XLIF est un outil cl\u00e9 pour cela.<\/em> \u00bb \u2014 Dr Gilete<\/p>\t\t\t\t\t\t\t\t<\/div>\n\t\t\t\t<\/div>\n\t\t\t\t\t<\/div>\n\t\t\t\t<\/div>\n\t\t<div class=\"elementor-element elementor-element-a175090 e-flex e-con-boxed e-con e-parent\" data-id=\"a175090\" data-element_type=\"container\" data-e-type=\"container\">\n\t\t\t\t\t<div class=\"e-con-inner\">\n\t\t\t\t<div class=\"elementor-element elementor-element-5e9d832 elementor-widget elementor-widget-heading\" data-id=\"5e9d832\" data-element_type=\"widget\" data-e-type=\"widget\" data-widget_type=\"heading.default\">\n\t\t\t\t<div class=\"elementor-widget-container\">\n\t\t\t\t\t<h2 class=\"elementor-heading-title elementor-size-default\">\u00cates-vous un bon candidat pour la XLIF ?<\/h2>\t\t\t\t<\/div>\n\t\t\t\t<\/div>\n\t\t\t\t<div class=\"elementor-element elementor-element-5bd3f14 elementor-widget elementor-widget-text-editor\" data-id=\"5bd3f14\" data-element_type=\"widget\" data-e-type=\"widget\" data-widget_type=\"text-editor.default\">\n\t\t\t\t<div class=\"elementor-widget-container\">\n\t\t\t\t\t\t\t\t\t<p>Une \u00e9valuation clinique et radiologique approfondie est indispensable. Au Complex Spine Institute, nous proposons des <strong>\u00e9valuations en pr\u00e9sentiel ou \u00e0 distance<\/strong>, en analysant vos examens d\u2019imagerie et ant\u00e9c\u00e9dents m\u00e9dicaux.<\/p><p>Notre \u00e9quipe multidisciplinaire poss\u00e8de une grande expertise dans la chirurgie mini-invasive et les cas complexes. Notre objectif est de restaurer votre qualit\u00e9 de vie, en toute s\u00e9curit\u00e9.<\/p>\t\t\t\t\t\t\t\t<\/div>\n\t\t\t\t<\/div>\n\t\t\t\t\t<\/div>\n\t\t\t\t<\/div>\n\t\t<div class=\"elementor-element elementor-element-c58e88f e-flex e-con-boxed e-con e-parent\" data-id=\"c58e88f\" data-element_type=\"container\" data-e-type=\"container\">\n\t\t\t\t\t<div class=\"e-con-inner\">\n\t\t\t\t<div class=\"elementor-element elementor-element-16b3e66 elementor-widget elementor-widget-heading\" data-id=\"16b3e66\" data-element_type=\"widget\" data-e-type=\"widget\" data-widget_type=\"heading.default\">\n\t\t\t\t<div class=\"elementor-widget-container\">\n\t\t\t\t\t<h2 class=\"elementor-heading-title elementor-size-default\">Voulez-vous savoir si vous \u00eates candidat \u00e0 un XLIF ?<\/h2>\t\t\t\t<\/div>\n\t\t\t\t<\/div>\n\t\t\t\t<div class=\"elementor-element elementor-element-08ce23b elementor-widget elementor-widget-text-editor\" data-id=\"08ce23b\" data-element_type=\"widget\" data-e-type=\"widget\" data-widget_type=\"text-editor.default\">\n\t\t\t\t<div class=\"elementor-widget-container\">\n\t\t\t\t\t\t\t\t\t<p>Souhaitez-vous savoir si la XLIF est adapt\u00e9e \u00e0 votre cas ? <strong><a href=\"https:\/\/complexspineinstitute.com\/fr\/complex-spine-institute\/fr\/complex-spine-institute\/fr\/complex-spine-institute\/fr\/complex-spine-institute\/fr\/complex-spine-institute\/fr\/complex-spine-institute\/fr\/complex-spine-institute\/fr\/complex-spine-institute\/fr\/complex-spine-institute\/fr\/complex-spine-institute\/fr\/demander-evaluation\/\">Demandez une \u00e9valuation sans engagement,<\/a><\/strong> o\u00f9 que vous soyez dans le monde.<\/p><p>Nous parlons fran\u00e7ais, espagnol, anglais, allemand et catalan, et vous accompagnons tout au long de votre parcours si vous venez \u00e0 Barcelone.<\/p>\t\t\t\t\t\t\t\t<\/div>\n\t\t\t\t<\/div>\n\t\t\t\t\t<\/div>\n\t\t\t\t<\/div>\n\t\t<div class=\"elementor-element elementor-element-6dbf6f11 e-flex e-con-boxed e-con e-parent\" data-id=\"6dbf6f11\" data-element_type=\"container\" data-e-type=\"container\">\n\t\t\t\t\t<div class=\"e-con-inner\">\n\t\t\t\t<div class=\"elementor-element elementor-element-5c45b658 elementor-widget elementor-widget-text-editor\" data-id=\"5c45b658\" data-element_type=\"widget\" data-e-type=\"widget\" data-widget_type=\"text-editor.default\">\n\t\t\t\t<div class=\"elementor-widget-container\">\n\t\t\t\t\t\t\t\t\t<aside class=\"author-signature\" role=\"doc-credits\"><address>Revu et approuv\u00e9 par <strong>Dr Vicen\u00e7 Gilete, MD<\/strong>, neurochirurgien, et <strong>Dr\u00a0Augusto Covaro, MD<\/strong>, chirurgien orthop\u00e9dique<\/address><address>Complex\u00a0Spine\u00a0Institute \u00b7 Barcelone | <time datetime=\"2025-04-17\">18\u00a0avril\u00a02025<\/time><\/address><address><a href=\"https:\/\/complexspineinstitute.com\/fr\/complex-spine-institute\/fr\/complex-spine-institute\/fr\/complex-spine-institute\/fr\/complex-spine-institute\/fr\/complex-spine-institute\/fr\/complex-spine-institute\/fr\/complex-spine-institute\/fr\/complex-spine-institute\/fr\/complex-spine-institute\/fr\/complex-spine-institute\/fr\/institut\/#equipe_medicale\" rel=\"author\">Voir biographies et publications<\/a><\/address><\/aside>\t\t\t\t\t\t\t\t<\/div>\n\t\t\t\t<\/div>\n\t\t\t\t\t<\/div>\n\t\t\t\t<\/div>\n\t\t\t\t<\/div>\n\t\t","protected":false},"excerpt":{"rendered":"<p>Fusion Lat\u00e9rale Extr\u00eame (XLIF) : la solution mini-invasive pour la colonne lombaire avec une r\u00e9cup\u00e9ration rapide et pr\u00e9cise La fusion lat\u00e9rale extr\u00eame, connue sous le nom de XLIF (Extreme Lateral Interbody Fusion), est une technique chirurgicale mini-invasive utilis\u00e9e pour stabiliser la colonne lombaire. Elle permet de traiter des pathologies d\u00e9g\u00e9n\u00e9ratives, des d\u00e9formations ou des instabilit\u00e9s [&hellip;]<\/p>\n","protected":false},"author":1,"featured_media":420,"parent":1970,"menu_order":0,"comment_status":"closed","ping_status":"closed","template":"","meta":{"footnotes":""},"class_list":["post-2138","page","type-page","status-publish","has-post-thumbnail","hentry"],"_links":{"self":[{"href":"https:\/\/complexspineinstitute.com\/fr\/wp-json\/wp\/v2\/pages\/2138","targetHints":{"allow":["GET"]}}],"collection":[{"href":"https:\/\/complexspineinstitute.com\/fr\/wp-json\/wp\/v2\/pages"}],"about":[{"href":"https:\/\/complexspineinstitute.com\/fr\/wp-json\/wp\/v2\/types\/page"}],"author":[{"embeddable":true,"href":"https:\/\/complexspineinstitute.com\/fr\/wp-json\/wp\/v2\/users\/1"}],"replies":[{"embeddable":true,"href":"https:\/\/complexspineinstitute.com\/fr\/wp-json\/wp\/v2\/comments?post=2138"}],"version-history":[{"count":0,"href":"https:\/\/complexspineinstitute.com\/fr\/wp-json\/wp\/v2\/pages\/2138\/revisions"}],"up":[{"embeddable":true,"href":"https:\/\/complexspineinstitute.com\/fr\/wp-json\/wp\/v2\/pages\/1970"}],"wp:featuredmedia":[{"embeddable":true,"href":"https:\/\/complexspineinstitute.com\/fr\/wp-json\/wp\/v2\/media\/420"}],"wp:attachment":[{"href":"https:\/\/complexspineinstitute.com\/fr\/wp-json\/wp\/v2\/media?parent=2138"}],"curies":[{"name":"wp","href":"https:\/\/api.w.org\/{rel}","templated":true}]}}