{"id":2112,"date":"2025-04-17T12:00:05","date_gmt":"2025-04-17T10:00:05","guid":{"rendered":"https:\/\/complexspineinstitute.com\/tecnicas-minimamente-invasivas\/"},"modified":"2025-05-19T18:35:57","modified_gmt":"2025-05-19T16:35:57","slug":"chirurgie-mini-invasive","status":"publish","type":"page","link":"https:\/\/complexspineinstitute.com\/fr\/traitements\/chirurgie-mini-invasive\/","title":{"rendered":"Techniques mini-invasives"},"content":{"rendered":"\t\t<div data-elementor-type=\"wp-page\" data-elementor-id=\"2112\" class=\"elementor elementor-2112 elementor-1300\" data-elementor-post-type=\"page\">\n\t\t\t\t<div class=\"elementor-element elementor-element-232de56 e-flex e-con-boxed e-con e-parent\" data-id=\"232de56\" data-element_type=\"container\" data-e-type=\"container\">\n\t\t\t\t\t<div class=\"e-con-inner\">\n\t\t\t\t<div class=\"elementor-element elementor-element-d77e2fd elementor-widget elementor-widget-heading\" data-id=\"d77e2fd\" data-element_type=\"widget\" data-e-type=\"widget\" data-widget_type=\"heading.default\">\n\t\t\t\t<div class=\"elementor-widget-container\">\n\t\t\t\t\t<h1 class=\"elementor-heading-title elementor-size-default\">Techniques de chirurgie mini-invasive de la colonne vert\u00e9brale<\/h1>\t\t\t\t<\/div>\n\t\t\t\t<\/div>\n\t\t\t\t\t<\/div>\n\t\t\t\t<\/div>\n\t\t<div class=\"elementor-element elementor-element-4b39ac2 e-flex e-con-boxed e-con e-parent\" data-id=\"4b39ac2\" data-element_type=\"container\" data-e-type=\"container\">\n\t\t\t\t\t<div class=\"e-con-inner\">\n\t\t<div class=\"elementor-element elementor-element-ac5c5ad e-con-full e-flex e-con e-child\" data-id=\"ac5c5ad\" data-element_type=\"container\" data-e-type=\"container\">\n\t\t\t\t<div class=\"elementor-element elementor-element-2fa35e2 elementor-widget elementor-widget-heading\" data-id=\"2fa35e2\" data-element_type=\"widget\" data-e-type=\"widget\" data-widget_type=\"heading.default\">\n\t\t\t\t<div class=\"elementor-widget-container\">\n\t\t\t\t\t<h2 class=\"elementor-heading-title elementor-size-default\">Qu'est-ce que la chirurgie mini-invasive ?<\/h2>\t\t\t\t<\/div>\n\t\t\t\t<\/div>\n\t\t\t\t<div class=\"elementor-element elementor-element-125a027 elementor-widget elementor-widget-text-editor\" data-id=\"125a027\" data-element_type=\"widget\" data-e-type=\"widget\" data-widget_type=\"text-editor.default\">\n\t\t\t\t<div class=\"elementor-widget-container\">\n\t\t\t\t\t\t\t\t\t<p>Les techniques mini-invasives sont des proc\u00e9dures chirurgicales utilisant de petites incisions et des technologies avanc\u00e9es pour traiter les pathologies de la colonne vert\u00e9brale avec une grande pr\u00e9cision, en r\u00e9duisant consid\u00e9rablement les traumatismes pour le patient.<\/p><p>\u00ab\u00a0<strong>J\u2019ai observ\u00e9 chez mes patients une nette diminution de la douleur postop\u00e9ratoire et une r\u00e9cup\u00e9ration rapide, en particulier avec les techniques endoscopiques<\/strong>.\u00a0\u00bb<br \/>\u2014<em> Dr Augusto, neurochirurgien, Complex Spine Institute<\/em><\/p>\t\t\t\t\t\t\t\t<\/div>\n\t\t\t\t<\/div>\n\t\t\t\t<\/div>\n\t\t<div class=\"elementor-element elementor-element-8469aec e-con-full e-flex e-con e-child\" data-id=\"8469aec\" data-element_type=\"container\" data-e-type=\"container\">\n\t\t\t\t<div class=\"elementor-element elementor-element-7560eac elementor-widget elementor-widget-video\" data-id=\"7560eac\" data-element_type=\"widget\" data-e-type=\"widget\" data-settings=\"{&quot;video_type&quot;:&quot;hosted&quot;,&quot;controls&quot;:&quot;yes&quot;}\" data-widget_type=\"video.default\">\n\t\t\t\t<div class=\"elementor-widget-container\">\n\t\t\t\t\t\t\t<div class=\"e-hosted-video elementor-wrapper elementor-open-inline\">\n\t\t\t\t\t<video class=\"elementor-video\" src=\"https:\/\/complexspineinstitute.com\/fr\/complex-spine-institute\/fr\/complex-spine-institute\/fr\/complex-spine-institute\/fr\/complex-spine-institute\/fr\/complex-spine-institute\/fr\/complex-spine-institute\/fr\/complex-spine-institute\/fr\/complex-spine-institute\/wp-content\/uploads\/2025\/05\/Endoscopia.mp4\" controls=\"\" preload=\"metadata\" controlsList=\"nodownload\"><\/video>\n\t\t\t\t<\/div>\n\t\t\t\t\t\t<\/div>\n\t\t\t\t<\/div>\n\t\t\t\t<\/div>\n\t\t\t\t\t<\/div>\n\t\t\t\t<\/div>\n\t\t<div class=\"elementor-element elementor-element-8366130 e-flex e-con-boxed e-con e-parent\" data-id=\"8366130\" data-element_type=\"container\" data-e-type=\"container\">\n\t\t\t\t\t<div class=\"e-con-inner\">\n\t\t<div class=\"elementor-element elementor-element-337be5c e-con-full e-flex e-con e-child\" data-id=\"337be5c\" data-element_type=\"container\" data-e-type=\"container\">\n\t\t\t\t<div class=\"elementor-element elementor-element-f5c6dbb elementor-widget elementor-widget-image\" data-id=\"f5c6dbb\" data-element_type=\"widget\" data-e-type=\"widget\" data-widget_type=\"image.default\">\n\t\t\t\t<div class=\"elementor-widget-container\">\n\t\t\t\t\t\t\t\t\t\t\t\t\t\t\t<img fetchpriority=\"high\" decoding=\"async\" width=\"280\" height=\"448\" src=\"https:\/\/complexspineinstitute.com\/wp-content\/uploads\/2025\/04\/cierre_de_incision_minimamente_invasiva.webp\" class=\"attachment-large size-large wp-image-988\" alt=\"Cierre de incisi\u00f3n quir\u00fargica peque\u00f1a tras intervenci\u00f3n de columna m\u00ednimamente invasiva\" srcset=\"https:\/\/complexspineinstitute.com\/wp-content\/uploads\/2025\/04\/cierre_de_incision_minimamente_invasiva.webp 280w, https:\/\/complexspineinstitute.com\/wp-content\/uploads\/2025\/04\/cierre_de_incision_minimamente_invasiva-188x300.webp 188w\" sizes=\"(max-width: 280px) 100vw, 280px\" \/>\t\t\t\t\t\t\t\t\t\t\t\t\t\t\t<\/div>\n\t\t\t\t<\/div>\n\t\t\t\t<\/div>\n\t\t<div class=\"elementor-element elementor-element-28c1b28 e-con-full e-flex e-con e-child\" data-id=\"28c1b28\" data-element_type=\"container\" data-e-type=\"container\">\n\t\t\t\t<div class=\"elementor-element elementor-element-cb4be2c elementor-widget elementor-widget-heading\" data-id=\"cb4be2c\" data-element_type=\"widget\" data-e-type=\"widget\" data-widget_type=\"heading.default\">\n\t\t\t\t<div class=\"elementor-widget-container\">\n\t\t\t\t\t<h2 class=\"elementor-heading-title elementor-size-default\">Avantages des techniques mini-invasives<\/h2>\t\t\t\t<\/div>\n\t\t\t\t<\/div>\n\t\t\t\t<div class=\"elementor-element elementor-element-1fe005f elementor-widget elementor-widget-text-editor\" data-id=\"1fe005f\" data-element_type=\"widget\" data-e-type=\"widget\" data-widget_type=\"text-editor.default\">\n\t\t\t\t<div class=\"elementor-widget-container\">\n\t\t\t\t\t\t\t\t\t<ul><li>Moins de douleur apr\u00e8s l\u2019op\u00e9ration<\/li><li>R\u00e9tablissement plus rapide et hospitalisation plus courte<\/li><li>Moins de risques d\u2019infections et de complications<\/li><li>Petites cicatrices, plus esth\u00e9tiques<br \/><br \/><\/li><\/ul><p>\u00ab\u00a0<strong>Chaque jour, je constate l\u2019efficacit\u00e9 et la s\u00e9curit\u00e9 qu\u2019offrent ces techniques \u00e0 mes patients.<\/strong>\u00ab\u00a0<br \/>\u2014 <em>Dr Augusto<\/em><\/p>\t\t\t\t\t\t\t\t<\/div>\n\t\t\t\t<\/div>\n\t\t\t\t<\/div>\n\t\t\t\t\t<\/div>\n\t\t\t\t<\/div>\n\t\t<div class=\"elementor-element elementor-element-d2e54b6 e-flex e-con-boxed e-con e-parent\" data-id=\"d2e54b6\" data-element_type=\"container\" data-e-type=\"container\">\n\t\t\t\t\t<div class=\"e-con-inner\">\n\t\t\t\t<div class=\"elementor-element elementor-element-a554fab elementor-widget elementor-widget-heading\" data-id=\"a554fab\" data-element_type=\"widget\" data-e-type=\"widget\" data-widget_type=\"heading.default\">\n\t\t\t\t<div class=\"elementor-widget-container\">\n\t\t\t\t\t<h2 class=\"elementor-heading-title elementor-size-default\">Techniques les plus utilis\u00e9es en chirurgie de la colonne<\/h2>\t\t\t\t<\/div>\n\t\t\t\t<\/div>\n\t\t\t\t<div class=\"elementor-element elementor-element-df2a015 elementor-widget elementor-widget-text-editor\" data-id=\"df2a015\" data-element_type=\"widget\" data-e-type=\"widget\" data-widget_type=\"text-editor.default\">\n\t\t\t\t<div class=\"elementor-widget-container\">\n\t\t\t\t\t\t\t\t\t<h3><strong>Chirurgie endoscopique de la colonne<\/strong><\/h3><p>Permet de traiter les hernies discales et les st\u00e9noses lombaires \u00e0 travers une incision minimale.<\/p><p>\u00ab\u00a0<strong>Selon mon exp\u00e9rience, les patients pr\u00e9sentent des cicatrices nettement plus petites et esth\u00e9tiques, avec moins de complications g\u00e9n\u00e9rales<\/strong>.\u00a0\u00bb<br \/>\u2014 <em>Dr Augusto<\/em><\/p><h3><strong>Chirurgie robotique et navigation assist\u00e9e<\/strong><\/h3><p>\u00ab\u00a0<strong>La chirurgie robotique et la navigation chirurgicale offrent une pr\u00e9cision millim\u00e9trique autrefois inimaginable. Cela am\u00e9liore non seulement les r\u00e9sultats, mais rassure aussi le patient pendant l\u2019intervention<\/strong>.\u00a0\u00bb<br \/>\u2014<em> Dr Gilete<\/em><\/p><h3><strong>XLIF et OLIF<\/strong><\/h3><p>Des approches sp\u00e9cialis\u00e9es permettant d\u2019acc\u00e9der \u00e0 la colonne vert\u00e9brale par des voies lat\u00e9rales moins invasives.<\/p><p>\u00ab\u00a0<strong>J\u2019ai r\u00e9alis\u00e9 de nombreuses interventions XLIF et OLIF, et je peux affirmer que les r\u00e9sultats sont excellents en mati\u00e8re de r\u00e9cup\u00e9ration et de satisfaction des patients<\/strong>.\u00a0\u00bb<br \/>\u2014 <em>Dr Gilete<\/em><\/p>\t\t\t\t\t\t\t\t<\/div>\n\t\t\t\t<\/div>\n\t\t\t\t\t<\/div>\n\t\t\t\t<\/div>\n\t\t<div class=\"elementor-element elementor-element-9330f3f e-flex e-con-boxed e-con e-parent\" data-id=\"9330f3f\" data-element_type=\"container\" data-e-type=\"container\">\n\t\t\t\t\t<div class=\"e-con-inner\">\n\t\t\t\t<div class=\"elementor-element elementor-element-54dd7d1 elementor-widget elementor-widget-heading\" data-id=\"54dd7d1\" data-element_type=\"widget\" data-e-type=\"widget\" data-widget_type=\"heading.default\">\n\t\t\t\t<div class=\"elementor-widget-container\">\n\t\t\t\t\t<h2 class=\"elementor-heading-title elementor-size-default\">Pour qui sont adapt\u00e9es ces techniques ?<\/h2>\t\t\t\t<\/div>\n\t\t\t\t<\/div>\n\t\t\t\t<div class=\"elementor-element elementor-element-4d0fa91 elementor-widget elementor-widget-text-editor\" data-id=\"4d0fa91\" data-element_type=\"widget\" data-e-type=\"widget\" data-widget_type=\"text-editor.default\">\n\t\t\t\t<div class=\"elementor-widget-container\">\n\t\t\t\t\t\t\t\t\t<p>Ces techniques sont indiqu\u00e9es pour les patients atteints de :<\/p><ul><li>Hernies discales<\/li><li>St\u00e9nose du canal lombaire<\/li><li>Discopathies d\u00e9g\u00e9n\u00e9ratives<br \/><br \/><\/li><\/ul><p>La r\u00e9duction du traumatisme chirurgical permet un retour rapide aux activit\u00e9s quotidiennes.<\/p>\t\t\t\t\t\t\t\t<\/div>\n\t\t\t\t<\/div>\n\t\t\t\t\t<\/div>\n\t\t\t\t<\/div>\n\t\t<div class=\"elementor-element elementor-element-39b4c43 e-flex e-con-boxed e-con e-parent\" data-id=\"39b4c43\" data-element_type=\"container\" data-e-type=\"container\">\n\t\t\t\t\t<div class=\"e-con-inner\">\n\t\t<div class=\"elementor-element elementor-element-142489a e-con-full e-flex e-con e-child\" data-id=\"142489a\" data-element_type=\"container\" data-e-type=\"container\">\n\t\t\t\t<div class=\"elementor-element elementor-element-ea15c2c elementor-widget elementor-widget-image\" data-id=\"ea15c2c\" data-element_type=\"widget\" data-e-type=\"widget\" data-widget_type=\"image.default\">\n\t\t\t\t<div class=\"elementor-widget-container\">\n\t\t\t\t\t\t\t\t\t\t\t\t\t\t\t<img decoding=\"async\" width=\"405\" height=\"270\" src=\"https:\/\/complexspineinstitute.com\/wp-content\/uploads\/2025\/04\/marcaje_preoperatorio_minimamente_invasivo.webp\" class=\"attachment-large size-large wp-image-1000\" alt=\"Marcaje preoperatorio en piel para cirug\u00eda de columna m\u00ednimamente invasiva\" srcset=\"https:\/\/complexspineinstitute.com\/wp-content\/uploads\/2025\/04\/marcaje_preoperatorio_minimamente_invasivo.webp 405w, https:\/\/complexspineinstitute.com\/wp-content\/uploads\/2025\/04\/marcaje_preoperatorio_minimamente_invasivo-300x200.webp 300w\" sizes=\"(max-width: 405px) 100vw, 405px\" \/>\t\t\t\t\t\t\t\t\t\t\t\t\t\t\t<\/div>\n\t\t\t\t<\/div>\n\t\t\t\t<\/div>\n\t\t<div class=\"elementor-element elementor-element-91cc4c5 e-con-full e-flex e-con e-child\" data-id=\"91cc4c5\" data-element_type=\"container\" data-e-type=\"container\">\n\t\t\t\t<div class=\"elementor-element elementor-element-5b1f90c elementor-widget elementor-widget-heading\" data-id=\"5b1f90c\" data-element_type=\"widget\" data-e-type=\"widget\" data-widget_type=\"heading.default\">\n\t\t\t\t<div class=\"elementor-widget-container\">\n\t\t\t\t\t<h2 class=\"elementor-heading-title elementor-size-default\">R\u00e9cup\u00e9ration apr\u00e8s une chirurgie mini-invasive<\/h2>\t\t\t\t<\/div>\n\t\t\t\t<\/div>\n\t\t\t\t<div class=\"elementor-element elementor-element-58d3091 elementor-widget elementor-widget-text-editor\" data-id=\"58d3091\" data-element_type=\"widget\" data-e-type=\"widget\" data-widget_type=\"text-editor.default\">\n\t\t\t\t<div class=\"elementor-widget-container\">\n\t\t\t\t\t\t\t\t\t<p>Gr\u00e2ce \u00e0 une approche moins agressive, la majorit\u00e9 des patients du Complex Spine Institute rentrent chez eux en 24 \u00e0 48 heures.<\/p><p><strong>\u00ab\u00a0La r\u00e9duction du traumatisme chirurgical est \u00e9vidente, ce qui permet \u00e0 mes patients de reprendre rapidement leurs activit\u00e9s avec un minimum d\u2019impact.\u00a0\u00bb<\/strong><br \/>\u2014 <em>Dr Gilete<\/em><\/p>\t\t\t\t\t\t\t\t<\/div>\n\t\t\t\t<\/div>\n\t\t\t\t<\/div>\n\t\t\t\t\t<\/div>\n\t\t\t\t<\/div>\n\t\t<div class=\"elementor-element elementor-element-ea3f0c6 e-flex e-con-boxed e-con e-parent\" data-id=\"ea3f0c6\" data-element_type=\"container\" data-e-type=\"container\">\n\t\t\t\t\t<div class=\"e-con-inner\">\n\t\t\t\t<div class=\"elementor-element elementor-element-6d5f830 elementor-widget elementor-widget-heading\" data-id=\"6d5f830\" data-element_type=\"widget\" data-e-type=\"widget\" data-widget_type=\"heading.default\">\n\t\t\t\t<div class=\"elementor-widget-container\">\n\t\t\t\t\t<h2 class=\"elementor-heading-title elementor-size-default\">Pourquoi choisir Complex Spine Institute ?<\/h2>\t\t\t\t<\/div>\n\t\t\t\t<\/div>\n\t\t\t\t<div class=\"elementor-element elementor-element-5de217b elementor-widget elementor-widget-text-editor\" data-id=\"5de217b\" data-element_type=\"widget\" data-e-type=\"widget\" data-widget_type=\"text-editor.default\">\n\t\t\t\t<div class=\"elementor-widget-container\">\n\t\t\t\t\t\t\t\t\t<p>Au Complex Spine Institute, nous sommes reconnus pour notre expertise en chirurgie mini-invasive, gr\u00e2ce \u00e0 notre exp\u00e9rience internationale et \u00e0 nos technologies de pointe. Nous offrons un accompagnement personnalis\u00e9 et des solutions chirurgicales adapt\u00e9es \u00e0 chaque patient.<\/p><p><strong><a href=\"https:\/\/complexspineinstitute.com\/fr\/complex-spine-institute\/fr\/complex-spine-institute\/fr\/complex-spine-institute\/fr\/complex-spine-institute\/fr\/complex-spine-institute\/fr\/complex-spine-institute\/fr\/complex-spine-institute\/fr\/complex-spine-institute\/fr\/demander-evaluation\/\">Demandez une consultation personnalis\u00e9e.<\/a><\/strong><\/p>\t\t\t\t\t\t\t\t<\/div>\n\t\t\t\t<\/div>\n\t\t\t\t\t<\/div>\n\t\t\t\t<\/div>\n\t\t<div class=\"elementor-element elementor-element-6dbf6f11 e-flex e-con-boxed e-con e-parent\" data-id=\"6dbf6f11\" data-element_type=\"container\" data-e-type=\"container\">\n\t\t\t\t\t<div class=\"e-con-inner\">\n\t\t\t\t<div class=\"elementor-element elementor-element-5c45b658 elementor-widget elementor-widget-text-editor\" data-id=\"5c45b658\" data-element_type=\"widget\" data-e-type=\"widget\" data-widget_type=\"text-editor.default\">\n\t\t\t\t<div class=\"elementor-widget-container\">\n\t\t\t\t\t\t\t\t\t<aside class=\"author-signature\" role=\"doc-credits\"><address>Revu et approuv\u00e9 par <strong>Dr Vicen\u00e7 Gilete, MD<\/strong>, neurochirurgien, et <strong>Dr\u00a0Augusto Covaro, MD<\/strong>, chirurgien orthop\u00e9dique<\/address><address>Complex\u00a0Spine\u00a0Institute \u00b7 Barcelone | <time datetime=\"2025-04-17\">18\u00a0avril\u00a02025<\/time><\/address><address><a href=\"https:\/\/complexspineinstitute.com\/fr\/complex-spine-institute\/fr\/complex-spine-institute\/fr\/complex-spine-institute\/fr\/complex-spine-institute\/fr\/complex-spine-institute\/fr\/complex-spine-institute\/fr\/complex-spine-institute\/fr\/complex-spine-institute\/fr\/institut\/#equipe_medicale\" rel=\"author\">Voir biographies et publications<\/a><\/address><\/aside>\t\t\t\t\t\t\t\t<\/div>\n\t\t\t\t<\/div>\n\t\t\t\t\t<\/div>\n\t\t\t\t<\/div>\n\t\t\t\t<\/div>\n\t\t","protected":false},"excerpt":{"rendered":"<p>Techniques de chirurgie mini-invasive de la colonne vert\u00e9brale Qu&rsquo;est-ce que la chirurgie mini-invasive ? Les techniques mini-invasives sont des proc\u00e9dures chirurgicales utilisant de petites incisions et des technologies avanc\u00e9es pour traiter les pathologies de la colonne vert\u00e9brale avec une grande pr\u00e9cision, en r\u00e9duisant consid\u00e9rablement les traumatismes pour le patient. \u00ab\u00a0J\u2019ai observ\u00e9 chez mes patients une [&hellip;]<\/p>\n","protected":false},"author":1,"featured_media":420,"parent":1970,"menu_order":0,"comment_status":"closed","ping_status":"closed","template":"","meta":{"footnotes":""},"class_list":["post-2112","page","type-page","status-publish","has-post-thumbnail","hentry"],"_links":{"self":[{"href":"https:\/\/complexspineinstitute.com\/fr\/wp-json\/wp\/v2\/pages\/2112","targetHints":{"allow":["GET"]}}],"collection":[{"href":"https:\/\/complexspineinstitute.com\/fr\/wp-json\/wp\/v2\/pages"}],"about":[{"href":"https:\/\/complexspineinstitute.com\/fr\/wp-json\/wp\/v2\/types\/page"}],"author":[{"embeddable":true,"href":"https:\/\/complexspineinstitute.com\/fr\/wp-json\/wp\/v2\/users\/1"}],"replies":[{"embeddable":true,"href":"https:\/\/complexspineinstitute.com\/fr\/wp-json\/wp\/v2\/comments?post=2112"}],"version-history":[{"count":0,"href":"https:\/\/complexspineinstitute.com\/fr\/wp-json\/wp\/v2\/pages\/2112\/revisions"}],"up":[{"embeddable":true,"href":"https:\/\/complexspineinstitute.com\/fr\/wp-json\/wp\/v2\/pages\/1970"}],"wp:featuredmedia":[{"embeddable":true,"href":"https:\/\/complexspineinstitute.com\/fr\/wp-json\/wp\/v2\/media\/420"}],"wp:attachment":[{"href":"https:\/\/complexspineinstitute.com\/fr\/wp-json\/wp\/v2\/media?parent=2112"}],"curies":[{"name":"wp","href":"https:\/\/api.w.org\/{rel}","templated":true}]}}