{"id":2045,"date":"2025-04-17T12:00:35","date_gmt":"2025-04-17T10:00:35","guid":{"rendered":"https:\/\/complexspineinstitute.com\/sindrome-de-espalda-fallida\/"},"modified":"2025-04-21T11:48:10","modified_gmt":"2025-04-21T09:48:10","slug":"syndrome-du-dos-defaillant","status":"publish","type":"page","link":"https:\/\/complexspineinstitute.com\/fr\/traitements\/syndrome-du-dos-defaillant\/","title":{"rendered":"Syndrome du dos d\u00e9faillant"},"content":{"rendered":"\t\t<div data-elementor-type=\"wp-page\" data-elementor-id=\"2045\" class=\"elementor elementor-2045 elementor-1298\" data-elementor-post-type=\"page\">\n\t\t\t\t<div class=\"elementor-element elementor-element-232de56 e-flex e-con-boxed e-con e-parent\" data-id=\"232de56\" data-element_type=\"container\" data-e-type=\"container\">\n\t\t\t\t\t<div class=\"e-con-inner\">\n\t\t\t\t<div class=\"elementor-element elementor-element-d77e2fd elementor-widget elementor-widget-heading\" data-id=\"d77e2fd\" data-element_type=\"widget\" data-e-type=\"widget\" data-widget_type=\"heading.default\">\n\t\t\t\t<div class=\"elementor-widget-container\">\n\t\t\t\t\t<h1 class=\"elementor-heading-title elementor-size-default\">Syndrome de chirurgie du dos rat\u00e9e : approche personnalis\u00e9e et innovante<\/h1>\t\t\t\t<\/div>\n\t\t\t\t<\/div>\n\t\t\t\t\t<\/div>\n\t\t\t\t<\/div>\n\t\t<div class=\"elementor-element elementor-element-ef6da49 e-flex e-con-boxed e-con e-parent\" data-id=\"ef6da49\" data-element_type=\"container\" data-e-type=\"container\">\n\t\t\t\t\t<div class=\"e-con-inner\">\n\t\t\t\t<div class=\"elementor-element elementor-element-bae43a0 elementor-widget elementor-widget-text-editor\" data-id=\"bae43a0\" data-element_type=\"widget\" data-e-type=\"widget\" data-widget_type=\"text-editor.default\">\n\t\t\t\t<div class=\"elementor-widget-container\">\n\t\t\t\t\t\t\t\t\t<p>Vivre avec une douleur chronique apr\u00e8s une op\u00e9ration du dos cens\u00e9e apporter un soulagement peut \u00eatre une exp\u00e9rience profond\u00e9ment \u00e9prouvante, tant sur le plan physique qu\u2019\u00e9motionnel.<\/p><p>Au Complex Spine Institute, nous comprenons l\u2019impact de cette douleur persistante. C\u2019est pourquoi nous traitons chaque cas avec une approche hautement sp\u00e9cialis\u00e9e et personnalis\u00e9e, combinant neurochirurgie, orthop\u00e9die de pointe et technologies de derni\u00e8re g\u00e9n\u00e9ration.<\/p>\t\t\t\t\t\t\t\t<\/div>\n\t\t\t\t<\/div>\n\t\t\t\t\t<\/div>\n\t\t\t\t<\/div>\n\t\t<div class=\"elementor-element elementor-element-e5c65d0 e-flex e-con-boxed e-con e-parent\" data-id=\"e5c65d0\" data-element_type=\"container\" data-e-type=\"container\">\n\t\t\t\t\t<div class=\"e-con-inner\">\n\t\t\t\t<div class=\"elementor-element elementor-element-b66f11c elementor-widget elementor-widget-heading\" data-id=\"b66f11c\" data-element_type=\"widget\" data-e-type=\"widget\" data-widget_type=\"heading.default\">\n\t\t\t\t<div class=\"elementor-widget-container\">\n\t\t\t\t\t<h2 class=\"elementor-heading-title elementor-size-default\">Qu\u2019est-ce que le syndrome du dos rat\u00e9e ?<\/h2>\t\t\t\t<\/div>\n\t\t\t\t<\/div>\n\t\t\t\t<div class=\"elementor-element elementor-element-6f80510 elementor-widget elementor-widget-text-editor\" data-id=\"6f80510\" data-element_type=\"widget\" data-e-type=\"widget\" data-widget_type=\"text-editor.default\">\n\t\t\t\t<div class=\"elementor-widget-container\">\n\t\t\t\t\t\t\t\t\t<p>Le syndrome de chirurgie du dos rat\u00e9e (FBSS) d\u00e9signe une condition dans laquelle une douleur lombaire, radiculaire ou neuropathique persiste apr\u00e8s une intervention chirurgicale sur la colonne vert\u00e9brale. Cela ne signifie pas toujours que l\u2019op\u00e9ration a \u00e9chou\u00e9, mais plut\u00f4t que la r\u00e9ponse du corps a \u00e9t\u00e9 partielle ou inad\u00e9quate.<\/p><p>Il peut appara\u00eetre apr\u00e8s diff\u00e9rents types d\u2019interventions : discectomies, laminectomies, arthrod\u00e8ses, fusions vert\u00e9brales\u2026 Les causes peuvent \u00eatre multiples : l\u00e9sions nerveuses, fibrose \u00e9pidurale, d\u00e9s\u00e9quilibres biom\u00e9caniques, erreur de niveau op\u00e9ratoire ou pathologie non diagnostiqu\u00e9e.<\/p>\t\t\t\t\t\t\t\t<\/div>\n\t\t\t\t<\/div>\n\t\t\t\t\t<\/div>\n\t\t\t\t<\/div>\n\t\t<div class=\"elementor-element elementor-element-4b39ac2 e-flex e-con-boxed e-con e-parent\" data-id=\"4b39ac2\" data-element_type=\"container\" data-e-type=\"container\">\n\t\t\t\t\t<div class=\"e-con-inner\">\n\t\t<div class=\"elementor-element elementor-element-5419f35 e-con-full e-flex e-con e-child\" data-id=\"5419f35\" data-element_type=\"container\" data-e-type=\"container\">\n\t\t\t\t<div class=\"elementor-element elementor-element-a554fab elementor-widget elementor-widget-heading\" data-id=\"a554fab\" data-element_type=\"widget\" data-e-type=\"widget\" data-widget_type=\"heading.default\">\n\t\t\t\t<div class=\"elementor-widget-container\">\n\t\t\t\t\t<h2 class=\"elementor-heading-title elementor-size-default\">Causes fr\u00e9quentes<\/h2>\t\t\t\t<\/div>\n\t\t\t\t<\/div>\n\t\t\t\t<div class=\"elementor-element elementor-element-df2a015 elementor-widget__width-initial elementor-widget elementor-widget-text-editor\" data-id=\"df2a015\" data-element_type=\"widget\" data-e-type=\"widget\" data-widget_type=\"text-editor.default\">\n\t\t\t\t<div class=\"elementor-widget-container\">\n\t\t\t\t\t\t\t\t\t<ul><li>Fibrose \u00e9pidurale ou cicatrice post-op\u00e9ratoire<\/li><li>R\u00e9cidive ou persistance d\u2019une hernie discaleInstabilit\u00e9 vert\u00e9brale non trait\u00e9e<\/li><li>Niveau chirurgical incorrect<\/li><li>Compression nerveuse non r\u00e9solue ou secondaire<\/li><li>D\u00e9s\u00e9quilibre sagittal ou d\u00e9faillance m\u00e9canique postop\u00e9ratoire<\/li><li>Mauvais diagnostic ou \u00e9valuation incompl\u00e8te en pr\u00e9op\u00e9ratoire<br \/><br \/><\/li><\/ul><p>\u00ab Notre engagement envers la technologie de pointe et la s\u00e9curit\u00e9 du patient, notamment pour les pathologies rares, nous permet d\u2019offrir de v\u00e9ritables alternatives aux patients ayant connu un \u00e9chec chirurgical. \u00bb \u2014 Dr Gilete<\/p>\t\t\t\t\t\t\t\t<\/div>\n\t\t\t\t<\/div>\n\t\t\t\t<\/div>\n\t\t<div class=\"elementor-element elementor-element-8469aec e-con-full e-flex e-con e-child\" data-id=\"8469aec\" data-element_type=\"container\" data-e-type=\"container\">\n\t\t\t\t<div class=\"elementor-element elementor-element-658a1ab elementor-widget elementor-widget-image\" data-id=\"658a1ab\" data-element_type=\"widget\" data-e-type=\"widget\" data-widget_type=\"image.default\">\n\t\t\t\t<div class=\"elementor-widget-container\">\n\t\t\t\t\t\t\t\t\t\t\t\t\t\t\t<img fetchpriority=\"high\" decoding=\"async\" width=\"683\" height=\"1024\" src=\"https:\/\/complexspineinstitute.com\/wp-content\/uploads\/2025\/04\/revision_de_radiografia_columna.webp\" class=\"attachment-large size-large wp-image-940\" alt=\"Dr. Gilete revisando radiograf\u00eda de columna completa frente a la luz\" srcset=\"https:\/\/complexspineinstitute.com\/wp-content\/uploads\/2025\/04\/revision_de_radiografia_columna.webp 683w, https:\/\/complexspineinstitute.com\/wp-content\/uploads\/2025\/04\/revision_de_radiografia_columna-200x300.webp 200w\" sizes=\"(max-width: 683px) 100vw, 683px\" \/>\t\t\t\t\t\t\t\t\t\t\t\t\t\t\t<\/div>\n\t\t\t\t<\/div>\n\t\t\t\t<\/div>\n\t\t\t\t\t<\/div>\n\t\t\t\t<\/div>\n\t\t<div class=\"elementor-element elementor-element-9330f3f e-flex e-con-boxed e-con e-parent\" data-id=\"9330f3f\" data-element_type=\"container\" data-e-type=\"container\">\n\t\t\t\t\t<div class=\"e-con-inner\">\n\t\t\t\t<div class=\"elementor-element elementor-element-54dd7d1 elementor-widget elementor-widget-heading\" data-id=\"54dd7d1\" data-element_type=\"widget\" data-e-type=\"widget\" data-widget_type=\"heading.default\">\n\t\t\t\t<div class=\"elementor-widget-container\">\n\t\t\t\t\t<h2 class=\"elementor-heading-title elementor-size-default\">Sympt\u00f4mes du syndrome de chirurgie du dos rat\u00e9e<\/h2>\t\t\t\t<\/div>\n\t\t\t\t<\/div>\n\t\t\t\t<div class=\"elementor-element elementor-element-4d0fa91 elementor-widget elementor-widget-text-editor\" data-id=\"4d0fa91\" data-element_type=\"widget\" data-e-type=\"widget\" data-widget_type=\"text-editor.default\">\n\t\t\t\t<div class=\"elementor-widget-container\">\n\t\t\t\t\t\t\t\t\t<p>Les patients pr\u00e9sentent souvent :<\/p><ul><li>Douleur lombaire chronique<\/li><li>Douleur irradiant dans les jambes (sciatique)<\/li><li>Sensations de br\u00fblure ou de crampes (douleur neuropathique)<\/li><li>Engourdissement ou faiblesse des membres<\/li><li>Difficult\u00e9 \u00e0 marcher ou \u00e0 maintenir une posture<\/li><li>Anxi\u00e9t\u00e9, insomnie et troubles \u00e9motionnels li\u00e9s \u00e0 la douleur<br \/><br \/><\/li><\/ul><p>\u00ab Nous associons expertise avanc\u00e9e et accompagnement personnalis\u00e9 pour offrir des solutions efficaces qui am\u00e9liorent v\u00e9ritablement la qualit\u00e9 de vie. \u00bb \u2014 Dr Covaro<\/p>\t\t\t\t\t\t\t\t<\/div>\n\t\t\t\t<\/div>\n\t\t\t\t\t<\/div>\n\t\t\t\t<\/div>\n\t\t<div class=\"elementor-element elementor-element-7983028 e-flex e-con-boxed e-con e-parent\" data-id=\"7983028\" data-element_type=\"container\" data-e-type=\"container\">\n\t\t\t\t\t<div class=\"e-con-inner\">\n\t\t\t\t<div class=\"elementor-element elementor-element-4a34b59 elementor-widget elementor-widget-heading\" data-id=\"4a34b59\" data-element_type=\"widget\" data-e-type=\"widget\" data-widget_type=\"heading.default\">\n\t\t\t\t<div class=\"elementor-widget-container\">\n\t\t\t\t\t<h2 class=\"elementor-heading-title elementor-size-default\">Impact \u00e9motionnel : au-del\u00e0 de la douleur physique<\/h2>\t\t\t\t<\/div>\n\t\t\t\t<\/div>\n\t\t\t\t<div class=\"elementor-element elementor-element-4e93f6f elementor-widget elementor-widget-text-editor\" data-id=\"4e93f6f\" data-element_type=\"widget\" data-e-type=\"widget\" data-widget_type=\"text-editor.default\">\n\t\t\t\t<div class=\"elementor-widget-container\">\n\t\t\t\t\t\t\t\t\t<p>Le syndrome de chirurgie du dos rat\u00e9e ne touche pas seulement la mobilit\u00e9 : il alt\u00e8re la confiance du patient, affecte son moral et suscite une profonde incertitude. De nombreux patients perdent foi en la m\u00e9decine apr\u00e8s une ou plusieurs op\u00e9rations sans succ\u00e8s.<\/p><p>Chez Complex Spine Institute, notre objectif est de restaurer non seulement la fonction, mais aussi l\u2019espoir. Cela inclut :<\/p><ul><li>R\u00e9\u00e9valuation du cas avec imagerie de pointe<\/li><li>Diagnostic multidisciplinaire<\/li><li>Soutien \u00e9motionnel et communication transparente<\/li><\/ul>\t\t\t\t\t\t\t\t<\/div>\n\t\t\t\t<\/div>\n\t\t\t\t\t<\/div>\n\t\t\t\t<\/div>\n\t\t<div class=\"elementor-element elementor-element-8fbf9b1 e-flex e-con-boxed e-con e-parent\" data-id=\"8fbf9b1\" data-element_type=\"container\" data-e-type=\"container\">\n\t\t\t\t\t<div class=\"e-con-inner\">\n\t\t\t\t<div class=\"elementor-element elementor-element-972ab87 elementor-widget elementor-widget-heading\" data-id=\"972ab87\" data-element_type=\"widget\" data-e-type=\"widget\" data-widget_type=\"heading.default\">\n\t\t\t\t<div class=\"elementor-widget-container\">\n\t\t\t\t\t<h2 class=\"elementor-heading-title elementor-size-default\">Un diagnostic pr\u00e9cis : premi\u00e8re \u00e9tape vers la solution<\/h2>\t\t\t\t<\/div>\n\t\t\t\t<\/div>\n\t\t\t\t<div class=\"elementor-element elementor-element-4d9390a elementor-widget elementor-widget-text-editor\" data-id=\"4d9390a\" data-element_type=\"widget\" data-e-type=\"widget\" data-widget_type=\"text-editor.default\">\n\t\t\t\t<div class=\"elementor-widget-container\">\n\t\t\t\t\t\t\t\t\t<p>Un diagnostic rigoureux comprend :<\/p><ul><li>IRM fonctionnelle et en position debout<\/li><li>Scanner 3D avec reconstructions axiale et sagittale<\/li><li>\u00c9tudes neurophysiologiques<\/li><li>Examen clinique corr\u00e9l\u00e9 aux images<br \/><br \/><\/li><\/ul><p>De nombreux patients arrivent avec des examens incomplets ou mal interpr\u00e9t\u00e9s. Gr\u00e2ce \u00e0 notre expertise chirurgicale et nos outils de diagnostic avanc\u00e9s, nous identifions pr\u00e9cis\u00e9ment l\u2019origine de la douleur pour proposer un plan r\u00e9aliste.<\/p>\t\t\t\t\t\t\t\t<\/div>\n\t\t\t\t<\/div>\n\t\t\t\t\t<\/div>\n\t\t\t\t<\/div>\n\t\t<div class=\"elementor-element elementor-element-6a47c0e e-flex e-con-boxed e-con e-parent\" data-id=\"6a47c0e\" data-element_type=\"container\" data-e-type=\"container\">\n\t\t\t\t\t<div class=\"e-con-inner\">\n\t\t\t\t<div class=\"elementor-element elementor-element-fb707ac elementor-widget elementor-widget-heading\" data-id=\"fb707ac\" data-element_type=\"widget\" data-e-type=\"widget\" data-widget_type=\"heading.default\">\n\t\t\t\t<div class=\"elementor-widget-container\">\n\t\t\t\t\t<h2 class=\"elementor-heading-title elementor-size-default\">Options de traitement chez Complex Spine Institute<\/h2>\t\t\t\t<\/div>\n\t\t\t\t<\/div>\n\t\t\t\t<div class=\"elementor-element elementor-element-2296c76 elementor-widget elementor-widget-text-editor\" data-id=\"2296c76\" data-element_type=\"widget\" data-e-type=\"widget\" data-widget_type=\"text-editor.default\">\n\t\t\t\t<div class=\"elementor-widget-container\">\n\t\t\t\t\t\t\t\t\t<p>Selon la cause, le traitement peut inclure :<\/p><ul><li><strong>R\u00e9vision chirurgicale<\/strong> (endoscopique ou mini-invasive)<\/li><li><strong>Th\u00e9rapies r\u00e9g\u00e9n\u00e9ratives<\/strong> (plasma riche en plaquettes, cellules souches)<\/li><li><strong>Neurostimulation<\/strong> (implants pour le contr\u00f4le de la douleur chronique)<\/li><li><strong>Th\u00e9rapies combin\u00e9es<\/strong> avec r\u00e9\u00e9ducation avanc\u00e9e<br \/><br \/><\/li><\/ul><p>Tous les cas ne n\u00e9cessitent pas une nouvelle op\u00e9ration. L\u2019un de nos objectifs est d\u2019\u00e9viter les interventions inutiles gr\u00e2ce \u00e0 une approche de pr\u00e9cision et une m\u00e9decine personnalis\u00e9e.<\/p>\t\t\t\t\t\t\t\t<\/div>\n\t\t\t\t<\/div>\n\t\t\t\t\t<\/div>\n\t\t\t\t<\/div>\n\t\t<div class=\"elementor-element elementor-element-376d5f3 e-flex e-con-boxed e-con e-parent\" data-id=\"376d5f3\" data-element_type=\"container\" data-e-type=\"container\">\n\t\t\t\t\t<div class=\"e-con-inner\">\n\t\t\t\t<div class=\"elementor-element elementor-element-186e0d9 elementor-widget elementor-widget-heading\" data-id=\"186e0d9\" data-element_type=\"widget\" data-e-type=\"widget\" data-widget_type=\"heading.default\">\n\t\t\t\t<div class=\"elementor-widget-container\">\n\t\t\t\t\t<h2 class=\"elementor-heading-title elementor-size-default\">Technologie de pointe et expertise<\/h2>\t\t\t\t<\/div>\n\t\t\t\t<\/div>\n\t\t\t\t<div class=\"elementor-element elementor-element-d4c86ff elementor-widget elementor-widget-text-editor\" data-id=\"d4c86ff\" data-element_type=\"widget\" data-e-type=\"widget\" data-widget_type=\"text-editor.default\">\n\t\t\t\t<div class=\"elementor-widget-container\">\n\t\t\t\t\t\t\t\t\t<p>Complex Spine Institute est \u00e9quip\u00e9 de navigation perop\u00e9ratoire, d\u2019endoscopes de derni\u00e8re g\u00e9n\u00e9ration, de scanner perop\u00e9ratoire, de chirurgie robotique et de protocoles adapt\u00e9s \u00e0 chaque cas.<\/p><p>Chaque intervention est conduite par une \u00e9quipe multidisciplinaire dirig\u00e9e par le Dr Gilete et le Dr Covaro, figures internationales de la chirurgie complexe du rachis.<\/p>\t\t\t\t\t\t\t\t<\/div>\n\t\t\t\t<\/div>\n\t\t\t\t\t<\/div>\n\t\t\t\t<\/div>\n\t\t<div class=\"elementor-element elementor-element-11ddc9b e-flex e-con-boxed e-con e-parent\" data-id=\"11ddc9b\" data-element_type=\"container\" data-e-type=\"container\">\n\t\t\t\t\t<div class=\"e-con-inner\">\n\t\t\t\t<div class=\"elementor-element elementor-element-a3d4a55 elementor-widget elementor-widget-heading\" data-id=\"a3d4a55\" data-element_type=\"widget\" data-e-type=\"widget\" data-widget_type=\"heading.default\">\n\t\t\t\t<div class=\"elementor-widget-container\">\n\t\t\t\t\t<h2 class=\"elementor-heading-title elementor-size-default\">Conclusion : retrouver confiance, retrouver la vie<\/h2>\t\t\t\t<\/div>\n\t\t\t\t<\/div>\n\t\t\t\t<div class=\"elementor-element elementor-element-5e3eb9d elementor-widget elementor-widget-text-editor\" data-id=\"5e3eb9d\" data-element_type=\"widget\" data-e-type=\"widget\" data-widget_type=\"text-editor.default\">\n\t\t\t\t<div class=\"elementor-widget-container\">\n\t\t\t\t\t\t\t\t\t<p>Si vous avez subi une ou plusieurs chirurgies sans r\u00e9sultat concluant, vous n\u2019\u00eates pas seul. Le syndrome de chirurgie du dos rat\u00e9e peut \u00eatre trait\u00e9 efficacement avec expertise, technologie et humanit\u00e9.<\/p><p>Au Complex Spine Institute, nous nous engageons \u00e0 offrir des secondes opinions r\u00e9alistes et encourageantes. Chaque cas est \u00e9valu\u00e9 avec rigueur et transparence.<\/p><p><a href=\"https:\/\/complexspineinstitute.com\/fr\/complex-spine-institute\/fr\/complex-spine-institute\/fr\/complex-spine-institute\/fr\/complex-spine-institute\/fr\/complex-spine-institute\/fr\/complex-spine-institute\/fr\/complex-spine-institute\/fr\/complex-spine-institute\/fr\/demander-evaluation\/\"><strong>Demandez une \u00e9valuation sans engagement.<\/strong><\/a><\/p>\t\t\t\t\t\t\t\t<\/div>\n\t\t\t\t<\/div>\n\t\t\t\t\t<\/div>\n\t\t\t\t<\/div>\n\t\t<div class=\"elementor-element elementor-element-6dbf6f11 e-flex e-con-boxed e-con e-parent\" data-id=\"6dbf6f11\" data-element_type=\"container\" data-e-type=\"container\">\n\t\t\t\t\t<div class=\"e-con-inner\">\n\t\t\t\t<div class=\"elementor-element elementor-element-5c45b658 elementor-widget elementor-widget-text-editor\" data-id=\"5c45b658\" data-element_type=\"widget\" data-e-type=\"widget\" data-widget_type=\"text-editor.default\">\n\t\t\t\t<div class=\"elementor-widget-container\">\n\t\t\t\t\t\t\t\t\t<aside class=\"author-signature\" role=\"doc-credits\"><address>Revu et approuv\u00e9 par <strong>Dr Vicen\u00e7 Gilete, MD<\/strong>, neurochirurgien, et <strong>Dr\u00a0Augusto Covaro, MD<\/strong>, chirurgien orthop\u00e9dique<\/address><address>Complex\u00a0Spine\u00a0Institute \u00b7 Barcelone | <time datetime=\"2025-04-17\">18\u00a0avril\u00a02025<\/time><\/address><address><a href=\"https:\/\/complexspineinstitute.com\/fr\/complex-spine-institute\/fr\/complex-spine-institute\/fr\/complex-spine-institute\/fr\/complex-spine-institute\/fr\/complex-spine-institute\/fr\/complex-spine-institute\/fr\/complex-spine-institute\/fr\/complex-spine-institute\/fr\/institut\/#equipe_medicale\" rel=\"author\">Voir biographies et publications<\/a><\/address><\/aside>\t\t\t\t\t\t\t\t<\/div>\n\t\t\t\t<\/div>\n\t\t\t\t\t<\/div>\n\t\t\t\t<\/div>\n\t\t\t\t<\/div>\n\t\t","protected":false},"excerpt":{"rendered":"<p>Syndrome de chirurgie du dos rat\u00e9e : approche personnalis\u00e9e et innovante Vivre avec une douleur chronique apr\u00e8s une op\u00e9ration du dos cens\u00e9e apporter un soulagement peut \u00eatre une exp\u00e9rience profond\u00e9ment \u00e9prouvante, tant sur le plan physique qu\u2019\u00e9motionnel. Au Complex Spine Institute, nous comprenons l\u2019impact de cette douleur persistante. C\u2019est pourquoi nous traitons chaque cas avec [&hellip;]<\/p>\n","protected":false},"author":1,"featured_media":420,"parent":1970,"menu_order":0,"comment_status":"closed","ping_status":"closed","template":"","meta":{"footnotes":""},"class_list":["post-2045","page","type-page","status-publish","has-post-thumbnail","hentry"],"_links":{"self":[{"href":"https:\/\/complexspineinstitute.com\/fr\/wp-json\/wp\/v2\/pages\/2045","targetHints":{"allow":["GET"]}}],"collection":[{"href":"https:\/\/complexspineinstitute.com\/fr\/wp-json\/wp\/v2\/pages"}],"about":[{"href":"https:\/\/complexspineinstitute.com\/fr\/wp-json\/wp\/v2\/types\/page"}],"author":[{"embeddable":true,"href":"https:\/\/complexspineinstitute.com\/fr\/wp-json\/wp\/v2\/users\/1"}],"replies":[{"embeddable":true,"href":"https:\/\/complexspineinstitute.com\/fr\/wp-json\/wp\/v2\/comments?post=2045"}],"version-history":[{"count":0,"href":"https:\/\/complexspineinstitute.com\/fr\/wp-json\/wp\/v2\/pages\/2045\/revisions"}],"up":[{"embeddable":true,"href":"https:\/\/complexspineinstitute.com\/fr\/wp-json\/wp\/v2\/pages\/1970"}],"wp:featuredmedia":[{"embeddable":true,"href":"https:\/\/complexspineinstitute.com\/fr\/wp-json\/wp\/v2\/media\/420"}],"wp:attachment":[{"href":"https:\/\/complexspineinstitute.com\/fr\/wp-json\/wp\/v2\/media?parent=2045"}],"curies":[{"name":"wp","href":"https:\/\/api.w.org\/{rel}","templated":true}]}}