{"id":2016,"date":"2025-04-17T12:00:45","date_gmt":"2025-04-17T10:00:45","guid":{"rendered":"https:\/\/complexspineinstitute.com\/medicina-regenerativa-con-celulas-madre\/"},"modified":"2025-04-21T11:43:28","modified_gmt":"2025-04-21T09:43:28","slug":"medecine-regenerative-avec-cellules-souches","status":"publish","type":"page","link":"https:\/\/complexspineinstitute.com\/fr\/traitements\/medecine-regenerative-avec-cellules-souches\/","title":{"rendered":"M\u00e9decine r\u00e9g\u00e9n\u00e9rative avec cellules souches"},"content":{"rendered":"\t\t<div data-elementor-type=\"wp-page\" data-elementor-id=\"2016\" class=\"elementor elementor-2016 elementor-1297\" data-elementor-post-type=\"page\">\n\t\t\t\t<div class=\"elementor-element elementor-element-232de56 e-flex e-con-boxed e-con e-parent\" data-id=\"232de56\" data-element_type=\"container\" data-e-type=\"container\">\n\t\t\t\t\t<div class=\"e-con-inner\">\n\t\t\t\t<div class=\"elementor-element elementor-element-d77e2fd elementor-widget elementor-widget-heading\" data-id=\"d77e2fd\" data-element_type=\"widget\" data-e-type=\"widget\" data-widget_type=\"heading.default\">\n\t\t\t\t<div class=\"elementor-widget-container\">\n\t\t\t\t\t<h1 class=\"elementor-heading-title elementor-size-default\">M\u00e9decine r\u00e9g\u00e9n\u00e9rative avec cellules souches dans le traitement des maladies de la colonne vert\u00e9brale<\/h1>\t\t\t\t<\/div>\n\t\t\t\t<\/div>\n\t\t\t\t\t<\/div>\n\t\t\t\t<\/div>\n\t\t<div class=\"elementor-element elementor-element-4b39ac2 e-flex e-con-boxed e-con e-parent\" data-id=\"4b39ac2\" data-element_type=\"container\" data-e-type=\"container\">\n\t\t\t\t\t<div class=\"e-con-inner\">\n\t\t<div class=\"elementor-element elementor-element-ac5c5ad e-con-full e-flex e-con e-child\" data-id=\"ac5c5ad\" data-element_type=\"container\" data-e-type=\"container\">\n\t\t\t\t<div class=\"elementor-element elementor-element-2fa35e2 elementor-widget elementor-widget-heading\" data-id=\"2fa35e2\" data-element_type=\"widget\" data-e-type=\"widget\" data-widget_type=\"heading.default\">\n\t\t\t\t<div class=\"elementor-widget-container\">\n\t\t\t\t\t<h2 class=\"elementor-heading-title elementor-size-default\">Introduction : Le futur de la m\u00e9decine est d\u00e9j\u00e0 une r\u00e9alit\u00e9<\/h2>\t\t\t\t<\/div>\n\t\t\t\t<\/div>\n\t\t\t\t<div class=\"elementor-element elementor-element-125a027 elementor-widget elementor-widget-text-editor\" data-id=\"125a027\" data-element_type=\"widget\" data-e-type=\"widget\" data-widget_type=\"text-editor.default\">\n\t\t\t\t<div class=\"elementor-widget-container\">\n\t\t\t\t\t\t\t\t\t<p>La m\u00e9decine r\u00e9g\u00e9n\u00e9rative \u00e0 base de cellules souches repr\u00e9sente une avanc\u00e9e majeure dans le traitement des pathologies de la colonne vert\u00e9brale. Bien au-del\u00e0 d&rsquo;une simple innovation, cette discipline vise \u00e0 restaurer les structures endommag\u00e9es, r\u00e9g\u00e9n\u00e9rer les tissus et am\u00e9liorer consid\u00e9rablement la qualit\u00e9 de vie des patients, souvent sans recours \u00e0 une chirurgie invasive.<\/p><p>Au sein du Complex Spine Institute, nous int\u00e9grons cette approche dans un cadre personnalis\u00e9 et global, en combinant neurochirurgie de pr\u00e9cision, chirurgie orthop\u00e9dique avanc\u00e9e et traitements r\u00e9g\u00e9n\u00e9ratifs favorisant une r\u00e9cup\u00e9ration rapide et moins douloureuse.<\/p>\t\t\t\t\t\t\t\t<\/div>\n\t\t\t\t<\/div>\n\t\t\t\t<\/div>\n\t\t<div class=\"elementor-element elementor-element-8469aec e-con-full e-flex e-con e-child\" data-id=\"8469aec\" data-element_type=\"container\" data-e-type=\"container\">\n\t\t\t\t<div class=\"elementor-element elementor-element-658a1ab elementor-widget elementor-widget-image\" data-id=\"658a1ab\" data-element_type=\"widget\" data-e-type=\"widget\" data-widget_type=\"image.default\">\n\t\t\t\t<div class=\"elementor-widget-container\">\n\t\t\t\t\t\t\t\t\t\t\t\t\t\t\t<img fetchpriority=\"high\" decoding=\"async\" width=\"800\" height=\"532\" src=\"https:\/\/complexspineinstitute.com\/wp-content\/uploads\/2025\/04\/preparacion_medicina_regenerativas-1024x681.webp\" class=\"attachment-large size-large wp-image-916\" alt=\"Preparaci\u00f3n de medicina regenerativa en laboratorio m\u00e9dico con jeringa y plasma rico en plaquetas\" srcset=\"https:\/\/complexspineinstitute.com\/wp-content\/uploads\/2025\/04\/preparacion_medicina_regenerativas-1024x681.webp 1024w, https:\/\/complexspineinstitute.com\/wp-content\/uploads\/2025\/04\/preparacion_medicina_regenerativas-300x199.webp 300w, https:\/\/complexspineinstitute.com\/wp-content\/uploads\/2025\/04\/preparacion_medicina_regenerativas-768x511.webp 768w, https:\/\/complexspineinstitute.com\/wp-content\/uploads\/2025\/04\/preparacion_medicina_regenerativas.webp 1241w\" sizes=\"(max-width: 800px) 100vw, 800px\" \/>\t\t\t\t\t\t\t\t\t\t\t\t\t\t\t<\/div>\n\t\t\t\t<\/div>\n\t\t\t\t<\/div>\n\t\t\t\t\t<\/div>\n\t\t\t\t<\/div>\n\t\t<div class=\"elementor-element elementor-element-e5c65d0 e-flex e-con-boxed e-con e-parent\" data-id=\"e5c65d0\" data-element_type=\"container\" data-e-type=\"container\">\n\t\t\t\t\t<div class=\"e-con-inner\">\n\t\t\t\t<div class=\"elementor-element elementor-element-b66f11c elementor-widget elementor-widget-heading\" data-id=\"b66f11c\" data-element_type=\"widget\" data-e-type=\"widget\" data-widget_type=\"heading.default\">\n\t\t\t\t<div class=\"elementor-widget-container\">\n\t\t\t\t\t<h2 class=\"elementor-heading-title elementor-size-default\">Qu'est-ce que la m\u00e9decine r\u00e9g\u00e9n\u00e9rative avec cellules souches ?<\/h2>\t\t\t\t<\/div>\n\t\t\t\t<\/div>\n\t\t\t\t<div class=\"elementor-element elementor-element-6f80510 elementor-widget elementor-widget-text-editor\" data-id=\"6f80510\" data-element_type=\"widget\" data-e-type=\"widget\" data-widget_type=\"text-editor.default\">\n\t\t\t\t<div class=\"elementor-widget-container\">\n\t\t\t\t\t\t\t\t\t<p>Cette approche repose sur l&rsquo;utilisation de cellules souches, principalement les cellules m\u00e9senchymateuses, pr\u00e9lev\u00e9es \u00e0 partir de la moelle osseuse ou du tissu adipeux du patient. Elles ont la capacit\u00e9 de :<\/p><ul><li>Se diff\u00e9rencier en cellules osseuses, cartilagineuses ou musculaires.<\/li><li>Moduler l&rsquo;environnement inflammatoire local.<\/li><li>Stimuler la r\u00e9g\u00e9n\u00e9ration cellulaire et vasculaire.<\/li><li>Freiner les processus de d\u00e9g\u00e9n\u00e9rescence.<br \/><br \/><\/li><\/ul><p>Leur application s&rsquo;\u00e9tend aux troubles d\u00e9g\u00e9n\u00e9ratifs complexes de la colonne, comme les discopathies, les st\u00e9noses, les hernies discales ou les syndromes post-chirurgicaux.<\/p>\t\t\t\t\t\t\t\t<\/div>\n\t\t\t\t<\/div>\n\t\t\t\t\t<\/div>\n\t\t\t\t<\/div>\n\t\t<div class=\"elementor-element elementor-element-d2e54b6 e-flex e-con-boxed e-con e-parent\" data-id=\"d2e54b6\" data-element_type=\"container\" data-e-type=\"container\">\n\t\t\t\t\t<div class=\"e-con-inner\">\n\t\t\t\t<div class=\"elementor-element elementor-element-a554fab elementor-widget elementor-widget-heading\" data-id=\"a554fab\" data-element_type=\"widget\" data-e-type=\"widget\" data-widget_type=\"heading.default\">\n\t\t\t\t<div class=\"elementor-widget-container\">\n\t\t\t\t\t<h2 class=\"elementor-heading-title elementor-size-default\">Indications principales : quelles pathologies traitons-nous?<\/h2>\t\t\t\t<\/div>\n\t\t\t\t<\/div>\n\t\t\t\t<div class=\"elementor-element elementor-element-df2a015 elementor-widget elementor-widget-text-editor\" data-id=\"df2a015\" data-element_type=\"widget\" data-e-type=\"widget\" data-widget_type=\"text-editor.default\">\n\t\t\t\t<div class=\"elementor-widget-container\">\n\t\t\t\t\t\t\t\t\t<p>Nous utilisons les cellules souches en alternative ou en compl\u00e9ment \u00e0 la chirurgie pour traiter notamment :<\/p><ul><li><strong>Hernies discales lombaires et cervicales<\/strong><\/li><li><strong>Discopathies d\u00e9g\u00e9n\u00e9ratives<\/strong><\/li><li><strong>Syndrome du dos op\u00e9r\u00e9 sans succ\u00e8s (Failed Back Syndrome)<\/strong><\/li><li><strong>Arthrose facettaire<\/strong><\/li><li><strong>Douleurs chroniques cervicales ou lombaires sans indication chirurgicale imm\u00e9diate<\/strong><\/li><li><strong>Syndrome de compression radiculaire mod\u00e9r\u00e9<\/strong><\/li><li><strong>St\u00e9nose du canal rachidien d\u00e9butante<br \/><br \/><\/strong><\/li><\/ul><p>Ce traitement est aussi propos\u00e9 apr\u00e8s une intervention chirurgicale pour acc\u00e9l\u00e9rer la gu\u00e9rison et soulager les douleurs persistantes.<\/p>\t\t\t\t\t\t\t\t<\/div>\n\t\t\t\t<\/div>\n\t\t\t\t\t<\/div>\n\t\t\t\t<\/div>\n\t\t<div class=\"elementor-element elementor-element-9330f3f e-flex e-con-boxed e-con e-parent\" data-id=\"9330f3f\" data-element_type=\"container\" data-e-type=\"container\">\n\t\t\t\t\t<div class=\"e-con-inner\">\n\t\t\t\t<div class=\"elementor-element elementor-element-54dd7d1 elementor-widget elementor-widget-heading\" data-id=\"54dd7d1\" data-element_type=\"widget\" data-e-type=\"widget\" data-widget_type=\"heading.default\">\n\t\t\t\t<div class=\"elementor-widget-container\">\n\t\t\t\t\t<h2 class=\"elementor-heading-title elementor-size-default\">Comment se d\u00e9roule le traitement ?<\/h2>\t\t\t\t<\/div>\n\t\t\t\t<\/div>\n\t\t\t\t<div class=\"elementor-element elementor-element-4d0fa91 elementor-widget elementor-widget-text-editor\" data-id=\"4d0fa91\" data-element_type=\"widget\" data-e-type=\"widget\" data-widget_type=\"text-editor.default\">\n\t\t\t\t<div class=\"elementor-widget-container\">\n\t\t\t\t\t\t\t\t\t<p>Le processus commence par une \u00e9valuation clinique et radiologique d\u00e9taill\u00e9e. Ensuite, un plan personnalis\u00e9 est con\u00e7u, incluant :<\/p><ul><li><strong>Pr\u00e9l\u00e8vement<\/strong> des cellules souches autologues (moelle osseuse ou tissu adipeux)<\/li><li><strong>Traitement des cellules<\/strong> en laboratoire st\u00e9rile<\/li><li><strong>Injection cibl\u00e9e<\/strong> sous guidage \u00e9chographique ou radiologique<br \/><br \/><\/li><\/ul><p>Ce traitement est r\u00e9alis\u00e9 en ambulatoire ou lors d&rsquo;une courte hospitalisation. Selon le Dr Augusto Covaro :<\/p><p>\u00ab <em>Nous appliquons les cellules souches pour r\u00e9g\u00e9n\u00e9rer les tissus musculaires, discaux et articulaires. Ce traitement, bien tol\u00e9r\u00e9, a permis d&rsquo;am\u00e9liorer les sympt\u00f4mes de patients pour lesquels la chirurgie \u00e9tait la seule option.<\/em> \u00bb<\/p>\t\t\t\t\t\t\t\t<\/div>\n\t\t\t\t<\/div>\n\t\t\t\t\t<\/div>\n\t\t\t\t<\/div>\n\t\t<div class=\"elementor-element elementor-element-3d8baf4 e-flex e-con-boxed e-con e-parent\" data-id=\"3d8baf4\" data-element_type=\"container\" data-e-type=\"container\">\n\t\t\t\t\t<div class=\"e-con-inner\">\n\t\t\t\t<div class=\"elementor-element elementor-element-40cfb6a elementor-widget elementor-widget-heading\" data-id=\"40cfb6a\" data-element_type=\"widget\" data-e-type=\"widget\" data-widget_type=\"heading.default\">\n\t\t\t\t<div class=\"elementor-widget-container\">\n\t\t\t\t\t<h2 class=\"elementor-heading-title elementor-size-default\">R\u00e9sultats cliniques et exp\u00e9rience<\/h2>\t\t\t\t<\/div>\n\t\t\t\t<\/div>\n\t\t\t\t<div class=\"elementor-element elementor-element-0f454ce elementor-widget elementor-widget-text-editor\" data-id=\"0f454ce\" data-element_type=\"widget\" data-e-type=\"widget\" data-widget_type=\"text-editor.default\">\n\t\t\t\t<div class=\"elementor-widget-container\">\n\t\t\t\t\t\t\t\t\t<p>Notre exp\u00e9rience de plus de 10 ans montre une nette am\u00e9lioration de la douleur, de la mobilit\u00e9 et de la qualit\u00e9 de vie des patients correctement s\u00e9lectionn\u00e9s. Le Dr Vicen\u00e7 Gilete souligne :<\/p><p>\u00ab <em>Chez les patients souffrant de discopathies multiples ou d&rsquo;\u00e9checs chirurgicaux, nous avons constat\u00e9 des r\u00e9sultats sans recourir \u00e0 une nouvelle chirurgie. La m\u00e9decine r\u00e9g\u00e9n\u00e9rative peut aussi pr\u00e9parer le terrain pour une intervention plus l\u00e9g\u00e8re<\/em>. \u00bb<\/p><p>La plupart des patients reprennent leurs activit\u00e9s quotidiennes en quelques jours, avec un haut niveau de satisfaction et peu de complications.<\/p>\t\t\t\t\t\t\t\t<\/div>\n\t\t\t\t<\/div>\n\t\t\t\t\t<\/div>\n\t\t\t\t<\/div>\n\t\t<div class=\"elementor-element elementor-element-be12e79 e-flex e-con-boxed e-con e-parent\" data-id=\"be12e79\" data-element_type=\"container\" data-e-type=\"container\">\n\t\t\t\t\t<div class=\"e-con-inner\">\n\t\t\t\t<div class=\"elementor-element elementor-element-e7ae5a4 elementor-widget elementor-widget-heading\" data-id=\"e7ae5a4\" data-element_type=\"widget\" data-e-type=\"widget\" data-widget_type=\"heading.default\">\n\t\t\t\t<div class=\"elementor-widget-container\">\n\t\t\t\t\t<h2 class=\"elementor-heading-title elementor-size-default\">Fondements scientifiques<\/h2>\t\t\t\t<\/div>\n\t\t\t\t<\/div>\n\t\t\t\t<div class=\"elementor-element elementor-element-b47f59d elementor-widget elementor-widget-text-editor\" data-id=\"b47f59d\" data-element_type=\"widget\" data-e-type=\"widget\" data-widget_type=\"text-editor.default\">\n\t\t\t\t<div class=\"elementor-widget-container\">\n\t\t\t\t\t\t\t\t\t<p>La litt\u00e9rature m\u00e9dicale soutient l&rsquo;efficacit\u00e9 des cellules souches m\u00e9senchymateuses dans les maladies musculo-squelettiques. Leurs propri\u00e9t\u00e9s immunomodulatrices et r\u00e9paratrices en font une option de choix dans des centres sp\u00e9cialis\u00e9s comme le n\u00f4tre.<\/p><p>Elles participent \u00e0 la r\u00e9paration tissulaire en modulant les cytokines inflammatoires et en stimulant les facteurs trophiques de gu\u00e9rison.<\/p>\t\t\t\t\t\t\t\t<\/div>\n\t\t\t\t<\/div>\n\t\t\t\t\t<\/div>\n\t\t\t\t<\/div>\n\t\t<div class=\"elementor-element elementor-element-f2d1246 e-flex e-con-boxed e-con e-parent\" data-id=\"f2d1246\" data-element_type=\"container\" data-e-type=\"container\">\n\t\t\t\t\t<div class=\"e-con-inner\">\n\t\t\t\t<div class=\"elementor-element elementor-element-60c89bc elementor-widget elementor-widget-heading\" data-id=\"60c89bc\" data-element_type=\"widget\" data-e-type=\"widget\" data-widget_type=\"heading.default\">\n\t\t\t\t<div class=\"elementor-widget-container\">\n\t\t\t\t\t<h2 class=\"elementor-heading-title elementor-size-default\">Contre-indications<\/h2>\t\t\t\t<\/div>\n\t\t\t\t<\/div>\n\t\t\t\t<div class=\"elementor-element elementor-element-74fb6bc elementor-widget elementor-widget-text-editor\" data-id=\"74fb6bc\" data-element_type=\"widget\" data-e-type=\"widget\" data-widget_type=\"text-editor.default\">\n\t\t\t\t<div class=\"elementor-widget-container\">\n\t\t\t\t\t\t\t\t\t<p>Certains cas graves comme les compressions neurologiques, instabilit\u00e9s majeures, fractures, tumeurs ou infections actives ne sont pas candidats. Une \u00e9valuation m\u00e9dicale approfondie est toujours r\u00e9alis\u00e9e avant toute indication.<\/p>\t\t\t\t\t\t\t\t<\/div>\n\t\t\t\t<\/div>\n\t\t\t\t\t<\/div>\n\t\t\t\t<\/div>\n\t\t<div class=\"elementor-element elementor-element-baeb3c4 e-flex e-con-boxed e-con e-parent\" data-id=\"baeb3c4\" data-element_type=\"container\" data-e-type=\"container\">\n\t\t\t\t\t<div class=\"e-con-inner\">\n\t\t\t\t<div class=\"elementor-element elementor-element-c742cb2 elementor-widget elementor-widget-heading\" data-id=\"c742cb2\" data-element_type=\"widget\" data-e-type=\"widget\" data-widget_type=\"heading.default\">\n\t\t\t\t<div class=\"elementor-widget-container\">\n\t\t\t\t\t<h2 class=\"elementor-heading-title elementor-size-default\">Une approche globale au Complex Spine Institute<\/h2>\t\t\t\t<\/div>\n\t\t\t\t<\/div>\n\t\t\t\t<div class=\"elementor-element elementor-element-be58378 elementor-widget elementor-widget-text-editor\" data-id=\"be58378\" data-element_type=\"widget\" data-e-type=\"widget\" data-widget_type=\"text-editor.default\">\n\t\t\t\t<div class=\"elementor-widget-container\">\n\t\t\t\t\t\t\t\t\t<p>Nous int\u00e9grons la m\u00e9decine r\u00e9g\u00e9n\u00e9rative dans une strat\u00e9gie th\u00e9rapeutique compl\u00e8te comprenant :<\/p><ul><li>Analyse personnalis\u00e9e<\/li><li>Planification pr\u00e9cise avec imagerie avanc\u00e9e<\/li><li>Association \u00e0 une chirurgie mini-invasive si n\u00e9cessaire<\/li><li>Suivi post-traitement et r\u00e9\u00e9ducation<br \/><br \/><\/li><\/ul><p>Ce mod\u00e8le de travail nous permet d\u2019offrir aux patients une solution r\u00e9elle et durable, adapt\u00e9e \u00e0 leur cas sp\u00e9cifique, avec les plus grandes garanties de s\u00e9curit\u00e9 et d\u2019efficacit\u00e9.<\/p>\t\t\t\t\t\t\t\t<\/div>\n\t\t\t\t<\/div>\n\t\t\t\t\t<\/div>\n\t\t\t\t<\/div>\n\t\t<div class=\"elementor-element elementor-element-26a40d6 e-flex e-con-boxed e-con e-parent\" data-id=\"26a40d6\" data-element_type=\"container\" data-e-type=\"container\">\n\t\t\t\t\t<div class=\"e-con-inner\">\n\t\t\t\t<div class=\"elementor-element elementor-element-996f212 elementor-widget elementor-widget-heading\" data-id=\"996f212\" data-element_type=\"widget\" data-e-type=\"widget\" data-widget_type=\"heading.default\">\n\t\t\t\t<div class=\"elementor-widget-container\">\n\t\t\t\t\t<h2 class=\"elementor-heading-title elementor-size-default\">Pourquoi choisir Complex Spine Institute ?<\/h2>\t\t\t\t<\/div>\n\t\t\t\t<\/div>\n\t\t\t\t<div class=\"elementor-element elementor-element-b6deee1 elementor-widget elementor-widget-text-editor\" data-id=\"b6deee1\" data-element_type=\"widget\" data-e-type=\"widget\" data-widget_type=\"text-editor.default\">\n\t\t\t\t<div class=\"elementor-widget-container\">\n\t\t\t\t\t\t\t\t\t<ul><li>\u00c9quipe de neurochirurgiens et chirurgiens orthop\u00e9diques sp\u00e9cialis\u00e9s<\/li><li>Exp\u00e9rience avec plus de 50 interventions cr\u00e2nio-cervicales complexes par an<\/li><li>Unit\u00e9 r\u00e9g\u00e9n\u00e9rative dans un environnement chirurgical hautement sp\u00e9cialis\u00e9<\/li><li>Technologie de pointe et protocoles actualis\u00e9s<br \/><br \/><\/li><\/ul><p>Accueil de patients internationaux avec accompagnement personnalis\u00e9.<\/p>\t\t\t\t\t\t\t\t<\/div>\n\t\t\t\t<\/div>\n\t\t\t\t\t<\/div>\n\t\t\t\t<\/div>\n\t\t<div class=\"elementor-element elementor-element-83d7d87 e-flex e-con-boxed e-con e-parent\" data-id=\"83d7d87\" data-element_type=\"container\" data-e-type=\"container\">\n\t\t\t\t\t<div class=\"e-con-inner\">\n\t\t\t\t<div class=\"elementor-element elementor-element-7f9cebb elementor-widget elementor-widget-heading\" data-id=\"7f9cebb\" data-element_type=\"widget\" data-e-type=\"widget\" data-widget_type=\"heading.default\">\n\t\t\t\t<div class=\"elementor-widget-container\">\n\t\t\t\t\t<h2 class=\"elementor-heading-title elementor-size-default\">Conclusion<\/h2>\t\t\t\t<\/div>\n\t\t\t\t<\/div>\n\t\t\t\t<div class=\"elementor-element elementor-element-f41cbe1 elementor-widget elementor-widget-text-editor\" data-id=\"f41cbe1\" data-element_type=\"widget\" data-e-type=\"widget\" data-widget_type=\"text-editor.default\">\n\t\t\t\t<div class=\"elementor-widget-container\">\n\t\t\t\t\t\t\t\t\t<p>La m\u00e9decine r\u00e9g\u00e9n\u00e9rative par cellules souches constitue une solution efficace pour les affections d\u00e9g\u00e9n\u00e9ratives de la colonne. En mains expertes, elle permet de restaurer la fonction, de soulager la douleur et d&rsquo;\u00e9viter la chirurgie invasive dans de nombreux cas.<\/p><p>Au Complex Spine Institute, nous misons sur la science, l&rsquo;exp\u00e9rience et la technologie pour vous aider \u00e0 retrouver mouvement, confort et confiance.<\/p>\t\t\t\t\t\t\t\t<\/div>\n\t\t\t\t<\/div>\n\t\t\t\t\t<\/div>\n\t\t\t\t<\/div>\n\t\t<div class=\"elementor-element elementor-element-024be10 e-flex e-con-boxed e-con e-parent\" data-id=\"024be10\" data-element_type=\"container\" data-e-type=\"container\">\n\t\t\t\t\t<div class=\"e-con-inner\">\n\t\t<div class=\"elementor-element elementor-element-e7ad181 e-con-full e-flex e-con e-child\" data-id=\"e7ad181\" data-element_type=\"container\" data-e-type=\"container\">\n\t\t\t\t<div class=\"elementor-element elementor-element-b5b94a9 elementor-widget elementor-widget-heading\" data-id=\"b5b94a9\" data-element_type=\"widget\" data-e-type=\"widget\" data-widget_type=\"heading.default\">\n\t\t\t\t<div class=\"elementor-widget-container\">\n\t\t\t\t\t<h2 class=\"elementor-heading-title elementor-size-default\">Souhaitez-vous savoir si ce traitement est adapt\u00e9 \u00e0 votre situation ?<\/h2>\t\t\t\t<\/div>\n\t\t\t\t<\/div>\n\t\t\t\t<\/div>\n\t\t<div class=\"elementor-element elementor-element-2ebf860 e-con-full e-flex e-con e-child\" data-id=\"2ebf860\" data-element_type=\"container\" data-e-type=\"container\">\n\t\t<div class=\"elementor-element elementor-element-509afe8 e-con-full e-flex e-con e-child\" data-id=\"509afe8\" data-element_type=\"container\" data-e-type=\"container\">\n\t\t\t\t<div class=\"elementor-element elementor-element-70d8b2d elementor-widget elementor-widget-text-editor\" data-id=\"70d8b2d\" data-element_type=\"widget\" data-e-type=\"widget\" data-widget_type=\"text-editor.default\">\n\t\t\t\t<div class=\"elementor-widget-container\">\n\t\t\t\t\t\t\t\t\t<p><strong><a href=\"https:\/\/complexspineinstitute.com\/fr\/complex-spine-institute\/fr\/complex-spine-institute\/fr\/complex-spine-institute\/fr\/complex-spine-institute\/fr\/complex-spine-institute\/fr\/complex-spine-institute\/fr\/complex-spine-institute\/fr\/demander-evaluation\/\">Contactez-nous pour une \u00e9valuation personnalis\u00e9e sans engagement.<\/a><\/strong><\/p>\t\t\t\t\t\t\t\t<\/div>\n\t\t\t\t<\/div>\n\t\t\t\t<\/div>\n\t\t\t\t<\/div>\n\t\t\t\t\t<\/div>\n\t\t\t\t<\/div>\n\t\t<div class=\"elementor-element elementor-element-4e4fbc3 e-flex e-con-boxed e-con e-parent\" data-id=\"4e4fbc3\" data-element_type=\"container\" data-e-type=\"container\">\n\t\t\t\t\t<div class=\"e-con-inner\">\n\t\t\t\t<div class=\"elementor-element elementor-element-79d7cdf elementor-widget elementor-widget-spacer\" data-id=\"79d7cdf\" data-element_type=\"widget\" data-e-type=\"widget\" data-widget_type=\"spacer.default\">\n\t\t\t\t<div class=\"elementor-widget-container\">\n\t\t\t\t\t\t\t<div class=\"elementor-spacer\">\n\t\t\t<div class=\"elementor-spacer-inner\"><\/div>\n\t\t<\/div>\n\t\t\t\t\t\t<\/div>\n\t\t\t\t<\/div>\n\t\t\t\t\t<\/div>\n\t\t\t\t<\/div>\n\t\t<div class=\"elementor-element elementor-element-6dbf6f11 e-flex e-con-boxed e-con e-parent\" data-id=\"6dbf6f11\" data-element_type=\"container\" data-e-type=\"container\">\n\t\t\t\t\t<div class=\"e-con-inner\">\n\t\t\t\t<div class=\"elementor-element elementor-element-5c45b658 elementor-widget elementor-widget-text-editor\" data-id=\"5c45b658\" data-element_type=\"widget\" data-e-type=\"widget\" data-widget_type=\"text-editor.default\">\n\t\t\t\t<div class=\"elementor-widget-container\">\n\t\t\t\t\t\t\t\t\t<aside class=\"author-signature\" role=\"doc-credits\"><address>Revu et approuv\u00e9 par <strong>Dr Vicen\u00e7 Gilete, MD<\/strong>, neurochirurgien, et <strong>Dr\u00a0Augusto Covaro, MD<\/strong>, chirurgien orthop\u00e9dique<\/address><address>Complex\u00a0Spine\u00a0Institute \u00b7 Barcelone | <time datetime=\"2025-04-17\">18\u00a0avril\u00a02025<\/time><\/address><address><a href=\"https:\/\/complexspineinstitute.com\/fr\/complex-spine-institute\/fr\/complex-spine-institute\/fr\/complex-spine-institute\/fr\/complex-spine-institute\/fr\/complex-spine-institute\/fr\/complex-spine-institute\/fr\/complex-spine-institute\/fr\/institut\/#equipe_medicale\" rel=\"author\">Voir biographies et publications<\/a><\/address><\/aside>\t\t\t\t\t\t\t\t<\/div>\n\t\t\t\t<\/div>\n\t\t\t\t\t<\/div>\n\t\t\t\t<\/div>\n\t\t\t\t<\/div>\n\t\t","protected":false},"excerpt":{"rendered":"<p>M\u00e9decine r\u00e9g\u00e9n\u00e9rative avec cellules souches dans le traitement des maladies de la colonne vert\u00e9brale Introduction : Le futur de la m\u00e9decine est d\u00e9j\u00e0 une r\u00e9alit\u00e9 La m\u00e9decine r\u00e9g\u00e9n\u00e9rative \u00e0 base de cellules souches repr\u00e9sente une avanc\u00e9e majeure dans le traitement des pathologies de la colonne vert\u00e9brale. Bien au-del\u00e0 d&rsquo;une simple innovation, cette discipline vise \u00e0 [&hellip;]<\/p>\n","protected":false},"author":1,"featured_media":420,"parent":1970,"menu_order":0,"comment_status":"closed","ping_status":"closed","template":"","meta":{"footnotes":""},"class_list":["post-2016","page","type-page","status-publish","has-post-thumbnail","hentry"],"_links":{"self":[{"href":"https:\/\/complexspineinstitute.com\/fr\/wp-json\/wp\/v2\/pages\/2016","targetHints":{"allow":["GET"]}}],"collection":[{"href":"https:\/\/complexspineinstitute.com\/fr\/wp-json\/wp\/v2\/pages"}],"about":[{"href":"https:\/\/complexspineinstitute.com\/fr\/wp-json\/wp\/v2\/types\/page"}],"author":[{"embeddable":true,"href":"https:\/\/complexspineinstitute.com\/fr\/wp-json\/wp\/v2\/users\/1"}],"replies":[{"embeddable":true,"href":"https:\/\/complexspineinstitute.com\/fr\/wp-json\/wp\/v2\/comments?post=2016"}],"version-history":[{"count":0,"href":"https:\/\/complexspineinstitute.com\/fr\/wp-json\/wp\/v2\/pages\/2016\/revisions"}],"up":[{"embeddable":true,"href":"https:\/\/complexspineinstitute.com\/fr\/wp-json\/wp\/v2\/pages\/1970"}],"wp:featuredmedia":[{"embeddable":true,"href":"https:\/\/complexspineinstitute.com\/fr\/wp-json\/wp\/v2\/media\/420"}],"wp:attachment":[{"href":"https:\/\/complexspineinstitute.com\/fr\/wp-json\/wp\/v2\/media?parent=2016"}],"curies":[{"name":"wp","href":"https:\/\/api.w.org\/{rel}","templated":true}]}}