{"id":1970,"date":"2025-04-17T12:00:48","date_gmt":"2025-04-17T10:00:48","guid":{"rendered":"https:\/\/complexspineinstitute.com\/tratamientos\/"},"modified":"2025-04-21T11:35:40","modified_gmt":"2025-04-21T09:35:40","slug":"traitements","status":"publish","type":"page","link":"https:\/\/complexspineinstitute.com\/fr\/traitements\/","title":{"rendered":"Traitements"},"content":{"rendered":"\t\t<div data-elementor-type=\"wp-page\" data-elementor-id=\"1970\" class=\"elementor elementor-1970 elementor-1082\" data-elementor-post-type=\"page\">\n\t\t\t\t<div class=\"elementor-element elementor-element-232de56 e-flex e-con-boxed e-con e-parent\" data-id=\"232de56\" data-element_type=\"container\" data-e-type=\"container\">\n\t\t\t\t\t<div class=\"e-con-inner\">\n\t\t\t\t<div class=\"elementor-element elementor-element-d77e2fd elementor-widget elementor-widget-heading\" data-id=\"d77e2fd\" data-element_type=\"widget\" data-e-type=\"widget\" data-widget_type=\"heading.default\">\n\t\t\t\t<div class=\"elementor-widget-container\">\n\t\t\t\t\t<h1 class=\"elementor-heading-title elementor-size-default\">Traitements de la colonne vert\u00e9brale<\/h1>\t\t\t\t<\/div>\n\t\t\t\t<\/div>\n\t\t\t\t<div class=\"elementor-element elementor-element-125a027 elementor-widget elementor-widget-text-editor\" data-id=\"125a027\" data-element_type=\"widget\" data-e-type=\"widget\" data-widget_type=\"text-editor.default\">\n\t\t\t\t<div class=\"elementor-widget-container\">\n\t\t\t\t\t\t\t\t\tSolutions chirurgicales et th\u00e9rapeutiques personnalis\u00e9es pour chaque type de pathologie de la colonne vert\u00e9brale\n\t\t\t\t\t\t\t\t<\/div>\n\t\t\t\t<\/div>\n\t\t\t\t\t<\/div>\n\t\t\t\t<\/div>\n\t\t<div class=\"elementor-element elementor-element-4b39ac2 e-flex e-con-boxed e-con e-parent\" data-id=\"4b39ac2\" data-element_type=\"container\" data-e-type=\"container\">\n\t\t\t\t\t<div class=\"e-con-inner\">\n\t\t<div class=\"elementor-element elementor-element-91cc4c5 e-con-full e-flex e-con e-child\" data-id=\"91cc4c5\" data-element_type=\"container\" data-e-type=\"container\">\n\t\t\t\t<div class=\"elementor-element elementor-element-5b1f90c elementor-widget elementor-widget-heading\" data-id=\"5b1f90c\" data-element_type=\"widget\" data-e-type=\"widget\" data-widget_type=\"heading.default\">\n\t\t\t\t<div class=\"elementor-widget-container\">\n\t\t\t\t\t<h2 class=\"elementor-heading-title elementor-size-default\">Approche globale et personnalis\u00e9e\n\n<\/h2>\t\t\t\t<\/div>\n\t\t\t\t<\/div>\n\t\t\t\t<div class=\"elementor-element elementor-element-58d3091 elementor-widget elementor-widget-text-editor\" data-id=\"58d3091\" data-element_type=\"widget\" data-e-type=\"widget\" data-widget_type=\"text-editor.default\">\n\t\t\t\t<div class=\"elementor-widget-container\">\n\t\t\t\t\t\t\t\t\tAu <b>Complex Spine Institute<\/b>, nous comprenons que chaque colonne vert\u00e9brale est unique. C\u2019est pourquoi nos traitements allient expertise chirurgicale, technologies de pointe et plan th\u00e9rapeutique personnalis\u00e9, adapt\u00e9 aux besoins sp\u00e9cifiques de chaque patient. Des interventions mini\u2011invasives aux chirurgies complexes de correction ou de r\u00e9vision, notre objectif est d\u2019offrir des solutions efficaces, durables et s\u00fbres.\n\n\t\t\t\t\t\t\t\t<\/div>\n\t\t\t\t<\/div>\n\t\t\t\t<\/div>\n\t\t<div class=\"elementor-element elementor-element-8469aec e-con-full e-flex e-con e-child\" data-id=\"8469aec\" data-element_type=\"container\" data-e-type=\"container\">\n\t\t\t\t<div class=\"elementor-element elementor-element-658a1ab elementor-widget elementor-widget-image\" data-id=\"658a1ab\" data-element_type=\"widget\" data-e-type=\"widget\" data-widget_type=\"image.default\">\n\t\t\t\t<div class=\"elementor-widget-container\">\n\t\t\t\t\t\t\t\t\t\t\t\t\t\t\t<img fetchpriority=\"high\" decoding=\"async\" width=\"800\" height=\"534\" src=\"https:\/\/complexspineinstitute.com\/wp-content\/uploads\/2025\/04\/intervencion_quirurgica_asistida_por_imagenologia-1024x683.webp\" class=\"attachment-large size-large wp-image-1016\" alt=\"Cirujanos realizando intervenci\u00f3n de columna guiada por imagenolog\u00eda avanzada\" srcset=\"https:\/\/complexspineinstitute.com\/wp-content\/uploads\/2025\/04\/intervencion_quirurgica_asistida_por_imagenologia-1024x683.webp 1024w, https:\/\/complexspineinstitute.com\/wp-content\/uploads\/2025\/04\/intervencion_quirurgica_asistida_por_imagenologia-300x200.webp 300w, https:\/\/complexspineinstitute.com\/wp-content\/uploads\/2025\/04\/intervencion_quirurgica_asistida_por_imagenologia-768x512.webp 768w, https:\/\/complexspineinstitute.com\/wp-content\/uploads\/2025\/04\/intervencion_quirurgica_asistida_por_imagenologia-1536x1024.webp 1536w, https:\/\/complexspineinstitute.com\/wp-content\/uploads\/2025\/04\/intervencion_quirurgica_asistida_por_imagenologia.webp 1920w\" sizes=\"(max-width: 800px) 100vw, 800px\" \/>\t\t\t\t\t\t\t\t\t\t\t\t\t\t\t<\/div>\n\t\t\t\t<\/div>\n\t\t\t\t<\/div>\n\t\t\t\t\t<\/div>\n\t\t\t\t<\/div>\n\t\t<div class=\"elementor-element elementor-element-5d85449 e-flex e-con-boxed e-con e-parent\" data-id=\"5d85449\" data-element_type=\"container\" data-e-type=\"container\">\n\t\t\t\t\t<div class=\"e-con-inner\">\n\t\t\t\t<div class=\"elementor-element elementor-element-22eedce elementor-widget elementor-widget-heading\" data-id=\"22eedce\" data-element_type=\"widget\" data-e-type=\"widget\" data-widget_type=\"heading.default\">\n\t\t\t\t<div class=\"elementor-widget-container\">\n\t\t\t\t\t<h2 class=\"elementor-heading-title elementor-size-default\">Traitements disponibles\n\n\n\n\n\n\n\n\n<\/h2>\t\t\t\t<\/div>\n\t\t\t\t<\/div>\n\t\t\t\t\t<\/div>\n\t\t\t\t<\/div>\n\t\t<div class=\"elementor-element elementor-element-e5c65d0 e-flex e-con-boxed e-con e-parent\" data-id=\"e5c65d0\" data-element_type=\"container\" data-e-type=\"container\">\n\t\t\t\t\t<div class=\"e-con-inner\">\n\t\t<div class=\"elementor-element elementor-element-3ed9eef e-con-full e-flex e-con e-child\" data-id=\"3ed9eef\" data-element_type=\"container\" data-e-type=\"container\">\n\t\t\t\t<div class=\"elementor-element elementor-element-d7acda7 elementor-widget__width-initial elementor-widget elementor-widget-text-editor\" data-id=\"d7acda7\" data-element_type=\"widget\" data-e-type=\"widget\" data-widget_type=\"text-editor.default\">\n\t\t\t\t<div class=\"elementor-widget-container\">\n\t\t\t\t\t\t\t\t\t<ul data-spread=\"false\">  \n  <li>Chirurgie endoscopique de la colonne<\/li>  \n  <li>M\u00e9decine r\u00e9g\u00e9n\u00e9rative par cellules souches<\/li>  \n  <li>Syndrome du dos rat\u00e9 (Failed Back Syndrome)<\/li>  \n  <li>Chirurgie de r\u00e9vision rachidienne<\/li>  \n  <li>Techniques mini\u2011invasives<\/li>  \n  <li>Fusion lat\u00e9rale extr\u00eame (XLIF)<\/li>  \n  <li>Fusion oblique lat\u00e9rale (OLIF)<\/li>  \n<\/ul>\t\t\t\t\t\t\t\t<\/div>\n\t\t\t\t<\/div>\n\t\t\t\t<\/div>\n\t\t<div class=\"elementor-element elementor-element-6a30264 e-con-full e-flex e-con e-child\" data-id=\"6a30264\" data-element_type=\"container\" data-e-type=\"container\">\n\t\t\t\t<div class=\"elementor-element elementor-element-e4e4346 elementor-widget elementor-widget-text-editor\" data-id=\"e4e4346\" data-element_type=\"widget\" data-e-type=\"widget\" data-widget_type=\"text-editor.default\">\n\t\t\t\t<div class=\"elementor-widget-container\">\n\t\t\t\t\t\t\t\t\t<ul data-spread=\"false\">  \n  <li>Remplacement de disque lombaire<\/li>  \n  <li>Remplacement de disque cervical<\/li>  \n  <li>Traitements de l\u2019articulation sacro\u2011iliaque<\/li>  \n  <li>Correction de d\u00e9formation cervico\u2011thoracique<\/li>  \n  <li>Fusion thoraco\u2011lombaire<\/li>  \n  <li>Correction de d\u00e9formation thoraco\u2011lombaire<\/li>  \n<\/ul>\t\t\t\t\t\t\t\t<\/div>\n\t\t\t\t<\/div>\n\t\t\t\t<\/div>\n\t\t\t\t\t<\/div>\n\t\t\t\t<\/div>\n\t\t<div class=\"elementor-element elementor-element-435dd7a e-flex e-con-boxed e-con e-parent\" data-id=\"435dd7a\" data-element_type=\"container\" data-e-type=\"container\">\n\t\t\t\t\t<div class=\"e-con-inner\">\n\t\t\t\t<div class=\"elementor-element elementor-element-6ec0e42 elementor-widget elementor-widget-text-editor\" data-id=\"6ec0e42\" data-element_type=\"widget\" data-e-type=\"widget\" data-widget_type=\"text-editor.default\">\n\t\t\t\t<div class=\"elementor-widget-container\">\n\t\t\t\t\t\t\t\t\tToutes nos interventions chirurgicales sont r\u00e9alis\u00e9es avec des syst\u00e8mes de <strong>navigation chirurgicale\u00a03D<\/strong>, de <strong>chirurgie robotis\u00e9e<\/strong>, de <strong>scanner intra\u2011op\u00e9ratoire<\/strong> et d\u2019<strong>endoscopie de derni\u00e8re g\u00e9n\u00e9ration<\/strong>. Ces technologies garantissent une ex\u00e9cution pr\u00e9cise, moins invasive et des r\u00e9sultats fonctionnels sup\u00e9rieurs pour le patient.\t\t\t\t\t\t\t\t<\/div>\n\t\t\t\t<\/div>\n\t\t\t\t\t<\/div>\n\t\t\t\t<\/div>\n\t\t<div class=\"elementor-element elementor-element-50f0328 e-flex e-con-boxed e-con e-parent\" data-id=\"50f0328\" data-element_type=\"container\" data-e-type=\"container\">\n\t\t\t\t\t<div class=\"e-con-inner\">\n\t\t\t\t<div class=\"elementor-element elementor-element-27a9d40 elementor-widget elementor-widget-heading\" data-id=\"27a9d40\" data-element_type=\"widget\" data-e-type=\"widget\" data-widget_type=\"heading.default\">\n\t\t\t\t<div class=\"elementor-widget-container\">\n\t\t\t\t\t<h2 class=\"elementor-heading-title elementor-size-default\">Ce qui nous distingue\n\n\n\n\n\n\n\n\n<\/h2>\t\t\t\t<\/div>\n\t\t\t\t<\/div>\n\t\t<div class=\"elementor-element elementor-element-cbb26f3 e-con-full e-flex e-con e-child\" data-id=\"cbb26f3\" data-element_type=\"container\" data-e-type=\"container\">\n\t\t\t\t<div class=\"elementor-element elementor-element-c0b6b38 elementor-widget__width-initial elementor-widget elementor-widget-text-editor\" data-id=\"c0b6b38\" data-element_type=\"widget\" data-e-type=\"widget\" data-widget_type=\"text-editor.default\">\n\t\t\t\t<div class=\"elementor-widget-container\">\n\t\t\t\t\t\t\t\t\t<ul data-spread=\"false\">  \n  <li>Approche multidisciplinaire et personnalis\u00e9e<\/li>  \n  <li>Expertise en pathologies de haute complexit\u00e9<\/li>  \n  <li>Prise en charge guid\u00e9e par des preuves scientifiques<\/li>  \n  <li>Suivi post\u2011op\u00e9ratoire continu et international<\/li>  \n  <li>R\u00e9cup\u00e9ration fonctionnelle acc\u00e9l\u00e9r\u00e9e avec protocoles de r\u00e9\u00e9ducation personnalis\u00e9s<\/li>  \n<\/ul>\t\t\t\t\t\t\t\t<\/div>\n\t\t\t\t<\/div>\n\t\t\t\t<\/div>\n\t\t\t\t\t<\/div>\n\t\t\t\t<\/div>\n\t\t<div class=\"elementor-element elementor-element-024be10 e-flex e-con-boxed e-con e-parent\" data-id=\"024be10\" data-element_type=\"container\" data-e-type=\"container\">\n\t\t\t\t\t<div class=\"e-con-inner\">\n\t\t\t\t<div class=\"elementor-element elementor-element-b5b94a9 elementor-widget elementor-widget-heading\" data-id=\"b5b94a9\" data-element_type=\"widget\" data-e-type=\"widget\" data-widget_type=\"heading.default\">\n\t\t\t\t<div class=\"elementor-widget-container\">\n\t\t\t\t\t<h2 class=\"elementor-heading-title elementor-size-default\">Demandez votre \u00e9valuation m\u00e9dicale\n\n<\/h2>\t\t\t\t<\/div>\n\t\t\t\t<\/div>\n\t\t\t\t\t<\/div>\n\t\t\t\t<\/div>\n\t\t<div class=\"elementor-element elementor-element-997f015 e-flex e-con-boxed e-con e-parent\" data-id=\"997f015\" data-element_type=\"container\" data-e-type=\"container\">\n\t\t\t\t\t<div class=\"e-con-inner\">\n\t\t<div class=\"elementor-element elementor-element-86c458a e-con-full e-flex e-con e-child\" data-id=\"86c458a\" data-element_type=\"container\" data-e-type=\"container\">\n\t\t\t\t<div class=\"elementor-element elementor-element-70d8b2d elementor-widget elementor-widget-text-editor\" data-id=\"70d8b2d\" data-element_type=\"widget\" data-e-type=\"widget\" data-widget_type=\"text-editor.default\">\n\t\t\t\t<div class=\"elementor-widget-container\">\n\t\t\t\t\t\t\t\t\tNous vous aidons \u00e0 trouver le traitement le mieux adapt\u00e9 \u00e0 votre cas. Envoyez-nous vos examens m\u00e9dicaux pour une \u00e9valuation en ligne ou prenez rendez\u2011vous pour une consultation en pr\u00e9sentiel.\n\n\t\t\t\t\t\t\t\t<\/div>\n\t\t\t\t<\/div>\n\t\t\t\t<\/div>\n\t\t<div class=\"elementor-element elementor-element-cce7b67 e-con-full e-flex e-con e-child\" data-id=\"cce7b67\" data-element_type=\"container\" data-e-type=\"container\">\n\t\t\t\t<div class=\"elementor-element elementor-element-d327e0c elementor-widget__width-initial elementor-widget elementor-widget-button\" data-id=\"d327e0c\" data-element_type=\"widget\" data-e-type=\"widget\" data-widget_type=\"button.default\">\n\t\t\t\t<div class=\"elementor-widget-container\">\n\t\t\t\t\t\t\t\t\t<div class=\"elementor-button-wrapper\">\n\t\t\t\t\t<a class=\"elementor-button elementor-button-link elementor-size-sm\" href=\"https:\/\/complexspineinstitute.com\/fr\/complex-spine-institute\/fr\/complex-spine-institute\/fr\/complex-spine-institute\/fr\/complex-spine-institute\/fr\/complex-spine-institute\/fr\/complex-spine-institute\/fr\/complex-spine-institute\/fr\/demander-evaluation\/\">\n\t\t\t\t\t\t<span class=\"elementor-button-content-wrapper\">\n\t\t\t\t\t\t\t\t\t<span class=\"elementor-button-text\">Prendre rendez\u2011vous<\/span>\n\t\t\t\t\t<\/span>\n\t\t\t\t\t<\/a>\n\t\t\t\t<\/div>\n\t\t\t\t\t\t\t\t<\/div>\n\t\t\t\t<\/div>\n\t\t\t\t<\/div>\n\t\t\t\t\t<\/div>\n\t\t\t\t<\/div>\n\t\t<div class=\"elementor-element elementor-element-4e4fbc3 e-flex e-con-boxed e-con e-parent\" data-id=\"4e4fbc3\" data-element_type=\"container\" data-e-type=\"container\">\n\t\t\t\t\t<div class=\"e-con-inner\">\n\t\t\t\t<div class=\"elementor-element elementor-element-79d7cdf elementor-widget elementor-widget-spacer\" data-id=\"79d7cdf\" data-element_type=\"widget\" data-e-type=\"widget\" data-widget_type=\"spacer.default\">\n\t\t\t\t<div class=\"elementor-widget-container\">\n\t\t\t\t\t\t\t<div class=\"elementor-spacer\">\n\t\t\t<div class=\"elementor-spacer-inner\"><\/div>\n\t\t<\/div>\n\t\t\t\t\t\t<\/div>\n\t\t\t\t<\/div>\n\t\t\t\t\t<\/div>\n\t\t\t\t<\/div>\n\t\t\t\t<\/div>\n\t\t","protected":false},"excerpt":{"rendered":"<p>Traitements de la colonne vert\u00e9brale Solutions chirurgicales et th\u00e9rapeutiques personnalis\u00e9es pour chaque type de pathologie de la colonne vert\u00e9brale Approche globale et personnalis\u00e9e Au Complex Spine Institute, nous comprenons que chaque colonne vert\u00e9brale est unique. C\u2019est pourquoi nos traitements allient expertise chirurgicale, technologies de pointe et plan th\u00e9rapeutique personnalis\u00e9, adapt\u00e9 aux besoins sp\u00e9cifiques de chaque [&hellip;]<\/p>\n","protected":false},"author":1,"featured_media":420,"parent":0,"menu_order":0,"comment_status":"closed","ping_status":"closed","template":"","meta":{"footnotes":""},"class_list":["post-1970","page","type-page","status-publish","has-post-thumbnail","hentry"],"_links":{"self":[{"href":"https:\/\/complexspineinstitute.com\/fr\/wp-json\/wp\/v2\/pages\/1970","targetHints":{"allow":["GET"]}}],"collection":[{"href":"https:\/\/complexspineinstitute.com\/fr\/wp-json\/wp\/v2\/pages"}],"about":[{"href":"https:\/\/complexspineinstitute.com\/fr\/wp-json\/wp\/v2\/types\/page"}],"author":[{"embeddable":true,"href":"https:\/\/complexspineinstitute.com\/fr\/wp-json\/wp\/v2\/users\/1"}],"replies":[{"embeddable":true,"href":"https:\/\/complexspineinstitute.com\/fr\/wp-json\/wp\/v2\/comments?post=1970"}],"version-history":[{"count":0,"href":"https:\/\/complexspineinstitute.com\/fr\/wp-json\/wp\/v2\/pages\/1970\/revisions"}],"wp:featuredmedia":[{"embeddable":true,"href":"https:\/\/complexspineinstitute.com\/fr\/wp-json\/wp\/v2\/media\/420"}],"wp:attachment":[{"href":"https:\/\/complexspineinstitute.com\/fr\/wp-json\/wp\/v2\/media?parent=1970"}],"curies":[{"name":"wp","href":"https:\/\/api.w.org\/{rel}","templated":true}]}}