{"id":1546,"date":"2025-04-17T12:00:00","date_gmt":"2025-04-17T10:00:00","guid":{"rendered":"https:\/\/complexspineinstitute.com\/reemplazo-de-disco-cervical\/"},"modified":"2025-04-20T18:12:40","modified_gmt":"2025-04-20T16:12:40","slug":"cervical-disc-replacement","status":"publish","type":"page","link":"https:\/\/complexspineinstitute.com\/en\/treatments\/cervical-disc-replacement\/","title":{"rendered":"Cervical disc replacement"},"content":{"rendered":"\t\t<div data-elementor-type=\"wp-page\" data-elementor-id=\"1546\" class=\"elementor elementor-1546 elementor-1304\" data-elementor-post-type=\"page\">\n\t\t\t\t<div class=\"elementor-element elementor-element-232de56 e-flex e-con-boxed e-con e-parent\" data-id=\"232de56\" data-element_type=\"container\" data-e-type=\"container\">\n\t\t\t\t\t<div class=\"e-con-inner\">\n\t\t\t\t<div class=\"elementor-element elementor-element-d77e2fd elementor-widget elementor-widget-heading\" data-id=\"d77e2fd\" data-element_type=\"widget\" data-e-type=\"widget\" data-widget_type=\"heading.default\">\n\t\t\t\t<div class=\"elementor-widget-container\">\n\t\t\t\t\t<h1 class=\"elementor-heading-title elementor-size-default\">Cervical Disc Replacement: What It Is, Benefits, and When It\u2019s Recommended<\/h1>\t\t\t\t<\/div>\n\t\t\t\t<\/div>\n\t\t\t\t\t<\/div>\n\t\t\t\t<\/div>\n\t\t<div class=\"elementor-element elementor-element-4b39ac2 e-flex e-con-boxed e-con e-parent\" data-id=\"4b39ac2\" data-element_type=\"container\" data-e-type=\"container\">\n\t\t\t\t\t<div class=\"e-con-inner\">\n\t\t<div class=\"elementor-element elementor-element-ac5c5ad e-con-full e-flex e-con e-child\" data-id=\"ac5c5ad\" data-element_type=\"container\" data-e-type=\"container\">\n\t\t\t\t<div class=\"elementor-element elementor-element-125a027 elementor-widget elementor-widget-text-editor\" data-id=\"125a027\" data-element_type=\"widget\" data-e-type=\"widget\" data-widget_type=\"text-editor.default\">\n\t\t\t\t<div class=\"elementor-widget-container\">\n\t\t\t\t\t\t\t\t\t<p>Cervical disc replacement, also known as <strong>artificial disc<\/strong> replacement or <strong>cervical prosthesis<\/strong>, is an advanced surgical technique designed to treat degenerative neck conditions such as <strong>cervical disc herniation<\/strong> or <strong>discopathy.<\/strong> Its main objectives are to relieve pain, preserve mobility, and avoid complications associated with traditional methods like <strong>cervical fusion<\/strong>.<\/p>\t\t\t\t\t\t\t\t<\/div>\n\t\t\t\t<\/div>\n\t\t\t\t<\/div>\n\t\t<div class=\"elementor-element elementor-element-8469aec e-con-full e-flex e-con e-child\" data-id=\"8469aec\" data-element_type=\"container\" data-e-type=\"container\">\n\t\t\t\t<div class=\"elementor-element elementor-element-658a1ab elementor-widget elementor-widget-image\" data-id=\"658a1ab\" data-element_type=\"widget\" data-e-type=\"widget\" data-widget_type=\"image.default\">\n\t\t\t\t<div class=\"elementor-widget-container\">\n\t\t\t\t\t\t\t\t\t\t\t\t\t\t\t<img fetchpriority=\"high\" decoding=\"async\" width=\"567\" height=\"422\" src=\"https:\/\/complexspineinstitute.com\/wp-content\/uploads\/2025\/04\/rx_cervical_protesis_disco_movilidad.webp\" class=\"attachment-large size-large wp-image-959\" alt=\"Radiograf\u00eda cervical con pr\u00f3tesis de disco mostrando movilidad a 10 a\u00f1os de la cirug\u00eda\" srcset=\"https:\/\/complexspineinstitute.com\/wp-content\/uploads\/2025\/04\/rx_cervical_protesis_disco_movilidad.webp 567w, https:\/\/complexspineinstitute.com\/wp-content\/uploads\/2025\/04\/rx_cervical_protesis_disco_movilidad-300x223.webp 300w\" sizes=\"(max-width: 567px) 100vw, 567px\" \/>\t\t\t\t\t\t\t\t\t\t\t\t\t\t\t<\/div>\n\t\t\t\t<\/div>\n\t\t\t\t<\/div>\n\t\t\t\t\t<\/div>\n\t\t\t\t<\/div>\n\t\t<div class=\"elementor-element elementor-element-39b4c43 e-flex e-con-boxed e-con e-parent\" data-id=\"39b4c43\" data-element_type=\"container\" data-e-type=\"container\">\n\t\t\t\t\t<div class=\"e-con-inner\">\n\t\t<div class=\"elementor-element elementor-element-142489a e-con-full e-flex e-con e-child\" data-id=\"142489a\" data-element_type=\"container\" data-e-type=\"container\">\n\t\t\t\t<div class=\"elementor-element elementor-element-ea15c2c elementor-widget elementor-widget-image\" data-id=\"ea15c2c\" data-element_type=\"widget\" data-e-type=\"widget\" data-widget_type=\"image.default\">\n\t\t\t\t<div class=\"elementor-widget-container\">\n\t\t\t\t\t\t\t\t\t\t\t\t\t\t\t<img decoding=\"async\" width=\"440\" height=\"264\" src=\"https:\/\/complexspineinstitute.com\/wp-content\/uploads\/2025\/04\/protesis_disco_intervertebral_artificial.webp\" class=\"attachment-large size-large wp-image-995\" alt=\"Pr\u00f3tesis de disco intervertebral artificial para sustituci\u00f3n y movilidad en columna lumbar\" srcset=\"https:\/\/complexspineinstitute.com\/wp-content\/uploads\/2025\/04\/protesis_disco_intervertebral_artificial.webp 440w, https:\/\/complexspineinstitute.com\/wp-content\/uploads\/2025\/04\/protesis_disco_intervertebral_artificial-300x180.webp 300w\" sizes=\"(max-width: 440px) 100vw, 440px\" \/>\t\t\t\t\t\t\t\t\t\t\t\t\t\t\t<\/div>\n\t\t\t\t<\/div>\n\t\t\t\t<\/div>\n\t\t<div class=\"elementor-element elementor-element-91cc4c5 e-con-full e-flex e-con e-child\" data-id=\"91cc4c5\" data-element_type=\"container\" data-e-type=\"container\">\n\t\t\t\t<div class=\"elementor-element elementor-element-5b1f90c elementor-widget elementor-widget-heading\" data-id=\"5b1f90c\" data-element_type=\"widget\" data-e-type=\"widget\" data-widget_type=\"heading.default\">\n\t\t\t\t<div class=\"elementor-widget-container\">\n\t\t\t\t\t<h2 class=\"elementor-heading-title elementor-size-default\">What Is Cervical Disc Replacement?<\/h2>\t\t\t\t<\/div>\n\t\t\t\t<\/div>\n\t\t\t\t<div class=\"elementor-element elementor-element-58d3091 elementor-widget elementor-widget-text-editor\" data-id=\"58d3091\" data-element_type=\"widget\" data-e-type=\"widget\" data-widget_type=\"text-editor.default\">\n\t\t\t\t<div class=\"elementor-widget-container\">\n\t\t\t\t\t\t\t\t\t<p>The procedure involves replacing a damaged intervertebral disc with an <strong>artificial implant<\/strong> that maintains the spine&#8217;s natural height and mobility. It is an effective and less invasive alternative to spinal fusion.<\/p><p>As Dr. Augusto Covaro, a specialist in complex and minimally invasive surgery, explains: &#8220;Our priority is to preserve mobility and minimize surgical trauma. Disc replacement allows exactly that in properly selected patients.&#8221;<\/p>\t\t\t\t\t\t\t\t<\/div>\n\t\t\t\t<\/div>\n\t\t\t\t<\/div>\n\t\t\t\t\t<\/div>\n\t\t\t\t<\/div>\n\t\t<div class=\"elementor-element elementor-element-3a55728 e-flex e-con-boxed e-con e-parent\" data-id=\"3a55728\" data-element_type=\"container\" data-e-type=\"container\">\n\t\t\t\t\t<div class=\"e-con-inner\">\n\t\t\t\t<div class=\"elementor-element elementor-element-f15a35b elementor-widget elementor-widget-heading\" data-id=\"f15a35b\" data-element_type=\"widget\" data-e-type=\"widget\" data-widget_type=\"heading.default\">\n\t\t\t\t<div class=\"elementor-widget-container\">\n\t\t\t\t\t<h2 class=\"elementor-heading-title elementor-size-default\">When Is This Surgery Recommended?<\/h2>\t\t\t\t<\/div>\n\t\t\t\t<\/div>\n\t\t\t\t<div class=\"elementor-element elementor-element-1404bdb elementor-widget elementor-widget-text-editor\" data-id=\"1404bdb\" data-element_type=\"widget\" data-e-type=\"widget\" data-widget_type=\"text-editor.default\">\n\t\t\t\t<div class=\"elementor-widget-container\">\n\t\t\t\t\t\t\t\t\t<ul><li>Cervical disc herniation not improving with conservative treatment<\/li><li>Severe disc degeneration with nerve compression<\/li><li>Chronic and limiting neck pain<\/li><li>Young or active patients who want to maintain mobility<br \/><br \/><\/li><\/ul><p>Dr. Vicen\u00e7 Gilete, a neurosurgeon specializing in cranio-cervical conditions, states: &#8220;In cases of disc degeneration or herniation where the disc has lost its function, replacement restores quality of life without sacrificing neck mobility.&#8221;<\/p>\t\t\t\t\t\t\t\t<\/div>\n\t\t\t\t<\/div>\n\t\t\t\t\t<\/div>\n\t\t\t\t<\/div>\n\t\t<div class=\"elementor-element elementor-element-d2e54b6 e-flex e-con-boxed e-con e-parent\" data-id=\"d2e54b6\" data-element_type=\"container\" data-e-type=\"container\">\n\t\t\t\t\t<div class=\"e-con-inner\">\n\t\t\t\t<div class=\"elementor-element elementor-element-a554fab elementor-widget elementor-widget-heading\" data-id=\"a554fab\" data-element_type=\"widget\" data-e-type=\"widget\" data-widget_type=\"heading.default\">\n\t\t\t\t<div class=\"elementor-widget-container\">\n\t\t\t\t\t<h2 class=\"elementor-heading-title elementor-size-default\">How Is the Procedure Performed?<\/h2>\t\t\t\t<\/div>\n\t\t\t\t<\/div>\n\t\t\t\t<div class=\"elementor-element elementor-element-df2a015 elementor-widget elementor-widget-text-editor\" data-id=\"df2a015\" data-element_type=\"widget\" data-e-type=\"widget\" data-widget_type=\"text-editor.default\">\n\t\t\t\t<div class=\"elementor-widget-container\">\n\t\t\t\t\t\t\t\t\t<p>The surgery is performed using an anterior approach, accessing the cervical spine from the front of the neck. We use <strong>minimally invasive<\/strong> techniques and <strong>cutting-edge technology<\/strong> such as 3D navigation and intraoperative CT scans.<\/p><p>At Complex Spine Institute, the procedure is carried out by highly qualified specialists like Dr. Covaro and Dr. Gilete, who both have extensive international experience. They personally evaluate, plan, and perform the surgery, ensuring <strong>safety and precision<\/strong>.<\/p>\t\t\t\t\t\t\t\t<\/div>\n\t\t\t\t<\/div>\n\t\t\t\t\t<\/div>\n\t\t\t\t<\/div>\n\t\t<div class=\"elementor-element elementor-element-9330f3f e-flex e-con-boxed e-con e-parent\" data-id=\"9330f3f\" data-element_type=\"container\" data-e-type=\"container\">\n\t\t\t\t\t<div class=\"e-con-inner\">\n\t\t\t\t<div class=\"elementor-element elementor-element-54dd7d1 elementor-widget elementor-widget-heading\" data-id=\"54dd7d1\" data-element_type=\"widget\" data-e-type=\"widget\" data-widget_type=\"heading.default\">\n\t\t\t\t<div class=\"elementor-widget-container\">\n\t\t\t\t\t<h2 class=\"elementor-heading-title elementor-size-default\">Advantages Over Cervical Fusion<\/h2>\t\t\t\t<\/div>\n\t\t\t\t<\/div>\n\t\t\t\t<div class=\"elementor-element elementor-element-4d0fa91 elementor-widget elementor-widget-text-editor\" data-id=\"4d0fa91\" data-element_type=\"widget\" data-e-type=\"widget\" data-widget_type=\"text-editor.default\">\n\t\t\t\t<div class=\"elementor-widget-container\">\n\t\t\t\t\t\t\t\t\t<ul><li>Preserves neck mobility<\/li><li>Reduces the risk of adjacent disc degeneration<\/li><li>Shorter recovery time<\/li><li>Less stiffness and better postoperative quality of life<br \/><br \/><\/li><\/ul><p>&#8220;In my practice, disc replacement has shown excellent results in active patients looking to return to daily life without unnecessary limitations,&#8221; says Dr. Covaro.<\/p>\t\t\t\t\t\t\t\t<\/div>\n\t\t\t\t<\/div>\n\t\t\t\t\t<\/div>\n\t\t\t\t<\/div>\n\t\t<div class=\"elementor-element elementor-element-ea3f0c6 e-flex e-con-boxed e-con e-parent\" data-id=\"ea3f0c6\" data-element_type=\"container\" data-e-type=\"container\">\n\t\t\t\t\t<div class=\"e-con-inner\">\n\t\t\t\t<div class=\"elementor-element elementor-element-6d5f830 elementor-widget elementor-widget-heading\" data-id=\"6d5f830\" data-element_type=\"widget\" data-e-type=\"widget\" data-widget_type=\"heading.default\">\n\t\t\t\t<div class=\"elementor-widget-container\">\n\t\t\t\t\t<h2 class=\"elementor-heading-title elementor-size-default\">What Is the Recovery Like?<\/h2>\t\t\t\t<\/div>\n\t\t\t\t<\/div>\n\t\t\t\t<div class=\"elementor-element elementor-element-5de217b elementor-widget elementor-widget-text-editor\" data-id=\"5de217b\" data-element_type=\"widget\" data-e-type=\"widget\" data-widget_type=\"text-editor.default\">\n\t\t\t\t<div class=\"elementor-widget-container\">\n\t\t\t\t\t\t\t\t\t<p>In most cases, patients can be discharged from the hospital within 24\u201348 hours. It is recommended to avoid strenuous activities for the first few weeks, but many patients resume daily activities in under a month.<\/p><p>Postoperative follow-up at Complex Spine Institute is personalized. Our multidisciplinary team\u2014including physiotherapists, neurosurgeons, and orthopedic surgeons\u2014supports every step of recovery to optimize clinical outcomes.<\/p>\t\t\t\t\t\t\t\t<\/div>\n\t\t\t\t<\/div>\n\t\t\t\t\t<\/div>\n\t\t\t\t<\/div>\n\t\t<div class=\"elementor-element elementor-element-7cfc51db e-flex e-con-boxed e-con e-parent\" data-id=\"7cfc51db\" data-element_type=\"container\" data-e-type=\"container\">\n\t\t\t\t\t<div class=\"e-con-inner\">\n\t\t<div class=\"elementor-element elementor-element-78289e11 e-con-full e-flex e-con e-child\" data-id=\"78289e11\" data-element_type=\"container\" data-e-type=\"container\">\n\t\t\t\t<div class=\"elementor-element elementor-element-5d697c27 elementor-widget elementor-widget-heading\" data-id=\"5d697c27\" data-element_type=\"widget\" data-e-type=\"widget\" data-widget_type=\"heading.default\">\n\t\t\t\t<div class=\"elementor-widget-container\">\n\t\t\t\t\t<h2 class=\"elementor-heading-title elementor-size-default\">Frequently Asked Questions About Cervical Disc Replacement<\/h2>\t\t\t\t<\/div>\n\t\t\t\t<\/div>\n\t\t\t\t<\/div>\n\t\t<div class=\"elementor-element elementor-element-3950f575 e-con-full e-flex e-con e-child\" data-id=\"3950f575\" data-element_type=\"container\" data-e-type=\"container\">\n\t\t\t\t<div class=\"elementor-element elementor-element-6ae9bdd5 elementor-widget elementor-widget-heading\" data-id=\"6ae9bdd5\" data-element_type=\"widget\" data-e-type=\"widget\" data-widget_type=\"heading.default\">\n\t\t\t\t<div class=\"elementor-widget-container\">\n\t\t\t\t\t<h3 class=\"elementor-heading-title elementor-size-default\">Is the surgery painful?<\/h3>\t\t\t\t<\/div>\n\t\t\t\t<\/div>\n\t\t\t\t<div class=\"elementor-element elementor-element-574da2af elementor-widget elementor-widget-text-editor\" data-id=\"574da2af\" data-element_type=\"widget\" data-e-type=\"widget\" data-widget_type=\"text-editor.default\">\n\t\t\t\t<div class=\"elementor-widget-container\">\n\t\t\t\t\t\t\t\t\t<p>The procedure is generally well tolerated. With anesthesia and modern postoperative care protocols, pain is well managed.<\/p>\t\t\t\t\t\t\t\t<\/div>\n\t\t\t\t<\/div>\n\t\t\t\t<\/div>\n\t\t<div class=\"elementor-element elementor-element-44b246f0 e-con-full e-flex e-con e-child\" data-id=\"44b246f0\" data-element_type=\"container\" data-e-type=\"container\">\n\t\t\t\t<div class=\"elementor-element elementor-element-21413a2b elementor-widget elementor-widget-heading\" data-id=\"21413a2b\" data-element_type=\"widget\" data-e-type=\"widget\" data-widget_type=\"heading.default\">\n\t\t\t\t<div class=\"elementor-widget-container\">\n\t\t\t\t\t<h3 class=\"elementor-heading-title elementor-size-default\">How long does a cervical prosthesis last?<\/h3>\t\t\t\t<\/div>\n\t\t\t\t<\/div>\n\t\t\t\t<div class=\"elementor-element elementor-element-305eff54 elementor-widget elementor-widget-text-editor\" data-id=\"305eff54\" data-element_type=\"widget\" data-e-type=\"widget\" data-widget_type=\"text-editor.default\">\n\t\t\t\t<div class=\"elementor-widget-container\">\n\t\t\t\t\t\t\t\t\t<p>Most prostheses are designed to last between 15 to 20 years or more, depending on the patient&#8217;s activity level.<\/p>\t\t\t\t\t\t\t\t<\/div>\n\t\t\t\t<\/div>\n\t\t\t\t<\/div>\n\t\t<div class=\"elementor-element elementor-element-6e48493e e-con-full e-flex e-con e-child\" data-id=\"6e48493e\" data-element_type=\"container\" data-e-type=\"container\">\n\t\t\t\t<div class=\"elementor-element elementor-element-5a96fce5 elementor-widget elementor-widget-heading\" data-id=\"5a96fce5\" data-element_type=\"widget\" data-e-type=\"widget\" data-widget_type=\"heading.default\">\n\t\t\t\t<div class=\"elementor-widget-container\">\n\t\t\t\t\t<h3 class=\"elementor-heading-title elementor-size-default\">Can I return to sports?<\/h3>\t\t\t\t<\/div>\n\t\t\t\t<\/div>\n\t\t\t\t<div class=\"elementor-element elementor-element-5ca9fb19 elementor-widget elementor-widget-text-editor\" data-id=\"5ca9fb19\" data-element_type=\"widget\" data-e-type=\"widget\" data-widget_type=\"text-editor.default\">\n\t\t\t\t<div class=\"elementor-widget-container\">\n\t\t\t\t\t\t\t\t\t<p>Yes, many patients resume sports activities after medical clearance. Each case is evaluated individually based on clinical progress.<\/p>\t\t\t\t\t\t\t\t<\/div>\n\t\t\t\t<\/div>\n\t\t\t\t<\/div>\n\t\t<div class=\"elementor-element elementor-element-145d3ad e-con-full e-flex e-con e-child\" data-id=\"145d3ad\" data-element_type=\"container\" data-e-type=\"container\">\n\t\t\t\t<div class=\"elementor-element elementor-element-8af7e30 elementor-widget elementor-widget-heading\" data-id=\"8af7e30\" data-element_type=\"widget\" data-e-type=\"widget\" data-widget_type=\"heading.default\">\n\t\t\t\t<div class=\"elementor-widget-container\">\n\t\t\t\t\t<h3 class=\"elementor-heading-title elementor-size-default\">What is the cost of this surgery?<\/h3>\t\t\t\t<\/div>\n\t\t\t\t<\/div>\n\t\t\t\t<div class=\"elementor-element elementor-element-b96c164 elementor-widget elementor-widget-text-editor\" data-id=\"b96c164\" data-element_type=\"widget\" data-e-type=\"widget\" data-widget_type=\"text-editor.default\">\n\t\t\t\t<div class=\"elementor-widget-container\">\n\t\t\t\t\t\t\t\t\t<p>Costs vary depending on the case. At Complex Spine Institute, we offer detailed estimates and online consultations with no obligation.<\/p>\t\t\t\t\t\t\t\t<\/div>\n\t\t\t\t<\/div>\n\t\t\t\t<\/div>\n\t\t\t\t\t<\/div>\n\t\t\t\t<\/div>\n\t\t<div class=\"elementor-element elementor-element-b278f56 e-flex e-con-boxed e-con e-parent\" data-id=\"b278f56\" data-element_type=\"container\" data-e-type=\"container\">\n\t\t\t\t\t<div class=\"e-con-inner\">\n\t\t\t\t<div class=\"elementor-element elementor-element-2449c85 elementor-widget elementor-widget-heading\" data-id=\"2449c85\" data-element_type=\"widget\" data-e-type=\"widget\" data-widget_type=\"heading.default\">\n\t\t\t\t<div class=\"elementor-widget-container\">\n\t\t\t\t\t<h2 class=\"elementor-heading-title elementor-size-default\">How Can Complex Spine Institute Help?<\/h2>\t\t\t\t<\/div>\n\t\t\t\t<\/div>\n\t\t\t\t<div class=\"elementor-element elementor-element-b79a9e4 elementor-widget elementor-widget-text-editor\" data-id=\"b79a9e4\" data-element_type=\"widget\" data-e-type=\"widget\" data-widget_type=\"text-editor.default\">\n\t\t\t\t<div class=\"elementor-widget-container\">\n\t\t\t\t\t\t\t\t\t<p>We are a leading center in <strong>complex and minimally invasive spine surgery<\/strong>. Each case is evaluated individually to offer safe, personalized solutions. Our doctors, Dr. Augusto Covaro and Dr. Vicen\u00e7 Gilete, lead a team dedicated to <strong>medical<\/strong> <strong>excellence and human-centered care<\/strong>.<\/p><p><a href=\"https:\/\/complexspineinstitute.com\/en\/complex-spine-institute\/en\/complex-spine-institute\/en\/complex-spine-institute\/en\/complex-spine-institute\/en\/complex-spine-institute\/en\/complex-spine-institute\/en\/complex-spine-institute\/en\/request-evaluation\/\">Book your online or in-person consultation<\/a> in Barcelona and take back your life\u2014free from neck pain. Contact us with no obligation.<\/p>\t\t\t\t\t\t\t\t<\/div>\n\t\t\t\t<\/div>\n\t\t\t\t\t<\/div>\n\t\t\t\t<\/div>\n\t\t<div class=\"elementor-element elementor-element-6dbf6f11 e-flex e-con-boxed e-con e-parent\" data-id=\"6dbf6f11\" data-element_type=\"container\" data-e-type=\"container\">\n\t\t\t\t\t<div class=\"e-con-inner\">\n\t\t\t\t<div class=\"elementor-element elementor-element-5c45b658 elementor-widget elementor-widget-text-editor\" data-id=\"5c45b658\" data-element_type=\"widget\" data-e-type=\"widget\" data-widget_type=\"text-editor.default\">\n\t\t\t\t<div class=\"elementor-widget-container\">\n\t\t\t\t\t\t\t\t\t<aside class=\"author-signature\" role=\"doc-credits\"><address>Reviewed and approved by <strong>Dr. Vicen\u00e7 Gilete, MD<\/strong>, Neurosurgeon, and <strong>Dr.\u00a0Augusto Covaro, MD<\/strong>, Orthopedic Surgeon<\/address><address>Complex\u00a0Spine\u00a0Institute \u00b7 Barcelona | <time datetime=\"2025-04-17\">April 18, 2025<\/time><\/address><address><a href=\"https:\/\/complexspineinstitute.com\/en\/complex-spine-institute\/en\/complex-spine-institute\/en\/complex-spine-institute\/en\/complex-spine-institute\/en\/complex-spine-institute\/en\/complex-spine-institute\/en\/complex-spine-institute\/en\/institute\/#medical_team\" rel=\"author\">See biographies and publications<\/a><\/address><\/aside>\t\t\t\t\t\t\t\t<\/div>\n\t\t\t\t<\/div>\n\t\t\t\t\t<\/div>\n\t\t\t\t<\/div>\n\t\t\t\t<\/div>\n\t\t","protected":false},"excerpt":{"rendered":"<p>Cervical Disc Replacement: What It Is, Benefits, and When It\u2019s Recommended Cervical disc replacement, also known as artificial disc replacement or cervical prosthesis, is an advanced surgical technique designed to treat degenerative neck conditions such as cervical disc herniation or discopathy. Its main objectives are to relieve pain, preserve mobility, and avoid complications associated with [&hellip;]<\/p>\n","protected":false},"author":1,"featured_media":959,"parent":1431,"menu_order":0,"comment_status":"closed","ping_status":"closed","template":"","meta":{"footnotes":""},"class_list":["post-1546","page","type-page","status-publish","has-post-thumbnail","hentry"],"_links":{"self":[{"href":"https:\/\/complexspineinstitute.com\/en\/wp-json\/wp\/v2\/pages\/1546","targetHints":{"allow":["GET"]}}],"collection":[{"href":"https:\/\/complexspineinstitute.com\/en\/wp-json\/wp\/v2\/pages"}],"about":[{"href":"https:\/\/complexspineinstitute.com\/en\/wp-json\/wp\/v2\/types\/page"}],"author":[{"embeddable":true,"href":"https:\/\/complexspineinstitute.com\/en\/wp-json\/wp\/v2\/users\/1"}],"replies":[{"embeddable":true,"href":"https:\/\/complexspineinstitute.com\/en\/wp-json\/wp\/v2\/comments?post=1546"}],"version-history":[{"count":0,"href":"https:\/\/complexspineinstitute.com\/en\/wp-json\/wp\/v2\/pages\/1546\/revisions"}],"up":[{"embeddable":true,"href":"https:\/\/complexspineinstitute.com\/en\/wp-json\/wp\/v2\/pages\/1431"}],"wp:featuredmedia":[{"embeddable":true,"href":"https:\/\/complexspineinstitute.com\/en\/wp-json\/wp\/v2\/media\/959"}],"wp:attachment":[{"href":"https:\/\/complexspineinstitute.com\/en\/wp-json\/wp\/v2\/media?parent=1546"}],"curies":[{"name":"wp","href":"https:\/\/api.w.org\/{rel}","templated":true}]}}