{"id":1486,"date":"2025-04-17T12:00:05","date_gmt":"2025-04-17T10:00:05","guid":{"rendered":"https:\/\/complexspineinstitute.com\/tecnicas-minimamente-invasivas\/"},"modified":"2025-05-19T18:35:52","modified_gmt":"2025-05-19T16:35:52","slug":"minimally-invasive-techniques","status":"publish","type":"page","link":"https:\/\/complexspineinstitute.com\/en\/treatments\/minimally-invasive-techniques\/","title":{"rendered":"Minimally invasive techniques"},"content":{"rendered":"\t\t<div data-elementor-type=\"wp-page\" data-elementor-id=\"1486\" class=\"elementor elementor-1486 elementor-1300\" data-elementor-post-type=\"page\">\n\t\t\t\t<div class=\"elementor-element elementor-element-232de56 e-flex e-con-boxed e-con e-parent\" data-id=\"232de56\" data-element_type=\"container\" data-e-type=\"container\">\n\t\t\t\t\t<div class=\"e-con-inner\">\n\t\t\t\t<div class=\"elementor-element elementor-element-d77e2fd elementor-widget elementor-widget-heading\" data-id=\"d77e2fd\" data-element_type=\"widget\" data-e-type=\"widget\" data-widget_type=\"heading.default\">\n\t\t\t\t<div class=\"elementor-widget-container\">\n\t\t\t\t\t<h1 class=\"elementor-heading-title elementor-size-default\">Minimally Invasive Spine Surgery Techniques<\/h1>\t\t\t\t<\/div>\n\t\t\t\t<\/div>\n\t\t\t\t\t<\/div>\n\t\t\t\t<\/div>\n\t\t<div class=\"elementor-element elementor-element-4b39ac2 e-flex e-con-boxed e-con e-parent\" data-id=\"4b39ac2\" data-element_type=\"container\" data-e-type=\"container\">\n\t\t\t\t\t<div class=\"e-con-inner\">\n\t\t<div class=\"elementor-element elementor-element-ac5c5ad e-con-full e-flex e-con e-child\" data-id=\"ac5c5ad\" data-element_type=\"container\" data-e-type=\"container\">\n\t\t\t\t<div class=\"elementor-element elementor-element-2fa35e2 elementor-widget elementor-widget-heading\" data-id=\"2fa35e2\" data-element_type=\"widget\" data-e-type=\"widget\" data-widget_type=\"heading.default\">\n\t\t\t\t<div class=\"elementor-widget-container\">\n\t\t\t\t\t<h2 class=\"elementor-heading-title elementor-size-default\">What Are Minimally Invasive Techniques?<\/h2>\t\t\t\t<\/div>\n\t\t\t\t<\/div>\n\t\t\t\t<div class=\"elementor-element elementor-element-125a027 elementor-widget elementor-widget-text-editor\" data-id=\"125a027\" data-element_type=\"widget\" data-e-type=\"widget\" data-widget_type=\"text-editor.default\">\n\t\t\t\t<div class=\"elementor-widget-container\">\n\t\t\t\t\t\t\t\t\t<p>Minimally invasive techniques are surgical procedures that use small incisions and advanced technology to treat spinal conditions with high precision, significantly reducing the impact on the patient.<\/p><p>&#8220;<strong>I&#8217;ve consistently seen a significant reduction in postoperative pain and faster recovery in my patients, especially when using endoscopic techniques<\/strong>.&#8221;<br \/>\u2014 <em>Dr. Augusto<\/em>, Neurosurgeon at Complex Spine Institute<\/p>\t\t\t\t\t\t\t\t<\/div>\n\t\t\t\t<\/div>\n\t\t\t\t<\/div>\n\t\t<div class=\"elementor-element elementor-element-8469aec e-con-full e-flex e-con e-child\" data-id=\"8469aec\" data-element_type=\"container\" data-e-type=\"container\">\n\t\t\t\t<div class=\"elementor-element elementor-element-795f0eb elementor-widget elementor-widget-video\" data-id=\"795f0eb\" data-element_type=\"widget\" data-e-type=\"widget\" data-settings=\"{&quot;video_type&quot;:&quot;hosted&quot;,&quot;controls&quot;:&quot;yes&quot;}\" data-widget_type=\"video.default\">\n\t\t\t\t<div class=\"elementor-widget-container\">\n\t\t\t\t\t\t\t<div class=\"e-hosted-video elementor-wrapper elementor-open-inline\">\n\t\t\t\t\t<video class=\"elementor-video\" src=\"https:\/\/complexspineinstitute.com\/en\/complex-spine-institute\/en\/complex-spine-institute\/en\/complex-spine-institute\/en\/complex-spine-institute\/en\/complex-spine-institute\/en\/complex-spine-institute\/en\/complex-spine-institute\/wp-content\/uploads\/2025\/05\/Endoscopia.mp4\" controls=\"\" preload=\"metadata\" controlsList=\"nodownload\"><\/video>\n\t\t\t\t<\/div>\n\t\t\t\t\t\t<\/div>\n\t\t\t\t<\/div>\n\t\t\t\t<\/div>\n\t\t\t\t\t<\/div>\n\t\t\t\t<\/div>\n\t\t<div class=\"elementor-element elementor-element-8366130 e-flex e-con-boxed e-con e-parent\" data-id=\"8366130\" data-element_type=\"container\" data-e-type=\"container\">\n\t\t\t\t\t<div class=\"e-con-inner\">\n\t\t<div class=\"elementor-element elementor-element-337be5c e-con-full e-flex e-con e-child\" data-id=\"337be5c\" data-element_type=\"container\" data-e-type=\"container\">\n\t\t\t\t<div class=\"elementor-element elementor-element-f5c6dbb elementor-widget elementor-widget-image\" data-id=\"f5c6dbb\" data-element_type=\"widget\" data-e-type=\"widget\" data-widget_type=\"image.default\">\n\t\t\t\t<div class=\"elementor-widget-container\">\n\t\t\t\t\t\t\t\t\t\t\t\t\t\t\t<img fetchpriority=\"high\" decoding=\"async\" width=\"280\" height=\"448\" src=\"https:\/\/complexspineinstitute.com\/wp-content\/uploads\/2025\/04\/cierre_de_incision_minimamente_invasiva.webp\" class=\"attachment-large size-large wp-image-987\" alt=\"Cierre de incisi\u00f3n quir\u00fargica peque\u00f1a tras intervenci\u00f3n de columna m\u00ednimamente invasiva\" srcset=\"https:\/\/complexspineinstitute.com\/wp-content\/uploads\/2025\/04\/cierre_de_incision_minimamente_invasiva.webp 280w, https:\/\/complexspineinstitute.com\/wp-content\/uploads\/2025\/04\/cierre_de_incision_minimamente_invasiva-188x300.webp 188w\" sizes=\"(max-width: 280px) 100vw, 280px\" \/>\t\t\t\t\t\t\t\t\t\t\t\t\t\t\t<\/div>\n\t\t\t\t<\/div>\n\t\t\t\t<\/div>\n\t\t<div class=\"elementor-element elementor-element-28c1b28 e-con-full e-flex e-con e-child\" data-id=\"28c1b28\" data-element_type=\"container\" data-e-type=\"container\">\n\t\t\t\t<div class=\"elementor-element elementor-element-cb4be2c elementor-widget elementor-widget-heading\" data-id=\"cb4be2c\" data-element_type=\"widget\" data-e-type=\"widget\" data-widget_type=\"heading.default\">\n\t\t\t\t<div class=\"elementor-widget-container\">\n\t\t\t\t\t<h2 class=\"elementor-heading-title elementor-size-default\">Benefits of Minimally Invasive Techniques<\/h2>\t\t\t\t<\/div>\n\t\t\t\t<\/div>\n\t\t\t\t<div class=\"elementor-element elementor-element-1fe005f elementor-widget elementor-widget-text-editor\" data-id=\"1fe005f\" data-element_type=\"widget\" data-e-type=\"widget\" data-widget_type=\"text-editor.default\">\n\t\t\t\t<div class=\"elementor-widget-container\">\n\t\t\t\t\t\t\t\t\t<ul><li>Less postoperative pain<\/li><li>Faster recovery and shorter hospital stay<\/li><li>Lower risk of infections and complications<\/li><li>Smaller, more aesthetic scars<br \/><br \/><\/li><\/ul><p>&#8220;<strong>Every day I reaffirm the effectiveness and safety these procedures offer my patients.<\/strong>&#8220;<br \/>\u2014 <em>Dr. Augusto<\/em><\/p>\t\t\t\t\t\t\t\t<\/div>\n\t\t\t\t<\/div>\n\t\t\t\t<\/div>\n\t\t\t\t\t<\/div>\n\t\t\t\t<\/div>\n\t\t<div class=\"elementor-element elementor-element-d2e54b6 e-flex e-con-boxed e-con e-parent\" data-id=\"d2e54b6\" data-element_type=\"container\" data-e-type=\"container\">\n\t\t\t\t\t<div class=\"e-con-inner\">\n\t\t\t\t<div class=\"elementor-element elementor-element-a554fab elementor-widget elementor-widget-heading\" data-id=\"a554fab\" data-element_type=\"widget\" data-e-type=\"widget\" data-widget_type=\"heading.default\">\n\t\t\t\t<div class=\"elementor-widget-container\">\n\t\t\t\t\t<h2 class=\"elementor-heading-title elementor-size-default\">Common Techniques in Spine Surgery<\/h2>\t\t\t\t<\/div>\n\t\t\t\t<\/div>\n\t\t\t\t<div class=\"elementor-element elementor-element-df2a015 elementor-widget elementor-widget-text-editor\" data-id=\"df2a015\" data-element_type=\"widget\" data-e-type=\"widget\" data-widget_type=\"text-editor.default\">\n\t\t\t\t<div class=\"elementor-widget-container\">\n\t\t\t\t\t\t\t\t\t<h3><strong>Endoscopic Spine Surgery<\/strong><\/h3><p>Used to treat herniated discs and lumbar spinal stenosis through a minimal incision.<\/p><p>&#8220;<strong>In my experience, patients show significantly smaller and more aesthetic scars, with fewer overall complications<\/strong>.&#8221;<br \/>\u2014 <em>Dr. Augusto<\/em><\/p><h3><strong>Robotic Surgery and Surgical Navigation<\/strong><\/h3><p>&#8220;<strong>Robotic-assisted surgery and navigation systems provide millimeter-level precision that was unimaginable years ago. This not only improves outcomes but also offers peace of mind and safety for the patient throughout the procedure<\/strong>.&#8221;<br \/>\u2014 <em>Dr. Gilete<\/em><\/p><h3><strong>XLIF and OLIF<\/strong><\/h3><p>Specialized procedures that access the spine through less invasive lateral approaches.<\/p><p>&#8220;<strong>I\u2019ve performed numerous XLIF and OLIF procedures, and I can confidently say the outcomes are outstanding in terms of recovery and patient satisfaction.<\/strong>&#8220;<br \/>\u2014 <em>Dr. Gilete<\/em><\/p>\t\t\t\t\t\t\t\t<\/div>\n\t\t\t\t<\/div>\n\t\t\t\t\t<\/div>\n\t\t\t\t<\/div>\n\t\t<div class=\"elementor-element elementor-element-9330f3f e-flex e-con-boxed e-con e-parent\" data-id=\"9330f3f\" data-element_type=\"container\" data-e-type=\"container\">\n\t\t\t\t\t<div class=\"e-con-inner\">\n\t\t\t\t<div class=\"elementor-element elementor-element-54dd7d1 elementor-widget elementor-widget-heading\" data-id=\"54dd7d1\" data-element_type=\"widget\" data-e-type=\"widget\" data-widget_type=\"heading.default\">\n\t\t\t\t<div class=\"elementor-widget-container\">\n\t\t\t\t\t<h2 class=\"elementor-heading-title elementor-size-default\">Who Are These Techniques Suitable For?<\/h2>\t\t\t\t<\/div>\n\t\t\t\t<\/div>\n\t\t\t\t<div class=\"elementor-element elementor-element-4d0fa91 elementor-widget elementor-widget-text-editor\" data-id=\"4d0fa91\" data-element_type=\"widget\" data-e-type=\"widget\" data-widget_type=\"text-editor.default\">\n\t\t\t\t<div class=\"elementor-widget-container\">\n\t\t\t\t\t\t\t\t\t<p>Minimally invasive techniques are recommended for patients with conditions such as:<\/p><ul><li>Herniated discs<\/li><li>Lumbar spinal stenosis<\/li><li>Degenerative disc disease<br \/><br \/><\/li><\/ul><p>The reduced surgical trauma allows patients to quickly return to daily activities.<\/p>\t\t\t\t\t\t\t\t<\/div>\n\t\t\t\t<\/div>\n\t\t\t\t\t<\/div>\n\t\t\t\t<\/div>\n\t\t<div class=\"elementor-element elementor-element-39b4c43 e-flex e-con-boxed e-con e-parent\" data-id=\"39b4c43\" data-element_type=\"container\" data-e-type=\"container\">\n\t\t\t\t\t<div class=\"e-con-inner\">\n\t\t<div class=\"elementor-element elementor-element-142489a e-con-full e-flex e-con e-child\" data-id=\"142489a\" data-element_type=\"container\" data-e-type=\"container\">\n\t\t\t\t<div class=\"elementor-element elementor-element-ea15c2c elementor-widget elementor-widget-image\" data-id=\"ea15c2c\" data-element_type=\"widget\" data-e-type=\"widget\" data-widget_type=\"image.default\">\n\t\t\t\t<div class=\"elementor-widget-container\">\n\t\t\t\t\t\t\t\t\t\t\t\t\t\t\t<img decoding=\"async\" width=\"405\" height=\"270\" src=\"https:\/\/complexspineinstitute.com\/wp-content\/uploads\/2025\/04\/marcaje_preoperatorio_minimamente_invasivo.webp\" class=\"attachment-large size-large wp-image-999\" alt=\"Marcaje preoperatorio en piel para cirug\u00eda de columna m\u00ednimamente invasiva\" srcset=\"https:\/\/complexspineinstitute.com\/wp-content\/uploads\/2025\/04\/marcaje_preoperatorio_minimamente_invasivo.webp 405w, https:\/\/complexspineinstitute.com\/wp-content\/uploads\/2025\/04\/marcaje_preoperatorio_minimamente_invasivo-300x200.webp 300w\" sizes=\"(max-width: 405px) 100vw, 405px\" \/>\t\t\t\t\t\t\t\t\t\t\t\t\t\t\t<\/div>\n\t\t\t\t<\/div>\n\t\t\t\t<\/div>\n\t\t<div class=\"elementor-element elementor-element-91cc4c5 e-con-full e-flex e-con e-child\" data-id=\"91cc4c5\" data-element_type=\"container\" data-e-type=\"container\">\n\t\t\t\t<div class=\"elementor-element elementor-element-5b1f90c elementor-widget elementor-widget-heading\" data-id=\"5b1f90c\" data-element_type=\"widget\" data-e-type=\"widget\" data-widget_type=\"heading.default\">\n\t\t\t\t<div class=\"elementor-widget-container\">\n\t\t\t\t\t<h2 class=\"elementor-heading-title elementor-size-default\">Recovery After Minimally Invasive Surgery<\/h2>\t\t\t\t<\/div>\n\t\t\t\t<\/div>\n\t\t\t\t<div class=\"elementor-element elementor-element-58d3091 elementor-widget elementor-widget-text-editor\" data-id=\"58d3091\" data-element_type=\"widget\" data-e-type=\"widget\" data-widget_type=\"text-editor.default\">\n\t\t\t\t<div class=\"elementor-widget-container\">\n\t\t\t\t\t\t\t\t\t<p>Due to the less aggressive nature of the procedure, most patients at Complex Spine Institute return home within 24\u201348 hours.<\/p><p>&#8220;<strong>The reduced surgical trauma is evident, allowing my patients to resume their normal routines with minimal impact<\/strong>.&#8221;<br \/>\u2014 <em>Dr. Gilete<\/em><\/p>\t\t\t\t\t\t\t\t<\/div>\n\t\t\t\t<\/div>\n\t\t\t\t<\/div>\n\t\t\t\t\t<\/div>\n\t\t\t\t<\/div>\n\t\t<div class=\"elementor-element elementor-element-ea3f0c6 e-flex e-con-boxed e-con e-parent\" data-id=\"ea3f0c6\" data-element_type=\"container\" data-e-type=\"container\">\n\t\t\t\t\t<div class=\"e-con-inner\">\n\t\t\t\t<div class=\"elementor-element elementor-element-6d5f830 elementor-widget elementor-widget-heading\" data-id=\"6d5f830\" data-element_type=\"widget\" data-e-type=\"widget\" data-widget_type=\"heading.default\">\n\t\t\t\t<div class=\"elementor-widget-container\">\n\t\t\t\t\t<h2 class=\"elementor-heading-title elementor-size-default\">Why Choose Complex Spine Institute?<\/h2>\t\t\t\t<\/div>\n\t\t\t\t<\/div>\n\t\t\t\t<div class=\"elementor-element elementor-element-5de217b elementor-widget elementor-widget-text-editor\" data-id=\"5de217b\" data-element_type=\"widget\" data-e-type=\"widget\" data-widget_type=\"text-editor.default\">\n\t\t\t\t<div class=\"elementor-widget-container\">\n\t\t\t\t\t\t\t\t\t<p>At Complex Spine Institute, we are pioneers in minimally invasive spine techniques, supported by our international experience and state-of-the-art technology. We provide personalized care and surgical solutions tailored to each patient.<\/p><p><a href=\"https:\/\/complexspineinstitute.com\/en\/complex-spine-institute\/en\/complex-spine-institute\/en\/complex-spine-institute\/en\/complex-spine-institute\/en\/complex-spine-institute\/en\/complex-spine-institute\/en\/complex-spine-institute\/en\/request-evaluation\/\">Schedule a consultation for a personalized assessment<strong>.<\/strong><\/a><\/p>\t\t\t\t\t\t\t\t<\/div>\n\t\t\t\t<\/div>\n\t\t\t\t\t<\/div>\n\t\t\t\t<\/div>\n\t\t<div class=\"elementor-element elementor-element-6dbf6f11 e-flex e-con-boxed e-con e-parent\" data-id=\"6dbf6f11\" data-element_type=\"container\" data-e-type=\"container\">\n\t\t\t\t\t<div class=\"e-con-inner\">\n\t\t\t\t<div class=\"elementor-element elementor-element-5c45b658 elementor-widget elementor-widget-text-editor\" data-id=\"5c45b658\" data-element_type=\"widget\" data-e-type=\"widget\" data-widget_type=\"text-editor.default\">\n\t\t\t\t<div class=\"elementor-widget-container\">\n\t\t\t\t\t\t\t\t\t<aside class=\"author-signature\" role=\"doc-credits\"><address>Reviewed and approved by <strong>Dr. Vicen\u00e7 Gilete, MD<\/strong>, Neurosurgeon, and <strong>Dr.\u00a0Augusto Covaro, MD<\/strong>, Orthopedic Surgeon<\/address><address>Complex\u00a0Spine\u00a0Institute \u00b7 Barcelona | <time datetime=\"2025-04-17\">April 18, 2025<\/time><\/address><address><a href=\"https:\/\/complexspineinstitute.com\/en\/complex-spine-institute\/en\/complex-spine-institute\/en\/complex-spine-institute\/en\/complex-spine-institute\/en\/complex-spine-institute\/en\/complex-spine-institute\/en\/complex-spine-institute\/en\/institute\/#medical_team\" rel=\"author\">See biographies and publications<\/a><\/address><\/aside>\t\t\t\t\t\t\t\t<\/div>\n\t\t\t\t<\/div>\n\t\t\t\t\t<\/div>\n\t\t\t\t<\/div>\n\t\t\t\t<\/div>\n\t\t","protected":false},"excerpt":{"rendered":"<p>Minimally Invasive Spine Surgery Techniques What Are Minimally Invasive Techniques? Minimally invasive techniques are surgical procedures that use small incisions and advanced technology to treat spinal conditions with high precision, significantly reducing the impact on the patient. &#8220;I&#8217;ve consistently seen a significant reduction in postoperative pain and faster recovery in my patients, especially when using [&hellip;]<\/p>\n","protected":false},"author":1,"featured_media":419,"parent":1431,"menu_order":0,"comment_status":"closed","ping_status":"closed","template":"","meta":{"footnotes":""},"class_list":["post-1486","page","type-page","status-publish","has-post-thumbnail","hentry"],"_links":{"self":[{"href":"https:\/\/complexspineinstitute.com\/en\/wp-json\/wp\/v2\/pages\/1486","targetHints":{"allow":["GET"]}}],"collection":[{"href":"https:\/\/complexspineinstitute.com\/en\/wp-json\/wp\/v2\/pages"}],"about":[{"href":"https:\/\/complexspineinstitute.com\/en\/wp-json\/wp\/v2\/types\/page"}],"author":[{"embeddable":true,"href":"https:\/\/complexspineinstitute.com\/en\/wp-json\/wp\/v2\/users\/1"}],"replies":[{"embeddable":true,"href":"https:\/\/complexspineinstitute.com\/en\/wp-json\/wp\/v2\/comments?post=1486"}],"version-history":[{"count":0,"href":"https:\/\/complexspineinstitute.com\/en\/wp-json\/wp\/v2\/pages\/1486\/revisions"}],"up":[{"embeddable":true,"href":"https:\/\/complexspineinstitute.com\/en\/wp-json\/wp\/v2\/pages\/1431"}],"wp:featuredmedia":[{"embeddable":true,"href":"https:\/\/complexspineinstitute.com\/en\/wp-json\/wp\/v2\/media\/419"}],"wp:attachment":[{"href":"https:\/\/complexspineinstitute.com\/en\/wp-json\/wp\/v2\/media?parent=1486"}],"curies":[{"name":"wp","href":"https:\/\/api.w.org\/{rel}","templated":true}]}}