{"id":456,"date":"2025-04-17T12:00:25","date_gmt":"2025-04-17T10:00:25","guid":{"rendered":"https:\/\/complexspineinstitute.com\/rechtliche-hinweise\/"},"modified":"2025-04-22T19:49:14","modified_gmt":"2025-04-22T17:49:14","slug":"rechtliche-hinweise","status":"publish","type":"page","link":"https:\/\/complexspineinstitute.com\/de\/rechtliche-hinweise\/","title":{"rendered":"Rechtliche Hinweise"},"content":{"rendered":"\t\t<div data-elementor-type=\"wp-page\" data-elementor-id=\"456\" class=\"elementor elementor-456 elementor-358\" data-elementor-post-type=\"page\">\n\t\t\t\t<div class=\"elementor-element elementor-element-27db9f6 e-flex e-con-boxed e-con e-parent\" data-id=\"27db9f6\" data-element_type=\"container\" data-e-type=\"container\">\n\t\t\t\t\t<div class=\"e-con-inner\">\n\t\t\t\t<div class=\"elementor-element elementor-element-90f986f elementor-widget elementor-widget-heading\" data-id=\"90f986f\" data-element_type=\"widget\" data-e-type=\"widget\" data-widget_type=\"heading.default\">\n\t\t\t\t<div class=\"elementor-widget-container\">\n\t\t\t\t\t<h2 class=\"elementor-heading-title elementor-size-default\">Rechtliche Hinweise<\/h2>\t\t\t\t<\/div>\n\t\t\t\t<\/div>\n\t\t\t\t\t<\/div>\n\t\t\t\t<\/div>\n\t\t<div class=\"elementor-element elementor-element-ebe6b04 e-flex e-con-boxed e-con e-parent\" data-id=\"ebe6b04\" data-element_type=\"container\" data-e-type=\"container\">\n\t\t\t\t\t<div class=\"e-con-inner\">\n\t\t\t\t<div class=\"elementor-element elementor-element-4e660bf elementor-widget elementor-widget-text-editor\" data-id=\"4e660bf\" data-element_type=\"widget\" data-e-type=\"widget\" data-widget_type=\"text-editor.default\">\n\t\t\t\t<div class=\"elementor-widget-container\">\n\t\t\t\t\t\t\t\t\t<p><strong>RECHTSHINWEIS UND NUTZUNGSBEDINGUNGEN DER WEBSITE<\/strong><\/p>\n<p>Zur Erf\u00fcllung von Artikel&nbsp;10 des Gesetzes&nbsp;34\/2002 \u00fcber Dienste der Informationsgesellschaft und elektronischen Gesch\u00e4ftsverkehr informieren wir die Nutzer \u00fcber folgende Daten:&nbsp;<\/p>\n<p>Firmenname:&nbsp;PromoHealth&nbsp;S.L.<br>Gesch\u00e4ftsanschrift:&nbsp;c\/&nbsp;Independencia&nbsp;384-386, entl.&nbsp;08041 Barcelona<br>Steuernummer:&nbsp;B64996663<br>Telefon:&nbsp;+34&nbsp;93&nbsp;220&nbsp;28&nbsp;09<br>E\u2011Mail:&nbsp;info@complexspineinstitue.com<br>Website:&nbsp;complexspineinstitute.com<\/p>\n<p><strong>1. Vertragsgegenstand<\/strong><br>PromoHealth&nbsp;S.L. (nachfolgend, der Anbieter) stellt als Verantwortlicher der Website dieses Dokument den Nutzern zur Verf\u00fcgung, das die Nutzung von <strong>complexspineinstitute.com<\/strong> regelt, um den Pflichten aus dem Gesetz&nbsp;34\/2002 \u00fcber Dienste der Informationsgesellschaft und elektronischen Gesch\u00e4ftsverkehr (LSSICE oder LSSI) nachzukommen und die Nutzungsbedingungen der Website bekannt zu geben.<\/p>\n<p>\u00dcber die Website bietet <strong>complexspineinstitute.com<\/strong> den Nutzern Zugang zu verschiedenen Diensten und Inhalten.<\/p>\n<p>Jede Person, die auf diese Website zugreift, gilt als Nutzer und akzeptiert vollumf\u00e4nglich alle Bestimmungen dieses Rechts hinweises sowie aller sonstigen geltenden Vorschriften.<\/p>\n<p>Als Nutzer musst du diese Hinweise bei jedem Zugriff lesen, da sie ge\u00e4ndert werden k\u00f6nnen. Der Anbieter beh\u00e4lt sich das Recht vor, Informationen ohne vorherige Ank\u00fcndigung zu \u00e4ndern; die Ver\u00f6ffentlichung auf der Website ist hierf\u00fcr ausreichend.<\/p>\n<p><strong>2. ZUGANGS- UND NUTZUNGSBEDINGUNGEN<\/strong><\/p>\n<p><strong>2.1. Kostenloser Zugang und Nutzung.<\/strong><br>Die Dienste von <strong>PromoHealth&nbsp;S.L.<\/strong> sind f\u00fcr alle Nutzer kostenlos. Einige Leistungen k\u00f6nnen jedoch kostenpflichtig sein.<\/p>\n<p><strong>2.2. Nutzerregistrierung.<\/strong><br>Grunds\u00e4tzlich ist keine Voraus\u00adregistrierung erforderlich. Dennoch kann der Anbieter bestimmte Dienste an die Registrierung \u00fcber ein Formular kn\u00fcpfen.<\/p>\n<p><strong>2.3. Richtigkeit der Angaben.<\/strong><br>Alle vom Nutzer gemachten Angaben m\u00fcssen wahr und vollst\u00e4ndig sein. Der Nutzer garantiert deren Richtigkeit und tr\u00e4gt die Verantwortung f\u00fcr falsche oder unrichtige Angaben.<\/p>\n<p><strong>2.4. Minderj\u00e4hrige.<\/strong><br>Minderj\u00e4hrige ben\u00f6tigen die Zustimmung ihrer Eltern, Erziehungsberechtigten oder gesetzlichen Vertreter, die f\u00fcr deren Handlungen haften. Au\u00dferdem sollten sie Filtermechanismen einrichten, um den Zugriff auf ungeeignete Inhalte zu begrenzen.<\/p>\n<p><strong>2.5. Verpflichtung zur ordnungsgem\u00e4\u00dfen Nutzung.<\/strong><br>Der Nutzer verpflichtet sich, die Website gesetzeskonform, moralisch und ohne Versto\u00df gegen \u00f6ffentliche Ordnung zu nutzen und keine rechtswidrigen, diskriminierenden, verleumderischen, sch\u00e4dlichen oder irref\u00fchrenden Inhalte zu verbreiten.<\/p>\n<p><strong>3. HAFTUNGSAUSSCHLUSS<\/strong><br>Der Anbieter haftet nicht f\u00fcr von Dritten manipulierte Inhalte. Obwohl die Website 24\/7 verf\u00fcgbar sein soll, kann eine durchgehende Erreichbarkeit nicht garantiert werden und keine Haftung f\u00fcr Ausf\u00e4lle \u00fcbernommen werden.<\/p>\n<p><strong>4. COOKIES<\/strong><br>Die Website kann tempor\u00e4re Cookies zur Verbesserung der Navigation einsetzen. Diese dienen nicht der Erfassung pers\u00f6nlicher Daten.<\/p>\n<p><strong>5. LINKS<\/strong><br>Die Website kann Links zu Inhalten Dritter enthalten, f\u00fcr die der Anbieter nicht haftet. Unrechtm\u00e4\u00dfige oder unangemessene Inhalte werden umgehend entfernt und die Zusammenarbeit mit Beh\u00f6rden erfolgt.<\/p>\n<p><strong>6. SCHUTZ PERSONENBEZOGENER DATEN<\/strong><br>Der Anbieter entspricht der EU\u2011Verordnung&nbsp;2016\/679 (DSGVO) und spanischen Datenschutzgesetzen. Details in unserer Datenschutzrichtlinie.<\/p>\n<p><strong>7. SOZIALE NETZWERKE<\/strong><br><strong>PromoHealth&nbsp;S.L.<\/strong> kann in sozialen Netzwerken pr\u00e4sent sein. Die Datenverarbeitung unterliegt diesem Hinweis und den jeweiligen Richtlinien der Plattformen.<\/p>\n<p><strong>8. GEISTIGES EIGENTUM<\/strong><br>Alle Elemente der Website (Code, Design, Logos, Texte, Bilder) sind Eigentum des Anbieters oder lizenzierter Dritter und durch Urheber\u2011 und gewerblichen Rechtsschutz gesch\u00fctzt.<\/p>\n<p><strong>9. ANWENDBARES RECHT UND GERICHTSSTAND<\/strong><br>Streitigkeiten unterliegen spanischem Recht und werden vor den Gerichten in Barcelona verhandelt.<\/p>\n<p><strong>10. KONTAKTKLAUSEL<\/strong><br>Ihre Mitteilungen werden in einer Datei verarbeitet, f\u00fcr die <strong>PromoHealth&nbsp;S.L.<\/strong> verantwortlich ist, und ausschlie\u00dflich zur Bearbeitung Ihrer Anfrage gem\u00e4\u00df DSGVO, LOPD und deren Ausf\u00fchrung verwendet. Daten werden nur bei gesetzlicher Verpflichtung weitergegeben und bis zu Ihrer L\u00f6schungsanfrage aufbewahrt.<\/p>\n<p>Sie k\u00f6nnen Ihre Rechte auf Auskunft, Berichtigung, Daten\u00fcbertragbarkeit, L\u00f6schung, Einschr\u00e4nkung und Widerspruch geltend machen unter <strong>C\/&nbsp;Vilana,&nbsp;12, 08022 Barcelona<\/strong> oder per E\u2011Mail an <strong>info@complexspineinstitute.com<\/strong>.<\/p>\t\t\t\t\t\t\t\t<\/div>\n\t\t\t\t<\/div>\n\t\t\t\t\t<\/div>\n\t\t\t\t<\/div>\n\t\t\t\t<\/div>\n\t\t","protected":false},"excerpt":{"rendered":"<p>Rechtliche Hinweise RECHTSHINWEIS UND NUTZUNGSBEDINGUNGEN DER WEBSITE Zur Erf\u00fcllung von Artikel&nbsp;10 des Gesetzes&nbsp;34\/2002 \u00fcber Dienste der Informationsgesellschaft und elektronischen Gesch\u00e4ftsverkehr informieren wir die Nutzer \u00fcber folgende Daten:&nbsp; Firmenname:&nbsp;PromoHealth&nbsp;S.L.Gesch\u00e4ftsanschrift:&nbsp;c\/&nbsp;Independencia&nbsp;384-386, entl.&nbsp;08041 BarcelonaSteuernummer:&nbsp;B64996663Telefon:&nbsp;+34&nbsp;93&nbsp;220&nbsp;28&nbsp;09E\u2011Mail:&nbsp;info@complexspineinstitue.comWebsite:&nbsp;complexspineinstitute.com 1. VertragsgegenstandPromoHealth&nbsp;S.L. (nachfolgend, der Anbieter) stellt als Verantwortlicher der Website dieses Dokument den Nutzern zur Verf\u00fcgung, das die Nutzung von complexspineinstitute.com regelt, um den Pflichten [&hellip;]<\/p>\n","protected":false},"author":1,"featured_media":0,"parent":0,"menu_order":0,"comment_status":"closed","ping_status":"closed","template":"","meta":{"footnotes":""},"class_list":["post-456","page","type-page","status-publish","hentry"],"_links":{"self":[{"href":"https:\/\/complexspineinstitute.com\/de\/wp-json\/wp\/v2\/pages\/456","targetHints":{"allow":["GET"]}}],"collection":[{"href":"https:\/\/complexspineinstitute.com\/de\/wp-json\/wp\/v2\/pages"}],"about":[{"href":"https:\/\/complexspineinstitute.com\/de\/wp-json\/wp\/v2\/types\/page"}],"author":[{"embeddable":true,"href":"https:\/\/complexspineinstitute.com\/de\/wp-json\/wp\/v2\/users\/1"}],"replies":[{"embeddable":true,"href":"https:\/\/complexspineinstitute.com\/de\/wp-json\/wp\/v2\/comments?post=456"}],"version-history":[{"count":0,"href":"https:\/\/complexspineinstitute.com\/de\/wp-json\/wp\/v2\/pages\/456\/revisions"}],"wp:attachment":[{"href":"https:\/\/complexspineinstitute.com\/de\/wp-json\/wp\/v2\/media?parent=456"}],"curies":[{"name":"wp","href":"https:\/\/api.w.org\/{rel}","templated":true}]}}