{"id":4019,"date":"2025-04-17T12:00:17","date_gmt":"2025-04-17T10:00:17","guid":{"rendered":"https:\/\/complexspineinstitute.com\/terms-and-conditions\/"},"modified":"2025-04-22T19:27:08","modified_gmt":"2025-04-22T17:27:08","slug":"allgemeine-geschaftsbedingungen","status":"publish","type":"page","link":"https:\/\/complexspineinstitute.com\/de\/allgemeine-geschaftsbedingungen\/","title":{"rendered":"Allgemeine Gesch\u00e4ftsbedingungen"},"content":{"rendered":"\t\t<div data-elementor-type=\"wp-page\" data-elementor-id=\"4019\" class=\"elementor elementor-4019 elementor-4007\" data-elementor-post-type=\"page\">\n\t\t\t\t<div class=\"elementor-element elementor-element-9ee28f6 e-flex e-con-boxed e-con e-parent\" data-id=\"9ee28f6\" data-element_type=\"container\" data-e-type=\"container\">\n\t\t\t\t\t<div class=\"e-con-inner\">\n\t\t\t\t<div class=\"elementor-element elementor-element-c1f7097 elementor-widget elementor-widget-heading\" data-id=\"c1f7097\" data-element_type=\"widget\" data-e-type=\"widget\" data-widget_type=\"heading.default\">\n\t\t\t\t<div class=\"elementor-widget-container\">\n\t\t\t\t\t<h2 class=\"elementor-heading-title elementor-size-default\">Allgemeine Gesch\u00e4ftsbedingungen<\/h2>\t\t\t\t<\/div>\n\t\t\t\t<\/div>\n\t\t\t\t\t<\/div>\n\t\t\t\t<\/div>\n\t\t<div class=\"elementor-element elementor-element-d9e2c84 e-flex e-con-boxed e-con e-parent\" data-id=\"d9e2c84\" data-element_type=\"container\" data-e-type=\"container\">\n\t\t\t\t\t<div class=\"e-con-inner\">\n\t\t\t\t<div class=\"elementor-element elementor-element-4bd2bd7 elementor-widget elementor-widget-text-editor\" data-id=\"4bd2bd7\" data-element_type=\"widget\" data-e-type=\"widget\" data-widget_type=\"text-editor.default\">\n\t\t\t\t<div class=\"elementor-widget-container\">\n\t\t\t\t\t\t\t\t\t<p>Willkommen auf der Website von Complex Spine Institut. Wenn Sie diese Website weiterhin nutzen, stimmen Sie den folgenden Nutzungsbedingungen zu, die zusammen mit unserer Datenschutzerkl\u00e4rung das Verh\u00e4ltnis zwischen Ihnen und Complex Spine Institut in Bezug auf diese Website regeln.<\/p>\n<p>Die Begriffe \u201cComplex Spine Institut\u201d, \u201cwir\u201d oder \u201cuns\u201d beziehen sich auf Complex Spine Institut, Inhaber der Website mit eingetragenem Sitz in Independ\u00e8ncia&nbsp;384, of.&nbsp;1 (E-08041 Barcelona, Spanien). \u201cSie\u201d bezeichnet den Nutzer oder Betrachter unserer Website.<\/p>\n<p>Die Nutzung dieser Website unterliegt folgenden Bedingungen:<\/p>\n<ul>\n<li>Der Inhalt der Seiten dieser Website dient lediglich Ihrer allgemeinen Information und \u00f6ffentlichen Nutzung. Er kann ohne Ank\u00fcndigung ge\u00e4ndert werden.<\/li>\n<li>Weder wir noch Dritte geben Gew\u00e4hr f\u00fcr die Genauigkeit, Aktualit\u00e4t, Leistung, Vollst\u00e4ndigkeit oder Eignung der auf dieser Website enthaltenen oder angebotenen Informationen f\u00fcr einen bestimmten Zweck. Sie erkennen an, dass solche Informationen Ungenauigkeiten oder Fehler enthalten k\u00f6nnen, und wir schlie\u00dfen jegliche Haftung in gesetzlich zul\u00e4ssigem Umfang aus.<\/li>\n<li>Ihre Nutzung der Informationen oder Materialien auf dieser Website erfolgt auf eigenes Risiko; wir haften nicht daf\u00fcr. Es liegt in Ihrer Verantwortung, sicherzustellen, dass Produkte, Dienstleistungen oder Informationen Ihren Anforderungen entsprechen.<\/li>\n<li>Die auf dieser Website bereitgestellten Informationen dienen der allgemeinen medizinischen Kenntnis und k\u00f6nnen ohne Vorank\u00fcndigung ge\u00e4ndert werden. Complex Spine Institut garantiert nicht deren Vollst\u00e4ndigkeit oder Genauigkeit und haftet nicht f\u00fcr daraus resultierende Ma\u00dfnahmen. Medizinische Ratschl\u00e4ge werden nur von qualifizierten Fachkr\u00e4ften gegeben, sofern nicht ausdr\u00fccklich anders angegeben.<\/li>\n<li>Allgemeine Informationen sind kein Ersatz f\u00fcr spezifische medizinische Beratung und ersetzen keine Konsultation oder Untersuchung. Ein qualifizierter Arzt bestimmt das am besten geeignete Verfahren.<\/li>\n<li>Sie verpflichten sich, Complex Spine Institut, seine Direktoren, Mitarbeiter, Tochtergesellschaften, Agenten und Partner von allen Anspr\u00fcchen freizustellen. Dieses Abkommen unterliegt spanischem Recht.<\/li>\n<li>Diese Website enth\u00e4lt Material, das uns oder Lizenzgebern geh\u00f6rt, einschlie\u00dflich Design, Layout, Erscheinungsbild und Grafiken. Vervielf\u00e4ltigung ist nur gem\u00e4\u00df dem im Urheberrechtshinweis enthaltenen Copyright erlaubt.<\/li>\n<li>Alle auf dieser Website wiedergegebenen Marken, die nicht Eigentum des Betreibers sind, werden anerkannt.<\/li>\n<li>Unbefugte Nutzung dieser Website kann Schadensersatzanspr\u00fcche und\/oder strafrechtliche Konsequenzen nach sich ziehen.<\/li>\n<li>Gelegentlich kann diese Website Links zu anderen Websites enthalten; diese dienen nur Ihrer Bequemlichkeit und stellen keine Billigung dar. Daf\u00fcr \u00fcbernehmen wir keine Verantwortung.<\/li>\n<li>Ihre Nutzung dieser Website und alle daraus resultierenden Streitigkeiten unterliegen den <a href=\"http:\/\/www.boe.es\/boe\/dias\/1999\/12\/14\/pdfs\/A43088-43099.pdf\" target=\"_blank\" rel=\"noopener\">spanischen Gesetzen<\/a>.<\/li>\n<li>Die Website von Complex Spine Institut akzeptiert keine Werbung und hostet keine Anzeigen.<\/li>\n<li>Wir verwenden Google Analytics zur Analyse des Website-Verkehrs und zur Verbesserung unserer Inhalte. Es werden keine personenbezogenen Daten erhoben. Weitere Informationen: <a href=\"https:\/\/support.google.com\/analytics\/answer\/6004245?hl=en\" target=\"_blank\" rel=\"noopener\">https:\/\/support.google.com\/analytics\/answer\/6004245?hl=en<\/a><\/li>\n<li>Die .com\u2011Domain geh\u00f6rt vollst\u00e4ndig zu Complex Spine Institut und wird von ihm finanziert. Complex Spine Institut hat keine relevanten Interessenkonflikte.<\/li>\n<\/ul><div><br><\/div>\n<h3>Datenschutz<\/h3>\n<p>Complex Spine Institut gew\u00e4hrleistet die Einhaltung der EU-Datenschutzrichtlinie&nbsp;95\/46\/EG und des spanischen Datenschutzgesetzes&nbsp;15\/1999. Der Nutzer stimmt der Aufnahme seiner Daten in automatisierte Dateien von Complex Spine Institut zu. Die Vertraulichkeit wird gem\u00e4\u00df den geltenden gesetzlichen Anforderungen gewahrt.<\/p>\n<p>Complex Spine Institut behandelt alle direkt \u00fcbermittelten pers\u00f6nlichen Daten vertraulich. Technische Mitarbeiter von Complex Spine Institut erhalten Zugriff auf diese Daten, und wenn Sie medizinische Berichte oder Bilder senden, autorisieren Sie deren Pr\u00fcfung durch einen Arzt. Sie k\u00f6nnen Ihre Rechte auf Auskunft, Berichtigung, L\u00f6schung und Widerspruch per E\u2011Mail an info@complexspineinstitute.com oder per Post an Independ\u00e8ncia&nbsp;384, Entlo&nbsp;D1, 08041&nbsp;Barcelona, Spanien geltend machen.<\/p>\n<p>Der Nutzer erkl\u00e4rt sich damit einverstanden, dass Complex Spine Institut oder die genannten Gesellschaften ihm Informationen zu Waren und Dienstleistungen zusenden d\u00fcrfen. Diese Zustimmung ist gem\u00e4\u00df den Artikeln&nbsp;6 und&nbsp;11 des spanischen Datenschutzgesetzes&nbsp;15\/1999 jederzeit widerrufbar.<\/p>\t\t\t\t\t\t\t\t<\/div>\n\t\t\t\t<\/div>\n\t\t\t\t\t<\/div>\n\t\t\t\t<\/div>\n\t\t\t\t<\/div>\n\t\t","protected":false},"excerpt":{"rendered":"<p>Allgemeine Gesch\u00e4ftsbedingungen Willkommen auf der Website von Complex Spine Institut. Wenn Sie diese Website weiterhin nutzen, stimmen Sie den folgenden Nutzungsbedingungen zu, die zusammen mit unserer Datenschutzerkl\u00e4rung das Verh\u00e4ltnis zwischen Ihnen und Complex Spine Institut in Bezug auf diese Website regeln. Die Begriffe \u201cComplex Spine Institut\u201d, \u201cwir\u201d oder \u201cuns\u201d beziehen sich auf Complex Spine Institut, [&hellip;]<\/p>\n","protected":false},"author":1,"featured_media":0,"parent":0,"menu_order":0,"comment_status":"closed","ping_status":"closed","template":"","meta":{"footnotes":""},"class_list":["post-4019","page","type-page","status-publish","hentry"],"_links":{"self":[{"href":"https:\/\/complexspineinstitute.com\/de\/wp-json\/wp\/v2\/pages\/4019","targetHints":{"allow":["GET"]}}],"collection":[{"href":"https:\/\/complexspineinstitute.com\/de\/wp-json\/wp\/v2\/pages"}],"about":[{"href":"https:\/\/complexspineinstitute.com\/de\/wp-json\/wp\/v2\/types\/page"}],"author":[{"embeddable":true,"href":"https:\/\/complexspineinstitute.com\/de\/wp-json\/wp\/v2\/users\/1"}],"replies":[{"embeddable":true,"href":"https:\/\/complexspineinstitute.com\/de\/wp-json\/wp\/v2\/comments?post=4019"}],"version-history":[{"count":0,"href":"https:\/\/complexspineinstitute.com\/de\/wp-json\/wp\/v2\/pages\/4019\/revisions"}],"wp:attachment":[{"href":"https:\/\/complexspineinstitute.com\/de\/wp-json\/wp\/v2\/media?parent=4019"}],"curies":[{"name":"wp","href":"https:\/\/api.w.org\/{rel}","templated":true}]}}