{"id":2335,"date":"2025-04-17T12:00:32","date_gmt":"2025-04-17T10:00:32","guid":{"rendered":"https:\/\/complexspineinstitute.com\/testimonios\/"},"modified":"2025-04-22T18:24:59","modified_gmt":"2025-04-22T16:24:59","slug":"erfahrungsberichte","status":"publish","type":"page","link":"https:\/\/complexspineinstitute.com\/de\/erfahrungsberichte\/","title":{"rendered":"Erfahrungsberichte"},"content":{"rendered":"\t\t<div data-elementor-type=\"wp-page\" data-elementor-id=\"2335\" class=\"elementor elementor-2335 elementor-1947\" data-elementor-post-type=\"page\">\n\t\t\t\t<div class=\"elementor-element elementor-element-232de56 e-flex e-con-boxed e-con e-parent\" data-id=\"232de56\" data-element_type=\"container\" data-e-type=\"container\">\n\t\t\t\t\t<div class=\"e-con-inner\">\n\t\t\t\t<div class=\"elementor-element elementor-element-a020594 elementor-widget elementor-widget-heading\" data-id=\"a020594\" data-element_type=\"widget\" data-e-type=\"widget\" data-widget_type=\"heading.default\">\n\t\t\t\t<div class=\"elementor-widget-container\">\n\t\t\t\t\t<h1 class=\"elementor-heading-title elementor-size-default\">Erfahrungsberichte<\/h1>\t\t\t\t<\/div>\n\t\t\t\t<\/div>\n\t\t\t\t<div class=\"elementor-element elementor-element-d77e2fd elementor-widget elementor-widget-heading\" data-id=\"d77e2fd\" data-element_type=\"widget\" data-e-type=\"widget\" data-widget_type=\"heading.default\">\n\t\t\t\t<div class=\"elementor-widget-container\">\n\t\t\t\t\t<h2 class=\"elementor-heading-title elementor-size-default\">Echte Geschichten, messbare Ergebnisse<\/h2>\t\t\t\t<\/div>\n\t\t\t\t<\/div>\n\t\t\t\t\t<\/div>\n\t\t\t\t<\/div>\n\t\t<div class=\"elementor-element elementor-element-e5c65d0 e-flex e-con-boxed e-con e-parent\" data-id=\"e5c65d0\" data-element_type=\"container\" data-e-type=\"container\">\n\t\t\t\t\t<div class=\"e-con-inner\">\n\t\t\t\t<div class=\"elementor-element elementor-element-6f80510 elementor-widget elementor-widget-text-editor\" data-id=\"6f80510\" data-element_type=\"widget\" data-e-type=\"widget\" data-widget_type=\"text-editor.default\">\n\t\t\t\t<div class=\"elementor-widget-container\">\n\t\t\t\t\t\t\t\t\t<p>Nichts erkl\u00e4rt unsere Arbeit besser als die Erfahrungen derjenigen, die wieder schmerzfrei leben. Auf dieser Seite versammeln wir <strong>verifizierte Erfahrungsberichte<\/strong> von lokalen und internationalen Patienten, die mit Bandscheibenvorf\u00e4llen, kraniokervikaler Instabilit\u00e4t, gescheiterten Operationen oder anderen komplexen Erkrankungen ins Complex Spine Institute kamen und heute eine erneuerte Lebensqualit\u00e4t genie\u00dfen.<\/p><p>Jeder Bericht spiegelt die S\u00e4ulen wider, die unsere Methode definieren\u2014minimalinvasive Chirurgie, modernste Technologie und multidisziplin\u00e4re Begleitung\u2014and best\u00e4tigt die Kennzahlen, die wir kontinuierlich messen\u00a0: <strong>92\u00a0% signifikante Schmerzlinderung und unter 1\u00a0% Wiederoperationsrate<\/strong>.<\/p><p>Wir laden Sie ein, diese Geschichten zu lesen\u2014Videos, schriftliche Bewertungen und Audio\u2011Aufnahmen\u2014to erleben, wie ein individualisierter Behandlungsplan, untermauert durch die Expertise von Dr.\u00a0Gilete und Dr.\u00a0Covaro, die Prognose bei den herausforderndsten Wirbels\u00e4ulenerkrankungen ver\u00e4ndern kann.\u00a0<\/p>\t\t\t\t\t\t\t\t<\/div>\n\t\t\t\t<\/div>\n\t\t\t\t\t<\/div>\n\t\t\t\t<\/div>\n\t\t<div class=\"elementor-element elementor-element-19501a6 e-flex e-con-boxed e-con e-parent\" data-id=\"19501a6\" data-element_type=\"container\" data-e-type=\"container\">\n\t\t\t\t\t<div class=\"e-con-inner\">\n\t\t\t\t<div class=\"elementor-element elementor-element-b4bce50 elementor-widget elementor-widget-text-editor\" data-id=\"b4bce50\" data-element_type=\"widget\" data-e-type=\"widget\" data-widget_type=\"text-editor.default\">\n\t\t\t\t<div class=\"elementor-widget-container\">\n\t\t\t\t\t\t\t\t\t<p style=\"text-align: center;\"><i>\u201eEs sind nun drei Monate seit meiner Operation vergangen. Ich bin so dankbar f\u00fcr meinen Chirurgen und das medizinische Team dort. Bei jedem Schritt standen sie uns bei. Zwei N\u00e4chte vor der Operation hatte ich noch weitere Fragen dazu und ohne dass wir es wussten, war Dr. Gilete bereits 45 Minuten nach Hause gefahren. Nachdem er erfuhr, dass wir Fragen hatten, kam er zur\u00fcck und verbrachte eine Stunde damit, unsere Fragen und die Scans durchzugehen. Er wollte, dass wir alles wissen, um uns sicher zu f\u00fchlen. Zwei Tage zuvor hatten er und der andere Neurochirurg ZWEI Stunden damit verbracht, alle meine Scans der letzten neun Monate bis zu den neuen durchzuarbeiten und uns den genauen OP\u2011Plan gezeigt. Der Kontakt zu ihnen ist ein Kinderspiel. Sie beantworten Fragen schnell und sind vollst\u00e4ndig zur Familie geworden. Passt auf, Teknon \u2013 ihr erhaltet jedes Jahr eine Weihnachtskarte!\u201c<\/i><strong>\u00a0\u2013\u00a0Brooke, USA<\/strong><\/p>\n\n\n\n\n\n\n\n\t\t\t\t\t\t\t\t<\/div>\n\t\t\t\t<\/div>\n\t\t\t\t\t<\/div>\n\t\t\t\t<\/div>\n\t\t<div class=\"elementor-element elementor-element-22eef94 e-flex e-con-boxed e-con e-parent\" data-id=\"22eef94\" data-element_type=\"container\" data-e-type=\"container\">\n\t\t\t\t\t<div class=\"e-con-inner\">\n\t\t\t\t<div class=\"elementor-element elementor-element-5d1de14 elementor-widget elementor-widget-text-editor\" data-id=\"5d1de14\" data-element_type=\"widget\" data-e-type=\"widget\" data-widget_type=\"text-editor.default\">\n\t\t\t\t<div class=\"elementor-widget-container\">\n\t\t\t\t\t\t\t\t\t<p style=\"text-align: center;\"><i>\u201eNachdem wir verschiedene Spezialisten aufgesucht hatten, um eine gute Diagnose zu erhalten\u2014nach \u00fcber einem Monat, in dem er nicht sitzen konnte und entz\u00fcndungshemmende Mittel sowie Schmerzmittel einnahm\u2014gingen wir in die Praxis von Dr.\u00a0Covaro. Dr.\u00a0Covaro wertete die vorgelegten Bildgebungen aus, stellte eine klare und pr\u00e4zise Diagnose (Bandscheibenvorfall L3\u2013L4), f\u00fchrte einen meisterhaften chirurgischen Eingriff durch und erm\u00f6glichte eine gute und schnelle Genesung. Mein Vater, im fortgeschrittenen Alter, gewann in wenigen Stunden die Lebensqualit\u00e4t zur\u00fcck, von der er dachte, sie nie wiederzuerlangen. Ein gro\u00dfartiger Profi. Man kann nichts Besseres verlangen. Vielen Dank, Herr Doktor, f\u00fcr die hervorragende Arbeit und Betreuung durch Sie und Ihr Team!\u201c<\/i><strong>\u00a0\u2013\u00a0Pere\u00a0FG,<\/strong><b>\u00a0Spanien<\/b><\/p>\t\t\t\t\t\t\t\t<\/div>\n\t\t\t\t<\/div>\n\t\t\t\t\t<\/div>\n\t\t\t\t<\/div>\n\t\t<div class=\"elementor-element elementor-element-02ea5b6 e-flex e-con-boxed e-con e-parent\" data-id=\"02ea5b6\" data-element_type=\"container\" data-e-type=\"container\">\n\t\t\t\t\t<div class=\"e-con-inner\">\n\t\t\t\t<div class=\"elementor-element elementor-element-0139df4 elementor-widget elementor-widget-text-editor\" data-id=\"0139df4\" data-element_type=\"widget\" data-e-type=\"widget\" data-widget_type=\"text-editor.default\">\n\t\t\t\t<div class=\"elementor-widget-container\">\n\t\t\t\t\t\t\t\t\t<p style=\"text-align: center;\"><i>\u201eEs steht au\u00dfer Frage, dass die Operation die beste Entscheidung war, die ich je h\u00e4tte treffen k\u00f6nnen! Ich bin unglaublich\u2014mehr als Worte ausdr\u00fccken k\u00f6nnen\u2014dankbar f\u00fcr alle, die in Barcelona daran beteiligt waren. Es ist ein tolles Gef\u00fchl, viel weniger Schmerzen zu haben und aktiver sein zu k\u00f6nnen\u2014etwas, das ich fast zehn Jahre lang nicht erleben konnte. Da mein Partner und ich schon so lange zusammen sind, konnten wir es kaum erwarten, eine kleine Hochzeitszeremonie zu planen, um diesen Neuanfang zu feiern. Auch wenn ich nicht sicher wusste, ob ich es schaffen w\u00fcrde, hatten wir viel Hilfe und Gl\u00fcck, und f\u00fcnf Monate nach der Operation haben wir es geschafft! Ohne euch alle w\u00e4re das nicht m\u00f6glich gewesen.\u201c<\/i><strong>\u00a0\u2013\u00a0Katarina, Schweden<\/strong><\/p>\t\t\t\t\t\t\t\t<\/div>\n\t\t\t\t<\/div>\n\t\t\t\t\t<\/div>\n\t\t\t\t<\/div>\n\t\t<div class=\"elementor-element elementor-element-4efbc6f e-flex e-con-boxed e-con e-parent\" data-id=\"4efbc6f\" data-element_type=\"container\" data-e-type=\"container\">\n\t\t\t\t\t<div class=\"e-con-inner\">\n\t\t\t\t<div class=\"elementor-element elementor-element-0c7439c elementor-widget elementor-widget-text-editor\" data-id=\"0c7439c\" data-element_type=\"widget\" data-e-type=\"widget\" data-widget_type=\"text-editor.default\">\n\t\t\t\t<div class=\"elementor-widget-container\">\n\t\t\t\t\t\t\t\t\t<p style=\"text-align: center;\"><i>\u201eIch habe nur Worte des Dankes f\u00fcr Dr.\u00a0Covaro\u00a0; er operierte meine Mutter, die seit Jahren an einem R\u00fcckenproblem gelitten hatte (Kompression des Nervs im Wirbelkanal). In den letzten zwei Jahren hatte sich ihre Lebensqualit\u00e4t verschlechtert, da es f\u00fcr sie immer schwieriger wurde, zu laufen, ohne sich st\u00e4ndig hinsetzen zu m\u00fcssen\u00a0\u2013 so sehr, dass sie kaum noch das Haus verlie\u00df\u00a0\u2013 bis sie auf Dr.\u00a0Covaro stie\u00df, der sie innerhalb von zwei Wochen operierte, was ein durchschlagender Erfolg war und das Leben meiner Mutter grundlegend ver\u00e4nderte. Sie befindet sich jetzt in der Rehabilitation, kann aber schon wieder nach drau\u00dfen gehen und muss nicht mehr st\u00e4ndig nach einer Sitzgelegenheit suchen. Ich kann sagen, dass er ihr Leben radikal ver\u00e4ndert hat.\u201c<\/i><strong>\u00a0\u2013\u00a0Feli, Spanien<\/strong><\/p>\t\t\t\t\t\t\t\t<\/div>\n\t\t\t\t<\/div>\n\t\t\t\t\t<\/div>\n\t\t\t\t<\/div>\n\t\t<div class=\"elementor-element elementor-element-817948b e-flex e-con-boxed e-con e-parent\" data-id=\"817948b\" data-element_type=\"container\" data-e-type=\"container\">\n\t\t\t\t\t<div class=\"e-con-inner\">\n\t\t\t\t<div class=\"elementor-element elementor-element-8c59123 elementor-widget elementor-widget-text-editor\" data-id=\"8c59123\" data-element_type=\"widget\" data-e-type=\"widget\" data-widget_type=\"text-editor.default\">\n\t\t\t\t<div class=\"elementor-widget-container\">\n\t\t\t\t\t\t\t\t\t<p style=\"text-align: center;\"><i>\u201eDr.\u00a0Gilete hat mich letzten Juni aufgrund zweier lumbaler Bandscheibenvorf\u00e4lle operiert. Sowohl die Operation als auch die Erholung verliefen schneller als erwartet. Tats\u00e4chlich habe ich sehr schnell die Kraft in meinem Bein zur\u00fcckgewonnen und begann zu gehen. Jetzt gehe ich zwischen 4 und 5\u00a0km ohne Probleme! Die Schmerzen in meinem Bein und R\u00fccken sind verschwunden. Wir sind sehr zufrieden mit seiner Professionalit\u00e4t und der Behandlung durch Dr.\u00a0Gilete. Was die Einrichtungen angeht, haben wir nichts zu beanstanden, da sie f\u00fcr die Qualit\u00e4t bekannt sind, die sie bieten. Ohne Zweifel w\u00fcrden wir Dr.\u00a0Gilete weiterempfehlen.\u201c<\/i><strong>\u00a0\u2013\u00a0Joan\u00a0Josep, Barcelona<\/strong><\/p>\t\t\t\t\t\t\t\t<\/div>\n\t\t\t\t<\/div>\n\t\t\t\t\t<\/div>\n\t\t\t\t<\/div>\n\t\t<div class=\"elementor-element elementor-element-157ec01 e-flex e-con-boxed e-con e-parent\" data-id=\"157ec01\" data-element_type=\"container\" data-e-type=\"container\">\n\t\t\t\t\t<div class=\"e-con-inner\">\n\t\t\t\t<div class=\"elementor-element elementor-element-ade3947 elementor-widget elementor-widget-text-editor\" data-id=\"ade3947\" data-element_type=\"widget\" data-e-type=\"widget\" data-widget_type=\"text-editor.default\">\n\t\t\t\t<div class=\"elementor-widget-container\">\n\t\t\t\t\t\t\t\t\t<p style=\"text-align: center;\"><i>\u201eVor drei Monaten wurde bei mir eine lumbale Arthrodese wegen einer L5\u2013S1-Spondylolisthesis durchgef\u00fchrt. Ich bin sehr zufrieden mit den Ergebnissen; meine Genesung verlief ausgesprochen gut. Nach zehn Jahren Schmerzen kann ich dank Dr.\u00a0Covaro sagen, dass er mein Leben ver\u00e4ndert hat. Vielen Dank, Herr Doktor, und an das gesamte Klinikteam f\u00fcr die hervorragende Betreuung.\u201c<\/i><strong>\u00a0\u2013\u00a0Edil Jim\u00e9nez Cabrera<\/strong><span style=\"font-weight: bolder;\">,<\/span><span style=\"font-weight: bold;\">\u00a0Spanien<\/span><\/p>\t\t\t\t\t\t\t\t<\/div>\n\t\t\t\t<\/div>\n\t\t\t\t\t<\/div>\n\t\t\t\t<\/div>\n\t\t<div class=\"elementor-element elementor-element-97834b5 e-flex e-con-boxed e-con e-parent\" data-id=\"97834b5\" data-element_type=\"container\" data-e-type=\"container\">\n\t\t\t\t\t<div class=\"e-con-inner\">\n\t\t\t\t<div class=\"elementor-element elementor-element-f0a9f88 elementor-widget elementor-widget-text-editor\" data-id=\"f0a9f88\" data-element_type=\"widget\" data-e-type=\"widget\" data-widget_type=\"text-editor.default\">\n\t\t\t\t<div class=\"elementor-widget-container\">\n\t\t\t\t\t\t\t\t\t<p style=\"text-align: center;\"><i>\u201eMit 50\u00a0Jahren, im Jahr\u00a02013, wurde ich an einer roten Ampel von hinten angefahren. Infolge des Unfalls erlitt ich eine leichte traumatische Hirnverletzung und Nackenverletzungen. Meine Symptome deuteten auf eine Sch\u00e4digung des Hirnstamms hin und ich hatte unertr\u00e4gliche Kopfschmerzen. Die \u00c4rzte in Schweden vermuteten eine Verletzung im oberen Halsbereich, untersuchten dies aber nicht weiter und sagten: Wir haben keine Verfahren f\u00fcr Verletzungen so hoch am Hals. Mein Zustand verschlechterte sich, und ich erkannte, dass ich medizinische Fachkr\u00e4fte finden musste, die diese Art von Verletzungen behandeln k\u00f6nnen. Im November\u00a02019 konsultierte ich Dr.\u00a0Gilete. Im M\u00e4rz\u00a02020 f\u00fchrte Dr.\u00a0Gilete eine Fusion C0\u2013C2 und C4\u2013C6 mit Traktion durch. Mehrere Symptome verschwanden nach der Operation und andere wurden deutlich gelindert. Ich bekam mein Leben teilweise zur\u00fcck und am besten von allem \u2013 die Operation stoppte die fortschreitende Verschlechterung. Mein Leben ist jetzt ertr\u00e4glich. Ich habe wieder Kraft gewonnen, um Zeit mit meinen Kindern und Enkeln verbringen zu k\u00f6nnen. Meine Familie ist so gl\u00fccklich, mich wieder besser zu sehen.\u201d<\/i><strong>\u00a0\u2013\u00a0Ulla, Schweden<\/strong><\/p>\t\t\t\t\t\t\t\t<\/div>\n\t\t\t\t<\/div>\n\t\t\t\t\t<\/div>\n\t\t\t\t<\/div>\n\t\t<div class=\"elementor-element elementor-element-6c3ee78 e-flex e-con-boxed e-con e-parent\" data-id=\"6c3ee78\" data-element_type=\"container\" data-e-type=\"container\">\n\t\t\t\t\t<div class=\"e-con-inner\">\n\t\t\t\t<div class=\"elementor-element elementor-element-12b04d8 elementor-widget elementor-widget-text-editor\" data-id=\"12b04d8\" data-element_type=\"widget\" data-e-type=\"widget\" data-widget_type=\"text-editor.default\">\n\t\t\t\t<div class=\"elementor-widget-container\">\n\t\t\t\t\t\t\t\t\t<p style=\"text-align: center;\"><i>\u201eHeute komme ich hierher, um Dr.\u00a0Augusto\u00a0Covaro meinen Dank auszusprechen. Nach einer lumbalen Laminektomie und einer Arthrodese L5\u2013S1 kann ich ohne Zweifel sagen, dass er ein herausragender Fachmann mit gro\u00dfer Menschlichkeit ist, der es mir erm\u00f6glicht hat, mit meinem Enkel auf Augenh\u00f6he zu spielen, ihn hochzuheben und in meinen Armen zu halten. Danke auch an alle im Complex Spine Institute, die es mir erm\u00f6glicht haben, heute hier sein zu k\u00f6nnen. An alle, die einen R\u00fcckenspezialisten ben\u00f6tigen und diese Zeilen lesen, empfehle ich einen gro\u00dfartigen Profi und einen noch besseren Menschen. Danke, Dr.\u00a0Covaro.\u201c<\/i><strong>\u00a0\u2013\u00a0Mar\u00eda\u00a0Gloria\u00a0Jim\u00e9nez\u00a0L\u00f3pez<\/strong><span style=\"font-weight: bolder;\">,<\/span><span style=\"font-weight: bold;\">\u00a0Spanien<\/span><\/p>\t\t\t\t\t\t\t\t<\/div>\n\t\t\t\t<\/div>\n\t\t\t\t\t<\/div>\n\t\t\t\t<\/div>\n\t\t<div class=\"elementor-element elementor-element-7001783 e-flex e-con-boxed e-con e-parent\" data-id=\"7001783\" data-element_type=\"container\" data-e-type=\"container\">\n\t\t\t\t\t<div class=\"e-con-inner\">\n\t\t\t\t<div class=\"elementor-element elementor-element-63f3b9e elementor-widget elementor-widget-text-editor\" data-id=\"63f3b9e\" data-element_type=\"widget\" data-e-type=\"widget\" data-widget_type=\"text-editor.default\">\n\t\t\t\t<div class=\"elementor-widget-container\">\n\t\t\t\t\t\t\t\t\t<p style=\"text-align: center;\"><i>\u201eDr.\u00a0Gilete hat vom ersten Kontakt an unglaublich schnell geantwortet. Ich hatte das Gef\u00fchl, er sei positiv, vertrauensw\u00fcrdig, professionell, verst\u00e4ndnisvoll und empathisch gegen\u00fcber meiner pers\u00f6nlichen Situation. Ich ben\u00f6tigte eine spezialisierte Operation in einem Land, das nicht meines war, und er hat es mir leicht gemacht. Dr.\u00a0Gilete hat mir in Barcelona vom ersten pers\u00f6nlichen Treffen in der Sprechstunde bis zur Operation und bis zur Entlassung aus dem Krankenhaus Sicherheit vermittelt. Ich habe eine genetische Erkrankung, die die Stabilit\u00e4t all meiner Gelenke beeintr\u00e4chtigt, daher kann ich mit Sicherheit sagen, dass ich im Laufe der Jahre viele \u00c4rzte gesehen und gro\u00dfe chirurgische Eingriffe hatte. Die beste Versorgung von Anfang bis Ende erhielt ich vom Dr.\u00a0Gilete und seinem Team. Ich w\u00fcrde ihn jederzeit bedenkenlos weiterempfehlen!\u201d<\/i><b>\u00a0\u2013\u00a0Nina,\u00a0Vereinigtes\u00a0K\u00f6nigreich<\/b><\/p>\t\t\t\t\t\t\t\t<\/div>\n\t\t\t\t<\/div>\n\t\t\t\t\t<\/div>\n\t\t\t\t<\/div>\n\t\t<div class=\"elementor-element elementor-element-761c91b e-flex e-con-boxed e-con e-parent\" data-id=\"761c91b\" data-element_type=\"container\" data-e-type=\"container\">\n\t\t\t\t\t<div class=\"e-con-inner\">\n\t\t\t\t<div class=\"elementor-element elementor-element-23c3c98 elementor-widget elementor-widget-text-editor\" data-id=\"23c3c98\" data-element_type=\"widget\" data-e-type=\"widget\" data-widget_type=\"text-editor.default\">\n\t\t\t\t<div class=\"elementor-widget-container\">\n\t\t\t\t\t\t\t\t\t<p style=\"text-align: center;\"><i>&#8222;No me salen las palabras, para mi es el mejor traumatologo que puede existir, y se de lo que hablo, gracias a el estoy operada, si no llega a ser por el, aun estaria con mis insoportables dolores, le debo media vida de la mia, no hay palabras para agradecer su gran profesionalidad, ya que vuelvo a sonreir y a ver la vida como era antes.<\/i><br \/><i>Tras un largo tiempo acostada en la cama sin poderme mover por mi gran dolor causado por una hernia discal, el fue el UNICO entre muchos especialitas, que tenia claro que tenia que ser operada, y no se equivoco, y menos mal. DR. COVARO mil gracias.&#8220;<\/i><b><i> &#8211; <\/i>Erica L\u00f3pez<\/b><b>,\u00a0Spanien<\/b><\/p>\t\t\t\t\t\t\t\t<\/div>\n\t\t\t\t<\/div>\n\t\t\t\t\t<\/div>\n\t\t\t\t<\/div>\n\t\t<div class=\"elementor-element elementor-element-9a58f9e e-flex e-con-boxed e-con e-parent\" data-id=\"9a58f9e\" data-element_type=\"container\" data-e-type=\"container\">\n\t\t\t\t\t<div class=\"e-con-inner\">\n\t\t\t\t<div class=\"elementor-element elementor-element-9c4dc7d elementor-widget elementor-widget-text-editor\" data-id=\"9c4dc7d\" data-element_type=\"widget\" data-e-type=\"widget\" data-widget_type=\"text-editor.default\">\n\t\t\t\t<div class=\"elementor-widget-container\">\n\t\t\t\t\t\t\t\t\t<p style=\"text-align: center;\"><i>\u201eDr.\u00a0Gilete war der erste Arzt von vielen, den ich in 23\u00a0Jahren aufgesucht habe, der bei mir pr\u00e4zise CCI und AAI diagnostizierte und mir eine echte Behandlung anbot. Er war auch der erste, der meiner Geschichte und meinen Symptomen wirklich glaubte und mir sagte, ich sei nicht verr\u00fcckt. Mein Treffen mit ihm f\u00fchlte sich an wie eine Best\u00e4tigung all dessen, was ich mehr als zwei Jahrzehnte nach dem Schlag auf meinen Kopf in meiner Jugend durchgemacht habe. Obwohl die Entscheidung f\u00fcr die Operation schwerfiel, habe ich es keine Sekunde bereut. Dr.\u00a0Gilete und sein Team sind nicht nur sehr erfahren und professionell, sondern auch warmherzig, verst\u00e4ndnisvoll und tun alles, damit man sich in einer so herausfordernden Zeit so wohl wie m\u00f6glich f\u00fchlt. Da mein Gehirnnebel fast vollst\u00e4ndig verschwunden ist, habe ich das Gef\u00fchl, langsam aber sicher wieder ich selbst zu werden. Nach einem Jahr, in dem ich mich nicht um meine Kinder k\u00fcmmern konnte, kann ich nun mit ihnen Abendessen, Sandschl\u00f6sser bauen und ihnen bei den Hausaufgaben helfen. Ich habe jetzt schon das Gef\u00fchl, durch die Operation so viel gewonnen zu haben.\u201c<\/i><b>\u00a0\u2013\u00a0Rozemarijn, Niederlande<\/b><\/p>\t\t\t\t\t\t\t\t<\/div>\n\t\t\t\t<\/div>\n\t\t\t\t\t<\/div>\n\t\t\t\t<\/div>\n\t\t<div class=\"elementor-element elementor-element-d7dbac2 e-flex e-con-boxed e-con e-parent\" data-id=\"d7dbac2\" data-element_type=\"container\" data-e-type=\"container\">\n\t\t\t\t\t<div class=\"e-con-inner\">\n\t\t\t\t<div class=\"elementor-element elementor-element-4699e4f elementor-widget elementor-widget-text-editor\" data-id=\"4699e4f\" data-element_type=\"widget\" data-e-type=\"widget\" data-widget_type=\"text-editor.default\">\n\t\t\t\t<div class=\"elementor-widget-container\">\n\t\t\t\t\t\t\t\t\t<p style=\"text-align: center;\"><i>\u201eDr.\u00a0Gilete und sein Team haben mein Leben gerettet. Nach sechs\u00a0einhalb Jahren, in denen ich auf den Rollstuhl angewiesen war, konnte ich ihn nun vorerst beiseitelegen. Vor einigen Wochen schaffte ich alleine einen vier\u00a0Meilen langen Spaziergang. Die gr\u00f6\u00dfte Ver\u00e4nderung ist, dass ich seit meinem Erwachen nach der Operation keinen einzigen Anfall mehr hatte. Vor der Operation litt ich unter extremen Schmerzen und einer solchen Ersch\u00f6pfung, dass ich nur wenige Stunden am Tag wach war. Meine Sprache und mein Schlucken verschlechterten sich. Wenn mein Kopf nach hinten fiel, bekam ich kaum Luft. Mein Kurzzeitged\u00e4chtnis war unzuverl\u00e4ssig und ich hatte gro\u00dfe Schwierigkeiten, Gespr\u00e4che zu f\u00fchren. Schon dreieinhalb Monate nach meinem Erwachen auf der Intensivstation sa\u00df ich allein im Flugzeug nach Amerika, um Familie zu sehen und unvergessliche Erinnerungen zu schaffen! Ich kann ihrem Team nicht genug danken oder es genug empfehlen. Das gesamte Team war unglaublich unterst\u00fctzend. Sie haben mir definitiv das Leben gerettet.\u201c<\/i><b>\u00a0\u2013\u00a0Ellen, Vereinigtes\u00a0K\u00f6nigreich<\/b><\/p>\t\t\t\t\t\t\t\t<\/div>\n\t\t\t\t<\/div>\n\t\t\t\t\t<\/div>\n\t\t\t\t<\/div>\n\t\t<div class=\"elementor-element elementor-element-36019c4 e-flex e-con-boxed e-con e-parent\" data-id=\"36019c4\" data-element_type=\"container\" data-e-type=\"container\">\n\t\t\t\t\t<div class=\"e-con-inner\">\n\t\t\t\t<div class=\"elementor-element elementor-element-752bbe6 elementor-widget elementor-widget-text-editor\" data-id=\"752bbe6\" data-element_type=\"widget\" data-e-type=\"widget\" data-widget_type=\"text-editor.default\">\n\t\t\t\t<div class=\"elementor-widget-container\">\n\t\t\t\t\t\t\t\t\t<p style=\"text-align: center;\"><i>\u201eIm Februar\u00a02017 hatte ich eine kraniozervikale Fusion mit Dr.\u00a0Gilete und seinem Team im Teknon-Krankenhaus. Vom Moment meiner Aufnahme als Patientin zeigten sie gro\u00dfe F\u00fcrsorge und Respekt. Ihr Fachwissen und ihre Mitgef\u00fchl haben mich beeindruckt. Ich f\u00fchlte mich vor der Operation, w\u00e4hrend der OP, in der Erholungsphase und danach sicher und bestens betreut. Ich habe ihnen mein Leben anvertraut und w\u00fcrde es bei Bedarf jederzeit wieder tun. Nun gewinne ich langsam mein Leben zur\u00fcck, nachdem ich \u00fcber mehrere Jahre gr\u00f6\u00dftenteils bettl\u00e4gerig war. Die Schmerzen sind minimal und alle fr\u00fcheren Symptome, die durch die Instabilit\u00e4t verursacht wurden, sind verschwunden. Ich werde ihnen ewig dankbar sein.\u201c<\/i><strong>\u00a0\u2013\u00a0Lisa, Schweden<\/strong><\/p>\t\t\t\t\t\t\t\t<\/div>\n\t\t\t\t<\/div>\n\t\t\t\t\t<\/div>\n\t\t\t\t<\/div>\n\t\t<div class=\"elementor-element elementor-element-65ff4a0 e-flex e-con-boxed e-con e-parent\" data-id=\"65ff4a0\" data-element_type=\"container\" data-e-type=\"container\">\n\t\t\t\t\t<div class=\"e-con-inner\">\n\t\t\t\t<div class=\"elementor-element elementor-element-0c2e4bf elementor-widget elementor-widget-heading\" data-id=\"0c2e4bf\" data-element_type=\"widget\" data-e-type=\"widget\" data-widget_type=\"heading.default\">\n\t\t\t\t<div class=\"elementor-widget-container\">\n\t\t\t\t\t<h2 class=\"elementor-heading-title elementor-size-default\">Patienten in den Medien<\/h2>\t\t\t\t<\/div>\n\t\t\t\t<\/div>\n\t\t\t\t<div class=\"elementor-element elementor-element-611c009 elementor-widget elementor-widget-text-editor\" data-id=\"611c009\" data-element_type=\"widget\" data-e-type=\"widget\" data-widget_type=\"text-editor.default\">\n\t\t\t\t<div class=\"elementor-widget-container\">\n\t\t\t\t\t\t\t\t\t<p><a href=\"http:\/\/www.itv.com\/news\/tyne-tees\/update\/2017-07-20\/melanie-welcomed-home-from-spinal-surgery-in-barcelona\/\" target=\"_blank\" rel=\"noopener\">http:\/\/www.itv.com\/news\/tyne-tees\/update\/2017-07-20\/melanie-welcomed-home-from-spinal-surgery-in-barcelona\/<\/a><\/p>\n<p><a href=\"http:\/\/www.tv2.no\/nyheter\/9032899\/\" target=\"_blank\" rel=\"noopener\">http:\/\/www.tv2.no\/nyheter\/9032899\/<\/a><\/p>\n<p><a href=\"http:\/\/www.etc.se\/inrikes\/kunskap-om-sjukdomen-saknas\" target=\"_blank\" rel=\"noopener\" style=\"font-weight: 400; background-color: rgb(255, 255, 255);\">http:\/\/www.etc.se\/inrikes\/kunskap-om-sjukdomen-saknas<\/a><\/p>\n<p><a href=\"http:\/\/www.etc.se\/inrikes\/sjukdomen-ovanlig-lisa-nekas-vard?sida=\" target=\"_blank\" rel=\"noopener\">http:\/\/www.etc.se\/inrikes\/sjukdomen-ovanlig-lisa-nekas-vard?sida=<\/a><\/p>\t\t\t\t\t\t\t\t<\/div>\n\t\t\t\t<\/div>\n\t\t\t\t\t<\/div>\n\t\t\t\t<\/div>\n\t\t\t\t<\/div>\n\t\t","protected":false},"excerpt":{"rendered":"<p>Erfahrungsberichte Echte Geschichten, messbare Ergebnisse Nichts erkl\u00e4rt unsere Arbeit besser als die Erfahrungen derjenigen, die wieder schmerzfrei leben. Auf dieser Seite versammeln wir verifizierte Erfahrungsberichte von lokalen und internationalen Patienten, die mit Bandscheibenvorf\u00e4llen, kraniokervikaler Instabilit\u00e4t, gescheiterten Operationen oder anderen komplexen Erkrankungen ins Complex Spine Institute kamen und heute eine erneuerte Lebensqualit\u00e4t genie\u00dfen. Jeder Bericht spiegelt [&hellip;]<\/p>\n","protected":false},"author":1,"featured_media":421,"parent":0,"menu_order":0,"comment_status":"closed","ping_status":"closed","template":"","meta":{"footnotes":""},"class_list":["post-2335","page","type-page","status-publish","has-post-thumbnail","hentry"],"_links":{"self":[{"href":"https:\/\/complexspineinstitute.com\/de\/wp-json\/wp\/v2\/pages\/2335","targetHints":{"allow":["GET"]}}],"collection":[{"href":"https:\/\/complexspineinstitute.com\/de\/wp-json\/wp\/v2\/pages"}],"about":[{"href":"https:\/\/complexspineinstitute.com\/de\/wp-json\/wp\/v2\/types\/page"}],"author":[{"embeddable":true,"href":"https:\/\/complexspineinstitute.com\/de\/wp-json\/wp\/v2\/users\/1"}],"replies":[{"embeddable":true,"href":"https:\/\/complexspineinstitute.com\/de\/wp-json\/wp\/v2\/comments?post=2335"}],"version-history":[{"count":0,"href":"https:\/\/complexspineinstitute.com\/de\/wp-json\/wp\/v2\/pages\/2335\/revisions"}],"wp:featuredmedia":[{"embeddable":true,"href":"https:\/\/complexspineinstitute.com\/de\/wp-json\/wp\/v2\/media\/421"}],"wp:attachment":[{"href":"https:\/\/complexspineinstitute.com\/de\/wp-json\/wp\/v2\/media?parent=2335"}],"curies":[{"name":"wp","href":"https:\/\/api.w.org\/{rel}","templated":true}]}}