{"id":1696,"date":"2025-03-20T12:00:04","date_gmt":"2025-03-20T11:00:04","guid":{"rendered":"https:\/\/complexspineinstitute.com\/politica-de-privacidad\/"},"modified":"2025-04-22T19:53:15","modified_gmt":"2025-04-22T17:53:15","slug":"datenschutzerklarung","status":"publish","type":"page","link":"https:\/\/complexspineinstitute.com\/de\/datenschutzerklarung\/","title":{"rendered":"Datenschutzerkl\u00e4rung"},"content":{"rendered":"\t\t<div data-elementor-type=\"wp-page\" data-elementor-id=\"1696\" class=\"elementor elementor-1696 elementor-3\" data-elementor-post-type=\"page\">\n\t\t\t\t<div class=\"elementor-element elementor-element-d3642ec e-flex e-con-boxed e-con e-parent\" data-id=\"d3642ec\" data-element_type=\"container\" data-e-type=\"container\">\n\t\t\t\t\t<div class=\"e-con-inner\">\n\t\t\t\t<div class=\"elementor-element elementor-element-fa8f99e elementor-widget elementor-widget-heading\" data-id=\"fa8f99e\" data-element_type=\"widget\" data-e-type=\"widget\" data-widget_type=\"heading.default\">\n\t\t\t\t<div class=\"elementor-widget-container\">\n\t\t\t\t\t<h2 class=\"elementor-heading-title elementor-size-default\">Datenschutzerkl\u00e4rung<\/h2>\t\t\t\t<\/div>\n\t\t\t\t<\/div>\n\t\t\t\t\t<\/div>\n\t\t\t\t<\/div>\n\t\t<div class=\"elementor-element elementor-element-3b9819c e-flex e-con-boxed e-con e-parent\" data-id=\"3b9819c\" data-element_type=\"container\" data-e-type=\"container\">\n\t\t\t\t\t<div class=\"e-con-inner\">\n\t\t\t\t<div class=\"elementor-element elementor-element-17a1dce elementor-widget elementor-widget-text-editor\" data-id=\"17a1dce\" data-element_type=\"widget\" data-e-type=\"widget\" data-widget_type=\"text-editor.default\">\n\t\t\t\t<div class=\"elementor-widget-container\">\n\t\t\t\t\t\t\t\t\t<p>In Erf\u00fcllung von Kapitel&nbsp;II des Gesetzes&nbsp;34\/2002 (LSSICE) informieren wir Sie, dass diese Website Eigentum von&nbsp;<strong>PromoHealth S.L.<\/strong> (nachfolgend Anbieter) ist, mit Sitz in&nbsp;<strong>c\/ Independencia&nbsp;384-386, entl.&nbsp;08041 Barcelona<\/strong>, Telefon +34&nbsp;93&nbsp;220&nbsp;28&nbsp;09 und E\u2011Mail:&nbsp;<strong>info@complexspineinstitute.com<\/strong>.<\/p>\n<p><strong>PromoHealth S.L.<\/strong> ist verantwortlich f\u00fcr diese Website und hat gem\u00e4\u00df der geltenden Datenschutzvorschriften\u2014Verordnung (EU)&nbsp;2016\/679 (DSGVO), spanisches Datenschutzgesetz LOPD&nbsp;15\/1999 und Gesetz&nbsp;34\/2002 (LSSICE)\u2014alle technischen und organisatorischen Ma\u00dfnahmen nach K\u00f6niglichem Erlass&nbsp;1720\/2007 vom 21. Dezember umgesetzt, um Vertraulichkeit, Integrit\u00e4t und Verf\u00fcgbarkeit der Daten zu gew\u00e4hrleisten.<\/p>\n<p>F\u00fcr die Zwecke der LOPD teilt Ihnen <strong>PromoHealth S.L.<\/strong> mit, dass die von Ihnen freiwillig angegebenen Daten in unsere Informationssysteme aufgenommen werden, um alle erforderlichen kommerziellen und administrativen Vorg\u00e4nge mit den Website\u2011Nutzern durchzuf\u00fchren. Geplante Vorg\u00e4nge umfassen: Beantwortung von Anfragen bzw. Bereitstellung angeforderter Informationen; Erbringung der vom Nutzer gebuchten Leistungen und Produkte; Durchf\u00fchrung aller in diesem Impressum genannten Aktivit\u00e4ten; sowie Versand des Newsletters.<\/p>\n<p>Der Unterzeichnende garantiert die Richtigkeit der \u00fcbermittelten Daten und verpflichtet sich, alle \u00c4nderungen mitzuteilen.<\/p>\n<p>Pflichtfelder (*) im Kontaktformular sind zwingend auszuf\u00fcllen; durch ihre Eingabe erteilt der Nutzer <strong>PromoHealth S.L.<\/strong> seine eindeutige Einwilligung zur Verarbeitung der Daten f\u00fcr die genannten Zwecke. Unterbleibt die Angabe oder die Annahme dieser Datenschutzerkl\u00e4rung, ist eine Anmeldung oder Registrierung sowie der Erhalt von Informationen \u00fcber Produkte und Dienstleistungen des Anbieters nicht m\u00f6glich.<\/p>\n<p>Gem\u00e4\u00df den Vorschriften erf\u00fcllt der Anbieter alle Anforderungen der DSGVO und LOPD und beachtet die Grunds\u00e4tze der Rechtm\u00e4\u00dfigkeit, Treu und Glauben, Transparenz, Datenrichtigkeit, Zweckbindung und Datenminimierung (Art.&nbsp;5 DSGVO&nbsp;; Art.&nbsp;4 LOPD).<\/p>\n<p>Der DATENVERANTWORTLICHE gew\u00e4hrleistet geeignete technische und organisatorische Ma\u00dfnahmen zur Umsetzung der DSGVO\u2011 und LOPD\u2011Sicherheitsanforderungen und zum Schutz der Rechte und Freiheiten der Nutzer.<\/p>\n<p>Sie haben das Recht auf Auskunft, Berichtigung, Daten\u00fcbertragbarkeit, L\u00f6schung, Einschr\u00e4nkung oder Widerspruch, indem Sie sich an <strong>c\/ Independencia&nbsp;384-386, entl.&nbsp;08041 Barcelona<\/strong> wenden oder eine E\u2011Mail an <strong>info@complexspineinstitute.com<\/strong> mit dem Betreff \u201eLOPD, ARCO\u2011Rechte\u201c und einer Kopie Ihres Ausweises senden. Sie k\u00f6nnen Ihre Einwilligung jederzeit widerrufen, ohne die Rechtm\u00e4\u00dfigkeit der vorherigen Verarbeitung zu beeintr\u00e4chtigen. Au\u00dferdem k\u00f6nnen Sie Beschwerde bei der Aufsichtsbeh\u00f6rde (agpd.es) einlegen.<\/p>\n<p><strong>VERTRAULICHKEIT UND WEITERGABE AN DRITTE<\/strong><\/p>\n<p>Ihre Daten werden vertraulich behandelt. Der Anbieter hat alle technischen und organisatorischen Ma\u00dfnahmen ergriffen, um die Sicherheit der Daten zu gew\u00e4hrleisten und unbefugte Zugriffe, Ver\u00e4nderungen, Verlust oder Diebstahl zu verhindern, entsprechend dem Stand der Technik und der Sensibilit\u00e4t der Daten.<\/p>\n<p><strong>PromoHealth S.L.<\/strong> gibt keine personenbezogenen Daten an Dritte weiter, au\u00dfer bei gesetzlicher Verpflichtung. Im Falle einer Weitergabe wird zuvor Ihre ausdr\u00fcckliche Einwilligung eingeholt. Alle Beteiligten an der Datenverarbeitung sind zur beruflichen Verschwiegenheit verpflichtet und m\u00fcssen Sicherheitsma\u00dfnahmen umsetzen, um unbefugte Zugriffe oder \u00c4nderungen zu vermeiden.<\/p>\n<p><strong>ZUSTIMMUNG UND EINWILLIGUNG<\/strong><\/p>\n<p>Der Nutzer best\u00e4tigt, \u00fcber die Datenschutzbedingungen informiert worden zu sein, und stimmt der automatisierten Verarbeitung seiner Daten durch <strong>PromoHealth S.L.<\/strong> in der angegebenen Weise und zu den genannten Zwecken zu.<\/p>\n<p>Bilder auf der Website sind Eigentum von <strong>PromoHealth S.L.<\/strong>, auch Fotos von Minderj\u00e4hrigen, deren Einwilligung Eltern oder Erziehungsberechtigte zuvor erteilt haben. Diese k\u00f6nnen jederzeit schriftlich den Widerruf der Einwilligung zur Bildnutzung verlangen; das Bild des Minderj\u00e4hrigen wird dann verpixelt.<\/p>\n<p><strong>Richtigkeit der Daten<\/strong><\/p>\n<p>Der Nutzer ist allein verantwortlich f\u00fcr die Richtigkeit der angegebenen Daten und stellt den Anbieter von jeglicher Haftung frei. Er verpflichtet sich, die Daten aktuell und korrekt zu halten.<\/p>\n<p><strong>INHALT VON LINKS<\/strong><\/p>\n<p><strong>PromoHealth S.L.<\/strong> beh\u00e4lt sich das Recht vor, Inhalte der Website zu aktualisieren, zu \u00e4ndern oder zu l\u00f6schen und den Zugriff zu beschr\u00e4nken oder zu verweigern. F\u00fcr Inhalte Dritter, die \u00fcber Links zug\u00e4nglich sind, \u00fcbernimmt der Anbieter keine Haftung. Links dienen nur zu Informationszwecken und implizieren keine Empfehlung.<\/p>\n<p><strong>\u00c4NDERUNGEN DIESER RICHTLINIE<\/strong><\/p>\n<p><strong>PromoHealth S.L.<\/strong> beh\u00e4lt sich vor, diese Richtlinie an neue Gesetze oder Rechtsprechung anzupassen.<\/p>\n<p><strong>WERBEMAILS<\/strong><\/p>\n<p>Gem\u00e4\u00df LSSICE versendet <strong>PromoHealth S.L.<\/strong> kein SPAM und keine unverlangten Werbemails. In jedem Formular kann der Nutzer seine ausdr\u00fcckliche Zustimmung zum Erhalt unseres Newsletters geben.<\/p>\n<p><strong>Kontaktklausel<\/strong><\/p>\n<p>Empfangene Mitteilungen werden in einer Datei gef\u00fchrt, f\u00fcr die <strong>PromoHealth S.L.<\/strong> verantwortlich ist. Sie dienen ausschlie\u00dflich der Bearbeitung Ihrer Anfrage gem\u00e4\u00df DSGVO, LOPD und deren Durchf\u00fchrung. Daten werden nur bei gesetzlicher Verpflichtung weitergegeben und bis zu Ihrer L\u00f6schungsanfrage aufbewahrt.<\/p>\n<p><strong>RECHTSGRUNDLAGEN<\/strong><\/p>\n<p>Alle Beziehungen zwischen <strong>PromoHealth S.L.<\/strong> und den Nutzern seiner Online-Dienste unterliegen spanischem Recht; f\u00fcr Streitigkeiten sind die Gerichte in&nbsp;<strong>Barcelona<\/strong> zust\u00e4ndig.<\/p>\t\t\t\t\t\t\t\t<\/div>\n\t\t\t\t<\/div>\n\t\t\t\t\t<\/div>\n\t\t\t\t<\/div>\n\t\t\t\t<\/div>\n\t\t","protected":false},"excerpt":{"rendered":"<p>Datenschutzerkl\u00e4rung In Erf\u00fcllung von Kapitel&nbsp;II des Gesetzes&nbsp;34\/2002 (LSSICE) informieren wir Sie, dass diese Website Eigentum von&nbsp;PromoHealth S.L. (nachfolgend Anbieter) ist, mit Sitz in&nbsp;c\/ Independencia&nbsp;384-386, entl.&nbsp;08041 Barcelona, Telefon +34&nbsp;93&nbsp;220&nbsp;28&nbsp;09 und E\u2011Mail:&nbsp;info@complexspineinstitute.com. PromoHealth S.L. ist verantwortlich f\u00fcr diese Website und hat gem\u00e4\u00df der geltenden Datenschutzvorschriften\u2014Verordnung (EU)&nbsp;2016\/679 (DSGVO), spanisches Datenschutzgesetz LOPD&nbsp;15\/1999 und Gesetz&nbsp;34\/2002 (LSSICE)\u2014alle technischen und organisatorischen Ma\u00dfnahmen [&hellip;]<\/p>\n","protected":false},"author":1,"featured_media":0,"parent":0,"menu_order":0,"comment_status":"closed","ping_status":"closed","template":"","meta":{"footnotes":""},"class_list":["post-1696","page","type-page","status-publish","hentry"],"_links":{"self":[{"href":"https:\/\/complexspineinstitute.com\/de\/wp-json\/wp\/v2\/pages\/1696","targetHints":{"allow":["GET"]}}],"collection":[{"href":"https:\/\/complexspineinstitute.com\/de\/wp-json\/wp\/v2\/pages"}],"about":[{"href":"https:\/\/complexspineinstitute.com\/de\/wp-json\/wp\/v2\/types\/page"}],"author":[{"embeddable":true,"href":"https:\/\/complexspineinstitute.com\/de\/wp-json\/wp\/v2\/users\/1"}],"replies":[{"embeddable":true,"href":"https:\/\/complexspineinstitute.com\/de\/wp-json\/wp\/v2\/comments?post=1696"}],"version-history":[{"count":0,"href":"https:\/\/complexspineinstitute.com\/de\/wp-json\/wp\/v2\/pages\/1696\/revisions"}],"wp:attachment":[{"href":"https:\/\/complexspineinstitute.com\/de\/wp-json\/wp\/v2\/media?parent=1696"}],"curies":[{"name":"wp","href":"https:\/\/api.w.org\/{rel}","templated":true}]}}