{"id":1635,"date":"2025-04-17T12:00:36","date_gmt":"2025-04-17T10:00:36","guid":{"rendered":"https:\/\/complexspineinstitute.com\/contacto\/"},"modified":"2025-06-10T08:44:46","modified_gmt":"2025-06-10T06:44:46","slug":"kontakt","status":"publish","type":"page","link":"https:\/\/complexspineinstitute.com\/de\/kontakt\/","title":{"rendered":"Kontakt"},"content":{"rendered":"\t\t<div data-elementor-type=\"wp-page\" data-elementor-id=\"1635\" class=\"elementor elementor-1635 elementor-1102\" data-elementor-post-type=\"page\">\n\t\t\t\t<div class=\"elementor-element elementor-element-232de56 e-flex e-con-boxed e-con e-parent\" data-id=\"232de56\" data-element_type=\"container\" data-e-type=\"container\">\n\t\t\t\t\t<div class=\"e-con-inner\">\n\t\t\t\t<div class=\"elementor-element elementor-element-d77e2fd elementor-widget elementor-widget-heading\" data-id=\"d77e2fd\" data-element_type=\"widget\" data-e-type=\"widget\" data-widget_type=\"heading.default\">\n\t\t\t\t<div class=\"elementor-widget-container\">\n\t\t\t\t\t<h1 class=\"elementor-heading-title elementor-size-default\">Kontaktieren Sie das Complex Spine Institute<\/h1>\t\t\t\t<\/div>\n\t\t\t\t<\/div>\n\t\t\t\t<div class=\"elementor-element elementor-element-2b9cc55 elementor-widget elementor-widget-text-editor\" data-id=\"2b9cc55\" data-element_type=\"widget\" data-e-type=\"widget\" data-widget_type=\"text-editor.default\">\n\t\t\t\t<div class=\"elementor-widget-container\">\n\t\t\t\t\t\t\t\t\tWir sind hier, um Sie zu beraten und alle Fragen zu Ihrem Wirbels\u00e4ulenfall zu kl\u00e4ren.\t\t\t\t\t\t\t\t<\/div>\n\t\t\t\t<\/div>\n\t\t\t\t\t<\/div>\n\t\t\t\t<\/div>\n\t\t<div class=\"elementor-element elementor-element-19cf2c7 e-flex e-con-boxed e-con e-parent\" data-id=\"19cf2c7\" data-element_type=\"container\" data-e-type=\"container\">\n\t\t\t\t\t<div class=\"e-con-inner\">\n\t\t<div class=\"elementor-element elementor-element-c13f81a e-con-full e-flex e-con e-child\" data-id=\"c13f81a\" data-element_type=\"container\" data-e-type=\"container\">\n\t\t\t\t<div class=\"elementor-element elementor-element-c42b61b elementor-widget elementor-widget-heading\" data-id=\"c42b61b\" data-element_type=\"widget\" data-e-type=\"widget\" data-widget_type=\"heading.default\">\n\t\t\t\t<div class=\"elementor-widget-container\">\n\t\t\t\t\t<h2 class=\"elementor-heading-title elementor-size-default\">Kontaktinformationen<\/h2>\t\t\t\t<\/div>\n\t\t\t\t<\/div>\n\t\t\t\t<div class=\"elementor-element elementor-element-16c5b4e elementor-widget elementor-widget-text-editor\" data-id=\"16c5b4e\" data-element_type=\"widget\" data-e-type=\"widget\" data-widget_type=\"text-editor.default\">\n\t\t\t\t<div class=\"elementor-widget-container\">\n\t\t\t\t\t\t\t\t\t<section>\n<table>\n<tbody>\n<tr>\n<th>Telefon<\/th>\n<td>+34\u00a093\u00a0999\u00a099\u00a099<\/td>\n<\/tr>\n<tr>\n<th>E\u2011Mail<\/th>\n<td>info@complexspineinstitute.com<\/td>\n<\/tr>\n<tr>\n<th>Sprachen<\/th>\n<td>Spanisch und Englisch als Muttersprachen<\/td>\n<\/tr>\n<tr>\n<th>Internationale Betreuung<\/th>\n<td>Patientenkoordinator f\u00fcr Visa, Unterkunft und \u00dcbersetzungen<\/td>\n<\/tr>\n<tr>\n<th>\u00d6ffnungszeiten<\/th>\n<td>Montag &#8211; Freitag: 9:00\u201318:00 Uhr (CET)<\/td>\n<\/tr>\n<\/tbody>\n<\/table>\n<\/section>\t\t\t\t\t\t\t\t<\/div>\n\t\t\t\t<\/div>\n\t\t\t\t<\/div>\n\t\t<div class=\"elementor-element elementor-element-986d268 e-con-full e-flex e-con e-child\" data-id=\"986d268\" data-element_type=\"container\" data-e-type=\"container\">\n\t\t\t\t<div class=\"elementor-element elementor-element-7b0217c elementor-widget elementor-widget-heading\" data-id=\"7b0217c\" data-element_type=\"widget\" data-e-type=\"widget\" data-widget_type=\"heading.default\">\n\t\t\t\t<div class=\"elementor-widget-container\">\n\t\t\t\t\t<h2 class=\"elementor-heading-title elementor-size-default\">Kontaktformular<\/h2>\t\t\t\t<\/div>\n\t\t\t\t<\/div>\n\t\t\t\t<div class=\"elementor-element elementor-element-a2730de elementor-button-align-stretch elementor-widget elementor-widget-form\" data-id=\"a2730de\" data-element_type=\"widget\" data-e-type=\"widget\" data-settings=\"{&quot;step_next_label&quot;:&quot;Siguiente&quot;,&quot;step_previous_label&quot;:&quot;Anterior&quot;,&quot;button_width&quot;:&quot;100&quot;,&quot;step_type&quot;:&quot;number_text&quot;,&quot;step_icon_shape&quot;:&quot;circle&quot;}\" data-widget_type=\"form.default\">\n\t\t\t\t<div class=\"elementor-widget-container\">\n\t\t\t\t\t\t\t<form class=\"elementor-form\" method=\"post\" name=\"Nuevo formulario\" aria-label=\"Nuevo formulario\">\n\t\t\t<input type=\"hidden\" name=\"post_id\" value=\"1635\"\/>\n\t\t\t<input type=\"hidden\" name=\"form_id\" value=\"a2730de\"\/>\n\t\t\t<input type=\"hidden\" name=\"referer_title\" value=\"Kontakt und medizinische Bewertung der Wirbels\u00e4ule\" \/>\n\n\t\t\t\t\t\t\t<input type=\"hidden\" name=\"queried_id\" value=\"1635\"\/>\n\t\t\t\n\t\t\t<div class=\"elementor-form-fields-wrapper elementor-labels-above\">\n\t\t\t\t\t\t\t\t<div class=\"elementor-field-type-text elementor-field-group elementor-column elementor-field-group-name elementor-col-100 elementor-field-required\">\n\t\t\t\t\t\t\t\t\t\t\t\t\t<input size=\"1\" type=\"text\" name=\"form_fields[name]\" id=\"form-field-name\" class=\"elementor-field elementor-size-sm  elementor-field-textual\" placeholder=\"Name\" required=\"required\">\n\t\t\t\t\t\t\t\t\t\t\t<\/div>\n\t\t\t\t\t\t\t\t<div class=\"elementor-field-type-email elementor-field-group elementor-column elementor-field-group-email elementor-col-100 elementor-field-required\">\n\t\t\t\t\t\t\t\t\t\t\t\t\t<input size=\"1\" type=\"email\" name=\"form_fields[email]\" id=\"form-field-email\" class=\"elementor-field elementor-size-sm  elementor-field-textual\" placeholder=\"E\u2011Mail\" required=\"required\">\n\t\t\t\t\t\t\t\t\t\t\t<\/div>\n\t\t\t\t\t\t\t\t<div class=\"elementor-field-type-textarea elementor-field-group elementor-column elementor-field-group-message elementor-col-100 elementor-field-required\">\n\t\t\t\t\t<textarea class=\"elementor-field-textual elementor-field  elementor-size-sm\" name=\"form_fields[message]\" id=\"form-field-message\" rows=\"4\" placeholder=\"Nachricht\" required=\"required\"><\/textarea>\t\t\t\t<\/div>\n\t\t\t\t\t\t\t\t<div class=\"elementor-field-type-html elementor-field-group elementor-column elementor-field-group-field_33aa800 elementor-col-100\">\n\t\t\t\t\t<p style=\"font-size:12px !important;\"><b>Datenverantwortlicher:<\/b> Complex Spine Institute<br>\n<b>Zweck:<\/b> Um mit Ihnen Kontakt aufzunehmen.<br>\n<b>Legitimation:<\/b> Einwilligung des Interessenten.<br>\n<b>Empf\u00e4nger:<\/b> Es werden keine Daten an Dritte weitergegeben, es sei denn, es besteht eine gesetzliche Verpflichtung dazu.<br>\n<b>Rechte:<\/b> Sie k\u00f6nnen Ihr Recht auf Zugriff, Berichtigung, Einschr\u00e4nkung der Verarbeitung, L\u00f6schung, \u00dcbertragbarkeit und Widerspruch gegen die Verarbeitung Ihrer personenbezogenen Daten aus\u00fcben sowie das Recht auf Widerruf der erteilten Einwilligung zur Verarbeitung Ihrer personenbezogenen Daten.<br>\n<b>Zus\u00e4tzliche Informationen:<\/b> Detaillierte Informationen zum Datenschutz k\u00f6nnen Sie auf dieser Website einsehen.\n<\/p>\t\t\t\t<\/div>\n\t\t\t\t\t\t\t\t<div class=\"elementor-field-type-acceptance elementor-field-group elementor-column elementor-field-group-field_4c2c2bb elementor-col-100 elementor-field-required\">\n\t\t\t\t\t\t\t<div class=\"elementor-field-subgroup\">\n\t\t\t<span class=\"elementor-field-option\">\n\t\t\t\t<input type=\"checkbox\" name=\"form_fields[field_4c2c2bb]\" id=\"form-field-field_4c2c2bb\" class=\"elementor-field elementor-size-sm  elementor-acceptance-field\" required=\"required\">\n\t\t\t\t<label for=\"form-field-field_4c2c2bb\">Ich habe die <a href=\"https:\/\/complexspineinstitute.com\/de\/complex-spine-institute\/de\/complex-spine-institute\/de\/complex-spine-institute\/de\/complex-spine-institute\/de\/complex-spine-institute\/de\/complex-spine-institute\/de\/complex-spine-institute\/de\/datenschutzerklarung\/\">Datenschutzerkl\u00e4rung<\/a> gelesen und akzeptiere sie<\/label>\t\t\t<\/span>\n\t\t<\/div>\n\t\t\t\t\t\t<\/div>\n\t\t\t\t\t\t\t\t<div class=\"elementor-field-type-text\">\n\t\t\t\t\t<input size=\"1\" type=\"text\" name=\"form_fields[field_f412364]\" id=\"form-field-field_f412364\" class=\"elementor-field elementor-size-sm \" style=\"display:none !important;\">\t\t\t\t<\/div>\n\t\t\t\t\t\t\t\t<div class=\"elementor-field-type-hidden elementor-field-group elementor-column elementor-field-group-field_749447f elementor-col-100\">\n\t\t\t\t\t\t\t\t\t\t\t\t\t<input size=\"1\" type=\"hidden\" name=\"form_fields[field_749447f]\" id=\"form-field-field_749447f\" class=\"elementor-field elementor-size-sm  elementor-field-textual\">\n\t\t\t\t\t\t\t\t\t\t\t<\/div>\n\t\t\t\t\t\t\t\t<div class=\"elementor-field-type-recaptcha_v3 elementor-field-group elementor-column elementor-field-group-field_f5bba2f elementor-col-100 recaptcha_v3-bottomright\">\n\t\t\t\t\t<div class=\"elementor-field\" id=\"form-field-field_f5bba2f\"><div class=\"elementor-g-recaptcha\" data-sitekey=\"6Ldl7z8rAAAAAAnUTvPOoY7GBu1wxdfFbsXN1Df1\" data-type=\"v3\" data-action=\"Form\" data-badge=\"bottomright\" data-size=\"invisible\"><\/div><\/div>\t\t\t\t<\/div>\n\t\t\t\t\t\t\t\t<div class=\"elementor-field-group elementor-column elementor-field-type-submit elementor-col-100 e-form__buttons\">\n\t\t\t\t\t<button class=\"elementor-button elementor-size-sm\" type=\"submit\">\n\t\t\t\t\t\t<span class=\"elementor-button-content-wrapper\">\n\t\t\t\t\t\t\t\t\t\t\t\t\t\t\t\t\t\t\t\t\t\t<span class=\"elementor-button-text\">Senden<\/span>\n\t\t\t\t\t\t\t\t\t\t\t\t\t<\/span>\n\t\t\t\t\t<\/button>\n\t\t\t\t<\/div>\n\t\t\t<\/div>\n\t\t<\/form>\n\t\t\t\t\t\t<\/div>\n\t\t\t\t<\/div>\n\t\t\t\t<\/div>\n\t\t\t\t\t<\/div>\n\t\t\t\t<\/div>\n\t\t<div class=\"elementor-element elementor-element-2b96604 e-flex e-con-boxed e-con e-parent\" data-id=\"2b96604\" data-element_type=\"container\" data-e-type=\"container\">\n\t\t\t\t\t<div class=\"e-con-inner\">\n\t\t\t\t<div class=\"elementor-element elementor-element-144a911 elementor-widget elementor-widget-heading\" data-id=\"144a911\" data-element_type=\"widget\" data-e-type=\"widget\" data-widget_type=\"heading.default\">\n\t\t\t\t<div class=\"elementor-widget-container\">\n\t\t\t\t\t<h2 class=\"elementor-heading-title elementor-size-default\">Standort<\/h2>\t\t\t\t<\/div>\n\t\t\t\t<\/div>\n\t\t\t\t\t<\/div>\n\t\t\t\t<\/div>\n\t\t<div class=\"elementor-element elementor-element-f5ec69d e-flex e-con-boxed e-con e-parent\" data-id=\"f5ec69d\" data-element_type=\"container\" data-e-type=\"container\">\n\t\t\t\t\t<div class=\"e-con-inner\">\n\t\t<div class=\"elementor-element elementor-element-320856f e-con-full e-flex e-con e-child\" data-id=\"320856f\" data-element_type=\"container\" data-e-type=\"container\">\n\t\t\t\t<div class=\"elementor-element elementor-element-c7710c0 elementor-widget elementor-widget-text-editor\" data-id=\"c7710c0\" data-element_type=\"widget\" data-e-type=\"widget\" data-widget_type=\"text-editor.default\">\n\t\t\t\t<div class=\"elementor-widget-container\">\n\t\t\t\t\t\t\t\t\t<p><strong>Hospital Quir\u00f3n Barcelona \u2013 Teknon\u2011Komplex,<\/strong> <br \/>Marquesa\u2011Beratungsr\u00e4ume, B\u00fcro\u00a024. Vilana\u2011Stra\u00dfe\u00a012, 08022 Barcelona, Spanien<\/p><p><strong>Anfahrt<\/strong><\/p><ul><li><strong>Mit dem Taxi oder VTC:<\/strong> 20\u201325\u00a0Min. ab Flughafen El\u00a0Prat.<\/li><li><strong>Mit der U\u2011Bahn:<\/strong> Linie\u00a0L7 (Station El\u00a0Putxet) +\u00a08\u2011min\u00fctiger Fu\u00dfweg.<\/li><li><strong>Mit dem Bus:<\/strong> Linien\u00a0131 und\u00a0V13 (Haltestelle \u201eHospital Teknon\u201c).<\/li><li><strong>Parken:<\/strong> Tiefgarage vorhanden.<\/li><\/ul>\t\t\t\t\t\t\t\t<\/div>\n\t\t\t\t<\/div>\n\t\t\t\t<\/div>\n\t\t<div class=\"elementor-element elementor-element-e317662 e-con-full e-flex e-con e-child\" data-id=\"e317662\" data-element_type=\"container\" data-e-type=\"container\">\n\t\t\t\t<div class=\"elementor-element elementor-element-d515cbe elementor-widget elementor-widget-image\" data-id=\"d515cbe\" data-element_type=\"widget\" data-e-type=\"widget\" data-widget_type=\"image.default\">\n\t\t\t\t<div class=\"elementor-widget-container\">\n\t\t\t\t\t\t\t\t\t\t\t\t\t\t\t<img fetchpriority=\"high\" decoding=\"async\" width=\"500\" height=\"375\" src=\"https:\/\/complexspineinstitute.com\/wp-content\/uploads\/2025\/04\/hospital_teknon.webp\" class=\"attachment-large size-large wp-image-945\" alt=\"Fachada principal del Hospital Quir\u00f3nsalud Teknon en Barcelona\" srcset=\"https:\/\/complexspineinstitute.com\/wp-content\/uploads\/2025\/04\/hospital_teknon.webp 500w, https:\/\/complexspineinstitute.com\/wp-content\/uploads\/2025\/04\/hospital_teknon-300x225.webp 300w\" sizes=\"(max-width: 500px) 100vw, 500px\" \/>\t\t\t\t\t\t\t\t\t\t\t\t\t\t\t<\/div>\n\t\t\t\t<\/div>\n\t\t\t\t<\/div>\n\t\t\t\t\t<\/div>\n\t\t\t\t<\/div>\n\t\t<div class=\"elementor-element elementor-element-39b4c43 e-flex e-con-boxed e-con e-parent\" data-id=\"39b4c43\" data-element_type=\"container\" data-e-type=\"container\">\n\t\t\t\t\t<div class=\"e-con-inner\">\n\t\t\t\t<div class=\"elementor-element elementor-element-761c13d elementor-widget elementor-widget-image\" data-id=\"761c13d\" data-element_type=\"widget\" data-e-type=\"widget\" data-widget_type=\"image.default\">\n\t\t\t\t<div class=\"elementor-widget-container\">\n\t\t\t\t\t\t\t\t\t\t\t\t\t\t\t\t<a href=\"https:\/\/maps.app.goo.gl\/g9kckdv5yaBbU3kw9\" target=\"_blank\" rel=\"nofollow noopener\">\n\t\t\t\t\t\t\t<img decoding=\"async\" width=\"1845\" height=\"611\" src=\"https:\/\/complexspineinstitute.com\/wp-content\/uploads\/2025\/04\/mapa-hospital-centro-medico-teknon_barcelona.webp\" class=\"attachment-full size-full wp-image-1883\" alt=\"Mapa direccion hosital Teknon Barcelona\" srcset=\"https:\/\/complexspineinstitute.com\/wp-content\/uploads\/2025\/04\/mapa-hospital-centro-medico-teknon_barcelona.webp 1845w, https:\/\/complexspineinstitute.com\/wp-content\/uploads\/2025\/04\/mapa-hospital-centro-medico-teknon_barcelona-300x99.webp 300w, https:\/\/complexspineinstitute.com\/wp-content\/uploads\/2025\/04\/mapa-hospital-centro-medico-teknon_barcelona-1024x339.webp 1024w, https:\/\/complexspineinstitute.com\/wp-content\/uploads\/2025\/04\/mapa-hospital-centro-medico-teknon_barcelona-768x254.webp 768w, https:\/\/complexspineinstitute.com\/wp-content\/uploads\/2025\/04\/mapa-hospital-centro-medico-teknon_barcelona-1536x509.webp 1536w\" sizes=\"(max-width: 1845px) 100vw, 1845px\" \/>\t\t\t\t\t\t\t\t<\/a>\n\t\t\t\t\t\t\t\t\t\t\t\t\t\t\t<\/div>\n\t\t\t\t<\/div>\n\t\t\t\t\t<\/div>\n\t\t\t\t<\/div>\n\t\t<div class=\"elementor-element elementor-element-a4a048e e-flex e-con-boxed e-con e-parent\" data-id=\"a4a048e\" data-element_type=\"container\" data-e-type=\"container\">\n\t\t\t\t\t<div class=\"e-con-inner\">\n\t\t\t\t<div class=\"elementor-element elementor-element-8bf369d elementor-widget elementor-widget-heading\" data-id=\"8bf369d\" data-element_type=\"widget\" data-e-type=\"widget\" data-widget_type=\"heading.default\">\n\t\t\t\t<div class=\"elementor-widget-container\">\n\t\t\t\t\t<h2 class=\"elementor-heading-title elementor-size-default\">H\u00e4ufig gestellte Fragen<\/h2>\t\t\t\t<\/div>\n\t\t\t\t<\/div>\n\t\t\t\t\t<\/div>\n\t\t\t\t<\/div>\n\t\t<div class=\"elementor-element elementor-element-30e9ea3 e-flex e-con-boxed e-con e-parent\" data-id=\"30e9ea3\" data-element_type=\"container\" data-e-type=\"container\">\n\t\t\t\t\t<div class=\"e-con-inner\">\n\t\t\t\t<div class=\"elementor-element elementor-element-886fb85 elementor-widget elementor-widget-heading\" data-id=\"886fb85\" data-element_type=\"widget\" data-e-type=\"widget\" data-widget_type=\"heading.default\">\n\t\t\t\t<div class=\"elementor-widget-container\">\n\t\t\t\t\t<h3 class=\"elementor-heading-title elementor-size-default\">Kann ich meine medizinischen Bilder per E\u2011Mail senden?<\/h3>\t\t\t\t<\/div>\n\t\t\t\t<\/div>\n\t\t\t\t<div class=\"elementor-element elementor-element-467707f elementor-widget elementor-widget-text-editor\" data-id=\"467707f\" data-element_type=\"widget\" data-e-type=\"widget\" data-widget_type=\"text-editor.default\">\n\t\t\t\t<div class=\"elementor-widget-container\">\n\t\t\t\t\t\t\t\t\t<p data-pm-slice=\"1 1 []\">Wir empfehlen, den Anweisungen unseres Personals zu folgen, um MRT- oder CT-Bilder zu \u00fcbermitteln und die Vertraulichkeit zu gew\u00e4hrleisten.<\/p>\t\t\t\t\t\t\t\t<\/div>\n\t\t\t\t<\/div>\n\t\t\t\t\t<\/div>\n\t\t\t\t<\/div>\n\t\t<div class=\"elementor-element elementor-element-46c7fc1 e-flex e-con-boxed e-con e-parent\" data-id=\"46c7fc1\" data-element_type=\"container\" data-e-type=\"container\">\n\t\t\t\t\t<div class=\"e-con-inner\">\n\t\t\t\t<div class=\"elementor-element elementor-element-3143254 elementor-widget elementor-widget-heading\" data-id=\"3143254\" data-element_type=\"widget\" data-e-type=\"widget\" data-widget_type=\"heading.default\">\n\t\t\t\t<div class=\"elementor-widget-container\">\n\t\t\t\t\t<h3 class=\"elementor-heading-title elementor-size-default\">Ist die Einrichtung f\u00fcr Menschen mit eingeschr\u00e4nkter Mobilit\u00e4t barrierefrei zug\u00e4nglich?<\/h3>\t\t\t\t<\/div>\n\t\t\t\t<\/div>\n\t\t\t\t<div class=\"elementor-element elementor-element-c239a56 elementor-widget elementor-widget-text-editor\" data-id=\"c239a56\" data-element_type=\"widget\" data-e-type=\"widget\" data-widget_type=\"text-editor.default\">\n\t\t\t\t<div class=\"elementor-widget-container\">\n\t\t\t\t\t\t\t\t\t<p data-pm-slice=\"1 1 []\">Die gesamte Anlage ist mit Rampen, gro\u00dfz\u00fcgigen Aufz\u00fcgen und barrierefreien Zimmern ausgestattet.<\/p>\t\t\t\t\t\t\t\t<\/div>\n\t\t\t\t<\/div>\n\t\t\t\t\t<\/div>\n\t\t\t\t<\/div>\n\t\t<div class=\"elementor-element elementor-element-299bac5 e-flex e-con-boxed e-con e-parent\" data-id=\"299bac5\" data-element_type=\"container\" data-e-type=\"container\">\n\t\t\t\t\t<div class=\"e-con-inner\">\n\t\t\t\t<div class=\"elementor-element elementor-element-eb858cc elementor-widget elementor-widget-heading\" data-id=\"eb858cc\" data-element_type=\"widget\" data-e-type=\"widget\" data-widget_type=\"heading.default\">\n\t\t\t\t<div class=\"elementor-widget-container\">\n\t\t\t\t\t<h3 class=\"elementor-heading-title elementor-size-default\">Wie l\u00e4uft die Telekonsultation ab?<\/h3>\t\t\t\t<\/div>\n\t\t\t\t<\/div>\n\t\t\t\t<div class=\"elementor-element elementor-element-c6e3ba0 elementor-widget elementor-widget-text-editor\" data-id=\"c6e3ba0\" data-element_type=\"widget\" data-e-type=\"widget\" data-widget_type=\"text-editor.default\">\n\t\t\t\t<div class=\"elementor-widget-container\">\n\t\t\t\t\t\t\t\t\t<p>Die Telekonsultation umfasst eine detaillierte Fallbesprechung und einen schriftlichen medizinischen Bericht. Sie k\u00f6nnen sie nach Ihrer Erstbewertung anfordern, um Fragen direkt mit Dr.\u00a0Gilete oder Dr.\u00a0Covaro zu kl\u00e4ren.<\/p>\n\t\t\t\t\t\t\t\t<\/div>\n\t\t\t\t<\/div>\n\t\t\t\t\t<\/div>\n\t\t\t\t<\/div>\n\t\t<div class=\"elementor-element elementor-element-24c3515 e-flex e-con-boxed e-con e-parent\" data-id=\"24c3515\" data-element_type=\"container\" data-e-type=\"container\">\n\t\t\t\t\t<div class=\"e-con-inner\">\n\t\t\t\t<div class=\"elementor-element elementor-element-82ca5aa elementor-widget elementor-widget-heading\" data-id=\"82ca5aa\" data-element_type=\"widget\" data-e-type=\"widget\" data-widget_type=\"heading.default\">\n\t\t\t\t<div class=\"elementor-widget-container\">\n\t\t\t\t\t<h3 class=\"elementor-heading-title elementor-size-default\">Kann ich nach meiner Operation einen Folgetermin vereinbaren?<\/h3>\t\t\t\t<\/div>\n\t\t\t\t<\/div>\n\t\t\t\t<div class=\"elementor-element elementor-element-7cb723b elementor-widget elementor-widget-text-editor\" data-id=\"7cb723b\" data-element_type=\"widget\" data-e-type=\"widget\" data-widget_type=\"text-editor.default\">\n\t\t\t\t<div class=\"elementor-widget-container\">\n\t\t\t\t\t\t\t\t\t<p>Ja. Wir bieten Follow-up-Termine vor Ort oder per Videocall an, um Ihren postoperativen Fortschritt zu \u00fcberpr\u00fcfen und Ihren Rehabilitationsplan anzupassen.<\/p>\n\t\t\t\t\t\t\t\t<\/div>\n\t\t\t\t<\/div>\n\t\t\t\t\t<\/div>\n\t\t\t\t<\/div>\n\t\t<div class=\"elementor-element elementor-element-ccfeec0 e-flex e-con-boxed e-con e-parent\" data-id=\"ccfeec0\" data-element_type=\"container\" data-e-type=\"container\">\n\t\t\t\t\t<div class=\"e-con-inner\">\n\t\t\t\t<div class=\"elementor-element elementor-element-951bde0 elementor-widget elementor-widget-heading\" data-id=\"951bde0\" data-element_type=\"widget\" data-e-type=\"widget\" data-widget_type=\"heading.default\">\n\t\t\t\t<div class=\"elementor-widget-container\">\n\t\t\t\t\t<h3 class=\"elementor-heading-title elementor-size-default\">Welche Angaben muss ich f\u00fcr die internationale Betreuung machen?<\/h3>\t\t\t\t<\/div>\n\t\t\t\t<\/div>\n\t\t\t\t<div class=\"elementor-element elementor-element-f833674 elementor-widget elementor-widget-text-editor\" data-id=\"f833674\" data-element_type=\"widget\" data-e-type=\"widget\" data-widget_type=\"text-editor.default\">\n\t\t\t\t<div class=\"elementor-widget-container\">\n\t\t\t\t\t\t\t\t\t<p>Wenn Sie Kontakt aufnehmen, geben Sie bitte Ihr Wohnsitzland und Ihre Bed\u00fcrfnisse (Visum, Unterkunft) an. Unser Patientenkoordinator begleitet Sie bei jedem Schritt.<\/p>\n\t\t\t\t\t\t\t\t<\/div>\n\t\t\t\t<\/div>\n\t\t\t\t\t<\/div>\n\t\t\t\t<\/div>\n\t\t\t\t<\/div>\n\t\t","protected":false},"excerpt":{"rendered":"<p>Kontaktieren Sie das Complex Spine Institute Wir sind hier, um Sie zu beraten und alle Fragen zu Ihrem Wirbels\u00e4ulenfall zu kl\u00e4ren. Kontaktinformationen Telefon +34\u00a093\u00a0999\u00a099\u00a099 E\u2011Mail info@complexspineinstitute.com Sprachen Spanisch und Englisch als Muttersprachen Internationale Betreuung Patientenkoordinator f\u00fcr Visa, Unterkunft und \u00dcbersetzungen \u00d6ffnungszeiten Montag &#8211; Freitag: 9:00\u201318:00 Uhr (CET) Kontaktformular Standort Hospital Quir\u00f3n Barcelona \u2013 Teknon\u2011Komplex, Marquesa\u2011Beratungsr\u00e4ume, [&hellip;]<\/p>\n","protected":false},"author":1,"featured_media":941,"parent":0,"menu_order":0,"comment_status":"closed","ping_status":"closed","template":"","meta":{"footnotes":""},"class_list":["post-1635","page","type-page","status-publish","has-post-thumbnail","hentry"],"_links":{"self":[{"href":"https:\/\/complexspineinstitute.com\/de\/wp-json\/wp\/v2\/pages\/1635","targetHints":{"allow":["GET"]}}],"collection":[{"href":"https:\/\/complexspineinstitute.com\/de\/wp-json\/wp\/v2\/pages"}],"about":[{"href":"https:\/\/complexspineinstitute.com\/de\/wp-json\/wp\/v2\/types\/page"}],"author":[{"embeddable":true,"href":"https:\/\/complexspineinstitute.com\/de\/wp-json\/wp\/v2\/users\/1"}],"replies":[{"embeddable":true,"href":"https:\/\/complexspineinstitute.com\/de\/wp-json\/wp\/v2\/comments?post=1635"}],"version-history":[{"count":0,"href":"https:\/\/complexspineinstitute.com\/de\/wp-json\/wp\/v2\/pages\/1635\/revisions"}],"wp:featuredmedia":[{"embeddable":true,"href":"https:\/\/complexspineinstitute.com\/de\/wp-json\/wp\/v2\/media\/941"}],"wp:attachment":[{"href":"https:\/\/complexspineinstitute.com\/de\/wp-json\/wp\/v2\/media?parent=1635"}],"curies":[{"name":"wp","href":"https:\/\/api.w.org\/{rel}","templated":true}]}}