{"id":1628,"date":"2025-04-17T12:00:05","date_gmt":"2025-04-17T10:00:05","guid":{"rendered":"https:\/\/complexspineinstitute.com\/tratamientos-de-la-articulacion-sacroiliaca\/"},"modified":"2025-04-20T20:40:34","modified_gmt":"2025-04-20T18:40:34","slug":"behandlungen-des-iliosakralgelenks","status":"publish","type":"page","link":"https:\/\/complexspineinstitute.com\/de\/behandlungen\/behandlungen-des-iliosakralgelenks\/","title":{"rendered":"Behandlungen des Iliosakralgelenks"},"content":{"rendered":"\t\t<div data-elementor-type=\"wp-page\" data-elementor-id=\"1628\" class=\"elementor elementor-1628 elementor-1305\" data-elementor-post-type=\"page\">\n\t\t\t\t<div class=\"elementor-element elementor-element-232de56 e-flex e-con-boxed e-con e-parent\" data-id=\"232de56\" data-element_type=\"container\" data-e-type=\"container\">\n\t\t\t\t\t<div class=\"e-con-inner\">\n\t\t\t\t<div class=\"elementor-element elementor-element-d77e2fd elementor-widget elementor-widget-heading\" data-id=\"d77e2fd\" data-element_type=\"widget\" data-e-type=\"widget\" data-widget_type=\"heading.default\">\n\t\t\t\t<div class=\"elementor-widget-container\">\n\t\t\t\t\t<h1 class=\"elementor-heading-title elementor-size-default\">Behandlung des Iliosakralgelenks: Konservative und chirurgische Optionen<\/h1>\t\t\t\t<\/div>\n\t\t\t\t<\/div>\n\t\t\t\t\t<\/div>\n\t\t\t\t<\/div>\n\t\t<div class=\"elementor-element elementor-element-4b39ac2 e-flex e-con-boxed e-con e-parent\" data-id=\"4b39ac2\" data-element_type=\"container\" data-e-type=\"container\">\n\t\t\t\t\t<div class=\"e-con-inner\">\n\t\t\t\t<div class=\"elementor-element elementor-element-125a027 elementor-widget__width-initial elementor-widget elementor-widget-text-editor\" data-id=\"125a027\" data-element_type=\"widget\" data-e-type=\"widget\" data-widget_type=\"text-editor.default\">\n\t\t\t\t<div class=\"elementor-widget-container\">\n\t\t\t\t\t\t\t\t\t<p>Schmerzen im Iliosakralgelenk (ISG) sind eine h\u00e4ufige Ursache f\u00fcr Beschwerden im unteren R\u00fccken und im Beckenbereich. Sie k\u00f6nnen die Lebensqualit\u00e4t erheblich beeintr\u00e4chtigen und die Beweglichkeit einschr\u00e4nken. Am Complex Spine Institute verfolgen wir einen umfassenden, individuellen Ansatz \u2013 unterst\u00fctzt durch moderne Diagnostik und f\u00fchrende chirurgische Expertise.<\/p>\t\t\t\t\t\t\t\t<\/div>\n\t\t\t\t<\/div>\n\t\t\t\t\t<\/div>\n\t\t\t\t<\/div>\n\t\t<div class=\"elementor-element elementor-element-e5c65d0 e-flex e-con-boxed e-con e-parent\" data-id=\"e5c65d0\" data-element_type=\"container\" data-e-type=\"container\">\n\t\t\t\t\t<div class=\"e-con-inner\">\n\t\t\t\t<div class=\"elementor-element elementor-element-b66f11c elementor-widget elementor-widget-heading\" data-id=\"b66f11c\" data-element_type=\"widget\" data-e-type=\"widget\" data-widget_type=\"heading.default\">\n\t\t\t\t<div class=\"elementor-widget-container\">\n\t\t\t\t\t<h2 class=\"elementor-heading-title elementor-size-default\">Was ist das Iliosakralgelenk?<\/h2>\t\t\t\t<\/div>\n\t\t\t\t<\/div>\n\t\t\t\t<div class=\"elementor-element elementor-element-6f80510 elementor-widget elementor-widget-text-editor\" data-id=\"6f80510\" data-element_type=\"widget\" data-e-type=\"widget\" data-widget_type=\"text-editor.default\">\n\t\t\t\t<div class=\"elementor-widget-container\">\n\t\t\t\t\t\t\t\t\t<p>Das Iliosakralgelenk verbindet das Kreuzbein (unteres Ende der Wirbels\u00e4ule) mit den Darmbeinschaufeln des Beckens. Es sorgt f\u00fcr Stabilit\u00e4t und \u00fcbertr\u00e4gt beim Stehen und Gehen die Last vom Oberk\u00f6rper auf die Beine.<\/p><p>Bei Entz\u00fcndungen oder Funktionsst\u00f6rungen \u2013 bekannt als Sakroiliitis oder ISG-Dysfunktion \u2013 kann es zu tiefen R\u00fcckenschmerzen, Beckenschmerzen oder ausstrahlenden Schmerzen in die Beine kommen, \u00e4hnlich wie bei Ischias.<\/p>\t\t\t\t\t\t\t\t<\/div>\n\t\t\t\t<\/div>\n\t\t\t\t\t<\/div>\n\t\t\t\t<\/div>\n\t\t<div class=\"elementor-element elementor-element-d2e54b6 e-flex e-con-boxed e-con e-parent\" data-id=\"d2e54b6\" data-element_type=\"container\" data-e-type=\"container\">\n\t\t\t\t\t<div class=\"e-con-inner\">\n\t\t\t\t<div class=\"elementor-element elementor-element-a554fab elementor-widget elementor-widget-heading\" data-id=\"a554fab\" data-element_type=\"widget\" data-e-type=\"widget\" data-widget_type=\"heading.default\">\n\t\t\t\t<div class=\"elementor-widget-container\">\n\t\t\t\t\t<h2 class=\"elementor-heading-title elementor-size-default\">Typische Symptome einer ISG-Dysfunktion<\/h2>\t\t\t\t<\/div>\n\t\t\t\t<\/div>\n\t\t\t\t<div class=\"elementor-element elementor-element-df2a015 elementor-widget elementor-widget-text-editor\" data-id=\"df2a015\" data-element_type=\"widget\" data-e-type=\"widget\" data-widget_type=\"text-editor.default\">\n\t\t\t\t<div class=\"elementor-widget-container\">\n\t\t\t\t\t\t\t\t\t<ul><li>Einseitige Schmerzen im unteren R\u00fccken oder Ges\u00e4\u00df<\/li><li>Schmerzverst\u00e4rkung beim l\u00e4ngeren Stehen oder Gehen<\/li><li>Gef\u00fchl von Steifheit oder Blockade im Becken<\/li><li>Beschwerden beim Treppensteigen oder Drehen des Rumpfes<\/li><\/ul>\t\t\t\t\t\t\t\t<\/div>\n\t\t\t\t<\/div>\n\t\t\t\t\t<\/div>\n\t\t\t\t<\/div>\n\t\t<div class=\"elementor-element elementor-element-9330f3f e-flex e-con-boxed e-con e-parent\" data-id=\"9330f3f\" data-element_type=\"container\" data-e-type=\"container\">\n\t\t\t\t\t<div class=\"e-con-inner\">\n\t\t\t\t<div class=\"elementor-element elementor-element-54dd7d1 elementor-widget elementor-widget-heading\" data-id=\"54dd7d1\" data-element_type=\"widget\" data-e-type=\"widget\" data-widget_type=\"heading.default\">\n\t\t\t\t<div class=\"elementor-widget-container\">\n\t\t\t\t\t<h2 class=\"elementor-heading-title elementor-size-default\">Genaue Diagnose als Grundlage der Behandlung<\/h2>\t\t\t\t<\/div>\n\t\t\t\t<\/div>\n\t\t\t\t<div class=\"elementor-element elementor-element-4d0fa91 elementor-widget elementor-widget-text-editor\" data-id=\"4d0fa91\" data-element_type=\"widget\" data-e-type=\"widget\" data-widget_type=\"text-editor.default\">\n\t\t\t\t<div class=\"elementor-widget-container\">\n\t\t\t\t\t\t\t\t\t<p>Eine pr\u00e4zise Diagnose ist entscheidend, um unwirksame Behandlungen zu vermeiden. Am Complex Spine Institute f\u00fchren wir umfassende klinische Untersuchungen durch, erg\u00e4nzt durch moderne Bildgebung wie MRT, CT und gezielte Infiltrationen zur Schmerzlokalisierung.<\/p><p>Dr. Vicen\u00e7 Gilete verwendet dynamische Bildgebung in Flexion, Extension und Rotation, um funktionelle St\u00f6rungen zu erkennen, die in konventionellen MRTs oft nicht sichtbar sind. Diese Genauigkeit erm\u00f6glicht ma\u00dfgeschneiderte Therapiepl\u00e4ne.<\/p>\t\t\t\t\t\t\t\t<\/div>\n\t\t\t\t<\/div>\n\t\t\t\t\t<\/div>\n\t\t\t\t<\/div>\n\t\t<div class=\"elementor-element elementor-element-d23d790 e-flex e-con-boxed e-con e-parent\" data-id=\"d23d790\" data-element_type=\"container\" data-e-type=\"container\">\n\t\t\t\t\t<div class=\"e-con-inner\">\n\t\t\t\t<div class=\"elementor-element elementor-element-b32fd59 elementor-widget elementor-widget-heading\" data-id=\"b32fd59\" data-element_type=\"widget\" data-e-type=\"widget\" data-widget_type=\"heading.default\">\n\t\t\t\t<div class=\"elementor-widget-container\">\n\t\t\t\t\t<h2 class=\"elementor-heading-title elementor-size-default\">Konservative Behandlungsm\u00f6glichkeiten<\/h2>\t\t\t\t<\/div>\n\t\t\t\t<\/div>\n\t\t\t\t<div class=\"elementor-element elementor-element-6dd5821 elementor-widget elementor-widget-text-editor\" data-id=\"6dd5821\" data-element_type=\"widget\" data-e-type=\"widget\" data-widget_type=\"text-editor.default\">\n\t\t\t\t<div class=\"elementor-widget-container\">\n\t\t\t\t\t\t\t\t\t<p>Die meisten Patienten werden zun\u00e4chst mit konservativen Ma\u00dfnahmen behandelt, z. B.:<\/p><ul><li>Spezialisierte Physiotherapie zur Stabilisierung des Beckens<\/li><li>Entz\u00fcndungshemmende Medikamente oder Muskelrelaxantien<\/li><li>St\u00e4rkungs\u00fcbungen f\u00fcr Lendenwirbels\u00e4ule und Becken<\/li><li>Bildgesteuerte Infiltrationen mit Kortison und Lokalan\u00e4sthetikum<\/li><li>Regenerative Therapien mit Stammzellen oder PRP<br \/><br \/><\/li><\/ul><p>Dr. Augusto Covaro, Experte f\u00fcr konservative und minimalinvasive Therapien, erstellt individuelle Therapiepl\u00e4ne mit hervorragenden Ergebnissen bei leichter bis mittelschwerer ISG-Dysfunktion.<\/p>\t\t\t\t\t\t\t\t<\/div>\n\t\t\t\t<\/div>\n\t\t\t\t\t<\/div>\n\t\t\t\t<\/div>\n\t\t<div class=\"elementor-element elementor-element-d8acb73 e-flex e-con-boxed e-con e-parent\" data-id=\"d8acb73\" data-element_type=\"container\" data-e-type=\"container\">\n\t\t\t\t\t<div class=\"e-con-inner\">\n\t\t\t\t<div class=\"elementor-element elementor-element-fc24101 elementor-widget elementor-widget-heading\" data-id=\"fc24101\" data-element_type=\"widget\" data-e-type=\"widget\" data-widget_type=\"heading.default\">\n\t\t\t\t<div class=\"elementor-widget-container\">\n\t\t\t\t\t<h2 class=\"elementor-heading-title elementor-size-default\">ISG-Blockade: Diagnose und Therapie zugleich<\/h2>\t\t\t\t<\/div>\n\t\t\t\t<\/div>\n\t\t\t\t<div class=\"elementor-element elementor-element-d922e9f elementor-widget elementor-widget-text-editor\" data-id=\"d922e9f\" data-element_type=\"widget\" data-e-type=\"widget\" data-widget_type=\"text-editor.default\">\n\t\t\t\t<div class=\"elementor-widget-container\">\n\t\t\t\t\t\t\t\t\t<p>Bei der ISG-Blockade wird ein Lokalan\u00e4sthetikum unter bildgebender Kontrolle in das Gelenk injiziert. Verschwinden die Schmerzen kurzfristig, ist das ISG als Schmerzquelle best\u00e4tigt. Diese Methode kann auch wiederholt zur Schmerzlinderung eingesetzt werden.<\/p>\t\t\t\t\t\t\t\t<\/div>\n\t\t\t\t<\/div>\n\t\t\t\t\t<\/div>\n\t\t\t\t<\/div>\n\t\t<div class=\"elementor-element elementor-element-2930882 e-flex e-con-boxed e-con e-parent\" data-id=\"2930882\" data-element_type=\"container\" data-e-type=\"container\">\n\t\t\t\t\t<div class=\"e-con-inner\">\n\t\t<div class=\"elementor-element elementor-element-5ff022b e-con-full e-flex e-con e-child\" data-id=\"5ff022b\" data-element_type=\"container\" data-e-type=\"container\">\n\t\t\t\t<div class=\"elementor-element elementor-element-16ddc80 elementor-widget elementor-widget-heading\" data-id=\"16ddc80\" data-element_type=\"widget\" data-e-type=\"widget\" data-widget_type=\"heading.default\">\n\t\t\t\t<div class=\"elementor-widget-container\">\n\t\t\t\t\t<h2 class=\"elementor-heading-title elementor-size-default\">Wann ist eine ISG-Fusion sinnvoll?<\/h2>\t\t\t\t<\/div>\n\t\t\t\t<\/div>\n\t\t\t\t<div class=\"elementor-element elementor-element-b1386e9 elementor-widget elementor-widget-text-editor\" data-id=\"b1386e9\" data-element_type=\"widget\" data-e-type=\"widget\" data-widget_type=\"text-editor.default\">\n\t\t\t\t<div class=\"elementor-widget-container\">\n\t\t\t\t\t\t\t\t\t<p>Bei chronischen, stark einschr\u00e4nkenden Schmerzen, die auf konservative Ma\u00dfnahmen nicht ansprechen, kann eine chirurgische Gelenkfusion in Betracht gezogen werden. Dabei wird das ISG stabilisiert, um schmerzhafte Bewegungen auszuschlie\u00dfen.<\/p><p>Dr. Covaro f\u00fchrt diesen Eingriff minimalinvasiv durch \u2013 mit kleinen Schnitten, geringem Blutverlust und schnellerer Genesung. Er bildet europaweit Fach\u00e4rzte in dieser Technik aus.<\/p>\t\t\t\t\t\t\t\t<\/div>\n\t\t\t\t<\/div>\n\t\t\t\t<\/div>\n\t\t<div class=\"elementor-element elementor-element-0068b26 e-con-full e-flex e-con e-child\" data-id=\"0068b26\" data-element_type=\"container\" data-e-type=\"container\">\n\t\t\t\t<div class=\"elementor-element elementor-element-d4afb37 elementor-widget elementor-widget-image\" data-id=\"d4afb37\" data-element_type=\"widget\" data-e-type=\"widget\" data-widget_type=\"image.default\">\n\t\t\t\t<div class=\"elementor-widget-container\">\n\t\t\t\t\t\t\t\t\t\t\t\t\t\t\t<img fetchpriority=\"high\" decoding=\"async\" width=\"800\" height=\"800\" src=\"https:\/\/complexspineinstitute.com\/wp-content\/uploads\/2025\/04\/rx_implantes_pelvis.webp\" class=\"attachment-large size-large wp-image-901\" alt=\"Radiograf\u00eda de pelvis con implantes quir\u00fargicos en columna vertebral\" srcset=\"https:\/\/complexspineinstitute.com\/wp-content\/uploads\/2025\/04\/rx_implantes_pelvis.webp 1024w, https:\/\/complexspineinstitute.com\/wp-content\/uploads\/2025\/04\/rx_implantes_pelvis-300x300.webp 300w, https:\/\/complexspineinstitute.com\/wp-content\/uploads\/2025\/04\/rx_implantes_pelvis-150x150.webp 150w, https:\/\/complexspineinstitute.com\/wp-content\/uploads\/2025\/04\/rx_implantes_pelvis-768x768.webp 768w\" sizes=\"(max-width: 800px) 100vw, 800px\" \/>\t\t\t\t\t\t\t\t\t\t\t\t\t\t\t<\/div>\n\t\t\t\t<\/div>\n\t\t\t\t<\/div>\n\t\t\t\t\t<\/div>\n\t\t\t\t<\/div>\n\t\t<div class=\"elementor-element elementor-element-a5f8e4b e-flex e-con-boxed e-con e-parent\" data-id=\"a5f8e4b\" data-element_type=\"container\" data-e-type=\"container\">\n\t\t\t\t\t<div class=\"e-con-inner\">\n\t\t\t\t<div class=\"elementor-element elementor-element-af9e648 elementor-widget elementor-widget-heading\" data-id=\"af9e648\" data-element_type=\"widget\" data-e-type=\"widget\" data-widget_type=\"heading.default\">\n\t\t\t\t<div class=\"elementor-widget-container\">\n\t\t\t\t\t<h2 class=\"elementor-heading-title elementor-size-default\">Vorteile der minimalinvasiven ISG-Operation<\/h2>\t\t\t\t<\/div>\n\t\t\t\t<\/div>\n\t\t\t\t<div class=\"elementor-element elementor-element-4f5e008 elementor-widget elementor-widget-text-editor\" data-id=\"4f5e008\" data-element_type=\"widget\" data-e-type=\"widget\" data-widget_type=\"text-editor.default\">\n\t\t\t\t<div class=\"elementor-widget-container\">\n\t\t\t\t\t\t\t\t\t<ul><li>Geringere Gewebesch\u00e4digung<\/li><li>Weniger postoperative Schmerzen<\/li><li>Schnellere Wiederherstellung der Mobilit\u00e4t<\/li><li>Entlassung meist noch am selben Tag<\/li><\/ul>\t\t\t\t\t\t\t\t<\/div>\n\t\t\t\t<\/div>\n\t\t\t\t\t<\/div>\n\t\t\t\t<\/div>\n\t\t<div class=\"elementor-element elementor-element-0486289 e-flex e-con-boxed e-con e-parent\" data-id=\"0486289\" data-element_type=\"container\" data-e-type=\"container\">\n\t\t\t\t\t<div class=\"e-con-inner\">\n\t\t\t\t<div class=\"elementor-element elementor-element-093fc2e elementor-widget elementor-widget-heading\" data-id=\"093fc2e\" data-element_type=\"widget\" data-e-type=\"widget\" data-widget_type=\"heading.default\">\n\t\t\t\t<div class=\"elementor-widget-container\">\n\t\t\t\t\t<h2 class=\"elementor-heading-title elementor-size-default\">Vertrauen Sie den Wirbels\u00e4ulenexperten<\/h2>\t\t\t\t<\/div>\n\t\t\t\t<\/div>\n\t\t\t\t<div class=\"elementor-element elementor-element-62550ad elementor-widget elementor-widget-text-editor\" data-id=\"62550ad\" data-element_type=\"widget\" data-e-type=\"widget\" data-widget_type=\"text-editor.default\">\n\t\t\t\t<div class=\"elementor-widget-container\">\n\t\t\t\t\t\t\t\t\t<p>Am Complex Spine Institute kombinieren Dr. Covaro und Dr. Gilete modernste Technik mit jahrzehntelanger Erfahrung, um jedem Patienten eine individuelle Behandlung zu bieten \u2013 vor Ort in Barcelona oder per Online-Beratung.<\/p><p><a href=\"https:\/\/complexspineinstitute.com\/de\/complex-spine-institute\/de\/complex-spine-institute\/de\/complex-spine-institute\/de\/complex-spine-institute\/de\/complex-spine-institute\/de\/complex-spine-institute\/de\/complex-spine-institute\/de\/bewertung-anfordern\/\">Vereinbaren Sie noch heute einen Termin<\/a> und starten Sie Ihren Weg zur Beschwerdefreiheit.<\/p>\t\t\t\t\t\t\t\t<\/div>\n\t\t\t\t<\/div>\n\t\t\t\t\t<\/div>\n\t\t\t\t<\/div>\n\t\t<div class=\"elementor-element elementor-element-6dbf6f11 e-flex e-con-boxed e-con e-parent\" data-id=\"6dbf6f11\" data-element_type=\"container\" data-e-type=\"container\">\n\t\t\t\t\t<div class=\"e-con-inner\">\n\t\t\t\t<div class=\"elementor-element elementor-element-5c45b658 elementor-widget elementor-widget-text-editor\" data-id=\"5c45b658\" data-element_type=\"widget\" data-e-type=\"widget\" data-widget_type=\"text-editor.default\">\n\t\t\t\t<div class=\"elementor-widget-container\">\n\t\t\t\t\t\t\t\t\t<aside class=\"author-signature\" role=\"doc-credits\"><address>\u00dcberpr\u00fcft und genehmigt von <strong>Dr. Vicen\u00e7 Gilete, MD<\/strong>, Neurochirurg, und <strong>Dr.\u00a0Augusto\u00a0Covaro, MD<\/strong>, orthop\u00e4discher Chirurg<\/address><address>Complex\u00a0Spine\u00a0Institute \u00b7 Barcelona | <time datetime=\"2025-04-17\">18.\u00a0April\u00a02025<\/time><\/address><address><a href=\"https:\/\/complexspineinstitute.com\/de\/complex-spine-institute\/de\/complex-spine-institute\/de\/complex-spine-institute\/de\/complex-spine-institute\/de\/complex-spine-institute\/de\/complex-spine-institute\/de\/complex-spine-institute\/de\/institut\/#medizinisches_team\" rel=\"author\">Biografien und Publikationen ansehen<\/a><\/address><\/aside>\t\t\t\t\t\t\t\t<\/div>\n\t\t\t\t<\/div>\n\t\t\t\t\t<\/div>\n\t\t\t\t<\/div>\n\t\t\t\t<\/div>\n\t\t","protected":false},"excerpt":{"rendered":"<p>Behandlung des Iliosakralgelenks: Konservative und chirurgische Optionen Schmerzen im Iliosakralgelenk (ISG) sind eine h\u00e4ufige Ursache f\u00fcr Beschwerden im unteren R\u00fccken und im Beckenbereich. Sie k\u00f6nnen die Lebensqualit\u00e4t erheblich beeintr\u00e4chtigen und die Beweglichkeit einschr\u00e4nken. Am Complex Spine Institute verfolgen wir einen umfassenden, individuellen Ansatz \u2013 unterst\u00fctzt durch moderne Diagnostik und f\u00fchrende chirurgische Expertise. Was ist das [&hellip;]<\/p>\n","protected":false},"author":1,"featured_media":901,"parent":1427,"menu_order":0,"comment_status":"closed","ping_status":"closed","template":"","meta":{"footnotes":""},"class_list":["post-1628","page","type-page","status-publish","has-post-thumbnail","hentry"],"_links":{"self":[{"href":"https:\/\/complexspineinstitute.com\/de\/wp-json\/wp\/v2\/pages\/1628","targetHints":{"allow":["GET"]}}],"collection":[{"href":"https:\/\/complexspineinstitute.com\/de\/wp-json\/wp\/v2\/pages"}],"about":[{"href":"https:\/\/complexspineinstitute.com\/de\/wp-json\/wp\/v2\/types\/page"}],"author":[{"embeddable":true,"href":"https:\/\/complexspineinstitute.com\/de\/wp-json\/wp\/v2\/users\/1"}],"replies":[{"embeddable":true,"href":"https:\/\/complexspineinstitute.com\/de\/wp-json\/wp\/v2\/comments?post=1628"}],"version-history":[{"count":0,"href":"https:\/\/complexspineinstitute.com\/de\/wp-json\/wp\/v2\/pages\/1628\/revisions"}],"up":[{"embeddable":true,"href":"https:\/\/complexspineinstitute.com\/de\/wp-json\/wp\/v2\/pages\/1427"}],"wp:featuredmedia":[{"embeddable":true,"href":"https:\/\/complexspineinstitute.com\/de\/wp-json\/wp\/v2\/media\/901"}],"wp:attachment":[{"href":"https:\/\/complexspineinstitute.com\/de\/wp-json\/wp\/v2\/media?parent=1628"}],"curies":[{"name":"wp","href":"https:\/\/api.w.org\/{rel}","templated":true}]}}