{"id":1620,"date":"2025-04-17T12:00:05","date_gmt":"2025-04-17T10:00:05","guid":{"rendered":"https:\/\/complexspineinstitute.com\/tecnicas-minimamente-invasivas\/"},"modified":"2025-05-19T18:36:08","modified_gmt":"2025-05-19T16:36:08","slug":"minimalinvasive-techniken","status":"publish","type":"page","link":"https:\/\/complexspineinstitute.com\/de\/behandlungen\/minimalinvasive-techniken\/","title":{"rendered":"Minimalinvasive Techniken"},"content":{"rendered":"\t\t<div data-elementor-type=\"wp-page\" data-elementor-id=\"1620\" class=\"elementor elementor-1620 elementor-1300\" data-elementor-post-type=\"page\">\n\t\t\t\t<div class=\"elementor-element elementor-element-232de56 e-flex e-con-boxed e-con e-parent\" data-id=\"232de56\" data-element_type=\"container\" data-e-type=\"container\">\n\t\t\t\t\t<div class=\"e-con-inner\">\n\t\t\t\t<div class=\"elementor-element elementor-element-d77e2fd elementor-widget elementor-widget-heading\" data-id=\"d77e2fd\" data-element_type=\"widget\" data-e-type=\"widget\" data-widget_type=\"heading.default\">\n\t\t\t\t<div class=\"elementor-widget-container\">\n\t\t\t\t\t<h1 class=\"elementor-heading-title elementor-size-default\">Minimalinvasive Techniken in der Wirbels\u00e4ulenchirurgie<\/h1>\t\t\t\t<\/div>\n\t\t\t\t<\/div>\n\t\t\t\t\t<\/div>\n\t\t\t\t<\/div>\n\t\t<div class=\"elementor-element elementor-element-4b39ac2 e-flex e-con-boxed e-con e-parent\" data-id=\"4b39ac2\" data-element_type=\"container\" data-e-type=\"container\">\n\t\t\t\t\t<div class=\"e-con-inner\">\n\t\t<div class=\"elementor-element elementor-element-ac5c5ad e-con-full e-flex e-con e-child\" data-id=\"ac5c5ad\" data-element_type=\"container\" data-e-type=\"container\">\n\t\t\t\t<div class=\"elementor-element elementor-element-2fa35e2 elementor-widget elementor-widget-heading\" data-id=\"2fa35e2\" data-element_type=\"widget\" data-e-type=\"widget\" data-widget_type=\"heading.default\">\n\t\t\t\t<div class=\"elementor-widget-container\">\n\t\t\t\t\t<h2 class=\"elementor-heading-title elementor-size-default\">Was sind minimalinvasive Techniken?<\/h2>\t\t\t\t<\/div>\n\t\t\t\t<\/div>\n\t\t\t\t<div class=\"elementor-element elementor-element-125a027 elementor-widget elementor-widget-text-editor\" data-id=\"125a027\" data-element_type=\"widget\" data-e-type=\"widget\" data-widget_type=\"text-editor.default\">\n\t\t\t\t<div class=\"elementor-widget-container\">\n\t\t\t\t\t\t\t\t\t<p>Minimalinvasive Verfahren sind chirurgische Techniken, bei denen kleine Hautschnitte und moderne Technologien eingesetzt werden, um Wirbels\u00e4ulenprobleme pr\u00e4zise zu behandeln und die Belastung f\u00fcr den Patienten deutlich zu reduzieren.<\/p><p>\u201eIch habe bei meinen Patienten eine signifikante Reduktion der postoperativen Schmerzen und eine durchweg schnellere Erholung beobachtet, insbesondere bei endoskopischen Verfahren.\u201c<br \/>\u2014 Dr. Augusto, Neurochirurg am Complex Spine Institute<\/p>\t\t\t\t\t\t\t\t<\/div>\n\t\t\t\t<\/div>\n\t\t\t\t<\/div>\n\t\t<div class=\"elementor-element elementor-element-8469aec e-con-full e-flex e-con e-child\" data-id=\"8469aec\" data-element_type=\"container\" data-e-type=\"container\">\n\t\t\t\t<div class=\"elementor-element elementor-element-86a16d5 elementor-widget elementor-widget-video\" data-id=\"86a16d5\" data-element_type=\"widget\" data-e-type=\"widget\" data-settings=\"{&quot;video_type&quot;:&quot;hosted&quot;,&quot;controls&quot;:&quot;yes&quot;}\" data-widget_type=\"video.default\">\n\t\t\t\t<div class=\"elementor-widget-container\">\n\t\t\t\t\t\t\t<div class=\"e-hosted-video elementor-wrapper elementor-open-inline\">\n\t\t\t\t\t<video class=\"elementor-video\" src=\"https:\/\/complexspineinstitute.com\/de\/complex-spine-institute\/de\/complex-spine-institute\/de\/complex-spine-institute\/de\/complex-spine-institute\/de\/complex-spine-institute\/de\/complex-spine-institute\/de\/complex-spine-institute\/wp-content\/uploads\/2025\/05\/Endoscopia.mp4\" controls=\"\" preload=\"metadata\" controlsList=\"nodownload\"><\/video>\n\t\t\t\t<\/div>\n\t\t\t\t\t\t<\/div>\n\t\t\t\t<\/div>\n\t\t\t\t<\/div>\n\t\t\t\t\t<\/div>\n\t\t\t\t<\/div>\n\t\t<div class=\"elementor-element elementor-element-8366130 e-flex e-con-boxed e-con e-parent\" data-id=\"8366130\" data-element_type=\"container\" data-e-type=\"container\">\n\t\t\t\t\t<div class=\"e-con-inner\">\n\t\t<div class=\"elementor-element elementor-element-337be5c e-con-full e-flex e-con e-child\" data-id=\"337be5c\" data-element_type=\"container\" data-e-type=\"container\">\n\t\t\t\t<div class=\"elementor-element elementor-element-f5c6dbb elementor-widget elementor-widget-image\" data-id=\"f5c6dbb\" data-element_type=\"widget\" data-e-type=\"widget\" data-widget_type=\"image.default\">\n\t\t\t\t<div class=\"elementor-widget-container\">\n\t\t\t\t\t\t\t\t\t\t\t\t\t\t\t<img fetchpriority=\"high\" decoding=\"async\" width=\"280\" height=\"448\" src=\"https:\/\/complexspineinstitute.com\/wp-content\/uploads\/2025\/04\/cierre_de_incision_minimamente_invasiva.webp\" class=\"attachment-large size-large wp-image-989\" alt=\"Cierre de incisi\u00f3n quir\u00fargica peque\u00f1a tras intervenci\u00f3n de columna m\u00ednimamente invasiva\" srcset=\"https:\/\/complexspineinstitute.com\/wp-content\/uploads\/2025\/04\/cierre_de_incision_minimamente_invasiva.webp 280w, https:\/\/complexspineinstitute.com\/wp-content\/uploads\/2025\/04\/cierre_de_incision_minimamente_invasiva-188x300.webp 188w\" sizes=\"(max-width: 280px) 100vw, 280px\" \/>\t\t\t\t\t\t\t\t\t\t\t\t\t\t\t<\/div>\n\t\t\t\t<\/div>\n\t\t\t\t<\/div>\n\t\t<div class=\"elementor-element elementor-element-28c1b28 e-con-full e-flex e-con e-child\" data-id=\"28c1b28\" data-element_type=\"container\" data-e-type=\"container\">\n\t\t\t\t<div class=\"elementor-element elementor-element-cb4be2c elementor-widget elementor-widget-heading\" data-id=\"cb4be2c\" data-element_type=\"widget\" data-e-type=\"widget\" data-widget_type=\"heading.default\">\n\t\t\t\t<div class=\"elementor-widget-container\">\n\t\t\t\t\t<h2 class=\"elementor-heading-title elementor-size-default\">Vorteile minimalinvasiver Verfahren<\/h2>\t\t\t\t<\/div>\n\t\t\t\t<\/div>\n\t\t\t\t<div class=\"elementor-element elementor-element-1fe005f elementor-widget elementor-widget-text-editor\" data-id=\"1fe005f\" data-element_type=\"widget\" data-e-type=\"widget\" data-widget_type=\"text-editor.default\">\n\t\t\t\t<div class=\"elementor-widget-container\">\n\t\t\t\t\t\t\t\t\t<ul><li>Weniger postoperative Schmerzen<\/li><li>Schnellere Genesung und k\u00fcrzerer Krankenhausaufenthalt<\/li><li>Geringeres Risiko f\u00fcr Infektionen und Komplikationen<\/li><li>Kleine, unauff\u00e4llige Narben<br \/><br \/><\/li><\/ul><p>\u201eJeden Tag best\u00e4tigt sich f\u00fcr mich die Wirksamkeit und Sicherheit dieser Verfahren f\u00fcr meine Patienten.\u201c<br \/>\u2014 Dr. Augusto<\/p>\t\t\t\t\t\t\t\t<\/div>\n\t\t\t\t<\/div>\n\t\t\t\t<\/div>\n\t\t\t\t\t<\/div>\n\t\t\t\t<\/div>\n\t\t<div class=\"elementor-element elementor-element-d2e54b6 e-flex e-con-boxed e-con e-parent\" data-id=\"d2e54b6\" data-element_type=\"container\" data-e-type=\"container\">\n\t\t\t\t\t<div class=\"e-con-inner\">\n\t\t\t\t<div class=\"elementor-element elementor-element-a554fab elementor-widget elementor-widget-heading\" data-id=\"a554fab\" data-element_type=\"widget\" data-e-type=\"widget\" data-widget_type=\"heading.default\">\n\t\t\t\t<div class=\"elementor-widget-container\">\n\t\t\t\t\t<h2 class=\"elementor-heading-title elementor-size-default\">H\u00e4ufig angewandte Techniken in der Wirbels\u00e4ulenchirurgie<\/h2>\t\t\t\t<\/div>\n\t\t\t\t<\/div>\n\t\t\t\t<div class=\"elementor-element elementor-element-df2a015 elementor-widget elementor-widget-text-editor\" data-id=\"df2a015\" data-element_type=\"widget\" data-e-type=\"widget\" data-widget_type=\"text-editor.default\">\n\t\t\t\t<div class=\"elementor-widget-container\">\n\t\t\t\t\t\t\t\t\t<h3><strong>Endoskopische Wirbels\u00e4ulenchirurgie<\/strong><\/h3><p>Erm\u00f6glicht die Behandlung von Bandscheibenvorf\u00e4llen und Spinalkanalstenosen mit einem minimalen Schnitt.<\/p><p>\u201eMeiner Erfahrung nach zeigen Patienten deutlich kleinere, \u00e4sthetischere Narben und weniger Komplikationen.\u201c<br \/>\u2014 Dr. Augusto<br \/><br \/><\/p><h3><strong>Robotergest\u00fctzte Chirurgie und navigationsgest\u00fctzte Verfahren<\/strong><\/h3><p>\u201eRobotische Assistenz und chirurgische Navigation erm\u00f6glichen eine millimetergenaue Pr\u00e4zision, die fr\u00fcher undenkbar war. Das verbessert nicht nur die Ergebnisse, sondern gibt den Patienten auch Sicherheit.\u201c<br \/>\u2014 Dr. Gilete<br \/><br \/><\/p><h3><strong>XLIF und OLIF<\/strong><\/h3><p>Spezialisierte Verfahren, die seitliche Zug\u00e4nge zur Wirbels\u00e4ule nutzen und besonders schonend sind.<\/p><p>\u201eIch habe zahlreiche XLIF- und OLIF-Verfahren durchgef\u00fchrt und kann sagen, dass die Ergebnisse hinsichtlich der Erholung und Patientenzufriedenheit hervorragend sind.\u201c<br \/>\u2014 Dr. Gilete<\/p>\t\t\t\t\t\t\t\t<\/div>\n\t\t\t\t<\/div>\n\t\t\t\t\t<\/div>\n\t\t\t\t<\/div>\n\t\t<div class=\"elementor-element elementor-element-9330f3f e-flex e-con-boxed e-con e-parent\" data-id=\"9330f3f\" data-element_type=\"container\" data-e-type=\"container\">\n\t\t\t\t\t<div class=\"e-con-inner\">\n\t\t\t\t<div class=\"elementor-element elementor-element-54dd7d1 elementor-widget elementor-widget-heading\" data-id=\"54dd7d1\" data-element_type=\"widget\" data-e-type=\"widget\" data-widget_type=\"heading.default\">\n\t\t\t\t<div class=\"elementor-widget-container\">\n\t\t\t\t\t<h2 class=\"elementor-heading-title elementor-size-default\">F\u00fcr wen sind diese Techniken geeignet?<\/h2>\t\t\t\t<\/div>\n\t\t\t\t<\/div>\n\t\t\t\t<div class=\"elementor-element elementor-element-4d0fa91 elementor-widget elementor-widget-text-editor\" data-id=\"4d0fa91\" data-element_type=\"widget\" data-e-type=\"widget\" data-widget_type=\"text-editor.default\">\n\t\t\t\t<div class=\"elementor-widget-container\">\n\t\t\t\t\t\t\t\t\t<p>Geeignet f\u00fcr Patienten mit Diagnosen wie:<\/p><ul><li>Bandscheibenvorf\u00e4lle<\/li><li>Lumbale Spinalkanalstenose<\/li><li>Degenerative Bandscheibenerkrankungen<br \/><br \/><\/li><\/ul><p>Der geringere chirurgische Aufwand erm\u00f6glicht eine schnelle R\u00fcckkehr in den Alltag.<\/p>\t\t\t\t\t\t\t\t<\/div>\n\t\t\t\t<\/div>\n\t\t\t\t\t<\/div>\n\t\t\t\t<\/div>\n\t\t<div class=\"elementor-element elementor-element-39b4c43 e-flex e-con-boxed e-con e-parent\" data-id=\"39b4c43\" data-element_type=\"container\" data-e-type=\"container\">\n\t\t\t\t\t<div class=\"e-con-inner\">\n\t\t<div class=\"elementor-element elementor-element-142489a e-con-full e-flex e-con e-child\" data-id=\"142489a\" data-element_type=\"container\" data-e-type=\"container\">\n\t\t\t\t<div class=\"elementor-element elementor-element-ea15c2c elementor-widget elementor-widget-image\" data-id=\"ea15c2c\" data-element_type=\"widget\" data-e-type=\"widget\" data-widget_type=\"image.default\">\n\t\t\t\t<div class=\"elementor-widget-container\">\n\t\t\t\t\t\t\t\t\t\t\t\t\t\t\t<img decoding=\"async\" width=\"405\" height=\"270\" src=\"https:\/\/complexspineinstitute.com\/wp-content\/uploads\/2025\/04\/marcaje_preoperatorio_minimamente_invasivo.webp\" class=\"attachment-large size-large wp-image-1001\" alt=\"Marcaje preoperatorio en piel para cirug\u00eda de columna m\u00ednimamente invasiva\" srcset=\"https:\/\/complexspineinstitute.com\/wp-content\/uploads\/2025\/04\/marcaje_preoperatorio_minimamente_invasivo.webp 405w, https:\/\/complexspineinstitute.com\/wp-content\/uploads\/2025\/04\/marcaje_preoperatorio_minimamente_invasivo-300x200.webp 300w\" sizes=\"(max-width: 405px) 100vw, 405px\" \/>\t\t\t\t\t\t\t\t\t\t\t\t\t\t\t<\/div>\n\t\t\t\t<\/div>\n\t\t\t\t<\/div>\n\t\t<div class=\"elementor-element elementor-element-91cc4c5 e-con-full e-flex e-con e-child\" data-id=\"91cc4c5\" data-element_type=\"container\" data-e-type=\"container\">\n\t\t\t\t<div class=\"elementor-element elementor-element-5b1f90c elementor-widget elementor-widget-heading\" data-id=\"5b1f90c\" data-element_type=\"widget\" data-e-type=\"widget\" data-widget_type=\"heading.default\">\n\t\t\t\t<div class=\"elementor-widget-container\">\n\t\t\t\t\t<h2 class=\"elementor-heading-title elementor-size-default\">Genesung nach minimalinvasiver Wirbels\u00e4ulenchirurgie<\/h2>\t\t\t\t<\/div>\n\t\t\t\t<\/div>\n\t\t\t\t<div class=\"elementor-element elementor-element-58d3091 elementor-widget elementor-widget-text-editor\" data-id=\"58d3091\" data-element_type=\"widget\" data-e-type=\"widget\" data-widget_type=\"text-editor.default\">\n\t\t\t\t<div class=\"elementor-widget-container\">\n\t\t\t\t\t\t\t\t\t<p>Dank der schonenden Eingriffe k\u00f6nnen die meisten Patienten des Complex Spine Institute innerhalb von 24 bis 48 Stunden nach Hause entlassen werden.<\/p><p>\u201eDer reduzierte chirurgische Eingriff ist deutlich sp\u00fcrbar und erlaubt meinen Patienten eine schnelle R\u00fcckkehr zu ihren Alltagsaktivit\u00e4ten.\u201c<br \/>\u2014 Dr. Gilete<\/p>\t\t\t\t\t\t\t\t<\/div>\n\t\t\t\t<\/div>\n\t\t\t\t<\/div>\n\t\t\t\t\t<\/div>\n\t\t\t\t<\/div>\n\t\t<div class=\"elementor-element elementor-element-ea3f0c6 e-flex e-con-boxed e-con e-parent\" data-id=\"ea3f0c6\" data-element_type=\"container\" data-e-type=\"container\">\n\t\t\t\t\t<div class=\"e-con-inner\">\n\t\t\t\t<div class=\"elementor-element elementor-element-6d5f830 elementor-widget elementor-widget-heading\" data-id=\"6d5f830\" data-element_type=\"widget\" data-e-type=\"widget\" data-widget_type=\"heading.default\">\n\t\t\t\t<div class=\"elementor-widget-container\">\n\t\t\t\t\t<h2 class=\"elementor-heading-title elementor-size-default\">Warum das Complex Spine Institute?<\/h2>\t\t\t\t<\/div>\n\t\t\t\t<\/div>\n\t\t\t\t<div class=\"elementor-element elementor-element-5de217b elementor-widget elementor-widget-text-editor\" data-id=\"5de217b\" data-element_type=\"widget\" data-e-type=\"widget\" data-widget_type=\"text-editor.default\">\n\t\t\t\t<div class=\"elementor-widget-container\">\n\t\t\t\t\t\t\t\t\t<p>Das Complex Spine Institute ist f\u00fchrend auf dem Gebiet der minimalinvasiven Wirbels\u00e4ulenchirurgie dank internationaler Erfahrung und modernster Technologie. Wir bieten individuelle Betreuung und ma\u00dfgeschneiderte chirurgische L\u00f6sungen f\u00fcr jeden Patienten.<\/p><p><a href=\"https:\/\/complexspineinstitute.com\/de\/complex-spine-institute\/de\/complex-spine-institute\/de\/complex-spine-institute\/de\/complex-spine-institute\/de\/complex-spine-institute\/de\/complex-spine-institute\/de\/complex-spine-institute\/de\/bewertung-anfordern\/\"><strong>Vereinbaren Sie einen Termin f\u00fcr eine individuelle Beratung.<\/strong><\/a><\/p>\t\t\t\t\t\t\t\t<\/div>\n\t\t\t\t<\/div>\n\t\t\t\t\t<\/div>\n\t\t\t\t<\/div>\n\t\t<div class=\"elementor-element elementor-element-6dbf6f11 e-flex e-con-boxed e-con e-parent\" data-id=\"6dbf6f11\" data-element_type=\"container\" data-e-type=\"container\">\n\t\t\t\t\t<div class=\"e-con-inner\">\n\t\t\t\t<div class=\"elementor-element elementor-element-5c45b658 elementor-widget elementor-widget-text-editor\" data-id=\"5c45b658\" data-element_type=\"widget\" data-e-type=\"widget\" data-widget_type=\"text-editor.default\">\n\t\t\t\t<div class=\"elementor-widget-container\">\n\t\t\t\t\t\t\t\t\t<aside class=\"author-signature\" role=\"doc-credits\"><address>\u00dcberpr\u00fcft und genehmigt von <strong>Dr. Vicen\u00e7 Gilete, MD<\/strong>, Neurochirurg, und <strong>Dr.\u00a0Augusto\u00a0Covaro, MD<\/strong>, orthop\u00e4discher Chirurg<\/address><address>Complex\u00a0Spine\u00a0Institute \u00b7 Barcelona | <time datetime=\"2025-04-17\">18.\u00a0April\u00a02025<\/time><\/address><address><a href=\"https:\/\/complexspineinstitute.com\/de\/complex-spine-institute\/de\/complex-spine-institute\/de\/complex-spine-institute\/de\/complex-spine-institute\/de\/complex-spine-institute\/de\/complex-spine-institute\/de\/complex-spine-institute\/de\/institut\/#medizinisches_team\" rel=\"author\">Biografien und Publikationen ansehen<\/a><\/address><\/aside>\t\t\t\t\t\t\t\t<\/div>\n\t\t\t\t<\/div>\n\t\t\t\t\t<\/div>\n\t\t\t\t<\/div>\n\t\t\t\t<\/div>\n\t\t","protected":false},"excerpt":{"rendered":"<p>Minimalinvasive Techniken in der Wirbels\u00e4ulenchirurgie Was sind minimalinvasive Techniken? Minimalinvasive Verfahren sind chirurgische Techniken, bei denen kleine Hautschnitte und moderne Technologien eingesetzt werden, um Wirbels\u00e4ulenprobleme pr\u00e4zise zu behandeln und die Belastung f\u00fcr den Patienten deutlich zu reduzieren. \u201eIch habe bei meinen Patienten eine signifikante Reduktion der postoperativen Schmerzen und eine durchweg schnellere Erholung beobachtet, insbesondere [&hellip;]<\/p>\n","protected":false},"author":1,"featured_media":421,"parent":1427,"menu_order":0,"comment_status":"closed","ping_status":"closed","template":"","meta":{"footnotes":""},"class_list":["post-1620","page","type-page","status-publish","has-post-thumbnail","hentry"],"_links":{"self":[{"href":"https:\/\/complexspineinstitute.com\/de\/wp-json\/wp\/v2\/pages\/1620","targetHints":{"allow":["GET"]}}],"collection":[{"href":"https:\/\/complexspineinstitute.com\/de\/wp-json\/wp\/v2\/pages"}],"about":[{"href":"https:\/\/complexspineinstitute.com\/de\/wp-json\/wp\/v2\/types\/page"}],"author":[{"embeddable":true,"href":"https:\/\/complexspineinstitute.com\/de\/wp-json\/wp\/v2\/users\/1"}],"replies":[{"embeddable":true,"href":"https:\/\/complexspineinstitute.com\/de\/wp-json\/wp\/v2\/comments?post=1620"}],"version-history":[{"count":0,"href":"https:\/\/complexspineinstitute.com\/de\/wp-json\/wp\/v2\/pages\/1620\/revisions"}],"up":[{"embeddable":true,"href":"https:\/\/complexspineinstitute.com\/de\/wp-json\/wp\/v2\/pages\/1427"}],"wp:featuredmedia":[{"embeddable":true,"href":"https:\/\/complexspineinstitute.com\/de\/wp-json\/wp\/v2\/media\/421"}],"wp:attachment":[{"href":"https:\/\/complexspineinstitute.com\/de\/wp-json\/wp\/v2\/media?parent=1620"}],"curies":[{"name":"wp","href":"https:\/\/api.w.org\/{rel}","templated":true}]}}