{"id":1602,"date":"2025-04-17T12:00:56","date_gmt":"2025-04-17T10:00:56","guid":{"rendered":"https:\/\/complexspineinstitute.com\/reemplazo-de-disco-lumbar\/"},"modified":"2025-07-28T13:07:19","modified_gmt":"2025-07-28T11:07:19","slug":"bandscheibenersatz-in-der-lendenwirbelsaeule","status":"publish","type":"page","link":"https:\/\/complexspineinstitute.com\/de\/behandlungen\/bandscheibenersatz-in-der-lendenwirbelsaeule\/","title":{"rendered":"Bandscheibenersatz in der Lendenwirbels\u00e4ule"},"content":{"rendered":"\t\t<div data-elementor-type=\"wp-page\" data-elementor-id=\"1602\" class=\"elementor elementor-1602 elementor-1303\" data-elementor-post-type=\"page\">\n\t\t\t\t<div class=\"elementor-element elementor-element-232de56 e-flex e-con-boxed e-con e-parent\" data-id=\"232de56\" data-element_type=\"container\" data-e-type=\"container\">\n\t\t\t\t\t<div class=\"e-con-inner\">\n\t\t\t\t<div class=\"elementor-element elementor-element-d77e2fd elementor-widget elementor-widget-heading\" data-id=\"d77e2fd\" data-element_type=\"widget\" data-e-type=\"widget\" data-widget_type=\"heading.default\">\n\t\t\t\t<div class=\"elementor-widget-container\">\n\t\t\t\t\t<h1 class=\"elementor-heading-title elementor-size-default\">Lumbaler Bandscheibenersatz: Operation, Erholung und moderne Alternativen<\/h1>\t\t\t\t<\/div>\n\t\t\t\t<\/div>\n\t\t\t\t\t<\/div>\n\t\t\t\t<\/div>\n\t\t<div class=\"elementor-element elementor-element-4b39ac2 e-flex e-con-boxed e-con e-parent\" data-id=\"4b39ac2\" data-element_type=\"container\" data-e-type=\"container\">\n\t\t\t\t\t<div class=\"e-con-inner\">\n\t\t<div class=\"elementor-element elementor-element-ac5c5ad e-con-full e-flex e-con e-child\" data-id=\"ac5c5ad\" data-element_type=\"container\" data-e-type=\"container\">\n\t\t\t\t<div class=\"elementor-element elementor-element-2fa35e2 elementor-widget elementor-widget-heading\" data-id=\"2fa35e2\" data-element_type=\"widget\" data-e-type=\"widget\" data-widget_type=\"heading.default\">\n\t\t\t\t<div class=\"elementor-widget-container\">\n\t\t\t\t\t<h2 class=\"elementor-heading-title elementor-size-default\">Was ist ein lumbaler Bandscheibenersatz und wann wird er empfohlen?<\/h2>\t\t\t\t<\/div>\n\t\t\t\t<\/div>\n\t\t\t\t<div class=\"elementor-element elementor-element-125a027 elementor-widget elementor-widget-text-editor\" data-id=\"125a027\" data-element_type=\"widget\" data-e-type=\"widget\" data-widget_type=\"text-editor.default\">\n\t\t\t\t<div class=\"elementor-widget-container\">\n\t\t\t\t\t\t\t\t\t<p>Der lumbale Bandscheibenersatz, auch bekannt als lumbale Bandscheibenprothese oder Bandscheibenarthroplastik, ist ein fortschrittliches chirurgisches Verfahren zur Behandlung chronischer R\u00fcckenschmerzen, die durch eine degenerative Bandscheibenerkrankung verursacht werden. Im Gegensatz zur Wirbels\u00e4ulenversteifung zielt diese Methode darauf ab, die nat\u00fcrliche Beweglichkeit der Wirbels\u00e4ule zu erhalten, indem eine k\u00fcnstliche Bandscheibe implantiert wird.<\/p><p>In unserer t\u00e4glichen Praxis am Complex Spine Institute konnten wir vielen Patientinnen und Patienten helfen, die nach Jahren chronischer Schmerzen und erfolgloser konservativer Therapien durch diese Operation eine dauerhafte L\u00f6sung fanden.<\/p><p>\u201eUnsere Eingriffe reichen von kraniozervikalen Fusionen \u00fcber komplexe Eingriffe bei zervikaler Myelopathie bis hin zum Bandscheibenersatz. Der Einsatz modernster Technik und die Betreuung seltener Krankheitsbilder sind f\u00fcr uns zentral.\u201c \u2014 Dr. Vicen\u00e7 Gilete<\/p>\t\t\t\t\t\t\t\t<\/div>\n\t\t\t\t<\/div>\n\t\t\t\t<\/div>\n\t\t<div class=\"elementor-element elementor-element-8469aec e-con-full e-flex e-con e-child\" data-id=\"8469aec\" data-element_type=\"container\" data-e-type=\"container\">\n\t\t\t\t<div class=\"elementor-element elementor-element-658a1ab elementor-widget elementor-widget-image\" data-id=\"658a1ab\" data-element_type=\"widget\" data-e-type=\"widget\" data-widget_type=\"image.default\">\n\t\t\t\t<div class=\"elementor-widget-container\">\n\t\t\t\t\t\t\t\t\t\t\t\t\t\t\t<img fetchpriority=\"high\" decoding=\"async\" width=\"800\" height=\"447\" src=\"https:\/\/complexspineinstitute.com\/wp-content\/uploads\/2025\/04\/radiografias_artrodesis_lumbar_multinivel_vs_implantes_intersomaticos-1024x572.webp\" class=\"attachment-large size-large wp-image-949\" alt=\"Comparativa de radiograf\u00edas con artrodesis lumbar multinivel y pr\u00f3tesis intersom\u00e1ticas\" srcset=\"https:\/\/complexspineinstitute.com\/wp-content\/uploads\/2025\/04\/radiografias_artrodesis_lumbar_multinivel_vs_implantes_intersomaticos-1024x572.webp 1024w, https:\/\/complexspineinstitute.com\/wp-content\/uploads\/2025\/04\/radiografias_artrodesis_lumbar_multinivel_vs_implantes_intersomaticos-300x167.webp 300w, https:\/\/complexspineinstitute.com\/wp-content\/uploads\/2025\/04\/radiografias_artrodesis_lumbar_multinivel_vs_implantes_intersomaticos-768x429.webp 768w, https:\/\/complexspineinstitute.com\/wp-content\/uploads\/2025\/04\/radiografias_artrodesis_lumbar_multinivel_vs_implantes_intersomaticos.webp 1236w\" sizes=\"(max-width: 800px) 100vw, 800px\" \/>\t\t\t\t\t\t\t\t\t\t\t\t\t\t\t<\/div>\n\t\t\t\t<\/div>\n\t\t\t\t<div class=\"elementor-element elementor-element-1bae880 elementor-widget elementor-widget-image\" data-id=\"1bae880\" data-element_type=\"widget\" data-e-type=\"widget\" data-widget_type=\"image.default\">\n\t\t\t\t<div class=\"elementor-widget-container\">\n\t\t\t\t\t\t\t\t\t\t\t\t\t\t\t<img decoding=\"async\" width=\"800\" height=\"610\" src=\"https:\/\/complexspineinstitute.com\/wp-content\/uploads\/2025\/04\/rm_lumbar_preoperatoria_vs_rx_post_artrodesis_intersomatica-1024x781.webp\" class=\"attachment-large size-large wp-image-929\" alt=\"Comparaci\u00f3n entre resonancia lumbar preoperatoria y radiograf\u00eda postoperatoria tras artrodesis intersom\u00e1tica\" srcset=\"https:\/\/complexspineinstitute.com\/wp-content\/uploads\/2025\/04\/rm_lumbar_preoperatoria_vs_rx_post_artrodesis_intersomatica-1024x781.webp 1024w, https:\/\/complexspineinstitute.com\/wp-content\/uploads\/2025\/04\/rm_lumbar_preoperatoria_vs_rx_post_artrodesis_intersomatica-300x229.webp 300w, https:\/\/complexspineinstitute.com\/wp-content\/uploads\/2025\/04\/rm_lumbar_preoperatoria_vs_rx_post_artrodesis_intersomatica-768x585.webp 768w, https:\/\/complexspineinstitute.com\/wp-content\/uploads\/2025\/04\/rm_lumbar_preoperatoria_vs_rx_post_artrodesis_intersomatica.webp 1300w\" sizes=\"(max-width: 800px) 100vw, 800px\" \/>\t\t\t\t\t\t\t\t\t\t\t\t\t\t\t<\/div>\n\t\t\t\t<\/div>\n\t\t\t\t<\/div>\n\t\t\t\t\t<\/div>\n\t\t\t\t<\/div>\n\t\t<div class=\"elementor-element elementor-element-e5c65d0 e-flex e-con-boxed e-con e-parent\" data-id=\"e5c65d0\" data-element_type=\"container\" data-e-type=\"container\">\n\t\t\t\t\t<div class=\"e-con-inner\">\n\t\t\t\t<div class=\"elementor-element elementor-element-575cc30 elementor-widget elementor-widget-video\" data-id=\"575cc30\" data-element_type=\"widget\" data-e-type=\"widget\" data-settings=\"{&quot;video_type&quot;:&quot;hosted&quot;,&quot;controls&quot;:&quot;yes&quot;}\" data-widget_type=\"video.default\">\n\t\t\t\t<div class=\"elementor-widget-container\">\n\t\t\t\t\t\t\t<div class=\"e-hosted-video elementor-wrapper elementor-open-inline\">\n\t\t\t\t\t<video class=\"elementor-video\" src=\"https:\/\/complexspineinstitute.com\/de\/complex-spine-institute\/de\/complex-spine-institute\/de\/complex-spine-institute\/de\/complex-spine-institute\/de\/complex-spine-institute\/de\/complex-spine-institute\/de\/complex-spine-institute\/wp-content\/uploads\/2025\/07\/Protesis-disco-Lumbar-Complex.mp4\" controls=\"\" preload=\"metadata\" controlsList=\"nodownload\"><\/video>\n\t\t\t\t<\/div>\n\t\t\t\t\t\t<\/div>\n\t\t\t\t<\/div>\n\t\t\t\t\t<\/div>\n\t\t\t\t<\/div>\n\t\t<div class=\"elementor-element elementor-element-9f3cd78 e-flex e-con-boxed e-con e-parent\" data-id=\"9f3cd78\" data-element_type=\"container\" data-e-type=\"container\">\n\t\t\t\t\t<div class=\"e-con-inner\">\n\t\t\t\t<div class=\"elementor-element elementor-element-a8baf8a elementor-widget elementor-widget-heading\" data-id=\"a8baf8a\" data-element_type=\"widget\" data-e-type=\"widget\" data-widget_type=\"heading.default\">\n\t\t\t\t<div class=\"elementor-widget-container\">\n\t\t\t\t\t<h2 class=\"elementor-heading-title elementor-size-default\">Indikationen f\u00fcr den Bandscheibenersatz<\/h2>\t\t\t\t<\/div>\n\t\t\t\t<\/div>\n\t\t\t\t<div class=\"elementor-element elementor-element-46efeae elementor-widget elementor-widget-text-editor\" data-id=\"46efeae\" data-element_type=\"widget\" data-e-type=\"widget\" data-widget_type=\"text-editor.default\">\n\t\t\t\t<div class=\"elementor-widget-container\">\n\t\t\t\t\t\t\t\t\t<p>Eine Operation ist in folgenden F\u00e4llen angezeigt:<\/p><ul><li>Chronische R\u00fcckenschmerzen durch Bandscheibendegeneration<\/li><li>Versagen konservativer Behandlungen (Physiotherapie, Infiltrationen, Radiofrequenztherapie)<\/li><li>Erhalt der Bandscheibenh\u00f6he ohne schwere Gelenkver\u00e4nderungen<\/li><li>Erfordernis, die segmentale Beweglichkeit der Lendenwirbels\u00e4ule zu bewahren<br \/><br \/><\/li><\/ul><p>Der Eingriff wird \u00fcblicherweise an den Segmenten L4-L5 oder L5-S1 durchgef\u00fchrt. Am Complex Spine Institute f\u00fchren wir umfassende radiologische Untersuchungen (CT, MRT, dynamische Aufnahmen) durch, um die Eignung des Patienten sicherzustellen.<\/p>\t\t\t\t\t\t\t\t<\/div>\n\t\t\t\t<\/div>\n\t\t\t\t\t<\/div>\n\t\t\t\t<\/div>\n\t\t<div class=\"elementor-element elementor-element-39b4c43 e-flex e-con-boxed e-con e-parent\" data-id=\"39b4c43\" data-element_type=\"container\" data-e-type=\"container\">\n\t\t\t\t\t<div class=\"e-con-inner\">\n\t\t<div class=\"elementor-element elementor-element-142489a e-con-full e-flex e-con e-child\" data-id=\"142489a\" data-element_type=\"container\" data-e-type=\"container\">\n\t\t\t\t<div class=\"elementor-element elementor-element-ea15c2c elementor-widget elementor-widget-image\" data-id=\"ea15c2c\" data-element_type=\"widget\" data-e-type=\"widget\" data-widget_type=\"image.default\">\n\t\t\t\t<div class=\"elementor-widget-container\">\n\t\t\t\t\t\t\t\t\t\t\t\t\t\t\t<img decoding=\"async\" width=\"567\" height=\"346\" src=\"https:\/\/complexspineinstitute.com\/wp-content\/uploads\/2025\/04\/protesis_de_disco_lumbar_movel_con_superficie_espinosa.webp\" class=\"attachment-large size-large wp-image-993\" alt=\"Pr\u00f3tesis de disco lumbar m\u00f3vil con superficie espinosa para fijaci\u00f3n vertebral\" srcset=\"https:\/\/complexspineinstitute.com\/wp-content\/uploads\/2025\/04\/protesis_de_disco_lumbar_movel_con_superficie_espinosa.webp 567w, https:\/\/complexspineinstitute.com\/wp-content\/uploads\/2025\/04\/protesis_de_disco_lumbar_movel_con_superficie_espinosa-300x183.webp 300w\" sizes=\"(max-width: 567px) 100vw, 567px\" \/>\t\t\t\t\t\t\t\t\t\t\t\t\t\t\t<\/div>\n\t\t\t\t<\/div>\n\t\t\t\t<\/div>\n\t\t<div class=\"elementor-element elementor-element-91cc4c5 e-con-full e-flex e-con e-child\" data-id=\"91cc4c5\" data-element_type=\"container\" data-e-type=\"container\">\n\t\t\t\t<div class=\"elementor-element elementor-element-5b1f90c elementor-widget elementor-widget-heading\" data-id=\"5b1f90c\" data-element_type=\"widget\" data-e-type=\"widget\" data-widget_type=\"heading.default\">\n\t\t\t\t<div class=\"elementor-widget-container\">\n\t\t\t\t\t<h2 class=\"elementor-heading-title elementor-size-default\">Wie l\u00e4uft die Operation ab?<\/h2>\t\t\t\t<\/div>\n\t\t\t\t<\/div>\n\t\t\t\t<div class=\"elementor-element elementor-element-58d3091 elementor-widget elementor-widget-text-editor\" data-id=\"58d3091\" data-element_type=\"widget\" data-e-type=\"widget\" data-widget_type=\"text-editor.default\">\n\t\t\t\t<div class=\"elementor-widget-container\">\n\t\t\t\t\t\t\t\t\t<p>Das Verfahren umfasst die Entfernung der gesch\u00e4digten Bandscheibe und das Einsetzen einer biokompatiblen Prothese aus Titan und Polymer, die die nat\u00fcrliche Beweglichkeit der Wirbels\u00e4ule imitiert.<\/p><p>\u201eDurch anterolaterale und minimalinvasive Zug\u00e4nge k\u00f6nnen wir die Wirbels\u00e4ulenkr\u00fcmmung und Beweglichkeit erhalten und typische Komplikationen der Versteifung vermeiden.\u201c \u2014 Dr. Augusto Covaro<\/p><p>Der Zugang zur Bandscheibe erfolgt durch einen kleinen Bauchschnitt von 5\u20138 cm. Die Operation wird mit computergest\u00fctzter Navigation und intraoperativem CT unter h\u00f6chster Pr\u00e4zision durchgef\u00fchrt.<\/p>\t\t\t\t\t\t\t\t<\/div>\n\t\t\t\t<\/div>\n\t\t\t\t<\/div>\n\t\t\t\t\t<\/div>\n\t\t\t\t<\/div>\n\t\t<div class=\"elementor-element elementor-element-d2e54b6 e-flex e-con-boxed e-con e-parent\" data-id=\"d2e54b6\" data-element_type=\"container\" data-e-type=\"container\">\n\t\t\t\t\t<div class=\"e-con-inner\">\n\t\t\t\t<div class=\"elementor-element elementor-element-a554fab elementor-widget elementor-widget-heading\" data-id=\"a554fab\" data-element_type=\"widget\" data-e-type=\"widget\" data-widget_type=\"heading.default\">\n\t\t\t\t<div class=\"elementor-widget-container\">\n\t\t\t\t\t<h2 class=\"elementor-heading-title elementor-size-default\">Vorteile gegen\u00fcber der klassischen Versteifung<\/h2>\t\t\t\t<\/div>\n\t\t\t\t<\/div>\n\t\t\t\t<div class=\"elementor-element elementor-element-df2a015 elementor-widget elementor-widget-text-editor\" data-id=\"df2a015\" data-element_type=\"widget\" data-e-type=\"widget\" data-widget_type=\"text-editor.default\">\n\t\t\t\t<div class=\"elementor-widget-container\">\n\t\t\t\t\t\t\t\t\t<p>Der Bandscheibenersatz in der Lendenwirbels\u00e4ule bietet hervorragende klinische und funktionelle Vorteile:<\/p><p>\u00a0<\/p><ul><li>Erhalt der nat\u00fcrlichen Beweglichkeit der Lendenwirbels\u00e4ule<\/li><li>Geringeres Risiko der Degeneration angrenzender Segmente<\/li><li>Schnellere Genesung<\/li><li>Weniger Blutverlust w\u00e4hrend der Operation<\/li><li>Deutliche Schmerzreduktion und funktionelle Verbesserung<br \/><br \/><\/li><\/ul><p>F\u00fcr junge oder aktive Patientinnen und Patienten stellt diese Option eine schonendere und physiologischere Alternative zur Versteifung dar.<\/p>\t\t\t\t\t\t\t\t<\/div>\n\t\t\t\t<\/div>\n\t\t\t\t\t<\/div>\n\t\t\t\t<\/div>\n\t\t<div class=\"elementor-element elementor-element-9330f3f e-flex e-con-boxed e-con e-parent\" data-id=\"9330f3f\" data-element_type=\"container\" data-e-type=\"container\">\n\t\t\t\t\t<div class=\"e-con-inner\">\n\t\t\t\t<div class=\"elementor-element elementor-element-54dd7d1 elementor-widget elementor-widget-heading\" data-id=\"54dd7d1\" data-element_type=\"widget\" data-e-type=\"widget\" data-widget_type=\"heading.default\">\n\t\t\t\t<div class=\"elementor-widget-container\">\n\t\t\t\t\t<h2 class=\"elementor-heading-title elementor-size-default\">Unsere Expertise<\/h2>\t\t\t\t<\/div>\n\t\t\t\t<\/div>\n\t\t\t\t<div class=\"elementor-element elementor-element-4d0fa91 elementor-widget elementor-widget-text-editor\" data-id=\"4d0fa91\" data-element_type=\"widget\" data-e-type=\"widget\" data-widget_type=\"text-editor.default\">\n\t\t\t\t<div class=\"elementor-widget-container\">\n\t\t\t\t\t\t\t\t\t<p>Im Complex Spine Institute unter der Leitung von Dr. Augusto Covaro und Dr. Vicen\u00e7 Gilete f\u00fchren wir j\u00e4hrlich zahlreiche Bandscheibenersatzoperationen durch. Dank individueller Planung und neuester Technologien erzielen wir hervorragende Ergebnisse \u2013 selbst bei Patientinnen und Patienten mit fehlgeschlagenen Voroperationen.<\/p><p>\u201eWir bieten effektive L\u00f6sungen, die die Lebensqualit\u00e4t deutlich verbessern. Komplexe F\u00e4lle werden pers\u00f6nlich mit robotischer Technik und 3D-Visualisierung betreut.\u201c \u2014 Dr. Augusto Covaro<\/p><p>Unsere Erfahrung mit seltenen Erkrankungen wie dem Ehlers-Danlos-Syndrom erm\u00f6glicht uns eine pr\u00e4zise, ganzheitliche Betreuung auch f\u00fcr schwer zu behandelnde F\u00e4lle.<\/p>\t\t\t\t\t\t\t\t<\/div>\n\t\t\t\t<\/div>\n\t\t\t\t\t<\/div>\n\t\t\t\t<\/div>\n\t\t<div class=\"elementor-element elementor-element-25211e3 e-flex e-con-boxed e-con e-parent\" data-id=\"25211e3\" data-element_type=\"container\" data-e-type=\"container\">\n\t\t\t\t\t<div class=\"e-con-inner\">\n\t\t\t\t<div class=\"elementor-element elementor-element-532b55a elementor-widget elementor-widget-heading\" data-id=\"532b55a\" data-element_type=\"widget\" data-e-type=\"widget\" data-widget_type=\"heading.default\">\n\t\t\t\t<div class=\"elementor-widget-container\">\n\t\t\t\t\t<h2 class=\"elementor-heading-title elementor-size-default\">Erholung nach dem Eingriff<\/h2>\t\t\t\t<\/div>\n\t\t\t\t<\/div>\n\t\t\t\t<div class=\"elementor-element elementor-element-aa1eebb elementor-widget elementor-widget-text-editor\" data-id=\"aa1eebb\" data-element_type=\"widget\" data-e-type=\"widget\" data-widget_type=\"text-editor.default\">\n\t\t\t\t<div class=\"elementor-widget-container\">\n\t\t\t\t\t\t\t\t\t<p>Ein gro\u00dfer Vorteil des lumbalen Bandscheibenersatzes ist die schnelle Erholung:<\/p><ul><li>Krankenhausentlassung in 24\u201348 Stunden<\/li><li>Wiedereinstieg in leichte Aktivit\u00e4ten nach ca. 1 Woche<\/li><li>R\u00fcckkehr zu Arbeit und Sport nach 4\u20136 Wochen<\/li><\/ul><p>Unser Team aus Physiotherapeutinnen und Rehabilitationsspezialisten begleitet jede Patientin und jeden Patienten mit einem individuellen Therapieplan.<\/p>\t\t\t\t\t\t\t\t<\/div>\n\t\t\t\t<\/div>\n\t\t\t\t\t<\/div>\n\t\t\t\t<\/div>\n\t\t<div class=\"elementor-element elementor-element-1b14a88 e-flex e-con-boxed e-con e-parent\" data-id=\"1b14a88\" data-element_type=\"container\" data-e-type=\"container\">\n\t\t\t\t\t<div class=\"e-con-inner\">\n\t\t\t\t<div class=\"elementor-element elementor-element-d29bec7 elementor-widget elementor-widget-heading\" data-id=\"d29bec7\" data-element_type=\"widget\" data-e-type=\"widget\" data-widget_type=\"heading.default\">\n\t\t\t\t<div class=\"elementor-widget-container\">\n\t\t\t\t\t<h2 class=\"elementor-heading-title elementor-size-default\">F\u00fcr wen ist die Operation nicht geeignet?<\/h2>\t\t\t\t<\/div>\n\t\t\t\t<\/div>\n\t\t\t\t<div class=\"elementor-element elementor-element-f1a8c27 elementor-widget elementor-widget-text-editor\" data-id=\"f1a8c27\" data-element_type=\"widget\" data-e-type=\"widget\" data-widget_type=\"text-editor.default\">\n\t\t\t\t<div class=\"elementor-widget-container\">\n\t\t\t\t\t\t\t\t\t<p>Der Bandscheibenersatz ist nicht f\u00fcr alle Betroffenen geeignet. Gegenanzeigen sind unter anderem:<\/p><ul><li>Ausgepr\u00e4gte Osteoporose<\/li><li>Instabilit\u00e4t der Wirbels\u00e4ule oder Spondylolisthesis<\/li><li>Voroperationen mit starker Fehlstellung<\/li><li>Aktive Infektionen oder Tumorerkrankungen<\/li><\/ul><p>Jeder Fall wird mithilfe modernster Diagnostik und eines multidisziplin\u00e4ren Teams sorgf\u00e4ltig gepr\u00fcft.<\/p>\t\t\t\t\t\t\t\t<\/div>\n\t\t\t\t<\/div>\n\t\t\t\t\t<\/div>\n\t\t\t\t<\/div>\n\t\t<div class=\"elementor-element elementor-element-3add448 e-flex e-con-boxed e-con e-parent\" data-id=\"3add448\" data-element_type=\"container\" data-e-type=\"container\">\n\t\t\t\t\t<div class=\"e-con-inner\">\n\t\t\t\t<div class=\"elementor-element elementor-element-7e40179 elementor-widget elementor-widget-heading\" data-id=\"7e40179\" data-element_type=\"widget\" data-e-type=\"widget\" data-widget_type=\"heading.default\">\n\t\t\t\t<div class=\"elementor-widget-container\">\n\t\t\t\t\t<h2 class=\"elementor-heading-title elementor-size-default\">Moderne Alternativen: ein integrativer Ansatz<\/h2>\t\t\t\t<\/div>\n\t\t\t\t<\/div>\n\t\t\t\t<div class=\"elementor-element elementor-element-7fe2507 elementor-widget elementor-widget-text-editor\" data-id=\"7fe2507\" data-element_type=\"widget\" data-e-type=\"widget\" data-widget_type=\"text-editor.default\">\n\t\t\t\t<div class=\"elementor-widget-container\">\n\t\t\t\t\t\t\t\t\t<p>Wenn ein Bandscheibenersatz nicht m\u00f6glich ist, bieten wir weitere minimalinvasive Verfahren an:<\/p><ul><li>Wirbels\u00e4ulenfusion mittels XLIF \/ OLIF<\/li><li>Regenerative Zelltherapie mit Stammzellen<\/li><li>Pulsierende Radiofrequenztherapie<\/li><li>Endoskopische Wirbels\u00e4ulenchirurgie<br \/><br \/><\/li><\/ul><p>Diese Methoden helfen, Schmerzen zu lindern, die Funktion zu verbessern und R\u00fcckf\u00e4lle zu verhindern.<\/p>\t\t\t\t\t\t\t\t<\/div>\n\t\t\t\t<\/div>\n\t\t\t\t\t<\/div>\n\t\t\t\t<\/div>\n\t\t<div class=\"elementor-element elementor-element-93e946a e-flex e-con-boxed e-con e-parent\" data-id=\"93e946a\" data-element_type=\"container\" data-e-type=\"container\">\n\t\t\t\t\t<div class=\"e-con-inner\">\n\t\t\t\t<div class=\"elementor-element elementor-element-f583a5b elementor-widget elementor-widget-heading\" data-id=\"f583a5b\" data-element_type=\"widget\" data-e-type=\"widget\" data-widget_type=\"heading.default\">\n\t\t\t\t<div class=\"elementor-widget-container\">\n\t\t\t\t\t<h2 class=\"elementor-heading-title elementor-size-default\">Wann ist eine Beratung sinnvoll?<\/h2>\t\t\t\t<\/div>\n\t\t\t\t<\/div>\n\t\t\t\t<div class=\"elementor-element elementor-element-4d62e05 elementor-widget elementor-widget-text-editor\" data-id=\"4d62e05\" data-element_type=\"widget\" data-e-type=\"widget\" data-widget_type=\"text-editor.default\">\n\t\t\t\t<div class=\"elementor-widget-container\">\n\t\t\t\t\t\t\t\t\t<p>Wenn Sie seit l\u00e4ngerer Zeit an R\u00fcckenschmerzen leiden oder Ihnen eine Versteifungsoperation empfohlen wurde, ist jetzt der richtige Moment, um neue M\u00f6glichkeiten zu pr\u00fcfen. Der Bandscheibenersatz kann genau die L\u00f6sung sein, die Sie suchen.<\/p><p>Sie k\u00f6nnen uns Ihre Unterlagen zusenden oder einen unverbindlichen Online-<a href=\"https:\/\/complexspineinstitute.com\/de\/complex-spine-institute\/de\/complex-spine-institute\/de\/complex-spine-institute\/de\/complex-spine-institute\/de\/complex-spine-institute\/de\/complex-spine-institute\/de\/complex-spine-institute\/de\/bewertung-anfordern\/\">Termin vereinbaren<\/a>. Wir betreuen internationale Patienten in mehreren Sprachen und begleiten Sie durch den gesamten Prozess.<\/p>\t\t\t\t\t\t\t\t<\/div>\n\t\t\t\t<\/div>\n\t\t\t\t\t<\/div>\n\t\t\t\t<\/div>\n\t\t<div class=\"elementor-element elementor-element-6dbf6f11 e-flex e-con-boxed e-con e-parent\" data-id=\"6dbf6f11\" data-element_type=\"container\" data-e-type=\"container\">\n\t\t\t\t\t<div class=\"e-con-inner\">\n\t\t\t\t<div class=\"elementor-element elementor-element-5c45b658 elementor-widget elementor-widget-text-editor\" data-id=\"5c45b658\" data-element_type=\"widget\" data-e-type=\"widget\" data-widget_type=\"text-editor.default\">\n\t\t\t\t<div class=\"elementor-widget-container\">\n\t\t\t\t\t\t\t\t\t<aside class=\"author-signature\" role=\"doc-credits\"><address>\u00dcberpr\u00fcft und genehmigt von <strong>Dr. Vicen\u00e7 Gilete, MD<\/strong>, Neurochirurg, und <strong>Dr.\u00a0Augusto\u00a0Covaro, MD<\/strong>, orthop\u00e4discher Chirurg<\/address><address>Complex\u00a0Spine\u00a0Institute \u00b7 Barcelona | <time datetime=\"2025-04-17\">18.\u00a0April\u00a02025<\/time><\/address><address><a href=\"https:\/\/complexspineinstitute.com\/de\/complex-spine-institute\/de\/complex-spine-institute\/de\/complex-spine-institute\/de\/complex-spine-institute\/de\/complex-spine-institute\/de\/complex-spine-institute\/de\/complex-spine-institute\/de\/institut\/#medizinisches_team\" rel=\"author\">Biografien und Publikationen ansehen<\/a><\/address><\/aside>\t\t\t\t\t\t\t\t<\/div>\n\t\t\t\t<\/div>\n\t\t\t\t\t<\/div>\n\t\t\t\t<\/div>\n\t\t\t\t<\/div>\n\t\t","protected":false},"excerpt":{"rendered":"<p>Lumbaler Bandscheibenersatz: Operation, Erholung und moderne Alternativen Was ist ein lumbaler Bandscheibenersatz und wann wird er empfohlen? Der lumbale Bandscheibenersatz, auch bekannt als lumbale Bandscheibenprothese oder Bandscheibenarthroplastik, ist ein fortschrittliches chirurgisches Verfahren zur Behandlung chronischer R\u00fcckenschmerzen, die durch eine degenerative Bandscheibenerkrankung verursacht werden. Im Gegensatz zur Wirbels\u00e4ulenversteifung zielt diese Methode darauf ab, die nat\u00fcrliche Beweglichkeit [&hellip;]<\/p>\n","protected":false},"author":1,"featured_media":993,"parent":1427,"menu_order":0,"comment_status":"closed","ping_status":"closed","template":"","meta":{"footnotes":""},"class_list":["post-1602","page","type-page","status-publish","has-post-thumbnail","hentry"],"_links":{"self":[{"href":"https:\/\/complexspineinstitute.com\/de\/wp-json\/wp\/v2\/pages\/1602","targetHints":{"allow":["GET"]}}],"collection":[{"href":"https:\/\/complexspineinstitute.com\/de\/wp-json\/wp\/v2\/pages"}],"about":[{"href":"https:\/\/complexspineinstitute.com\/de\/wp-json\/wp\/v2\/types\/page"}],"author":[{"embeddable":true,"href":"https:\/\/complexspineinstitute.com\/de\/wp-json\/wp\/v2\/users\/1"}],"replies":[{"embeddable":true,"href":"https:\/\/complexspineinstitute.com\/de\/wp-json\/wp\/v2\/comments?post=1602"}],"version-history":[{"count":0,"href":"https:\/\/complexspineinstitute.com\/de\/wp-json\/wp\/v2\/pages\/1602\/revisions"}],"up":[{"embeddable":true,"href":"https:\/\/complexspineinstitute.com\/de\/wp-json\/wp\/v2\/pages\/1427"}],"wp:featuredmedia":[{"embeddable":true,"href":"https:\/\/complexspineinstitute.com\/de\/wp-json\/wp\/v2\/media\/993"}],"wp:attachment":[{"href":"https:\/\/complexspineinstitute.com\/de\/wp-json\/wp\/v2\/media?parent=1602"}],"curies":[{"name":"wp","href":"https:\/\/api.w.org\/{rel}","templated":true}]}}