{"id":1594,"date":"2025-04-17T12:00:13","date_gmt":"2025-04-17T10:00:13","guid":{"rendered":"https:\/\/complexspineinstitute.com\/fusion-toracolumbar\/"},"modified":"2025-04-20T20:32:23","modified_gmt":"2025-04-20T18:32:23","slug":"thorakolumbale-fusion","status":"publish","type":"page","link":"https:\/\/complexspineinstitute.com\/de\/behandlungen\/thorakolumbale-fusion\/","title":{"rendered":"Thorakolumbale Fusion"},"content":{"rendered":"\t\t<div data-elementor-type=\"wp-page\" data-elementor-id=\"1594\" class=\"elementor elementor-1594 elementor-1307\" data-elementor-post-type=\"page\">\n\t\t\t\t<div class=\"elementor-element elementor-element-232de56 e-flex e-con-boxed e-con e-parent\" data-id=\"232de56\" data-element_type=\"container\" data-e-type=\"container\">\n\t\t\t\t\t<div class=\"e-con-inner\">\n\t\t\t\t<div class=\"elementor-element elementor-element-d77e2fd elementor-widget elementor-widget-heading\" data-id=\"d77e2fd\" data-element_type=\"widget\" data-e-type=\"widget\" data-widget_type=\"heading.default\">\n\t\t\t\t<div class=\"elementor-widget-container\">\n\t\t\t\t\t<h1 class=\"elementor-heading-title elementor-size-default\">Thorakolumbale Fusion: Was sie ist, wann sie indiziert ist und wie sie durchgef\u00fchrt wird<\/h1>\t\t\t\t<\/div>\n\t\t\t\t<\/div>\n\t\t\t\t\t<\/div>\n\t\t\t\t<\/div>\n\t\t<div class=\"elementor-element elementor-element-4b39ac2 e-flex e-con-boxed e-con e-parent\" data-id=\"4b39ac2\" data-element_type=\"container\" data-e-type=\"container\">\n\t\t\t\t\t<div class=\"e-con-inner\">\n\t\t<div class=\"elementor-element elementor-element-ac5c5ad e-con-full e-flex e-con e-child\" data-id=\"ac5c5ad\" data-element_type=\"container\" data-e-type=\"container\">\n\t\t\t\t<div class=\"elementor-element elementor-element-125a027 elementor-widget elementor-widget-text-editor\" data-id=\"125a027\" data-element_type=\"widget\" data-e-type=\"widget\" data-widget_type=\"text-editor.default\">\n\t\t\t\t<div class=\"elementor-widget-container\">\n\t\t\t\t\t\t\t\t\t<p>Die thorakolumbale Fusion ist ein hochspezialisiertes chirurgisches Verfahren, das zur Behandlung verschiedener Erkrankungen im \u00dcbergangsbereich zwischen Brust- und Lendenwirbels\u00e4ule eingesetzt wird. Richtig indiziert und fachgerecht durchgef\u00fchrt, kann diese Operation die Wirbels\u00e4ule stabilisieren, Schmerzen lindern und die Lebensqualit\u00e4t deutlich verbessern. In diesem Artikel betrachten wir die Operation aus medizinischer Sicht und basierend auf umfangreicher klinischer Erfahrung.<\/p>\t\t\t\t\t\t\t\t<\/div>\n\t\t\t\t<\/div>\n\t\t\t\t<\/div>\n\t\t<div class=\"elementor-element elementor-element-8469aec e-con-full e-flex e-con e-child\" data-id=\"8469aec\" data-element_type=\"container\" data-e-type=\"container\">\n\t\t\t\t<div class=\"elementor-element elementor-element-658a1ab elementor-widget__width-initial elementor-widget elementor-widget-image\" data-id=\"658a1ab\" data-element_type=\"widget\" data-e-type=\"widget\" data-widget_type=\"image.default\">\n\t\t\t\t<div class=\"elementor-widget-container\">\n\t\t\t\t\t\t\t\t\t\t\t\t\t\t\t<img fetchpriority=\"high\" decoding=\"async\" width=\"205\" height=\"541\" src=\"https:\/\/complexspineinstitute.com\/wp-content\/uploads\/2025\/04\/rx_columna_total_post_artrodesis_multinivel_largo_plazo.webp\" class=\"attachment-large size-large wp-image-957\" alt=\"Radiograf\u00eda de columna completa tras artrodesis multinivel en evaluaci\u00f3n a largo plazo\" srcset=\"https:\/\/complexspineinstitute.com\/wp-content\/uploads\/2025\/04\/rx_columna_total_post_artrodesis_multinivel_largo_plazo.webp 205w, https:\/\/complexspineinstitute.com\/wp-content\/uploads\/2025\/04\/rx_columna_total_post_artrodesis_multinivel_largo_plazo-114x300.webp 114w\" sizes=\"(max-width: 205px) 100vw, 205px\" \/>\t\t\t\t\t\t\t\t\t\t\t\t\t\t\t<\/div>\n\t\t\t\t<\/div>\n\t\t\t\t<div class=\"elementor-element elementor-element-1efc252 elementor-widget elementor-widget-image\" data-id=\"1efc252\" data-element_type=\"widget\" data-e-type=\"widget\" data-widget_type=\"image.default\">\n\t\t\t\t<div class=\"elementor-widget-container\">\n\t\t\t\t\t\t\t\t\t\t\t\t\t\t\t<img decoding=\"async\" width=\"330\" height=\"489\" src=\"https:\/\/complexspineinstitute.com\/wp-content\/uploads\/2025\/04\/rx_lateral_artrodesis_toracolumbar_multinivel.webp\" class=\"attachment-large size-large wp-image-977\" alt=\"Radiograf\u00eda lateral de artrodesis toracolumbar con m\u00faltiples tornillos e implantes\" srcset=\"https:\/\/complexspineinstitute.com\/wp-content\/uploads\/2025\/04\/rx_lateral_artrodesis_toracolumbar_multinivel.webp 330w, https:\/\/complexspineinstitute.com\/wp-content\/uploads\/2025\/04\/rx_lateral_artrodesis_toracolumbar_multinivel-202x300.webp 202w\" sizes=\"(max-width: 330px) 100vw, 330px\" \/>\t\t\t\t\t\t\t\t\t\t\t\t\t\t\t<\/div>\n\t\t\t\t<\/div>\n\t\t\t\t<\/div>\n\t\t\t\t\t<\/div>\n\t\t\t\t<\/div>\n\t\t<div class=\"elementor-element elementor-element-e5c65d0 e-flex e-con-boxed e-con e-parent\" data-id=\"e5c65d0\" data-element_type=\"container\" data-e-type=\"container\">\n\t\t\t\t\t<div class=\"e-con-inner\">\n\t\t\t\t<div class=\"elementor-element elementor-element-b66f11c elementor-widget elementor-widget-heading\" data-id=\"b66f11c\" data-element_type=\"widget\" data-e-type=\"widget\" data-widget_type=\"heading.default\">\n\t\t\t\t<div class=\"elementor-widget-container\">\n\t\t\t\t\t<h2 class=\"elementor-heading-title elementor-size-default\">Was ist eine thorakolumbale Fusion?<\/h2>\t\t\t\t<\/div>\n\t\t\t\t<\/div>\n\t\t\t\t<div class=\"elementor-element elementor-element-6f80510 elementor-widget elementor-widget-text-editor\" data-id=\"6f80510\" data-element_type=\"widget\" data-e-type=\"widget\" data-widget_type=\"text-editor.default\">\n\t\t\t\t<div class=\"elementor-widget-container\">\n\t\t\t\t\t\t\t\t\t<p>Die thorakolumbale Fusion ist ein operativer Eingriff, bei dem zwei oder mehr Wirbel im Bereich der Brust- und Lendenwirbels\u00e4ule dauerhaft miteinander verbunden werden, um deren Beweglichkeit gegeneinander auszuschalten. Dies geschieht durch das Einbringen von Knochentransplantaten sowie die Anwendung von Fixationssystemen wie Pedikelschrauben, St\u00e4ben oder sogenannten Cages. Ziel ist es, Stabilit\u00e4t wiederherzustellen, insbesondere bei fortgeschrittener Degeneration, Frakturen, Fehlstellungen oder angeborenen bzw. traumatischen Ver\u00e4nderungen.<\/p>\t\t\t\t\t\t\t\t<\/div>\n\t\t\t\t<\/div>\n\t\t\t\t\t<\/div>\n\t\t\t\t<\/div>\n\t\t<div class=\"elementor-element elementor-element-d2e54b6 e-flex e-con-boxed e-con e-parent\" data-id=\"d2e54b6\" data-element_type=\"container\" data-e-type=\"container\">\n\t\t\t\t\t<div class=\"e-con-inner\">\n\t\t\t\t<div class=\"elementor-element elementor-element-a554fab elementor-widget elementor-widget-heading\" data-id=\"a554fab\" data-element_type=\"widget\" data-e-type=\"widget\" data-widget_type=\"heading.default\">\n\t\t\t\t<div class=\"elementor-widget-container\">\n\t\t\t\t\t<h2 class=\"elementor-heading-title elementor-size-default\">H\u00e4ufige Indikationen<\/h2>\t\t\t\t<\/div>\n\t\t\t\t<\/div>\n\t\t\t\t<div class=\"elementor-element elementor-element-df2a015 elementor-widget elementor-widget-text-editor\" data-id=\"df2a015\" data-element_type=\"widget\" data-e-type=\"widget\" data-widget_type=\"text-editor.default\">\n\t\t\t\t<div class=\"elementor-widget-container\">\n\t\t\t\t\t\t\t\t\t<p>Zu den Indikationen z\u00e4hlen unter anderem:<\/p><ul><li>Schwere Wirbelfrakturen im thorakolumbalen \u00dcbergang (z. B. T12-L1)<\/li><li>Progrediente Skoliose oder Kyphose<\/li><li>Spondylolisthese oder Wirbelinstabilit\u00e4t<\/li><li>Mehrfache degenerative Bandscheibenerkrankungen<\/li><li>Versagen vorangegangener Operationen (Failed-Back-Syndrom)<\/li><li>Tumoren oder Infektionen mit Beteiligung der Wirbelstruktur<\/li><li>espalda fallida)<\/li><li>Tumores o infecciones que comprometen la integridad vertebral<\/li><\/ul><div>\u00a0<\/div><p>In seiner klinischen Praxis verbindet Dr. Augusto Covaro fortgeschrittenes Wissen mit individueller Betreuung und bietet seinen Patienten wirksame L\u00f6sungen, die ihre Lebensqualit\u00e4t deutlich verbessern. Sein chirurgischer Ansatz wird an jeden Fall angepasst und ber\u00fccksichtigt sowohl die anatomischen als auch die funktionellen Aspekte des Patienten.<\/p>\t\t\t\t\t\t\t\t<\/div>\n\t\t\t\t<\/div>\n\t\t\t\t\t<\/div>\n\t\t\t\t<\/div>\n\t\t<div class=\"elementor-element elementor-element-9330f3f e-flex e-con-boxed e-con e-parent\" data-id=\"9330f3f\" data-element_type=\"container\" data-e-type=\"container\">\n\t\t\t\t\t<div class=\"e-con-inner\">\n\t\t\t\t<div class=\"elementor-element elementor-element-54dd7d1 elementor-widget elementor-widget-heading\" data-id=\"54dd7d1\" data-element_type=\"widget\" data-e-type=\"widget\" data-widget_type=\"heading.default\">\n\t\t\t\t<div class=\"elementor-widget-container\">\n\t\t\t\t\t<h2 class=\"elementor-heading-title elementor-size-default\">Chirurgische Zugangswege<\/h2>\t\t\t\t<\/div>\n\t\t\t\t<\/div>\n\t\t\t\t<div class=\"elementor-element elementor-element-4d0fa91 elementor-widget elementor-widget-text-editor\" data-id=\"4d0fa91\" data-element_type=\"widget\" data-e-type=\"widget\" data-widget_type=\"text-editor.default\">\n\t\t\t\t<div class=\"elementor-widget-container\">\n\t\t\t\t\t\t\t\t\tDer gew\u00e4hlte Zugang richtet sich nach dem Zustand des Patienten, der Grunderkrankung und der Erfahrung des Operationsteams:\n<ul>\n \t<li><strong>Posteriorer Zugang:<\/strong> Der am h\u00e4ufigsten verwendete Zugang mit direkter Sicht auf die Wirbel und stabiler Fixierung.<\/li>\n \t<li><strong>Anteriorer oder anterolateraler Zugang:<\/strong> Besonders geeignet f\u00fcr bestimmte Fehlstellungen oder Tumorentfernungen.<\/li>\n \t<li><strong>Minimalinvasive Techniken (MISS):<\/strong> Erm\u00f6glichen Eingriffe mit kleineren Schnitten, weniger Blutverlust und schnellerer Genesung<\/li>\n<\/ul>\nAqu\u00ed tienes una versi\u00f3n en alem\u00e1n con un estilo m\u00e1s idiom\u00e1tico y fluido:\n\nDr.\u00a0Covaro verf\u00fcgt \u00fcber eine ausgewiesene Expertise in anterolateralen und minimalinvasiven Operationsverfahren. Mit modernsten Techniken erh\u00e4lt er die nat\u00fcrliche Beweglichkeit und Kr\u00fcmmung der Wirbels\u00e4ule und minimiert so das Risiko postoperativer Komplikationen deutlich.\t\t\t\t\t\t\t\t<\/div>\n\t\t\t\t<\/div>\n\t\t\t\t\t<\/div>\n\t\t\t\t<\/div>\n\t\t<div class=\"elementor-element elementor-element-476c6c9 e-flex e-con-boxed e-con e-parent\" data-id=\"476c6c9\" data-element_type=\"container\" data-e-type=\"container\">\n\t\t\t\t\t<div class=\"e-con-inner\">\n\t\t\t\t<div class=\"elementor-element elementor-element-1c24a4c elementor-widget elementor-widget-heading\" data-id=\"1c24a4c\" data-element_type=\"widget\" data-e-type=\"widget\" data-widget_type=\"heading.default\">\n\t\t\t\t<div class=\"elementor-widget-container\">\n\t\t\t\t\t<h2 class=\"elementor-heading-title elementor-size-default\">Minimalinvasive thorakolumbale Chirurgie<\/h2>\t\t\t\t<\/div>\n\t\t\t\t<\/div>\n\t\t\t\t<div class=\"elementor-element elementor-element-f29c475 elementor-widget elementor-widget-text-editor\" data-id=\"f29c475\" data-element_type=\"widget\" data-e-type=\"widget\" data-widget_type=\"text-editor.default\">\n\t\t\t\t<div class=\"elementor-widget-container\">\n\t\t\t\t\t\t\t\t\t<p>Ein gro\u00dfer Teil der thorakolumbalen Fusionen kann heute minimalinvasiv durchgef\u00fchrt werden. Diese Methode schont die Muskulatur, reduziert Infektionsrisiken und beschleunigt die Rehabilitation erheblich. Dabei kommen intraoperative Navigation, Endoskopie und kontinuierliche neurologische \u00dcberwachung zum Einsatz.<\/p>\t\t\t\t\t\t\t\t<\/div>\n\t\t\t\t<\/div>\n\t\t\t\t\t<\/div>\n\t\t\t\t<\/div>\n\t\t<div class=\"elementor-element elementor-element-cdddd84 e-flex e-con-boxed e-con e-parent\" data-id=\"cdddd84\" data-element_type=\"container\" data-e-type=\"container\">\n\t\t\t\t\t<div class=\"e-con-inner\">\n\t\t\t\t<div class=\"elementor-element elementor-element-99f1ee9 elementor-widget elementor-widget-heading\" data-id=\"99f1ee9\" data-element_type=\"widget\" data-e-type=\"widget\" data-widget_type=\"heading.default\">\n\t\t\t\t<div class=\"elementor-widget-container\">\n\t\t\t\t\t<h2 class=\"elementor-heading-title elementor-size-default\">Risiken und Komplikationen<\/h2>\t\t\t\t<\/div>\n\t\t\t\t<\/div>\n\t\t\t\t<div class=\"elementor-element elementor-element-314c6ec elementor-widget elementor-widget-text-editor\" data-id=\"314c6ec\" data-element_type=\"widget\" data-e-type=\"widget\" data-widget_type=\"text-editor.default\">\n\t\t\t\t<div class=\"elementor-widget-container\">\n\t\t\t\t\t\t\t\t\t<p>Wie bei jeder Operation bestehen Risiken, die jedoch durch eine sorgf\u00e4ltige Planung minimiert werden k\u00f6nnen:<\/p><ul><li>Infektionen oder Blutungen<\/li><li>Neurologische Verletzungen<\/li><li>Implantatversagen oder Pseudarthrose<\/li><li>Anhaltende Schmerzen<\/li><li>Notwendigkeit einer Reoperation<\/li><\/ul><div>\u00a0<\/div><p>Dank seiner Erfahrungen an erstklassigen Einrichtungen wie dem Instituto Teknon und dem Hospital Dexeus, wo Dr. Covaro operiert, treten solche Komplikationen bei sorgf\u00e4ltiger Planung und pr\u00e4ziser Ausf\u00fchrung heute \u00e4u\u00dferst selten auf.<\/p>\t\t\t\t\t\t\t\t<\/div>\n\t\t\t\t<\/div>\n\t\t\t\t\t<\/div>\n\t\t\t\t<\/div>\n\t\t<div class=\"elementor-element elementor-element-a50d4e6 e-flex e-con-boxed e-con e-parent\" data-id=\"a50d4e6\" data-element_type=\"container\" data-e-type=\"container\">\n\t\t\t\t\t<div class=\"e-con-inner\">\n\t\t\t\t<div class=\"elementor-element elementor-element-a4cd894 elementor-widget elementor-widget-heading\" data-id=\"a4cd894\" data-element_type=\"widget\" data-e-type=\"widget\" data-widget_type=\"heading.default\">\n\t\t\t\t<div class=\"elementor-widget-container\">\n\t\t\t\t\t<h2 class=\"elementor-heading-title elementor-size-default\">Genesung und Rehabilitation<\/h2>\t\t\t\t<\/div>\n\t\t\t\t<\/div>\n\t\t\t\t<div class=\"elementor-element elementor-element-ffec63f elementor-widget elementor-widget-text-editor\" data-id=\"ffec63f\" data-element_type=\"widget\" data-e-type=\"widget\" data-widget_type=\"text-editor.default\">\n\t\t\t\t<div class=\"elementor-widget-container\">\n\t\t\t\t\t\t\t\t\t<p>Die Erholungszeit h\u00e4ngt vom Zugangsweg, dem Ausma\u00df des Eingriffs und dem Allgemeinzustand des Patienten ab. Bei minimalinvasiven Verfahren ist eine Entlassung oft nach wenigen Tagen m\u00f6glich, mit schrittweiser R\u00fcckkehr zur Alltagsaktivit\u00e4t innerhalb weniger Wochen. Bei konventionellen oder ausgedehnten Fusionen ist ein strukturiertes Rehabilitationsprogramm erforderlich, einschlie\u00dflich Physiotherapie und posturaler Schulung.<\/p>\t\t\t\t\t\t\t\t<\/div>\n\t\t\t\t<\/div>\n\t\t\t\t\t<\/div>\n\t\t\t\t<\/div>\n\t\t<div class=\"elementor-element elementor-element-992c9ea e-flex e-con-boxed e-con e-parent\" data-id=\"992c9ea\" data-element_type=\"container\" data-e-type=\"container\">\n\t\t\t\t\t<div class=\"e-con-inner\">\n\t\t\t\t<div class=\"elementor-element elementor-element-d18576f elementor-widget elementor-widget-heading\" data-id=\"d18576f\" data-element_type=\"widget\" data-e-type=\"widget\" data-widget_type=\"heading.default\">\n\t\t\t\t<div class=\"elementor-widget-container\">\n\t\t\t\t\t<h2 class=\"elementor-heading-title elementor-size-default\">Wann sollte man einen Spezialisten aufsuchen?<\/h2>\t\t\t\t<\/div>\n\t\t\t\t<\/div>\n\t\t\t\t<div class=\"elementor-element elementor-element-91e18bb elementor-widget elementor-widget-text-editor\" data-id=\"91e18bb\" data-element_type=\"widget\" data-e-type=\"widget\" data-widget_type=\"text-editor.default\">\n\t\t\t\t<div class=\"elementor-widget-container\">\n\t\t\t\t\t\t\t\t\t<p>Bei chronischen thorakolumbalen Schmerzen, Kraftverlust, Sensibilit\u00e4tsst\u00f6rungen, Instabilit\u00e4t oder Beschwerden nach bereits erfolgter Operation ist eine fach\u00e4rztliche Abkl\u00e4rung essenziell. Eine fr\u00fchzeitige Diagnostik kann eine Verschlechterung verhindern und weniger invasive Behandlungsm\u00f6glichkeiten er\u00f6ffnen.<\/p><p><strong><a href=\"https:\/\/complexspineinstitute.com\/de\/complex-spine-institute\/de\/complex-spine-institute\/de\/complex-spine-institute\/de\/complex-spine-institute\/de\/complex-spine-institute\/de\/complex-spine-institute\/de\/complex-spine-institute\/de\/bewertung-anfordern\/\">Kontaktieren Sie uns unverbindlich f\u00fcr eine pers\u00f6nliche Bewertung.<\/a><\/strong><\/p>\t\t\t\t\t\t\t\t<\/div>\n\t\t\t\t<\/div>\n\t\t\t\t\t<\/div>\n\t\t\t\t<\/div>\n\t\t<div class=\"elementor-element elementor-element-6dbf6f11 e-flex e-con-boxed e-con e-parent\" data-id=\"6dbf6f11\" data-element_type=\"container\" data-e-type=\"container\">\n\t\t\t\t\t<div class=\"e-con-inner\">\n\t\t\t\t<div class=\"elementor-element elementor-element-5c45b658 elementor-widget elementor-widget-text-editor\" data-id=\"5c45b658\" data-element_type=\"widget\" data-e-type=\"widget\" data-widget_type=\"text-editor.default\">\n\t\t\t\t<div class=\"elementor-widget-container\">\n\t\t\t\t\t\t\t\t\t<aside class=\"author-signature\" role=\"doc-credits\"><address>\u00dcberpr\u00fcft und genehmigt von <strong>Dr. Vicen\u00e7 Gilete, MD<\/strong>, Neurochirurg, und <strong>Dr.\u00a0Augusto\u00a0Covaro, MD<\/strong>, orthop\u00e4discher Chirurg<\/address><address>Complex\u00a0Spine\u00a0Institute \u00b7 Barcelona | <time datetime=\"2025-04-17\">18.\u00a0April\u00a02025<\/time><\/address><address><a href=\"https:\/\/complexspineinstitute.com\/de\/complex-spine-institute\/de\/complex-spine-institute\/de\/complex-spine-institute\/de\/complex-spine-institute\/de\/complex-spine-institute\/de\/complex-spine-institute\/de\/complex-spine-institute\/de\/institut\/#medizinisches_team\" rel=\"author\">Biografien und Publikationen ansehen<\/a><\/address><\/aside>\t\t\t\t\t\t\t\t<\/div>\n\t\t\t\t<\/div>\n\t\t\t\t\t<\/div>\n\t\t\t\t<\/div>\n\t\t\t\t<\/div>\n\t\t","protected":false},"excerpt":{"rendered":"<p>Thorakolumbale Fusion: Was sie ist, wann sie indiziert ist und wie sie durchgef\u00fchrt wird Die thorakolumbale Fusion ist ein hochspezialisiertes chirurgisches Verfahren, das zur Behandlung verschiedener Erkrankungen im \u00dcbergangsbereich zwischen Brust- und Lendenwirbels\u00e4ule eingesetzt wird. Richtig indiziert und fachgerecht durchgef\u00fchrt, kann diese Operation die Wirbels\u00e4ule stabilisieren, Schmerzen lindern und die Lebensqualit\u00e4t deutlich verbessern. In diesem [&hellip;]<\/p>\n","protected":false},"author":1,"featured_media":421,"parent":1427,"menu_order":0,"comment_status":"closed","ping_status":"closed","template":"","meta":{"footnotes":""},"class_list":["post-1594","page","type-page","status-publish","has-post-thumbnail","hentry"],"_links":{"self":[{"href":"https:\/\/complexspineinstitute.com\/de\/wp-json\/wp\/v2\/pages\/1594","targetHints":{"allow":["GET"]}}],"collection":[{"href":"https:\/\/complexspineinstitute.com\/de\/wp-json\/wp\/v2\/pages"}],"about":[{"href":"https:\/\/complexspineinstitute.com\/de\/wp-json\/wp\/v2\/types\/page"}],"author":[{"embeddable":true,"href":"https:\/\/complexspineinstitute.com\/de\/wp-json\/wp\/v2\/users\/1"}],"replies":[{"embeddable":true,"href":"https:\/\/complexspineinstitute.com\/de\/wp-json\/wp\/v2\/comments?post=1594"}],"version-history":[{"count":0,"href":"https:\/\/complexspineinstitute.com\/de\/wp-json\/wp\/v2\/pages\/1594\/revisions"}],"up":[{"embeddable":true,"href":"https:\/\/complexspineinstitute.com\/de\/wp-json\/wp\/v2\/pages\/1427"}],"wp:featuredmedia":[{"embeddable":true,"href":"https:\/\/complexspineinstitute.com\/de\/wp-json\/wp\/v2\/media\/421"}],"wp:attachment":[{"href":"https:\/\/complexspineinstitute.com\/de\/wp-json\/wp\/v2\/media?parent=1594"}],"curies":[{"name":"wp","href":"https:\/\/api.w.org\/{rel}","templated":true}]}}