{"id":1581,"date":"2025-04-17T12:00:07","date_gmt":"2025-04-17T10:00:07","guid":{"rendered":"https:\/\/complexspineinstitute.com\/fusion-oblicua-lateral-olif\/"},"modified":"2025-06-05T16:44:29","modified_gmt":"2025-06-05T14:44:29","slug":"laterale-schraege-fusion-olif","status":"publish","type":"page","link":"https:\/\/complexspineinstitute.com\/de\/behandlungen\/laterale-schraege-fusion-olif\/","title":{"rendered":"Laterale schr\u00e4ge Fusion \u2013 OLIF"},"content":{"rendered":"\t\t<div data-elementor-type=\"wp-page\" data-elementor-id=\"1581\" class=\"elementor elementor-1581 elementor-1302\" data-elementor-post-type=\"page\">\n\t\t\t\t<div class=\"elementor-element elementor-element-232de56 e-flex e-con-boxed e-con e-parent\" data-id=\"232de56\" data-element_type=\"container\" data-e-type=\"container\">\n\t\t\t\t\t<div class=\"e-con-inner\">\n\t\t\t\t<div class=\"elementor-element elementor-element-d77e2fd elementor-widget elementor-widget-heading\" data-id=\"d77e2fd\" data-element_type=\"widget\" data-e-type=\"widget\" data-widget_type=\"heading.default\">\n\t\t\t\t<div class=\"elementor-widget-container\">\n\t\t\t\t\t<h1 class=\"elementor-heading-title elementor-size-default\">Oblique Lumbale Zwischenwirbelk\u00f6rperfusion (OLIF): Eine minimalinvasive Revolution in der Wirbels\u00e4ulenchirurgie<\/h1>\t\t\t\t<\/div>\n\t\t\t\t<\/div>\n\t\t\t\t\t<\/div>\n\t\t\t\t<\/div>\n\t\t<div class=\"elementor-element elementor-element-4b39ac2 e-flex e-con-boxed e-con e-parent\" data-id=\"4b39ac2\" data-element_type=\"container\" data-e-type=\"container\">\n\t\t\t\t\t<div class=\"e-con-inner\">\n\t\t<div class=\"elementor-element elementor-element-ac5c5ad e-con-full e-flex e-con e-child\" data-id=\"ac5c5ad\" data-element_type=\"container\" data-e-type=\"container\">\n\t\t\t\t<div class=\"elementor-element elementor-element-125a027 elementor-widget elementor-widget-text-editor\" data-id=\"125a027\" data-element_type=\"widget\" data-e-type=\"widget\" data-widget_type=\"text-editor.default\">\n\t\t\t\t<div class=\"elementor-widget-container\">\n\t\t\t\t\t\t\t\t\t<p>Die Oblique Lumbale Zwischenwirbelk\u00f6rperfusion (OLIF) gilt als eine der bedeutendsten Innovationen in der Wirbels\u00e4ulenchirurgie der letzten Jahrzehnte. Diese minimalinvasive Technik erm\u00f6glicht die Behandlung komplexer Erkrankungen der Lendenwirbels\u00e4ule mit k\u00fcrzeren Erholungszeiten und geringerem Gewebetrauma.<\/p><p>Am Complex Spine Institute wenden wir OLIF mit einem integrierten Ansatz an, der modernste Technologie, multidisziplin\u00e4re Bewertung und international anerkannte chirurgische Expertise vereint. Jeder Eingriff ist individuell darauf ausgerichtet, Schmerzen zu minimieren, die Genesung zu beschleunigen und die Mobilit\u00e4t der Patientinnen und Patienten zu erhalten.<\/p>\t\t\t\t\t\t\t\t<\/div>\n\t\t\t\t<\/div>\n\t\t\t\t<\/div>\n\t\t<div class=\"elementor-element elementor-element-8469aec e-con-full e-flex e-con e-child\" data-id=\"8469aec\" data-element_type=\"container\" data-e-type=\"container\">\n\t\t\t\t<div class=\"elementor-element elementor-element-658a1ab elementor-widget elementor-widget-image\" data-id=\"658a1ab\" data-element_type=\"widget\" data-e-type=\"widget\" data-widget_type=\"image.default\">\n\t\t\t\t<div class=\"elementor-widget-container\">\n\t\t\t\t\t\t\t\t\t\t\t\t\t\t\t<img fetchpriority=\"high\" decoding=\"async\" width=\"768\" height=\"1024\" src=\"https:\/\/complexspineinstitute.com\/wp-content\/uploads\/2025\/05\/OLIF_Oblique-Lateral_Interbody-Fusion-768x1024.webp\" class=\"attachment-large size-large wp-image-4978\" alt=\"\" srcset=\"https:\/\/complexspineinstitute.com\/wp-content\/uploads\/2025\/05\/OLIF_Oblique-Lateral_Interbody-Fusion-768x1024.webp 768w, https:\/\/complexspineinstitute.com\/wp-content\/uploads\/2025\/05\/OLIF_Oblique-Lateral_Interbody-Fusion-225x300.webp 225w, https:\/\/complexspineinstitute.com\/wp-content\/uploads\/2025\/05\/OLIF_Oblique-Lateral_Interbody-Fusion.webp 900w\" sizes=\"(max-width: 768px) 100vw, 768px\" \/>\t\t\t\t\t\t\t\t\t\t\t\t\t\t\t<\/div>\n\t\t\t\t<\/div>\n\t\t\t\t<\/div>\n\t\t\t\t\t<\/div>\n\t\t\t\t<\/div>\n\t\t<div class=\"elementor-element elementor-element-e5c65d0 e-flex e-con-boxed e-con e-parent\" data-id=\"e5c65d0\" data-element_type=\"container\" data-e-type=\"container\">\n\t\t\t\t\t<div class=\"e-con-inner\">\n\t\t\t\t<div class=\"elementor-element elementor-element-b66f11c elementor-widget elementor-widget-heading\" data-id=\"b66f11c\" data-element_type=\"widget\" data-e-type=\"widget\" data-widget_type=\"heading.default\">\n\t\t\t\t<div class=\"elementor-widget-container\">\n\t\t\t\t\t<h2 class=\"elementor-heading-title elementor-size-default\">Was ist OLIF?<\/h2>\t\t\t\t<\/div>\n\t\t\t\t<\/div>\n\t\t\t\t<div class=\"elementor-element elementor-element-6f80510 elementor-widget elementor-widget-text-editor\" data-id=\"6f80510\" data-element_type=\"widget\" data-e-type=\"widget\" data-widget_type=\"text-editor.default\">\n\t\t\t\t<div class=\"elementor-widget-container\">\n\t\t\t\t\t\t\t\t\t<p>OLIF ist ein chirurgisches Verfahren, bei dem \u00fcber einen schr\u00e4gen anterolateralen Zugang auf die Bandscheibe zugegriffen wird, wobei die R\u00fcckenmuskulatur geschont wird. Der Eingriff erfolgt durch einen nat\u00fcrlichen anatomischen Korridor zwischen dem Psoasmuskel und den gro\u00dfen Blutgef\u00e4\u00dfen, was die Platzierung eines Implantats erm\u00f6glicht, das die Bandscheibenh\u00f6he wiederherstellt und die Fusion der Wirbel f\u00f6rdert.<\/p><p>Dank dieses indirekten Zugangs werden Blutverlust, Infektionsrisiko und Muskelverletzungen deutlich reduziert \u2013 was zu geringeren postoperativen Schmerzen und einer wesentlich schnelleren funktionellen Erholung f\u00fchrt.<\/p>\t\t\t\t\t\t\t\t<\/div>\n\t\t\t\t<\/div>\n\t\t\t\t\t<\/div>\n\t\t\t\t<\/div>\n\t\t<div class=\"elementor-element elementor-element-31d13c2 e-flex e-con-boxed e-con e-parent\" data-id=\"31d13c2\" data-element_type=\"container\" data-e-type=\"container\">\n\t\t\t\t\t<div class=\"e-con-inner\">\n\t\t\t\t<div class=\"elementor-element elementor-element-4afa512 elementor-widget elementor-widget-heading\" data-id=\"4afa512\" data-element_type=\"widget\" data-e-type=\"widget\" data-widget_type=\"heading.default\">\n\t\t\t\t<div class=\"elementor-widget-container\">\n\t\t\t\t\t<h2 class=\"elementor-heading-title elementor-size-default\">Demonstration der OLIF-Technik<\/h2>\t\t\t\t<\/div>\n\t\t\t\t<\/div>\n\t\t\t\t<div class=\"elementor-element elementor-element-b1019b9 elementor-widget elementor-widget-text-editor\" data-id=\"b1019b9\" data-element_type=\"widget\" data-e-type=\"widget\" data-widget_type=\"text-editor.default\">\n\t\t\t\t<div class=\"elementor-widget-container\">\n\t\t\t\t\t\t\t\t\t<p>In diesem Vortrag f\u00fcr die Spanische Gesellschaft f\u00fcr Neurochirurgie und Wirbels\u00e4ulenchirurgie, gehalten von Dr. Augusto Covaro, gehe ich ausf\u00fchrlich auf die Schl\u00fcsselschritte der OLIF-Technik ein:<\/p>\t\t\t\t\t\t\t\t<\/div>\n\t\t\t\t<\/div>\n\t\t\t\t<div class=\"elementor-element elementor-element-cfebeb4 elementor-widget elementor-widget-video\" data-id=\"cfebeb4\" data-element_type=\"widget\" data-e-type=\"widget\" data-settings=\"{&quot;youtube_url&quot;:&quot;https:\\\/\\\/www.youtube.com\\\/watch?v=p9cqXTctCRM&amp;t=17s&quot;,&quot;video_type&quot;:&quot;youtube&quot;,&quot;controls&quot;:&quot;yes&quot;}\" data-widget_type=\"video.default\">\n\t\t\t\t<div class=\"elementor-widget-container\">\n\t\t\t\t\t\t\t<div class=\"elementor-wrapper elementor-open-inline\">\n\t\t\t<div class=\"elementor-video\"><\/div>\t\t<\/div>\n\t\t\t\t\t\t<\/div>\n\t\t\t\t<\/div>\n\t\t\t\t\t<\/div>\n\t\t\t\t<\/div>\n\t\t<div class=\"elementor-element elementor-element-d2e54b6 e-flex e-con-boxed e-con e-parent\" data-id=\"d2e54b6\" data-element_type=\"container\" data-e-type=\"container\">\n\t\t\t\t\t<div class=\"e-con-inner\">\n\t\t\t\t<div class=\"elementor-element elementor-element-a554fab elementor-widget elementor-widget-heading\" data-id=\"a554fab\" data-element_type=\"widget\" data-e-type=\"widget\" data-widget_type=\"heading.default\">\n\t\t\t\t<div class=\"elementor-widget-container\">\n\t\t\t\t\t<h2 class=\"elementor-heading-title elementor-size-default\">H\u00e4ufige Indikationen<\/h2>\t\t\t\t<\/div>\n\t\t\t\t<\/div>\n\t\t\t\t<div class=\"elementor-element elementor-element-df2a015 elementor-widget elementor-widget-text-editor\" data-id=\"df2a015\" data-element_type=\"widget\" data-e-type=\"widget\" data-widget_type=\"text-editor.default\">\n\t\t\t\t<div class=\"elementor-widget-container\">\n\t\t\t\t\t\t\t\t\t<p>Die OLIF-Technik wird insbesondere bei folgenden Erkrankungen empfohlen:<\/p><ul><li>Degenerative Spondylolisthesis<\/li><li>Lumbale Skoliose oder Wirbels\u00e4ulendeformit\u00e4ten<\/li><li>Bandscheibenkollaps oder H\u00f6henverlust zwischen den Wirbeln<\/li><li>Foraminalstenose mit Nervenwurzelkompression<\/li><li>Failed-Back-Surgery-Syndrom nach fr\u00fcheren Eingriffen<br \/><br \/><\/li><\/ul><p>In unserer Praxis hat OLIF vielen Patientinnen und Patienten geholfen, ihre Funktionalit\u00e4t zur\u00fcckzugewinnen \u2013 selbst nach mehreren erfolglosen Operationen.<\/p>\t\t\t\t\t\t\t\t<\/div>\n\t\t\t\t<\/div>\n\t\t\t\t\t<\/div>\n\t\t\t\t<\/div>\n\t\t<div class=\"elementor-element elementor-element-9330f3f e-flex e-con-boxed e-con e-parent\" data-id=\"9330f3f\" data-element_type=\"container\" data-e-type=\"container\">\n\t\t\t\t\t<div class=\"e-con-inner\">\n\t\t\t\t<div class=\"elementor-element elementor-element-54dd7d1 elementor-widget elementor-widget-heading\" data-id=\"54dd7d1\" data-element_type=\"widget\" data-e-type=\"widget\" data-widget_type=\"heading.default\">\n\t\t\t\t<div class=\"elementor-widget-container\">\n\t\t\t\t\t<h2 class=\"elementor-heading-title elementor-size-default\">Warum OLIF statt klassischer Fusionsverfahren?<\/h2>\t\t\t\t<\/div>\n\t\t\t\t<\/div>\n\t\t\t\t<div class=\"elementor-element elementor-element-4d0fa91 elementor-widget elementor-widget-text-editor\" data-id=\"4d0fa91\" data-element_type=\"widget\" data-e-type=\"widget\" data-widget_type=\"text-editor.default\">\n\t\t\t\t<div class=\"elementor-widget-container\">\n\t\t\t\t\t\t\t\t\t<p>Im Vergleich zu traditionellen Verfahren wie der PLIF bietet OLIF deutliche Vorteile:<\/p><ul><li>Schonender Zugang ohne Verletzung der R\u00fcckenmuskulatur<\/li><li>Geringerer Blutverlust und k\u00fcrzere Operationsdauer<\/li><li>Schnellere Erholung und fr\u00fche Mobilisierung<\/li><li>Effektive Korrektur von Deformit\u00e4ten wie Skoliose<\/li><li>Besonders geeignet f\u00fcr Revisionsoperationen nach Misserfolgen<br \/><br \/><\/li><\/ul><p>Wir haben erlebt, wie Menschen mit jahrelangen chronischen Schmerzen bereits nach wenigen Wochen zu einem normalen Leben zur\u00fcckkehren konnten \u2013 dank OLIF.<\/p>\t\t\t\t\t\t\t\t<\/div>\n\t\t\t\t<\/div>\n\t\t\t\t\t<\/div>\n\t\t\t\t<\/div>\n\t\t<div class=\"elementor-element elementor-element-0593462 e-flex e-con-boxed e-con e-parent\" data-id=\"0593462\" data-element_type=\"container\" data-e-type=\"container\">\n\t\t\t\t\t<div class=\"e-con-inner\">\n\t\t<div class=\"elementor-element elementor-element-1f716c3 e-con-full e-flex e-con e-child\" data-id=\"1f716c3\" data-element_type=\"container\" data-e-type=\"container\">\n\t\t\t\t<div class=\"elementor-element elementor-element-3d4001c elementor-widget elementor-widget-heading\" data-id=\"3d4001c\" data-element_type=\"widget\" data-e-type=\"widget\" data-widget_type=\"heading.default\">\n\t\t\t\t<div class=\"elementor-widget-container\">\n\t\t\t\t\t<h2 class=\"elementor-heading-title elementor-size-default\">Welche Technologie nutzen wir am Complex Spine Institute?<\/h2>\t\t\t\t<\/div>\n\t\t\t\t<\/div>\n\t\t\t\t<div class=\"elementor-element elementor-element-8fb92f6 elementor-widget elementor-widget-text-editor\" data-id=\"8fb92f6\" data-element_type=\"widget\" data-e-type=\"widget\" data-widget_type=\"text-editor.default\">\n\t\t\t\t<div class=\"elementor-widget-container\">\n\t\t\t\t\t\t\t\t\t<p>Unsere OLIF-Eingriffe erfolgen mit Hilfe von:<\/p><ul><li>3D-Navigationssystemen<\/li><li>Intraoperativem CT<\/li><li>Robotischen Positionierungssystemen<\/li><li>Echtzeit-Visualisierung<\/li><\/ul><p>Diese Pr\u00e4zision ist entscheidend beim Arbeiten in der N\u00e4he sensibler Gef\u00e4\u00dfstrukturen. Daher wird jeder Fall im Vorfeld gr\u00fcndlich von unserem multidisziplin\u00e4ren Team analysiert \u2013 unter der Leitung von Dr. Vicen\u00e7 Gilete (Neurochirurg) und Dr. Augusto Covaro (orthop\u00e4discher Wirbels\u00e4ulenchirurg), die gemeinsam \u00fcber 40 Jahre Erfahrung verf\u00fcgen.<\/p>\t\t\t\t\t\t\t\t<\/div>\n\t\t\t\t<\/div>\n\t\t\t\t<\/div>\n\t\t<div class=\"elementor-element elementor-element-df3831d e-con-full e-flex e-con e-child\" data-id=\"df3831d\" data-element_type=\"container\" data-e-type=\"container\">\n\t\t\t\t<div class=\"elementor-element elementor-element-3760280 elementor-widget elementor-widget-image\" data-id=\"3760280\" data-element_type=\"widget\" data-e-type=\"widget\" data-widget_type=\"image.default\">\n\t\t\t\t<div class=\"elementor-widget-container\">\n\t\t\t\t\t\t\t\t\t\t\t\t\t\t\t<img decoding=\"async\" width=\"768\" height=\"1024\" src=\"https:\/\/complexspineinstitute.com\/wp-content\/uploads\/2025\/06\/OLIF-768x1024.webp\" class=\"attachment-large size-large wp-image-5602\" alt=\"\" srcset=\"https:\/\/complexspineinstitute.com\/wp-content\/uploads\/2025\/06\/OLIF-768x1024.webp 768w, https:\/\/complexspineinstitute.com\/wp-content\/uploads\/2025\/06\/OLIF-225x300.webp 225w, https:\/\/complexspineinstitute.com\/wp-content\/uploads\/2025\/06\/OLIF-1152x1536.webp 1152w, https:\/\/complexspineinstitute.com\/wp-content\/uploads\/2025\/06\/OLIF.webp 1200w\" sizes=\"(max-width: 768px) 100vw, 768px\" \/>\t\t\t\t\t\t\t\t\t\t\t\t\t\t\t<\/div>\n\t\t\t\t<\/div>\n\t\t\t\t<\/div>\n\t\t\t\t\t<\/div>\n\t\t\t\t<\/div>\n\t\t<div class=\"elementor-element elementor-element-a5dcbd0 e-flex e-con-boxed e-con e-parent\" data-id=\"a5dcbd0\" data-element_type=\"container\" data-e-type=\"container\">\n\t\t\t\t\t<div class=\"e-con-inner\">\n\t\t\t\t<div class=\"elementor-element elementor-element-7e6c3ce elementor-widget elementor-widget-heading\" data-id=\"7e6c3ce\" data-element_type=\"widget\" data-e-type=\"widget\" data-widget_type=\"heading.default\">\n\t\t\t\t<div class=\"elementor-widget-container\">\n\t\t\t\t\t<h2 class=\"elementor-heading-title elementor-size-default\">Erholung nach einer OLIF-Operation<\/h2>\t\t\t\t<\/div>\n\t\t\t\t<\/div>\n\t\t\t\t<div class=\"elementor-element elementor-element-d4ed641 elementor-widget elementor-widget-text-editor\" data-id=\"d4ed641\" data-element_type=\"widget\" data-e-type=\"widget\" data-widget_type=\"text-editor.default\">\n\t\t\t\t<div class=\"elementor-widget-container\">\n\t\t\t\t\t\t\t\t\t<p>Dank des geringen Gewebetraumas verl\u00e4uft die postoperative Phase besonders g\u00fcnstig:<\/p><ul><li>Entlassung aus dem Krankenhaus nach 24\u201348 Stunden<\/li><li>Fr\u00fchzeitiges Aufstehen (am selben oder n\u00e4chsten Tag)<\/li><li>R\u00fcckkehr zur Arbeit in weniger als 4 Wochen<\/li><li>Wenig oder kein Bedarf an Schmerzmitteln<\/li><li>Kleine Narben mit sehr guter \u00e4sthetischer Vertr\u00e4glichkeit<br \/><br \/><\/li><\/ul><p>Die Kombination aus minimalinvasiver Technik und hochpr\u00e4ziser Technologie hat die Prognose bei komplexen Wirbels\u00e4ulenerkrankungen grundlegend ver\u00e4ndert.<\/p>\t\t\t\t\t\t\t\t<\/div>\n\t\t\t\t<\/div>\n\t\t\t\t\t<\/div>\n\t\t\t\t<\/div>\n\t\t<div class=\"elementor-element elementor-element-52ce9f6 e-flex e-con-boxed e-con e-parent\" data-id=\"52ce9f6\" data-element_type=\"container\" data-e-type=\"container\">\n\t\t\t\t\t<div class=\"e-con-inner\">\n\t\t\t\t<div class=\"elementor-element elementor-element-fa1c553 elementor-widget elementor-widget-heading\" data-id=\"fa1c553\" data-element_type=\"widget\" data-e-type=\"widget\" data-widget_type=\"heading.default\">\n\t\t\t\t<div class=\"elementor-widget-container\">\n\t\t\t\t\t<h2 class=\"elementor-heading-title elementor-size-default\">Ist OLIF f\u00fcr alle geeignet?<\/h2>\t\t\t\t<\/div>\n\t\t\t\t<\/div>\n\t\t\t\t<div class=\"elementor-element elementor-element-acd5240 elementor-widget elementor-widget-text-editor\" data-id=\"acd5240\" data-element_type=\"widget\" data-e-type=\"widget\" data-widget_type=\"text-editor.default\">\n\t\t\t\t<div class=\"elementor-widget-container\">\n\t\t\t\t\t\t\t\t\t<p>Auch wenn OLIF viele Vorteile bietet, ist das Verfahren nicht f\u00fcr alle Patientinnen und Patienten geeignet. Zu den relativen Kontraindikationen geh\u00f6ren:<\/p><ul><li>Anatomische Besonderheiten der Iliakalgef\u00e4\u00dfe<\/li><li>Komplexe fr\u00fchere Bauchoperationen<\/li><li>Ausgedehnte Verwachsungen durch fr\u00fchere Erkrankungen<br \/><br \/><\/li><\/ul><p>Deshalb f\u00fchren wir eine umfassende bildgebende Diagnostik durch (MRT, CT, ggf. Gef\u00e4\u00dfuntersuchung) und besprechen jeden Fall im \u00e4rztlichen Gremium, um die optimale chirurgische Strategie festzulegen.<\/p>\t\t\t\t\t\t\t\t<\/div>\n\t\t\t\t<\/div>\n\t\t\t\t\t<\/div>\n\t\t\t\t<\/div>\n\t\t<div class=\"elementor-element elementor-element-f9734d6 e-flex e-con-boxed e-con e-parent\" data-id=\"f9734d6\" data-element_type=\"container\" data-e-type=\"container\">\n\t\t\t\t\t<div class=\"e-con-inner\">\n\t\t\t\t<div class=\"elementor-element elementor-element-e42b27f elementor-widget elementor-widget-heading\" data-id=\"e42b27f\" data-element_type=\"widget\" data-e-type=\"widget\" data-widget_type=\"heading.default\">\n\t\t\t\t<div class=\"elementor-widget-container\">\n\t\t\t\t\t<h2 class=\"elementor-heading-title elementor-size-default\">Wie finde ich heraus, ob OLIF f\u00fcr mich geeignet ist?<\/h2>\t\t\t\t<\/div>\n\t\t\t\t<\/div>\n\t\t\t\t<div class=\"elementor-element elementor-element-6c7de8e elementor-widget elementor-widget-text-editor\" data-id=\"6c7de8e\" data-element_type=\"widget\" data-e-type=\"widget\" data-widget_type=\"text-editor.default\">\n\t\t\t\t<div class=\"elementor-widget-container\">\n\t\t\t\t\t\t\t\t\t<p>Leiden Sie unter chronischen R\u00fcckenschmerzen, funktionellen Einschr\u00e4nkungen, Skoliose oder hatten Sie bereits eine erfolglose Operation? OLIF k\u00f6nnte Ihre L\u00f6sung sein. Der Einstieg ist einfach:<\/p><ul><li>Pers\u00f6nliche oder Online-Beratung m\u00f6glich<\/li><li>Analyse Ihrer bisherigen Bilder und Befunde<\/li><li>Individuelle Betreuung in mehreren Sprachen <br \/><br \/><\/li><\/ul><p><a href=\"https:\/\/complexspineinstitute.com\/de\/complex-spine-institute\/de\/complex-spine-institute\/de\/complex-spine-institute\/de\/complex-spine-institute\/de\/complex-spine-institute\/de\/complex-spine-institute\/de\/complex-spine-institute\/de\/bewertung-anfordern\/\">Vereinbaren Sie unverbindlich einen Termin<\/a> \u2013 wir pr\u00fcfen Ihren Fall mit Sorgfalt, Empathie und Fachkompetenz.<\/p>\t\t\t\t\t\t\t\t<\/div>\n\t\t\t\t<\/div>\n\t\t\t\t\t<\/div>\n\t\t\t\t<\/div>\n\t\t<div class=\"elementor-element elementor-element-6dbf6f11 e-flex e-con-boxed e-con e-parent\" data-id=\"6dbf6f11\" data-element_type=\"container\" data-e-type=\"container\">\n\t\t\t\t\t<div class=\"e-con-inner\">\n\t\t\t\t<div class=\"elementor-element elementor-element-5c45b658 elementor-widget elementor-widget-text-editor\" data-id=\"5c45b658\" data-element_type=\"widget\" data-e-type=\"widget\" data-widget_type=\"text-editor.default\">\n\t\t\t\t<div class=\"elementor-widget-container\">\n\t\t\t\t\t\t\t\t\t<aside class=\"author-signature\" role=\"doc-credits\"><address>\u00dcberpr\u00fcft und genehmigt von <strong>Dr. Vicen\u00e7 Gilete, MD<\/strong>, Neurochirurg, und <strong>Dr.\u00a0Augusto\u00a0Covaro, MD<\/strong>, orthop\u00e4discher Chirurg<\/address><address>Complex\u00a0Spine\u00a0Institute \u00b7 Barcelona | <time datetime=\"2025-04-17\">18.\u00a0April\u00a02025<\/time><\/address><address><a href=\"https:\/\/complexspineinstitute.com\/de\/complex-spine-institute\/de\/complex-spine-institute\/de\/complex-spine-institute\/de\/complex-spine-institute\/de\/complex-spine-institute\/de\/complex-spine-institute\/de\/complex-spine-institute\/de\/institut\/#medizinisches_team\" rel=\"author\">Biografien und Publikationen ansehen<\/a><\/address><\/aside>\t\t\t\t\t\t\t\t<\/div>\n\t\t\t\t<\/div>\n\t\t\t\t\t<\/div>\n\t\t\t\t<\/div>\n\t\t\t\t<\/div>\n\t\t","protected":false},"excerpt":{"rendered":"<p>Oblique Lumbale Zwischenwirbelk\u00f6rperfusion (OLIF): Eine minimalinvasive Revolution in der Wirbels\u00e4ulenchirurgie Die Oblique Lumbale Zwischenwirbelk\u00f6rperfusion (OLIF) gilt als eine der bedeutendsten Innovationen in der Wirbels\u00e4ulenchirurgie der letzten Jahrzehnte. Diese minimalinvasive Technik erm\u00f6glicht die Behandlung komplexer Erkrankungen der Lendenwirbels\u00e4ule mit k\u00fcrzeren Erholungszeiten und geringerem Gewebetrauma. Am Complex Spine Institute wenden wir OLIF mit einem integrierten Ansatz an, [&hellip;]<\/p>\n","protected":false},"author":1,"featured_media":421,"parent":1427,"menu_order":0,"comment_status":"closed","ping_status":"closed","template":"","meta":{"footnotes":""},"class_list":["post-1581","page","type-page","status-publish","has-post-thumbnail","hentry"],"_links":{"self":[{"href":"https:\/\/complexspineinstitute.com\/de\/wp-json\/wp\/v2\/pages\/1581","targetHints":{"allow":["GET"]}}],"collection":[{"href":"https:\/\/complexspineinstitute.com\/de\/wp-json\/wp\/v2\/pages"}],"about":[{"href":"https:\/\/complexspineinstitute.com\/de\/wp-json\/wp\/v2\/types\/page"}],"author":[{"embeddable":true,"href":"https:\/\/complexspineinstitute.com\/de\/wp-json\/wp\/v2\/users\/1"}],"replies":[{"embeddable":true,"href":"https:\/\/complexspineinstitute.com\/de\/wp-json\/wp\/v2\/comments?post=1581"}],"version-history":[{"count":0,"href":"https:\/\/complexspineinstitute.com\/de\/wp-json\/wp\/v2\/pages\/1581\/revisions"}],"up":[{"embeddable":true,"href":"https:\/\/complexspineinstitute.com\/de\/wp-json\/wp\/v2\/pages\/1427"}],"wp:featuredmedia":[{"embeddable":true,"href":"https:\/\/complexspineinstitute.com\/de\/wp-json\/wp\/v2\/media\/421"}],"wp:attachment":[{"href":"https:\/\/complexspineinstitute.com\/de\/wp-json\/wp\/v2\/media?parent=1581"}],"curies":[{"name":"wp","href":"https:\/\/api.w.org\/{rel}","templated":true}]}}