{"id":1563,"date":"2025-04-17T12:00:00","date_gmt":"2025-04-17T10:00:00","guid":{"rendered":"https:\/\/complexspineinstitute.com\/reemplazo-de-disco-cervical\/"},"modified":"2025-05-13T10:56:45","modified_gmt":"2025-05-13T08:56:45","slug":"zervikaler-bandscheibenersatz","status":"publish","type":"page","link":"https:\/\/complexspineinstitute.com\/de\/behandlungen\/zervikaler-bandscheibenersatz\/","title":{"rendered":"Halswirbels\u00e4ulen-Bandscheibenersatz"},"content":{"rendered":"\t\t<div data-elementor-type=\"wp-page\" data-elementor-id=\"1563\" class=\"elementor elementor-1563 elementor-1304\" data-elementor-post-type=\"page\">\n\t\t\t\t<div class=\"elementor-element elementor-element-232de56 e-flex e-con-boxed e-con e-parent\" data-id=\"232de56\" data-element_type=\"container\" data-e-type=\"container\">\n\t\t\t\t\t<div class=\"e-con-inner\">\n\t\t\t\t<div class=\"elementor-element elementor-element-d77e2fd elementor-widget elementor-widget-heading\" data-id=\"d77e2fd\" data-element_type=\"widget\" data-e-type=\"widget\" data-widget_type=\"heading.default\">\n\t\t\t\t<div class=\"elementor-widget-container\">\n\t\t\t\t\t<h1 class=\"elementor-heading-title elementor-size-default\">Halswirbels\u00e4ulenprothese: Definition, Vorteile und Indikationen<\/h1>\t\t\t\t<\/div>\n\t\t\t\t<\/div>\n\t\t\t\t\t<\/div>\n\t\t\t\t<\/div>\n\t\t<div class=\"elementor-element elementor-element-4b39ac2 e-flex e-con-boxed e-con e-parent\" data-id=\"4b39ac2\" data-element_type=\"container\" data-e-type=\"container\">\n\t\t\t\t\t<div class=\"e-con-inner\">\n\t\t<div class=\"elementor-element elementor-element-ac5c5ad e-con-full e-flex e-con e-child\" data-id=\"ac5c5ad\" data-element_type=\"container\" data-e-type=\"container\">\n\t\t\t\t<div class=\"elementor-element elementor-element-125a027 elementor-widget elementor-widget-text-editor\" data-id=\"125a027\" data-element_type=\"widget\" data-e-type=\"widget\" data-widget_type=\"text-editor.default\">\n\t\t\t\t<div class=\"elementor-widget-container\">\n\t\t\t\t\t\t\t\t\t<p>Der Ersatz einer Halswirbelscheibe, auch bekannt als k\u00fcnstliche Bandscheibe oder zervikale Prothese, ist eine moderne chirurgische Technik zur Behandlung degenerativer Erkrankungen der Halswirbels\u00e4ule wie einem Bandscheibenvorfall oder einer Discopathie. Ziel ist es, Schmerzen zu lindern, die Beweglichkeit zu erhalten und Komplikationen zu vermeiden, wie sie bei traditionellen Verfahren wie der Versteifung (Arthrodese) auftreten k\u00f6nnen.<\/p>\t\t\t\t\t\t\t\t<\/div>\n\t\t\t\t<\/div>\n\t\t\t\t<\/div>\n\t\t<div class=\"elementor-element elementor-element-8469aec e-con-full e-flex e-con e-child\" data-id=\"8469aec\" data-element_type=\"container\" data-e-type=\"container\">\n\t\t\t\t<div class=\"elementor-element elementor-element-658a1ab elementor-widget elementor-widget-image\" data-id=\"658a1ab\" data-element_type=\"widget\" data-e-type=\"widget\" data-widget_type=\"image.default\">\n\t\t\t\t<div class=\"elementor-widget-container\">\n\t\t\t\t\t\t\t\t\t\t\t\t\t\t\t<img fetchpriority=\"high\" decoding=\"async\" width=\"567\" height=\"422\" src=\"https:\/\/complexspineinstitute.com\/wp-content\/uploads\/2025\/04\/rx_cervical_protesis_disco_movilidad.webp\" class=\"attachment-large size-large wp-image-961\" alt=\"Radiograf\u00eda cervical con pr\u00f3tesis de disco mostrando movilidad a 10 a\u00f1os de la cirug\u00eda\" srcset=\"https:\/\/complexspineinstitute.com\/wp-content\/uploads\/2025\/04\/rx_cervical_protesis_disco_movilidad.webp 567w, https:\/\/complexspineinstitute.com\/wp-content\/uploads\/2025\/04\/rx_cervical_protesis_disco_movilidad-300x223.webp 300w\" sizes=\"(max-width: 567px) 100vw, 567px\" \/>\t\t\t\t\t\t\t\t\t\t\t\t\t\t\t<\/div>\n\t\t\t\t<\/div>\n\t\t\t\t<\/div>\n\t\t\t\t\t<\/div>\n\t\t\t\t<\/div>\n\t\t<div class=\"elementor-element elementor-element-39b4c43 e-flex e-con-boxed e-con e-parent\" data-id=\"39b4c43\" data-element_type=\"container\" data-e-type=\"container\">\n\t\t\t\t\t<div class=\"e-con-inner\">\n\t\t<div class=\"elementor-element elementor-element-142489a e-con-full e-flex e-con e-child\" data-id=\"142489a\" data-element_type=\"container\" data-e-type=\"container\">\n\t\t\t\t<div class=\"elementor-element elementor-element-ea15c2c elementor-widget elementor-widget-image\" data-id=\"ea15c2c\" data-element_type=\"widget\" data-e-type=\"widget\" data-widget_type=\"image.default\">\n\t\t\t\t<div class=\"elementor-widget-container\">\n\t\t\t\t\t\t\t\t\t\t\t\t\t\t\t<img decoding=\"async\" width=\"440\" height=\"264\" src=\"https:\/\/complexspineinstitute.com\/wp-content\/uploads\/2025\/04\/protesis_disco_intervertebral_artificial.webp\" class=\"attachment-large size-large wp-image-997\" alt=\"Pr\u00f3tesis de disco intervertebral artificial para sustituci\u00f3n y movilidad en columna lumbar\" srcset=\"https:\/\/complexspineinstitute.com\/wp-content\/uploads\/2025\/04\/protesis_disco_intervertebral_artificial.webp 440w, https:\/\/complexspineinstitute.com\/wp-content\/uploads\/2025\/04\/protesis_disco_intervertebral_artificial-300x180.webp 300w\" sizes=\"(max-width: 440px) 100vw, 440px\" \/>\t\t\t\t\t\t\t\t\t\t\t\t\t\t\t<\/div>\n\t\t\t\t<\/div>\n\t\t\t\t<\/div>\n\t\t<div class=\"elementor-element elementor-element-91cc4c5 e-con-full e-flex e-con e-child\" data-id=\"91cc4c5\" data-element_type=\"container\" data-e-type=\"container\">\n\t\t\t\t<div class=\"elementor-element elementor-element-5b1f90c elementor-widget elementor-widget-heading\" data-id=\"5b1f90c\" data-element_type=\"widget\" data-e-type=\"widget\" data-widget_type=\"heading.default\">\n\t\t\t\t<div class=\"elementor-widget-container\">\n\t\t\t\t\t<h2 class=\"elementor-heading-title elementor-size-default\">Was ist ein Bandscheibenersatz an der Halswirbels\u00e4ule?<\/h2>\t\t\t\t<\/div>\n\t\t\t\t<\/div>\n\t\t\t\t<div class=\"elementor-element elementor-element-58d3091 elementor-widget elementor-widget-text-editor\" data-id=\"58d3091\" data-element_type=\"widget\" data-e-type=\"widget\" data-widget_type=\"text-editor.default\">\n\t\t\t\t<div class=\"elementor-widget-container\">\n\t\t\t\t\t\t\t\t\t<p>Dabei wird eine gesch\u00e4digte Bandscheibe durch ein k\u00fcnstliches Implantat ersetzt, das die nat\u00fcrliche H\u00f6he und Beweglichkeit der Wirbels\u00e4ule erh\u00e4lt. Diese Methode ist eine wirksame und weniger invasive Alternative zur Wirbels\u00e4ulenversteifung.<\/p><p>Dr. Augusto Covaro, Spezialist f\u00fcr komplexe und minimalinvasive Wirbels\u00e4ulenchirurgie, erkl\u00e4rt: \u201eUnsere Priorit\u00e4t ist es, die Beweglichkeit zu erhalten und das chirurgische Trauma so gering wie m\u00f6glich zu halten. Der Bandscheibenersatz erm\u00f6glicht genau das \u2013 bei sorgf\u00e4ltig ausgew\u00e4hlten Patienten.\u201c<\/p>\t\t\t\t\t\t\t\t<\/div>\n\t\t\t\t<\/div>\n\t\t\t\t<\/div>\n\t\t\t\t\t<\/div>\n\t\t\t\t<\/div>\n\t\t<div class=\"elementor-element elementor-element-3a55728 e-flex e-con-boxed e-con e-parent\" data-id=\"3a55728\" data-element_type=\"container\" data-e-type=\"container\">\n\t\t\t\t\t<div class=\"e-con-inner\">\n\t\t\t\t<div class=\"elementor-element elementor-element-f15a35b elementor-widget elementor-widget-heading\" data-id=\"f15a35b\" data-element_type=\"widget\" data-e-type=\"widget\" data-widget_type=\"heading.default\">\n\t\t\t\t<div class=\"elementor-widget-container\">\n\t\t\t\t\t<h2 class=\"elementor-heading-title elementor-size-default\">Wann ist diese Operation angezeigt?<\/h2>\t\t\t\t<\/div>\n\t\t\t\t<\/div>\n\t\t\t\t<div class=\"elementor-element elementor-element-1404bdb elementor-widget elementor-widget-text-editor\" data-id=\"1404bdb\" data-element_type=\"widget\" data-e-type=\"widget\" data-widget_type=\"text-editor.default\">\n\t\t\t\t<div class=\"elementor-widget-container\">\n\t\t\t\t\t\t\t\t\t<ul><li>Zervikaler Bandscheibenvorfall, der auf konservative Behandlung nicht anspricht<\/li><li>Schwere Bandscheibendegeneration mit Nervenkompression<\/li><li>Chronische und einschr\u00e4nkende Nackenschmerzen<\/li><li>Junge oder aktive Patienten, die ihre Beweglichkeit erhalten m\u00f6chten<br \/><br \/><\/li><\/ul><p>Dr. Vicen\u00e7 Gilete, Neurochirurg mit Spezialisierung auf kraniozervikale Pathologien, sagt: \u201eBei fortgeschrittener Degeneration oder einem Bandscheibenvorfall, bei dem die Bandscheibe ihre Funktion verloren hat, erm\u00f6glicht der Ersatz eine R\u00fcckkehr zur Lebensqualit\u00e4t \u2013 ohne Einschr\u00e4nkung der Halsbeweglichkeit.\u201c<\/p>\t\t\t\t\t\t\t\t<\/div>\n\t\t\t\t<\/div>\n\t\t\t\t\t<\/div>\n\t\t\t\t<\/div>\n\t\t<div class=\"elementor-element elementor-element-d2e54b6 e-flex e-con-boxed e-con e-parent\" data-id=\"d2e54b6\" data-element_type=\"container\" data-e-type=\"container\">\n\t\t\t\t\t<div class=\"e-con-inner\">\n\t\t\t\t<div class=\"elementor-element elementor-element-a554fab elementor-widget elementor-widget-heading\" data-id=\"a554fab\" data-element_type=\"widget\" data-e-type=\"widget\" data-widget_type=\"heading.default\">\n\t\t\t\t<div class=\"elementor-widget-container\">\n\t\t\t\t\t<h2 class=\"elementor-heading-title elementor-size-default\">Wie l\u00e4uft der Eingriff ab?<\/h2>\t\t\t\t<\/div>\n\t\t\t\t<\/div>\n\t\t\t\t<div class=\"elementor-element elementor-element-df2a015 elementor-widget elementor-widget-text-editor\" data-id=\"df2a015\" data-element_type=\"widget\" data-e-type=\"widget\" data-widget_type=\"text-editor.default\">\n\t\t\t\t<div class=\"elementor-widget-container\">\n\t\t\t\t\t\t\t\t\t<p>Der Eingriff erfolgt \u00fcber einen vorderen Zugang, also von der Vorderseite des Halses. Es werden minimalinvasive Techniken sowie hochmoderne Technologien wie 3D-Navigation und intraoperative CT verwendet.<\/p><p>Im Complex Spine Institute wird die Operation von erfahrenen Spezialisten wie Dr. Covaro und Dr. Gilete durchgef\u00fchrt, die beide \u00fcber internationale Expertise verf\u00fcgen. Sie \u00fcbernehmen die gesamte Planung und Durchf\u00fchrung, was h\u00f6chste Sicherheit und Pr\u00e4zision gew\u00e4hrleistet.<\/p>\t\t\t\t\t\t\t\t<\/div>\n\t\t\t\t<\/div>\n\t\t\t\t\t<\/div>\n\t\t\t\t<\/div>\n\t\t<div class=\"elementor-element elementor-element-9330f3f e-flex e-con-boxed e-con e-parent\" data-id=\"9330f3f\" data-element_type=\"container\" data-e-type=\"container\">\n\t\t\t\t\t<div class=\"e-con-inner\">\n\t\t\t\t<div class=\"elementor-element elementor-element-54dd7d1 elementor-widget elementor-widget-heading\" data-id=\"54dd7d1\" data-element_type=\"widget\" data-e-type=\"widget\" data-widget_type=\"heading.default\">\n\t\t\t\t<div class=\"elementor-widget-container\">\n\t\t\t\t\t<h2 class=\"elementor-heading-title elementor-size-default\">Vorteile gegen\u00fcber der Versteifung der Halswirbels\u00e4ule<\/h2>\t\t\t\t<\/div>\n\t\t\t\t<\/div>\n\t\t\t\t<div class=\"elementor-element elementor-element-4d0fa91 elementor-widget elementor-widget-text-editor\" data-id=\"4d0fa91\" data-element_type=\"widget\" data-e-type=\"widget\" data-widget_type=\"text-editor.default\">\n\t\t\t\t<div class=\"elementor-widget-container\">\n\t\t\t\t\t\t\t\t\t<ul><li>Erh\u00e4lt die Beweglichkeit des Halses<\/li><li>Reduziert das Risiko der Degeneration angrenzender Bandscheiben<\/li><li>K\u00fcrzere Erholungszeit<\/li><li>Weniger Steifheit und bessere Lebensqualit\u00e4t nach der Operation<br \/><br \/><\/li><\/ul><p>\u201eIn meiner Praxis hat sich der Bandscheibenersatz bei aktiven Patienten, die schnell in ihren Alltag zur\u00fcckkehren m\u00f6chten, als \u00e4u\u00dferst erfolgreich erwiesen\u201c, sagt Dr. Covaro.<\/p>\t\t\t\t\t\t\t\t<\/div>\n\t\t\t\t<\/div>\n\t\t\t\t\t<\/div>\n\t\t\t\t<\/div>\n\t\t<div class=\"elementor-element elementor-element-ea3f0c6 e-flex e-con-boxed e-con e-parent\" data-id=\"ea3f0c6\" data-element_type=\"container\" data-e-type=\"container\">\n\t\t\t\t\t<div class=\"e-con-inner\">\n\t\t\t\t<div class=\"elementor-element elementor-element-6d5f830 elementor-widget elementor-widget-heading\" data-id=\"6d5f830\" data-element_type=\"widget\" data-e-type=\"widget\" data-widget_type=\"heading.default\">\n\t\t\t\t<div class=\"elementor-widget-container\">\n\t\t\t\t\t<h2 class=\"elementor-heading-title elementor-size-default\">Wie verl\u00e4uft die Genesung?<\/h2>\t\t\t\t<\/div>\n\t\t\t\t<\/div>\n\t\t\t\t<div class=\"elementor-element elementor-element-5de217b elementor-widget elementor-widget-text-editor\" data-id=\"5de217b\" data-element_type=\"widget\" data-e-type=\"widget\" data-widget_type=\"text-editor.default\">\n\t\t\t\t<div class=\"elementor-widget-container\">\n\t\t\t\t\t\t\t\t\t<p>In den meisten F\u00e4llen kann der Patient das Krankenhaus innerhalb von 24\u201348 Stunden verlassen. In den ersten Wochen sollten k\u00f6rperliche Anstrengungen vermieden werden, doch viele Patienten nehmen ihre Alltagsaktivit\u00e4ten innerhalb eines Monats wieder auf.<\/p><p>Die Nachsorge im Complex Spine Institute ist individuell angepasst. Unser interdisziplin\u00e4res Team \u2013 bestehend aus Physiotherapeuten, Neurochirurgen und Orthop\u00e4den \u2013 begleitet jeden Schritt der Genesung und sorgt f\u00fcr ein optimales Ergebnis.<\/p>\t\t\t\t\t\t\t\t<\/div>\n\t\t\t\t<\/div>\n\t\t\t\t\t<\/div>\n\t\t\t\t<\/div>\n\t\t<div class=\"elementor-element elementor-element-7cfc51db e-flex e-con-boxed e-con e-parent\" data-id=\"7cfc51db\" data-element_type=\"container\" data-e-type=\"container\">\n\t\t\t\t\t<div class=\"e-con-inner\">\n\t\t<div class=\"elementor-element elementor-element-78289e11 e-con-full e-flex e-con e-child\" data-id=\"78289e11\" data-element_type=\"container\" data-e-type=\"container\">\n\t\t\t\t<div class=\"elementor-element elementor-element-5d697c27 elementor-widget elementor-widget-heading\" data-id=\"5d697c27\" data-element_type=\"widget\" data-e-type=\"widget\" data-widget_type=\"heading.default\">\n\t\t\t\t<div class=\"elementor-widget-container\">\n\t\t\t\t\t<h2 class=\"elementor-heading-title elementor-size-default\">H\u00e4ufig gestellte Fragen zum Bandscheibenersatz<\/h2>\t\t\t\t<\/div>\n\t\t\t\t<\/div>\n\t\t\t\t<\/div>\n\t\t<div class=\"elementor-element elementor-element-3950f575 e-con-full e-flex e-con e-child\" data-id=\"3950f575\" data-element_type=\"container\" data-e-type=\"container\">\n\t\t\t\t<div class=\"elementor-element elementor-element-6ae9bdd5 elementor-widget elementor-widget-heading\" data-id=\"6ae9bdd5\" data-element_type=\"widget\" data-e-type=\"widget\" data-widget_type=\"heading.default\">\n\t\t\t\t<div class=\"elementor-widget-container\">\n\t\t\t\t\t<h3 class=\"elementor-heading-title elementor-size-default\">Ist die Operation schmerzhaft?<\/h3>\t\t\t\t<\/div>\n\t\t\t\t<\/div>\n\t\t\t\t<div class=\"elementor-element elementor-element-574da2af elementor-widget elementor-widget-text-editor\" data-id=\"574da2af\" data-element_type=\"widget\" data-e-type=\"widget\" data-widget_type=\"text-editor.default\">\n\t\t\t\t<div class=\"elementor-widget-container\">\n\t\t\t\t\t\t\t\t\t<p>Der Eingriff wird in der Regel gut vertragen. Dank moderner An\u00e4sthesie und Nachsorgeprotokolle ist der Schmerz gut kontrollierbar.<\/p>\t\t\t\t\t\t\t\t<\/div>\n\t\t\t\t<\/div>\n\t\t\t\t<\/div>\n\t\t<div class=\"elementor-element elementor-element-44b246f0 e-con-full e-flex e-con e-child\" data-id=\"44b246f0\" data-element_type=\"container\" data-e-type=\"container\">\n\t\t\t\t<div class=\"elementor-element elementor-element-21413a2b elementor-widget elementor-widget-heading\" data-id=\"21413a2b\" data-element_type=\"widget\" data-e-type=\"widget\" data-widget_type=\"heading.default\">\n\t\t\t\t<div class=\"elementor-widget-container\">\n\t\t\t\t\t<h3 class=\"elementor-heading-title elementor-size-default\">Wie lange h\u00e4lt eine Halswirbelprothese?<\/h3>\t\t\t\t<\/div>\n\t\t\t\t<\/div>\n\t\t\t\t<div class=\"elementor-element elementor-element-305eff54 elementor-widget elementor-widget-text-editor\" data-id=\"305eff54\" data-element_type=\"widget\" data-e-type=\"widget\" data-widget_type=\"text-editor.default\">\n\t\t\t\t<div class=\"elementor-widget-container\">\n\t\t\t\t\t\t\t\t\t<p>Die meisten Prothesen sind f\u00fcr eine Haltbarkeit von 15 bis 20 Jahren oder l\u00e4nger ausgelegt \u2013 abh\u00e4ngig von der Aktivit\u00e4t des Patienten.<\/p>\t\t\t\t\t\t\t\t<\/div>\n\t\t\t\t<\/div>\n\t\t\t\t<\/div>\n\t\t<div class=\"elementor-element elementor-element-6e48493e e-con-full e-flex e-con e-child\" data-id=\"6e48493e\" data-element_type=\"container\" data-e-type=\"container\">\n\t\t\t\t<div class=\"elementor-element elementor-element-5a96fce5 elementor-widget elementor-widget-heading\" data-id=\"5a96fce5\" data-element_type=\"widget\" data-e-type=\"widget\" data-widget_type=\"heading.default\">\n\t\t\t\t<div class=\"elementor-widget-container\">\n\t\t\t\t\t<h3 class=\"elementor-heading-title elementor-size-default\">Kann ich wieder Sport treiben?<\/h3>\t\t\t\t<\/div>\n\t\t\t\t<\/div>\n\t\t\t\t<div class=\"elementor-element elementor-element-5ca9fb19 elementor-widget elementor-widget-text-editor\" data-id=\"5ca9fb19\" data-element_type=\"widget\" data-e-type=\"widget\" data-widget_type=\"text-editor.default\">\n\t\t\t\t<div class=\"elementor-widget-container\">\n\t\t\t\t\t\t\t\t\t<p>Ja, viele Patienten nehmen nach Freigabe durch den Arzt wieder sportliche Aktivit\u00e4ten auf. Die Entscheidung erfolgt individuell nach dem Heilungsverlauf.<\/p>\t\t\t\t\t\t\t\t<\/div>\n\t\t\t\t<\/div>\n\t\t\t\t<\/div>\n\t\t<div class=\"elementor-element elementor-element-145d3ad e-con-full e-flex e-con e-child\" data-id=\"145d3ad\" data-element_type=\"container\" data-e-type=\"container\">\n\t\t\t\t<div class=\"elementor-element elementor-element-8af7e30 elementor-widget elementor-widget-heading\" data-id=\"8af7e30\" data-element_type=\"widget\" data-e-type=\"widget\" data-widget_type=\"heading.default\">\n\t\t\t\t<div class=\"elementor-widget-container\">\n\t\t\t\t\t<h3 class=\"elementor-heading-title elementor-size-default\">Wie viel kostet diese Operation?<\/h3>\t\t\t\t<\/div>\n\t\t\t\t<\/div>\n\t\t\t\t<div class=\"elementor-element elementor-element-b96c164 elementor-widget elementor-widget-text-editor\" data-id=\"b96c164\" data-element_type=\"widget\" data-e-type=\"widget\" data-widget_type=\"text-editor.default\">\n\t\t\t\t<div class=\"elementor-widget-container\">\n\t\t\t\t\t\t\t\t\t<p>Die Kosten variieren je nach Fall. Das Complex Spine Institute bietet detaillierte Kostenvoranschl\u00e4ge und Online-Beratungen ohne Verpflichtung an.<\/p>\t\t\t\t\t\t\t\t<\/div>\n\t\t\t\t<\/div>\n\t\t\t\t<\/div>\n\t\t\t\t\t<\/div>\n\t\t\t\t<\/div>\n\t\t<div class=\"elementor-element elementor-element-b278f56 e-flex e-con-boxed e-con e-parent\" data-id=\"b278f56\" data-element_type=\"container\" data-e-type=\"container\">\n\t\t\t\t\t<div class=\"e-con-inner\">\n\t\t\t\t<div class=\"elementor-element elementor-element-2449c85 elementor-widget elementor-widget-heading\" data-id=\"2449c85\" data-element_type=\"widget\" data-e-type=\"widget\" data-widget_type=\"heading.default\">\n\t\t\t\t<div class=\"elementor-widget-container\">\n\t\t\t\t\t<h2 class=\"elementor-heading-title elementor-size-default\">Wie kann das Complex Spine Institute Ihnen helfen?<\/h2>\t\t\t\t<\/div>\n\t\t\t\t<\/div>\n\t\t\t\t<div class=\"elementor-element elementor-element-b79a9e4 elementor-widget elementor-widget-text-editor\" data-id=\"b79a9e4\" data-element_type=\"widget\" data-e-type=\"widget\" data-widget_type=\"text-editor.default\">\n\t\t\t\t<div class=\"elementor-widget-container\">\n\t\t\t\t\t\t\t\t\t<p>Wir sind ein f\u00fchrendes Zentrum f\u00fcr komplexe und minimalinvasive Wirbels\u00e4ulenchirurgie. Jeder Fall wird individuell beurteilt, um sichere und personalisierte L\u00f6sungen zu bieten. Unsere \u00c4rzte, Dr. Augusto Covaro und Dr. Vicen\u00e7 Gilete, leiten ein engagiertes Team mit h\u00f6chsten Anspr\u00fcchen an medizinische Exzellenz und menschliche Betreuung.<\/p><p><a href=\"https:\/\/complexspineinstitute.com\/de\/complex-spine-institute\/de\/complex-spine-institute\/de\/complex-spine-institute\/de\/complex-spine-institute\/de\/complex-spine-institute\/de\/complex-spine-institute\/de\/complex-spine-institute\/de\/bewertung-anfordern\/\">Vereinbaren Sie jetzt einen Termin<\/a> f\u00fcr eine Online- oder Vor-Ort-Beratung in Barcelona und gewinnen Sie Ihre Lebensqualit\u00e4t zur\u00fcck \u2013 ohne Nackenschmerzen. Kontaktieren Sie uns unverbindlich.<\/p>\t\t\t\t\t\t\t\t<\/div>\n\t\t\t\t<\/div>\n\t\t\t\t\t<\/div>\n\t\t\t\t<\/div>\n\t\t<div class=\"elementor-element elementor-element-6dbf6f11 e-flex e-con-boxed e-con e-parent\" data-id=\"6dbf6f11\" data-element_type=\"container\" data-e-type=\"container\">\n\t\t\t\t\t<div class=\"e-con-inner\">\n\t\t\t\t<div class=\"elementor-element elementor-element-5c45b658 elementor-widget elementor-widget-text-editor\" data-id=\"5c45b658\" data-element_type=\"widget\" data-e-type=\"widget\" data-widget_type=\"text-editor.default\">\n\t\t\t\t<div class=\"elementor-widget-container\">\n\t\t\t\t\t\t\t\t\t<aside class=\"author-signature\" role=\"doc-credits\"><address>\u00dcberpr\u00fcft und genehmigt von <strong>Dr. Vicen\u00e7 Gilete, MD<\/strong>, Neurochirurg, und <strong>Dr.\u00a0Augusto\u00a0Covaro, MD<\/strong>, orthop\u00e4discher Chirurg<\/address><address>Complex\u00a0Spine\u00a0Institute \u00b7 Barcelona | <time datetime=\"2025-04-17\">18.\u00a0April\u00a02025<\/time><\/address><address><a href=\"https:\/\/complexspineinstitute.com\/de\/complex-spine-institute\/de\/complex-spine-institute\/de\/complex-spine-institute\/de\/complex-spine-institute\/de\/complex-spine-institute\/de\/complex-spine-institute\/de\/complex-spine-institute\/de\/institut\/#medizinisches_team\" rel=\"author\">Biografien und Publikationen ansehen<\/a><\/address><\/aside>\t\t\t\t\t\t\t\t<\/div>\n\t\t\t\t<\/div>\n\t\t\t\t\t<\/div>\n\t\t\t\t<\/div>\n\t\t\t\t<\/div>\n\t\t","protected":false},"excerpt":{"rendered":"<p>Halswirbels\u00e4ulenprothese: Definition, Vorteile und Indikationen Der Ersatz einer Halswirbelscheibe, auch bekannt als k\u00fcnstliche Bandscheibe oder zervikale Prothese, ist eine moderne chirurgische Technik zur Behandlung degenerativer Erkrankungen der Halswirbels\u00e4ule wie einem Bandscheibenvorfall oder einer Discopathie. Ziel ist es, Schmerzen zu lindern, die Beweglichkeit zu erhalten und Komplikationen zu vermeiden, wie sie bei traditionellen Verfahren wie der [&hellip;]<\/p>\n","protected":false},"author":1,"featured_media":961,"parent":1427,"menu_order":0,"comment_status":"closed","ping_status":"closed","template":"","meta":{"footnotes":""},"class_list":["post-1563","page","type-page","status-publish","has-post-thumbnail","hentry"],"_links":{"self":[{"href":"https:\/\/complexspineinstitute.com\/de\/wp-json\/wp\/v2\/pages\/1563","targetHints":{"allow":["GET"]}}],"collection":[{"href":"https:\/\/complexspineinstitute.com\/de\/wp-json\/wp\/v2\/pages"}],"about":[{"href":"https:\/\/complexspineinstitute.com\/de\/wp-json\/wp\/v2\/types\/page"}],"author":[{"embeddable":true,"href":"https:\/\/complexspineinstitute.com\/de\/wp-json\/wp\/v2\/users\/1"}],"replies":[{"embeddable":true,"href":"https:\/\/complexspineinstitute.com\/de\/wp-json\/wp\/v2\/comments?post=1563"}],"version-history":[{"count":0,"href":"https:\/\/complexspineinstitute.com\/de\/wp-json\/wp\/v2\/pages\/1563\/revisions"}],"up":[{"embeddable":true,"href":"https:\/\/complexspineinstitute.com\/de\/wp-json\/wp\/v2\/pages\/1427"}],"wp:featuredmedia":[{"embeddable":true,"href":"https:\/\/complexspineinstitute.com\/de\/wp-json\/wp\/v2\/media\/961"}],"wp:attachment":[{"href":"https:\/\/complexspineinstitute.com\/de\/wp-json\/wp\/v2\/media?parent=1563"}],"curies":[{"name":"wp","href":"https:\/\/api.w.org\/{rel}","templated":true}]}}