{"id":1539,"date":"2025-04-17T12:00:06","date_gmt":"2025-04-17T10:00:06","guid":{"rendered":"https:\/\/complexspineinstitute.com\/fusion-lateral-extrema-xlif\/"},"modified":"2025-06-05T16:35:21","modified_gmt":"2025-06-05T14:35:21","slug":"extreme-laterale-fusion-xlif","status":"publish","type":"page","link":"https:\/\/complexspineinstitute.com\/de\/behandlungen\/extreme-laterale-fusion-xlif\/","title":{"rendered":"Extreme laterale Fusion \u2013 XLIF"},"content":{"rendered":"\t\t<div data-elementor-type=\"wp-page\" data-elementor-id=\"1539\" class=\"elementor elementor-1539 elementor-1301\" data-elementor-post-type=\"page\">\n\t\t\t\t<div class=\"elementor-element elementor-element-232de56 e-flex e-con-boxed e-con e-parent\" data-id=\"232de56\" data-element_type=\"container\" data-e-type=\"container\">\n\t\t\t\t\t<div class=\"e-con-inner\">\n\t\t\t\t<div class=\"elementor-element elementor-element-d77e2fd elementor-widget elementor-widget-heading\" data-id=\"d77e2fd\" data-element_type=\"widget\" data-e-type=\"widget\" data-widget_type=\"heading.default\">\n\t\t\t\t<div class=\"elementor-widget-container\">\n\t\t\t\t\t<h1 class=\"elementor-heading-title elementor-size-default\">Extreme Laterale Fusion (XLIF): Die minimalinvasive L\u00f6sung f\u00fcr die Lendenwirbels\u00e4ule mit schneller und pr\u00e4ziser Genesung<\/h1>\t\t\t\t<\/div>\n\t\t\t\t<\/div>\n\t\t\t\t\t<\/div>\n\t\t\t\t<\/div>\n\t\t<div class=\"elementor-element elementor-element-4b39ac2 e-flex e-con-boxed e-con e-parent\" data-id=\"4b39ac2\" data-element_type=\"container\" data-e-type=\"container\">\n\t\t\t\t\t<div class=\"e-con-inner\">\n\t\t<div class=\"elementor-element elementor-element-ac5c5ad e-con-full e-flex e-con e-child\" data-id=\"ac5c5ad\" data-element_type=\"container\" data-e-type=\"container\">\n\t\t\t\t<div class=\"elementor-element elementor-element-e5a2b1d elementor-widget elementor-widget-heading\" data-id=\"e5a2b1d\" data-element_type=\"widget\" data-e-type=\"widget\" data-widget_type=\"heading.default\">\n\t\t\t\t<div class=\"elementor-widget-container\">\n\t\t\t\t\t<h2 class=\"elementor-heading-title elementor-size-default\">Was ist XLIF und f\u00fcr wen ist sie geeignet?<\/h2>\t\t\t\t<\/div>\n\t\t\t\t<\/div>\n\t\t\t\t<div class=\"elementor-element elementor-element-125a027 elementor-widget elementor-widget-text-editor\" data-id=\"125a027\" data-element_type=\"widget\" data-e-type=\"widget\" data-widget_type=\"text-editor.default\">\n\t\t\t\t<div class=\"elementor-widget-container\">\n\t\t\t\t\t\t\t\t\t<p>Die extreme laterale Zwischenwirbel-Fusion (XLIF) ist eine minimalinvasive Operationstechnik zur Stabilisierung der Lendenwirbels\u00e4ule. Sie wird zur Behandlung degenerativer Erkrankungen, Verformungen oder Instabilit\u00e4ten eingesetzt. Der Zugang erfolgt \u00fcber die Flanke des Patienten durch den Psoas-Muskel (transpsoaler Zugang) und vermeidet gro\u00dfe Schnitte sowie muskul\u00e4re Sch\u00e4digungen, wie sie bei traditionellen Verfahren \u00fcblich sind.<\/p><p>Am Complex Spine Institute in Barcelona hat Dr. Vicen\u00e7 Gilete, Neurochirurg mit \u00fcber 25 Jahren Erfahrung, diese Technik erfolgreich bei zahlreichen komplexen F\u00e4llen angewendet, insbesondere bei Patienten mit vorausgegangenen erfolglosen Eingriffen. &#8222;Die Technik muss individuell an die Anatomie und den Krankheitsverlauf jedes Patienten angepasst werden&#8220;, betont er.<\/p>\t\t\t\t\t\t\t\t<\/div>\n\t\t\t\t<\/div>\n\t\t\t\t<\/div>\n\t\t<div class=\"elementor-element elementor-element-8469aec e-con-full e-flex e-con e-child\" data-id=\"8469aec\" data-element_type=\"container\" data-e-type=\"container\">\n\t\t\t\t<div class=\"elementor-element elementor-element-658a1ab elementor-widget elementor-widget-image\" data-id=\"658a1ab\" data-element_type=\"widget\" data-e-type=\"widget\" data-widget_type=\"image.default\">\n\t\t\t\t<div class=\"elementor-widget-container\">\n\t\t\t\t\t\t\t\t\t\t\t\t\t\t\t<img fetchpriority=\"high\" decoding=\"async\" width=\"800\" height=\"800\" src=\"https:\/\/complexspineinstitute.com\/wp-content\/uploads\/2025\/06\/XLIF-2-niv-1024x1024.webp\" class=\"attachment-large size-large wp-image-5583\" alt=\"\" srcset=\"https:\/\/complexspineinstitute.com\/wp-content\/uploads\/2025\/06\/XLIF-2-niv-1024x1024.webp 1024w, https:\/\/complexspineinstitute.com\/wp-content\/uploads\/2025\/06\/XLIF-2-niv-300x300.webp 300w, https:\/\/complexspineinstitute.com\/wp-content\/uploads\/2025\/06\/XLIF-2-niv-150x150.webp 150w, https:\/\/complexspineinstitute.com\/wp-content\/uploads\/2025\/06\/XLIF-2-niv-768x768.webp 768w, https:\/\/complexspineinstitute.com\/wp-content\/uploads\/2025\/06\/XLIF-2-niv.webp 1440w\" sizes=\"(max-width: 800px) 100vw, 800px\" \/>\t\t\t\t\t\t\t\t\t\t\t\t\t\t\t<\/div>\n\t\t\t\t<\/div>\n\t\t\t\t<\/div>\n\t\t\t\t\t<\/div>\n\t\t\t\t<\/div>\n\t\t<div class=\"elementor-element elementor-element-e5c65d0 e-flex e-con-boxed e-con e-parent\" data-id=\"e5c65d0\" data-element_type=\"container\" data-e-type=\"container\">\n\t\t\t\t\t<div class=\"e-con-inner\">\n\t\t\t\t<div class=\"elementor-element elementor-element-b66f11c elementor-widget elementor-widget-heading\" data-id=\"b66f11c\" data-element_type=\"widget\" data-e-type=\"widget\" data-widget_type=\"heading.default\">\n\t\t\t\t<div class=\"elementor-widget-container\">\n\t\t\t\t\t<h2 class=\"elementor-heading-title elementor-size-default\">Wann wird eine XLIF empfohlen?<\/h2>\t\t\t\t<\/div>\n\t\t\t\t<\/div>\n\t\t\t\t<div class=\"elementor-element elementor-element-6f80510 elementor-widget elementor-widget-text-editor\" data-id=\"6f80510\" data-element_type=\"widget\" data-e-type=\"widget\" data-widget_type=\"text-editor.default\">\n\t\t\t\t<div class=\"elementor-widget-container\">\n\t\t\t\t\t\t\t\t\t<ul><li>Degeneration der Bandscheiben (lumbale degenerative Erkrankung)<\/li><li>Foraminal- oder Spinalkanalstenose mit Nervenkompression<\/li><li>Spondylolisthesis (Wirbelgleiten)<\/li><li>Lumbale Skoliose<\/li><li>Vorherige fehlgeschlagene Operationen, die eine Revisionschirurgie erfordern<\/li><li>Chronische, therapieresistente Lendenwirbels\u00e4ulenschmerzen<br \/><br \/><\/li><\/ul><p>Dr. Augusto Covaro, Spezialist f\u00fcr minimalinvasive Revisionschirurgie, sagt: &#8222;XLIF ist besonders vorteilhaft, wenn wir kn\u00f6cherne R\u00fcckenstrukturen vermeiden m\u00f6chten. Dadurch werden Blutverlust und Muskeltrauma reduziert, was die Heilung deutlich beschleunigt.&#8220;<\/p>\t\t\t\t\t\t\t\t<\/div>\n\t\t\t\t<\/div>\n\t\t\t\t\t<\/div>\n\t\t\t\t<\/div>\n\t\t<div class=\"elementor-element elementor-element-d2e54b6 e-flex e-con-boxed e-con e-parent\" data-id=\"d2e54b6\" data-element_type=\"container\" data-e-type=\"container\">\n\t\t\t\t\t<div class=\"e-con-inner\">\n\t\t\t\t<div class=\"elementor-element elementor-element-a554fab elementor-widget elementor-widget-heading\" data-id=\"a554fab\" data-element_type=\"widget\" data-e-type=\"widget\" data-widget_type=\"heading.default\">\n\t\t\t\t<div class=\"elementor-widget-container\">\n\t\t\t\t\t<h2 class=\"elementor-heading-title elementor-size-default\">Wie verl\u00e4uft eine XLIF-Operation?<\/h2>\t\t\t\t<\/div>\n\t\t\t\t<\/div>\n\t\t\t\t<div class=\"elementor-element elementor-element-df2a015 elementor-widget elementor-widget-text-editor\" data-id=\"df2a015\" data-element_type=\"widget\" data-e-type=\"widget\" data-widget_type=\"text-editor.default\">\n\t\t\t\t<div class=\"elementor-widget-container\">\n\t\t\t\t\t\t\t\t\t<p>Der Patient liegt seitlich. \u00dcber einen kleinen Schnitt von 3-5 cm an der Flanke wird der Zugang durch den Psoas-Muskel hergestellt. Eine intraoperative Neuro-Monitoring-Technologie gew\u00e4hrleistet die Schonung empfindlicher Nervenstrukturen.<\/p><p>Nach Entfernung der betroffenen Bandscheibe wird ein K\u00e4figimplantat eingesetzt, das die H\u00f6he und Achse der Wirbels\u00e4ule wiederherstellt. Dieses wird mit Knochentransplantat oder -ersatzmaterial gef\u00fcllt, um die Fusion zu f\u00f6rdern.<\/p><p>Dank moderner 3D-Navigationssysteme, wie sie im Complex Spine Institute eingesetzt werden, ist eine hochpr\u00e4zise und sichere Platzierung m\u00f6glich. Dies verk\u00fcrzt die Operationszeit und verbessert die Ergebnisse.<\/p><p>&#8222;Der laterale Zugang hat unsere Herangehensweise an komplexe Deformit\u00e4ten revolutioniert, vor allem bei fragilen Patienten mit mehreren betroffenen Segmenten.&#8220; \u2013 Dr. Gilete<\/p>\t\t\t\t\t\t\t\t<\/div>\n\t\t\t\t<\/div>\n\t\t\t\t\t<\/div>\n\t\t\t\t<\/div>\n\t\t<div class=\"elementor-element elementor-element-9330f3f e-flex e-con-boxed e-con e-parent\" data-id=\"9330f3f\" data-element_type=\"container\" data-e-type=\"container\">\n\t\t\t\t\t<div class=\"e-con-inner\">\n\t\t\t\t<div class=\"elementor-element elementor-element-54dd7d1 elementor-widget elementor-widget-heading\" data-id=\"54dd7d1\" data-element_type=\"widget\" data-e-type=\"widget\" data-widget_type=\"heading.default\">\n\t\t\t\t<div class=\"elementor-widget-container\">\n\t\t\t\t\t<h2 class=\"elementor-heading-title elementor-size-default\">Vorteile der XLIF-Technik<\/h2>\t\t\t\t<\/div>\n\t\t\t\t<\/div>\n\t\t\t\t<div class=\"elementor-element elementor-element-4d0fa91 elementor-widget elementor-widget-text-editor\" data-id=\"4d0fa91\" data-element_type=\"widget\" data-e-type=\"widget\" data-widget_type=\"text-editor.default\">\n\t\t\t\t<div class=\"elementor-widget-container\">\n\t\t\t\t\t\t\t\t\t<p>Im Vergleich zur herk\u00f6mmlichen Operation mit hinterem Zugang bietet XLIF zahlreiche Vorteile:<\/p><ul><li>Kleine, kosmetisch unauff\u00e4llige Inzision<\/li><li>Muskulatur und B\u00e4nder bleiben weitgehend erhalten<\/li><li>Weniger intraoperative Blutungen<\/li><li>Reduzierte OP- und Krankenhausdauer<\/li><li>Geringere postoperative Schmerzen<\/li><li>Schnellere Genesung<\/li><li>H\u00f6chste Pr\u00e4zision durch 3D-Navigation und Neuro-Monitoring<br \/><br \/><\/li><\/ul><p>&#8222;Viele unserer Patienten k\u00f6nnen nach Jahren chronischer Schmerzen wieder schmerzfrei gehen \u2013 oft schon wenige Tage nach dem Eingriff.&#8220; \u2013 Dr. Covaro<\/p>\t\t\t\t\t\t\t\t<\/div>\n\t\t\t\t<\/div>\n\t\t\t\t\t<\/div>\n\t\t\t\t<\/div>\n\t\t<div class=\"elementor-element elementor-element-254bb96 e-flex e-con-boxed e-con e-parent\" data-id=\"254bb96\" data-element_type=\"container\" data-e-type=\"container\">\n\t\t\t\t\t<div class=\"e-con-inner\">\n\t\t\t\t<div class=\"elementor-element elementor-element-0c6f600 elementor-widget elementor-widget-heading\" data-id=\"0c6f600\" data-element_type=\"widget\" data-e-type=\"widget\" data-widget_type=\"heading.default\">\n\t\t\t\t<div class=\"elementor-widget-container\">\n\t\t\t\t\t<h2 class=\"elementor-heading-title elementor-size-default\">Genesung nach XLIF<\/h2>\t\t\t\t<\/div>\n\t\t\t\t<\/div>\n\t\t\t\t<div class=\"elementor-element elementor-element-cf02f1c elementor-widget elementor-widget-text-editor\" data-id=\"cf02f1c\" data-element_type=\"widget\" data-e-type=\"widget\" data-widget_type=\"text-editor.default\">\n\t\t\t\t<div class=\"elementor-widget-container\">\n\t\t\t\t\t\t\t\t\t<p>Ein besonderer Vorteil der XLIF ist die rasche Erholung. In den meisten F\u00e4llen k\u00f6nnen Patienten noch am selben oder n\u00e4chsten Tag aufstehen und gehen. Die Entlassung erfolgt oft nach 24\u201348 Stunden. Die R\u00fcckkehr zu normalen Aktivit\u00e4ten ist meist nach 2\u20133 Wochen m\u00f6glich.<\/p><p>Selbst bei Eingriffen \u00fcber mehrere Wirbels\u00e4ulensegmente ist die Erholung meist schneller als bei herk\u00f6mmlichen Methoden, wobei die nat\u00fcrliche Kr\u00fcmmung und Beweglichkeit erhalten bleibt.<\/p><p>Unser Rehabilitations-Team entwickelt f\u00fcr jeden Patienten ein individuelles Therapieprogramm, angepasst an Alter, Gesundheitszustand und Lebensstil.<\/p>\t\t\t\t\t\t\t\t<\/div>\n\t\t\t\t<\/div>\n\t\t\t\t\t<\/div>\n\t\t\t\t<\/div>\n\t\t<div class=\"elementor-element elementor-element-96bad6b e-flex e-con-boxed e-con e-parent\" data-id=\"96bad6b\" data-element_type=\"container\" data-e-type=\"container\">\n\t\t\t\t\t<div class=\"e-con-inner\">\n\t\t\t\t<div class=\"elementor-element elementor-element-b9a0b25 elementor-widget elementor-widget-heading\" data-id=\"b9a0b25\" data-element_type=\"widget\" data-e-type=\"widget\" data-widget_type=\"heading.default\">\n\t\t\t\t<div class=\"elementor-widget-container\">\n\t\t\t\t\t<h2 class=\"elementor-heading-title elementor-size-default\">Risiken und Komplikationen<\/h2>\t\t\t\t<\/div>\n\t\t\t\t<\/div>\n\t\t\t\t<div class=\"elementor-element elementor-element-dc4999e elementor-widget elementor-widget-text-editor\" data-id=\"dc4999e\" data-element_type=\"widget\" data-e-type=\"widget\" data-widget_type=\"text-editor.default\">\n\t\t\t\t<div class=\"elementor-widget-container\">\n\t\t\t\t\t\t\t\t\t<p>Obwohl XLIF als sehr sichere Methode gilt, k\u00f6nnen \u2013 wie bei jeder Operation \u2013 Komplikationen auftreten. Diese sind jedoch selten und meist vermeidbar durch erfahrene \u00c4rzte und moderne Technik:<\/p><ul><li>Verletzung des Nervus femoralis oder des Lendenplexus (durch Monitoring vermeidbar)<\/li><li>Retroperitoneale H\u00e4matome<\/li><li>Infektionen (selten dank steriler Protokolle)<\/li><li>Vor\u00fcbergehende Schmerzen im Psoas-Muskel<\/li><li>Pseudarthrose bei unvollst\u00e4ndiger Knochenheilung<br \/><br \/><\/li><\/ul><p>Am Complex Spine Institute setzen wir auf pr\u00e4ventive Protokolle, High-Tech-Implantate und bildgest\u00fctzte Navigation f\u00fcr h\u00f6chste Sicherheit.<\/p>\t\t\t\t\t\t\t\t<\/div>\n\t\t\t\t<\/div>\n\t\t\t\t\t<\/div>\n\t\t\t\t<\/div>\n\t\t<div class=\"elementor-element elementor-element-5b65f7f e-flex e-con-boxed e-con e-parent\" data-id=\"5b65f7f\" data-element_type=\"container\" data-e-type=\"container\">\n\t\t\t\t\t<div class=\"e-con-inner\">\n\t\t\t\t<div class=\"elementor-element elementor-element-6db0149 elementor-widget elementor-widget-heading\" data-id=\"6db0149\" data-element_type=\"widget\" data-e-type=\"widget\" data-widget_type=\"heading.default\">\n\t\t\t\t<div class=\"elementor-widget-container\">\n\t\t\t\t\t<h2 class=\"elementor-heading-title elementor-size-default\">Spezialf\u00e4lle: XLIF bei voroperierten oder seltenen Pathologien<\/h2>\t\t\t\t<\/div>\n\t\t\t\t<\/div>\n\t\t\t\t<div class=\"elementor-element elementor-element-4ae4b0f elementor-widget elementor-widget-text-editor\" data-id=\"4ae4b0f\" data-element_type=\"widget\" data-e-type=\"widget\" data-widget_type=\"text-editor.default\">\n\t\t\t\t<div class=\"elementor-widget-container\">\n\t\t\t\t\t\t\t\t\t<p>Wir sind auf komplexe F\u00e4lle spezialisiert \u2013 Patienten mit seltenen Erkrankungen wie Ehlers-Danlos-Syndrom, Marfan-Syndrom, schweren Deformit\u00e4ten oder mehrfachen Voroperationen.<\/p><p>XLIF bietet eine sichere Alternative zu risikoreichen posterioren Zug\u00e4ngen und erm\u00f6glicht individuelle Therapieans\u00e4tze.<\/p><p>&#8222;Viele Patienten kommen nach jahrelanger Odyssee zu uns. Hier suchen wir keine Standardl\u00f6sung, sondern die richtige f\u00fcr jede Wirbels\u00e4ule.&#8220; \u2013 Dr. Gilete<\/p>\t\t\t\t\t\t\t\t<\/div>\n\t\t\t\t<\/div>\n\t\t\t\t\t<\/div>\n\t\t\t\t<\/div>\n\t\t<div class=\"elementor-element elementor-element-a175090 e-flex e-con-boxed e-con e-parent\" data-id=\"a175090\" data-element_type=\"container\" data-e-type=\"container\">\n\t\t\t\t\t<div class=\"e-con-inner\">\n\t\t\t\t<div class=\"elementor-element elementor-element-5e9d832 elementor-widget elementor-widget-heading\" data-id=\"5e9d832\" data-element_type=\"widget\" data-e-type=\"widget\" data-widget_type=\"heading.default\">\n\t\t\t\t<div class=\"elementor-widget-container\">\n\t\t\t\t\t<h2 class=\"elementor-heading-title elementor-size-default\">Bin ich ein Kandidat f\u00fcr eine XLIF?<\/h2>\t\t\t\t<\/div>\n\t\t\t\t<\/div>\n\t\t\t\t<div class=\"elementor-element elementor-element-5bd3f14 elementor-widget elementor-widget-text-editor\" data-id=\"5bd3f14\" data-element_type=\"widget\" data-e-type=\"widget\" data-widget_type=\"text-editor.default\">\n\t\t\t\t<div class=\"elementor-widget-container\">\n\t\t\t\t\t\t\t\t\t<p>Eine gr\u00fcndliche klinische und bildgebende Untersuchung ist notwendig. Wir bieten Vor-Ort- und Online-Beratungen an und analysieren Ihre MRT-, R\u00f6ntgen- und Krankengeschichte im Detail.<\/p><p>Unser multidisziplin\u00e4res Team ist spezialisiert auf minimalinvasive Wirbels\u00e4ulenchirurgie und komplexe F\u00e4lle. Unser Ziel ist es, Ihre Lebensqualit\u00e4t mit maximaler Sicherheit wiederherzustellen.<\/p>\t\t\t\t\t\t\t\t<\/div>\n\t\t\t\t<\/div>\n\t\t\t\t\t<\/div>\n\t\t\t\t<\/div>\n\t\t<div class=\"elementor-element elementor-element-c58e88f e-flex e-con-boxed e-con e-parent\" data-id=\"c58e88f\" data-element_type=\"container\" data-e-type=\"container\">\n\t\t\t\t\t<div class=\"e-con-inner\">\n\t\t\t\t<div class=\"elementor-element elementor-element-16b3e66 elementor-widget elementor-widget-heading\" data-id=\"16b3e66\" data-element_type=\"widget\" data-e-type=\"widget\" data-widget_type=\"heading.default\">\n\t\t\t\t<div class=\"elementor-widget-container\">\n\t\t\t\t\t<h2 class=\"elementor-heading-title elementor-size-default\">M\u00f6chten Sie wissen, ob Sie ein Kandidat f\u00fcr eine XLIF sind?\n\n\n\n\n\n\n\n\n<\/h2>\t\t\t\t<\/div>\n\t\t\t\t<\/div>\n\t\t\t\t<div class=\"elementor-element elementor-element-08ce23b elementor-widget elementor-widget-text-editor\" data-id=\"08ce23b\" data-element_type=\"widget\" data-e-type=\"widget\" data-widget_type=\"text-editor.default\">\n\t\t\t\t<div class=\"elementor-widget-container\">\n\t\t\t\t\t\t\t\t\t<p>M\u00f6chten Sie wissen, ob Sie f\u00fcr XLIF geeignet sind? <a href=\"https:\/\/complexspineinstitute.com\/de\/complex-spine-institute\/de\/complex-spine-institute\/de\/complex-spine-institute\/de\/complex-spine-institute\/de\/complex-spine-institute\/de\/complex-spine-institute\/de\/complex-spine-institute\/de\/bewertung-anfordern\/\">Fordern Sie eine unverbindliche Erstberatung an<\/a> \u2013 online oder vor Ort in Barcelona.<\/p><p>Wir betreuen Sie auf Deutsch, Spanisch, Englisch, Franz\u00f6sisch und Katalanisch. Unser internationales Team begleitet Sie von der Diagnose bis zur Genesung.<\/p>\t\t\t\t\t\t\t\t<\/div>\n\t\t\t\t<\/div>\n\t\t\t\t\t<\/div>\n\t\t\t\t<\/div>\n\t\t<div class=\"elementor-element elementor-element-6dbf6f11 e-flex e-con-boxed e-con e-parent\" data-id=\"6dbf6f11\" data-element_type=\"container\" data-e-type=\"container\">\n\t\t\t\t\t<div class=\"e-con-inner\">\n\t\t\t\t<div class=\"elementor-element elementor-element-5c45b658 elementor-widget elementor-widget-text-editor\" data-id=\"5c45b658\" data-element_type=\"widget\" data-e-type=\"widget\" data-widget_type=\"text-editor.default\">\n\t\t\t\t<div class=\"elementor-widget-container\">\n\t\t\t\t\t\t\t\t\t<aside class=\"author-signature\" role=\"doc-credits\"><address>\u00dcberpr\u00fcft und genehmigt von <strong>Dr. Vicen\u00e7 Gilete, MD<\/strong>, Neurochirurg, und <strong>Dr.\u00a0Augusto\u00a0Covaro, MD<\/strong>, orthop\u00e4discher Chirurg<\/address><address>Complex\u00a0Spine\u00a0Institute \u00b7 Barcelona | <time datetime=\"2025-04-17\">18.\u00a0April\u00a02025<\/time><\/address><address><a href=\"https:\/\/complexspineinstitute.com\/de\/complex-spine-institute\/de\/complex-spine-institute\/de\/complex-spine-institute\/de\/complex-spine-institute\/de\/complex-spine-institute\/de\/complex-spine-institute\/de\/complex-spine-institute\/de\/institut\/#medizinisches_team\" rel=\"author\">Biografien und Publikationen ansehen<\/a><\/address><\/aside>\t\t\t\t\t\t\t\t<\/div>\n\t\t\t\t<\/div>\n\t\t\t\t\t<\/div>\n\t\t\t\t<\/div>\n\t\t\t\t<\/div>\n\t\t","protected":false},"excerpt":{"rendered":"<p>Extreme Laterale Fusion (XLIF): Die minimalinvasive L\u00f6sung f\u00fcr die Lendenwirbels\u00e4ule mit schneller und pr\u00e4ziser Genesung Was ist XLIF und f\u00fcr wen ist sie geeignet? Die extreme laterale Zwischenwirbel-Fusion (XLIF) ist eine minimalinvasive Operationstechnik zur Stabilisierung der Lendenwirbels\u00e4ule. Sie wird zur Behandlung degenerativer Erkrankungen, Verformungen oder Instabilit\u00e4ten eingesetzt. Der Zugang erfolgt \u00fcber die Flanke des Patienten [&hellip;]<\/p>\n","protected":false},"author":1,"featured_media":421,"parent":1427,"menu_order":0,"comment_status":"closed","ping_status":"closed","template":"","meta":{"footnotes":""},"class_list":["post-1539","page","type-page","status-publish","has-post-thumbnail","hentry"],"_links":{"self":[{"href":"https:\/\/complexspineinstitute.com\/de\/wp-json\/wp\/v2\/pages\/1539","targetHints":{"allow":["GET"]}}],"collection":[{"href":"https:\/\/complexspineinstitute.com\/de\/wp-json\/wp\/v2\/pages"}],"about":[{"href":"https:\/\/complexspineinstitute.com\/de\/wp-json\/wp\/v2\/types\/page"}],"author":[{"embeddable":true,"href":"https:\/\/complexspineinstitute.com\/de\/wp-json\/wp\/v2\/users\/1"}],"replies":[{"embeddable":true,"href":"https:\/\/complexspineinstitute.com\/de\/wp-json\/wp\/v2\/comments?post=1539"}],"version-history":[{"count":0,"href":"https:\/\/complexspineinstitute.com\/de\/wp-json\/wp\/v2\/pages\/1539\/revisions"}],"up":[{"embeddable":true,"href":"https:\/\/complexspineinstitute.com\/de\/wp-json\/wp\/v2\/pages\/1427"}],"wp:featuredmedia":[{"embeddable":true,"href":"https:\/\/complexspineinstitute.com\/de\/wp-json\/wp\/v2\/media\/421"}],"wp:attachment":[{"href":"https:\/\/complexspineinstitute.com\/de\/wp-json\/wp\/v2\/media?parent=1539"}],"curies":[{"name":"wp","href":"https:\/\/api.w.org\/{rel}","templated":true}]}}