{"id":1525,"date":"2025-04-17T12:00:10","date_gmt":"2025-04-17T10:00:10","guid":{"rendered":"https:\/\/complexspineinstitute.com\/correccion-de-deformidad-toracolumbar\/"},"modified":"2025-04-20T20:53:36","modified_gmt":"2025-04-20T18:53:36","slug":"korrektur-thorakolumbaler-deformitaeten","status":"publish","type":"page","link":"https:\/\/complexspineinstitute.com\/de\/behandlungen\/korrektur-thorakolumbaler-deformitaeten\/","title":{"rendered":"Korrektur thorakolumbaler Deformit\u00e4ten"},"content":{"rendered":"\t\t<div data-elementor-type=\"wp-page\" data-elementor-id=\"1525\" class=\"elementor elementor-1525 elementor-1308\" data-elementor-post-type=\"page\">\n\t\t\t\t<div class=\"elementor-element elementor-element-232de56 e-flex e-con-boxed e-con e-parent\" data-id=\"232de56\" data-element_type=\"container\" data-e-type=\"container\">\n\t\t\t\t\t<div class=\"e-con-inner\">\n\t\t\t\t<div class=\"elementor-element elementor-element-d77e2fd elementor-widget elementor-widget-heading\" data-id=\"d77e2fd\" data-element_type=\"widget\" data-e-type=\"widget\" data-widget_type=\"heading.default\">\n\t\t\t\t<div class=\"elementor-widget-container\">\n\t\t\t\t\t<h1 class=\"elementor-heading-title elementor-size-default\">Behandlung torakolumbaler Deformit\u00e4ten: Chirurgie, Technologie und Expertise<\/h1>\t\t\t\t<\/div>\n\t\t\t\t<\/div>\n\t\t\t\t\t<\/div>\n\t\t\t\t<\/div>\n\t\t<div class=\"elementor-element elementor-element-4b39ac2 e-flex e-con-boxed e-con e-parent\" data-id=\"4b39ac2\" data-element_type=\"container\" data-e-type=\"container\">\n\t\t\t\t\t<div class=\"e-con-inner\">\n\t\t<div class=\"elementor-element elementor-element-ac5c5ad e-con-full e-flex e-con e-child\" data-id=\"ac5c5ad\" data-element_type=\"container\" data-e-type=\"container\">\n\t\t\t\t<div class=\"elementor-element elementor-element-125a027 elementor-widget elementor-widget-text-editor\" data-id=\"125a027\" data-element_type=\"widget\" data-e-type=\"widget\" data-widget_type=\"text-editor.default\">\n\t\t\t\t<div class=\"elementor-widget-container\">\n\t\t\t\t\t\t\t\t\t<p>Torakolumbale Deformit\u00e4ten k\u00f6nnen die Lebensqualit\u00e4t erheblich beeintr\u00e4chtigen. Sie f\u00fchren zu Fehlhaltungen, Gleichgewichtsst\u00f6rungen, eingeschr\u00e4nkter Mobilit\u00e4t und chronischen Schmerzen. Dank moderner Wirbels\u00e4ulenchirurgie sind heute bessere klinische Ergebnisse mit weniger Risiken und k\u00fcrzeren Erholungszeiten m\u00f6glich.<\/p>\t\t\t\t\t\t\t\t<\/div>\n\t\t\t\t<\/div>\n\t\t\t\t<\/div>\n\t\t<div class=\"elementor-element elementor-element-8469aec e-con-full e-flex e-con e-child\" data-id=\"8469aec\" data-element_type=\"container\" data-e-type=\"container\">\n\t\t\t\t<div class=\"elementor-element elementor-element-658a1ab elementor-widget elementor-widget-image\" data-id=\"658a1ab\" data-element_type=\"widget\" data-e-type=\"widget\" data-widget_type=\"image.default\">\n\t\t\t\t<div class=\"elementor-widget-container\">\n\t\t\t\t\t\t\t\t\t\t\t\t\t\t\t<img fetchpriority=\"high\" decoding=\"async\" width=\"800\" height=\"748\" src=\"https:\/\/complexspineinstitute.com\/wp-content\/uploads\/2025\/04\/rx_columna_total_post_artrodesis_multinivel_largo_plazo_1-1024x957.webp\" class=\"attachment-large size-large wp-image-1021\" alt=\"Radiograf\u00eda lateral de columna vertebral con artrodesis multinivel en seguimiento a largo plazo\" srcset=\"https:\/\/complexspineinstitute.com\/wp-content\/uploads\/2025\/04\/rx_columna_total_post_artrodesis_multinivel_largo_plazo_1-1024x957.webp 1024w, https:\/\/complexspineinstitute.com\/wp-content\/uploads\/2025\/04\/rx_columna_total_post_artrodesis_multinivel_largo_plazo_1-300x280.webp 300w, https:\/\/complexspineinstitute.com\/wp-content\/uploads\/2025\/04\/rx_columna_total_post_artrodesis_multinivel_largo_plazo_1-768x717.webp 768w, https:\/\/complexspineinstitute.com\/wp-content\/uploads\/2025\/04\/rx_columna_total_post_artrodesis_multinivel_largo_plazo_1.webp 1032w\" sizes=\"(max-width: 800px) 100vw, 800px\" \/>\t\t\t\t\t\t\t\t\t\t\t\t\t\t\t<\/div>\n\t\t\t\t<\/div>\n\t\t\t\t<\/div>\n\t\t\t\t\t<\/div>\n\t\t\t\t<\/div>\n\t\t<div class=\"elementor-element elementor-element-e5c65d0 e-flex e-con-boxed e-con e-parent\" data-id=\"e5c65d0\" data-element_type=\"container\" data-e-type=\"container\">\n\t\t\t\t\t<div class=\"e-con-inner\">\n\t\t\t\t<div class=\"elementor-element elementor-element-b66f11c elementor-widget elementor-widget-heading\" data-id=\"b66f11c\" data-element_type=\"widget\" data-e-type=\"widget\" data-widget_type=\"heading.default\">\n\t\t\t\t<div class=\"elementor-widget-container\">\n\t\t\t\t\t<h2 class=\"elementor-heading-title elementor-size-default\">Was sind torakolumbale Deformit\u00e4ten und wann ist eine Korrektur notwendig?<\/h2>\t\t\t\t<\/div>\n\t\t\t\t<\/div>\n\t\t\t\t<div class=\"elementor-element elementor-element-6f80510 elementor-widget elementor-widget-text-editor\" data-id=\"6f80510\" data-element_type=\"widget\" data-e-type=\"widget\" data-widget_type=\"text-editor.default\">\n\t\t\t\t<div class=\"elementor-widget-container\">\n\t\t\t\t\t\t\t\t\t<p>Diese Deformit\u00e4ten betreffen die Brust- und Lendenwirbels\u00e4ule und treten h\u00e4ufig als Skoliose, Kyphose oder komplexe Kombinationen auf. Eine Operation wird empfohlen, wenn neurologische Funktionen beeintr\u00e4chtigt sind, starke Schmerzen trotz konservativer Behandlung bestehen oder eine erhebliche Einschr\u00e4nkung der Haltung vorliegt.<\/p><p>Dr. Vicen\u00e7 Gilete, Neurochirurg mit mehr als 25 Jahren Erfahrung, sagt: &#8222;Eine Wirbels\u00e4ulenoperation ist dann notwendig, wenn die Lebensqualit\u00e4t und Funktionalit\u00e4t des Patienten erheblich eingeschr\u00e4nkt sind.&#8220;<\/p>\t\t\t\t\t\t\t\t<\/div>\n\t\t\t\t<\/div>\n\t\t\t\t\t<\/div>\n\t\t\t\t<\/div>\n\t\t<div class=\"elementor-element elementor-element-d2e54b6 e-flex e-con-boxed e-con e-parent\" data-id=\"d2e54b6\" data-element_type=\"container\" data-e-type=\"container\">\n\t\t\t\t\t<div class=\"e-con-inner\">\n\t\t\t\t<div class=\"elementor-element elementor-element-a554fab elementor-widget elementor-widget-heading\" data-id=\"a554fab\" data-element_type=\"widget\" data-e-type=\"widget\" data-widget_type=\"heading.default\">\n\t\t\t\t<div class=\"elementor-widget-container\">\n\t\t\t\t\t<h2 class=\"elementor-heading-title elementor-size-default\">Individuelle Diagnostik und OP-Planung<\/h2>\t\t\t\t<\/div>\n\t\t\t\t<\/div>\n\t\t\t\t<div class=\"elementor-element elementor-element-df2a015 elementor-widget elementor-widget-text-editor\" data-id=\"df2a015\" data-element_type=\"widget\" data-e-type=\"widget\" data-widget_type=\"text-editor.default\">\n\t\t\t\t<div class=\"elementor-widget-container\">\n\t\t\t\t\t\t\t\t\t<p>Eine umfassende Diagnose umfasst R\u00f6ntgenaufnahmen im Stehen, MRT, CT und eine Analyse des sagittalen Gleichgewichts. Im Complex Spine Institute nutzen wir moderne 3D-Planungstechnologie zur pr\u00e4zisen Operationsvorbereitung und Risikobewertung.<\/p><p>Dr. Augusto Covaro, Experte f\u00fcr minimalinvasive Techniken, erkl\u00e4rt: &#8222;Ein OP-Plan sollte nicht nur die Kr\u00fcmmung korrigieren, sondern die funktionelle Harmonie der gesamten Wirbels\u00e4ule wiederherstellen.&#8220;<\/p>\t\t\t\t\t\t\t\t<\/div>\n\t\t\t\t<\/div>\n\t\t\t\t\t<\/div>\n\t\t\t\t<\/div>\n\t\t<div class=\"elementor-element elementor-element-39b4c43 e-flex e-con-boxed e-con e-parent\" data-id=\"39b4c43\" data-element_type=\"container\" data-e-type=\"container\">\n\t\t\t\t\t<div class=\"e-con-inner\">\n\t\t<div class=\"elementor-element elementor-element-91cc4c5 e-con-full e-flex e-con e-child\" data-id=\"91cc4c5\" data-element_type=\"container\" data-e-type=\"container\">\n\t\t\t\t<div class=\"elementor-element elementor-element-54dd7d1 elementor-widget elementor-widget-heading\" data-id=\"54dd7d1\" data-element_type=\"widget\" data-e-type=\"widget\" data-widget_type=\"heading.default\">\n\t\t\t\t<div class=\"elementor-widget-container\">\n\t\t\t\t\t<h2 class=\"elementor-heading-title elementor-size-default\">Chirurgische Optionen zur Korrektur torakolumbaler Deformit\u00e4ten<\/h2>\t\t\t\t<\/div>\n\t\t\t\t<\/div>\n\t\t\t\t<div class=\"elementor-element elementor-element-4d0fa91 elementor-widget elementor-widget-text-editor\" data-id=\"4d0fa91\" data-element_type=\"widget\" data-e-type=\"widget\" data-widget_type=\"text-editor.default\">\n\t\t\t\t<div class=\"elementor-widget-container\">\n\t\t\t\t\t\t\t\t\t<p>Je nach Art und Schwere der Deformit\u00e4t k\u00f6nnen unterschiedliche Techniken angewendet werden:<\/p><ul><li>Instrumentierte Fusionen: Stabilisierung mit Schrauben und St\u00e4ben<\/li><li>Osteotomien: Kontrollierte Knochenschnitte zur Korrektur starker Kr\u00fcmmungen<\/li><li>Anteriore, posteriore oder kombinierte Zug\u00e4nge: f\u00fcr optimale 3D-Rekonstruktion<\/li><li>Navigations- und Robotiksysteme: f\u00fcr pr\u00e4ziseste Implantatplatzierung<br \/><br \/><\/li><\/ul><p>Wo m\u00f6glich, setzen wir auf minimalinvasive Techniken, um Blutverlust, Komplikationen und Krankenhausaufenthalt zu minimieren.<\/p>\t\t\t\t\t\t\t\t<\/div>\n\t\t\t\t<\/div>\n\t\t\t\t<\/div>\n\t\t<div class=\"elementor-element elementor-element-142489a e-con-full e-flex e-con e-child\" data-id=\"142489a\" data-element_type=\"container\" data-e-type=\"container\">\n\t\t\t\t<div class=\"elementor-element elementor-element-5f49f26 elementor-widget elementor-widget-image\" data-id=\"5f49f26\" data-element_type=\"widget\" data-e-type=\"widget\" data-widget_type=\"image.default\">\n\t\t\t\t<div class=\"elementor-widget-container\">\n\t\t\t\t\t\t\t\t\t\t\t\t\t\t\t<img decoding=\"async\" width=\"602\" height=\"254\" src=\"https:\/\/complexspineinstitute.com\/wp-content\/uploads\/2025\/04\/evolucion_artrodesis_lumbar_rx_pre_y_postoperatoria.webp\" class=\"attachment-large size-large wp-image-965\" alt=\"Im\u00e1genes preoperatorias y postoperatorias de artrodesis lumbar con colocaci\u00f3n de implantes\" srcset=\"https:\/\/complexspineinstitute.com\/wp-content\/uploads\/2025\/04\/evolucion_artrodesis_lumbar_rx_pre_y_postoperatoria.webp 602w, https:\/\/complexspineinstitute.com\/wp-content\/uploads\/2025\/04\/evolucion_artrodesis_lumbar_rx_pre_y_postoperatoria-300x127.webp 300w\" sizes=\"(max-width: 602px) 100vw, 602px\" \/>\t\t\t\t\t\t\t\t\t\t\t\t\t\t\t<\/div>\n\t\t\t\t<\/div>\n\t\t\t\t<\/div>\n\t\t\t\t\t<\/div>\n\t\t\t\t<\/div>\n\t\t<div class=\"elementor-element elementor-element-ea3f0c6 e-flex e-con-boxed e-con e-parent\" data-id=\"ea3f0c6\" data-element_type=\"container\" data-e-type=\"container\">\n\t\t\t\t\t<div class=\"e-con-inner\">\n\t\t\t\t<div class=\"elementor-element elementor-element-6d5f830 elementor-widget elementor-widget-heading\" data-id=\"6d5f830\" data-element_type=\"widget\" data-e-type=\"widget\" data-widget_type=\"heading.default\">\n\t\t\t\t<div class=\"elementor-widget-container\">\n\t\t\t\t\t<h2 class=\"elementor-heading-title elementor-size-default\">Funktionelle Ergebnisse und Prognose nach der Operation<\/h2>\t\t\t\t<\/div>\n\t\t\t\t<\/div>\n\t\t\t\t<div class=\"elementor-element elementor-element-5de217b elementor-widget elementor-widget-text-editor\" data-id=\"5de217b\" data-element_type=\"widget\" data-e-type=\"widget\" data-widget_type=\"text-editor.default\">\n\t\t\t\t<div class=\"elementor-widget-container\">\n\t\t\t\t\t\t\t\t\t<p>Nach der OP profitieren Patient:innen von verbesserter Haltung, reduzierten Schmerzen und mehr Selbst\u00e4ndigkeit. Eine individuell abgestimmte Rehabilitation spielt eine zentrale Rolle im Heilungsprozess.<\/p><p>Unsere Erfahrung zeigt, dass besonders ganzheitlich betreute Patient:innen von deutlich besseren Ergebnissen profitieren.<\/p>\t\t\t\t\t\t\t\t<\/div>\n\t\t\t\t<\/div>\n\t\t\t\t\t<\/div>\n\t\t\t\t<\/div>\n\t\t<div class=\"elementor-element elementor-element-1bed053 e-flex e-con-boxed e-con e-parent\" data-id=\"1bed053\" data-element_type=\"container\" data-e-type=\"container\">\n\t\t\t\t\t<div class=\"e-con-inner\">\n\t\t\t\t<div class=\"elementor-element elementor-element-e3b615c elementor-widget elementor-widget-heading\" data-id=\"e3b615c\" data-element_type=\"widget\" data-e-type=\"widget\" data-widget_type=\"heading.default\">\n\t\t\t\t<div class=\"elementor-widget-container\">\n\t\t\t\t\t<h2 class=\"elementor-heading-title elementor-size-default\">Komplexe F\u00e4lle und Revisionseingriffe<\/h2>\t\t\t\t<\/div>\n\t\t\t\t<\/div>\n\t\t\t\t<div class=\"elementor-element elementor-element-27b0e5b elementor-widget elementor-widget-text-editor\" data-id=\"27b0e5b\" data-element_type=\"widget\" data-e-type=\"widget\" data-widget_type=\"text-editor.default\">\n\t\t\t\t<div class=\"elementor-widget-container\">\n\t\t\t\t\t\t\t\t\t<p>Im Complex Spine Institute behandeln wir h\u00e4ufig Patient:innen nach erfolglosen Voroperationen. Unsere Expertise erlaubt es, verbleibende Deformit\u00e4ten, Implantatfehlstellungen und unausgewogene Korrekturen gezielt zu therapieren.<\/p><p>Dr. Gilete betont: &#8222;Nicht nur die Technik ist entscheidend, sondern auch die Analyse: Warum hat die erste OP nicht funktioniert? Nur so gelingt die Revision.&#8220;<\/p>\t\t\t\t\t\t\t\t<\/div>\n\t\t\t\t<\/div>\n\t\t\t\t\t<\/div>\n\t\t\t\t<\/div>\n\t\t<div class=\"elementor-element elementor-element-c4660a1 e-flex e-con-boxed e-con e-parent\" data-id=\"c4660a1\" data-element_type=\"container\" data-e-type=\"container\">\n\t\t\t\t\t<div class=\"e-con-inner\">\n\t\t\t\t<div class=\"elementor-element elementor-element-dbcb15e elementor-widget elementor-widget-heading\" data-id=\"dbcb15e\" data-element_type=\"widget\" data-e-type=\"widget\" data-widget_type=\"heading.default\">\n\t\t\t\t<div class=\"elementor-widget-container\">\n\t\t\t\t\t<h2 class=\"elementor-heading-title elementor-size-default\">Internationale Versorgung und Spezialisierung<\/h2>\t\t\t\t<\/div>\n\t\t\t\t<\/div>\n\t\t\t\t<div class=\"elementor-element elementor-element-83b7353 elementor-widget elementor-widget-text-editor\" data-id=\"83b7353\" data-element_type=\"widget\" data-e-type=\"widget\" data-widget_type=\"text-editor.default\">\n\t\t\t\t<div class=\"elementor-widget-container\">\n\t\t\t\t\t\t\t\t\t<p>Dank der Expertise von Dr. Covaro und Dr. Gilete, beide international ausgebildet, ist das Complex Spine Institute ein f\u00fchrendes Zentrum f\u00fcr komplexe Wirbels\u00e4ulenerkrankungen. Wir bieten Betreuung vor Ort in Barcelona oder via Telemedizin \u2013 auf Wunsch auch mehrsprachig.<\/p>\t\t\t\t\t\t\t\t<\/div>\n\t\t\t\t<\/div>\n\t\t\t\t\t<\/div>\n\t\t\t\t<\/div>\n\t\t<div class=\"elementor-element elementor-element-83d7d87 e-flex e-con-boxed e-con e-parent\" data-id=\"83d7d87\" data-element_type=\"container\" data-e-type=\"container\">\n\t\t\t\t\t<div class=\"e-con-inner\">\n\t\t\t\t<div class=\"elementor-element elementor-element-7f9cebb elementor-widget elementor-widget-heading\" data-id=\"7f9cebb\" data-element_type=\"widget\" data-e-type=\"widget\" data-widget_type=\"heading.default\">\n\t\t\t\t<div class=\"elementor-widget-container\">\n\t\t\t\t\t<h2 class=\"elementor-heading-title elementor-size-default\">Hightech-Medizintechnik<\/h2>\t\t\t\t<\/div>\n\t\t\t\t<\/div>\n\t\t\t\t<div class=\"elementor-element elementor-element-f41cbe1 elementor-widget elementor-widget-text-editor\" data-id=\"f41cbe1\" data-element_type=\"widget\" data-e-type=\"widget\" data-widget_type=\"text-editor.default\">\n\t\t\t\t<div class=\"elementor-widget-container\">\n\t\t\t\t\t\t\t\t\t<p>Wir nutzen intraoperative Navigation, 3D-CT, Endoskopie und Robotik f\u00fcr maximale Pr\u00e4zision. So k\u00f6nnen Risiken reduziert und funktionelle Ergebnisse optimiert werden. Unsere Protokolle sichern eine kontinuierliche Betreuung vor und nach der Operation.<\/p>\t\t\t\t\t\t\t\t<\/div>\n\t\t\t\t<\/div>\n\t\t\t\t\t<\/div>\n\t\t\t\t<\/div>\n\t\t<div class=\"elementor-element elementor-element-ffc6030 e-flex e-con-boxed e-con e-parent\" data-id=\"ffc6030\" data-element_type=\"container\" data-e-type=\"container\">\n\t\t\t\t\t<div class=\"e-con-inner\">\n\t\t\t\t<div class=\"elementor-element elementor-element-37a08af elementor-widget elementor-widget-heading\" data-id=\"37a08af\" data-element_type=\"widget\" data-e-type=\"widget\" data-widget_type=\"heading.default\">\n\t\t\t\t<div class=\"elementor-widget-container\">\n\t\t\t\t\t<h2 class=\"elementor-heading-title elementor-size-default\">Wann sollte man sich beraten lassen?<\/h2>\t\t\t\t<\/div>\n\t\t\t\t<\/div>\n\t\t\t\t<div class=\"elementor-element elementor-element-ff1f3e6 elementor-widget elementor-widget-text-editor\" data-id=\"ff1f3e6\" data-element_type=\"widget\" data-e-type=\"widget\" data-widget_type=\"text-editor.default\">\n\t\t\t\t<div class=\"elementor-widget-container\">\n\t\t\t\t\t\t\t\t\t<p>Wenn Sie chronische R\u00fcckenschmerzen, Haltungsver\u00e4nderungen, Gehschwierigkeiten oder eine erfolglose Wirbels\u00e4ulenoperation hinter sich haben, ist eine fach\u00e4rztliche Bewertung wichtig. Nicht jede Deformit\u00e4t erfordert eine Operation \u2013 aber fr\u00fche Diagnostik erm\u00f6glicht gezielte Therapien.<\/p>\n<p><a href=\"https:\/\/complexspineinstitute.com\/de\/complex-spine-institute\/de\/complex-spine-institute\/de\/complex-spine-institute\/de\/complex-spine-institute\/de\/complex-spine-institute\/de\/complex-spine-institute\/de\/complex-spine-institute\/de\/bewertung-anfordern\/\">Vereinbaren Sie eine Erstberatung bei uns<\/a> vor Ort in Barcelona oder per Videokonferenz. Unser internationales Team begleitet Sie kompetent durch den gesamten Behandlungsprozess.<\/p>\t\t\t\t\t\t\t\t<\/div>\n\t\t\t\t<\/div>\n\t\t\t\t\t<\/div>\n\t\t\t\t<\/div>\n\t\t<div class=\"elementor-element elementor-element-6dbf6f11 e-flex e-con-boxed e-con e-parent\" data-id=\"6dbf6f11\" data-element_type=\"container\" data-e-type=\"container\">\n\t\t\t\t\t<div class=\"e-con-inner\">\n\t\t\t\t<div class=\"elementor-element elementor-element-5c45b658 elementor-widget elementor-widget-text-editor\" data-id=\"5c45b658\" data-element_type=\"widget\" data-e-type=\"widget\" data-widget_type=\"text-editor.default\">\n\t\t\t\t<div class=\"elementor-widget-container\">\n\t\t\t\t\t\t\t\t\t<aside class=\"author-signature\" role=\"doc-credits\"><address>\u00dcberpr\u00fcft und genehmigt von <strong>Dr. Vicen\u00e7 Gilete, MD<\/strong>, Neurochirurg, und <strong>Dr.\u00a0Augusto\u00a0Covaro, MD<\/strong>, orthop\u00e4discher Chirurg<\/address><address>Complex\u00a0Spine\u00a0Institute \u00b7 Barcelona | <time datetime=\"2025-04-17\">18.\u00a0April\u00a02025<\/time><\/address><address><a href=\"https:\/\/complexspineinstitute.com\/de\/complex-spine-institute\/de\/complex-spine-institute\/de\/complex-spine-institute\/de\/complex-spine-institute\/de\/complex-spine-institute\/de\/complex-spine-institute\/de\/complex-spine-institute\/de\/institut\/#medizinisches_team\" rel=\"author\">Biografien und Publikationen ansehen<\/a><\/address><\/aside>\t\t\t\t\t\t\t\t<\/div>\n\t\t\t\t<\/div>\n\t\t\t\t\t<\/div>\n\t\t\t\t<\/div>\n\t\t\t\t<\/div>\n\t\t","protected":false},"excerpt":{"rendered":"<p>Behandlung torakolumbaler Deformit\u00e4ten: Chirurgie, Technologie und Expertise Torakolumbale Deformit\u00e4ten k\u00f6nnen die Lebensqualit\u00e4t erheblich beeintr\u00e4chtigen. Sie f\u00fchren zu Fehlhaltungen, Gleichgewichtsst\u00f6rungen, eingeschr\u00e4nkter Mobilit\u00e4t und chronischen Schmerzen. Dank moderner Wirbels\u00e4ulenchirurgie sind heute bessere klinische Ergebnisse mit weniger Risiken und k\u00fcrzeren Erholungszeiten m\u00f6glich. Was sind torakolumbale Deformit\u00e4ten und wann ist eine Korrektur notwendig? Diese Deformit\u00e4ten betreffen die Brust- und [&hellip;]<\/p>\n","protected":false},"author":1,"featured_media":977,"parent":1427,"menu_order":0,"comment_status":"closed","ping_status":"closed","template":"","meta":{"footnotes":""},"class_list":["post-1525","page","type-page","status-publish","has-post-thumbnail","hentry"],"_links":{"self":[{"href":"https:\/\/complexspineinstitute.com\/de\/wp-json\/wp\/v2\/pages\/1525","targetHints":{"allow":["GET"]}}],"collection":[{"href":"https:\/\/complexspineinstitute.com\/de\/wp-json\/wp\/v2\/pages"}],"about":[{"href":"https:\/\/complexspineinstitute.com\/de\/wp-json\/wp\/v2\/types\/page"}],"author":[{"embeddable":true,"href":"https:\/\/complexspineinstitute.com\/de\/wp-json\/wp\/v2\/users\/1"}],"replies":[{"embeddable":true,"href":"https:\/\/complexspineinstitute.com\/de\/wp-json\/wp\/v2\/comments?post=1525"}],"version-history":[{"count":0,"href":"https:\/\/complexspineinstitute.com\/de\/wp-json\/wp\/v2\/pages\/1525\/revisions"}],"up":[{"embeddable":true,"href":"https:\/\/complexspineinstitute.com\/de\/wp-json\/wp\/v2\/pages\/1427"}],"wp:featuredmedia":[{"embeddable":true,"href":"https:\/\/complexspineinstitute.com\/de\/wp-json\/wp\/v2\/media\/977"}],"wp:attachment":[{"href":"https:\/\/complexspineinstitute.com\/de\/wp-json\/wp\/v2\/media?parent=1525"}],"curies":[{"name":"wp","href":"https:\/\/api.w.org\/{rel}","templated":true}]}}