{"id":1518,"date":"2025-04-17T12:00:09","date_gmt":"2025-04-17T10:00:09","guid":{"rendered":"https:\/\/complexspineinstitute.com\/correccion-de-deformidad-cervicotoracica\/"},"modified":"2025-04-20T20:55:35","modified_gmt":"2025-04-20T18:55:35","slug":"korrektur-zervikothorakaler-deformitaeten","status":"publish","type":"page","link":"https:\/\/complexspineinstitute.com\/de\/behandlungen\/korrektur-zervikothorakaler-deformitaeten\/","title":{"rendered":"Korrektur zervikothorakaler Deformit\u00e4ten"},"content":{"rendered":"\t\t<div data-elementor-type=\"wp-page\" data-elementor-id=\"1518\" class=\"elementor elementor-1518 elementor-1306\" data-elementor-post-type=\"page\">\n\t\t\t\t<div class=\"elementor-element elementor-element-232de56 e-flex e-con-boxed e-con e-parent\" data-id=\"232de56\" data-element_type=\"container\" data-e-type=\"container\">\n\t\t\t\t\t<div class=\"e-con-inner\">\n\t\t\t\t<div class=\"elementor-element elementor-element-d77e2fd elementor-widget elementor-widget-heading\" data-id=\"d77e2fd\" data-element_type=\"widget\" data-e-type=\"widget\" data-widget_type=\"heading.default\">\n\t\t\t\t<div class=\"elementor-widget-container\">\n\t\t\t\t\t<h1 class=\"elementor-heading-title elementor-size-default\">Korrektur cervikothorakaler Deformit\u00e4ten: Alles, was Sie wissen m\u00fcssen<\/h1>\t\t\t\t<\/div>\n\t\t\t\t<\/div>\n\t\t\t\t\t<\/div>\n\t\t\t\t<\/div>\n\t\t<div class=\"elementor-element elementor-element-4b39ac2 e-flex e-con-boxed e-con e-parent\" data-id=\"4b39ac2\" data-element_type=\"container\" data-e-type=\"container\">\n\t\t\t\t\t<div class=\"e-con-inner\">\n\t\t<div class=\"elementor-element elementor-element-ac5c5ad e-con-full e-flex e-con e-child\" data-id=\"ac5c5ad\" data-element_type=\"container\" data-e-type=\"container\">\n\t\t\t\t<div class=\"elementor-element elementor-element-2fa35e2 elementor-widget elementor-widget-heading\" data-id=\"2fa35e2\" data-element_type=\"widget\" data-e-type=\"widget\" data-widget_type=\"heading.default\">\n\t\t\t\t<div class=\"elementor-widget-container\">\n\t\t\t\t\t<h2 class=\"elementor-heading-title elementor-size-default\">Was ist eine cervikothorakale Deformit\u00e4t?<\/h2>\t\t\t\t<\/div>\n\t\t\t\t<\/div>\n\t\t\t\t<div class=\"elementor-element elementor-element-125a027 elementor-widget elementor-widget-text-editor\" data-id=\"125a027\" data-element_type=\"widget\" data-e-type=\"widget\" data-widget_type=\"text-editor.default\">\n\t\t\t\t<div class=\"elementor-widget-container\">\n\t\t\t\t\t\t\t\t\t<p>Eine cervikothorakale Deformit\u00e4t ist eine Fehlstellung im \u00dcbergang zwischen der Halswirbels\u00e4ule (HWS) und der Brustwirbels\u00e4ule (BWS). Diese Region, bekannt als cervikothorakaler \u00dcbergang, ist besonders komplex, da hier zahlreiche Nerven-, Gef\u00e4\u00df- und Knochenstrukturen zusammentreffen. Abweichungen in diesem Bereich k\u00f6nnen zu chronischen Schmerzen, R\u00fcckenmarks-Kompressionen und funktionellen Einschr\u00e4nkungen f\u00fchren.<\/p><p>Solche Deformit\u00e4ten treten h\u00e4ufig im Zusammenhang mit Erkrankungen wie zervikaler Kyphose, ankylosierender Spondylitis, Skoliose, postoperativen Fehlstellungen oder rheumatisch-neuromuskul\u00e4ren Erkrankungen auf. Symptome k\u00f6nnen eine nach vorne geneigte Kopfhaltung, eingeschr\u00e4nkte Sicht nach vorne, Gleichgewichtsprobleme, ausstrahlende Schmerzen und Atembeschwerden sein.<\/p>\t\t\t\t\t\t\t\t<\/div>\n\t\t\t\t<\/div>\n\t\t\t\t<\/div>\n\t\t\t\t\t<\/div>\n\t\t\t\t<\/div>\n\t\t<div class=\"elementor-element elementor-element-e5c65d0 e-flex e-con-boxed e-con e-parent\" data-id=\"e5c65d0\" data-element_type=\"container\" data-e-type=\"container\">\n\t\t\t\t\t<div class=\"e-con-inner\">\n\t\t\t\t<div class=\"elementor-element elementor-element-b66f11c elementor-widget elementor-widget-heading\" data-id=\"b66f11c\" data-element_type=\"widget\" data-e-type=\"widget\" data-widget_type=\"heading.default\">\n\t\t\t\t<div class=\"elementor-widget-container\">\n\t\t\t\t\t<h2 class=\"elementor-heading-title elementor-size-default\">Ursachen und Risikofaktoren<\/h2>\t\t\t\t<\/div>\n\t\t\t\t<\/div>\n\t\t\t\t<div class=\"elementor-element elementor-element-6f80510 elementor-widget elementor-widget-text-editor\" data-id=\"6f80510\" data-element_type=\"widget\" data-e-type=\"widget\" data-widget_type=\"text-editor.default\">\n\t\t\t\t<div class=\"elementor-widget-container\">\n\t\t\t\t\t\t\t\t\t<p>Zu den am h\u00e4ufigsten gefundenen Ursachen z\u00e4hlen:<\/p><ul><li>Fortgeschrittener Bandscheibenverschlei\u00df<\/li><li>Entz\u00fcndliche Erkrankungen (z. B. ankylosierende Spondylitis)<\/li><li>Angeborene Fehlbildungen<\/li><li>Verletzungen oder schlecht verheilte Frakturen<\/li><li>Vorangegangene Operationen mit fehlerhafter Wirbels\u00e4ulenfusion<\/li><li>Neuromuskul\u00e4re Erkrankungen (z. B. Muskeldystrophie oder Zerebralparese)<br \/><br \/><\/li><\/ul><p>Die besondere Herausforderung bei der Behandlung liegt darin, dass der cervikothorakale \u00dcbergang einen Gro\u00dfteil der Beweglichkeit von Kopf und Nacken erm\u00f6glicht. Daher erfordert jede Operation in diesem Bereich h\u00f6chste Pr\u00e4zision und fundierte anatomische Kenntnisse.<\/p>\t\t\t\t\t\t\t\t<\/div>\n\t\t\t\t<\/div>\n\t\t\t\t\t<\/div>\n\t\t\t\t<\/div>\n\t\t<div class=\"elementor-element elementor-element-d2e54b6 e-flex e-con-boxed e-con e-parent\" data-id=\"d2e54b6\" data-element_type=\"container\" data-e-type=\"container\">\n\t\t\t\t\t<div class=\"e-con-inner\">\n\t\t\t\t<div class=\"elementor-element elementor-element-a554fab elementor-widget elementor-widget-heading\" data-id=\"a554fab\" data-element_type=\"widget\" data-e-type=\"widget\" data-widget_type=\"heading.default\">\n\t\t\t\t<div class=\"elementor-widget-container\">\n\t\t\t\t\t<h2 class=\"elementor-heading-title elementor-size-default\">Pr\u00e4zise Diagnose als Grundlage f\u00fcr eine erfolgreiche Behandlung<\/h2>\t\t\t\t<\/div>\n\t\t\t\t<\/div>\n\t\t\t\t<div class=\"elementor-element elementor-element-df2a015 elementor-widget elementor-widget-text-editor\" data-id=\"df2a015\" data-element_type=\"widget\" data-e-type=\"widget\" data-widget_type=\"text-editor.default\">\n\t\t\t\t<div class=\"elementor-widget-container\">\n\t\t\t\t\t\t\t\t\t<p>Die Diagnose einer cervikothorakalen Deformit\u00e4t basiert auf einer umfassenden Untersuchung, bestehend aus Anamnese, k\u00f6rperlicher Untersuchung und hochaufl\u00f6senden Bildgebungsverfahren:<\/p><ul><li>Dynamische R\u00f6ntgenaufnahmen<\/li><li>MRT (Magnetresonanztomografie)<\/li><li>3D-CT (Computertomografie)<\/li><li>Flexions-\/Extensionsstudien<br \/><br \/><\/li><\/ul><p>Am Complex Spine Institute unter der Leitung von Dr. Vicen\u00e7 Gilete und Dr. Augusto Covaro nutzen wir ein fortschrittliches Protokoll, um die genaue Ursache der Deformit\u00e4t zu ermitteln und eine sichere Operationsstrategie zu entwickeln. Unsere Erfahrung in komplexen Wirbels\u00e4ulenf\u00e4llen erm\u00f6glicht es uns, auch Patienten mit schweren Deformit\u00e4ten oder fehlgeschlagenen Voroperationen effektiv zu helfen.<\/p>\t\t\t\t\t\t\t\t<\/div>\n\t\t\t\t<\/div>\n\t\t\t\t\t<\/div>\n\t\t\t\t<\/div>\n\t\t<div class=\"elementor-element elementor-element-9330f3f e-flex e-con-boxed e-con e-parent\" data-id=\"9330f3f\" data-element_type=\"container\" data-e-type=\"container\">\n\t\t\t\t\t<div class=\"e-con-inner\">\n\t\t\t\t<div class=\"elementor-element elementor-element-54dd7d1 elementor-widget elementor-widget-heading\" data-id=\"54dd7d1\" data-element_type=\"widget\" data-e-type=\"widget\" data-widget_type=\"heading.default\">\n\t\t\t\t<div class=\"elementor-widget-container\">\n\t\t\t\t\t<h2 class=\"elementor-heading-title elementor-size-default\">Wann ist eine Operation angezeigt?<\/h2>\t\t\t\t<\/div>\n\t\t\t\t<\/div>\n\t\t\t\t<div class=\"elementor-element elementor-element-4d0fa91 elementor-widget elementor-widget-text-editor\" data-id=\"4d0fa91\" data-element_type=\"widget\" data-e-type=\"widget\" data-widget_type=\"text-editor.default\">\n\t\t\t\t<div class=\"elementor-widget-container\">\n\t\t\t\t\t\t\t\t\t<p>Eine operative Korrektur wird empfohlen, wenn:<\/p><ul><li>anhaltende, starke Schmerzen bestehen<\/li><li>neurologische Ausf\u00e4lle auftreten (z. B. Schw\u00e4che, Gangst\u00f6rungen)<\/li><li>die Lebensqualit\u00e4t und Alltagsfunktionen beeintr\u00e4chtigt sind<\/li><li>sich die Fehlstellung im Laufe der Zeit verschlechtert<br \/><br \/><\/li><\/ul><p>Ziel des Eingriffs ist es, das spinale Gleichgewicht wiederherzustellen, Druck von R\u00fcckenmark und Nerven zu nehmen und eine funktionale, stabile K\u00f6rperhaltung zu erm\u00f6glichen.<\/p>\t\t\t\t\t\t\t\t<\/div>\n\t\t\t\t<\/div>\n\t\t\t\t\t<\/div>\n\t\t\t\t<\/div>\n\t\t<div class=\"elementor-element elementor-element-9b4fdbf e-flex e-con-boxed e-con e-parent\" data-id=\"9b4fdbf\" data-element_type=\"container\" data-e-type=\"container\">\n\t\t\t\t\t<div class=\"e-con-inner\">\n\t\t<div class=\"elementor-element elementor-element-9c37274 e-con-full e-flex e-con e-child\" data-id=\"9c37274\" data-element_type=\"container\" data-e-type=\"container\">\n\t\t\t\t<div class=\"elementor-element elementor-element-b496e42 elementor-widget elementor-widget-heading\" data-id=\"b496e42\" data-element_type=\"widget\" data-e-type=\"widget\" data-widget_type=\"heading.default\">\n\t\t\t\t<div class=\"elementor-widget-container\">\n\t\t\t\t\t<h2 class=\"elementor-heading-title elementor-size-default\">Chirurgische Techniken<\/h2>\t\t\t\t<\/div>\n\t\t\t\t<\/div>\n\t\t\t\t<div class=\"elementor-element elementor-element-1114d93 elementor-widget elementor-widget-text-editor\" data-id=\"1114d93\" data-element_type=\"widget\" data-e-type=\"widget\" data-widget_type=\"text-editor.default\">\n\t\t\t\t<div class=\"elementor-widget-container\">\n\t\t\t\t\t\t\t\t\t<p>Die Wahl der Technik richtet sich nach Ausma\u00df, Ursache und Allgemeinzustand des Patienten. H\u00e4ufig eingesetzte Verfahren sind:<\/p><ul><li>Wirbelk\u00f6rperosteotomien zur Wiederherstellung der nat\u00fcrlichen Kr\u00fcmmung<\/li><li>Cervikothorakale Fusion mit Schrauben und St\u00e4ben<\/li><li>Kombinierte dorsale und ventrale Instrumentierung<\/li><li>Revisionsoperationen bei fehlgeschlagenen Vorbehandlungen<br \/><br \/><\/li><\/ul><p>Dr. Gilete erkl\u00e4rt: \u201eEtwa 50 % der Flexion\/Extension der Halswirbels\u00e4ule erfolgt zwischen C0-C1-C2. Eine Fusion in diesem Bereich kann daher zu erheblichem Mobilit\u00e4tsverlust f\u00fchren.\u201c Deshalb wird bei uns jeder Eingriff individuell geplant.<\/p>\t\t\t\t\t\t\t\t<\/div>\n\t\t\t\t<\/div>\n\t\t\t\t<\/div>\n\t\t<div class=\"elementor-element elementor-element-7a1610f e-con-full e-flex e-con e-child\" data-id=\"7a1610f\" data-element_type=\"container\" data-e-type=\"container\">\n\t\t\t\t<div class=\"elementor-element elementor-element-b5770d9 elementor-widget elementor-widget-image\" data-id=\"b5770d9\" data-element_type=\"widget\" data-e-type=\"widget\" data-widget_type=\"image.default\">\n\t\t\t\t<div class=\"elementor-widget-container\">\n\t\t\t\t\t\t\t\t\t\t\t\t\t\t\t<img fetchpriority=\"high\" decoding=\"async\" width=\"800\" height=\"441\" src=\"https:\/\/complexspineinstitute.com\/wp-content\/uploads\/2025\/04\/cirugia_neuroquirurgica_con_microscopio_y_visualizacion_en_monitor.webp\" class=\"attachment-large size-large wp-image-925\" alt=\"Equipo m\u00e9dico realizando cirug\u00eda neuroquir\u00fargica con microscopio y asistencia por imagen en monitor\" srcset=\"https:\/\/complexspineinstitute.com\/wp-content\/uploads\/2025\/04\/cirugia_neuroquirurgica_con_microscopio_y_visualizacion_en_monitor.webp 1024w, https:\/\/complexspineinstitute.com\/wp-content\/uploads\/2025\/04\/cirugia_neuroquirurgica_con_microscopio_y_visualizacion_en_monitor-300x165.webp 300w, https:\/\/complexspineinstitute.com\/wp-content\/uploads\/2025\/04\/cirugia_neuroquirurgica_con_microscopio_y_visualizacion_en_monitor-768x423.webp 768w\" sizes=\"(max-width: 800px) 100vw, 800px\" \/>\t\t\t\t\t\t\t\t\t\t\t\t\t\t\t<\/div>\n\t\t\t\t<\/div>\n\t\t\t\t<\/div>\n\t\t\t\t\t<\/div>\n\t\t\t\t<\/div>\n\t\t<div class=\"elementor-element elementor-element-034bae4 e-flex e-con-boxed e-con e-parent\" data-id=\"034bae4\" data-element_type=\"container\" data-e-type=\"container\">\n\t\t\t\t\t<div class=\"e-con-inner\">\n\t\t\t\t<div class=\"elementor-element elementor-element-66c866a elementor-widget elementor-widget-heading\" data-id=\"66c866a\" data-element_type=\"widget\" data-e-type=\"widget\" data-widget_type=\"heading.default\">\n\t\t\t\t<div class=\"elementor-widget-container\">\n\t\t\t\t\t<h2 class=\"elementor-heading-title elementor-size-default\">Postoperative Genesung und Rehabilitation<\/h2>\t\t\t\t<\/div>\n\t\t\t\t<\/div>\n\t\t\t\t<div class=\"elementor-element elementor-element-b26ecda elementor-widget elementor-widget-text-editor\" data-id=\"b26ecda\" data-element_type=\"widget\" data-e-type=\"widget\" data-widget_type=\"text-editor.default\">\n\t\t\t\t<div class=\"elementor-widget-container\">\n\t\t\t\t\t\t\t\t\t<p>Nach der Operation umfasst der Genesungsprozess:<\/p><ul><li>Kurzer Klinikaufenthalt in spezialisierten Einheiten<\/li><li>Tempor\u00e4rer Einsatz von Halsorthesen<\/li><li>Schrittweise angepasste Physiotherapie<\/li><li>Kontinuierliche Nachsorge durch das Operationsteam<br \/><br \/><\/li><\/ul><p>Die Rehabilitation ist entscheidend f\u00fcr die Wiederherstellung der Beweglichkeit, Vermeidung von Komplikationen und langfristige Stabilit\u00e4t. Das interdisziplin\u00e4re Konzept unseres Instituts gew\u00e4hrleistet eine umfassende Betreuung vom ersten Termin bis zur vollst\u00e4ndigen Genesung.<\/p>\t\t\t\t\t\t\t\t<\/div>\n\t\t\t\t<\/div>\n\t\t\t\t\t<\/div>\n\t\t\t\t<\/div>\n\t\t<div class=\"elementor-element elementor-element-bef19a4 e-flex e-con-boxed e-con e-parent\" data-id=\"bef19a4\" data-element_type=\"container\" data-e-type=\"container\">\n\t\t\t\t\t<div class=\"e-con-inner\">\n\t\t\t\t<div class=\"elementor-element elementor-element-b153504 elementor-widget elementor-widget-heading\" data-id=\"b153504\" data-element_type=\"widget\" data-e-type=\"widget\" data-widget_type=\"heading.default\">\n\t\t\t\t<div class=\"elementor-widget-container\">\n\t\t\t\t\t<h2 class=\"elementor-heading-title elementor-size-default\">Warum Complex Spine Institute?<\/h2>\t\t\t\t<\/div>\n\t\t\t\t<\/div>\n\t\t\t\t<div class=\"elementor-element elementor-element-594842a elementor-widget elementor-widget-text-editor\" data-id=\"594842a\" data-element_type=\"widget\" data-e-type=\"widget\" data-widget_type=\"text-editor.default\">\n\t\t\t\t<div class=\"elementor-widget-container\">\n\t\t\t\t\t\t\t\t\t<ul>\n<li>\u00dcber 25 Jahre Erfahrung in der Behandlung komplexer Wirbels\u00e4ulenerkrankungen<\/li>\n<li>Geleitet von renommierten Spezialisten: Dr. Gilete und Dr. Covaro<\/li>\n<li>Einsatz modernster Technologien: Intraoperatives CT, robotische Navigation, Endoskopie<\/li>\n<li>Erfolgreiche Ergebnisse bei internationalen Patienten mit Voroperationen<br><br><\/li>\n<\/ul>\n<p>Wenn Sie an einer cervikothorakalen Deformit\u00e4t leiden oder bereits operiert wurden, ohne zufriedenstellendes Ergebnis, <a href=\"https:\/\/complexspineinstitute.com\/de\/complex-spine-institute\/de\/complex-spine-institute\/de\/complex-spine-institute\/de\/complex-spine-institute\/de\/complex-spine-institute\/de\/complex-spine-institute\/de\/complex-spine-institute\/de\/bewertung-anfordern\/\">vereinbaren Sie einen Termin mit uns. Wir helfen Ihnen, Ihre L<\/a>ebensqualit\u00e4t zur\u00fcckzugewinnen.<\/p>\t\t\t\t\t\t\t\t<\/div>\n\t\t\t\t<\/div>\n\t\t\t\t\t<\/div>\n\t\t\t\t<\/div>\n\t\t<div class=\"elementor-element elementor-element-6dbf6f11 e-flex e-con-boxed e-con e-parent\" data-id=\"6dbf6f11\" data-element_type=\"container\" data-e-type=\"container\">\n\t\t\t\t\t<div class=\"e-con-inner\">\n\t\t\t\t<div class=\"elementor-element elementor-element-5c45b658 elementor-widget elementor-widget-text-editor\" data-id=\"5c45b658\" data-element_type=\"widget\" data-e-type=\"widget\" data-widget_type=\"text-editor.default\">\n\t\t\t\t<div class=\"elementor-widget-container\">\n\t\t\t\t\t\t\t\t\t<aside class=\"author-signature\" role=\"doc-credits\"><address>\u00dcberpr\u00fcft und genehmigt von <strong>Dr. Vicen\u00e7 Gilete, MD<\/strong>, Neurochirurg, und <strong>Dr.\u00a0Augusto\u00a0Covaro, MD<\/strong>, orthop\u00e4discher Chirurg<\/address><address>Complex\u00a0Spine\u00a0Institute \u00b7 Barcelona | <time datetime=\"2025-04-17\">18.\u00a0April\u00a02025<\/time><\/address><address><a href=\"https:\/\/complexspineinstitute.com\/de\/complex-spine-institute\/de\/complex-spine-institute\/de\/complex-spine-institute\/de\/complex-spine-institute\/de\/complex-spine-institute\/de\/complex-spine-institute\/de\/complex-spine-institute\/de\/institut\/#medizinisches_team\" rel=\"author\">Biografien und Publikationen ansehen<\/a><\/address><\/aside>\t\t\t\t\t\t\t\t<\/div>\n\t\t\t\t<\/div>\n\t\t\t\t\t<\/div>\n\t\t\t\t<\/div>\n\t\t\t\t<\/div>\n\t\t","protected":false},"excerpt":{"rendered":"<p>Korrektur cervikothorakaler Deformit\u00e4ten: Alles, was Sie wissen m\u00fcssen Was ist eine cervikothorakale Deformit\u00e4t? Eine cervikothorakale Deformit\u00e4t ist eine Fehlstellung im \u00dcbergang zwischen der Halswirbels\u00e4ule (HWS) und der Brustwirbels\u00e4ule (BWS). Diese Region, bekannt als cervikothorakaler \u00dcbergang, ist besonders komplex, da hier zahlreiche Nerven-, Gef\u00e4\u00df- und Knochenstrukturen zusammentreffen. Abweichungen in diesem Bereich k\u00f6nnen zu chronischen Schmerzen, R\u00fcckenmarks-Kompressionen [&hellip;]<\/p>\n","protected":false},"author":1,"featured_media":925,"parent":1427,"menu_order":0,"comment_status":"closed","ping_status":"closed","template":"","meta":{"footnotes":""},"class_list":["post-1518","page","type-page","status-publish","has-post-thumbnail","hentry"],"_links":{"self":[{"href":"https:\/\/complexspineinstitute.com\/de\/wp-json\/wp\/v2\/pages\/1518","targetHints":{"allow":["GET"]}}],"collection":[{"href":"https:\/\/complexspineinstitute.com\/de\/wp-json\/wp\/v2\/pages"}],"about":[{"href":"https:\/\/complexspineinstitute.com\/de\/wp-json\/wp\/v2\/types\/page"}],"author":[{"embeddable":true,"href":"https:\/\/complexspineinstitute.com\/de\/wp-json\/wp\/v2\/users\/1"}],"replies":[{"embeddable":true,"href":"https:\/\/complexspineinstitute.com\/de\/wp-json\/wp\/v2\/comments?post=1518"}],"version-history":[{"count":0,"href":"https:\/\/complexspineinstitute.com\/de\/wp-json\/wp\/v2\/pages\/1518\/revisions"}],"up":[{"embeddable":true,"href":"https:\/\/complexspineinstitute.com\/de\/wp-json\/wp\/v2\/pages\/1427"}],"wp:featuredmedia":[{"embeddable":true,"href":"https:\/\/complexspineinstitute.com\/de\/wp-json\/wp\/v2\/media\/925"}],"wp:attachment":[{"href":"https:\/\/complexspineinstitute.com\/de\/wp-json\/wp\/v2\/media?parent=1518"}],"curies":[{"name":"wp","href":"https:\/\/api.w.org\/{rel}","templated":true}]}}