{"id":1500,"date":"2025-04-17T12:00:39","date_gmt":"2025-04-17T10:00:39","guid":{"rendered":"https:\/\/complexspineinstitute.com\/cirugia-de-revision-de-columna\/"},"modified":"2025-05-13T13:31:44","modified_gmt":"2025-05-13T11:31:44","slug":"wirbelsaeulenrevisionschirurgie","status":"publish","type":"page","link":"https:\/\/complexspineinstitute.com\/de\/behandlungen\/wirbelsaeulenrevisionschirurgie\/","title":{"rendered":"Wirbels\u00e4ulenrevisionschirurgie"},"content":{"rendered":"\t\t<div data-elementor-type=\"wp-page\" data-elementor-id=\"1500\" class=\"elementor elementor-1500 elementor-1299\" data-elementor-post-type=\"page\">\n\t\t\t\t<div class=\"elementor-element elementor-element-232de56 e-flex e-con-boxed e-con e-parent\" data-id=\"232de56\" data-element_type=\"container\" data-e-type=\"container\">\n\t\t\t\t\t<div class=\"e-con-inner\">\n\t\t\t\t<div class=\"elementor-element elementor-element-d77e2fd elementor-widget elementor-widget-heading\" data-id=\"d77e2fd\" data-element_type=\"widget\" data-e-type=\"widget\" data-widget_type=\"heading.default\">\n\t\t\t\t<div class=\"elementor-widget-container\">\n\t\t\t\t\t<h1 class=\"elementor-heading-title elementor-size-default\">Revisionsoperation an der Wirbels\u00e4ule: Wann sie notwendig ist, wie sie durchgef\u00fchrt wird und welche Ergebnisse zu erwarten sind<\/h1>\t\t\t\t<\/div>\n\t\t\t\t<\/div>\n\t\t\t\t\t<\/div>\n\t\t\t\t<\/div>\n\t\t<div class=\"elementor-element elementor-element-4b39ac2 e-flex e-con-boxed e-con e-parent\" data-id=\"4b39ac2\" data-element_type=\"container\" data-e-type=\"container\">\n\t\t\t\t\t<div class=\"e-con-inner\">\n\t\t<div class=\"elementor-element elementor-element-ac5c5ad e-con-full e-flex e-con e-child\" data-id=\"ac5c5ad\" data-element_type=\"container\" data-e-type=\"container\">\n\t\t\t\t<div class=\"elementor-element elementor-element-2fa35e2 elementor-widget elementor-widget-heading\" data-id=\"2fa35e2\" data-element_type=\"widget\" data-e-type=\"widget\" data-widget_type=\"heading.default\">\n\t\t\t\t<div class=\"elementor-widget-container\">\n\t\t\t\t\t<h2 class=\"elementor-heading-title elementor-size-default\">Was ist eine Revisionsoperation an der Wirbels\u00e4ule?<\/h2>\t\t\t\t<\/div>\n\t\t\t\t<\/div>\n\t\t\t\t<div class=\"elementor-element elementor-element-125a027 elementor-widget elementor-widget-text-editor\" data-id=\"125a027\" data-element_type=\"widget\" data-e-type=\"widget\" data-widget_type=\"text-editor.default\">\n\t\t\t\t<div class=\"elementor-widget-container\">\n\t\t\t\t\t\t\t\t\t<p>Eine Revisionsoperation an der Wirbels\u00e4ule ist ein spezialisierter chirurgischer Eingriff, der dazu dient, Komplikationen oder Misserfolge fr\u00fcherer Wirbels\u00e4ulenoperationen zu korrigieren oder fortschreitende Erkrankungen zu behandeln, die durch einen fr\u00fcheren Eingriff nicht ausreichend gel\u00f6st wurden. Diese Operation ist in der Regel komplexer als eine Erstoperation und erfordert eine pr\u00e4zise Analyse der bisherigen Ma\u00dfnahmen sowie eine individuell angepasste chirurgische Strategie.<\/p><p>Am Complex Spine Institute wird jede Revisionsoperation von einem multidisziplin\u00e4ren Team unter der Leitung von Dr. Augusto Covaro und Dr. Vicen\u00e7 Gilete durchgef\u00fchrt \u2013 zwei der f\u00fchrenden Experten Europas f\u00fcr minimalinvasive und komplexe Wirbels\u00e4ulenchirurgie. Sie verf\u00fcgen \u00fcber jahrzehntelange Erfahrung in der kraniozervikalen und lumbalen Chirurgie sowie in der Behandlung von Wirbels\u00e4ulendeformit\u00e4ten.<\/p>\t\t\t\t\t\t\t\t<\/div>\n\t\t\t\t<\/div>\n\t\t\t\t<\/div>\n\t\t<div class=\"elementor-element elementor-element-8469aec e-con-full e-flex e-con e-child\" data-id=\"8469aec\" data-element_type=\"container\" data-e-type=\"container\">\n\t\t\t\t<div class=\"elementor-element elementor-element-658a1ab elementor-widget elementor-widget-image\" data-id=\"658a1ab\" data-element_type=\"widget\" data-e-type=\"widget\" data-widget_type=\"image.default\">\n\t\t\t\t<div class=\"elementor-widget-container\">\n\t\t\t\t\t\t\t\t\t\t\t\t\t\t\t<img fetchpriority=\"high\" decoding=\"async\" width=\"800\" height=\"563\" src=\"https:\/\/complexspineinstitute.com\/wp-content\/uploads\/2025\/04\/equipo_quirurgico_en_intervencion_endoscopica_complex_spine_institut-1024x720.webp\" class=\"attachment-large size-large wp-image-893\" alt=\"Equipo quir\u00fargico durante procedimiento endosc\u00f3pico de columna en Complex Spine Institut\" srcset=\"https:\/\/complexspineinstitute.com\/wp-content\/uploads\/2025\/04\/equipo_quirurgico_en_intervencion_endoscopica_complex_spine_institut-1024x720.webp 1024w, https:\/\/complexspineinstitute.com\/wp-content\/uploads\/2025\/04\/equipo_quirurgico_en_intervencion_endoscopica_complex_spine_institut-300x211.webp 300w, https:\/\/complexspineinstitute.com\/wp-content\/uploads\/2025\/04\/equipo_quirurgico_en_intervencion_endoscopica_complex_spine_institut-768x540.webp 768w, https:\/\/complexspineinstitute.com\/wp-content\/uploads\/2025\/04\/equipo_quirurgico_en_intervencion_endoscopica_complex_spine_institut.webp 1274w\" sizes=\"(max-width: 800px) 100vw, 800px\" \/>\t\t\t\t\t\t\t\t\t\t\t\t\t\t\t<\/div>\n\t\t\t\t<\/div>\n\t\t\t\t<\/div>\n\t\t\t\t\t<\/div>\n\t\t\t\t<\/div>\n\t\t<div class=\"elementor-element elementor-element-e5c65d0 e-flex e-con-boxed e-con e-parent\" data-id=\"e5c65d0\" data-element_type=\"container\" data-e-type=\"container\">\n\t\t\t\t\t<div class=\"e-con-inner\">\n\t\t\t\t<div class=\"elementor-element elementor-element-b66f11c elementor-widget elementor-widget-heading\" data-id=\"b66f11c\" data-element_type=\"widget\" data-e-type=\"widget\" data-widget_type=\"heading.default\">\n\t\t\t\t<div class=\"elementor-widget-container\">\n\t\t\t\t\t<h2 class=\"elementor-heading-title elementor-size-default\">Wann ist eine Revisionsoperation erforderlich?<\/h2>\t\t\t\t<\/div>\n\t\t\t\t<\/div>\n\t\t\t\t<div class=\"elementor-element elementor-element-6f80510 elementor-widget elementor-widget-text-editor\" data-id=\"6f80510\" data-element_type=\"widget\" data-e-type=\"widget\" data-widget_type=\"text-editor.default\">\n\t\t\t\t<div class=\"elementor-widget-container\">\n\t\t\t\t\t\t\t\t\t<p>Eine Revisionsoperation kann in vielen F\u00e4llen angezeigt sein, insbesondere bei folgenden Beschwerden:<\/p><ul><li>Anhaltende oder zunehmende Schmerzen nach einer fr\u00fcheren Operation<\/li><li>Pseudarthrose (unzureichende kn\u00f6cherne Fusion)<\/li><li>Fehlplatzierte Implantate<\/li><li>Degeneration angrenzender Wirbels\u00e4ulensegmente<\/li><li>Wiederkehrender Bandscheibenvorfall<\/li><li>Fortbestehende Wirbels\u00e4uleninstabilit\u00e4t<\/li><li>Unzureichend behandelte Spinalkanalstenose<\/li><li>Postoperative Infektionen<\/li><li>Failed-Back-Surgery-Syndrom (FBSS)<br \/><br \/><\/li><\/ul><p>Wie Dr. Covaro erkl\u00e4rt: \u201eBei einer Revisionsoperation geht es nicht darum, die gleiche Operation zu wiederholen, sondern zu verstehen, was nicht funktioniert hat, und wie man ein bereits ver\u00e4ndertes System erfolgreich rekonstruieren kann.\u201c<\/p>\t\t\t\t\t\t\t\t<\/div>\n\t\t\t\t<\/div>\n\t\t\t\t\t<\/div>\n\t\t\t\t<\/div>\n\t\t<div class=\"elementor-element elementor-element-d2e54b6 e-flex e-con-boxed e-con e-parent\" data-id=\"d2e54b6\" data-element_type=\"container\" data-e-type=\"container\">\n\t\t\t\t\t<div class=\"e-con-inner\">\n\t\t\t\t<div class=\"elementor-element elementor-element-a554fab elementor-widget elementor-widget-heading\" data-id=\"a554fab\" data-element_type=\"widget\" data-e-type=\"widget\" data-widget_type=\"heading.default\">\n\t\t\t\t<div class=\"elementor-widget-container\">\n\t\t\t\t\t<h2 class=\"elementor-heading-title elementor-size-default\">Diagnose: Der entscheidende Erfolgsfaktor<\/h2>\t\t\t\t<\/div>\n\t\t\t\t<\/div>\n\t\t\t\t<div class=\"elementor-element elementor-element-df2a015 elementor-widget elementor-widget-text-editor\" data-id=\"df2a015\" data-element_type=\"widget\" data-e-type=\"widget\" data-widget_type=\"text-editor.default\">\n\t\t\t\t<div class=\"elementor-widget-container\">\n\t\t\t\t\t\t\t\t\t<p>Ein korrektes Zusammenspiel von klinischer Untersuchung und Bildgebung ist entscheidend. Viele Patientinnen und Patienten kommen mit veralteten MRTs oder nicht aussagekr\u00e4ftigen Aufnahmen. Unser Diagnoseprotokoll umfasst funktionelle Aufnahmen in Beugung, Streckung und Rotation, 3D-CT, biomechanische Analysen und aktuelle MRTs. So k\u00f6nnen wir versteckte Instabilit\u00e4ten oder fortschreitende L\u00e4sionen erkennen, die andernorts \u00fcbersehen wurden.<\/p><p>Dr. Gilete betont: \u201eOft wurde die Erstoperation auf Grundlage eines unvollst\u00e4ndigen Befundes durchgef\u00fchrt. Wir stellen sicher, dass neurologische Symptome, Schmerzen und Funktionseinschr\u00e4nkungen genau mit den bildgebenden Befunden \u00fcbereinstimmen \u2013 das ist essenziell f\u00fcr eine gerechtfertigte Revisionsoperation.\u201c<\/p>\t\t\t\t\t\t\t\t<\/div>\n\t\t\t\t<\/div>\n\t\t\t\t\t<\/div>\n\t\t\t\t<\/div>\n\t\t<div class=\"elementor-element elementor-element-9330f3f e-flex e-con-boxed e-con e-parent\" data-id=\"9330f3f\" data-element_type=\"container\" data-e-type=\"container\">\n\t\t\t\t\t<div class=\"e-con-inner\">\n\t\t\t\t<div class=\"elementor-element elementor-element-54dd7d1 elementor-widget elementor-widget-heading\" data-id=\"54dd7d1\" data-element_type=\"widget\" data-e-type=\"widget\" data-widget_type=\"heading.default\">\n\t\t\t\t<div class=\"elementor-widget-container\">\n\t\t\t\t\t<h2 class=\"elementor-heading-title elementor-size-default\">Wie l\u00e4uft eine Revisionsoperation ab?<\/h2>\t\t\t\t<\/div>\n\t\t\t\t<\/div>\n\t\t\t\t<div class=\"elementor-element elementor-element-4d0fa91 elementor-widget elementor-widget-text-editor\" data-id=\"4d0fa91\" data-element_type=\"widget\" data-e-type=\"widget\" data-widget_type=\"text-editor.default\">\n\t\t\t\t<div class=\"elementor-widget-container\">\n\t\t\t\t\t\t\t\t\t<p>Die gew\u00e4hlte chirurgische Technik h\u00e4ngt vom Grund des vorherigen Versagens und der Art der urspr\u00fcnglichen Operation ab. Im Complex Spine Institute bevorzugen wir minimalinvasive Verfahren wie Wirbels\u00e4ulenendoskopie, laterale Zug\u00e4nge (XLIF, OLIF), 3D-Navigation und robotergest\u00fctzte Chirurgie, um den Eingriff so schonend wie m\u00f6glich zu gestalten.<\/p><p>M\u00f6gliche Ma\u00dfnahmen w\u00e4hrend einer Revisionsoperation sind:<\/p><ul><li>Entfernung von altem Implantatmaterial<\/li><li>Neuplatzierung von Implantaten<\/li><li>Vervollst\u00e4ndigung einer unvollst\u00e4ndigen Fusion<\/li><li>Korrektur fortschreitender Deformit\u00e4ten<\/li><li>Dekompression betroffener Nervenstrukturen<br \/><br \/><\/li><\/ul><p>In komplexeren F\u00e4llen kann eine kombinierte Vorgehensweise notwendig sein, etwa eine Fusion von vorne mit anschlie\u00dfender Stabilisierung von hinten.<\/p>\t\t\t\t\t\t\t\t<\/div>\n\t\t\t\t<\/div>\n\t\t\t\t\t<\/div>\n\t\t\t\t<\/div>\n\t\t<div class=\"elementor-element elementor-element-b4b6ab4 e-flex e-con-boxed e-con e-parent\" data-id=\"b4b6ab4\" data-element_type=\"container\" data-e-type=\"container\">\n\t\t\t\t\t<div class=\"e-con-inner\">\n\t\t\t\t<div class=\"elementor-element elementor-element-760fa9f elementor-widget elementor-widget-heading\" data-id=\"760fa9f\" data-element_type=\"widget\" data-e-type=\"widget\" data-widget_type=\"heading.default\">\n\t\t\t\t<div class=\"elementor-widget-container\">\n\t\t\t\t\t<h2 class=\"elementor-heading-title elementor-size-default\">Welche Ergebnisse kann man erwarten?<\/h2>\t\t\t\t<\/div>\n\t\t\t\t<\/div>\n\t\t\t\t<div class=\"elementor-element elementor-element-490dfb1 elementor-widget elementor-widget-text-editor\" data-id=\"490dfb1\" data-element_type=\"widget\" data-e-type=\"widget\" data-widget_type=\"text-editor.default\">\n\t\t\t\t<div class=\"elementor-widget-container\">\n\t\t\t\t\t\t\t\t\t<p>Die Resultate h\u00e4ngen stark von der individuellen Situation ab. Unsere Erfahrung zeigt jedoch, dass eine gut geplante Revisionsoperation zu einer deutlichen Funktionsverbesserung, Schmerzlinderung und h\u00f6herer Lebensqualit\u00e4t f\u00fchren kann. Entscheidend ist, einen weiteren Misserfolg zu vermeiden.<\/p><p>Unser chirurgisches Team betont: \u201eEine pr\u00e4zise durchgef\u00fchrte Revisionsoperation kann f\u00fcr viele Patientinnen und Patienten ein Wendepunkt sein. Aber sie erfordert Erfahrung, Planung und modernste Technologie.\u201c<\/p><p>Eine Revisionsoperation bedeutet nicht, zum Ausgangspunkt zur\u00fcckzukehren, sondern ein bereits ver\u00e4ndertes System neu zu strukturieren. Eine ma\u00dfgeschneiderte Nachsorge und Rehabilitation sind dabei unerl\u00e4sslich.<\/p>\t\t\t\t\t\t\t\t<\/div>\n\t\t\t\t<\/div>\n\t\t\t\t\t<\/div>\n\t\t\t\t<\/div>\n\t\t<div class=\"elementor-element elementor-element-1c9a5ef e-flex e-con-boxed e-con e-parent\" data-id=\"1c9a5ef\" data-element_type=\"container\" data-e-type=\"container\">\n\t\t\t\t\t<div class=\"e-con-inner\">\n\t\t\t\t<div class=\"elementor-element elementor-element-025ee66 elementor-widget elementor-widget-heading\" data-id=\"025ee66\" data-element_type=\"widget\" data-e-type=\"widget\" data-widget_type=\"heading.default\">\n\t\t\t\t<div class=\"elementor-widget-container\">\n\t\t\t\t\t<h2 class=\"elementor-heading-title elementor-size-default\">H\u00e4ufig behandelte F\u00e4lle in unserem Institut<\/h2>\t\t\t\t<\/div>\n\t\t\t\t<\/div>\n\t\t\t\t<div class=\"elementor-element elementor-element-d38ba19 elementor-widget elementor-widget-text-editor\" data-id=\"d38ba19\" data-element_type=\"widget\" data-e-type=\"widget\" data-widget_type=\"text-editor.default\">\n\t\t\t\t<div class=\"elementor-widget-container\">\n\t\t\t\t\t\t\t\t\t<p>Zu den h\u00e4ufigsten Diagnosen, die wir durch Revisionsoperationen behandeln, geh\u00f6ren:<\/p><ul><li>Unvollst\u00e4ndige lumbale Fusion nach Spondylodese<\/li><li>Rezidivierende Bandscheibenvorf\u00e4lle bei L4-L5 oder L5-S1<\/li><li>Fortbestehende Spinalkanalstenose nach Teilentlastung<\/li><li>Progrediente Skoliose bei unvollst\u00e4ndiger Fixierung<\/li><li>Urspr\u00fcnglich nicht diagnostizierte kraniozervikale Instabilit\u00e4t<\/li><li>Implantatlockerung oder Schraubenwanderung<br \/><br \/><\/li><\/ul><p>Diese und \u00e4hnliche F\u00e4lle wurden erfolgreich vom Team um Dr. Gilete und Dr. Covaro behandelt \u2013 mit dem Ziel, die Mobilit\u00e4t und Lebensqualit\u00e4t der Patientinnen und Patienten wiederherzustellen.<\/p><p>\u00a0<\/p>\t\t\t\t\t\t\t\t<\/div>\n\t\t\t\t<\/div>\n\t\t\t\t\t<\/div>\n\t\t\t\t<\/div>\n\t\t<div class=\"elementor-element elementor-element-95b3dcf e-flex e-con-boxed e-con e-parent\" data-id=\"95b3dcf\" data-element_type=\"container\" data-e-type=\"container\">\n\t\t\t\t\t<div class=\"e-con-inner\">\n\t\t\t\t<div class=\"elementor-element elementor-element-47a619d elementor-widget elementor-widget-heading\" data-id=\"47a619d\" data-element_type=\"widget\" data-e-type=\"widget\" data-widget_type=\"heading.default\">\n\t\t\t\t<div class=\"elementor-widget-container\">\n\t\t\t\t\t<h2 class=\"elementor-heading-title elementor-size-default\">Bin ich ein geeigneter Kandidat?<\/h2>\t\t\t\t<\/div>\n\t\t\t\t<\/div>\n\t\t\t\t<div class=\"elementor-element elementor-element-802d38a elementor-widget elementor-widget-text-editor\" data-id=\"802d38a\" data-element_type=\"widget\" data-e-type=\"widget\" data-widget_type=\"text-editor.default\">\n\t\t\t\t<div class=\"elementor-widget-container\">\n\t\t\t\t\t\t\t\t\t<p>Falls Sie nach einer Wirbels\u00e4ulenoperation weiterhin Schmerzen, neurologische Ausf\u00e4lle oder Funktionseinschr\u00e4nkungen haben, k\u00f6nnte eine Revisionsuntersuchung sinnvoll sein. Das Complex Spine Institute bietet umfassende Diagnosen sowohl vor Ort in Barcelona als auch per internationaler Videosprechstunde. Unser mehrsprachiges Team (Deutsch, Spanisch, Englisch, Franz\u00f6sisch) begleitet Sie w\u00e4hrend des gesamten Prozesses, einschlie\u00dflich Diagnostikorganisation vor Ort oder in Ihrer N\u00e4he.<\/p>\n<p><a href=\"https:\/\/complexspineinstitute.com\/de\/complex-spine-institute\/de\/complex-spine-institute\/de\/complex-spine-institute\/de\/complex-spine-institute\/de\/complex-spine-institute\/de\/complex-spine-institute\/de\/complex-spine-institute\/de\/bewertung-anfordern\/\">Fordern Sie Ihre unverbindliche medizinische Bewertung an<\/a>. Wir pr\u00fcfen Ihren Fall sorgf\u00e4ltig und schlagen eine realistische, individuell angepasste L\u00f6sung vor.<\/p>\t\t\t\t\t\t\t\t<\/div>\n\t\t\t\t<\/div>\n\t\t\t\t\t<\/div>\n\t\t\t\t<\/div>\n\t\t<div class=\"elementor-element elementor-element-b58b218 e-flex e-con-boxed e-con e-parent\" data-id=\"b58b218\" data-element_type=\"container\" data-e-type=\"container\">\n\t\t\t\t\t<div class=\"e-con-inner\">\n\t\t\t\t<div class=\"elementor-element elementor-element-b45a0de elementor-widget elementor-widget-heading\" data-id=\"b45a0de\" data-element_type=\"widget\" data-e-type=\"widget\" data-widget_type=\"heading.default\">\n\t\t\t\t<div class=\"elementor-widget-container\">\n\t\t\t\t\t<h2 class=\"elementor-heading-title elementor-size-default\">Warum dem Complex Spine Institute vertrauen?<\/h2>\t\t\t\t<\/div>\n\t\t\t\t<\/div>\n\t\t\t\t<div class=\"elementor-element elementor-element-e74669c elementor-widget elementor-widget-text-editor\" data-id=\"e74669c\" data-element_type=\"widget\" data-e-type=\"widget\" data-widget_type=\"text-editor.default\">\n\t\t\t\t<div class=\"elementor-widget-container\">\n\t\t\t\t\t\t\t\t\t<p>Weil wir internationale Experten f\u00fcr komplexe und minimalinvasive Wirbels\u00e4ulenchirurgie sind. Weil wir modernste Technologien von der virtuellen Planung bis zur Roboterchirurgie nutzen. Und weil jeder Patient einen ma\u00dfgeschneiderten Operationsplan erh\u00e4lt \u2013 nicht nur zur Korrektur fr\u00fcherer Eingriffe, sondern auch zur Vermeidung k\u00fcnftiger R\u00fcckf\u00e4lle.<\/p><p>Wie Dr. Covaro sagt: \u201eViele unserer Patientinnen und Patienten haben bereits mehrere Fachzentren aufgesucht. Wir bieten nicht nur eine L\u00f6sung \u2013 wir bieten eine zweite Chance.\u201c<\/p>\t\t\t\t\t\t\t\t<\/div>\n\t\t\t\t<\/div>\n\t\t\t\t\t<\/div>\n\t\t\t\t<\/div>\n\t\t<div class=\"elementor-element elementor-element-6dbf6f11 e-flex e-con-boxed e-con e-parent\" data-id=\"6dbf6f11\" data-element_type=\"container\" data-e-type=\"container\">\n\t\t\t\t\t<div class=\"e-con-inner\">\n\t\t\t\t<div class=\"elementor-element elementor-element-5c45b658 elementor-widget elementor-widget-text-editor\" data-id=\"5c45b658\" data-element_type=\"widget\" data-e-type=\"widget\" data-widget_type=\"text-editor.default\">\n\t\t\t\t<div class=\"elementor-widget-container\">\n\t\t\t\t\t\t\t\t\t<aside class=\"author-signature\" role=\"doc-credits\"><address>\u00dcberpr\u00fcft und genehmigt von <strong>Dr. Vicen\u00e7 Gilete, MD<\/strong>, Neurochirurg, und <strong>Dr.\u00a0Augusto\u00a0Covaro, MD<\/strong>, orthop\u00e4discher Chirurg<\/address><address>Complex\u00a0Spine\u00a0Institute \u00b7 Barcelona | <time datetime=\"2025-04-17\">18.\u00a0April\u00a02025<\/time><\/address><address><a href=\"https:\/\/complexspineinstitute.com\/de\/complex-spine-institute\/de\/complex-spine-institute\/de\/complex-spine-institute\/de\/complex-spine-institute\/de\/complex-spine-institute\/de\/complex-spine-institute\/de\/complex-spine-institute\/de\/institut\/#medizinisches_team\" rel=\"author\">Biografien und Publikationen ansehen<\/a><\/address><\/aside>\t\t\t\t\t\t\t\t<\/div>\n\t\t\t\t<\/div>\n\t\t\t\t\t<\/div>\n\t\t\t\t<\/div>\n\t\t\t\t<\/div>\n\t\t","protected":false},"excerpt":{"rendered":"<p>Revisionsoperation an der Wirbels\u00e4ule: Wann sie notwendig ist, wie sie durchgef\u00fchrt wird und welche Ergebnisse zu erwarten sind Was ist eine Revisionsoperation an der Wirbels\u00e4ule? Eine Revisionsoperation an der Wirbels\u00e4ule ist ein spezialisierter chirurgischer Eingriff, der dazu dient, Komplikationen oder Misserfolge fr\u00fcherer Wirbels\u00e4ulenoperationen zu korrigieren oder fortschreitende Erkrankungen zu behandeln, die durch einen fr\u00fcheren Eingriff [&hellip;]<\/p>\n","protected":false},"author":1,"featured_media":893,"parent":1427,"menu_order":0,"comment_status":"closed","ping_status":"closed","template":"","meta":{"footnotes":""},"class_list":["post-1500","page","type-page","status-publish","has-post-thumbnail","hentry"],"_links":{"self":[{"href":"https:\/\/complexspineinstitute.com\/de\/wp-json\/wp\/v2\/pages\/1500","targetHints":{"allow":["GET"]}}],"collection":[{"href":"https:\/\/complexspineinstitute.com\/de\/wp-json\/wp\/v2\/pages"}],"about":[{"href":"https:\/\/complexspineinstitute.com\/de\/wp-json\/wp\/v2\/types\/page"}],"author":[{"embeddable":true,"href":"https:\/\/complexspineinstitute.com\/de\/wp-json\/wp\/v2\/users\/1"}],"replies":[{"embeddable":true,"href":"https:\/\/complexspineinstitute.com\/de\/wp-json\/wp\/v2\/comments?post=1500"}],"version-history":[{"count":0,"href":"https:\/\/complexspineinstitute.com\/de\/wp-json\/wp\/v2\/pages\/1500\/revisions"}],"up":[{"embeddable":true,"href":"https:\/\/complexspineinstitute.com\/de\/wp-json\/wp\/v2\/pages\/1427"}],"wp:featuredmedia":[{"embeddable":true,"href":"https:\/\/complexspineinstitute.com\/de\/wp-json\/wp\/v2\/media\/893"}],"wp:attachment":[{"href":"https:\/\/complexspineinstitute.com\/de\/wp-json\/wp\/v2\/media?parent=1500"}],"curies":[{"name":"wp","href":"https:\/\/api.w.org\/{rel}","templated":true}]}}