{"id":1488,"date":"2025-04-17T12:00:45","date_gmt":"2025-04-17T10:00:45","guid":{"rendered":"https:\/\/complexspineinstitute.com\/medicina-regenerativa-con-celulas-madre\/"},"modified":"2025-04-20T20:33:15","modified_gmt":"2025-04-20T18:33:15","slug":"regenerative-medizin-mit-stammzellen","status":"publish","type":"page","link":"https:\/\/complexspineinstitute.com\/de\/behandlungen\/regenerative-medizin-mit-stammzellen\/","title":{"rendered":"Regenerative Medizin mit Stammzellen"},"content":{"rendered":"\t\t<div data-elementor-type=\"wp-page\" data-elementor-id=\"1488\" class=\"elementor elementor-1488 elementor-1297\" data-elementor-post-type=\"page\">\n\t\t\t\t<div class=\"elementor-element elementor-element-232de56 e-flex e-con-boxed e-con e-parent\" data-id=\"232de56\" data-element_type=\"container\" data-e-type=\"container\">\n\t\t\t\t\t<div class=\"e-con-inner\">\n\t\t\t\t<div class=\"elementor-element elementor-element-d77e2fd elementor-widget elementor-widget-heading\" data-id=\"d77e2fd\" data-element_type=\"widget\" data-e-type=\"widget\" data-widget_type=\"heading.default\">\n\t\t\t\t<div class=\"elementor-widget-container\">\n\t\t\t\t\t<h1 class=\"elementor-heading-title elementor-size-default\">Regenerative Medizin mit Stammzellen zur Behandlung von Wirbels\u00e4ulenerkrankungen<\/h1>\t\t\t\t<\/div>\n\t\t\t\t<\/div>\n\t\t\t\t\t<\/div>\n\t\t\t\t<\/div>\n\t\t<div class=\"elementor-element elementor-element-4b39ac2 e-flex e-con-boxed e-con e-parent\" data-id=\"4b39ac2\" data-element_type=\"container\" data-e-type=\"container\">\n\t\t\t\t\t<div class=\"e-con-inner\">\n\t\t<div class=\"elementor-element elementor-element-ac5c5ad e-con-full e-flex e-con e-child\" data-id=\"ac5c5ad\" data-element_type=\"container\" data-e-type=\"container\">\n\t\t\t\t<div class=\"elementor-element elementor-element-2fa35e2 elementor-widget elementor-widget-heading\" data-id=\"2fa35e2\" data-element_type=\"widget\" data-e-type=\"widget\" data-widget_type=\"heading.default\">\n\t\t\t\t<div class=\"elementor-widget-container\">\n\t\t\t\t\t<h2 class=\"elementor-heading-title elementor-size-default\">Einleitung: Die Zukunft der Medizin ist bereits Realit\u00e4t<\/h2>\t\t\t\t<\/div>\n\t\t\t\t<\/div>\n\t\t\t\t<div class=\"elementor-element elementor-element-125a027 elementor-widget elementor-widget-text-editor\" data-id=\"125a027\" data-element_type=\"widget\" data-e-type=\"widget\" data-widget_type=\"text-editor.default\">\n\t\t\t\t<div class=\"elementor-widget-container\">\n\t\t\t\t\t\t\t\t\t<p>Die regenerative Medizin mit Stammzellen stellt einen der vielversprechendsten Fortschritte in der Behandlung von Erkrankungen der Wirbels\u00e4ule dar. Diese biomedizinische Disziplin verfolgt das Ziel, gesch\u00e4digte Strukturen zu reparieren, Gewebe zu regenerieren und die Lebensqualit\u00e4t der Patienten erheblich zu verbessern \u2013 oftmals ohne invasive Operationen.<\/p><p>Im Complex Spine Institute wenden wir diese Therapie im Rahmen eines ganzheitlichen, personalisierten Ansatzes an. Wir kombinieren pr\u00e4zise Neurochirurgie, fortschrittliche orthop\u00e4dische Chirurgie und regenerative Behandlungen, um die Genesung zu beschleunigen \u2013 mit weniger Schmerzen und funktionellen Einschr\u00e4nkungen.<\/p>\t\t\t\t\t\t\t\t<\/div>\n\t\t\t\t<\/div>\n\t\t\t\t<\/div>\n\t\t<div class=\"elementor-element elementor-element-8469aec e-con-full e-flex e-con e-child\" data-id=\"8469aec\" data-element_type=\"container\" data-e-type=\"container\">\n\t\t\t\t<div class=\"elementor-element elementor-element-658a1ab elementor-widget elementor-widget-image\" data-id=\"658a1ab\" data-element_type=\"widget\" data-e-type=\"widget\" data-widget_type=\"image.default\">\n\t\t\t\t<div class=\"elementor-widget-container\">\n\t\t\t\t\t\t\t\t\t\t\t\t\t\t\t<img fetchpriority=\"high\" decoding=\"async\" width=\"800\" height=\"532\" src=\"https:\/\/complexspineinstitute.com\/wp-content\/uploads\/2025\/04\/preparacion_medicina_regenerativas-1024x681.webp\" class=\"attachment-large size-large wp-image-917\" alt=\"Preparaci\u00f3n de medicina regenerativa en laboratorio m\u00e9dico con jeringa y plasma rico en plaquetas\" srcset=\"https:\/\/complexspineinstitute.com\/wp-content\/uploads\/2025\/04\/preparacion_medicina_regenerativas-1024x681.webp 1024w, https:\/\/complexspineinstitute.com\/wp-content\/uploads\/2025\/04\/preparacion_medicina_regenerativas-300x199.webp 300w, https:\/\/complexspineinstitute.com\/wp-content\/uploads\/2025\/04\/preparacion_medicina_regenerativas-768x511.webp 768w, https:\/\/complexspineinstitute.com\/wp-content\/uploads\/2025\/04\/preparacion_medicina_regenerativas.webp 1241w\" sizes=\"(max-width: 800px) 100vw, 800px\" \/>\t\t\t\t\t\t\t\t\t\t\t\t\t\t\t<\/div>\n\t\t\t\t<\/div>\n\t\t\t\t<\/div>\n\t\t\t\t\t<\/div>\n\t\t\t\t<\/div>\n\t\t<div class=\"elementor-element elementor-element-e5c65d0 e-flex e-con-boxed e-con e-parent\" data-id=\"e5c65d0\" data-element_type=\"container\" data-e-type=\"container\">\n\t\t\t\t\t<div class=\"e-con-inner\">\n\t\t\t\t<div class=\"elementor-element elementor-element-b66f11c elementor-widget elementor-widget-heading\" data-id=\"b66f11c\" data-element_type=\"widget\" data-e-type=\"widget\" data-widget_type=\"heading.default\">\n\t\t\t\t<div class=\"elementor-widget-container\">\n\t\t\t\t\t<h2 class=\"elementor-heading-title elementor-size-default\">Was ist regenerative Medizin mit Stammzellen?<\/h2>\t\t\t\t<\/div>\n\t\t\t\t<\/div>\n\t\t\t\t<div class=\"elementor-element elementor-element-6f80510 elementor-widget elementor-widget-text-editor\" data-id=\"6f80510\" data-element_type=\"widget\" data-e-type=\"widget\" data-widget_type=\"text-editor.default\">\n\t\t\t\t<div class=\"elementor-widget-container\">\n\t\t\t\t\t\t\t\t\t<p>Die regenerative Medizin nutzt sogenannte mesenchymale Stammzellen, die meist aus dem Knochenmark oder Fettgewebe des Patienten gewonnen werden. Diese Zellen besitzen bemerkenswerte Eigenschaften:<\/p><ul><li>Differenzierung in verschiedene Zelltypen (z. B. Knochen-, Knorpel-, Muskelzellen)<\/li><li>Modulation des entz\u00fcndlichen Gewebemilieus<\/li><li>Stimulation der Zell- und Gef\u00e4\u00dfregeneration<\/li><li>Hemmung degenerativer Prozesse<br \/><br \/><\/li><\/ul><p>Diese Eigenschaften machen die Stammzelltherapie nicht nur bei Sportverletzungen oder Gelenkerkrankungen sinnvoll, sondern auch bei komplexen degenerativen Wirbels\u00e4ulenleiden wie Bandscheibenvorf\u00e4llen, Stenosen, postoperativen Syndromen oder Facettengelenkarthrose.<\/p>\t\t\t\t\t\t\t\t<\/div>\n\t\t\t\t<\/div>\n\t\t\t\t\t<\/div>\n\t\t\t\t<\/div>\n\t\t<div class=\"elementor-element elementor-element-d2e54b6 e-flex e-con-boxed e-con e-parent\" data-id=\"d2e54b6\" data-element_type=\"container\" data-e-type=\"container\">\n\t\t\t\t\t<div class=\"e-con-inner\">\n\t\t\t\t<div class=\"elementor-element elementor-element-a554fab elementor-widget elementor-widget-heading\" data-id=\"a554fab\" data-element_type=\"widget\" data-e-type=\"widget\" data-widget_type=\"heading.default\">\n\t\t\t\t<div class=\"elementor-widget-container\">\n\t\t\t\t\t<h2 class=\"elementor-heading-title elementor-size-default\">Hauptindikationen: Welche Erkrankungen behandeln wir?<\/h2>\t\t\t\t<\/div>\n\t\t\t\t<\/div>\n\t\t\t\t<div class=\"elementor-element elementor-element-df2a015 elementor-widget elementor-widget-text-editor\" data-id=\"df2a015\" data-element_type=\"widget\" data-e-type=\"widget\" data-widget_type=\"text-editor.default\">\n\t\t\t\t<div class=\"elementor-widget-container\">\n\t\t\t\t\t\t\t\t\t<p>In unserer Praxis wenden wir Stammzelltherapien alternativ oder erg\u00e4nzend zur Operation bei folgenden Krankheitsbildern an:<\/p><ul><li>Lumbale und zervikale Bandscheibenvorf\u00e4lle<\/li><li>Degenerative Bandscheibenerkrankungen<\/li><li>Failed Back Surgery Syndrome<\/li><li>Facettengelenksarthrose<\/li><li>Chronische Nacken- oder R\u00fcckenschmerzen ohne akuten OP-Bedarf<\/li><li>Leicht- bis m\u00e4\u00dfiggradige Nervenwurzelkompression<\/li><li>Fr\u00fchstadium einer Spinalkanalstenose<br \/><br \/><\/li><\/ul><p>Auch nach Operationen kann die Therapie helfen, den Heilungsprozess zu unterst\u00fctzen und Schmerzen zu lindern.<\/p>\t\t\t\t\t\t\t\t<\/div>\n\t\t\t\t<\/div>\n\t\t\t\t\t<\/div>\n\t\t\t\t<\/div>\n\t\t<div class=\"elementor-element elementor-element-9330f3f e-flex e-con-boxed e-con e-parent\" data-id=\"9330f3f\" data-element_type=\"container\" data-e-type=\"container\">\n\t\t\t\t\t<div class=\"e-con-inner\">\n\t\t\t\t<div class=\"elementor-element elementor-element-54dd7d1 elementor-widget elementor-widget-heading\" data-id=\"54dd7d1\" data-element_type=\"widget\" data-e-type=\"widget\" data-widget_type=\"heading.default\">\n\t\t\t\t<div class=\"elementor-widget-container\">\n\t\t\t\t\t<h2 class=\"elementor-heading-title elementor-size-default\">Wie l\u00e4uft die Behandlung ab?<\/h2>\t\t\t\t<\/div>\n\t\t\t\t<\/div>\n\t\t\t\t<div class=\"elementor-element elementor-element-4d0fa91 elementor-widget elementor-widget-text-editor\" data-id=\"4d0fa91\" data-element_type=\"widget\" data-e-type=\"widget\" data-widget_type=\"text-editor.default\">\n\t\t\t\t<div class=\"elementor-widget-container\">\n\t\t\t\t\t\t\t\t\t<p>Nach einer gr\u00fcndlichen klinischen und bildgebenden Untersuchung wird ein individueller Therapieplan erstellt. Bei Complex Spine Institute umfasst das Verfahren:<\/p><ul><li>Entnahme von Stammzellen aus dem eigenen K\u00f6rper (Knochenmark oder Fettgewebe)<\/li><li>Aufbereitung der Zellen unter sterilen Laborbedingungen<\/li><li>Zielgerichtete Re-Injektion unter Bildgebung oder Ultraschallkontrolle<br \/><br \/><\/li><\/ul><p>Die Behandlung erfolgt ambulant oder mit kurzem station\u00e4rem Aufenthalt. Dr. Augusto Covaro erkl\u00e4rt:<\/p><p>&#8222;Wir setzen Stammzelltherapien zur Regeneration von Muskel-, Bandscheiben- und Gelenkgewebe ein. Die Behandlung ist gut vertr\u00e4glich und hat bei vielen Patienten Verbesserungen erm\u00f6glicht, f\u00fcr die zuvor nur eine Operation infrage kam.&#8220;<\/p>\t\t\t\t\t\t\t\t<\/div>\n\t\t\t\t<\/div>\n\t\t\t\t\t<\/div>\n\t\t\t\t<\/div>\n\t\t<div class=\"elementor-element elementor-element-3d8baf4 e-flex e-con-boxed e-con e-parent\" data-id=\"3d8baf4\" data-element_type=\"container\" data-e-type=\"container\">\n\t\t\t\t\t<div class=\"e-con-inner\">\n\t\t\t\t<div class=\"elementor-element elementor-element-40cfb6a elementor-widget elementor-widget-heading\" data-id=\"40cfb6a\" data-element_type=\"widget\" data-e-type=\"widget\" data-widget_type=\"heading.default\">\n\t\t\t\t<div class=\"elementor-widget-container\">\n\t\t\t\t\t<h2 class=\"elementor-heading-title elementor-size-default\">Klinische Ergebnisse und Erfahrungen<\/h2>\t\t\t\t<\/div>\n\t\t\t\t<\/div>\n\t\t\t\t<div class=\"elementor-element elementor-element-0f454ce elementor-widget elementor-widget-text-editor\" data-id=\"0f454ce\" data-element_type=\"widget\" data-e-type=\"widget\" data-widget_type=\"text-editor.default\">\n\t\t\t\t<div class=\"elementor-widget-container\">\n\t\t\t\t\t\t\t\t\t<p>Unsere \u00fcber zehnj\u00e4hrige Erfahrung zeigt: Die korrekt angewandte Stammzelltherapie kann Schmerzen lindern, die Funktion verbessern und die Lebensqualit\u00e4t deutlich steigern. Dr. Vicen\u00e7 Gilete betont:<\/p><p>&#8222;Bei Patienten mit multiplen Bandscheibensch\u00e4den oder fehlgeschlagenen Operationen konnten wir deutliche funktionelle Verbesserungen erzielen \u2013 oft ohne erneute Operation. Manchmal diente die Therapie als Br\u00fccke zu einer gezielteren, weniger invasiven Intervention.&#8220;<\/p><p>Viele Patienten nehmen kurz nach der Behandlung wieder am Alltag teil \u2013 mit hoher Zufriedenheit und ohne relevante Komplikationen.<\/p>\t\t\t\t\t\t\t\t<\/div>\n\t\t\t\t<\/div>\n\t\t\t\t\t<\/div>\n\t\t\t\t<\/div>\n\t\t<div class=\"elementor-element elementor-element-be12e79 e-flex e-con-boxed e-con e-parent\" data-id=\"be12e79\" data-element_type=\"container\" data-e-type=\"container\">\n\t\t\t\t\t<div class=\"e-con-inner\">\n\t\t\t\t<div class=\"elementor-element elementor-element-e7ae5a4 elementor-widget elementor-widget-heading\" data-id=\"e7ae5a4\" data-element_type=\"widget\" data-e-type=\"widget\" data-widget_type=\"heading.default\">\n\t\t\t\t<div class=\"elementor-widget-container\">\n\t\t\t\t\t<h2 class=\"elementor-heading-title elementor-size-default\">Wissenschaftliche Grundlagen<\/h2>\t\t\t\t<\/div>\n\t\t\t\t<\/div>\n\t\t\t\t<div class=\"elementor-element elementor-element-b47f59d elementor-widget elementor-widget-text-editor\" data-id=\"b47f59d\" data-element_type=\"widget\" data-e-type=\"widget\" data-widget_type=\"text-editor.default\">\n\t\t\t\t<div class=\"elementor-widget-container\">\n\t\t\t\t\t\t\t\t\t<p>Zahlreiche Studien belegen die Wirksamkeit mesenchymaler Stammzellen bei muskuloskelettalen Erkrankungen. Ihre immunmodulatorischen, entz\u00fcndungshemmenden und regenerativen Eigenschaften machen sie zu einem zunehmend eingesetzten Verfahren in spezialisierten Zentren wie unserem.<\/p><p>Sie f\u00f6rdern nicht nur die Geweberegeneration, sondern verbessern auch das entz\u00fcndliche Umfeld, indem sie proinflammatorische Zytokine reduzieren und heilungsf\u00f6rdernde Faktoren aktivieren.<\/p>\t\t\t\t\t\t\t\t<\/div>\n\t\t\t\t<\/div>\n\t\t\t\t\t<\/div>\n\t\t\t\t<\/div>\n\t\t<div class=\"elementor-element elementor-element-f2d1246 e-flex e-con-boxed e-con e-parent\" data-id=\"f2d1246\" data-element_type=\"container\" data-e-type=\"container\">\n\t\t\t\t\t<div class=\"e-con-inner\">\n\t\t\t\t<div class=\"elementor-element elementor-element-60c89bc elementor-widget elementor-widget-heading\" data-id=\"60c89bc\" data-element_type=\"widget\" data-e-type=\"widget\" data-widget_type=\"heading.default\">\n\t\t\t\t<div class=\"elementor-widget-container\">\n\t\t\t\t\t<h2 class=\"elementor-heading-title elementor-size-default\">Wann ist diese Therapie nicht geeignet?<\/h2>\t\t\t\t<\/div>\n\t\t\t\t<\/div>\n\t\t\t\t<div class=\"elementor-element elementor-element-74fb6bc elementor-widget elementor-widget-text-editor\" data-id=\"74fb6bc\" data-element_type=\"widget\" data-e-type=\"widget\" data-widget_type=\"text-editor.default\">\n\t\t\t\t<div class=\"elementor-widget-container\">\n\t\t\t\t\t\t\t\t\t<p>Patienten mit schwerer neurologischer Kompression, biomechanischer Instabilit\u00e4t, Frakturen, Tumoren oder aktiven Infektionen sind keine geeigneten Kandidaten. Eine genaue medizinische Beurteilung ist daher entscheidend.<\/p>\t\t\t\t\t\t\t\t<\/div>\n\t\t\t\t<\/div>\n\t\t\t\t\t<\/div>\n\t\t\t\t<\/div>\n\t\t<div class=\"elementor-element elementor-element-baeb3c4 e-flex e-con-boxed e-con e-parent\" data-id=\"baeb3c4\" data-element_type=\"container\" data-e-type=\"container\">\n\t\t\t\t\t<div class=\"e-con-inner\">\n\t\t\t\t<div class=\"elementor-element elementor-element-c742cb2 elementor-widget elementor-widget-heading\" data-id=\"c742cb2\" data-element_type=\"widget\" data-e-type=\"widget\" data-widget_type=\"heading.default\">\n\t\t\t\t<div class=\"elementor-widget-container\">\n\t\t\t\t\t<h2 class=\"elementor-heading-title elementor-size-default\">Regenerative Medizin als Teil eines umfassenden Ansatzes<\/h2>\t\t\t\t<\/div>\n\t\t\t\t<\/div>\n\t\t\t\t<div class=\"elementor-element elementor-element-be58378 elementor-widget elementor-widget-text-editor\" data-id=\"be58378\" data-element_type=\"widget\" data-e-type=\"widget\" data-widget_type=\"text-editor.default\">\n\t\t\t\t<div class=\"elementor-widget-container\">\n\t\t\t\t\t\t\t\t\t<p>Im Complex Spine Institute betrachten wir die regenerative Medizin nicht als isolierte L\u00f6sung, sondern als Bestandteil eines integrativen Therapiekonzepts:<\/p><ul><li>Individuelle Beurteilung<\/li><li>Pr\u00e4zise Planung mit moderner Bildgebung<\/li><li>Verkn\u00fcpfung mit minimal-invasiver Chirurgie, falls n\u00f6tig<\/li><li>Begleitende Nachsorge und Rehabilitation<\/li><\/ul>\t\t\t\t\t\t\t\t<\/div>\n\t\t\t\t<\/div>\n\t\t\t\t\t<\/div>\n\t\t\t\t<\/div>\n\t\t<div class=\"elementor-element elementor-element-26a40d6 e-flex e-con-boxed e-con e-parent\" data-id=\"26a40d6\" data-element_type=\"container\" data-e-type=\"container\">\n\t\t\t\t\t<div class=\"e-con-inner\">\n\t\t\t\t<div class=\"elementor-element elementor-element-996f212 elementor-widget elementor-widget-heading\" data-id=\"996f212\" data-element_type=\"widget\" data-e-type=\"widget\" data-widget_type=\"heading.default\">\n\t\t\t\t<div class=\"elementor-widget-container\">\n\t\t\t\t\t<h2 class=\"elementor-heading-title elementor-size-default\">Warum das Complex Spine Institute?<\/h2>\t\t\t\t<\/div>\n\t\t\t\t<\/div>\n\t\t\t\t<div class=\"elementor-element elementor-element-b6deee1 elementor-widget elementor-widget-text-editor\" data-id=\"b6deee1\" data-element_type=\"widget\" data-e-type=\"widget\" data-widget_type=\"text-editor.default\">\n\t\t\t\t<div class=\"elementor-widget-container\">\n\t\t\t\t\t\t\t\t\t<ul><li>Hochspezialisiertes Team aus Neuro- und Wirbels\u00e4ulenchirurgen<\/li><li>Mehr als 50 komplexe kranio-zervikale Eingriffe pro Jahr<\/li><li>Integrierte regenerative Einheit in chirurgischem High-Tech-Umfeld<\/li><li>Modernste Technologien und aktualisierte Behandlungsprotokolle<\/li><li>Internationale Patientenbetreuung in mehreren Sprachen\u00a0<\/li><\/ul>\t\t\t\t\t\t\t\t<\/div>\n\t\t\t\t<\/div>\n\t\t\t\t\t<\/div>\n\t\t\t\t<\/div>\n\t\t<div class=\"elementor-element elementor-element-83d7d87 e-flex e-con-boxed e-con e-parent\" data-id=\"83d7d87\" data-element_type=\"container\" data-e-type=\"container\">\n\t\t\t\t\t<div class=\"e-con-inner\">\n\t\t\t\t<div class=\"elementor-element elementor-element-7f9cebb elementor-widget elementor-widget-heading\" data-id=\"7f9cebb\" data-element_type=\"widget\" data-e-type=\"widget\" data-widget_type=\"heading.default\">\n\t\t\t\t<div class=\"elementor-widget-container\">\n\t\t\t\t\t<h2 class=\"elementor-heading-title elementor-size-default\">Fazit<\/h2>\t\t\t\t<\/div>\n\t\t\t\t<\/div>\n\t\t\t\t<div class=\"elementor-element elementor-element-f41cbe1 elementor-widget elementor-widget-text-editor\" data-id=\"f41cbe1\" data-element_type=\"widget\" data-e-type=\"widget\" data-widget_type=\"text-editor.default\">\n\t\t\t\t<div class=\"elementor-widget-container\">\n\t\t\t\t\t\t\t\t\t<p>Die Stammzell-basierte regenerative Medizin ist eine effektive Therapie bei degenerativen Wirbels\u00e4ulenerkrankungen und chronischen Schmerzen. In erfahrenen H\u00e4nden bietet sie echte Alternativen zur invasiven Chirurgie.<\/p><p>Im Complex Spine Institute setzen wir auf wissenschaftlich fundierte L\u00f6sungen, modernste Technologie und langj\u00e4hrige Erfahrung \u2013 f\u00fcr Ihre schmerzfreie, sichere R\u00fcckkehr in den Alltag<\/p>\t\t\t\t\t\t\t\t<\/div>\n\t\t\t\t<\/div>\n\t\t\t\t\t<\/div>\n\t\t\t\t<\/div>\n\t\t<div class=\"elementor-element elementor-element-024be10 e-flex e-con-boxed e-con e-parent\" data-id=\"024be10\" data-element_type=\"container\" data-e-type=\"container\">\n\t\t\t\t\t<div class=\"e-con-inner\">\n\t\t<div class=\"elementor-element elementor-element-e7ad181 e-con-full e-flex e-con e-child\" data-id=\"e7ad181\" data-element_type=\"container\" data-e-type=\"container\">\n\t\t\t\t<div class=\"elementor-element elementor-element-b5b94a9 elementor-widget elementor-widget-heading\" data-id=\"b5b94a9\" data-element_type=\"widget\" data-e-type=\"widget\" data-widget_type=\"heading.default\">\n\t\t\t\t<div class=\"elementor-widget-container\">\n\t\t\t\t\t<h2 class=\"elementor-heading-title elementor-size-default\">M\u00f6chten Sie wissen, ob diese Therapie f\u00fcr Sie geeignet ist?<\/h2>\t\t\t\t<\/div>\n\t\t\t\t<\/div>\n\t\t\t\t<\/div>\n\t\t<div class=\"elementor-element elementor-element-2ebf860 e-con-full e-flex e-con e-child\" data-id=\"2ebf860\" data-element_type=\"container\" data-e-type=\"container\">\n\t\t<div class=\"elementor-element elementor-element-509afe8 e-con-full e-flex e-con e-child\" data-id=\"509afe8\" data-element_type=\"container\" data-e-type=\"container\">\n\t\t\t\t<div class=\"elementor-element elementor-element-70d8b2d elementor-widget elementor-widget-text-editor\" data-id=\"70d8b2d\" data-element_type=\"widget\" data-e-type=\"widget\" data-widget_type=\"text-editor.default\">\n\t\t\t\t<div class=\"elementor-widget-container\">\n\t\t\t\t\t\t\t\t\t<p><a href=\"https:\/\/complexspineinstitute.com\/de\/complex-spine-institute\/de\/complex-spine-institute\/de\/complex-spine-institute\/de\/complex-spine-institute\/de\/complex-spine-institute\/de\/complex-spine-institute\/de\/complex-spine-institute\/de\/bewertung-anfordern\/\">Kontaktieren Sie uns unverbindlich f\u00fcr eine pers\u00f6nliche Beratung.<\/a><\/p>\t\t\t\t\t\t\t\t<\/div>\n\t\t\t\t<\/div>\n\t\t\t\t<\/div>\n\t\t\t\t<\/div>\n\t\t\t\t\t<\/div>\n\t\t\t\t<\/div>\n\t\t<div class=\"elementor-element elementor-element-4e4fbc3 e-flex e-con-boxed e-con e-parent\" data-id=\"4e4fbc3\" data-element_type=\"container\" data-e-type=\"container\">\n\t\t\t\t\t<div class=\"e-con-inner\">\n\t\t\t\t<div class=\"elementor-element elementor-element-79d7cdf elementor-widget elementor-widget-spacer\" data-id=\"79d7cdf\" data-element_type=\"widget\" data-e-type=\"widget\" data-widget_type=\"spacer.default\">\n\t\t\t\t<div class=\"elementor-widget-container\">\n\t\t\t\t\t\t\t<div class=\"elementor-spacer\">\n\t\t\t<div class=\"elementor-spacer-inner\"><\/div>\n\t\t<\/div>\n\t\t\t\t\t\t<\/div>\n\t\t\t\t<\/div>\n\t\t\t\t\t<\/div>\n\t\t\t\t<\/div>\n\t\t<div class=\"elementor-element elementor-element-6dbf6f11 e-flex e-con-boxed e-con e-parent\" data-id=\"6dbf6f11\" data-element_type=\"container\" data-e-type=\"container\">\n\t\t\t\t\t<div class=\"e-con-inner\">\n\t\t\t\t<div class=\"elementor-element elementor-element-5c45b658 elementor-widget elementor-widget-text-editor\" data-id=\"5c45b658\" data-element_type=\"widget\" data-e-type=\"widget\" data-widget_type=\"text-editor.default\">\n\t\t\t\t<div class=\"elementor-widget-container\">\n\t\t\t\t\t\t\t\t\t<aside class=\"author-signature\" role=\"doc-credits\">\n  <address>\u00dcberpr\u00fcft und genehmigt von <strong>Dr. Vicen\u00e7 Gilete, MD<\/strong>, Neurochirurg, und <strong>Dr.\u00a0Augusto\u00a0Covaro, MD<\/strong>, orthop\u00e4discher Chirurg<\/address>\n  <address>Complex\u00a0Spine\u00a0Institute \u00b7 Barcelona | <time datetime=\"2025-04-17\">18.\u00a0April\u00a02025<\/time><\/address>\n  <address><a href=\"https:\/\/complexspineinstitute.com\/de\/complex-spine-institute\/de\/complex-spine-institute\/de\/complex-spine-institute\/de\/complex-spine-institute\/de\/complex-spine-institute\/de\/complex-spine-institute\/de\/complex-spine-institute\/de\/institut\/#medizinisches_team\" rel=\"author\">Biografien und Publikationen ansehen<\/a><\/address>\n<\/aside>\n\t\t\t\t\t\t\t\t<\/div>\n\t\t\t\t<\/div>\n\t\t\t\t\t<\/div>\n\t\t\t\t<\/div>\n\t\t\t\t<\/div>\n\t\t","protected":false},"excerpt":{"rendered":"<p>Regenerative Medizin mit Stammzellen zur Behandlung von Wirbels\u00e4ulenerkrankungen Einleitung: Die Zukunft der Medizin ist bereits Realit\u00e4t Die regenerative Medizin mit Stammzellen stellt einen der vielversprechendsten Fortschritte in der Behandlung von Erkrankungen der Wirbels\u00e4ule dar. Diese biomedizinische Disziplin verfolgt das Ziel, gesch\u00e4digte Strukturen zu reparieren, Gewebe zu regenerieren und die Lebensqualit\u00e4t der Patienten erheblich zu verbessern [&hellip;]<\/p>\n","protected":false},"author":1,"featured_media":421,"parent":1427,"menu_order":0,"comment_status":"closed","ping_status":"closed","template":"","meta":{"footnotes":""},"class_list":["post-1488","page","type-page","status-publish","has-post-thumbnail","hentry"],"_links":{"self":[{"href":"https:\/\/complexspineinstitute.com\/de\/wp-json\/wp\/v2\/pages\/1488","targetHints":{"allow":["GET"]}}],"collection":[{"href":"https:\/\/complexspineinstitute.com\/de\/wp-json\/wp\/v2\/pages"}],"about":[{"href":"https:\/\/complexspineinstitute.com\/de\/wp-json\/wp\/v2\/types\/page"}],"author":[{"embeddable":true,"href":"https:\/\/complexspineinstitute.com\/de\/wp-json\/wp\/v2\/users\/1"}],"replies":[{"embeddable":true,"href":"https:\/\/complexspineinstitute.com\/de\/wp-json\/wp\/v2\/comments?post=1488"}],"version-history":[{"count":0,"href":"https:\/\/complexspineinstitute.com\/de\/wp-json\/wp\/v2\/pages\/1488\/revisions"}],"up":[{"embeddable":true,"href":"https:\/\/complexspineinstitute.com\/de\/wp-json\/wp\/v2\/pages\/1427"}],"wp:featuredmedia":[{"embeddable":true,"href":"https:\/\/complexspineinstitute.com\/de\/wp-json\/wp\/v2\/media\/421"}],"wp:attachment":[{"href":"https:\/\/complexspineinstitute.com\/de\/wp-json\/wp\/v2\/media?parent=1488"}],"curies":[{"name":"wp","href":"https:\/\/api.w.org\/{rel}","templated":true}]}}