{"id":1427,"date":"2025-04-17T12:00:48","date_gmt":"2025-04-17T10:00:48","guid":{"rendered":"https:\/\/complexspineinstitute.com\/behandlungen\/"},"modified":"2025-04-20T20:37:53","modified_gmt":"2025-04-20T18:37:53","slug":"behandlungen","status":"publish","type":"page","link":"https:\/\/complexspineinstitute.com\/de\/behandlungen\/","title":{"rendered":"Behandlungen"},"content":{"rendered":"\t\t<div data-elementor-type=\"wp-page\" data-elementor-id=\"1427\" class=\"elementor elementor-1427 elementor-1082\" data-elementor-post-type=\"page\">\n\t\t\t\t<div class=\"elementor-element elementor-element-232de56 e-flex e-con-boxed e-con e-parent\" data-id=\"232de56\" data-element_type=\"container\" data-e-type=\"container\">\n\t\t\t\t\t<div class=\"e-con-inner\">\n\t\t\t\t<div class=\"elementor-element elementor-element-d77e2fd elementor-widget elementor-widget-heading\" data-id=\"d77e2fd\" data-element_type=\"widget\" data-e-type=\"widget\" data-widget_type=\"heading.default\">\n\t\t\t\t<div class=\"elementor-widget-container\">\n\t\t\t\t\t<h1 class=\"elementor-heading-title elementor-size-default\">Wirbels\u00e4ulenbehandlungen<\/h1>\t\t\t\t<\/div>\n\t\t\t\t<\/div>\n\t\t\t\t<div class=\"elementor-element elementor-element-125a027 elementor-widget elementor-widget-text-editor\" data-id=\"125a027\" data-element_type=\"widget\" data-e-type=\"widget\" data-widget_type=\"text-editor.default\">\n\t\t\t\t<div class=\"elementor-widget-container\">\n\t\t\t\t\t\t\t\t\t<p>Individuelle chirurgische und therapeutische L\u00f6sungen f\u00fcr jede Art von Wirbels\u00e4ulenerkrankung<\/p>\n\t\t\t\t\t\t\t\t<\/div>\n\t\t\t\t<\/div>\n\t\t\t\t\t<\/div>\n\t\t\t\t<\/div>\n\t\t<div class=\"elementor-element elementor-element-4b39ac2 e-flex e-con-boxed e-con e-parent\" data-id=\"4b39ac2\" data-element_type=\"container\" data-e-type=\"container\">\n\t\t\t\t\t<div class=\"e-con-inner\">\n\t\t<div class=\"elementor-element elementor-element-91cc4c5 e-con-full e-flex e-con e-child\" data-id=\"91cc4c5\" data-element_type=\"container\" data-e-type=\"container\">\n\t\t\t\t<div class=\"elementor-element elementor-element-5b1f90c elementor-widget elementor-widget-heading\" data-id=\"5b1f90c\" data-element_type=\"widget\" data-e-type=\"widget\" data-widget_type=\"heading.default\">\n\t\t\t\t<div class=\"elementor-widget-container\">\n\t\t\t\t\t<h2 class=\"elementor-heading-title elementor-size-default\">Ganzheitlicher und individueller Ansatz<\/h2>\t\t\t\t<\/div>\n\t\t\t\t<\/div>\n\t\t\t\t<div class=\"elementor-element elementor-element-58d3091 elementor-widget elementor-widget-text-editor\" data-id=\"58d3091\" data-element_type=\"widget\" data-e-type=\"widget\" data-widget_type=\"text-editor.default\">\n\t\t\t\t<div class=\"elementor-widget-container\">\n\t\t\t\t\t\t\t\t\t<p>Im <b>Complex Spine Institute<\/b> wissen wir, dass jede Wirbels\u00e4ule einzigartig ist. Deshalb kombinieren unsere Behandlungen chirurgisches Fachwissen, modernste Technologie und einen Therapieplan, der auf die spezifischen Bed\u00fcrfnisse jedes Patienten zugeschnitten ist. Von minimalinvasiven Verfahren bis hin zu komplexen Korrektur- oder Revisionsoperationen ist es unser Ziel, effektive, sichere und langfristige L\u00f6sungen zu bieten.  <\/p>\n\t\t\t\t\t\t\t\t<\/div>\n\t\t\t\t<\/div>\n\t\t\t\t<\/div>\n\t\t<div class=\"elementor-element elementor-element-8469aec e-con-full e-flex e-con e-child\" data-id=\"8469aec\" data-element_type=\"container\" data-e-type=\"container\">\n\t\t\t\t<div class=\"elementor-element elementor-element-658a1ab elementor-widget elementor-widget-image\" data-id=\"658a1ab\" data-element_type=\"widget\" data-e-type=\"widget\" data-widget_type=\"image.default\">\n\t\t\t\t<div class=\"elementor-widget-container\">\n\t\t\t\t\t\t\t\t\t\t\t\t\t\t\t<img fetchpriority=\"high\" decoding=\"async\" width=\"800\" height=\"534\" src=\"https:\/\/complexspineinstitute.com\/wp-content\/uploads\/2025\/04\/intervencion_quirurgica_asistida_por_imagenologia-1024x683.webp\" class=\"attachment-large size-large wp-image-1017\" alt=\"Cirujanos realizando intervenci\u00f3n de columna guiada por imagenolog\u00eda avanzada\" srcset=\"https:\/\/complexspineinstitute.com\/wp-content\/uploads\/2025\/04\/intervencion_quirurgica_asistida_por_imagenologia-1024x683.webp 1024w, https:\/\/complexspineinstitute.com\/wp-content\/uploads\/2025\/04\/intervencion_quirurgica_asistida_por_imagenologia-300x200.webp 300w, https:\/\/complexspineinstitute.com\/wp-content\/uploads\/2025\/04\/intervencion_quirurgica_asistida_por_imagenologia-768x512.webp 768w, https:\/\/complexspineinstitute.com\/wp-content\/uploads\/2025\/04\/intervencion_quirurgica_asistida_por_imagenologia-1536x1024.webp 1536w, https:\/\/complexspineinstitute.com\/wp-content\/uploads\/2025\/04\/intervencion_quirurgica_asistida_por_imagenologia.webp 1920w\" sizes=\"(max-width: 800px) 100vw, 800px\" \/>\t\t\t\t\t\t\t\t\t\t\t\t\t\t\t<\/div>\n\t\t\t\t<\/div>\n\t\t\t\t<\/div>\n\t\t\t\t\t<\/div>\n\t\t\t\t<\/div>\n\t\t<div class=\"elementor-element elementor-element-5d85449 e-flex e-con-boxed e-con e-parent\" data-id=\"5d85449\" data-element_type=\"container\" data-e-type=\"container\">\n\t\t\t\t\t<div class=\"e-con-inner\">\n\t\t\t\t<div class=\"elementor-element elementor-element-22eedce elementor-widget elementor-widget-heading\" data-id=\"22eedce\" data-element_type=\"widget\" data-e-type=\"widget\" data-widget_type=\"heading.default\">\n\t\t\t\t<div class=\"elementor-widget-container\">\n\t\t\t\t\t<h2 class=\"elementor-heading-title elementor-size-default\">Verf\u00fcgbare Behandlungen<\/h2>\t\t\t\t<\/div>\n\t\t\t\t<\/div>\n\t\t\t\t\t<\/div>\n\t\t\t\t<\/div>\n\t\t<div class=\"elementor-element elementor-element-e5c65d0 e-flex e-con-boxed e-con e-parent\" data-id=\"e5c65d0\" data-element_type=\"container\" data-e-type=\"container\">\n\t\t\t\t\t<div class=\"e-con-inner\">\n\t\t<div class=\"elementor-element elementor-element-3ed9eef e-con-full e-flex e-con e-child\" data-id=\"3ed9eef\" data-element_type=\"container\" data-e-type=\"container\">\n\t\t\t\t<div class=\"elementor-element elementor-element-d7acda7 elementor-widget__width-initial elementor-widget elementor-widget-text-editor\" data-id=\"d7acda7\" data-element_type=\"widget\" data-e-type=\"widget\" data-widget_type=\"text-editor.default\">\n\t\t\t\t<div class=\"elementor-widget-container\">\n\t\t\t\t\t\t\t\t\t<ul>\n<li>Endoskopische Wirbels\u00e4ulenchirurgie<\/li>\n<li>Regenerative Medizin mit Stammzellen<\/li>\n<li>Failed-Back-Surgery-Syndrom (FBSS)<\/li>\n<li>Revisionschirurgie der Wirbels\u00e4ule<\/li>\n<li>Minimalinvasive Techniken<\/li>\n<li>Extreme Laterale Interk\u00f6rperfusionsoperation (XLIF)<\/li>\n<li>Oblique Laterale Interk\u00f6rperfusionsoperation (OLIF)<\/li>\n<\/ul>\n\t\t\t\t\t\t\t\t<\/div>\n\t\t\t\t<\/div>\n\t\t\t\t<\/div>\n\t\t<div class=\"elementor-element elementor-element-6a30264 e-con-full e-flex e-con e-child\" data-id=\"6a30264\" data-element_type=\"container\" data-e-type=\"container\">\n\t\t\t\t<div class=\"elementor-element elementor-element-e4e4346 elementor-widget elementor-widget-text-editor\" data-id=\"e4e4346\" data-element_type=\"widget\" data-e-type=\"widget\" data-widget_type=\"text-editor.default\">\n\t\t\t\t<div class=\"elementor-widget-container\">\n\t\t\t\t\t\t\t\t\t<ul>\n<li>Lumbaler Bandscheibenersatz<\/li>\n<li>Zervikaler Bandscheibenersatz<\/li>\n<li>Sakroiliakalgelenk-Behandlungen<\/li>\n<li>Korrektur zervikothorakaler Deformit\u00e4ten<\/li>\n<li>Thorakolumbale Fusion<\/li>\n<li>Korrektur thorakolumbaler Deformit\u00e4ten <\/li>\n<\/ul>\n\t\t\t\t\t\t\t\t<\/div>\n\t\t\t\t<\/div>\n\t\t\t\t<\/div>\n\t\t\t\t\t<\/div>\n\t\t\t\t<\/div>\n\t\t<div class=\"elementor-element elementor-element-435dd7a e-flex e-con-boxed e-con e-parent\" data-id=\"435dd7a\" data-element_type=\"container\" data-e-type=\"container\">\n\t\t\t\t\t<div class=\"e-con-inner\">\n\t\t\t\t<div class=\"elementor-element elementor-element-6ec0e42 elementor-widget elementor-widget-text-editor\" data-id=\"6ec0e42\" data-element_type=\"widget\" data-e-type=\"widget\" data-widget_type=\"text-editor.default\">\n\t\t\t\t<div class=\"elementor-widget-container\">\n\t\t\t\t\t\t\t\t\t<p>Alle unsere Operationen werden mit <strong>3D-Navigationssystemen<\/strong>, <strong>roboterassistierter Chirurgie<\/strong>, i<strong>ntraoperativer CT<\/strong> und <strong>modernster Endoskopie durchgef\u00fchrt<\/strong>. Diese Technologien erm\u00f6glichen eine pr\u00e4zise, minimalinvasive Ausf\u00fchrung und bessere funktionelle Ergebnisse f\u00fcr den Patienten. <\/p>\n\t\t\t\t\t\t\t\t<\/div>\n\t\t\t\t<\/div>\n\t\t\t\t\t<\/div>\n\t\t\t\t<\/div>\n\t\t<div class=\"elementor-element elementor-element-50f0328 e-flex e-con-boxed e-con e-parent\" data-id=\"50f0328\" data-element_type=\"container\" data-e-type=\"container\">\n\t\t\t\t\t<div class=\"e-con-inner\">\n\t\t\t\t<div class=\"elementor-element elementor-element-27a9d40 elementor-widget elementor-widget-heading\" data-id=\"27a9d40\" data-element_type=\"widget\" data-e-type=\"widget\" data-widget_type=\"heading.default\">\n\t\t\t\t<div class=\"elementor-widget-container\">\n\t\t\t\t\t<h2 class=\"elementor-heading-title elementor-size-default\">Was uns auszeichnet<\/h2>\t\t\t\t<\/div>\n\t\t\t\t<\/div>\n\t\t<div class=\"elementor-element elementor-element-cbb26f3 e-con-full e-flex e-con e-child\" data-id=\"cbb26f3\" data-element_type=\"container\" data-e-type=\"container\">\n\t\t\t\t<div class=\"elementor-element elementor-element-c0b6b38 elementor-widget__width-initial elementor-widget elementor-widget-text-editor\" data-id=\"c0b6b38\" data-element_type=\"widget\" data-e-type=\"widget\" data-widget_type=\"text-editor.default\">\n\t\t\t\t<div class=\"elementor-widget-container\">\n\t\t\t\t\t\t\t\t\t<ul>\n<li>Multidisziplin\u00e4rer und individueller Behandlungsansatz<\/li>\n<li>Erfahrung mit hochkomplexen Wirbels\u00e4ulenerkrankungen<\/li>\n<li>Wissenschaftlich fundierte Therapien<\/li>\n<li>Kontinuierliche Nachsorge auch f\u00fcr internationale Patienten<\/li>\n<li>Schnellere funktionelle Erholung durch individuelle Rehabilitationspl\u00e4ne<\/li>\n<\/ul>\n\t\t\t\t\t\t\t\t<\/div>\n\t\t\t\t<\/div>\n\t\t\t\t<\/div>\n\t\t\t\t\t<\/div>\n\t\t\t\t<\/div>\n\t\t<div class=\"elementor-element elementor-element-024be10 e-flex e-con-boxed e-con e-parent\" data-id=\"024be10\" data-element_type=\"container\" data-e-type=\"container\">\n\t\t\t\t\t<div class=\"e-con-inner\">\n\t\t\t\t<div class=\"elementor-element elementor-element-b5b94a9 elementor-widget elementor-widget-heading\" data-id=\"b5b94a9\" data-element_type=\"widget\" data-e-type=\"widget\" data-widget_type=\"heading.default\">\n\t\t\t\t<div class=\"elementor-widget-container\">\n\t\t\t\t\t<h2 class=\"elementor-heading-title elementor-size-default\">Vereinbaren Sie Ihre medizinische Bewertung<\/h2>\t\t\t\t<\/div>\n\t\t\t\t<\/div>\n\t\t\t\t\t<\/div>\n\t\t\t\t<\/div>\n\t\t<div class=\"elementor-element elementor-element-997f015 e-flex e-con-boxed e-con e-parent\" data-id=\"997f015\" data-element_type=\"container\" data-e-type=\"container\">\n\t\t\t\t\t<div class=\"e-con-inner\">\n\t\t<div class=\"elementor-element elementor-element-86c458a e-con-full e-flex e-con e-child\" data-id=\"86c458a\" data-element_type=\"container\" data-e-type=\"container\">\n\t\t\t\t<div class=\"elementor-element elementor-element-70d8b2d elementor-widget elementor-widget-text-editor\" data-id=\"70d8b2d\" data-element_type=\"widget\" data-e-type=\"widget\" data-widget_type=\"text-editor.default\">\n\t\t\t\t<div class=\"elementor-widget-container\">\n\t\t\t\t\t\t\t\t\t<p>Wir helfen Ihnen dabei, die bestm\u00f6gliche Behandlung f\u00fcr Ihre Situation zu finden. Senden Sie uns Ihre medizinischen Unterlagen f\u00fcr eine Online-Bewertung oder vereinbaren Sie einen Termin vor Ort. <\/p>\n\t\t\t\t\t\t\t\t<\/div>\n\t\t\t\t<\/div>\n\t\t\t\t<\/div>\n\t\t<div class=\"elementor-element elementor-element-cce7b67 e-con-full e-flex e-con e-child\" data-id=\"cce7b67\" data-element_type=\"container\" data-e-type=\"container\">\n\t\t\t\t<div class=\"elementor-element elementor-element-d327e0c elementor-widget__width-initial elementor-widget elementor-widget-button\" data-id=\"d327e0c\" data-element_type=\"widget\" data-e-type=\"widget\" data-widget_type=\"button.default\">\n\t\t\t\t<div class=\"elementor-widget-container\">\n\t\t\t\t\t\t\t\t\t<div class=\"elementor-button-wrapper\">\n\t\t\t\t\t<a class=\"elementor-button elementor-button-link elementor-size-sm\" href=\"https:\/\/complexspineinstitute.com\/de\/complex-spine-institute\/de\/complex-spine-institute\/de\/complex-spine-institute\/de\/complex-spine-institute\/de\/complex-spine-institute\/de\/complex-spine-institute\/de\/complex-spine-institute\/de\/bewertung-anfordern\/\">\n\t\t\t\t\t\t<span class=\"elementor-button-content-wrapper\">\n\t\t\t\t\t\t\t\t\t<span class=\"elementor-button-text\">Termin vereinbaren<\/span>\n\t\t\t\t\t<\/span>\n\t\t\t\t\t<\/a>\n\t\t\t\t<\/div>\n\t\t\t\t\t\t\t\t<\/div>\n\t\t\t\t<\/div>\n\t\t\t\t<\/div>\n\t\t\t\t\t<\/div>\n\t\t\t\t<\/div>\n\t\t<div class=\"elementor-element elementor-element-4e4fbc3 e-flex e-con-boxed e-con e-parent\" data-id=\"4e4fbc3\" data-element_type=\"container\" data-e-type=\"container\">\n\t\t\t\t\t<div class=\"e-con-inner\">\n\t\t\t\t<div class=\"elementor-element elementor-element-79d7cdf elementor-widget elementor-widget-spacer\" data-id=\"79d7cdf\" data-element_type=\"widget\" data-e-type=\"widget\" data-widget_type=\"spacer.default\">\n\t\t\t\t<div class=\"elementor-widget-container\">\n\t\t\t\t\t\t\t<div class=\"elementor-spacer\">\n\t\t\t<div class=\"elementor-spacer-inner\"><\/div>\n\t\t<\/div>\n\t\t\t\t\t\t<\/div>\n\t\t\t\t<\/div>\n\t\t\t\t\t<\/div>\n\t\t\t\t<\/div>\n\t\t\t\t<\/div>\n\t\t","protected":false},"excerpt":{"rendered":"<p>Wirbels\u00e4ulenbehandlungen Individuelle chirurgische und therapeutische L\u00f6sungen f\u00fcr jede Art von Wirbels\u00e4ulenerkrankung Ganzheitlicher und individueller Ansatz Im Complex Spine Institute wissen wir, dass jede Wirbels\u00e4ule einzigartig ist. Deshalb kombinieren unsere Behandlungen chirurgisches Fachwissen, modernste Technologie und einen Therapieplan, der auf die spezifischen Bed\u00fcrfnisse jedes Patienten zugeschnitten ist. Von minimalinvasiven Verfahren bis hin zu komplexen Korrektur- oder [&hellip;]<\/p>\n","protected":false},"author":1,"featured_media":421,"parent":0,"menu_order":0,"comment_status":"closed","ping_status":"closed","template":"","meta":{"footnotes":""},"class_list":["post-1427","page","type-page","status-publish","has-post-thumbnail","hentry"],"_links":{"self":[{"href":"https:\/\/complexspineinstitute.com\/de\/wp-json\/wp\/v2\/pages\/1427","targetHints":{"allow":["GET"]}}],"collection":[{"href":"https:\/\/complexspineinstitute.com\/de\/wp-json\/wp\/v2\/pages"}],"about":[{"href":"https:\/\/complexspineinstitute.com\/de\/wp-json\/wp\/v2\/types\/page"}],"author":[{"embeddable":true,"href":"https:\/\/complexspineinstitute.com\/de\/wp-json\/wp\/v2\/users\/1"}],"replies":[{"embeddable":true,"href":"https:\/\/complexspineinstitute.com\/de\/wp-json\/wp\/v2\/comments?post=1427"}],"version-history":[{"count":0,"href":"https:\/\/complexspineinstitute.com\/de\/wp-json\/wp\/v2\/pages\/1427\/revisions"}],"wp:featuredmedia":[{"embeddable":true,"href":"https:\/\/complexspineinstitute.com\/de\/wp-json\/wp\/v2\/media\/421"}],"wp:attachment":[{"href":"https:\/\/complexspineinstitute.com\/de\/wp-json\/wp\/v2\/media?parent=1427"}],"curies":[{"name":"wp","href":"https:\/\/api.w.org\/{rel}","templated":true}]}}